{"id":1373,"date":"2025-01-10T06:23:04","date_gmt":"2025-01-10T06:23:04","guid":{"rendered":"https:\/\/hengxingmachinery.com\/?page_id=1373"},"modified":"2025-01-13T09:37:22","modified_gmt":"2025-01-13T09:37:22","slug":"ceramic-ball-mills","status":"publish","type":"page","link":"https:\/\/hengxingmachinery.com\/es\/ceramic-ball-mills\/","title":{"rendered":"3-1. Molino de bolas de cer\u00e1mica"},"content":{"rendered":"<div class=\"gb-container gb-container-45165f5a\">\n<div class=\"gb-container gb-container-c2652eb4\">\n\n<h1 class=\"gb-headline gb-headline-62a8b2cc gb-headline-text\">Molino de bolas de cer\u00e1mica<\/h1>\n\n<\/div>\n<\/div>\n\n<div class=\"gb-container gb-container-519cf624\">\n<div class=\"gb-container gb-container-71ca071e\">\n<div class=\"gb-grid-wrapper gb-grid-wrapper-8a5f0688\">\n<div class=\"gb-grid-column gb-grid-column-1e99b1c2\"><div class=\"gb-container gb-container-1e99b1c2\">\n\n<figure class=\"gb-block-image gb-block-image-e4eaba54\"><img decoding=\"async\" width=\"665\" height=\"545\" class=\"gb-image gb-image-e4eaba54\" src=\"https:\/\/hengxingmachinery.com\/wp-content\/uploads\/2025\/01\/ceramic-ball-mill-sale.jpg\" alt=\"\" title=\"venta de molinos de bolas de cer\u00e1mica\" srcset=\"https:\/\/hengxingmachinery.com\/wp-content\/uploads\/2025\/01\/ceramic-ball-mill-sale.jpg 665w, https:\/\/hengxingmachinery.com\/wp-content\/uploads\/2025\/01\/ceramic-ball-mill-sale-300x246.jpg 300w, https:\/\/hengxingmachinery.com\/wp-content\/uploads\/2025\/01\/ceramic-ball-mill-sale-15x12.jpg 15w\" sizes=\"(max-width: 665px) 100vw, 665px\" \/><\/figure>\n\n<\/div><\/div>\n\n<div class=\"gb-grid-column gb-grid-column-bcae065b\"><div class=\"gb-container gb-container-bcae065b\">\n\n<p class=\"gb-headline gb-headline-e419680e gb-headline-text\">El molino de bolas de cer\u00e1mica Zhengzhou Hengxing ofrece nueve especificaciones y modelos con di\u00e1metros de cilindro de 0,6 m a 3,2 m. El molino est\u00e1 equipado con un revestimiento cer\u00e1mico, ideal para moler materiales en lotes peque\u00f1os con requisitos especiales.<\/p>\n\n\n<div class=\"gb-grid-wrapper gb-grid-wrapper-eebec76e\">\n<div class=\"gb-grid-column gb-grid-column-e3ada2f0\"><div class=\"gb-container gb-container-e3ada2f0\">\n\n<p class=\"gb-headline gb-headline-4c79a90a gb-headline-text\"><mark style=\"background-color:rgba(0, 0, 0, 0)\" class=\"has-inline-color has-global-color-8-color\"><strong>Cantidad de carga:<\/strong><\/mark> 0,05-15 t\/veces<\/p>\n\n<\/div><\/div>\n\n<div class=\"gb-grid-column gb-grid-column-0bb00826\"><div class=\"gb-container gb-container-0bb00826\">\n\n<p class=\"gb-headline gb-headline-86d53f56 gb-headline-text\"><mark style=\"background-color:rgba(0, 0, 0, 0)\" class=\"has-inline-color has-global-color-8-color\"><strong>Velocidad del cilindro:<\/strong><\/mark> 13-50 rpm<\/p>\n\n<\/div><\/div>\n<\/div>\n\n\n<p class=\"gb-headline gb-headline-6b316ea4 gb-headline-text\"><strong>Presupuesto:<\/strong><\/p>\n\n\n\n<p class=\"gb-headline gb-headline-9f885ed2 gb-headline-text\">\u0424600\u00d7700-\u04243200\u00d74600 (mm)<\/p>\n\n\n\n<p class=\"gb-headline gb-headline-2750f5a7 gb-headline-text\"><strong>Solicitud:<\/strong><\/p>\n\n\n\n<p class=\"gb-headline gb-headline-28231626 gb-headline-text\">Adecuado para mezclar y moler materiales comunes y especiales.<\/p>\n\n\n<div class=\"gb-container gb-container-256e15f1\">\n\n<a class=\"gb-button gb-button-e8b73d89 gb-button-text\" href=\"#popmake-622\">Obtener presupuesto gratuito<\/a>\n\n<\/div>\n<\/div><\/div>\n<\/div>\n<\/div>\n<\/div>\n\n<div class=\"gb-container gb-container-af5f8799\">\n<div class=\"gb-container gb-container-2298848b\">\n\n<h2 class=\"gb-headline gb-headline-9d27ad2c gb-headline-text\">Caracter\u00edsticas del molino de bolas de cer\u00e1mica <\/h2>\n\n\n\n<figure class=\"gb-block-image gb-block-image-457688de\"><img decoding=\"async\" width=\"920\" height=\"420\" class=\"gb-image gb-image-457688de\" src=\"https:\/\/hengxingmachinery.com\/wp-content\/uploads\/2025\/01\/ceramic-ball-mill-working-1.jpg\" alt=\"\" title=\"Molino de bolas de cer\u00e1mica en funcionamiento 1\" srcset=\"https:\/\/hengxingmachinery.com\/wp-content\/uploads\/2025\/01\/ceramic-ball-mill-working-1.jpg 920w, https:\/\/hengxingmachinery.com\/wp-content\/uploads\/2025\/01\/ceramic-ball-mill-working-1-300x137.jpg 300w, https:\/\/hengxingmachinery.com\/wp-content\/uploads\/2025\/01\/ceramic-ball-mill-working-1-768x351.jpg 768w, https:\/\/hengxingmachinery.com\/wp-content\/uploads\/2025\/01\/ceramic-ball-mill-working-1-18x8.jpg 18w\" sizes=\"(max-width: 920px) 100vw, 920px\" \/><\/figure>\n\n\n\n<p>1. <strong>El tipo de tablero de revestimiento se puede cambiar:<\/strong> El molino de bolas de cer\u00e1mica puede utilizar diferentes placas de revestimiento seg\u00fan los diferentes materiales producidos para satisfacer diferentes necesidades;<\/p>\n\n\n\n<p>2. <strong>Tama\u00f1o de part\u00edcula uniforme del producto:<\/strong> Debido a que el molino de bolas de cer\u00e1mica tiene una placa de rejilla en el puerto de descarga para controlar el tama\u00f1o de part\u00edcula de su descarga, es dif\u00edcil descargar materiales excesivamente grandes del puerto de descarga, por lo que el contenido de materiales grandes en el producto es menor y m\u00e1s materiales cumplen con los requisitos;<\/p>\n\n\n\n<p>3. <strong>Ocupa poco espacio: <\/strong>En comparaci\u00f3n con otros molinos de bolas, el molino de bolas de cer\u00e1mica tiene una longitud m\u00e1s corta, por lo que ocupa poco espacio, lo que puede reducir el costo de la inversi\u00f3n en tierra;<\/p>\n\n\n\n<p>4. <strong>Funcionamiento estable: <\/strong>El dispositivo de transmisi\u00f3n principal del molino de bolas de cer\u00e1mica adopta un engranaje cerrado, por lo que se mejora la estabilidad de la transmisi\u00f3n.<\/p>\n\n\n<div class=\"gb-container gb-container-d7b7b595\">\n\n<a class=\"gb-button gb-button-c1312760 gb-button-text\" href=\"#popmake-622\">Obtener presupuesto gratuito<\/a>\n\n<\/div>\n<\/div>\n<\/div>\n\n<div class=\"gb-container gb-container-ebd718b6\">\n<div class=\"gb-container gb-container-5c75b960\">\n\n<h2 class=\"gb-headline gb-headline-98859344 gb-headline-text\">Principio de funcionamiento del molino de bolas de cer\u00e1mica <\/h2>\n\n\n\n<figure class=\"gb-block-image gb-block-image-c486b36e\"><img decoding=\"async\" width=\"920\" height=\"420\" class=\"gb-image gb-image-c486b36e\" src=\"https:\/\/hengxingmachinery.com\/wp-content\/uploads\/2025\/01\/ceramic-ball-mill-working-2.jpg\" alt=\"\" title=\"Molino de bolas de cer\u00e1mica en funcionamiento 2\" srcset=\"https:\/\/hengxingmachinery.com\/wp-content\/uploads\/2025\/01\/ceramic-ball-mill-working-2.jpg 920w, https:\/\/hengxingmachinery.com\/wp-content\/uploads\/2025\/01\/ceramic-ball-mill-working-2-300x137.jpg 300w, https:\/\/hengxingmachinery.com\/wp-content\/uploads\/2025\/01\/ceramic-ball-mill-working-2-768x351.jpg 768w, https:\/\/hengxingmachinery.com\/wp-content\/uploads\/2025\/01\/ceramic-ball-mill-working-2-18x8.jpg 18w\" sizes=\"(max-width: 920px) 100vw, 920px\" \/><\/figure>\n\n\n\n<p>El motor impulsa el cilindro para que gire mediante el dispositivo de desaceleraci\u00f3n. El mineral triturado y las bolas de acero en el cilindro alcanzan una altura determinada mediante fricci\u00f3n y fuerza centr\u00edfuga cuando este gira. Se trituran gradualmente mediante impacto y molienda. <\/p>\n\n\n\n<p>El mineral triturado se descarga del barril a trav\u00e9s de la secci\u00f3n de descarga. Tras clasificar los minerales descargados en productos calificados en el clasificador espiral, la arena gruesa pasa por el alimentador combinado y regresa al molino de bolas para continuar la molienda. El alimentador alimenta de forma continua y uniforme, el mineral entra al molino de bolas de forma continua y uniforme a trav\u00e9s del alimentador combinado, y los materiales molidos se descargan continuamente del molino de bolas cer\u00e1mico.<\/p>\n\n\n<div class=\"gb-container gb-container-d6bbf16a\">\n\n<a class=\"gb-button gb-button-caa3f2bc gb-button-text\" href=\"#popmake-622\">Obtener presupuesto gratuito<\/a>\n\n<\/div>\n<\/div>\n<\/div>\n\n<div class=\"gb-container gb-container-435ad261\">\n<div class=\"gb-container gb-container-7dc79cc4\">\n\n<h2 class=\"gb-headline gb-headline-6fe5dee2 gb-headline-text\">Especificaciones del molino de bolas de cer\u00e1mica<\/h2>\n\n\n\n<figure class=\"wp-block-table is-style-stripes\"><table class=\"has-fixed-layout\"><tbody><tr><td><strong>Modelo<\/strong><\/td><td><strong>Carga de bola (t\/tiempo)<\/strong><\/td><td><strong>Velocidad del cilindro (rpm)<\/strong><\/td><td><strong>Potencia (kW)<\/strong><\/td><td><strong>Material de revestimiento<\/strong><\/td><\/tr><tr><td>600\u00d7700<\/td><td>0.05<\/td><td>50<\/td><td>2.2<\/td><td rowspan=\"9\">Cer\u00e1mica, s\u00edlice, caucho, metal (la capacidad de soporte variar\u00e1 dependiendo del material del revestimiento y del material de molienda)<\/td><\/tr><tr><td>800\u00d7600<\/td><td>0.075<\/td><td>42<\/td><td>3<\/td><\/tr><tr><td>900\u00d71200<\/td><td>0.2<\/td><td>38.5<\/td><td>5.5<\/td><\/tr><tr><td>1300\u00d71500<\/td><td>0.5<\/td><td>33<\/td><td>7.5<\/td><\/tr><tr><td>1500\u00d71800<\/td><td>1.2<\/td><td>28.5<\/td><td>11<\/td><\/tr><tr><td>1800\u00d72000<\/td><td>1.5<\/td><td>24<\/td><td>15<\/td><\/tr><tr><td>2600\u00d72800<\/td><td>5<\/td><td>16.5<\/td><td>37<\/td><\/tr><tr><td>3000\u00d73800<\/td><td>10<\/td><td>14.5<\/td><td>57.2<\/td><\/tr><tr><td>3200\u00d74600<\/td><td>15<\/td><td>13.5<\/td><td>75<\/td><\/tr><\/tbody><\/table><\/figure>\n\n\n<div class=\"gb-container gb-container-263d9700\">\n\n<a class=\"gb-button gb-button-a4cbb7be gb-button-text\" href=\"#popmake-622\">Obtener presupuesto gratuito<\/a>\n\n<\/div>\n<\/div>\n<\/div>","protected":false},"excerpt":{"rendered":"<p>Ceramic ball mill Features of ceramic ball mill 1. The type of lining board can be changed: the ceramic ball mill can use different lining boards according to the different materials produced to meet different needs; 2. Uniform product particle size: because the ceramic ball mill has a grating plate at the discharge port to &#8230; <\/p>\n<p class=\"read-more-container\"><a title=\"3-1. Molino de bolas de cer\u00e1mica\" class=\"read-more button\" href=\"https:\/\/hengxingmachinery.com\/es\/ceramic-ball-mills\/#more-1373\" aria-label=\"Leer m\u00e1s sobre 3-1. Ceramic ball mill\">Leer m\u00e1s<\/a><\/p>","protected":false},"author":1,"featured_media":0,"parent":0,"menu_order":0,"comment_status":"closed","ping_status":"closed","template":"","meta":{"footnotes":""},"class_list":["post-1373","page","type-page","status-publish"],"yoast_head":"<!-- This site is optimized with the Yoast SEO plugin v27.4 - https:\/\/yoast.com\/product\/yoast-seo-wordpress\/ -->\n<title>Ceramic Ball Mill For Sale - For Grinding Small Batch Materials<\/title>\n<meta name=\"description\" content=\"Hengxing ceramic ball mills are designed to grind small batch materials, compact design for small and middle projects use, check details here\" \/>\n<meta name=\"robots\" content=\"index, follow, max-snippet:-1, max-image-preview:large, max-video-preview:-1\" \/>\n<link rel=\"canonical\" href=\"https:\/\/hengxingmachinery.com\/es\/ceramic-ball-mills\/\" \/>\n<meta property=\"og:locale\" content=\"es_ES\" \/>\n<meta property=\"og:type\" content=\"article\" \/>\n<meta property=\"og:title\" content=\"Ceramic Ball Mill For Sale - For Grinding Small Batch Materials\" \/>\n<meta property=\"og:description\" content=\"Hengxing ceramic ball mills are designed to grind small batch materials, compact design for small and middle projects use, check details here\" \/>\n<meta property=\"og:url\" content=\"https:\/\/hengxingmachinery.com\/es\/ceramic-ball-mills\/\" \/>\n<meta property=\"og:site_name\" content=\"Hengxing Machinery\" \/>\n<meta property=\"article:modified_time\" content=\"2025-01-13T09:37:22+00:00\" \/>\n<meta property=\"og:image\" content=\"https:\/\/hengxingmachinery.com\/wp-content\/uploads\/2025\/01\/ceramic-ball-mill-sale.jpg\" \/>\n<meta name=\"twitter:card\" content=\"summary_large_image\" \/>\n<meta name=\"twitter:label1\" content=\"Tiempo de lectura\" \/>\n\t<meta name=\"twitter:data1\" content=\"3 minutos\" \/>\n<script type=\"application\/ld+json\" class=\"yoast-schema-graph\">{\"@context\":\"https:\\\/\\\/schema.org\",\"@graph\":[{\"@type\":\"WebPage\",\"@id\":\"https:\\\/\\\/hengxingmachinery.com\\\/ceramic-ball-mills\\\/\",\"url\":\"https:\\\/\\\/hengxingmachinery.com\\\/ceramic-ball-mills\\\/\",\"name\":\"Ceramic Ball Mill For Sale - For Grinding Small Batch Materials\",\"isPartOf\":{\"@id\":\"https:\\\/\\\/hengxingmachinery.com\\\/#website\"},\"primaryImageOfPage\":{\"@id\":\"https:\\\/\\\/hengxingmachinery.com\\\/ceramic-ball-mills\\\/#primaryimage\"},\"image\":{\"@id\":\"https:\\\/\\\/hengxingmachinery.com\\\/ceramic-ball-mills\\\/#primaryimage\"},\"thumbnailUrl\":\"https:\\\/\\\/hengxingmachinery.com\\\/wp-content\\\/uploads\\\/2025\\\/01\\\/ceramic-ball-mill-sale.jpg\",\"datePublished\":\"2025-01-10T06:23:04+00:00\",\"dateModified\":\"2025-01-13T09:37:22+00:00\",\"description\":\"Hengxing ceramic ball mills are designed to grind small batch materials, compact design for small and middle projects use, check details here\",\"breadcrumb\":{\"@id\":\"https:\\\/\\\/hengxingmachinery.com\\\/ceramic-ball-mills\\\/#breadcrumb\"},\"inLanguage\":\"es\",\"potentialAction\":[{\"@type\":\"ReadAction\",\"target\":[\"https:\\\/\\\/hengxingmachinery.com\\\/ceramic-ball-mills\\\/\"]}]},{\"@type\":\"ImageObject\",\"inLanguage\":\"es\",\"@id\":\"https:\\\/\\\/hengxingmachinery.com\\\/ceramic-ball-mills\\\/#primaryimage\",\"url\":\"https:\\\/\\\/hengxingmachinery.com\\\/wp-content\\\/uploads\\\/2025\\\/01\\\/ceramic-ball-mill-sale.jpg\",\"contentUrl\":\"https:\\\/\\\/hengxingmachinery.com\\\/wp-content\\\/uploads\\\/2025\\\/01\\\/ceramic-ball-mill-sale.jpg\"},{\"@type\":\"BreadcrumbList\",\"@id\":\"https:\\\/\\\/hengxingmachinery.com\\\/ceramic-ball-mills\\\/#breadcrumb\",\"itemListElement\":[{\"@type\":\"ListItem\",\"position\":1,\"name\":\"Home\",\"item\":\"https:\\\/\\\/hengxingmachinery.com\\\/\"},{\"@type\":\"ListItem\",\"position\":2,\"name\":\"3-1. Ceramic ball mill\"}]},{\"@type\":\"WebSite\",\"@id\":\"https:\\\/\\\/hengxingmachinery.com\\\/#website\",\"url\":\"https:\\\/\\\/hengxingmachinery.com\\\/\",\"name\":\"Hengxing Machinery\",\"description\":\"Leading Manufacturer of All Sorts of Mining Machinery\",\"publisher\":{\"@id\":\"https:\\\/\\\/hengxingmachinery.com\\\/#organization\"},\"potentialAction\":[{\"@type\":\"SearchAction\",\"target\":{\"@type\":\"EntryPoint\",\"urlTemplate\":\"https:\\\/\\\/hengxingmachinery.com\\\/?s={search_term_string}\"},\"query-input\":{\"@type\":\"PropertyValueSpecification\",\"valueRequired\":true,\"valueName\":\"search_term_string\"}}],\"inLanguage\":\"es\"},{\"@type\":\"Organization\",\"@id\":\"https:\\\/\\\/hengxingmachinery.com\\\/#organization\",\"name\":\"Hengxing Machinery\",\"url\":\"https:\\\/\\\/hengxingmachinery.com\\\/\",\"logo\":{\"@type\":\"ImageObject\",\"inLanguage\":\"es\",\"@id\":\"https:\\\/\\\/hengxingmachinery.com\\\/#\\\/schema\\\/logo\\\/image\\\/\",\"url\":\"https:\\\/\\\/hengxingmachinery.com\\\/wp-content\\\/uploads\\\/2024\\\/12\\\/logo.png\",\"contentUrl\":\"https:\\\/\\\/hengxingmachinery.com\\\/wp-content\\\/uploads\\\/2024\\\/12\\\/logo.png\",\"width\":400,\"height\":260,\"caption\":\"Hengxing Machinery\"},\"image\":{\"@id\":\"https:\\\/\\\/hengxingmachinery.com\\\/#\\\/schema\\\/logo\\\/image\\\/\"}}]}<\/script>\n<!-- \/ Yoast SEO plugin. -->","yoast_head_json":{"title":"Molino de bolas de cer\u00e1mica en venta - Para moler materiales en lotes peque\u00f1os","description":"Los molinos de bolas de cer\u00e1mica Hengxing est\u00e1n dise\u00f1ados para moler materiales en lotes peque\u00f1os, dise\u00f1o compacto para uso en proyectos peque\u00f1os y medianos, consulte los detalles aqu\u00ed","robots":{"index":"index","follow":"follow","max-snippet":"max-snippet:-1","max-image-preview":"max-image-preview:large","max-video-preview":"max-video-preview:-1"},"canonical":"https:\/\/hengxingmachinery.com\/es\/ceramic-ball-mills\/","og_locale":"es_ES","og_type":"article","og_title":"Ceramic Ball Mill For Sale - For Grinding Small Batch Materials","og_description":"Hengxing ceramic ball mills are designed to grind small batch materials, compact design for small and middle projects use, check details here","og_url":"https:\/\/hengxingmachinery.com\/es\/ceramic-ball-mills\/","og_site_name":"Hengxing Machinery","article_modified_time":"2025-01-13T09:37:22+00:00","og_image":[{"url":"https:\/\/hengxingmachinery.com\/wp-content\/uploads\/2025\/01\/ceramic-ball-mill-sale.jpg","type":"","width":"","height":""}],"twitter_card":"summary_large_image","twitter_misc":{"Tiempo de lectura":"3 minutos"},"schema":{"@context":"https:\/\/schema.org","@graph":[{"@type":"WebPage","@id":"https:\/\/hengxingmachinery.com\/ceramic-ball-mills\/","url":"https:\/\/hengxingmachinery.com\/ceramic-ball-mills\/","name":"Molino de bolas de cer\u00e1mica en venta - Para moler materiales en lotes peque\u00f1os","isPartOf":{"@id":"https:\/\/hengxingmachinery.com\/#website"},"primaryImageOfPage":{"@id":"https:\/\/hengxingmachinery.com\/ceramic-ball-mills\/#primaryimage"},"image":{"@id":"https:\/\/hengxingmachinery.com\/ceramic-ball-mills\/#primaryimage"},"thumbnailUrl":"https:\/\/hengxingmachinery.com\/wp-content\/uploads\/2025\/01\/ceramic-ball-mill-sale.jpg","datePublished":"2025-01-10T06:23:04+00:00","dateModified":"2025-01-13T09:37:22+00:00","description":"Los molinos de bolas de cer\u00e1mica Hengxing est\u00e1n dise\u00f1ados para moler materiales en lotes peque\u00f1os, dise\u00f1o compacto para uso en proyectos peque\u00f1os y medianos, consulte los detalles aqu\u00ed","breadcrumb":{"@id":"https:\/\/hengxingmachinery.com\/ceramic-ball-mills\/#breadcrumb"},"inLanguage":"es","potentialAction":[{"@type":"ReadAction","target":["https:\/\/hengxingmachinery.com\/ceramic-ball-mills\/"]}]},{"@type":"ImageObject","inLanguage":"es","@id":"https:\/\/hengxingmachinery.com\/ceramic-ball-mills\/#primaryimage","url":"https:\/\/hengxingmachinery.com\/wp-content\/uploads\/2025\/01\/ceramic-ball-mill-sale.jpg","contentUrl":"https:\/\/hengxingmachinery.com\/wp-content\/uploads\/2025\/01\/ceramic-ball-mill-sale.jpg"},{"@type":"BreadcrumbList","@id":"https:\/\/hengxingmachinery.com\/ceramic-ball-mills\/#breadcrumb","itemListElement":[{"@type":"ListItem","position":1,"name":"Home","item":"https:\/\/hengxingmachinery.com\/"},{"@type":"ListItem","position":2,"name":"3-1. Ceramic ball mill"}]},{"@type":"WebSite","@id":"https:\/\/hengxingmachinery.com\/#website","url":"https:\/\/hengxingmachinery.com\/","name":"Maquinaria Hengxing","description":"Fabricante l\u00edder de todo tipo de maquinaria minera","publisher":{"@id":"https:\/\/hengxingmachinery.com\/#organization"},"potentialAction":[{"@type":"SearchAction","target":{"@type":"EntryPoint","urlTemplate":"https:\/\/hengxingmachinery.com\/?s={search_term_string}"},"query-input":{"@type":"PropertyValueSpecification","valueRequired":true,"valueName":"search_term_string"}}],"inLanguage":"es"},{"@type":"Organization","@id":"https:\/\/hengxingmachinery.com\/#organization","name":"Maquinaria Hengxing","url":"https:\/\/hengxingmachinery.com\/","logo":{"@type":"ImageObject","inLanguage":"es","@id":"https:\/\/hengxingmachinery.com\/#\/schema\/logo\/image\/","url":"https:\/\/hengxingmachinery.com\/wp-content\/uploads\/2024\/12\/logo.png","contentUrl":"https:\/\/hengxingmachinery.com\/wp-content\/uploads\/2024\/12\/logo.png","width":400,"height":260,"caption":"Hengxing Machinery"},"image":{"@id":"https:\/\/hengxingmachinery.com\/#\/schema\/logo\/image\/"}}]}},"_links":{"self":[{"href":"https:\/\/hengxingmachinery.com\/es\/wp-json\/wp\/v2\/pages\/1373","targetHints":{"allow":["GET"]}}],"collection":[{"href":"https:\/\/hengxingmachinery.com\/es\/wp-json\/wp\/v2\/pages"}],"about":[{"href":"https:\/\/hengxingmachinery.com\/es\/wp-json\/wp\/v2\/types\/page"}],"author":[{"embeddable":true,"href":"https:\/\/hengxingmachinery.com\/es\/wp-json\/wp\/v2\/users\/1"}],"replies":[{"embeddable":true,"href":"https:\/\/hengxingmachinery.com\/es\/wp-json\/wp\/v2\/comments?post=1373"}],"version-history":[{"count":2,"href":"https:\/\/hengxingmachinery.com\/es\/wp-json\/wp\/v2\/pages\/1373\/revisions"}],"predecessor-version":[{"id":1582,"href":"https:\/\/hengxingmachinery.com\/es\/wp-json\/wp\/v2\/pages\/1373\/revisions\/1582"}],"wp:attachment":[{"href":"https:\/\/hengxingmachinery.com\/es\/wp-json\/wp\/v2\/media?parent=1373"}],"curies":[{"name":"wp","href":"https:\/\/api.w.org\/{rel}","templated":true}]}}