{"id":1379,"date":"2025-01-10T06:38:32","date_gmt":"2025-01-10T06:38:32","guid":{"rendered":"https:\/\/hengxingmachinery.com\/?page_id=1379"},"modified":"2025-01-13T09:33:38","modified_gmt":"2025-01-13T09:33:38","slug":"wet-ball-mill","status":"publish","type":"page","link":"https:\/\/hengxingmachinery.com\/es\/wet-ball-mill\/","title":{"rendered":"3-1. Molino de bolas h\u00famedo"},"content":{"rendered":"<div class=\"gb-container gb-container-45165f5a\">\n<div class=\"gb-container gb-container-c2652eb4\">\n\n<h1 class=\"gb-headline gb-headline-62a8b2cc gb-headline-text\">Molino de bolas en h\u00famedo<\/h1>\n\n<\/div>\n<\/div>\n\n<div class=\"gb-container gb-container-519cf624\">\n<div class=\"gb-container gb-container-71ca071e\">\n<div class=\"gb-grid-wrapper gb-grid-wrapper-8a5f0688\">\n<div class=\"gb-grid-column gb-grid-column-1e99b1c2\"><div class=\"gb-container gb-container-1e99b1c2\">\n\n<figure class=\"gb-block-image gb-block-image-e4eaba54\"><img decoding=\"async\" width=\"665\" height=\"545\" class=\"gb-image gb-image-e4eaba54\" src=\"https:\/\/hengxingmachinery.com\/wp-content\/uploads\/2025\/01\/wet-ball-mill-for-sale.jpg\" alt=\"\" title=\"molino-de-bolas-humedo-en-venta\" srcset=\"https:\/\/hengxingmachinery.com\/wp-content\/uploads\/2025\/01\/wet-ball-mill-for-sale.jpg 665w, https:\/\/hengxingmachinery.com\/wp-content\/uploads\/2025\/01\/wet-ball-mill-for-sale-300x246.jpg 300w, https:\/\/hengxingmachinery.com\/wp-content\/uploads\/2025\/01\/wet-ball-mill-for-sale-15x12.jpg 15w\" sizes=\"(max-width: 665px) 100vw, 665px\" \/><\/figure>\n\n<\/div><\/div>\n\n<div class=\"gb-grid-column gb-grid-column-bcae065b\"><div class=\"gb-container gb-container-bcae065b\">\n\n<p class=\"gb-headline gb-headline-e419680e gb-headline-text\">El molino de bolas h\u00famedo es el equipo clave para triturar materiales despu\u00e9s de su trituraci\u00f3n inicial. Se utiliza ampliamente en cemento, productos de silicato, nuevos materiales de construcci\u00f3n, materiales refractarios, fertilizantes, beneficio de metales ferrosos y no ferrosos, cer\u00e1mica de vidrio y otras industrias productivas. Molienda h\u00fameda de minerales y otros materiales molibles.<\/p>\n\n\n\n<p>Los molinos de bolas h\u00famedos se dividen en molinos de bolas de tipo celos\u00eda y molinos de bolas de tipo desbordamiento. El material de alimentaci\u00f3n para la molienda es mineral o pulpa con un contenido de agua m\u00e1s alto.<\/p>\n\n\n<div class=\"gb-grid-wrapper gb-grid-wrapper-eebec76e\">\n<div class=\"gb-grid-column gb-grid-column-e3ada2f0\"><div class=\"gb-container gb-container-e3ada2f0\">\n\n<p class=\"gb-headline gb-headline-4c79a90a gb-headline-text\"><mark style=\"background-color:rgba(0, 0, 0, 0)\" class=\"has-inline-color has-global-color-8-color\"><strong>Capacidad:<\/strong><\/mark> 0.65-61.5t\/h<\/p>\n\n<\/div><\/div>\n\n<div class=\"gb-grid-column gb-grid-column-0bb00826\"><div class=\"gb-container gb-container-0bb00826\">\n\n<p class=\"gb-headline gb-headline-86d53f56 gb-headline-text\"><mark style=\"background-color:rgba(0, 0, 0, 0)\" class=\"has-inline-color has-global-color-8-color\"><strong>Tama\u00f1o de descarga:<\/strong><\/mark> 0.074-0.4 mm<\/p>\n\n<\/div><\/div>\n<\/div>\n\n\n<p class=\"gb-headline gb-headline-6b316ea4 gb-headline-text\"><strong>Carga de bolas:<\/strong><\/p>\n\n\n\n<p class=\"gb-headline gb-headline-9f885ed2 gb-headline-text\">1.5-338 t<\/p>\n\n\n\n<p class=\"gb-headline gb-headline-2750f5a7 gb-headline-text\"><strong>Solicitud:<\/strong><\/p>\n\n\n\n<p class=\"gb-headline gb-headline-28231626 gb-headline-text\">Molienda y procesamiento de una variedad de minerales met\u00e1licos, incluyendo mineral de cobre, mineral de oro, mineral de hierro, mineral de aluminio y metales no ferrosos, etc.<\/p>\n\n\n<div class=\"gb-container gb-container-256e15f1\">\n\n<a class=\"gb-button gb-button-e8b73d89 gb-button-text\" href=\"#popmake-622\">Obtener presupuesto gratuito<\/a>\n\n<\/div>\n<\/div><\/div>\n<\/div>\n<\/div>\n<\/div>\n\n<div class=\"gb-container gb-container-af5f8799\">\n<div class=\"gb-container gb-container-2298848b\">\n\n<h2 class=\"gb-headline gb-headline-9d27ad2c gb-headline-text\">Caracter\u00edsticas del molino de bolas h\u00famedo <\/h2>\n\n\n<div class=\"gb-container gb-container-9a38abb1\">\n<div class=\"gb-grid-wrapper gb-grid-wrapper-91c59571\">\n<div class=\"gb-grid-column gb-grid-column-17094983\"><div class=\"gb-container gb-container-17094983\">\n\n<figure class=\"gb-block-image gb-block-image-e36b6ebe\"><img decoding=\"async\" width=\"665\" height=\"545\" class=\"gb-image gb-image-e36b6ebe\" src=\"https:\/\/hengxingmachinery.com\/wp-content\/uploads\/2025\/01\/wet-ball-mill-features.jpg\" alt=\"\" title=\"caracteristicas-del-molino-de-bolas-humedo\" srcset=\"https:\/\/hengxingmachinery.com\/wp-content\/uploads\/2025\/01\/wet-ball-mill-features.jpg 665w, https:\/\/hengxingmachinery.com\/wp-content\/uploads\/2025\/01\/wet-ball-mill-features-300x246.jpg 300w, https:\/\/hengxingmachinery.com\/wp-content\/uploads\/2025\/01\/wet-ball-mill-features-15x12.jpg 15w\" sizes=\"(max-width: 665px) 100vw, 665px\" \/><\/figure>\n\n<\/div><\/div>\n\n<div class=\"gb-grid-column gb-grid-column-783dafe6\"><div class=\"gb-container gb-container-783dafe6\">\n\n<figure class=\"gb-block-image gb-block-image-a58e4bcf\"><img decoding=\"async\" width=\"665\" height=\"545\" class=\"gb-image gb-image-a58e4bcf\" src=\"https:\/\/hengxingmachinery.com\/wp-content\/uploads\/2025\/01\/wet-ball-mill-advantage.jpg\" alt=\"\" title=\"ventaja-del-molino-de-bolas-humedo\" srcset=\"https:\/\/hengxingmachinery.com\/wp-content\/uploads\/2025\/01\/wet-ball-mill-advantage.jpg 665w, https:\/\/hengxingmachinery.com\/wp-content\/uploads\/2025\/01\/wet-ball-mill-advantage-300x246.jpg 300w, https:\/\/hengxingmachinery.com\/wp-content\/uploads\/2025\/01\/wet-ball-mill-advantage-15x12.jpg 15w\" sizes=\"(max-width: 665px) 100vw, 665px\" \/><\/figure>\n\n<\/div><\/div>\n<\/div>\n<\/div>\n\n\n<p>1. La transmisi\u00f3n del equipo adopta grandes rodamientos de rodillos esf\u00e9ricos de doble hilera en lugar de cojinetes deslizantes (utilizando aceite lubricante especial compatible), y la lubricaci\u00f3n confiable de los engranajes y otros dispositivos de lubricaci\u00f3n por niebla de aceite reduce enormemente la fricci\u00f3n, acelera el arranque y ahorra entre un 20 y un 30% de energ\u00eda.<\/p>\n\n\n\n<p>2. Se adopta la configuraci\u00f3n optimizada de un revestimiento anular acanalado y un revestimiento de alto manganeso, lo que aumenta el \u00e1rea de contacto entre las bolas y el mineral, refuerza el efecto de molienda y mejora la calidad de salida del mineral;<\/p>\n\n\n\n<p>3. Puede procesar cientos de materiales met\u00e1licos y no met\u00e1licos para lograr el efecto de una m\u00e1quina con m\u00faltiples funciones;<\/p>\n\n\n\n<p>4. La adopci\u00f3n de molienda multietapa, m\u00e9todo de molienda h\u00fameda y m\u00e9todo de descarga forzada puede lograr una gran capacidad de producci\u00f3n.<\/p>\n\n\n\n<p>5. Durante la operaci\u00f3n, se puede reducir la temperatura del eje hueco, protegiendo eficazmente el revestimiento del molino, prolongando la vida \u00fatil del revestimiento y garantizando el efecto de molienda.<\/p>\n\n\n\n<p>6. Producido con un nuevo concepto de dise\u00f1o, toda la m\u00e1quina es m\u00e1s robusta y f\u00e1cil de instalar.<\/p>\n\n\n<div class=\"gb-container gb-container-d7b7b595\">\n\n<a class=\"gb-button gb-button-c1312760 gb-button-text\" href=\"#popmake-622\">Obtener presupuesto gratuito<\/a>\n\n<\/div>\n<\/div>\n<\/div>\n\n<div class=\"gb-container gb-container-ebd718b6\">\n<div class=\"gb-container gb-container-5c75b960\">\n\n<h2 class=\"gb-headline gb-headline-98859344 gb-headline-text\">Estructura del molino de bolas h\u00famedo<\/h2>\n\n\n\n<figure class=\"gb-block-image gb-block-image-c486b36e\"><img decoding=\"async\" width=\"920\" height=\"420\" class=\"gb-image gb-image-c486b36e\" src=\"https:\/\/hengxingmachinery.com\/wp-content\/uploads\/2025\/01\/wet-ball-mill-structure.jpg\" alt=\"\" title=\"estructura-del-molino-de-bolas-humedo\" srcset=\"https:\/\/hengxingmachinery.com\/wp-content\/uploads\/2025\/01\/wet-ball-mill-structure.jpg 920w, https:\/\/hengxingmachinery.com\/wp-content\/uploads\/2025\/01\/wet-ball-mill-structure-300x137.jpg 300w, https:\/\/hengxingmachinery.com\/wp-content\/uploads\/2025\/01\/wet-ball-mill-structure-768x351.jpg 768w, https:\/\/hengxingmachinery.com\/wp-content\/uploads\/2025\/01\/wet-ball-mill-structure-18x8.jpg 18w\" sizes=\"(max-width: 920px) 100vw, 920px\" \/><\/figure>\n\n\n\n<p><strong>1. Tambor del molino:<\/strong> El tambor del molino de bolas h\u00famedo est\u00e1 compuesto por un cilindro hecho de chapas de acero enrolladas y dos bocas de inspecci\u00f3n con marcos. Los dos extremos del tambor est\u00e1n completamente mecanizados, y el tambor se utiliza para perforar agujeros. Revestimiento del cilindro del molino fijo.<\/p>\n\n\n\n<p><strong>2. Tapa y mu\u00f1\u00f3n: <\/strong>Las tapas de entrada y salida del molino est\u00e1n dise\u00f1adas y fabricadas mediante fundici\u00f3n, y se conectan con el tambor del molino mediante pernos. Se dise\u00f1an mu\u00f1ones de soporte completos en las tapas de entrada y salida. El mu\u00f1\u00f3n de la tapa de entrada est\u00e1 dise\u00f1ado como soporte fijo, y el mu\u00f1\u00f3n de la tapa de salida est\u00e1 dise\u00f1ado como soporte flotante.<\/p>\n\n\n\n<p><strong>3. Cojinete principal: <\/strong>El cojinete se instala en el mu\u00f1\u00f3n de la tapa del molino y se mantiene en la posici\u00f3n de instalaci\u00f3n mediante un anillo de presi\u00f3n. La carcasa del cojinete est\u00e1 fabricada mediante soldadura de acero al carbono.<\/p>\n\n\n\n<p><strong>4. Base: <\/strong>La carcasa del cojinete principal, la caja de engranajes principal y el motor de accionamiento principal est\u00e1n instalados en la base del molino de bolas h\u00famedo. La base est\u00e1 equipada con tornillos de ajuste para facilitar el alineamiento. Todos los pernos de anclaje est\u00e1n incluidos en el alcance de la base.<\/p>\n\n\n\n<p><strong>5. Secci\u00f3n de alimentaci\u00f3n:<\/strong> El sistema de alimentaci\u00f3n del molino est\u00e1 compuesto por una canaleta de entrada revestida con materiales resistentes al desgaste y una carcasa de cojinete con base que soporta su peso.<\/p>\n\n\n<div class=\"gb-container gb-container-d6bbf16a\">\n\n<a class=\"gb-button gb-button-caa3f2bc gb-button-text\" href=\"#popmake-622\">Obtener presupuesto gratuito<\/a>\n\n<\/div>\n<\/div>\n<\/div>\n\n<div class=\"gb-container gb-container-435ad261\">\n<div class=\"gb-container gb-container-7dc79cc4\">\n\n<h2 class=\"gb-headline gb-headline-6fe5dee2 gb-headline-text\">Especificaciones del molino de bolas h\u00famedo<\/h2>\n\n\n\n<figure class=\"wp-block-table is-style-stripes\"><table class=\"has-fixed-layout\"><tbody><tr><td><strong>Modelo<\/strong><\/td><td><strong>Tama\u00f1o de la alimentaci\u00f3n<br>(mm)<\/strong><\/td><td><strong>Tama\u00f1o de descarga<br>(mm)<\/strong><\/td><td><strong>Capacidad<br>(t)<\/strong><\/td><td><strong>Potencia del motor<br>(kW)<\/strong><\/td><td><strong>Peso total<br>(t)<\/strong><\/td><\/tr><tr><td>\u03c6 900\u00d71800<\/td><td>\u226420<\/td><td>0.075-0.89<\/td><td>0.65-2<\/td><td>18.5<\/td><td>5.8<\/td><\/tr><tr><td>\u03c6 900\u00d73000<\/td><td>\u226420<\/td><td>0.075-0.89<\/td><td>1.1-3.5<\/td><td>22<\/td><td>6.8<\/td><\/tr><tr><td>\u03c6 1200\u00d72400<\/td><td>\u226425<\/td><td>0.075-0.6<\/td><td>1.5-4.8<\/td><td>30<\/td><td>12<\/td><\/tr><tr><td>\u03c6 1200\u00d73000<\/td><td>\u226425<\/td><td>0.074-0.4<\/td><td>1.6-5<\/td><td>37<\/td><td>13.2<\/td><\/tr><tr><td>\u03c6 1200\u00d74500<\/td><td>\u226425<\/td><td>0.074-0.4<\/td><td>1.6-5.8<\/td><td>55<\/td><td>13.7<\/td><\/tr><tr><td>\u03c6 1500\u00d73000<\/td><td>\u226425<\/td><td>0.074-0.4<\/td><td>2-5<\/td><td>75<\/td><td>16.5<\/td><\/tr><tr><td>\u03c6 1500\u00d74500<\/td><td>\u226425<\/td><td>0.074-0.4<\/td><td>3-6<\/td><td>110<\/td><td>21<\/td><\/tr><tr><td>\u03c6 1500\u00d75700<\/td><td>\u226425<\/td><td>0.074-0.4<\/td><td>3.5-6<\/td><td>130<\/td><td>24.7<\/td><\/tr><tr><td>\u03c6 1830\u00d73000<\/td><td>\u226425<\/td><td>0.074-0.4<\/td><td>4-10<\/td><td>130<\/td><td>34.5<\/td><\/tr><tr><td>\u03c6 1830\u00d74500<\/td><td>\u226425<\/td><td>0.074-0.4<\/td><td>4.5-12<\/td><td>155<\/td><td>38<\/td><\/tr><tr><td>\u03c6 1830\u00d76400<\/td><td>\u226425<\/td><td>0.074-0.4<\/td><td>6.5-15<\/td><td>210<\/td><td>46<\/td><\/tr><tr><td>\u03c6 1830\u00d77000<\/td><td>\u226425<\/td><td>0.074-0.4<\/td><td>7.5-17<\/td><td>245<\/td><td>49<\/td><\/tr><tr><td>\u03c6 2100\u00d73000<\/td><td>\u226425<\/td><td>0.074-0.4<\/td><td>6.5-36<\/td><td>155<\/td><td>48<\/td><\/tr><tr><td>\u03c6 2100\u00d74500<\/td><td>\u226425<\/td><td>0.074-0.4<\/td><td>8-43<\/td><td>245<\/td><td>59<\/td><\/tr><tr><td>\u03c6 2100\u00d77000<\/td><td>\u226425<\/td><td>0.074-0.4<\/td><td>8-48<\/td><td>280<\/td><td>67.5<\/td><\/tr><tr><td>\u03c6 2200\u00d74500<\/td><td>\u226425<\/td><td>0.074-0.4<\/td><td>9-45<\/td><td>280<\/td><td>58<\/td><\/tr><tr><td>\u03c6 2200\u00d76500<\/td><td>\u226425<\/td><td>0.074-0.4<\/td><td>14-26<\/td><td>380<\/td><td>63<\/td><\/tr><tr><td>\u03c6 2200\u00d77000<\/td><td>\u226425<\/td><td>0.074-0.4<\/td><td>15-28<\/td><td>380<\/td><td>65.3<\/td><\/tr><tr><td>\u03c6 2200\u00d77500<\/td><td>\u226425<\/td><td>0.074-0.4<\/td><td>15-30<\/td><td>380<\/td><td>66.5<\/td><\/tr><tr><td>\u03c6 2400\u00d73000<\/td><td>\u226425<\/td><td>0.074-0.4<\/td><td>7-50<\/td><td>245<\/td><td>65<\/td><\/tr><tr><td>\u03c6 2400\u00d74500<\/td><td>\u226425<\/td><td>0.074-0.4<\/td><td>8.5-60<\/td><td>320<\/td><td>70<\/td><\/tr><tr><td>\u03c6 2700\u00d74000<\/td><td>\u226425<\/td><td>0.074-0.4<\/td><td>12-80<\/td><td>400<\/td><td>92<\/td><\/tr><tr><td>\u03c6 2700\u00d74500<\/td><td>\u226425<\/td><td>0.074-0.4<\/td><td>12-90<\/td><td>430<\/td><td>102<\/td><\/tr><tr><td>\u03c6 3200\u00d74500<\/td><td>\u226425<\/td><td>0.074-0.4<\/td><td>Determinado por el proceso tecnol\u00f3gico<\/td><td>600<\/td><td>137<\/td><\/tr><tr><td>\u03c6 3600\u00d74500<\/td><td>\u226425<\/td><td>0.074-0.4<\/td><td>Determinado por el proceso tecnol\u00f3gico<\/td><td>850<\/td><td>158<\/td><\/tr><tr><td>\u03c63600\u00d76000<\/td><td>\u226425<\/td><td>0.074-0.4<\/td><td>Determinado por el proceso tecnol\u00f3gico<\/td><td>1250<\/td><td>175<\/td><\/tr><\/tbody><\/table><\/figure>\n\n\n<div class=\"gb-container gb-container-263d9700\">\n\n<a class=\"gb-button gb-button-a4cbb7be gb-button-text\" href=\"#popmake-622\">Obtener presupuesto gratuito<\/a>\n\n<\/div>\n<\/div>\n<\/div>","protected":false},"excerpt":{"rendered":"<p>Wet ball mill Features of wet ball mill 1. The equipment transmission adopts large double-row spherical roller bearings instead of sliding bearings (using matching special lubricating oil), and the reliable lubrication of gears and other oil mist lubrication devices greatly reduces friction, and accelerates start-up and saves energy by 20-30%. 2. The optimized configuration of &#8230; <\/p>\n<p class=\"read-more-container\"><a title=\"3-1. Molino de bolas h\u00famedo\" class=\"read-more button\" href=\"https:\/\/hengxingmachinery.com\/es\/wet-ball-mill\/#more-1379\" aria-label=\"Leer m\u00e1s sobre 3-1. Wet ball mill\">Leer m\u00e1s<\/a><\/p>","protected":false},"author":1,"featured_media":0,"parent":0,"menu_order":0,"comment_status":"closed","ping_status":"closed","template":"","meta":{"footnotes":""},"class_list":["post-1379","page","type-page","status-publish"],"yoast_head":"<!-- This site is optimized with the Yoast SEO plugin v27.5 - https:\/\/yoast.com\/product\/yoast-seo-wordpress\/ -->\n<title>Wet Ball Mill For Sale - Designed For Grinding Metal Ores - Quote<\/title>\n<meta name=\"description\" content=\"Check here for high quality wet ball mill for sale, factory direct sale, deals with copper ore, gold ore ,iron ore, aluminum ore and non-ferrous metals, etc.\" \/>\n<meta name=\"robots\" content=\"index, follow, max-snippet:-1, max-image-preview:large, max-video-preview:-1\" \/>\n<link rel=\"canonical\" href=\"https:\/\/hengxingmachinery.com\/es\/wet-ball-mill\/\" \/>\n<meta property=\"og:locale\" content=\"es_ES\" \/>\n<meta property=\"og:type\" content=\"article\" \/>\n<meta property=\"og:title\" content=\"Wet Ball Mill For Sale - Designed For Grinding Metal Ores - Quote\" \/>\n<meta property=\"og:description\" content=\"Check here for high quality wet ball mill for sale, factory direct sale, deals with copper ore, gold ore ,iron ore, aluminum ore and non-ferrous metals, etc.\" \/>\n<meta property=\"og:url\" content=\"https:\/\/hengxingmachinery.com\/es\/wet-ball-mill\/\" \/>\n<meta property=\"og:site_name\" content=\"Hengxing Machinery\" \/>\n<meta property=\"article:modified_time\" content=\"2025-01-13T09:33:38+00:00\" \/>\n<meta property=\"og:image\" content=\"https:\/\/hengxingmachinery.com\/wp-content\/uploads\/2025\/01\/wet-ball-mill-for-sale.jpg\" \/>\n<meta name=\"twitter:card\" content=\"summary_large_image\" \/>\n<meta name=\"twitter:label1\" content=\"Tiempo de lectura\" \/>\n\t<meta name=\"twitter:data1\" content=\"5 minutos\" \/>\n<script type=\"application\/ld+json\" class=\"yoast-schema-graph\">{\"@context\":\"https:\\\/\\\/schema.org\",\"@graph\":[{\"@type\":\"WebPage\",\"@id\":\"https:\\\/\\\/hengxingmachinery.com\\\/wet-ball-mill\\\/\",\"url\":\"https:\\\/\\\/hengxingmachinery.com\\\/wet-ball-mill\\\/\",\"name\":\"Wet Ball Mill For Sale - Designed For Grinding Metal Ores - Quote\",\"isPartOf\":{\"@id\":\"https:\\\/\\\/hengxingmachinery.com\\\/#website\"},\"primaryImageOfPage\":{\"@id\":\"https:\\\/\\\/hengxingmachinery.com\\\/wet-ball-mill\\\/#primaryimage\"},\"image\":{\"@id\":\"https:\\\/\\\/hengxingmachinery.com\\\/wet-ball-mill\\\/#primaryimage\"},\"thumbnailUrl\":\"https:\\\/\\\/hengxingmachinery.com\\\/wp-content\\\/uploads\\\/2025\\\/01\\\/wet-ball-mill-for-sale.jpg\",\"datePublished\":\"2025-01-10T06:38:32+00:00\",\"dateModified\":\"2025-01-13T09:33:38+00:00\",\"description\":\"Check here for high quality wet ball mill for sale, factory direct sale, deals with copper ore, gold ore ,iron ore, aluminum ore and non-ferrous metals, etc.\",\"breadcrumb\":{\"@id\":\"https:\\\/\\\/hengxingmachinery.com\\\/wet-ball-mill\\\/#breadcrumb\"},\"inLanguage\":\"es\",\"potentialAction\":[{\"@type\":\"ReadAction\",\"target\":[\"https:\\\/\\\/hengxingmachinery.com\\\/wet-ball-mill\\\/\"]}]},{\"@type\":\"ImageObject\",\"inLanguage\":\"es\",\"@id\":\"https:\\\/\\\/hengxingmachinery.com\\\/wet-ball-mill\\\/#primaryimage\",\"url\":\"https:\\\/\\\/hengxingmachinery.com\\\/wp-content\\\/uploads\\\/2025\\\/01\\\/wet-ball-mill-for-sale.jpg\",\"contentUrl\":\"https:\\\/\\\/hengxingmachinery.com\\\/wp-content\\\/uploads\\\/2025\\\/01\\\/wet-ball-mill-for-sale.jpg\"},{\"@type\":\"BreadcrumbList\",\"@id\":\"https:\\\/\\\/hengxingmachinery.com\\\/wet-ball-mill\\\/#breadcrumb\",\"itemListElement\":[{\"@type\":\"ListItem\",\"position\":1,\"name\":\"Home\",\"item\":\"https:\\\/\\\/hengxingmachinery.com\\\/\"},{\"@type\":\"ListItem\",\"position\":2,\"name\":\"3-1. Wet ball mill\"}]},{\"@type\":\"WebSite\",\"@id\":\"https:\\\/\\\/hengxingmachinery.com\\\/#website\",\"url\":\"https:\\\/\\\/hengxingmachinery.com\\\/\",\"name\":\"Hengxing Machinery\",\"description\":\"Leading Manufacturer of All Sorts of Mining Machinery\",\"publisher\":{\"@id\":\"https:\\\/\\\/hengxingmachinery.com\\\/#organization\"},\"potentialAction\":[{\"@type\":\"SearchAction\",\"target\":{\"@type\":\"EntryPoint\",\"urlTemplate\":\"https:\\\/\\\/hengxingmachinery.com\\\/?s={search_term_string}\"},\"query-input\":{\"@type\":\"PropertyValueSpecification\",\"valueRequired\":true,\"valueName\":\"search_term_string\"}}],\"inLanguage\":\"es\"},{\"@type\":\"Organization\",\"@id\":\"https:\\\/\\\/hengxingmachinery.com\\\/#organization\",\"name\":\"Hengxing Machinery\",\"url\":\"https:\\\/\\\/hengxingmachinery.com\\\/\",\"logo\":{\"@type\":\"ImageObject\",\"inLanguage\":\"es\",\"@id\":\"https:\\\/\\\/hengxingmachinery.com\\\/#\\\/schema\\\/logo\\\/image\\\/\",\"url\":\"https:\\\/\\\/hengxingmachinery.com\\\/wp-content\\\/uploads\\\/2024\\\/12\\\/logo.png\",\"contentUrl\":\"https:\\\/\\\/hengxingmachinery.com\\\/wp-content\\\/uploads\\\/2024\\\/12\\\/logo.png\",\"width\":400,\"height\":260,\"caption\":\"Hengxing Machinery\"},\"image\":{\"@id\":\"https:\\\/\\\/hengxingmachinery.com\\\/#\\\/schema\\\/logo\\\/image\\\/\"}}]}<\/script>\n<!-- \/ Yoast SEO plugin. -->","yoast_head_json":{"title":"Molino de Bolas H\u00famedo en Venta - Dise\u00f1ado para la Molienda de Minerales Met\u00e1licos - Solicitar Cotizaci\u00f3n","description":"Consulte aqu\u00ed para obtener un molino de bolas h\u00famedo de alta calidad a la venta, venta directa de f\u00e1brica, trata con mineral de cobre, mineral de oro, mineral de hierro, mineral de aluminio y metales no ferrosos, etc.","robots":{"index":"index","follow":"follow","max-snippet":"max-snippet:-1","max-image-preview":"max-image-preview:large","max-video-preview":"max-video-preview:-1"},"canonical":"https:\/\/hengxingmachinery.com\/es\/wet-ball-mill\/","og_locale":"es_ES","og_type":"article","og_title":"Wet Ball Mill For Sale - Designed For Grinding Metal Ores - Quote","og_description":"Check here for high quality wet ball mill for sale, factory direct sale, deals with copper ore, gold ore ,iron ore, aluminum ore and non-ferrous metals, etc.","og_url":"https:\/\/hengxingmachinery.com\/es\/wet-ball-mill\/","og_site_name":"Hengxing Machinery","article_modified_time":"2025-01-13T09:33:38+00:00","og_image":[{"url":"https:\/\/hengxingmachinery.com\/wp-content\/uploads\/2025\/01\/wet-ball-mill-for-sale.jpg","type":"","width":"","height":""}],"twitter_card":"summary_large_image","twitter_misc":{"Tiempo de lectura":"5 minutos"},"schema":{"@context":"https:\/\/schema.org","@graph":[{"@type":"WebPage","@id":"https:\/\/hengxingmachinery.com\/wet-ball-mill\/","url":"https:\/\/hengxingmachinery.com\/wet-ball-mill\/","name":"Molino de Bolas H\u00famedo en Venta - Dise\u00f1ado para la Molienda de Minerales Met\u00e1licos - Solicitar Cotizaci\u00f3n","isPartOf":{"@id":"https:\/\/hengxingmachinery.com\/#website"},"primaryImageOfPage":{"@id":"https:\/\/hengxingmachinery.com\/wet-ball-mill\/#primaryimage"},"image":{"@id":"https:\/\/hengxingmachinery.com\/wet-ball-mill\/#primaryimage"},"thumbnailUrl":"https:\/\/hengxingmachinery.com\/wp-content\/uploads\/2025\/01\/wet-ball-mill-for-sale.jpg","datePublished":"2025-01-10T06:38:32+00:00","dateModified":"2025-01-13T09:33:38+00:00","description":"Consulte aqu\u00ed para obtener un molino de bolas h\u00famedo de alta calidad a la venta, venta directa de f\u00e1brica, trata con mineral de cobre, mineral de oro, mineral de hierro, mineral de aluminio y metales no ferrosos, etc.","breadcrumb":{"@id":"https:\/\/hengxingmachinery.com\/wet-ball-mill\/#breadcrumb"},"inLanguage":"es","potentialAction":[{"@type":"ReadAction","target":["https:\/\/hengxingmachinery.com\/wet-ball-mill\/"]}]},{"@type":"ImageObject","inLanguage":"es","@id":"https:\/\/hengxingmachinery.com\/wet-ball-mill\/#primaryimage","url":"https:\/\/hengxingmachinery.com\/wp-content\/uploads\/2025\/01\/wet-ball-mill-for-sale.jpg","contentUrl":"https:\/\/hengxingmachinery.com\/wp-content\/uploads\/2025\/01\/wet-ball-mill-for-sale.jpg"},{"@type":"BreadcrumbList","@id":"https:\/\/hengxingmachinery.com\/wet-ball-mill\/#breadcrumb","itemListElement":[{"@type":"ListItem","position":1,"name":"Home","item":"https:\/\/hengxingmachinery.com\/"},{"@type":"ListItem","position":2,"name":"3-1. Wet ball mill"}]},{"@type":"WebSite","@id":"https:\/\/hengxingmachinery.com\/#website","url":"https:\/\/hengxingmachinery.com\/","name":"Maquinaria Hengxing","description":"Fabricante l\u00edder de todo tipo de maquinaria minera","publisher":{"@id":"https:\/\/hengxingmachinery.com\/#organization"},"potentialAction":[{"@type":"SearchAction","target":{"@type":"EntryPoint","urlTemplate":"https:\/\/hengxingmachinery.com\/?s={search_term_string}"},"query-input":{"@type":"PropertyValueSpecification","valueRequired":true,"valueName":"search_term_string"}}],"inLanguage":"es"},{"@type":"Organization","@id":"https:\/\/hengxingmachinery.com\/#organization","name":"Maquinaria Hengxing","url":"https:\/\/hengxingmachinery.com\/","logo":{"@type":"ImageObject","inLanguage":"es","@id":"https:\/\/hengxingmachinery.com\/#\/schema\/logo\/image\/","url":"https:\/\/hengxingmachinery.com\/wp-content\/uploads\/2024\/12\/logo.png","contentUrl":"https:\/\/hengxingmachinery.com\/wp-content\/uploads\/2024\/12\/logo.png","width":400,"height":260,"caption":"Hengxing Machinery"},"image":{"@id":"https:\/\/hengxingmachinery.com\/#\/schema\/logo\/image\/"}}]}},"_links":{"self":[{"href":"https:\/\/hengxingmachinery.com\/es\/wp-json\/wp\/v2\/pages\/1379","targetHints":{"allow":["GET"]}}],"collection":[{"href":"https:\/\/hengxingmachinery.com\/es\/wp-json\/wp\/v2\/pages"}],"about":[{"href":"https:\/\/hengxingmachinery.com\/es\/wp-json\/wp\/v2\/types\/page"}],"author":[{"embeddable":true,"href":"https:\/\/hengxingmachinery.com\/es\/wp-json\/wp\/v2\/users\/1"}],"replies":[{"embeddable":true,"href":"https:\/\/hengxingmachinery.com\/es\/wp-json\/wp\/v2\/comments?post=1379"}],"version-history":[{"count":4,"href":"https:\/\/hengxingmachinery.com\/es\/wp-json\/wp\/v2\/pages\/1379\/revisions"}],"predecessor-version":[{"id":1600,"href":"https:\/\/hengxingmachinery.com\/es\/wp-json\/wp\/v2\/pages\/1379\/revisions\/1600"}],"wp:attachment":[{"href":"https:\/\/hengxingmachinery.com\/es\/wp-json\/wp\/v2\/media?parent=1379"}],"curies":[{"name":"wp","href":"https:\/\/api.w.org\/{rel}","templated":true}]}}