{"id":1389,"date":"2025-01-10T07:07:05","date_gmt":"2025-01-10T07:07:05","guid":{"rendered":"https:\/\/hengxingmachinery.com\/?page_id=1389"},"modified":"2025-01-13T09:31:11","modified_gmt":"2025-01-13T09:31:11","slug":"dry-ball-mill","status":"publish","type":"page","link":"https:\/\/hengxingmachinery.com\/es\/dry-ball-mill\/","title":{"rendered":"3-1. Molino de bolas en seco"},"content":{"rendered":"<div class=\"gb-container gb-container-45165f5a\">\n<div class=\"gb-container gb-container-c2652eb4\">\n\n<h1 class=\"gb-headline gb-headline-62a8b2cc gb-headline-text\">Molino de bolas en seco<\/h1>\n\n<\/div>\n<\/div>\n\n<div class=\"gb-container gb-container-519cf624\">\n<div class=\"gb-container gb-container-71ca071e\">\n<div class=\"gb-grid-wrapper gb-grid-wrapper-8a5f0688\">\n<div class=\"gb-grid-column gb-grid-column-1e99b1c2\"><div class=\"gb-container gb-container-1e99b1c2\">\n\n<figure class=\"gb-block-image gb-block-image-e4eaba54\"><img decoding=\"async\" width=\"665\" height=\"545\" class=\"gb-image gb-image-e4eaba54\" src=\"https:\/\/hengxingmachinery.com\/wp-content\/uploads\/2025\/01\/dry-ball-mill-for-sale.jpg\" alt=\"\" title=\"molino-de-bolas-en-seco-para-la-venta\" srcset=\"https:\/\/hengxingmachinery.com\/wp-content\/uploads\/2025\/01\/dry-ball-mill-for-sale.jpg 665w, https:\/\/hengxingmachinery.com\/wp-content\/uploads\/2025\/01\/dry-ball-mill-for-sale-300x246.jpg 300w, https:\/\/hengxingmachinery.com\/wp-content\/uploads\/2025\/01\/dry-ball-mill-for-sale-15x12.jpg 15w\" sizes=\"(max-width: 665px) 100vw, 665px\" \/><\/figure>\n\n<\/div><\/div>\n\n<div class=\"gb-grid-column gb-grid-column-bcae065b\"><div class=\"gb-container gb-container-bcae065b\">\n\n<p>Un molino de bolas en seco, tambi\u00e9n conocido como molino seco, se utiliza principalmente en la molienda de productos terminados y materias primas en plantas de cemento. Tambi\u00e9n es adecuado para moler diversos minerales y otros materiales molibles en metalurgia, industria qu\u00edmica y energ\u00eda el\u00e9ctrica. <\/p>\n\n\n\n<p>Se diferencia del molino de bolas h\u00famedo en que requiere que el material est\u00e9 seco. Puede utilizarse para molienda de flujo abierto y tambi\u00e9n es adecuado para molienda de flujo anular en circuito combinado con un clasificador. El efecto de molienda general es bueno. <\/p>\n\n\n<div class=\"gb-grid-wrapper gb-grid-wrapper-eebec76e\">\n<div class=\"gb-grid-column gb-grid-column-e3ada2f0\"><div class=\"gb-container gb-container-e3ada2f0\">\n\n<p class=\"gb-headline gb-headline-4c79a90a gb-headline-text\"><mark style=\"background-color:rgba(0, 0, 0, 0)\" class=\"has-inline-color has-global-color-8-color\"><strong>Capacidad:<\/strong><\/mark> 0.65-61.5t\/h<\/p>\n\n<\/div><\/div>\n\n<div class=\"gb-grid-column gb-grid-column-0bb00826\"><div class=\"gb-container gb-container-0bb00826\">\n\n<p class=\"gb-headline gb-headline-86d53f56 gb-headline-text\"><mark style=\"background-color:rgba(0, 0, 0, 0)\" class=\"has-inline-color has-global-color-8-color\"><strong>Tama\u00f1o de descarga:<\/strong><\/mark> 0.075-0.4 mm<\/p>\n\n<\/div><\/div>\n<\/div>\n\n\n<p class=\"gb-headline gb-headline-2750f5a7 gb-headline-text\"><strong>Materiales aplicables:<\/strong><\/p>\n\n\n\n<p class=\"gb-headline gb-headline-28231626 gb-headline-text\">Feldespato pot\u00e1sico, mineral de oro, mineral de cobre, mineral de hierro y otros minerales met\u00e1licos y no met\u00e1licos.<\/p>\n\n\n\n<p class=\"gb-headline gb-headline-c2b2172d gb-headline-text\"><strong>Solicitud:<\/strong><\/p>\n\n\n\n<p class=\"gb-headline gb-headline-6d45c959 gb-headline-text\">Ampliamente utilizado en cemento, productos de silicato, nuevos materiales de construcci\u00f3n, materiales refractarios, fertilizantes, beneficio de metales ferrosos y no ferrosos, vidrio, cer\u00e1mica y otras industrias de producci\u00f3n.<\/p>\n\n\n<div class=\"gb-container gb-container-256e15f1\">\n\n<a class=\"gb-button gb-button-e8b73d89 gb-button-text\" href=\"#popmake-622\">Obtener presupuesto gratuito<\/a>\n\n<\/div>\n<\/div><\/div>\n<\/div>\n<\/div>\n<\/div>\n\n<div class=\"gb-container gb-container-af5f8799\">\n<div class=\"gb-container gb-container-2298848b\">\n\n<h2 class=\"gb-headline gb-headline-9d27ad2c gb-headline-text\">Caracter\u00edsticas del molino de bolas en seco <\/h2>\n\n\n\n<figure class=\"gb-block-image gb-block-image-a8618db3\"><img decoding=\"async\" class=\"gb-image gb-image-a8618db3\" src=\"https:\/\/hengxingmachinery.com\/wp-content\/uploads\/2025\/01\/dry-ball-mill-structure-1.jpg\" alt=\"\" title=\"estructura-del-molino-de-bolas-en-seco\"\/><\/figure>\n\n\n\n<h3 class=\"gb-headline gb-headline-cf1e8bea gb-headline-text\">1. Buen efecto de molienda<\/h3>\n\n\n\n<p>El equipo optimiza la relaci\u00f3n de aspecto para evitar la molienda excesiva y lograr un mejor efecto de molienda; adem\u00e1s, la tasa de apertura de su placa de rejilla est\u00e1 optimizada, se adopta un dise\u00f1o de apertura y el uso de medios de molienda m\u00e1s peque\u00f1os puede mejorar la finura de la molienda.<\/p>\n\n\n\n<h3 class=\"gb-headline gb-headline-40662e8b gb-headline-text\">2. Larga vida \u00fatil<\/h3>\n\n\n\n<p>El molino de bolas en seco adopta la descarga de cola de molienda tipo placa de rejilla, la descarga es fluida, no hay fen\u00f3meno de elevaci\u00f3n y molienda, el cilindro no necesita enfriamiento, la vida \u00fatil es larga y la tasa de fallos es baja.<\/p>\n\n\n\n<h3 class=\"gb-headline gb-headline-b5dd747c gb-headline-text\">3. Protecci\u00f3n ambiental y ahorro de energ\u00eda<\/h3>\n\n\n\n<p>Los medios de molienda del molino de bolas en seco est\u00e1n dosificados razonablemente seg\u00fan los requisitos del producto, con una alta tasa de llenado y alto rendimiento. Adem\u00e1s, la compatibilidad de la transmisi\u00f3n y el consumo de energ\u00eda de molienda est\u00e1 optimizada para que el equipo ahorre mejor energ\u00eda. El molino de bolas en seco suele combinarse con el clasificador para formar un sistema cerrado con transporte de presi\u00f3n negativa y sin contaminaci\u00f3n por polvo.<\/p>\n\n\n<div class=\"gb-container gb-container-d7b7b595\">\n\n<a class=\"gb-button gb-button-c1312760 gb-button-text\" href=\"#popmake-622\">Obtener presupuesto gratuito<\/a>\n\n<\/div>\n<\/div>\n<\/div>\n\n<div class=\"gb-container gb-container-ebd718b6\">\n<div class=\"gb-container gb-container-5c75b960\">\n\n<h2 class=\"gb-headline gb-headline-98859344 gb-headline-text\">Estructura del molino de bolas en seco<\/h2>\n\n\n\n<figure class=\"gb-block-image gb-block-image-c486b36e\"><img decoding=\"async\" width=\"920\" height=\"420\" class=\"gb-image gb-image-c486b36e\" src=\"https:\/\/hengxingmachinery.com\/wp-content\/uploads\/2025\/01\/dry-ball-mill-feature.jpg\" alt=\"\" title=\"caracteristica-del-molino-de-bolas-en-seco\" srcset=\"https:\/\/hengxingmachinery.com\/wp-content\/uploads\/2025\/01\/dry-ball-mill-feature.jpg 920w, https:\/\/hengxingmachinery.com\/wp-content\/uploads\/2025\/01\/dry-ball-mill-feature-300x137.jpg 300w, https:\/\/hengxingmachinery.com\/wp-content\/uploads\/2025\/01\/dry-ball-mill-feature-768x351.jpg 768w, https:\/\/hengxingmachinery.com\/wp-content\/uploads\/2025\/01\/dry-ball-mill-feature-18x8.jpg 18w\" sizes=\"(max-width: 920px) 100vw, 920px\" \/><\/figure>\n\n\n\n<p>El molino de bolas en seco tiene una estructura simple y operaci\u00f3n f\u00e1cil. La estructura principal est\u00e1 compuesta por un cilindro, dos cojinetes y un dispositivo de transmisi\u00f3n. El cilindro est\u00e1 soldado o remachado con varillas de acero general, y ambos extremos est\u00e1n hechos de hierro fundido. <\/p>\n\n\n\n<p>Para el sellado, el lado exterior de la tapa terminal generalmente est\u00e1 equipado con nervaduras de refuerzo para mejorar el efecto de sellado. La parte media del cilindro est\u00e1 provista de una abertura para la alimentaci\u00f3n y descarga.<\/p>\n\n\n<div class=\"gb-container gb-container-d6bbf16a\">\n\n<a class=\"gb-button gb-button-caa3f2bc gb-button-text\" href=\"#popmake-622\">Obtener presupuesto gratuito<\/a>\n\n<\/div>\n<\/div>\n<\/div>\n\n<div class=\"gb-container gb-container-118270fb\">\n<div class=\"gb-container gb-container-3b1e5c86\">\n\n<h2 class=\"gb-headline gb-headline-4183a533 gb-headline-text\">Principio de funcionamiento del molino de bolas en seco<\/h2>\n\n\n\n<figure class=\"gb-block-image gb-block-image-68116685\"><img decoding=\"async\" width=\"920\" height=\"420\" class=\"gb-image gb-image-68116685\" src=\"https:\/\/hengxingmachinery.com\/wp-content\/uploads\/2025\/01\/dry-ball-mill-working.jpg\" alt=\"\" title=\"funcionamiento-del-molino-de-bolas-en-seco\" srcset=\"https:\/\/hengxingmachinery.com\/wp-content\/uploads\/2025\/01\/dry-ball-mill-working.jpg 920w, https:\/\/hengxingmachinery.com\/wp-content\/uploads\/2025\/01\/dry-ball-mill-working-300x137.jpg 300w, https:\/\/hengxingmachinery.com\/wp-content\/uploads\/2025\/01\/dry-ball-mill-working-768x351.jpg 768w, https:\/\/hengxingmachinery.com\/wp-content\/uploads\/2025\/01\/dry-ball-mill-working-18x8.jpg 18w\" sizes=\"(max-width: 920px) 100vw, 920px\" \/><\/figure>\n\n\n\n<p>El molino de bolas en seco es un dispositivo rotativo cil\u00edndrico horizontal, similar en principio de funcionamiento a los molinos de bolas tipo rejilla, que consta de dos c\u00e1maras y es accionado por un engranaje exterior. Cuando el material se alimenta a trav\u00e9s del dispositivo de alimentaci\u00f3n y entra en la primera c\u00e1mara del molino mediante el eje hueco en espiral, se distribuye uniformemente. Esta c\u00e1mara tiene revestimientos escalonados u ondulados y est\u00e1 llena de bolas de acero de diferentes especificaciones. La rotaci\u00f3n del cilindro genera fuerza centr\u00edfuga que eleva las bolas de acero a cierta altura antes de que caigan, ejerciendo un fuerte impacto y acci\u00f3n de molienda sobre el material.<\/p>\n\n\n\n<p>Despu\u00e9s de que el material sufre una molienda gruesa en la primera c\u00e1mara, pasa a trav\u00e9s de una placa de partici\u00f3n de una sola capa hacia la segunda c\u00e1mara. Esta c\u00e1mara est\u00e1 revestida con placas planas y llena de bolas de acero para una molienda adicional del material. El material en polvo se descarga a trav\u00e9s de la rejilla de descarga, completando la operaci\u00f3n de molienda.<\/p>\n\n\n<div class=\"gb-container gb-container-73594bdb\">\n\n<a class=\"gb-button gb-button-ec632b07 gb-button-text\" href=\"#popmake-622\">Obtener presupuesto gratuito<\/a>\n\n<\/div>\n<\/div>\n<\/div>\n\n<div class=\"gb-container gb-container-435ad261\">\n<div class=\"gb-container gb-container-7dc79cc4\">\n\n<h2 class=\"gb-headline gb-headline-6fe5dee2 gb-headline-text\">Especificaciones del molino de bolas en seco<\/h2>\n\n\n\n<figure class=\"wp-block-table is-style-stripes\"><table class=\"has-fixed-layout\"><tbody><tr><td><strong>Modelo<\/strong><\/td><td><strong>Velocidad de rotaci\u00f3n del tambor<br>(r\/min)<\/strong><\/td><td><strong>Carga de bolas<br>(t)<\/strong><\/td><td><strong>Tama\u00f1o de alimentaci\u00f3n<br>(mm)<\/strong><\/td><td><strong>Tama\u00f1o de salida<br>(mm)<\/strong><\/td><td><strong>Capacidad<br>(t\/h)<\/strong><\/td><td><strong>Fuerza<br>(kW)<\/strong><\/td><td><strong>Peso<br>(t)<\/strong><\/td><\/tr><tr><td>\u0424900\u00d71800<\/td><td>36<\/td><td>1.5<\/td><td>\u226420<\/td><td>0.075-0.89<\/td><td>0.65-2<\/td><td>18.5<\/td><td>5.85<\/td><\/tr><tr><td>\u0424900\u00d73000<\/td><td>38<\/td><td>2.7<\/td><td>\u226420<\/td><td>0.075-0.89<\/td><td>1.1-3.5<\/td><td>22<\/td><td>6.98<\/td><\/tr><tr><td>\u04241200\u00d72400<\/td><td>36<\/td><td>3<\/td><td>\u226425<\/td><td>0.075-0.6<\/td><td>1.5-4.8<\/td><td>30<\/td><td>13.6<\/td><\/tr><tr><td>\u04241200\u00d73000<\/td><td>36<\/td><td>3.5<\/td><td>\u226425<\/td><td>0.074-0.4<\/td><td>1.6-5<\/td><td>37<\/td><td>14.3<\/td><\/tr><tr><td>\u04241200\u00d74500<\/td><td>36<\/td><td>5<\/td><td>\u226425<\/td><td>0.074-0.4<\/td><td>1.6-5.8<\/td><td>55<\/td><td>15.6<\/td><\/tr><tr><td>\u04241500\u00d73000<\/td><td>32.4<\/td><td>7.5<\/td><td>\u226425<\/td><td>0.074-0.4<\/td><td>2-5<\/td><td>75<\/td><td>19.5<\/td><\/tr><tr><td>\u04241500\u00d74500<\/td><td>29.7<\/td><td>11<\/td><td>\u226425<\/td><td>0.074-0.4<\/td><td>3-6<\/td><td>110<\/td><td>22<\/td><\/tr><tr><td>\u04241500\u00d75700<\/td><td>27<\/td><td>12<\/td><td>\u226425<\/td><td>0.074-0.4<\/td><td>3.5-6<\/td><td>130<\/td><td>25.8<\/td><\/tr><tr><td>\u04241830\u00d73000<\/td><td>25.4<\/td><td>11<\/td><td>\u226425<\/td><td>0.074-0.4<\/td><td>4-10<\/td><td>130<\/td><td>34.5<\/td><\/tr><tr><td>\u04241830\u00d74500<\/td><td>25.4<\/td><td>15<\/td><td>\u226425<\/td><td>0.074-0.4<\/td><td>4.5-12<\/td><td>155<\/td><td>38<\/td><\/tr><tr><td>\u04241830\u00d76400<\/td><td>24.1<\/td><td>21<\/td><td>\u226425<\/td><td>0.074-0.4<\/td><td>6.5-15<\/td><td>210<\/td><td>43<\/td><\/tr><tr><td>\u04241830\u00d77000<\/td><td>24.1<\/td><td>23<\/td><td>\u226425<\/td><td>0.074-0.4<\/td><td>7.5-17<\/td><td>245<\/td><td>43.8<\/td><\/tr><tr><td>\u04242100\u00d73000<\/td><td>23.7<\/td><td>15<\/td><td>\u226425<\/td><td>0.074-0.4<\/td><td>6.5-36<\/td><td>155<\/td><td>45<\/td><\/tr><tr><td>\u04242100\u00d74500<\/td><td>23.7<\/td><td>24<\/td><td>\u226425<\/td><td>0.074-0.4<\/td><td>8-43<\/td><td>245<\/td><td>56&nbsp;<\/td><\/tr><tr><td>\u04242100\u00d77000<\/td><td>23.7<\/td><td>26<\/td><td>\u226425<\/td><td>0.074-0.4<\/td><td>12-48<\/td><td>280<\/td><td>59.5<\/td><\/tr><tr><td>\u04242200\u00d74500<\/td><td>21.5<\/td><td>27<\/td><td>\u226425<\/td><td>0.074-0.4<\/td><td>9-45<\/td><td>280<\/td><td>54.5<\/td><\/tr><tr><td>\u04242200\u00d76500<\/td><td>21.7<\/td><td>35<\/td><td>\u226425<\/td><td>0.074-0.4<\/td><td>14-26<\/td><td>380<\/td><td>61<\/td><\/tr><tr><td>\u04242200\u00d77000<\/td><td>21.7<\/td><td>35<\/td><td>\u226425<\/td><td>0.074-0.4<\/td><td>15-28<\/td><td>380<\/td><td>62.5<\/td><\/tr><tr><td>\u04242200\u00d77500<\/td><td>21.7<\/td><td>35<\/td><td>\u226425<\/td><td>0.074-0.4<\/td><td>15-30<\/td><td>380<\/td><td>64.8<\/td><\/tr><tr><td>\u04242400\u00d73000<\/td><td>21<\/td><td>23<\/td><td>\u226425<\/td><td>0.074-0.4<\/td><td>7-50<\/td><td>245<\/td><td>58<\/td><\/tr><tr><td>\u04242400\u00d74500<\/td><td>21<\/td><td>30<\/td><td>\u226425<\/td><td>0.074-0.4<\/td><td>8.5-60<\/td><td>320<\/td><td>72<\/td><\/tr><tr><td>\u04242700\u00d74000<\/td><td>20.7<\/td><td>40<\/td><td>\u226425<\/td><td>0.074-0.4<\/td><td>22-80<\/td><td>380<\/td><td>95<\/td><\/tr><tr><td>\u04242700\u00d74500<\/td><td>20.7<\/td><td>48<\/td><td>\u226425<\/td><td>0.074-0.4<\/td><td>26-90<\/td><td>480<\/td><td>102<\/td><\/tr><tr><td>\u04243200\u00d74500<\/td><td>18<\/td><td>65<\/td><td>\u226425<\/td><td>0.074-0.4<\/td><td>Depende de las condiciones de trabajo<\/td><td>630<\/td><td>149<\/td><\/tr><tr><td>\u04243600\u00d74500<\/td><td>17<\/td><td>90<\/td><td>\u226425<\/td><td>0.074-0.4<\/td><td>Depende de las condiciones de trabajo<\/td><td>850<\/td><td>169<\/td><\/tr><tr><td>\u04243600\u00d76000<\/td><td>17<\/td><td>110<\/td><td>\u226425<\/td><td>0.074-0.4<\/td><td>Depende de las condiciones de trabajo<\/td><td>1250<\/td><td>198<\/td><\/tr><\/tbody><\/table><\/figure>\n\n\n<div class=\"gb-container gb-container-263d9700\">\n\n<a class=\"gb-button gb-button-a4cbb7be gb-button-text\" href=\"#popmake-622\">Obtener presupuesto gratuito<\/a>\n\n<\/div>\n<\/div>\n<\/div>\n\n\n<p><\/p>","protected":false},"excerpt":{"rendered":"<p>Dry ball mill Features of dry ball mill 1. Good grinding effect The equipment optimizes the aspect ratio to prevent excessive grinding and achieve a better grinding effect; in addition, the opening rate of its grate plate is optimized the opening design is adopted, and the use of smaller grinding media can improve the grinding &#8230; <\/p>\n<p class=\"read-more-container\"><a title=\"3-1. Molino de bolas en seco\" class=\"read-more button\" href=\"https:\/\/hengxingmachinery.com\/es\/dry-ball-mill\/#more-1389\" aria-label=\"Leer m\u00e1s sobre 3-1. Dry ball mill\">Leer m\u00e1s<\/a><\/p>","protected":false},"author":1,"featured_media":0,"parent":0,"menu_order":0,"comment_status":"closed","ping_status":"closed","template":"","meta":{"footnotes":""},"class_list":["post-1389","page","type-page","status-publish"],"yoast_head":"<!-- This site is optimized with the Yoast SEO plugin v27.5 - https:\/\/yoast.com\/product\/yoast-seo-wordpress\/ -->\n<title>3-1. Dry ball mill - Hengxing Machinery<\/title>\n<meta name=\"robots\" content=\"index, follow, max-snippet:-1, max-image-preview:large, max-video-preview:-1\" \/>\n<link rel=\"canonical\" href=\"https:\/\/hengxingmachinery.com\/es\/dry-ball-mill\/\" \/>\n<meta property=\"og:locale\" content=\"es_ES\" \/>\n<meta property=\"og:type\" content=\"article\" \/>\n<meta property=\"og:title\" content=\"3-1. Dry ball mill - Hengxing Machinery\" \/>\n<meta property=\"og:description\" content=\"Dry ball mill Features of dry ball mill 1. Good grinding effect The equipment optimizes the aspect ratio to prevent excessive grinding and achieve a better grinding effect; in addition, the opening rate of its grate plate is optimized the opening design is adopted, and the use of smaller grinding media can improve the grinding ... Leer m\u00e1s\" \/>\n<meta property=\"og:url\" content=\"https:\/\/hengxingmachinery.com\/es\/dry-ball-mill\/\" \/>\n<meta property=\"og:site_name\" content=\"Hengxing Machinery\" \/>\n<meta property=\"article:modified_time\" content=\"2025-01-13T09:31:11+00:00\" \/>\n<meta property=\"og:image\" content=\"https:\/\/hengxingmachinery.com\/wp-content\/uploads\/2025\/01\/dry-ball-mill-for-sale.jpg\" \/>\n<meta name=\"twitter:card\" content=\"summary_large_image\" \/>\n<meta name=\"twitter:label1\" content=\"Tiempo de lectura\" \/>\n\t<meta name=\"twitter:data1\" content=\"5 minutos\" \/>\n<script type=\"application\/ld+json\" class=\"yoast-schema-graph\">{\"@context\":\"https:\\\/\\\/schema.org\",\"@graph\":[{\"@type\":\"WebPage\",\"@id\":\"https:\\\/\\\/hengxingmachinery.com\\\/dry-ball-mill\\\/\",\"url\":\"https:\\\/\\\/hengxingmachinery.com\\\/dry-ball-mill\\\/\",\"name\":\"3-1. Dry ball mill - Hengxing Machinery\",\"isPartOf\":{\"@id\":\"https:\\\/\\\/hengxingmachinery.com\\\/#website\"},\"primaryImageOfPage\":{\"@id\":\"https:\\\/\\\/hengxingmachinery.com\\\/dry-ball-mill\\\/#primaryimage\"},\"image\":{\"@id\":\"https:\\\/\\\/hengxingmachinery.com\\\/dry-ball-mill\\\/#primaryimage\"},\"thumbnailUrl\":\"https:\\\/\\\/hengxingmachinery.com\\\/wp-content\\\/uploads\\\/2025\\\/01\\\/dry-ball-mill-for-sale.jpg\",\"datePublished\":\"2025-01-10T07:07:05+00:00\",\"dateModified\":\"2025-01-13T09:31:11+00:00\",\"breadcrumb\":{\"@id\":\"https:\\\/\\\/hengxingmachinery.com\\\/dry-ball-mill\\\/#breadcrumb\"},\"inLanguage\":\"es\",\"potentialAction\":[{\"@type\":\"ReadAction\",\"target\":[\"https:\\\/\\\/hengxingmachinery.com\\\/dry-ball-mill\\\/\"]}]},{\"@type\":\"ImageObject\",\"inLanguage\":\"es\",\"@id\":\"https:\\\/\\\/hengxingmachinery.com\\\/dry-ball-mill\\\/#primaryimage\",\"url\":\"https:\\\/\\\/hengxingmachinery.com\\\/wp-content\\\/uploads\\\/2025\\\/01\\\/dry-ball-mill-for-sale.jpg\",\"contentUrl\":\"https:\\\/\\\/hengxingmachinery.com\\\/wp-content\\\/uploads\\\/2025\\\/01\\\/dry-ball-mill-for-sale.jpg\"},{\"@type\":\"BreadcrumbList\",\"@id\":\"https:\\\/\\\/hengxingmachinery.com\\\/dry-ball-mill\\\/#breadcrumb\",\"itemListElement\":[{\"@type\":\"ListItem\",\"position\":1,\"name\":\"Home\",\"item\":\"https:\\\/\\\/hengxingmachinery.com\\\/\"},{\"@type\":\"ListItem\",\"position\":2,\"name\":\"3-1. Dry ball mill\"}]},{\"@type\":\"WebSite\",\"@id\":\"https:\\\/\\\/hengxingmachinery.com\\\/#website\",\"url\":\"https:\\\/\\\/hengxingmachinery.com\\\/\",\"name\":\"Hengxing Machinery\",\"description\":\"Leading Manufacturer of All Sorts of Mining Machinery\",\"publisher\":{\"@id\":\"https:\\\/\\\/hengxingmachinery.com\\\/#organization\"},\"potentialAction\":[{\"@type\":\"SearchAction\",\"target\":{\"@type\":\"EntryPoint\",\"urlTemplate\":\"https:\\\/\\\/hengxingmachinery.com\\\/?s={search_term_string}\"},\"query-input\":{\"@type\":\"PropertyValueSpecification\",\"valueRequired\":true,\"valueName\":\"search_term_string\"}}],\"inLanguage\":\"es\"},{\"@type\":\"Organization\",\"@id\":\"https:\\\/\\\/hengxingmachinery.com\\\/#organization\",\"name\":\"Hengxing Machinery\",\"url\":\"https:\\\/\\\/hengxingmachinery.com\\\/\",\"logo\":{\"@type\":\"ImageObject\",\"inLanguage\":\"es\",\"@id\":\"https:\\\/\\\/hengxingmachinery.com\\\/#\\\/schema\\\/logo\\\/image\\\/\",\"url\":\"https:\\\/\\\/hengxingmachinery.com\\\/wp-content\\\/uploads\\\/2024\\\/12\\\/logo.png\",\"contentUrl\":\"https:\\\/\\\/hengxingmachinery.com\\\/wp-content\\\/uploads\\\/2024\\\/12\\\/logo.png\",\"width\":400,\"height\":260,\"caption\":\"Hengxing Machinery\"},\"image\":{\"@id\":\"https:\\\/\\\/hengxingmachinery.com\\\/#\\\/schema\\\/logo\\\/image\\\/\"}}]}<\/script>\n<!-- \/ Yoast SEO plugin. -->","yoast_head_json":{"title":"3-1. Molino de bolas en seco - Hengxing Machinery","robots":{"index":"index","follow":"follow","max-snippet":"max-snippet:-1","max-image-preview":"max-image-preview:large","max-video-preview":"max-video-preview:-1"},"canonical":"https:\/\/hengxingmachinery.com\/es\/dry-ball-mill\/","og_locale":"es_ES","og_type":"article","og_title":"3-1. Dry ball mill - Hengxing Machinery","og_description":"Dry ball mill Features of dry ball mill 1. Good grinding effect The equipment optimizes the aspect ratio to prevent excessive grinding and achieve a better grinding effect; in addition, the opening rate of its grate plate is optimized the opening design is adopted, and the use of smaller grinding media can improve the grinding ... Leer m\u00e1s","og_url":"https:\/\/hengxingmachinery.com\/es\/dry-ball-mill\/","og_site_name":"Hengxing Machinery","article_modified_time":"2025-01-13T09:31:11+00:00","og_image":[{"url":"https:\/\/hengxingmachinery.com\/wp-content\/uploads\/2025\/01\/dry-ball-mill-for-sale.jpg","type":"","width":"","height":""}],"twitter_card":"summary_large_image","twitter_misc":{"Tiempo de lectura":"5 minutos"},"schema":{"@context":"https:\/\/schema.org","@graph":[{"@type":"WebPage","@id":"https:\/\/hengxingmachinery.com\/dry-ball-mill\/","url":"https:\/\/hengxingmachinery.com\/dry-ball-mill\/","name":"3-1. Molino de bolas en seco - Hengxing Machinery","isPartOf":{"@id":"https:\/\/hengxingmachinery.com\/#website"},"primaryImageOfPage":{"@id":"https:\/\/hengxingmachinery.com\/dry-ball-mill\/#primaryimage"},"image":{"@id":"https:\/\/hengxingmachinery.com\/dry-ball-mill\/#primaryimage"},"thumbnailUrl":"https:\/\/hengxingmachinery.com\/wp-content\/uploads\/2025\/01\/dry-ball-mill-for-sale.jpg","datePublished":"2025-01-10T07:07:05+00:00","dateModified":"2025-01-13T09:31:11+00:00","breadcrumb":{"@id":"https:\/\/hengxingmachinery.com\/dry-ball-mill\/#breadcrumb"},"inLanguage":"es","potentialAction":[{"@type":"ReadAction","target":["https:\/\/hengxingmachinery.com\/dry-ball-mill\/"]}]},{"@type":"ImageObject","inLanguage":"es","@id":"https:\/\/hengxingmachinery.com\/dry-ball-mill\/#primaryimage","url":"https:\/\/hengxingmachinery.com\/wp-content\/uploads\/2025\/01\/dry-ball-mill-for-sale.jpg","contentUrl":"https:\/\/hengxingmachinery.com\/wp-content\/uploads\/2025\/01\/dry-ball-mill-for-sale.jpg"},{"@type":"BreadcrumbList","@id":"https:\/\/hengxingmachinery.com\/dry-ball-mill\/#breadcrumb","itemListElement":[{"@type":"ListItem","position":1,"name":"Home","item":"https:\/\/hengxingmachinery.com\/"},{"@type":"ListItem","position":2,"name":"3-1. Dry ball mill"}]},{"@type":"WebSite","@id":"https:\/\/hengxingmachinery.com\/#website","url":"https:\/\/hengxingmachinery.com\/","name":"Maquinaria Hengxing","description":"Fabricante l\u00edder de todo tipo de maquinaria minera","publisher":{"@id":"https:\/\/hengxingmachinery.com\/#organization"},"potentialAction":[{"@type":"SearchAction","target":{"@type":"EntryPoint","urlTemplate":"https:\/\/hengxingmachinery.com\/?s={search_term_string}"},"query-input":{"@type":"PropertyValueSpecification","valueRequired":true,"valueName":"search_term_string"}}],"inLanguage":"es"},{"@type":"Organization","@id":"https:\/\/hengxingmachinery.com\/#organization","name":"Maquinaria Hengxing","url":"https:\/\/hengxingmachinery.com\/","logo":{"@type":"ImageObject","inLanguage":"es","@id":"https:\/\/hengxingmachinery.com\/#\/schema\/logo\/image\/","url":"https:\/\/hengxingmachinery.com\/wp-content\/uploads\/2024\/12\/logo.png","contentUrl":"https:\/\/hengxingmachinery.com\/wp-content\/uploads\/2024\/12\/logo.png","width":400,"height":260,"caption":"Hengxing Machinery"},"image":{"@id":"https:\/\/hengxingmachinery.com\/#\/schema\/logo\/image\/"}}]}},"_links":{"self":[{"href":"https:\/\/hengxingmachinery.com\/es\/wp-json\/wp\/v2\/pages\/1389","targetHints":{"allow":["GET"]}}],"collection":[{"href":"https:\/\/hengxingmachinery.com\/es\/wp-json\/wp\/v2\/pages"}],"about":[{"href":"https:\/\/hengxingmachinery.com\/es\/wp-json\/wp\/v2\/types\/page"}],"author":[{"embeddable":true,"href":"https:\/\/hengxingmachinery.com\/es\/wp-json\/wp\/v2\/users\/1"}],"replies":[{"embeddable":true,"href":"https:\/\/hengxingmachinery.com\/es\/wp-json\/wp\/v2\/comments?post=1389"}],"version-history":[{"count":2,"href":"https:\/\/hengxingmachinery.com\/es\/wp-json\/wp\/v2\/pages\/1389\/revisions"}],"predecessor-version":[{"id":1584,"href":"https:\/\/hengxingmachinery.com\/es\/wp-json\/wp\/v2\/pages\/1389\/revisions\/1584"}],"wp:attachment":[{"href":"https:\/\/hengxingmachinery.com\/es\/wp-json\/wp\/v2\/media?parent=1389"}],"curies":[{"name":"wp","href":"https:\/\/api.w.org\/{rel}","templated":true}]}}