{"id":1423,"date":"2025-01-10T08:21:44","date_gmt":"2025-01-10T08:21:44","guid":{"rendered":"https:\/\/hengxingmachinery.com\/?page_id=1423"},"modified":"2025-01-13T09:32:48","modified_gmt":"2025-01-13T09:32:48","slug":"rod-mill","status":"publish","type":"page","link":"https:\/\/hengxingmachinery.com\/es\/rod-mill\/","title":{"rendered":"3-1. Molino de barras"},"content":{"rendered":"<div class=\"gb-container gb-container-45165f5a\">\n<div class=\"gb-container gb-container-c2652eb4\">\n\n<h1 class=\"gb-headline gb-headline-62a8b2cc gb-headline-text\">Molino de barras<\/h1>\n\n<\/div>\n<\/div>\n\n<div class=\"gb-container gb-container-519cf624\">\n<div class=\"gb-container gb-container-71ca071e\">\n<div class=\"gb-grid-wrapper gb-grid-wrapper-8a5f0688\">\n<div class=\"gb-grid-column gb-grid-column-1e99b1c2\"><div class=\"gb-container gb-container-1e99b1c2\">\n\n<figure class=\"gb-block-image gb-block-image-e4eaba54\"><img decoding=\"async\" width=\"665\" height=\"545\" class=\"gb-image gb-image-e4eaba54\" src=\"https:\/\/hengxingmachinery.com\/wp-content\/uploads\/2025\/01\/rod-mill-for-sale.jpg\" alt=\"\" title=\"molino-de-barras-a-la-venta\" srcset=\"https:\/\/hengxingmachinery.com\/wp-content\/uploads\/2025\/01\/rod-mill-for-sale.jpg 665w, https:\/\/hengxingmachinery.com\/wp-content\/uploads\/2025\/01\/rod-mill-for-sale-300x246.jpg 300w, https:\/\/hengxingmachinery.com\/wp-content\/uploads\/2025\/01\/rod-mill-for-sale-15x12.jpg 15w\" sizes=\"(max-width: 665px) 100vw, 665px\" \/><\/figure>\n\n<\/div><\/div>\n\n<div class=\"gb-grid-column gb-grid-column-bcae065b\"><div class=\"gb-container gb-container-bcae065b\">\n\n<p class=\"gb-headline gb-headline-e419680e gb-headline-text\">El molino de barras recibe su nombre debido a que el cuerpo de molienda cargado en el cilindro consiste en barras de acero. Generalmente es del tipo h\u00famedo por rebose y puede utilizarse como molienda primaria en circuito abierto. Se emplea ampliamente en minas met\u00e1licas y no met\u00e1licas, as\u00ed como en los sectores de conservaci\u00f3n de agua y materiales de construcci\u00f3n, para moler diversos minerales o rocas. <\/p>\n\n\n<div class=\"gb-grid-wrapper gb-grid-wrapper-eebec76e\">\n<div class=\"gb-grid-column gb-grid-column-e3ada2f0\"><div class=\"gb-container gb-container-e3ada2f0\">\n\n<p class=\"gb-headline gb-headline-4c79a90a gb-headline-text\"><mark style=\"background-color:rgba(0, 0, 0, 0)\" class=\"has-inline-color has-global-color-8-color\"><strong>Tama\u00f1o de salida:<\/strong><\/mark> 0.833-0.147 mm<\/p>\n\n<\/div><\/div>\n\n<div class=\"gb-grid-column gb-grid-column-0bb00826\"><div class=\"gb-container gb-container-0bb00826\">\n\n<p class=\"gb-headline gb-headline-86d53f56 gb-headline-text\"><mark style=\"background-color:rgba(0, 0, 0, 0)\" class=\"has-inline-color has-global-color-8-color\"><strong>Tama\u00f1o de la alimentaci\u00f3n:<\/strong><\/mark> \u226425-\u226450 mm<\/p>\n\n<\/div><\/div>\n<\/div>\n\n\n<p class=\"gb-headline gb-headline-2750f5a7 gb-headline-text\"><strong>Solicitud:<\/strong><\/p>\n\n\n\n<p class=\"gb-headline gb-headline-28231626 gb-headline-text\">Ampliamente utilizado para la fabricaci\u00f3n de arena artificial, plantas de procesamiento de minerales y plantas qu\u00edmicas.<\/p>\n\n\n<div class=\"gb-container gb-container-256e15f1\">\n\n<a class=\"gb-button gb-button-e8b73d89 gb-button-text\" href=\"#popmake-622\">Obtener presupuesto gratuito<\/a>\n\n<\/div>\n<\/div><\/div>\n<\/div>\n<\/div>\n<\/div>\n\n<div class=\"gb-container gb-container-ebd718b6\">\n<div class=\"gb-container gb-container-5c75b960\">\n\n<h2 class=\"gb-headline gb-headline-98859344 gb-headline-text\">Uso del molino de barras\/bolas<\/h2>\n\n\n\n<figure class=\"gb-block-image gb-block-image-c486b36e\"><img decoding=\"async\" width=\"920\" height=\"420\" class=\"gb-image gb-image-c486b36e\" src=\"https:\/\/hengxingmachinery.com\/wp-content\/uploads\/2025\/01\/rod-mill-feature.jpg\" alt=\"\" title=\"caracteristica-del-molino-de-barras\" srcset=\"https:\/\/hengxingmachinery.com\/wp-content\/uploads\/2025\/01\/rod-mill-feature.jpg 920w, https:\/\/hengxingmachinery.com\/wp-content\/uploads\/2025\/01\/rod-mill-feature-300x137.jpg 300w, https:\/\/hengxingmachinery.com\/wp-content\/uploads\/2025\/01\/rod-mill-feature-768x351.jpg 768w, https:\/\/hengxingmachinery.com\/wp-content\/uploads\/2025\/01\/rod-mill-feature-18x8.jpg 18w\" sizes=\"(max-width: 920px) 100vw, 920px\" \/><\/figure>\n\n\n\n<p>1. En las plantas de separaci\u00f3n por gravedad o magn\u00e9tica de minerales de tungsteno-esta\u00f1o y otros metales raros, as\u00ed como en plantas de arena de cuarzo, se utilizan frecuentemente molinos de barras para prevenir los da\u00f1os causados por la \u201csobremolienda\u201d.<\/p>\n\n\n\n<p>2. Cuando se emplea molienda continua en dos etapas, si en la primera etapa se requiere moler de 20-6 mm a 3-1 mm, el uso del molino de barras como equipo de molienda primaria ofrece una mayor capacidad de producci\u00f3n y eficiencia.<\/p>\n\n\n\n<p>3. En algunos casos, el molino de barras puede reemplazar a la trituradora de cono de cabeza corta para la trituraci\u00f3n fina.<\/p>\n\n\n<div class=\"gb-container gb-container-d6bbf16a\">\n\n<a class=\"gb-button gb-button-caa3f2bc gb-button-text\" href=\"#popmake-622\">Obtener presupuesto gratuito<\/a>\n\n<\/div>\n<\/div>\n<\/div>\n\n<div class=\"gb-container gb-container-8d8b4afc\">\n<div class=\"gb-container gb-container-f2c44112\">\n\n<h2 class=\"gb-headline gb-headline-602757fa gb-headline-text\">Caracter\u00edsticas del molino de barras\/bolas<\/h2>\n\n\n\n<figure class=\"gb-block-image gb-block-image-db4c5409\"><img decoding=\"async\" width=\"920\" height=\"420\" class=\"gb-image gb-image-db4c5409\" src=\"https:\/\/hengxingmachinery.com\/wp-content\/uploads\/2025\/01\/rod-mill-usage.jpg\" alt=\"\" title=\"uso-del-molino-de-barras\" srcset=\"https:\/\/hengxingmachinery.com\/wp-content\/uploads\/2025\/01\/rod-mill-usage.jpg 920w, https:\/\/hengxingmachinery.com\/wp-content\/uploads\/2025\/01\/rod-mill-usage-300x137.jpg 300w, https:\/\/hengxingmachinery.com\/wp-content\/uploads\/2025\/01\/rod-mill-usage-768x351.jpg 768w, https:\/\/hengxingmachinery.com\/wp-content\/uploads\/2025\/01\/rod-mill-usage-18x8.jpg 18w\" sizes=\"(max-width: 920px) 100vw, 920px\" \/><\/figure>\n\n\n\n<p>1. La caracter\u00edstica del molino de barras es que, durante el proceso de molienda, el medio de molienda est\u00e1 en contacto lineal con el mineral, por lo que tiene un efecto de molienda selectiva;<\/p>\n\n\n\n<p>2. La granulometr\u00eda del producto es relativamente uniforme y hay pocas part\u00edculas de mineral despu\u00e9s de la trituraci\u00f3n;<\/p>\n\n\n\n<p>3. Cuando se utiliza para molienda gruesa, la capacidad de procesamiento del molino de barras es mayor que la de un molino de bolas de la misma especificaci\u00f3n, y viceversa;<\/p>\n\n\n\n<p>4. Operaci\u00f3n estable, ahorro de energ\u00eda, reducci\u00f3n del consumo y alta producci\u00f3n.<\/p>\n\n\n<div class=\"gb-container gb-container-63dc3c06\">\n\n<a class=\"gb-button gb-button-a6821353 gb-button-text\" href=\"#popmake-622\">Obtener presupuesto gratuito<\/a>\n\n<\/div>\n<\/div>\n<\/div>\n\n<div class=\"gb-container gb-container-b24071b3\">\n<div class=\"gb-container gb-container-60584794\">\n\n<h2 class=\"gb-headline gb-headline-5e7d8f8c gb-headline-text\">Principio de funcionamiento del molino de barras<\/h2>\n\n\n\n<figure class=\"gb-block-image gb-block-image-a7119939\"><img decoding=\"async\" width=\"920\" height=\"420\" class=\"gb-image gb-image-a7119939\" src=\"https:\/\/hengxingmachinery.com\/wp-content\/uploads\/2025\/01\/rod-mill-working.jpg\" alt=\"\" title=\"funcionamiento-del-molino-de-barras\" srcset=\"https:\/\/hengxingmachinery.com\/wp-content\/uploads\/2025\/01\/rod-mill-working.jpg 920w, https:\/\/hengxingmachinery.com\/wp-content\/uploads\/2025\/01\/rod-mill-working-300x137.jpg 300w, https:\/\/hengxingmachinery.com\/wp-content\/uploads\/2025\/01\/rod-mill-working-768x351.jpg 768w, https:\/\/hengxingmachinery.com\/wp-content\/uploads\/2025\/01\/rod-mill-working-18x8.jpg 18w\" sizes=\"(max-width: 920px) 100vw, 920px\" \/><\/figure>\n\n\n\n<p>El molino de barras es impulsado por el motor a trav\u00e9s de un reductor de engranajes, o bien mediante un motor s\u00edncrono perif\u00e9rico de baja velocidad, o directamente a trav\u00e9s de una gran corona dentada perif\u00e9rica que reduce la velocidad, lo que hace girar el cilindro.<\/p>\n\n\n\n<p>Se requiere un cuerpo cil\u00edndrico con un medio de molienda adecuado, como barras de acero. El medio de molienda, bajo la acci\u00f3n de la fuerza centr\u00edfuga y la fricci\u00f3n, se eleva a una cierta altura y cae o se desliza en estado de cascada. <\/p>\n\n\n\n<p>El material molido se alimenta continuamente desde la boca de entrada al interior del cilindro, donde es triturado por el movimiento de los medios de molienda, y a trav\u00e9s del rebose y la acci\u00f3n continua, el producto mineralizado pasa al siguiente conjunto de procesos operativos.<\/p>\n\n\n<div class=\"gb-container gb-container-1f0dc6f2\">\n\n<a class=\"gb-button gb-button-6c09f29e gb-button-text\" href=\"#popmake-622\">Obtener presupuesto gratuito<\/a>\n\n<\/div>\n<\/div>\n<\/div>\n\n<div class=\"gb-container gb-container-435ad261\">\n<div class=\"gb-container gb-container-7dc79cc4\">\n\n<h2 class=\"gb-headline gb-headline-6fe5dee2 gb-headline-text\">Especificaciones del molino de barras<\/h2>\n\n\n\n<figure class=\"wp-block-table is-style-stripes\"><table class=\"has-fixed-layout\"><tbody><tr><td rowspan=\"2\"><strong>Modelo<\/strong><\/td><td colspan=\"2\"><strong>Especificaciones de la carcasa (mm)<\/strong><\/td><td rowspan=\"2\"><strong>Velocidad de rotaci\u00f3n de la carcasa\u00a0<br>(rpm)<\/strong><\/td><td rowspan=\"2\"><strong>Tama\u00f1o de la alimentaci\u00f3n\u00a0<br>(mm)<\/strong><\/td><td rowspan=\"2\"><strong>Tama\u00f1o de descarga\u00a0<br>(mm)<\/strong><\/td><td rowspan=\"2\"><strong>Capacidad de procesamiento\u00a0<br>(t\/h)<\/strong><\/td><td rowspan=\"2\"><strong>Fuerza<br>(kW)<\/strong><\/td><td rowspan=\"2\"><strong>Peso total\u00a0<br>(t)<\/strong><\/td><\/tr><tr><td><strong>Di\u00e1metro<\/strong><\/td><td><strong>Longitud<\/strong><\/td><\/tr><tr><td>MBS0918<\/td><td>900<\/td><td>1800<\/td><td>36-38<\/td><td>\u226425<\/td><td>0.833-0.147<\/td><td>0.62-3.2<\/td><td>18.5<\/td><td>5.9<\/td><\/tr><tr><td>MBS0924<\/td><td>900<\/td><td>2400<\/td><td>36<\/td><td>\u226425<\/td><td>0.833-0.147<\/td><td>0.81-4.3<\/td><td>22<\/td><td>6.7<\/td><\/tr><tr><td>MBS1224<\/td><td>1200<\/td><td>2400<\/td><td>36<\/td><td>\u226425<\/td><td>0.833-0.147<\/td><td>1.1-4.9<\/td><td>30<\/td><td>13.9<\/td><\/tr><tr><td>MBS1530<\/td><td>1500<\/td><td>3000<\/td><td>29.7<\/td><td>\u226425<\/td><td>0.833-0.147<\/td><td>2.4-7.5<\/td><td>75<\/td><td>19.8<\/td><\/tr><tr><td>MBS1830<\/td><td>1830<\/td><td>3000<\/td><td>25.4<\/td><td>\u226425<\/td><td>0.833-0.147<\/td><td>4.8-11.6<\/td><td>130<\/td><td>34.9<\/td><\/tr><tr><td>MBS2130<\/td><td>2100<\/td><td>3000<\/td><td>23.7<\/td><td>\u226425<\/td><td>0.833-0.147<\/td><td>14-35<\/td><td>155<\/td><td>46.5<\/td><\/tr><tr><td>MBS2136<\/td><td>2100<\/td><td>3600<\/td><td>23.7<\/td><td>\u226425<\/td><td>0.833-0.147<\/td><td>19-43<\/td><td>180<\/td><td>48.7<\/td><\/tr><tr><td>MBS2430<\/td><td>2400<\/td><td>3000<\/td><td>21<\/td><td>\u226450<\/td><td>0.833-0.147<\/td><td>25-65<\/td><td>245<\/td><td>59.7<\/td><\/tr><tr><td>MBS2736<\/td><td>2700<\/td><td>3600<\/td><td>20.7<\/td><td>\u226450<\/td><td>0.833-0.147<\/td><td>32-86<\/td><td>380<\/td><td>92.5<\/td><\/tr><tr><td>MBS2740<\/td><td>2700<\/td><td>4000<\/td><td>20.7<\/td><td>\u226450<\/td><td>0.833-0.147<\/td><td>32-92<\/td><td>400<\/td><td>95<\/td><\/tr><tr><td>MBS3245<\/td><td>3200<\/td><td>4500<\/td><td>18<\/td><td>\u226450<\/td><td>0.833-0.147<\/td><td>64-180<\/td><td>630<\/td><td>149<\/td><\/tr><\/tbody><\/table><\/figure>\n\n\n<div class=\"gb-container gb-container-263d9700\">\n\n<a class=\"gb-button gb-button-a4cbb7be gb-button-text\" href=\"#popmake-622\">Obtener presupuesto gratuito<\/a>\n\n<\/div>\n<\/div>\n<\/div>","protected":false},"excerpt":{"rendered":"<p>Rod mill Rod ball mill usage 1. In the gravity separation or magnetic separation plant of tungsten-tin ore and other rare metal ore, as well as the quartz sand plant, rod mills are often used in order to prevent the harm caused by &#8220;over crushing&#8221;. 2. When two-stage continuous grinding is used, if the first &#8230; <\/p>\n<p class=\"read-more-container\"><a title=\"3-1. Molino de barras\" class=\"read-more button\" href=\"https:\/\/hengxingmachinery.com\/es\/rod-mill\/#more-1423\" aria-label=\"Leer m\u00e1s sobre 3-1. Rod mill\">Leer m\u00e1s<\/a><\/p>","protected":false},"author":1,"featured_media":0,"parent":0,"menu_order":0,"comment_status":"closed","ping_status":"closed","template":"","meta":{"footnotes":""},"class_list":["post-1423","page","type-page","status-publish"],"yoast_head":"<!-- This site is optimized with the Yoast SEO plugin v27.4 - https:\/\/yoast.com\/product\/yoast-seo-wordpress\/ -->\n<title>3-1. Rod mill - Hengxing Machinery<\/title>\n<meta name=\"robots\" content=\"index, follow, max-snippet:-1, max-image-preview:large, max-video-preview:-1\" \/>\n<link rel=\"canonical\" href=\"https:\/\/hengxingmachinery.com\/es\/rod-mill\/\" \/>\n<meta property=\"og:locale\" content=\"es_ES\" \/>\n<meta property=\"og:type\" content=\"article\" \/>\n<meta property=\"og:title\" content=\"3-1. Rod mill - Hengxing Machinery\" \/>\n<meta property=\"og:description\" content=\"Rod mill Rod ball mill usage 1. In the gravity separation or magnetic separation plant of tungsten-tin ore and other rare metal ore, as well as the quartz sand plant, rod mills are often used in order to prevent the harm caused by &#8220;over crushing&#8221;. 2. When two-stage continuous grinding is used, if the first ... Leer m\u00e1s\" \/>\n<meta property=\"og:url\" content=\"https:\/\/hengxingmachinery.com\/es\/rod-mill\/\" \/>\n<meta property=\"og:site_name\" content=\"Hengxing Machinery\" \/>\n<meta property=\"article:modified_time\" content=\"2025-01-13T09:32:48+00:00\" \/>\n<meta property=\"og:image\" content=\"https:\/\/hengxingmachinery.com\/wp-content\/uploads\/2025\/01\/rod-mill-for-sale.jpg\" \/>\n<meta name=\"twitter:card\" content=\"summary_large_image\" \/>\n<meta name=\"twitter:label1\" content=\"Tiempo de lectura\" \/>\n\t<meta name=\"twitter:data1\" content=\"4 minutos\" \/>\n<script type=\"application\/ld+json\" class=\"yoast-schema-graph\">{\"@context\":\"https:\\\/\\\/schema.org\",\"@graph\":[{\"@type\":\"WebPage\",\"@id\":\"https:\\\/\\\/hengxingmachinery.com\\\/rod-mill\\\/\",\"url\":\"https:\\\/\\\/hengxingmachinery.com\\\/rod-mill\\\/\",\"name\":\"3-1. Rod mill - Hengxing Machinery\",\"isPartOf\":{\"@id\":\"https:\\\/\\\/hengxingmachinery.com\\\/#website\"},\"primaryImageOfPage\":{\"@id\":\"https:\\\/\\\/hengxingmachinery.com\\\/rod-mill\\\/#primaryimage\"},\"image\":{\"@id\":\"https:\\\/\\\/hengxingmachinery.com\\\/rod-mill\\\/#primaryimage\"},\"thumbnailUrl\":\"https:\\\/\\\/hengxingmachinery.com\\\/wp-content\\\/uploads\\\/2025\\\/01\\\/rod-mill-for-sale.jpg\",\"datePublished\":\"2025-01-10T08:21:44+00:00\",\"dateModified\":\"2025-01-13T09:32:48+00:00\",\"breadcrumb\":{\"@id\":\"https:\\\/\\\/hengxingmachinery.com\\\/rod-mill\\\/#breadcrumb\"},\"inLanguage\":\"es\",\"potentialAction\":[{\"@type\":\"ReadAction\",\"target\":[\"https:\\\/\\\/hengxingmachinery.com\\\/rod-mill\\\/\"]}]},{\"@type\":\"ImageObject\",\"inLanguage\":\"es\",\"@id\":\"https:\\\/\\\/hengxingmachinery.com\\\/rod-mill\\\/#primaryimage\",\"url\":\"https:\\\/\\\/hengxingmachinery.com\\\/wp-content\\\/uploads\\\/2025\\\/01\\\/rod-mill-for-sale.jpg\",\"contentUrl\":\"https:\\\/\\\/hengxingmachinery.com\\\/wp-content\\\/uploads\\\/2025\\\/01\\\/rod-mill-for-sale.jpg\"},{\"@type\":\"BreadcrumbList\",\"@id\":\"https:\\\/\\\/hengxingmachinery.com\\\/rod-mill\\\/#breadcrumb\",\"itemListElement\":[{\"@type\":\"ListItem\",\"position\":1,\"name\":\"Home\",\"item\":\"https:\\\/\\\/hengxingmachinery.com\\\/\"},{\"@type\":\"ListItem\",\"position\":2,\"name\":\"3-1. Rod mill\"}]},{\"@type\":\"WebSite\",\"@id\":\"https:\\\/\\\/hengxingmachinery.com\\\/#website\",\"url\":\"https:\\\/\\\/hengxingmachinery.com\\\/\",\"name\":\"Hengxing Machinery\",\"description\":\"Leading Manufacturer of All Sorts of Mining Machinery\",\"publisher\":{\"@id\":\"https:\\\/\\\/hengxingmachinery.com\\\/#organization\"},\"potentialAction\":[{\"@type\":\"SearchAction\",\"target\":{\"@type\":\"EntryPoint\",\"urlTemplate\":\"https:\\\/\\\/hengxingmachinery.com\\\/?s={search_term_string}\"},\"query-input\":{\"@type\":\"PropertyValueSpecification\",\"valueRequired\":true,\"valueName\":\"search_term_string\"}}],\"inLanguage\":\"es\"},{\"@type\":\"Organization\",\"@id\":\"https:\\\/\\\/hengxingmachinery.com\\\/#organization\",\"name\":\"Hengxing Machinery\",\"url\":\"https:\\\/\\\/hengxingmachinery.com\\\/\",\"logo\":{\"@type\":\"ImageObject\",\"inLanguage\":\"es\",\"@id\":\"https:\\\/\\\/hengxingmachinery.com\\\/#\\\/schema\\\/logo\\\/image\\\/\",\"url\":\"https:\\\/\\\/hengxingmachinery.com\\\/wp-content\\\/uploads\\\/2024\\\/12\\\/logo.png\",\"contentUrl\":\"https:\\\/\\\/hengxingmachinery.com\\\/wp-content\\\/uploads\\\/2024\\\/12\\\/logo.png\",\"width\":400,\"height\":260,\"caption\":\"Hengxing Machinery\"},\"image\":{\"@id\":\"https:\\\/\\\/hengxingmachinery.com\\\/#\\\/schema\\\/logo\\\/image\\\/\"}}]}<\/script>\n<!-- \/ Yoast SEO plugin. -->","yoast_head_json":{"title":"3-1. Molino de barras - Maquinaria Hengxing","robots":{"index":"index","follow":"follow","max-snippet":"max-snippet:-1","max-image-preview":"max-image-preview:large","max-video-preview":"max-video-preview:-1"},"canonical":"https:\/\/hengxingmachinery.com\/es\/rod-mill\/","og_locale":"es_ES","og_type":"article","og_title":"3-1. Rod mill - Hengxing Machinery","og_description":"Rod mill Rod ball mill usage 1. In the gravity separation or magnetic separation plant of tungsten-tin ore and other rare metal ore, as well as the quartz sand plant, rod mills are often used in order to prevent the harm caused by &#8220;over crushing&#8221;. 2. When two-stage continuous grinding is used, if the first ... Leer m\u00e1s","og_url":"https:\/\/hengxingmachinery.com\/es\/rod-mill\/","og_site_name":"Hengxing Machinery","article_modified_time":"2025-01-13T09:32:48+00:00","og_image":[{"url":"https:\/\/hengxingmachinery.com\/wp-content\/uploads\/2025\/01\/rod-mill-for-sale.jpg","type":"","width":"","height":""}],"twitter_card":"summary_large_image","twitter_misc":{"Tiempo de lectura":"4 minutos"},"schema":{"@context":"https:\/\/schema.org","@graph":[{"@type":"WebPage","@id":"https:\/\/hengxingmachinery.com\/rod-mill\/","url":"https:\/\/hengxingmachinery.com\/rod-mill\/","name":"3-1. Molino de barras - Maquinaria Hengxing","isPartOf":{"@id":"https:\/\/hengxingmachinery.com\/#website"},"primaryImageOfPage":{"@id":"https:\/\/hengxingmachinery.com\/rod-mill\/#primaryimage"},"image":{"@id":"https:\/\/hengxingmachinery.com\/rod-mill\/#primaryimage"},"thumbnailUrl":"https:\/\/hengxingmachinery.com\/wp-content\/uploads\/2025\/01\/rod-mill-for-sale.jpg","datePublished":"2025-01-10T08:21:44+00:00","dateModified":"2025-01-13T09:32:48+00:00","breadcrumb":{"@id":"https:\/\/hengxingmachinery.com\/rod-mill\/#breadcrumb"},"inLanguage":"es","potentialAction":[{"@type":"ReadAction","target":["https:\/\/hengxingmachinery.com\/rod-mill\/"]}]},{"@type":"ImageObject","inLanguage":"es","@id":"https:\/\/hengxingmachinery.com\/rod-mill\/#primaryimage","url":"https:\/\/hengxingmachinery.com\/wp-content\/uploads\/2025\/01\/rod-mill-for-sale.jpg","contentUrl":"https:\/\/hengxingmachinery.com\/wp-content\/uploads\/2025\/01\/rod-mill-for-sale.jpg"},{"@type":"BreadcrumbList","@id":"https:\/\/hengxingmachinery.com\/rod-mill\/#breadcrumb","itemListElement":[{"@type":"ListItem","position":1,"name":"Home","item":"https:\/\/hengxingmachinery.com\/"},{"@type":"ListItem","position":2,"name":"3-1. Rod mill"}]},{"@type":"WebSite","@id":"https:\/\/hengxingmachinery.com\/#website","url":"https:\/\/hengxingmachinery.com\/","name":"Maquinaria Hengxing","description":"Fabricante l\u00edder de todo tipo de maquinaria minera","publisher":{"@id":"https:\/\/hengxingmachinery.com\/#organization"},"potentialAction":[{"@type":"SearchAction","target":{"@type":"EntryPoint","urlTemplate":"https:\/\/hengxingmachinery.com\/?s={search_term_string}"},"query-input":{"@type":"PropertyValueSpecification","valueRequired":true,"valueName":"search_term_string"}}],"inLanguage":"es"},{"@type":"Organization","@id":"https:\/\/hengxingmachinery.com\/#organization","name":"Maquinaria Hengxing","url":"https:\/\/hengxingmachinery.com\/","logo":{"@type":"ImageObject","inLanguage":"es","@id":"https:\/\/hengxingmachinery.com\/#\/schema\/logo\/image\/","url":"https:\/\/hengxingmachinery.com\/wp-content\/uploads\/2024\/12\/logo.png","contentUrl":"https:\/\/hengxingmachinery.com\/wp-content\/uploads\/2024\/12\/logo.png","width":400,"height":260,"caption":"Hengxing Machinery"},"image":{"@id":"https:\/\/hengxingmachinery.com\/#\/schema\/logo\/image\/"}}]}},"_links":{"self":[{"href":"https:\/\/hengxingmachinery.com\/es\/wp-json\/wp\/v2\/pages\/1423","targetHints":{"allow":["GET"]}}],"collection":[{"href":"https:\/\/hengxingmachinery.com\/es\/wp-json\/wp\/v2\/pages"}],"about":[{"href":"https:\/\/hengxingmachinery.com\/es\/wp-json\/wp\/v2\/types\/page"}],"author":[{"embeddable":true,"href":"https:\/\/hengxingmachinery.com\/es\/wp-json\/wp\/v2\/users\/1"}],"replies":[{"embeddable":true,"href":"https:\/\/hengxingmachinery.com\/es\/wp-json\/wp\/v2\/comments?post=1423"}],"version-history":[{"count":3,"href":"https:\/\/hengxingmachinery.com\/es\/wp-json\/wp\/v2\/pages\/1423\/revisions"}],"predecessor-version":[{"id":1596,"href":"https:\/\/hengxingmachinery.com\/es\/wp-json\/wp\/v2\/pages\/1423\/revisions\/1596"}],"wp:attachment":[{"href":"https:\/\/hengxingmachinery.com\/es\/wp-json\/wp\/v2\/media?parent=1423"}],"curies":[{"name":"wp","href":"https:\/\/api.w.org\/{rel}","templated":true}]}}