{"id":1437,"date":"2025-01-10T08:50:32","date_gmt":"2025-01-10T08:50:32","guid":{"rendered":"https:\/\/hengxingmachinery.com\/?page_id=1437"},"modified":"2025-01-13T09:36:27","modified_gmt":"2025-01-13T09:36:27","slug":"intermittent-ball-mill","status":"publish","type":"page","link":"https:\/\/hengxingmachinery.com\/es\/intermittent-ball-mill\/","title":{"rendered":"3-1. Molino de bolas intermitente"},"content":{"rendered":"<div class=\"gb-container gb-container-45165f5a\">\n<div class=\"gb-container gb-container-c2652eb4\">\n\n<h1 class=\"gb-headline gb-headline-62a8b2cc gb-headline-text\">Molino de bolas intermitente<\/h1>\n\n<\/div>\n<\/div>\n\n<div class=\"gb-container gb-container-519cf624\">\n<div class=\"gb-container gb-container-71ca071e\">\n<div class=\"gb-grid-wrapper gb-grid-wrapper-8a5f0688\">\n<div class=\"gb-grid-column gb-grid-column-1e99b1c2\"><div class=\"gb-container gb-container-1e99b1c2\">\n\n<figure class=\"gb-block-image gb-block-image-e4eaba54\"><img decoding=\"async\" width=\"665\" height=\"545\" class=\"gb-image gb-image-e4eaba54\" src=\"https:\/\/hengxingmachinery.com\/wp-content\/uploads\/2025\/01\/intermittent-ball-mill-for-sale.jpg\" alt=\"\" title=\"molino-de-bolas-intermitente-en-venta\" srcset=\"https:\/\/hengxingmachinery.com\/wp-content\/uploads\/2025\/01\/intermittent-ball-mill-for-sale.jpg 665w, https:\/\/hengxingmachinery.com\/wp-content\/uploads\/2025\/01\/intermittent-ball-mill-for-sale-300x246.jpg 300w, https:\/\/hengxingmachinery.com\/wp-content\/uploads\/2025\/01\/intermittent-ball-mill-for-sale-15x12.jpg 15w\" sizes=\"(max-width: 665px) 100vw, 665px\" \/><\/figure>\n\n<\/div><\/div>\n\n<div class=\"gb-grid-column gb-grid-column-bcae065b\"><div class=\"gb-container gb-container-bcae065b\">\n\n<p class=\"gb-headline gb-headline-e419680e gb-headline-text\">El molino de bolas intermitente, tambi\u00e9n denominado molino de bolas de cer\u00e1mica, que adopta una operaci\u00f3n intermitente h\u00fameda y seca, se utiliza para la molienda fina y la mezcla de materiales como materias primas cer\u00e1micas: feldespato, cuarzo y arcilla. La descarga y el tama\u00f1o del lodo pueden pasar a trav\u00e9s de 1000 poros del tamiz.<\/p>\n\n\n<div class=\"gb-grid-wrapper gb-grid-wrapper-eebec76e\">\n<div class=\"gb-grid-column gb-grid-column-e3ada2f0\"><div class=\"gb-container gb-container-e3ada2f0\">\n\n<p class=\"gb-headline gb-headline-4c79a90a gb-headline-text\"><mark style=\"background-color:rgba(0, 0, 0, 0)\" class=\"has-inline-color has-global-color-8-color\"><strong>Peso del material:<\/strong><\/mark> 0.2-60t<\/p>\n\n<\/div><\/div>\n\n<div class=\"gb-grid-column gb-grid-column-0bb00826\"><div class=\"gb-container gb-container-0bb00826\">\n\n<p class=\"gb-headline gb-headline-86d53f56 gb-headline-text\"><mark style=\"background-color:rgba(0, 0, 0, 0)\" class=\"has-inline-color has-global-color-8-color\"><strong>Potencia del motor:<\/strong><\/mark> 2.2-200kW<\/p>\n\n<\/div><\/div>\n<\/div>\n\n\n<p class=\"gb-headline gb-headline-2750f5a7 gb-headline-text\"><strong>Solicitud:<\/strong><\/p>\n\n\n\n<p class=\"gb-headline gb-headline-28231626 gb-headline-text\">Utilizado para la molienda fina y la mezcla de materiales.<\/p>\n\n\n<div class=\"gb-container gb-container-256e15f1\">\n\n<a class=\"gb-button gb-button-e8b73d89 gb-button-text\" href=\"#popmake-622\">Obtener presupuesto gratuito<\/a>\n\n<\/div>\n<\/div><\/div>\n<\/div>\n<\/div>\n<\/div>\n\n<div class=\"gb-container gb-container-8d8b4afc\">\n<div class=\"gb-container gb-container-f2c44112\">\n\n<h2 class=\"gb-headline gb-headline-602757fa gb-headline-text\">Caracter\u00edsticas del molino de bolas intermitente<\/h2>\n\n\n\n<figure class=\"gb-block-image gb-block-image-db4c5409\"><img decoding=\"async\" width=\"920\" height=\"420\" class=\"gb-image gb-image-db4c5409\" src=\"https:\/\/hengxingmachinery.com\/wp-content\/uploads\/2025\/01\/intermittent-ball-mill-feature.jpg\" alt=\"\" title=\"caracteristica-del-molino-de-bolas-intermitente\" srcset=\"https:\/\/hengxingmachinery.com\/wp-content\/uploads\/2025\/01\/intermittent-ball-mill-feature.jpg 920w, https:\/\/hengxingmachinery.com\/wp-content\/uploads\/2025\/01\/intermittent-ball-mill-feature-300x137.jpg 300w, https:\/\/hengxingmachinery.com\/wp-content\/uploads\/2025\/01\/intermittent-ball-mill-feature-768x351.jpg 768w, https:\/\/hengxingmachinery.com\/wp-content\/uploads\/2025\/01\/intermittent-ball-mill-feature-18x8.jpg 18w\" sizes=\"(max-width: 920px) 100vw, 920px\" \/><\/figure>\n\n\n\n<p>Los molinos de bolas de cer\u00e1mica presentan baja inversi\u00f3n, ahorro energ\u00e9tico, estructura novedosa, operaci\u00f3n f\u00e1cil y segura, rendimiento estable y fiable, etc. Son adecuados para la mezcla y molienda de materiales generales y especiales. Los usuarios pueden seleccionar el modelo, el revestimiento y los medios de molienda apropiados seg\u00fan factores como la gravedad espec\u00edfica y dureza de los materiales, as\u00ed como la producci\u00f3n, etc.<\/p>\n\n\n<div class=\"gb-container gb-container-63dc3c06\">\n\n<a class=\"gb-button gb-button-a6821353 gb-button-text\" href=\"#popmake-622\">Obtener presupuesto gratuito<\/a>\n\n<\/div>\n<\/div>\n<\/div>\n\n<div class=\"gb-container gb-container-b24071b3\">\n<div class=\"gb-container gb-container-60584794\">\n\n<h2 class=\"gb-headline gb-headline-5e7d8f8c gb-headline-text\">Principio de funcionamiento del molino de bolas intermitente<\/h2>\n\n\n\n<figure class=\"gb-block-image gb-block-image-a7119939\"><img decoding=\"async\" width=\"665\" height=\"421\" class=\"gb-image gb-image-a7119939\" src=\"https:\/\/hengxingmachinery.com\/wp-content\/uploads\/2025\/01\/intermittent-ball-mill-working.jpg\" alt=\"\" title=\"funcionamiento-del-molino-de-bolas-intermitente\" srcset=\"https:\/\/hengxingmachinery.com\/wp-content\/uploads\/2025\/01\/intermittent-ball-mill-working.jpg 665w, https:\/\/hengxingmachinery.com\/wp-content\/uploads\/2025\/01\/intermittent-ball-mill-working-300x190.jpg 300w, https:\/\/hengxingmachinery.com\/wp-content\/uploads\/2025\/01\/intermittent-ball-mill-working-18x12.jpg 18w\" sizes=\"(max-width: 665px) 100vw, 665px\" \/><\/figure>\n\n\n\n<p>Cuando el molino de bolas intermitente est\u00e1 en funcionamiento, los materiales se env\u00edan al cilindro hueco para su molienda a trav\u00e9s del eje hueco. En el cilindro se instalan diversos medios de molienda con diferentes di\u00e1metros. La rotaci\u00f3n del cilindro horizontal crea fuerzas centr\u00edfugas que elevan las bolas a cierta altura desde donde caen, moliendo los materiales.<\/p>\n\n\n<div class=\"gb-container gb-container-1f0dc6f2\">\n\n<a class=\"gb-button gb-button-6c09f29e gb-button-text\" href=\"#popmake-622\">Obtener presupuesto gratuito<\/a>\n\n<\/div>\n<\/div>\n<\/div>\n\n<div class=\"gb-container gb-container-435ad261\">\n<div class=\"gb-container gb-container-7dc79cc4\">\n\n<h2 class=\"gb-headline gb-headline-6fe5dee2 gb-headline-text\">Especificaciones del molino de bolas intermitente<\/h2>\n\n\n\n<figure class=\"wp-block-table is-style-stripes\"><table class=\"has-fixed-layout\"><tbody><tr><td><strong>Modelo (toneladas por lote)<\/strong><\/td><td><strong>Tama\u00f1o del cilindro (mm)<\/strong><\/td><td><strong>Peso del material (t)<\/strong><\/td><td><strong>Velocidad de rotaci\u00f3n del cilindro (r\/min)<\/strong><\/td><td><strong>Potencia del motor (kW)<\/strong><\/td><td><strong>Peso (t)<\/strong><\/td><\/tr><tr><td>0.2T<\/td><td>\u03a6910\u00d71120<\/td><td>0.2<\/td><td>35<\/td><td>2.2<\/td><td>1.91<\/td><\/tr><tr><td>0.5T<\/td><td>\u03a61200\u00d71420<\/td><td>0.5<\/td><td>31.45<\/td><td>4<\/td><td>2.5<\/td><\/tr><tr><td>1T<\/td><td>\u03a61400\u00d71800<\/td><td>1<\/td><td>27<\/td><td>7.5<\/td><td>3<\/td><\/tr><tr><td>1.5T<\/td><td>\u03a61800\u00d72100<\/td><td>1.5<\/td><td>23<\/td><td>11<\/td><td>4.5<\/td><\/tr><tr><td>2.5T<\/td><td>\u03a62200\u00d72200<\/td><td>2.5<\/td><td>20<\/td><td>18.5<\/td><td>6.5<\/td><\/tr><tr><td>3T<\/td><td>\u03a62200\u00d72600<\/td><td>3<\/td><td>20<\/td><td>22<\/td><td>7<\/td><\/tr><tr><td>5T<\/td><td>\u03a62500\u00d73000<\/td><td>5<\/td><td>16<\/td><td>37<\/td><td>13<\/td><\/tr><tr><td>8T<\/td><td>\u03a62800\u00d73400<\/td><td>8<\/td><td>13.8<\/td><td>45<\/td><td>19<\/td><\/tr><tr><td>10T<\/td><td>\u03a62800\u00d74000<\/td><td>10<\/td><td>13.8<\/td><td>55<\/td><td>20<\/td><\/tr><tr><td>15T<\/td><td>\u03a63000\u00d75000<\/td><td>15<\/td><td>13<\/td><td>75<\/td><td>28<\/td><\/tr><tr><td>18T<\/td><td>\u03a63100\u00d75000<\/td><td>18<\/td><td>12<\/td><td>90<\/td><td>28.5<\/td><\/tr><tr><td>20T<\/td><td>\u03a63200\u00d75800<\/td><td>20<\/td><td>13<\/td><td>90<\/td><td>29.9<\/td><\/tr><tr><td>30T<\/td><td>\u03a63400\u00d76500<\/td><td>30<\/td><td>14.2<\/td><td>110<\/td><td>32<\/td><\/tr><tr><td>40T<\/td><td>\u03a63600\u00d77000<\/td><td>40<\/td><td>13<\/td><td>132<\/td><td>36<\/td><\/tr><tr><td>50T<\/td><td>\u03a63800\u00d78000<\/td><td>50<\/td><td>11<\/td><td>200<\/td><td>45<\/td><\/tr><tr><td>60T<\/td><td>\u03a64000\u00d78500<\/td><td>60<\/td><td>10<\/td><td>200<\/td><td>52<\/td><\/tr><\/tbody><\/table><\/figure>\n\n\n<div class=\"gb-container gb-container-263d9700\">\n\n<a class=\"gb-button gb-button-a4cbb7be gb-button-text\" href=\"#popmake-622\">Obtener presupuesto gratuito<\/a>\n\n<\/div>\n<\/div>\n<\/div>","protected":false},"excerpt":{"rendered":"<p>Intermittent ball mill Intermittent ball mill features Ceramic ball mills are low investment, energy saving, structure novelty, easy and safe to operate, stable and reliable performance, etc. It is suitable for mixing and milling of general and special materials. Users can choose the proper model, lining board and media as per the factors, such as &#8230; <\/p>\n<p class=\"read-more-container\"><a title=\"3-1. Molino de bolas intermitente\" class=\"read-more button\" href=\"https:\/\/hengxingmachinery.com\/es\/intermittent-ball-mill\/#more-1437\" aria-label=\"Leer m\u00e1s sobre 3-1. Intermittent ball mill\">Leer m\u00e1s<\/a><\/p>","protected":false},"author":1,"featured_media":0,"parent":0,"menu_order":0,"comment_status":"closed","ping_status":"closed","template":"","meta":{"footnotes":""},"class_list":["post-1437","page","type-page","status-publish"],"yoast_head":"<!-- This site is optimized with the Yoast SEO plugin v27.4 - https:\/\/yoast.com\/product\/yoast-seo-wordpress\/ -->\n<title>3-1. Intermittent ball mill - Hengxing Machinery<\/title>\n<meta name=\"robots\" content=\"index, follow, max-snippet:-1, max-image-preview:large, max-video-preview:-1\" \/>\n<link rel=\"canonical\" href=\"https:\/\/hengxingmachinery.com\/es\/intermittent-ball-mill\/\" \/>\n<meta property=\"og:locale\" content=\"es_ES\" \/>\n<meta property=\"og:type\" content=\"article\" \/>\n<meta property=\"og:title\" content=\"3-1. Intermittent ball mill - Hengxing Machinery\" \/>\n<meta property=\"og:description\" content=\"Intermittent ball mill Intermittent ball mill features Ceramic ball mills are low investment, energy saving, structure novelty, easy and safe to operate, stable and reliable performance, etc. It is suitable for mixing and milling of general and special materials. Users can choose the proper model, lining board and media as per the factors, such as ... Leer m\u00e1s\" \/>\n<meta property=\"og:url\" content=\"https:\/\/hengxingmachinery.com\/es\/intermittent-ball-mill\/\" \/>\n<meta property=\"og:site_name\" content=\"Hengxing Machinery\" \/>\n<meta property=\"article:modified_time\" content=\"2025-01-13T09:36:27+00:00\" \/>\n<meta property=\"og:image\" content=\"https:\/\/hengxingmachinery.com\/wp-content\/uploads\/2025\/01\/intermittent-ball-mill-for-sale.jpg\" \/>\n<meta name=\"twitter:card\" content=\"summary_large_image\" \/>\n<meta name=\"twitter:label1\" content=\"Tiempo de lectura\" \/>\n\t<meta name=\"twitter:data1\" content=\"2 minutos\" \/>\n<script type=\"application\/ld+json\" class=\"yoast-schema-graph\">{\"@context\":\"https:\\\/\\\/schema.org\",\"@graph\":[{\"@type\":\"WebPage\",\"@id\":\"https:\\\/\\\/hengxingmachinery.com\\\/intermittent-ball-mill\\\/\",\"url\":\"https:\\\/\\\/hengxingmachinery.com\\\/intermittent-ball-mill\\\/\",\"name\":\"3-1. Intermittent ball mill - Hengxing Machinery\",\"isPartOf\":{\"@id\":\"https:\\\/\\\/hengxingmachinery.com\\\/#website\"},\"primaryImageOfPage\":{\"@id\":\"https:\\\/\\\/hengxingmachinery.com\\\/intermittent-ball-mill\\\/#primaryimage\"},\"image\":{\"@id\":\"https:\\\/\\\/hengxingmachinery.com\\\/intermittent-ball-mill\\\/#primaryimage\"},\"thumbnailUrl\":\"https:\\\/\\\/hengxingmachinery.com\\\/wp-content\\\/uploads\\\/2025\\\/01\\\/intermittent-ball-mill-for-sale.jpg\",\"datePublished\":\"2025-01-10T08:50:32+00:00\",\"dateModified\":\"2025-01-13T09:36:27+00:00\",\"breadcrumb\":{\"@id\":\"https:\\\/\\\/hengxingmachinery.com\\\/intermittent-ball-mill\\\/#breadcrumb\"},\"inLanguage\":\"es\",\"potentialAction\":[{\"@type\":\"ReadAction\",\"target\":[\"https:\\\/\\\/hengxingmachinery.com\\\/intermittent-ball-mill\\\/\"]}]},{\"@type\":\"ImageObject\",\"inLanguage\":\"es\",\"@id\":\"https:\\\/\\\/hengxingmachinery.com\\\/intermittent-ball-mill\\\/#primaryimage\",\"url\":\"https:\\\/\\\/hengxingmachinery.com\\\/wp-content\\\/uploads\\\/2025\\\/01\\\/intermittent-ball-mill-for-sale.jpg\",\"contentUrl\":\"https:\\\/\\\/hengxingmachinery.com\\\/wp-content\\\/uploads\\\/2025\\\/01\\\/intermittent-ball-mill-for-sale.jpg\"},{\"@type\":\"BreadcrumbList\",\"@id\":\"https:\\\/\\\/hengxingmachinery.com\\\/intermittent-ball-mill\\\/#breadcrumb\",\"itemListElement\":[{\"@type\":\"ListItem\",\"position\":1,\"name\":\"Home\",\"item\":\"https:\\\/\\\/hengxingmachinery.com\\\/\"},{\"@type\":\"ListItem\",\"position\":2,\"name\":\"3-1. Intermittent ball mill\"}]},{\"@type\":\"WebSite\",\"@id\":\"https:\\\/\\\/hengxingmachinery.com\\\/#website\",\"url\":\"https:\\\/\\\/hengxingmachinery.com\\\/\",\"name\":\"Hengxing Machinery\",\"description\":\"Leading Manufacturer of All Sorts of Mining Machinery\",\"publisher\":{\"@id\":\"https:\\\/\\\/hengxingmachinery.com\\\/#organization\"},\"potentialAction\":[{\"@type\":\"SearchAction\",\"target\":{\"@type\":\"EntryPoint\",\"urlTemplate\":\"https:\\\/\\\/hengxingmachinery.com\\\/?s={search_term_string}\"},\"query-input\":{\"@type\":\"PropertyValueSpecification\",\"valueRequired\":true,\"valueName\":\"search_term_string\"}}],\"inLanguage\":\"es\"},{\"@type\":\"Organization\",\"@id\":\"https:\\\/\\\/hengxingmachinery.com\\\/#organization\",\"name\":\"Hengxing Machinery\",\"url\":\"https:\\\/\\\/hengxingmachinery.com\\\/\",\"logo\":{\"@type\":\"ImageObject\",\"inLanguage\":\"es\",\"@id\":\"https:\\\/\\\/hengxingmachinery.com\\\/#\\\/schema\\\/logo\\\/image\\\/\",\"url\":\"https:\\\/\\\/hengxingmachinery.com\\\/wp-content\\\/uploads\\\/2024\\\/12\\\/logo.png\",\"contentUrl\":\"https:\\\/\\\/hengxingmachinery.com\\\/wp-content\\\/uploads\\\/2024\\\/12\\\/logo.png\",\"width\":400,\"height\":260,\"caption\":\"Hengxing Machinery\"},\"image\":{\"@id\":\"https:\\\/\\\/hengxingmachinery.com\\\/#\\\/schema\\\/logo\\\/image\\\/\"}}]}<\/script>\n<!-- \/ Yoast SEO plugin. -->","yoast_head_json":{"title":"3-1. Molino de bolas intermitente - Maquinaria Hengxing","robots":{"index":"index","follow":"follow","max-snippet":"max-snippet:-1","max-image-preview":"max-image-preview:large","max-video-preview":"max-video-preview:-1"},"canonical":"https:\/\/hengxingmachinery.com\/es\/intermittent-ball-mill\/","og_locale":"es_ES","og_type":"article","og_title":"3-1. Intermittent ball mill - Hengxing Machinery","og_description":"Intermittent ball mill Intermittent ball mill features Ceramic ball mills are low investment, energy saving, structure novelty, easy and safe to operate, stable and reliable performance, etc. It is suitable for mixing and milling of general and special materials. Users can choose the proper model, lining board and media as per the factors, such as ... Leer m\u00e1s","og_url":"https:\/\/hengxingmachinery.com\/es\/intermittent-ball-mill\/","og_site_name":"Hengxing Machinery","article_modified_time":"2025-01-13T09:36:27+00:00","og_image":[{"url":"https:\/\/hengxingmachinery.com\/wp-content\/uploads\/2025\/01\/intermittent-ball-mill-for-sale.jpg","type":"","width":"","height":""}],"twitter_card":"summary_large_image","twitter_misc":{"Tiempo de lectura":"2 minutos"},"schema":{"@context":"https:\/\/schema.org","@graph":[{"@type":"WebPage","@id":"https:\/\/hengxingmachinery.com\/intermittent-ball-mill\/","url":"https:\/\/hengxingmachinery.com\/intermittent-ball-mill\/","name":"3-1. Molino de bolas intermitente - Maquinaria Hengxing","isPartOf":{"@id":"https:\/\/hengxingmachinery.com\/#website"},"primaryImageOfPage":{"@id":"https:\/\/hengxingmachinery.com\/intermittent-ball-mill\/#primaryimage"},"image":{"@id":"https:\/\/hengxingmachinery.com\/intermittent-ball-mill\/#primaryimage"},"thumbnailUrl":"https:\/\/hengxingmachinery.com\/wp-content\/uploads\/2025\/01\/intermittent-ball-mill-for-sale.jpg","datePublished":"2025-01-10T08:50:32+00:00","dateModified":"2025-01-13T09:36:27+00:00","breadcrumb":{"@id":"https:\/\/hengxingmachinery.com\/intermittent-ball-mill\/#breadcrumb"},"inLanguage":"es","potentialAction":[{"@type":"ReadAction","target":["https:\/\/hengxingmachinery.com\/intermittent-ball-mill\/"]}]},{"@type":"ImageObject","inLanguage":"es","@id":"https:\/\/hengxingmachinery.com\/intermittent-ball-mill\/#primaryimage","url":"https:\/\/hengxingmachinery.com\/wp-content\/uploads\/2025\/01\/intermittent-ball-mill-for-sale.jpg","contentUrl":"https:\/\/hengxingmachinery.com\/wp-content\/uploads\/2025\/01\/intermittent-ball-mill-for-sale.jpg"},{"@type":"BreadcrumbList","@id":"https:\/\/hengxingmachinery.com\/intermittent-ball-mill\/#breadcrumb","itemListElement":[{"@type":"ListItem","position":1,"name":"Home","item":"https:\/\/hengxingmachinery.com\/"},{"@type":"ListItem","position":2,"name":"3-1. Intermittent ball mill"}]},{"@type":"WebSite","@id":"https:\/\/hengxingmachinery.com\/#website","url":"https:\/\/hengxingmachinery.com\/","name":"Maquinaria Hengxing","description":"Fabricante l\u00edder de todo tipo de maquinaria minera","publisher":{"@id":"https:\/\/hengxingmachinery.com\/#organization"},"potentialAction":[{"@type":"SearchAction","target":{"@type":"EntryPoint","urlTemplate":"https:\/\/hengxingmachinery.com\/?s={search_term_string}"},"query-input":{"@type":"PropertyValueSpecification","valueRequired":true,"valueName":"search_term_string"}}],"inLanguage":"es"},{"@type":"Organization","@id":"https:\/\/hengxingmachinery.com\/#organization","name":"Maquinaria Hengxing","url":"https:\/\/hengxingmachinery.com\/","logo":{"@type":"ImageObject","inLanguage":"es","@id":"https:\/\/hengxingmachinery.com\/#\/schema\/logo\/image\/","url":"https:\/\/hengxingmachinery.com\/wp-content\/uploads\/2024\/12\/logo.png","contentUrl":"https:\/\/hengxingmachinery.com\/wp-content\/uploads\/2024\/12\/logo.png","width":400,"height":260,"caption":"Hengxing Machinery"},"image":{"@id":"https:\/\/hengxingmachinery.com\/#\/schema\/logo\/image\/"}}]}},"_links":{"self":[{"href":"https:\/\/hengxingmachinery.com\/es\/wp-json\/wp\/v2\/pages\/1437","targetHints":{"allow":["GET"]}}],"collection":[{"href":"https:\/\/hengxingmachinery.com\/es\/wp-json\/wp\/v2\/pages"}],"about":[{"href":"https:\/\/hengxingmachinery.com\/es\/wp-json\/wp\/v2\/types\/page"}],"author":[{"embeddable":true,"href":"https:\/\/hengxingmachinery.com\/es\/wp-json\/wp\/v2\/users\/1"}],"replies":[{"embeddable":true,"href":"https:\/\/hengxingmachinery.com\/es\/wp-json\/wp\/v2\/comments?post=1437"}],"version-history":[{"count":3,"href":"https:\/\/hengxingmachinery.com\/es\/wp-json\/wp\/v2\/pages\/1437\/revisions"}],"predecessor-version":[{"id":1603,"href":"https:\/\/hengxingmachinery.com\/es\/wp-json\/wp\/v2\/pages\/1437\/revisions\/1603"}],"wp:attachment":[{"href":"https:\/\/hengxingmachinery.com\/es\/wp-json\/wp\/v2\/media?parent=1437"}],"curies":[{"name":"wp","href":"https:\/\/api.w.org\/{rel}","templated":true}]}}