{"id":1449,"date":"2025-01-10T08:58:27","date_gmt":"2025-01-10T08:58:27","guid":{"rendered":"https:\/\/hengxingmachinery.com\/?page_id=1449"},"modified":"2025-01-13T09:32:42","modified_gmt":"2025-01-13T09:32:42","slug":"raw-material-ball-mill","status":"publish","type":"page","link":"https:\/\/hengxingmachinery.com\/es\/raw-material-ball-mill\/","title":{"rendered":"3-1. Molino de bolas para materias primas"},"content":{"rendered":"<div class=\"gb-container gb-container-45165f5a\">\n<div class=\"gb-container gb-container-c2652eb4\">\n\n<h1 class=\"gb-headline gb-headline-62a8b2cc gb-headline-text\">Molino de bolas para materias primas<\/h1>\n\n<\/div>\n<\/div>\n\n<div class=\"gb-container gb-container-519cf624\">\n<div class=\"gb-container gb-container-71ca071e\">\n<div class=\"gb-grid-wrapper gb-grid-wrapper-8a5f0688\">\n<div class=\"gb-grid-column gb-grid-column-1e99b1c2\"><div class=\"gb-container gb-container-1e99b1c2\">\n\n<figure class=\"gb-block-image gb-block-image-e4eaba54\"><img decoding=\"async\" width=\"665\" height=\"545\" class=\"gb-image gb-image-e4eaba54\" src=\"https:\/\/hengxingmachinery.com\/wp-content\/uploads\/2025\/01\/raw-material-ball-mill-for-sale.jpg\" alt=\"\" title=\"molino-de-bolas-para-materias-primas-en-venta\" srcset=\"https:\/\/hengxingmachinery.com\/wp-content\/uploads\/2025\/01\/raw-material-ball-mill-for-sale.jpg 665w, https:\/\/hengxingmachinery.com\/wp-content\/uploads\/2025\/01\/raw-material-ball-mill-for-sale-300x246.jpg 300w, https:\/\/hengxingmachinery.com\/wp-content\/uploads\/2025\/01\/raw-material-ball-mill-for-sale-15x12.jpg 15w\" sizes=\"(max-width: 665px) 100vw, 665px\" \/><\/figure>\n\n<\/div><\/div>\n\n<div class=\"gb-grid-column gb-grid-column-bcae065b\"><div class=\"gb-container gb-container-bcae065b\">\n\n<p class=\"gb-headline gb-headline-e419680e gb-headline-text\">Finura del producto ajustable y uniforme.<br>\u00a0<br>Consumo energ\u00e9tico relativamente bajo, desgaste reducido y bajos costos operativos.<\/p>\n\n\n<div class=\"gb-grid-wrapper gb-grid-wrapper-eebec76e\">\n<div class=\"gb-grid-column gb-grid-column-e3ada2f0\"><div class=\"gb-container gb-container-e3ada2f0\">\n\n<p class=\"gb-headline gb-headline-4c79a90a gb-headline-text\"><mark style=\"background-color:rgba(0, 0, 0, 0)\" class=\"has-inline-color has-global-color-8-color\"><strong>Capacidad de producci\u00f3n:<\/strong><\/mark> Alta eficiencia de molienda, menor desgaste.<\/p>\n\n<\/div><\/div>\n\n<div class=\"gb-grid-column gb-grid-column-0bb00826\"><div class=\"gb-container gb-container-0bb00826\">\n\n<p class=\"gb-headline gb-headline-86d53f56 gb-headline-text\"><mark style=\"background-color:rgba(0, 0, 0, 0)\" class=\"has-inline-color has-global-color-8-color\"><strong>Presupuesto:<\/strong><\/mark> Bajos costos de inversi\u00f3n, proceso sencillo.<\/p>\n\n<\/div><\/div>\n<\/div>\n\n\n<p class=\"gb-headline gb-headline-2750f5a7 gb-headline-text\"><strong>Materiales aplicables:<\/strong><\/p>\n\n\n\n<p class=\"gb-headline gb-headline-28231626 gb-headline-text\">Piedra caliza, cl\u00ednker de cemento, cal viva (cal activa) y otros materiales<\/p>\n\n\n\n<p class=\"gb-headline gb-headline-0bbf4656 gb-headline-text\"><strong>Solicitud:<\/strong><\/p>\n\n\n\n<p class=\"gb-headline gb-headline-3236b600 gb-headline-text\">Ampliamente utilizado en las industrias de producci\u00f3n de cemento, productos de silicato, nuevos materiales de construcci\u00f3n, materiales refractarios, vidrio, cer\u00e1mica, entre otros.<\/p>\n\n\n<div class=\"gb-container gb-container-256e15f1\">\n\n<a class=\"gb-button gb-button-e8b73d89 gb-button-text\" href=\"#popmake-622\">Obtener presupuesto gratuito<\/a>\n\n<\/div>\n<\/div><\/div>\n<\/div>\n<\/div>\n<\/div>\n\n<div class=\"gb-container gb-container-8d8b4afc\">\n<div class=\"gb-container gb-container-f2c44112\">\n\n<h2 class=\"gb-headline gb-headline-602757fa gb-headline-text\">Caracter\u00edsticas del molino de bolas para materias primas<\/h2>\n\n\n\n<figure class=\"gb-block-image gb-block-image-db4c5409\"><img decoding=\"async\" width=\"920\" height=\"420\" class=\"gb-image gb-image-db4c5409\" src=\"https:\/\/hengxingmachinery.com\/wp-content\/uploads\/2025\/01\/raw-material-ball-mill-feature.jpg\" alt=\"\" title=\"caracter\u00edstica-del-molino-de-bolas-para-materias-primas\" srcset=\"https:\/\/hengxingmachinery.com\/wp-content\/uploads\/2025\/01\/raw-material-ball-mill-feature.jpg 920w, https:\/\/hengxingmachinery.com\/wp-content\/uploads\/2025\/01\/raw-material-ball-mill-feature-300x137.jpg 300w, https:\/\/hengxingmachinery.com\/wp-content\/uploads\/2025\/01\/raw-material-ball-mill-feature-768x351.jpg 768w, https:\/\/hengxingmachinery.com\/wp-content\/uploads\/2025\/01\/raw-material-ball-mill-feature-18x8.jpg 18w\" sizes=\"(max-width: 920px) 100vw, 920px\" \/><\/figure>\n\n\n\n<p>1. Finura del producto ajustable y uniforme.<\/p>\n\n\n\n<p>2. Consumo energ\u00e9tico relativamente bajo, desgaste reducido y bajos costos operativos.<\/p>\n\n\n\n<p>3. Alta eficiencia de molienda, menor desgaste.<\/p>\n\n\n\n<p>4. Bajos costos de inversi\u00f3n, proceso sencillo.<\/p>\n\n\n<div class=\"gb-container gb-container-63dc3c06\">\n\n<a class=\"gb-button gb-button-a6821353 gb-button-text\" href=\"#popmake-622\">Obtener presupuesto gratuito<\/a>\n\n<\/div>\n<\/div>\n<\/div>\n\n<div class=\"gb-container gb-container-435ad261\">\n<div class=\"gb-container gb-container-7dc79cc4\">\n\n<h2 class=\"gb-headline gb-headline-6fe5dee2 gb-headline-text\">Especificaciones del molino de bolas para materias primas<\/h2>\n\n\n\n<figure class=\"wp-block-table is-style-stripes\"><table class=\"has-fixed-layout\"><tbody><tr><td><strong>Especificaci\u00f3n (m)<\/strong><strong><\/strong><\/td><td><strong>Capacidad (t\/h)<\/strong><strong><\/strong><\/td><td><strong>Velocidad de rotaci\u00f3n (r\/min)<\/strong><strong><\/strong><\/td><td><strong>Cuerpo de molienda (t)<\/strong><strong><\/strong><\/td><td colspan=\"2\"><strong>Motor<\/strong><strong><\/strong><\/td><td colspan=\"2\"><strong>Reductor<\/strong><strong><\/strong><\/td><td><strong>Peso (t)<\/strong><strong><\/strong><\/td><\/tr><tr><td><strong>&nbsp;<\/strong><\/td><td><strong>&nbsp;<\/strong><\/td><td><strong>&nbsp;<\/strong><\/td><td><strong>&nbsp;<\/strong><\/td><td><strong>Modelo<\/strong><strong><\/strong><\/td><td><strong>Potencia (kW)<\/strong><strong><\/strong><\/td><td><strong>Modelo<\/strong><strong><\/strong><\/td><td><strong>Relaci\u00f3n de velocidad<\/strong><strong><\/strong><\/td><td><strong>&nbsp;<\/strong><\/td><\/tr><tr><td>\u03a61,5\u00d75,7<\/td><td>3.5<\/td><td>26.34<\/td><td>11<\/td><td>JR127-8<\/td><td>130<\/td><td>ZD40-7<\/td><td>4<\/td><td>25<\/td><\/tr><tr><td>\u03a61.83\u00d76.4<\/td><td>6<\/td><td>23.9<\/td><td>18<\/td><td>JR137-8<\/td><td>210<\/td><td>ZD60-8<\/td><td>4.5<\/td><td>35.3<\/td><\/tr><tr><td>\u03a61.83\u00d77<\/td><td>6.5<\/td><td>24.5<\/td><td>20<\/td><td>JR138-8<\/td><td>245<\/td><td>ZD60-8<\/td><td>4.5<\/td><td>37.2<\/td><\/tr><tr><td>\u03a62\u00d79<\/td><td>9.5-10<\/td><td>23.88<\/td><td>31<\/td><td>JR158-8<\/td><td>380<\/td><td>ZD70-8<\/td><td>4.5<\/td><td>58.4<\/td><\/tr><tr><td>\u03a62,2\u00d76,5<\/td><td>11<\/td><td>21.4<\/td><td>30<\/td><td>JRQ158-8\/YR630-8<\/td><td>380<\/td><td>ZD70-9<\/td><td>5<\/td><td>46.2<\/td><\/tr><tr><td>\u03a62,2\u00d76,5<\/td><td>14 Circuito cerrado<\/td><td>21.4<\/td><td>30<\/td><td>JRQ158-8\/YR630-8<\/td><td>380<\/td><td>ZD70-9<\/td><td>5<\/td><td>46.2<\/td><\/tr><tr><td>\u03a62.2\u00d77<\/td><td>12<\/td><td>21.4<\/td><td>30<\/td><td>JR158-8<\/td><td>380<\/td><td>ZD70-9<\/td><td>5<\/td><td>54<\/td><\/tr><tr><td>\u03a62,2\u00d77,5<\/td><td>13<\/td><td>21.4<\/td><td>32<\/td><td>JR158-8<\/td><td>380<\/td><td>ZD70-9<\/td><td>5<\/td><td>63<\/td><\/tr><tr><td>\u03a62.2\u00d78<\/td><td>14<\/td><td>21.4<\/td><td>37<\/td><td>JR158-8<\/td><td>380<\/td><td>ZD70-9<\/td><td>5<\/td><td>65<\/td><\/tr><tr><td>\u03a62,2\u00d79,5<\/td><td>14-16 Circuito cerrado<\/td><td>21.4<\/td><td>43<\/td><td>JR1510-8<\/td><td>475<\/td><td>ZD70-9<\/td><td>5<\/td><td>70<\/td><\/tr><tr><td>\u03a62.2\u00d713<\/td><td>16<\/td><td>20.3<\/td><td>55<\/td><td>YR630-8\/1180\/Y100L-8<\/td><td>630\/11<\/td><td>JD630\/ZS82.5-7<\/td><td>6.3\/99.96<\/td><td>114.4<\/td><\/tr><tr><td>\u03a62.4\u00d77<\/td><td>14-16 Circuito cerrado<\/td><td>20.4<\/td><td>36<\/td><td>JR1510-8<\/td><td>475<\/td><td>JDX450<\/td><td>5<\/td><td>67.9<\/td><\/tr><tr><td>02.4\u00d78<\/td><td>16-17 Circuito cerrado<\/td><td>20.3<\/td><td>41<\/td><td>JR1512-8\/Y180L-8<\/td><td>570\/11<\/td><td>JD630\/ZS82.5-7<\/td><td>6.333\/99.96<\/td><td>87.2<\/td><\/tr><tr><td>\u03a62.4\u00d79<\/td><td>17-19 Circuito cerrado<\/td><td>20.3<\/td><td>46<\/td><td>YR630-8\/1180\/Y100L-8<\/td><td>630\/11<\/td><td>JD630\/ZS82.5-7<\/td><td>6.333\/99.96<\/td><td>93.5<\/td><\/tr><tr><td>\u03a62.4\u00d710<\/td><td>18-19 Circuito abierto<\/td><td>20.3<\/td><td>50<\/td><td>YR630-8\/1180\/Y100L-8<\/td><td>630\/11<\/td><td>JD630\/ZS82.5-7<\/td><td>6.333\/99.96<\/td><td>99.4<\/td><\/tr><tr><td>\u03a62.4\u00d711<\/td><td>19-21 Circuito abierto<\/td><td>20.3<\/td><td>60<\/td><td>YR630-8\/1180\/Y100L-8<\/td><td>630\/11<\/td><td>JD630\/ZS82.5-7<\/td><td>6.333\/99.96<\/td><td>99.4<\/td><\/tr><tr><td>\u03a62.4\u00d712<\/td><td>25-27 Circuito cerrado<\/td><td>20.3<\/td><td>61<\/td><td>YR800-8\/1180\/Y100L-8<\/td><td>800\/11<\/td><td>JD630\/ZS82.5-7<\/td><td>6.333\/99.96<\/td><td>112.7<\/td><\/tr><tr><td>\u03a62.4\u00d713<\/td><td>25-27 Circuito abierto fino alto<\/td><td>20.3<\/td><td>66<\/td><td>YR800-8\/1180\/Y100L-8<\/td><td>800\/11<\/td><td>JD630\/ZS82.5-7<\/td><td>6.333\/99.96<\/td><td>131.1<\/td><\/tr><tr><td>\u03a62.4\u00d713<\/td><td>21-23 Circuito abierto<\/td><td>20.3<\/td><td>66<\/td><td>YR1000-8\/1180\/Y160M-4<\/td><td>1000\/11<\/td><td>JD630\/ZS82.5-7<\/td><td>6.333\/99.96<\/td><td>130.4<\/td><\/tr><tr><td>\u03a62.6\u00d710<\/td><td>25-27 Circuito cerrado<\/td><td>20.3<\/td><td>60<\/td><td>YR800-8\/1250<\/td><td>800<\/td><td>JD800<\/td><td>5.5<\/td><td>150.5<\/td><\/tr><tr><td>\u03a62.6\u00d713<\/td><td>27-29<\/td><td>19.1<\/td><td>80<\/td><td>YR1000-8\/1180\/Y160M-4<\/td><td>1000\/11<\/td><td>&nbsp;<\/td><td>5.5\/280<\/td><td>169<\/td><\/tr><tr><td>\u03a63\u00d79<\/td><td>33-34 Circuito cerrado<\/td><td>19.6<\/td><td>79<\/td><td>YR1000-8\/1180\/Y160M-4<\/td><td>1000\/11<\/td><td>NAL108\/8\/ZS110-19<\/td><td>8\/280<\/td><td>156.5<\/td><\/tr><tr><td>\u03a63\u00d79<\/td><td>36.5 Circuito cerrado<\/td><td>17.6<\/td><td>79<\/td><td>YR118\/61-8<\/td><td>1000<\/td><td>2\u00d71250<\/td><td>42.163<\/td><td>121.13 Sin motor<\/td><\/tr><tr><td>\u03a63\u00d711<\/td><td>35-40 Circuito cerrado<\/td><td>18.3<\/td><td>97<\/td><td>YR1250-8\/1430\/YR160M-4<\/td><td>1250\/11<\/td><td>YNL1210<\/td><td>6.3<\/td><td>178<\/td><\/tr><tr><td>\u03a63\u00d711<\/td><td>47 Circuito cerrado<\/td><td>17.7<\/td><td>97<\/td><td>YR118\/74-8<\/td><td>1250<\/td><td>ZI314<\/td><td>42.39<\/td><td>169<\/td><\/tr><tr><td>\u03a63\u00d712<\/td><td>38-40 Circuito cerrado<\/td><td>18.1<\/td><td>90<\/td><td>YR1250-8\/1430<\/td><td>1250\/11<\/td><td>JS1100-00<\/td><td>41.27<\/td><td>196.26<\/td><\/tr><tr><td>\u03a63.2\u00d711<\/td><td>40 Circuito cerrado<\/td><td>18<\/td><td>103<\/td><td>YR1400-8\/1430\/Y160M-4<\/td><td>1400\/11<\/td><td>YNL1210\/ZS110-19<\/td><td>12.35\/28<\/td><td>186.1 Sin motor<\/td><\/tr><tr><td>\u03a63,5\u00d711,5<\/td><td>65-70 Circuito cerrado<\/td><td>16.5<\/td><td>129<\/td><td>TYD143\/49-8<\/td><td>2000<\/td><td>ZI370<\/td><td>36.239<\/td><td>138.3 Sin motor<\/td><\/tr><tr><td>\u03a63,5\u00d711,5<\/td><td>50 Circuito cerrado<\/td><td>17.2<\/td><td>126<\/td><td>YR1800-8\/1430\/Y200L2-2<\/td><td>1800\/37<\/td><td>&nbsp;<\/td><td>43.02\/318<\/td><td>252.27<\/td><\/tr><tr><td>\u03a63.8\u00d713 Zapatilla doble<\/td><td>70-75 Circuito cerrado<\/td><td>16.6<\/td><td>170<\/td><td>YRKK800-8<\/td><td>2500<\/td><td>JS130\/MFY250<\/td><td>44.9<\/td><td>203 Sin motor<\/td><\/tr><tr><td>\u03a63.8\u00d713<\/td><td>60-62<\/td><td>16.3<\/td><td>170<\/td><td>A\u00f1o 2500-10\/1730<\/td><td>2500<\/td><td>MFYX250<\/td><td>&nbsp;<\/td><td>286<\/td><\/tr><tr><td>\u03a64\u00d713<\/td><td>65 Circuito cerrado<\/td><td>15.95<\/td><td>202<\/td><td>YRKK900-8<\/td><td>2800<\/td><td>JS130-8<\/td><td>46.7<\/td><td>264<\/td><\/tr><tr><td>\u03a64.2\u00d713<\/td><td>85 Circuito cerrado<\/td><td>16.3<\/td><td>224<\/td><td>YRKK900-8<\/td><td>3150<\/td><td>MFY320<\/td><td>47.8<\/td><td>250 Sin motor<\/td><\/tr><tr><td>\u03a64.2\u00d713<\/td><td>85-87<\/td><td>16.3<\/td><td>224<\/td><td>YR1000-8<\/td><td>3530<\/td><td>JQS3550<\/td><td>&nbsp;<\/td><td><\/td><\/tr><\/tbody><\/table><\/figure>\n\n\n<div class=\"gb-container gb-container-263d9700\">\n\n<a class=\"gb-button gb-button-a4cbb7be gb-button-text\" href=\"#popmake-622\">Obtener presupuesto gratuito<\/a>\n\n<\/div>\n<\/div>\n<\/div>","protected":false},"excerpt":{"rendered":"<p>Raw material ball mill Raw material ball mill features 1. Product fineness is adjustable and uniform. 2. Relatively low energy consumption, low wear, and low operating costs. 3. High grinding efficiency, less wear and tear. 4. Low investment costs, simple process. Specifications of raw material ball mill Specification (m) Capacity (t\/h) Rotating speed (r\/min) Grinding &#8230; <\/p>\n<p class=\"read-more-container\"><a title=\"3-1. Molino de bolas para materias primas\" class=\"read-more button\" href=\"https:\/\/hengxingmachinery.com\/es\/raw-material-ball-mill\/#more-1449\" aria-label=\"Leer m\u00e1s sobre 3-1. Raw material ball mill\">Leer m\u00e1s<\/a><\/p>","protected":false},"author":1,"featured_media":0,"parent":0,"menu_order":0,"comment_status":"closed","ping_status":"closed","template":"","meta":{"footnotes":""},"class_list":["post-1449","page","type-page","status-publish"],"yoast_head":"<!-- This site is optimized with the Yoast SEO plugin v27.4 - https:\/\/yoast.com\/product\/yoast-seo-wordpress\/ -->\n<title>3-1. Raw material ball mill - Hengxing Machinery<\/title>\n<meta name=\"robots\" content=\"index, follow, max-snippet:-1, max-image-preview:large, max-video-preview:-1\" \/>\n<link rel=\"canonical\" href=\"https:\/\/hengxingmachinery.com\/es\/raw-material-ball-mill\/\" \/>\n<meta property=\"og:locale\" content=\"es_ES\" \/>\n<meta property=\"og:type\" content=\"article\" \/>\n<meta property=\"og:title\" content=\"3-1. Raw material ball mill - Hengxing Machinery\" \/>\n<meta property=\"og:description\" content=\"Raw material ball mill Raw material ball mill features 1. Product fineness is adjustable and uniform. 2. Relatively low energy consumption, low wear, and low operating costs. 3. High grinding efficiency, less wear and tear. 4. Low investment costs, simple process. Specifications of raw material ball mill Specification (m) Capacity (t\/h) Rotating speed (r\/min) Grinding ... Leer m\u00e1s\" \/>\n<meta property=\"og:url\" content=\"https:\/\/hengxingmachinery.com\/es\/raw-material-ball-mill\/\" \/>\n<meta property=\"og:site_name\" content=\"Hengxing Machinery\" \/>\n<meta property=\"article:modified_time\" content=\"2025-01-13T09:32:42+00:00\" \/>\n<meta property=\"og:image\" content=\"https:\/\/hengxingmachinery.com\/wp-content\/uploads\/2025\/01\/raw-material-ball-mill-for-sale.jpg\" \/>\n<meta name=\"twitter:card\" content=\"summary_large_image\" \/>\n<meta name=\"twitter:label1\" content=\"Tiempo de lectura\" \/>\n\t<meta name=\"twitter:data1\" content=\"4 minutos\" \/>\n<script type=\"application\/ld+json\" class=\"yoast-schema-graph\">{\"@context\":\"https:\\\/\\\/schema.org\",\"@graph\":[{\"@type\":\"WebPage\",\"@id\":\"https:\\\/\\\/hengxingmachinery.com\\\/raw-material-ball-mill\\\/\",\"url\":\"https:\\\/\\\/hengxingmachinery.com\\\/raw-material-ball-mill\\\/\",\"name\":\"3-1. Raw material ball mill - Hengxing Machinery\",\"isPartOf\":{\"@id\":\"https:\\\/\\\/hengxingmachinery.com\\\/#website\"},\"primaryImageOfPage\":{\"@id\":\"https:\\\/\\\/hengxingmachinery.com\\\/raw-material-ball-mill\\\/#primaryimage\"},\"image\":{\"@id\":\"https:\\\/\\\/hengxingmachinery.com\\\/raw-material-ball-mill\\\/#primaryimage\"},\"thumbnailUrl\":\"https:\\\/\\\/hengxingmachinery.com\\\/wp-content\\\/uploads\\\/2025\\\/01\\\/raw-material-ball-mill-for-sale.jpg\",\"datePublished\":\"2025-01-10T08:58:27+00:00\",\"dateModified\":\"2025-01-13T09:32:42+00:00\",\"breadcrumb\":{\"@id\":\"https:\\\/\\\/hengxingmachinery.com\\\/raw-material-ball-mill\\\/#breadcrumb\"},\"inLanguage\":\"es\",\"potentialAction\":[{\"@type\":\"ReadAction\",\"target\":[\"https:\\\/\\\/hengxingmachinery.com\\\/raw-material-ball-mill\\\/\"]}]},{\"@type\":\"ImageObject\",\"inLanguage\":\"es\",\"@id\":\"https:\\\/\\\/hengxingmachinery.com\\\/raw-material-ball-mill\\\/#primaryimage\",\"url\":\"https:\\\/\\\/hengxingmachinery.com\\\/wp-content\\\/uploads\\\/2025\\\/01\\\/raw-material-ball-mill-for-sale.jpg\",\"contentUrl\":\"https:\\\/\\\/hengxingmachinery.com\\\/wp-content\\\/uploads\\\/2025\\\/01\\\/raw-material-ball-mill-for-sale.jpg\"},{\"@type\":\"BreadcrumbList\",\"@id\":\"https:\\\/\\\/hengxingmachinery.com\\\/raw-material-ball-mill\\\/#breadcrumb\",\"itemListElement\":[{\"@type\":\"ListItem\",\"position\":1,\"name\":\"Home\",\"item\":\"https:\\\/\\\/hengxingmachinery.com\\\/\"},{\"@type\":\"ListItem\",\"position\":2,\"name\":\"3-1. Raw material ball mill\"}]},{\"@type\":\"WebSite\",\"@id\":\"https:\\\/\\\/hengxingmachinery.com\\\/#website\",\"url\":\"https:\\\/\\\/hengxingmachinery.com\\\/\",\"name\":\"Hengxing Machinery\",\"description\":\"Leading Manufacturer of All Sorts of Mining Machinery\",\"publisher\":{\"@id\":\"https:\\\/\\\/hengxingmachinery.com\\\/#organization\"},\"potentialAction\":[{\"@type\":\"SearchAction\",\"target\":{\"@type\":\"EntryPoint\",\"urlTemplate\":\"https:\\\/\\\/hengxingmachinery.com\\\/?s={search_term_string}\"},\"query-input\":{\"@type\":\"PropertyValueSpecification\",\"valueRequired\":true,\"valueName\":\"search_term_string\"}}],\"inLanguage\":\"es\"},{\"@type\":\"Organization\",\"@id\":\"https:\\\/\\\/hengxingmachinery.com\\\/#organization\",\"name\":\"Hengxing Machinery\",\"url\":\"https:\\\/\\\/hengxingmachinery.com\\\/\",\"logo\":{\"@type\":\"ImageObject\",\"inLanguage\":\"es\",\"@id\":\"https:\\\/\\\/hengxingmachinery.com\\\/#\\\/schema\\\/logo\\\/image\\\/\",\"url\":\"https:\\\/\\\/hengxingmachinery.com\\\/wp-content\\\/uploads\\\/2024\\\/12\\\/logo.png\",\"contentUrl\":\"https:\\\/\\\/hengxingmachinery.com\\\/wp-content\\\/uploads\\\/2024\\\/12\\\/logo.png\",\"width\":400,\"height\":260,\"caption\":\"Hengxing Machinery\"},\"image\":{\"@id\":\"https:\\\/\\\/hengxingmachinery.com\\\/#\\\/schema\\\/logo\\\/image\\\/\"}}]}<\/script>\n<!-- \/ Yoast SEO plugin. -->","yoast_head_json":{"title":"3-1. Molino de bolas para materias primas - Hengxing Machinery","robots":{"index":"index","follow":"follow","max-snippet":"max-snippet:-1","max-image-preview":"max-image-preview:large","max-video-preview":"max-video-preview:-1"},"canonical":"https:\/\/hengxingmachinery.com\/es\/raw-material-ball-mill\/","og_locale":"es_ES","og_type":"article","og_title":"3-1. Raw material ball mill - Hengxing Machinery","og_description":"Raw material ball mill Raw material ball mill features 1. Product fineness is adjustable and uniform. 2. Relatively low energy consumption, low wear, and low operating costs. 3. High grinding efficiency, less wear and tear. 4. Low investment costs, simple process. Specifications of raw material ball mill Specification (m) Capacity (t\/h) Rotating speed (r\/min) Grinding ... Leer m\u00e1s","og_url":"https:\/\/hengxingmachinery.com\/es\/raw-material-ball-mill\/","og_site_name":"Hengxing Machinery","article_modified_time":"2025-01-13T09:32:42+00:00","og_image":[{"url":"https:\/\/hengxingmachinery.com\/wp-content\/uploads\/2025\/01\/raw-material-ball-mill-for-sale.jpg","type":"","width":"","height":""}],"twitter_card":"summary_large_image","twitter_misc":{"Tiempo de lectura":"4 minutos"},"schema":{"@context":"https:\/\/schema.org","@graph":[{"@type":"WebPage","@id":"https:\/\/hengxingmachinery.com\/raw-material-ball-mill\/","url":"https:\/\/hengxingmachinery.com\/raw-material-ball-mill\/","name":"3-1. Molino de bolas para materias primas - Hengxing Machinery","isPartOf":{"@id":"https:\/\/hengxingmachinery.com\/#website"},"primaryImageOfPage":{"@id":"https:\/\/hengxingmachinery.com\/raw-material-ball-mill\/#primaryimage"},"image":{"@id":"https:\/\/hengxingmachinery.com\/raw-material-ball-mill\/#primaryimage"},"thumbnailUrl":"https:\/\/hengxingmachinery.com\/wp-content\/uploads\/2025\/01\/raw-material-ball-mill-for-sale.jpg","datePublished":"2025-01-10T08:58:27+00:00","dateModified":"2025-01-13T09:32:42+00:00","breadcrumb":{"@id":"https:\/\/hengxingmachinery.com\/raw-material-ball-mill\/#breadcrumb"},"inLanguage":"es","potentialAction":[{"@type":"ReadAction","target":["https:\/\/hengxingmachinery.com\/raw-material-ball-mill\/"]}]},{"@type":"ImageObject","inLanguage":"es","@id":"https:\/\/hengxingmachinery.com\/raw-material-ball-mill\/#primaryimage","url":"https:\/\/hengxingmachinery.com\/wp-content\/uploads\/2025\/01\/raw-material-ball-mill-for-sale.jpg","contentUrl":"https:\/\/hengxingmachinery.com\/wp-content\/uploads\/2025\/01\/raw-material-ball-mill-for-sale.jpg"},{"@type":"BreadcrumbList","@id":"https:\/\/hengxingmachinery.com\/raw-material-ball-mill\/#breadcrumb","itemListElement":[{"@type":"ListItem","position":1,"name":"Home","item":"https:\/\/hengxingmachinery.com\/"},{"@type":"ListItem","position":2,"name":"3-1. Raw material ball mill"}]},{"@type":"WebSite","@id":"https:\/\/hengxingmachinery.com\/#website","url":"https:\/\/hengxingmachinery.com\/","name":"Maquinaria Hengxing","description":"Fabricante l\u00edder de todo tipo de maquinaria minera","publisher":{"@id":"https:\/\/hengxingmachinery.com\/#organization"},"potentialAction":[{"@type":"SearchAction","target":{"@type":"EntryPoint","urlTemplate":"https:\/\/hengxingmachinery.com\/?s={search_term_string}"},"query-input":{"@type":"PropertyValueSpecification","valueRequired":true,"valueName":"search_term_string"}}],"inLanguage":"es"},{"@type":"Organization","@id":"https:\/\/hengxingmachinery.com\/#organization","name":"Maquinaria Hengxing","url":"https:\/\/hengxingmachinery.com\/","logo":{"@type":"ImageObject","inLanguage":"es","@id":"https:\/\/hengxingmachinery.com\/#\/schema\/logo\/image\/","url":"https:\/\/hengxingmachinery.com\/wp-content\/uploads\/2024\/12\/logo.png","contentUrl":"https:\/\/hengxingmachinery.com\/wp-content\/uploads\/2024\/12\/logo.png","width":400,"height":260,"caption":"Hengxing Machinery"},"image":{"@id":"https:\/\/hengxingmachinery.com\/#\/schema\/logo\/image\/"}}]}},"_links":{"self":[{"href":"https:\/\/hengxingmachinery.com\/es\/wp-json\/wp\/v2\/pages\/1449","targetHints":{"allow":["GET"]}}],"collection":[{"href":"https:\/\/hengxingmachinery.com\/es\/wp-json\/wp\/v2\/pages"}],"about":[{"href":"https:\/\/hengxingmachinery.com\/es\/wp-json\/wp\/v2\/types\/page"}],"author":[{"embeddable":true,"href":"https:\/\/hengxingmachinery.com\/es\/wp-json\/wp\/v2\/users\/1"}],"replies":[{"embeddable":true,"href":"https:\/\/hengxingmachinery.com\/es\/wp-json\/wp\/v2\/comments?post=1449"}],"version-history":[{"count":2,"href":"https:\/\/hengxingmachinery.com\/es\/wp-json\/wp\/v2\/pages\/1449\/revisions"}],"predecessor-version":[{"id":1595,"href":"https:\/\/hengxingmachinery.com\/es\/wp-json\/wp\/v2\/pages\/1449\/revisions\/1595"}],"wp:attachment":[{"href":"https:\/\/hengxingmachinery.com\/es\/wp-json\/wp\/v2\/media?parent=1449"}],"curies":[{"name":"wp","href":"https:\/\/api.w.org\/{rel}","templated":true}]}}