{"id":1463,"date":"2025-01-10T09:15:17","date_gmt":"2025-01-10T09:15:17","guid":{"rendered":"https:\/\/hengxingmachinery.com\/?page_id=1463"},"modified":"2025-01-13T09:29:31","modified_gmt":"2025-01-13T09:29:31","slug":"aluminum-ash-ball-mill","status":"publish","type":"page","link":"https:\/\/hengxingmachinery.com\/es\/aluminum-ash-ball-mill\/","title":{"rendered":"3-1. Molino de bolas para cenizas de aluminio"},"content":{"rendered":"<div class=\"gb-container gb-container-45165f5a\">\n<div class=\"gb-container gb-container-c2652eb4\">\n\n<h1 class=\"gb-headline gb-headline-62a8b2cc gb-headline-text\">Molino de bolas de ceniza de aluminio<\/h1>\n\n<\/div>\n<\/div>\n\n<div class=\"gb-container gb-container-519cf624\">\n<div class=\"gb-container gb-container-71ca071e\">\n<div class=\"gb-grid-wrapper gb-grid-wrapper-8a5f0688\">\n<div class=\"gb-grid-column gb-grid-column-1e99b1c2\"><div class=\"gb-container gb-container-1e99b1c2\">\n\n<figure class=\"gb-block-image gb-block-image-e4eaba54\"><img decoding=\"async\" width=\"665\" height=\"545\" class=\"gb-image gb-image-e4eaba54\" src=\"https:\/\/hengxingmachinery.com\/wp-content\/uploads\/2025\/01\/aluminum-ball-mill-for-sale.jpg\" alt=\"\" title=\"molino-de-bolas-para-ceniza-de-aluminio-en-venta\" srcset=\"https:\/\/hengxingmachinery.com\/wp-content\/uploads\/2025\/01\/aluminum-ball-mill-for-sale.jpg 665w, https:\/\/hengxingmachinery.com\/wp-content\/uploads\/2025\/01\/aluminum-ball-mill-for-sale-300x246.jpg 300w, https:\/\/hengxingmachinery.com\/wp-content\/uploads\/2025\/01\/aluminum-ball-mill-for-sale-15x12.jpg 15w\" sizes=\"(max-width: 665px) 100vw, 665px\" \/><\/figure>\n\n<\/div><\/div>\n\n<div class=\"gb-grid-column gb-grid-column-bcae065b\"><div class=\"gb-container gb-container-bcae065b\">\n\n<p class=\"gb-headline gb-headline-e419680e gb-headline-text\">Los subproductos generados en el proceso de fundici\u00f3n de aluminio, como la ceniza fr\u00eda de aluminio y la escoria de aluminio, pueden procesarse mediante un molino de bolas para ceniza de aluminio, permitiendo as\u00ed el reciclaje de desechos y escorias. El molino de bolas para ceniza de aluminio es un equipo importante utilizado en el tratamiento en fr\u00edo de la ceniza de aluminio. El valor de las materias primas de escoria no se ve afectado, y la ceniza de aluminio y la escoria de aluminio terminadas poseen un mayor valor econ\u00f3mico.<br><br>La funci\u00f3n del molino de bolas para ceniza de aluminio es moler el aluminio presente en la ceniza mediante bolas de acero, estirando el aluminio hasta obtener l\u00e1minas y aluminio similar a papel de aluminio. Este es un paso del proceso relativamente importante para extraer aluminio de la ceniza de aluminio. La ceniza de aluminio puede utilizarse como materia prima para la producci\u00f3n de purificadores de agua de la serie de cloruro de aluminio, permitiendo as\u00ed que el aluminio residual se recicle de la mejor manera, o la ceniza de aluminio tratada puede emplearse como material conjunto para reemplazar la criosina como materia prima para la producci\u00f3n de aluminio electrol\u00edtico.<\/p>\n\n\n<div class=\"gb-grid-wrapper gb-grid-wrapper-eebec76e\">\n<div class=\"gb-grid-column gb-grid-column-e3ada2f0\"><div class=\"gb-container gb-container-e3ada2f0\">\n\n<p class=\"gb-headline gb-headline-4c79a90a gb-headline-text\"><mark style=\"background-color:rgba(0, 0, 0, 0)\" class=\"has-inline-color has-global-color-8-color\"><strong>Tama\u00f1o de descarga:<\/strong><\/mark> 0.075-0.89 mm<\/p>\n\n<\/div><\/div>\n\n<div class=\"gb-grid-column gb-grid-column-0bb00826\"><div class=\"gb-container gb-container-0bb00826\">\n\n<p class=\"gb-headline gb-headline-86d53f56 gb-headline-text\"><mark style=\"background-color:rgba(0, 0, 0, 0)\" class=\"has-inline-color has-global-color-8-color\"><strong>Capacidad:<\/strong><\/mark> 0,65-90t\/h<\/p>\n\n<\/div><\/div>\n<\/div>\n\n\n<p class=\"gb-headline gb-headline-2750f5a7 gb-headline-text\"><strong>Tama\u00f1o de la alimentaci\u00f3n:<\/strong><\/p>\n\n\n\n<p class=\"gb-headline gb-headline-28231626 gb-headline-text\">\u226420-\u226425mm<\/p>\n\n\n<div class=\"gb-container gb-container-256e15f1\">\n\n<a class=\"gb-button gb-button-e8b73d89 gb-button-text\" href=\"#popmake-622\">Obtener presupuesto gratuito<\/a>\n\n<\/div>\n<\/div><\/div>\n<\/div>\n<\/div>\n<\/div>\n\n<div class=\"gb-container gb-container-8d8b4afc\">\n<div class=\"gb-container gb-container-f2c44112\">\n\n<h2 class=\"gb-headline gb-headline-602757fa gb-headline-text\">Caracter\u00edsticas del molino de bolas para cenizas volantes<\/h2>\n\n\n\n<figure class=\"gb-block-image gb-block-image-db4c5409\"><img decoding=\"async\" width=\"665\" height=\"545\" class=\"gb-image gb-image-db4c5409\" src=\"https:\/\/hengxingmachinery.com\/wp-content\/uploads\/2025\/01\/aluminum-ball-mill-for-sale.jpg\" alt=\"\" title=\"molino-de-bolas-para-ceniza-de-aluminio-en-venta\" srcset=\"https:\/\/hengxingmachinery.com\/wp-content\/uploads\/2025\/01\/aluminum-ball-mill-for-sale.jpg 665w, https:\/\/hengxingmachinery.com\/wp-content\/uploads\/2025\/01\/aluminum-ball-mill-for-sale-300x246.jpg 300w, https:\/\/hengxingmachinery.com\/wp-content\/uploads\/2025\/01\/aluminum-ball-mill-for-sale-15x12.jpg 15w\" sizes=\"(max-width: 665px) 100vw, 665px\" \/><\/figure>\n\n\n\n<p><strong>1. Mejora de la tasa de recuperaci\u00f3n: <\/strong>En comparaci\u00f3n con los m\u00e9todos de reciclaje existentes, el molino de bolas para ceniza de aluminio logra una tasa de recuperaci\u00f3n considerablemente mejorada cuando se utilizan concentradores de ceniza de aluminio y molinos de bolas para ceniza de aluminio.<\/p>\n\n\n\n<p><strong>2. Baja inversi\u00f3n:<\/strong> Se instala una criba cil\u00edndrica con funci\u00f3n de golpeteo en la salida del molino de bolas para ceniza de aluminio, lo que ahorra una criba vibratoria lineal en comparaci\u00f3n con el m\u00e9todo tradicional, permitiendo reducir la inversi\u00f3n y los costos operativos.<\/p>\n\n\n\n<p><strong>3. Ahorro energ\u00e9tico:<\/strong> El funcionamiento del molino de bolas para ceniza de aluminio no requiere energ\u00eda valiosa como petr\u00f3leo o carb\u00f3n, y utiliza directamente el calor presente en la ceniza caliente para procesar la ceniza de aluminio, ahorrando as\u00ed una gran cantidad de energ\u00eda.<\/p>\n\n\n\n<p><strong>4. Poco polvo:<\/strong> La salida del molino de bolas especial est\u00e1 equipada con una cubierta colectora de polvo, lo que reduce significativamente el polvo.<\/p>\n\n\n<div class=\"gb-container gb-container-63dc3c06\">\n\n<a class=\"gb-button gb-button-a6821353 gb-button-text\" href=\"#popmake-622\">Obtener presupuesto gratuito<\/a>\n\n<\/div>\n<\/div>\n<\/div>\n\n<div class=\"gb-container gb-container-b24071b3\">\n<div class=\"gb-container gb-container-60584794\">\n\n<h2 class=\"gb-headline gb-headline-5e7d8f8c gb-headline-text\">Principio de funcionamiento del molino de bolas para cenizas volantes<\/h2>\n\n\n\n<figure class=\"gb-block-image gb-block-image-a7119939\"><img decoding=\"async\" width=\"665\" height=\"545\" class=\"gb-image gb-image-a7119939\" src=\"https:\/\/hengxingmachinery.com\/wp-content\/uploads\/2025\/01\/aluminum-ball-mill-working.jpg\" alt=\"\" title=\"funcionamiento-del-molino-de-bolas-para-ceniza-de-aluminio\" srcset=\"https:\/\/hengxingmachinery.com\/wp-content\/uploads\/2025\/01\/aluminum-ball-mill-working.jpg 665w, https:\/\/hengxingmachinery.com\/wp-content\/uploads\/2025\/01\/aluminum-ball-mill-working-300x246.jpg 300w, https:\/\/hengxingmachinery.com\/wp-content\/uploads\/2025\/01\/aluminum-ball-mill-working-15x12.jpg 15w\" sizes=\"(max-width: 665px) 100vw, 665px\" \/><\/figure>\n\n\n\n<p>La ceniza de aluminio se introduce de manera uniforme en un compartimento del molino a trav\u00e9s del eje hueco de alimentaci\u00f3n desde el dispositivo de carga. Cuando el cilindro gira alrededor de su eje horizontal a cierta velocidad, el material es elevado a una altura determinada. <\/p>\n\n\n\n<p>Cuando su propia gravedad es mayor que la fuerza centr\u00edfuga, el material se desprende o rueda hacia abajo desde la pared interior del cilindro, lo que genera un fuerte impacto y efecto de molienda sobre la ceniza de aluminio debido a la fuerza de impacto. Posteriormente, la ceniza de aluminio ingresa a un segundo compartimento para una molienda adicional. <\/p>\n\n\n\n<p>La acci\u00f3n de molienda ocurre entre los cuerpos moledores, el revestimiento y la ceniza de aluminio, logrando que el material sea finamente molido. Luego, el polvo de ceniza de aluminio se descarga a trav\u00e9s de la rejilla de descarga, completando as\u00ed la operaci\u00f3n de molienda de ceniza de aluminio. <\/p>\n\n\n<div class=\"gb-container gb-container-1f0dc6f2\">\n\n<a class=\"gb-button gb-button-6c09f29e gb-button-text\" href=\"#popmake-622\">Obtener presupuesto gratuito<\/a>\n\n<\/div>\n<\/div>\n<\/div>\n\n<div class=\"gb-container gb-container-435ad261\">\n<div class=\"gb-container gb-container-7dc79cc4\">\n\n<h2 class=\"gb-headline gb-headline-6fe5dee2 gb-headline-text\">Especificaciones del molino de bolas intermitente<\/h2>\n\n\n\n<figure class=\"wp-block-table is-style-stripes\"><table class=\"has-fixed-layout\"><tbody><tr><td><strong>Modelo<\/strong><\/td><td><strong>Tama\u00f1o de la alimentaci\u00f3n<br>(mm)<\/strong><\/td><td><strong>Tama\u00f1o de descarga<br>(mm)<\/strong><\/td><td><strong>Capacidad<br>(t)<\/strong><\/td><td><strong>Potencia del motor<br>(kW)<\/strong><\/td><td><strong>Peso total<br>(t)<\/strong><\/td><\/tr><tr><td>\u03c6 900\u00d71800<\/td><td>\u226420<\/td><td>0.075-0.89<\/td><td>0.65-2<\/td><td>18.5<\/td><td>5.8<\/td><\/tr><tr><td>\u03c6 900\u00d73000<\/td><td>\u226420<\/td><td>0.075-0.89<\/td><td>1.1-3.5<\/td><td>22<\/td><td>6.8<\/td><\/tr><tr><td>\u03c6 1200\u00d72400<\/td><td>\u226425<\/td><td>0.075-0.6<\/td><td>1.5-4.8<\/td><td>30<\/td><td>12<\/td><\/tr><tr><td>\u03c6 1200\u00d73000<\/td><td>\u226425<\/td><td>0.074-0.4<\/td><td>1.6-5<\/td><td>37<\/td><td>13.2<\/td><\/tr><tr><td>\u03c6 1200\u00d74500<\/td><td>\u226425<\/td><td>0.074-0.4<\/td><td>1.6-5.8<\/td><td>55<\/td><td>13.7<\/td><\/tr><tr><td>\u03c6 1500\u00d73000<\/td><td>\u226425<\/td><td>0.074-0.4<\/td><td>2-5<\/td><td>75<\/td><td>16.5<\/td><\/tr><tr><td>\u03c6 1500\u00d74500<\/td><td>\u226425<\/td><td>0.074-0.4<\/td><td>3-6<\/td><td>110<\/td><td>21<\/td><\/tr><tr><td>\u03c6 1500\u00d75700<\/td><td>\u226425<\/td><td>0.074-0.4<\/td><td>3.5-6<\/td><td>130<\/td><td>24.7<\/td><\/tr><tr><td>\u03c6 1830\u00d73000<\/td><td>\u226425<\/td><td>0.074-0.4<\/td><td>4-10<\/td><td>130<\/td><td>34.5<\/td><\/tr><tr><td>\u03c6 1830\u00d74500<\/td><td>\u226425<\/td><td>0.074-0.4<\/td><td>4.5-12<\/td><td>155<\/td><td>38<\/td><\/tr><tr><td>\u03c6 1830\u00d76400<\/td><td>\u226425<\/td><td>0.074-0.4<\/td><td>6.5-15<\/td><td>210<\/td><td>46<\/td><\/tr><tr><td>\u03c6 1830\u00d77000<\/td><td>\u226425<\/td><td>0.074-0.4<\/td><td>7.5-17<\/td><td>245<\/td><td>49<\/td><\/tr><tr><td>\u03c6 2100\u00d73000<\/td><td>\u226425<\/td><td>0.074-0.4<\/td><td>6.5-36<\/td><td>155<\/td><td>48<\/td><\/tr><tr><td>\u03c6 2100\u00d74500<\/td><td>\u226425<\/td><td>0.074-0.4<\/td><td>8-43<\/td><td>245<\/td><td>59<\/td><\/tr><tr><td>\u03c6 2100\u00d77000<\/td><td>\u226425<\/td><td>0.074-0.4<\/td><td>8-48<\/td><td>280<\/td><td>67.5<\/td><\/tr><tr><td>\u03c6 2200\u00d74500<\/td><td>\u226425<\/td><td>0.074-0.4<\/td><td>9-45<\/td><td>280<\/td><td>58<\/td><\/tr><tr><td>\u03c6 2200\u00d76500<\/td><td>\u226425<\/td><td>0.074-0.4<\/td><td>14-26<\/td><td>380<\/td><td>63<\/td><\/tr><tr><td>\u03c6 2200\u00d77000<\/td><td>\u226425<\/td><td>0.074-0.4<\/td><td>15-28<\/td><td>380<\/td><td>65.3<\/td><\/tr><tr><td>\u03c6 2200\u00d77500<\/td><td>\u226425<\/td><td>0.074-0.4<\/td><td>15-30<\/td><td>380<\/td><td>66.5<\/td><\/tr><tr><td>\u03c6 2400\u00d73000<\/td><td>\u226425<\/td><td>0.074-0.4<\/td><td>7-50<\/td><td>245<\/td><td>65<\/td><\/tr><tr><td>\u03c6 2400\u00d74500<\/td><td>\u226425<\/td><td>0.074-0.4<\/td><td>8.5-60<\/td><td>320<\/td><td>70<\/td><\/tr><tr><td>\u03c6 2700\u00d74000<\/td><td>\u226425<\/td><td>0.074-0.4<\/td><td>12-80<\/td><td>400<\/td><td>92<\/td><\/tr><tr><td>\u03c6 2700\u00d74500<\/td><td>\u226425<\/td><td>0.074-0.4<\/td><td>12-90<\/td><td>430<\/td><td>102<\/td><\/tr><tr><td>\u03c6 3200\u00d74500<\/td><td>\u226425<\/td><td>0.074-0.4<\/td><td>Determinado por el proceso tecnol\u00f3gico<\/td><td>600<\/td><td>137<\/td><\/tr><tr><td>\u03c6 3600\u00d74500<\/td><td>\u226425<\/td><td>0.074-0.4<\/td><td>Determinado por el proceso tecnol\u00f3gico<\/td><td>850<\/td><td>158<\/td><\/tr><tr><td>\u03c63600\u00d76000<\/td><td>\u226425<\/td><td>0.074-0.4<\/td><td>Determinado por el proceso tecnol\u00f3gico<\/td><td>1250<\/td><td>175<\/td><\/tr><\/tbody><\/table><\/figure>\n\n\n<div class=\"gb-container gb-container-263d9700\">\n\n<a class=\"gb-button gb-button-a4cbb7be gb-button-text\" href=\"#popmake-622\">Obtener presupuesto gratuito<\/a>\n\n<\/div>\n<\/div>\n<\/div>\n\n\n<p><\/p>","protected":false},"excerpt":{"rendered":"<p>Aluminum ash ball mill Fly ash ball mill features 1. Improve the recovery rate: Compared with the existing recycling methods, the aluminum ash ball mill has a greatly improved recovery rate when using aluminum ash concentrators and aluminum ash ball mills. 2. Low investment: A cylindrical screen with a beating function is installed at the &#8230; <\/p>\n<p class=\"read-more-container\"><a title=\"3-1. Molino de bolas para cenizas de aluminio\" class=\"read-more button\" href=\"https:\/\/hengxingmachinery.com\/es\/aluminum-ash-ball-mill\/#more-1463\" aria-label=\"Leer m\u00e1s sobre 3-1. Aluminum ash ball mill\">Leer m\u00e1s<\/a><\/p>","protected":false},"author":1,"featured_media":0,"parent":0,"menu_order":0,"comment_status":"closed","ping_status":"closed","template":"","meta":{"footnotes":""},"class_list":["post-1463","page","type-page","status-publish"],"yoast_head":"<!-- This site is optimized with the Yoast SEO plugin v27.5 - https:\/\/yoast.com\/product\/yoast-seo-wordpress\/ -->\n<title>3-1. Aluminum ash ball mill - Hengxing Machinery<\/title>\n<meta name=\"robots\" content=\"index, follow, max-snippet:-1, max-image-preview:large, max-video-preview:-1\" \/>\n<link rel=\"canonical\" href=\"https:\/\/hengxingmachinery.com\/es\/aluminum-ash-ball-mill\/\" \/>\n<meta property=\"og:locale\" content=\"es_ES\" \/>\n<meta property=\"og:type\" content=\"article\" \/>\n<meta property=\"og:title\" content=\"3-1. Aluminum ash ball mill - Hengxing Machinery\" \/>\n<meta property=\"og:description\" content=\"Aluminum ash ball mill Fly ash ball mill features 1. Improve the recovery rate: Compared with the existing recycling methods, the aluminum ash ball mill has a greatly improved recovery rate when using aluminum ash concentrators and aluminum ash ball mills. 2. Low investment: A cylindrical screen with a beating function is installed at the ... Leer m\u00e1s\" \/>\n<meta property=\"og:url\" content=\"https:\/\/hengxingmachinery.com\/es\/aluminum-ash-ball-mill\/\" \/>\n<meta property=\"og:site_name\" content=\"Hengxing Machinery\" \/>\n<meta property=\"article:modified_time\" content=\"2025-01-13T09:29:31+00:00\" \/>\n<meta property=\"og:image\" content=\"https:\/\/hengxingmachinery.com\/wp-content\/uploads\/2025\/01\/aluminum-ball-mill-for-sale.jpg\" \/>\n<meta name=\"twitter:card\" content=\"summary_large_image\" \/>\n<meta name=\"twitter:label1\" content=\"Tiempo de lectura\" \/>\n\t<meta name=\"twitter:data1\" content=\"4 minutos\" \/>\n<script type=\"application\/ld+json\" class=\"yoast-schema-graph\">{\"@context\":\"https:\\\/\\\/schema.org\",\"@graph\":[{\"@type\":\"WebPage\",\"@id\":\"https:\\\/\\\/hengxingmachinery.com\\\/aluminum-ash-ball-mill\\\/\",\"url\":\"https:\\\/\\\/hengxingmachinery.com\\\/aluminum-ash-ball-mill\\\/\",\"name\":\"3-1. Aluminum ash ball mill - Hengxing Machinery\",\"isPartOf\":{\"@id\":\"https:\\\/\\\/hengxingmachinery.com\\\/#website\"},\"primaryImageOfPage\":{\"@id\":\"https:\\\/\\\/hengxingmachinery.com\\\/aluminum-ash-ball-mill\\\/#primaryimage\"},\"image\":{\"@id\":\"https:\\\/\\\/hengxingmachinery.com\\\/aluminum-ash-ball-mill\\\/#primaryimage\"},\"thumbnailUrl\":\"https:\\\/\\\/hengxingmachinery.com\\\/wp-content\\\/uploads\\\/2025\\\/01\\\/aluminum-ball-mill-for-sale.jpg\",\"datePublished\":\"2025-01-10T09:15:17+00:00\",\"dateModified\":\"2025-01-13T09:29:31+00:00\",\"breadcrumb\":{\"@id\":\"https:\\\/\\\/hengxingmachinery.com\\\/aluminum-ash-ball-mill\\\/#breadcrumb\"},\"inLanguage\":\"es\",\"potentialAction\":[{\"@type\":\"ReadAction\",\"target\":[\"https:\\\/\\\/hengxingmachinery.com\\\/aluminum-ash-ball-mill\\\/\"]}]},{\"@type\":\"ImageObject\",\"inLanguage\":\"es\",\"@id\":\"https:\\\/\\\/hengxingmachinery.com\\\/aluminum-ash-ball-mill\\\/#primaryimage\",\"url\":\"https:\\\/\\\/hengxingmachinery.com\\\/wp-content\\\/uploads\\\/2025\\\/01\\\/aluminum-ball-mill-for-sale.jpg\",\"contentUrl\":\"https:\\\/\\\/hengxingmachinery.com\\\/wp-content\\\/uploads\\\/2025\\\/01\\\/aluminum-ball-mill-for-sale.jpg\"},{\"@type\":\"BreadcrumbList\",\"@id\":\"https:\\\/\\\/hengxingmachinery.com\\\/aluminum-ash-ball-mill\\\/#breadcrumb\",\"itemListElement\":[{\"@type\":\"ListItem\",\"position\":1,\"name\":\"Home\",\"item\":\"https:\\\/\\\/hengxingmachinery.com\\\/\"},{\"@type\":\"ListItem\",\"position\":2,\"name\":\"3-1. Aluminum ash ball mill\"}]},{\"@type\":\"WebSite\",\"@id\":\"https:\\\/\\\/hengxingmachinery.com\\\/#website\",\"url\":\"https:\\\/\\\/hengxingmachinery.com\\\/\",\"name\":\"Hengxing Machinery\",\"description\":\"Leading Manufacturer of All Sorts of Mining Machinery\",\"publisher\":{\"@id\":\"https:\\\/\\\/hengxingmachinery.com\\\/#organization\"},\"potentialAction\":[{\"@type\":\"SearchAction\",\"target\":{\"@type\":\"EntryPoint\",\"urlTemplate\":\"https:\\\/\\\/hengxingmachinery.com\\\/?s={search_term_string}\"},\"query-input\":{\"@type\":\"PropertyValueSpecification\",\"valueRequired\":true,\"valueName\":\"search_term_string\"}}],\"inLanguage\":\"es\"},{\"@type\":\"Organization\",\"@id\":\"https:\\\/\\\/hengxingmachinery.com\\\/#organization\",\"name\":\"Hengxing Machinery\",\"url\":\"https:\\\/\\\/hengxingmachinery.com\\\/\",\"logo\":{\"@type\":\"ImageObject\",\"inLanguage\":\"es\",\"@id\":\"https:\\\/\\\/hengxingmachinery.com\\\/#\\\/schema\\\/logo\\\/image\\\/\",\"url\":\"https:\\\/\\\/hengxingmachinery.com\\\/wp-content\\\/uploads\\\/2024\\\/12\\\/logo.png\",\"contentUrl\":\"https:\\\/\\\/hengxingmachinery.com\\\/wp-content\\\/uploads\\\/2024\\\/12\\\/logo.png\",\"width\":400,\"height\":260,\"caption\":\"Hengxing Machinery\"},\"image\":{\"@id\":\"https:\\\/\\\/hengxingmachinery.com\\\/#\\\/schema\\\/logo\\\/image\\\/\"}}]}<\/script>\n<!-- \/ Yoast SEO plugin. -->","yoast_head_json":{"title":"3-1. Molino de bolas para cenizas de aluminio - Hengxing Machinery","robots":{"index":"index","follow":"follow","max-snippet":"max-snippet:-1","max-image-preview":"max-image-preview:large","max-video-preview":"max-video-preview:-1"},"canonical":"https:\/\/hengxingmachinery.com\/es\/aluminum-ash-ball-mill\/","og_locale":"es_ES","og_type":"article","og_title":"3-1. Aluminum ash ball mill - Hengxing Machinery","og_description":"Aluminum ash ball mill Fly ash ball mill features 1. Improve the recovery rate: Compared with the existing recycling methods, the aluminum ash ball mill has a greatly improved recovery rate when using aluminum ash concentrators and aluminum ash ball mills. 2. Low investment: A cylindrical screen with a beating function is installed at the ... Leer m\u00e1s","og_url":"https:\/\/hengxingmachinery.com\/es\/aluminum-ash-ball-mill\/","og_site_name":"Hengxing Machinery","article_modified_time":"2025-01-13T09:29:31+00:00","og_image":[{"url":"https:\/\/hengxingmachinery.com\/wp-content\/uploads\/2025\/01\/aluminum-ball-mill-for-sale.jpg","type":"","width":"","height":""}],"twitter_card":"summary_large_image","twitter_misc":{"Tiempo de lectura":"4 minutos"},"schema":{"@context":"https:\/\/schema.org","@graph":[{"@type":"WebPage","@id":"https:\/\/hengxingmachinery.com\/aluminum-ash-ball-mill\/","url":"https:\/\/hengxingmachinery.com\/aluminum-ash-ball-mill\/","name":"3-1. Molino de bolas para cenizas de aluminio - Hengxing Machinery","isPartOf":{"@id":"https:\/\/hengxingmachinery.com\/#website"},"primaryImageOfPage":{"@id":"https:\/\/hengxingmachinery.com\/aluminum-ash-ball-mill\/#primaryimage"},"image":{"@id":"https:\/\/hengxingmachinery.com\/aluminum-ash-ball-mill\/#primaryimage"},"thumbnailUrl":"https:\/\/hengxingmachinery.com\/wp-content\/uploads\/2025\/01\/aluminum-ball-mill-for-sale.jpg","datePublished":"2025-01-10T09:15:17+00:00","dateModified":"2025-01-13T09:29:31+00:00","breadcrumb":{"@id":"https:\/\/hengxingmachinery.com\/aluminum-ash-ball-mill\/#breadcrumb"},"inLanguage":"es","potentialAction":[{"@type":"ReadAction","target":["https:\/\/hengxingmachinery.com\/aluminum-ash-ball-mill\/"]}]},{"@type":"ImageObject","inLanguage":"es","@id":"https:\/\/hengxingmachinery.com\/aluminum-ash-ball-mill\/#primaryimage","url":"https:\/\/hengxingmachinery.com\/wp-content\/uploads\/2025\/01\/aluminum-ball-mill-for-sale.jpg","contentUrl":"https:\/\/hengxingmachinery.com\/wp-content\/uploads\/2025\/01\/aluminum-ball-mill-for-sale.jpg"},{"@type":"BreadcrumbList","@id":"https:\/\/hengxingmachinery.com\/aluminum-ash-ball-mill\/#breadcrumb","itemListElement":[{"@type":"ListItem","position":1,"name":"Home","item":"https:\/\/hengxingmachinery.com\/"},{"@type":"ListItem","position":2,"name":"3-1. Aluminum ash ball mill"}]},{"@type":"WebSite","@id":"https:\/\/hengxingmachinery.com\/#website","url":"https:\/\/hengxingmachinery.com\/","name":"Maquinaria Hengxing","description":"Fabricante l\u00edder de todo tipo de maquinaria minera","publisher":{"@id":"https:\/\/hengxingmachinery.com\/#organization"},"potentialAction":[{"@type":"SearchAction","target":{"@type":"EntryPoint","urlTemplate":"https:\/\/hengxingmachinery.com\/?s={search_term_string}"},"query-input":{"@type":"PropertyValueSpecification","valueRequired":true,"valueName":"search_term_string"}}],"inLanguage":"es"},{"@type":"Organization","@id":"https:\/\/hengxingmachinery.com\/#organization","name":"Maquinaria Hengxing","url":"https:\/\/hengxingmachinery.com\/","logo":{"@type":"ImageObject","inLanguage":"es","@id":"https:\/\/hengxingmachinery.com\/#\/schema\/logo\/image\/","url":"https:\/\/hengxingmachinery.com\/wp-content\/uploads\/2024\/12\/logo.png","contentUrl":"https:\/\/hengxingmachinery.com\/wp-content\/uploads\/2024\/12\/logo.png","width":400,"height":260,"caption":"Hengxing Machinery"},"image":{"@id":"https:\/\/hengxingmachinery.com\/#\/schema\/logo\/image\/"}}]}},"_links":{"self":[{"href":"https:\/\/hengxingmachinery.com\/es\/wp-json\/wp\/v2\/pages\/1463","targetHints":{"allow":["GET"]}}],"collection":[{"href":"https:\/\/hengxingmachinery.com\/es\/wp-json\/wp\/v2\/pages"}],"about":[{"href":"https:\/\/hengxingmachinery.com\/es\/wp-json\/wp\/v2\/types\/page"}],"author":[{"embeddable":true,"href":"https:\/\/hengxingmachinery.com\/es\/wp-json\/wp\/v2\/users\/1"}],"replies":[{"embeddable":true,"href":"https:\/\/hengxingmachinery.com\/es\/wp-json\/wp\/v2\/comments?post=1463"}],"version-history":[{"count":3,"href":"https:\/\/hengxingmachinery.com\/es\/wp-json\/wp\/v2\/pages\/1463\/revisions"}],"predecessor-version":[{"id":1574,"href":"https:\/\/hengxingmachinery.com\/es\/wp-json\/wp\/v2\/pages\/1463\/revisions\/1574"}],"wp:attachment":[{"href":"https:\/\/hengxingmachinery.com\/es\/wp-json\/wp\/v2\/media?parent=1463"}],"curies":[{"name":"wp","href":"https:\/\/api.w.org\/{rel}","templated":true}]}}