{"id":1480,"date":"2025-01-10T09:54:01","date_gmt":"2025-01-10T09:54:01","guid":{"rendered":"https:\/\/hengxingmachinery.com\/?page_id=1480"},"modified":"2025-01-13T09:28:56","modified_gmt":"2025-01-13T09:28:56","slug":"air-swept-coal-mill","status":"publish","type":"page","link":"https:\/\/hengxingmachinery.com\/es\/air-swept-coal-mill\/","title":{"rendered":"3-1. Molino de carb\u00f3n barrido por aire"},"content":{"rendered":"<div class=\"gb-container gb-container-45165f5a\">\n<div class=\"gb-container gb-container-c2652eb4\">\n\n<h1 class=\"gb-headline gb-headline-62a8b2cc gb-headline-text\">Molino de carb\u00f3n de barrido neum\u00e1tico<\/h1>\n\n<\/div>\n<\/div>\n\n<div class=\"gb-container gb-container-519cf624\">\n<div class=\"gb-container gb-container-71ca071e\">\n<div class=\"gb-grid-wrapper gb-grid-wrapper-8a5f0688\">\n<div class=\"gb-grid-column gb-grid-column-1e99b1c2\"><div class=\"gb-container gb-container-1e99b1c2\">\n\n<figure class=\"gb-block-image gb-block-image-e4eaba54\"><img decoding=\"async\" width=\"665\" height=\"545\" class=\"gb-image gb-image-e4eaba54\" src=\"https:\/\/hengxingmachinery.com\/wp-content\/uploads\/2025\/01\/air-swept-coal-mill-for-sale.jpg\" alt=\"\" title=\"molino-de-carbon-de-barrido-por-aire-para-la-venta\" srcset=\"https:\/\/hengxingmachinery.com\/wp-content\/uploads\/2025\/01\/air-swept-coal-mill-for-sale.jpg 665w, https:\/\/hengxingmachinery.com\/wp-content\/uploads\/2025\/01\/air-swept-coal-mill-for-sale-300x246.jpg 300w, https:\/\/hengxingmachinery.com\/wp-content\/uploads\/2025\/01\/air-swept-coal-mill-for-sale-15x12.jpg 15w\" sizes=\"(max-width: 665px) 100vw, 665px\" \/><\/figure>\n\n<\/div><\/div>\n\n<div class=\"gb-grid-column gb-grid-column-bcae065b\"><div class=\"gb-container gb-container-bcae065b\">\n\n<p>El molino de carb\u00f3n de barrido por aire es un equipo ideal de procesamiento de carb\u00f3n capaz de moler y secar simult\u00e1neamente. Tiene caracter\u00edsticas de ahorro de energ\u00eda y protecci\u00f3n ambiental. La finura del carb\u00f3n molido supera el 85% y pasa por un tamiz de 200 mallas, y el contenido de humedad es inferior al 2%. Es un equipo ideal para pulverizar carb\u00f3n utilizado en hornos industriales, hornos rotativos, etc.<\/p>\n\n\n<div class=\"gb-grid-wrapper gb-grid-wrapper-eebec76e\">\n<div class=\"gb-grid-column gb-grid-column-e3ada2f0\"><div class=\"gb-container gb-container-e3ada2f0\">\n\n<p class=\"gb-headline gb-headline-4c79a90a gb-headline-text\"><mark style=\"background-color:rgba(0, 0, 0, 0)\" class=\"has-inline-color has-global-color-8-color\"><strong>Capacidad:<\/strong><\/mark> 1,4-16t\/h<\/p>\n\n<\/div><\/div>\n\n<div class=\"gb-grid-column gb-grid-column-0bb00826\"><div class=\"gb-container gb-container-0bb00826\">\n\n<p class=\"gb-headline gb-headline-86d53f56 gb-headline-text\"><mark style=\"background-color:rgba(0, 0, 0, 0)\" class=\"has-inline-color has-global-color-8-color\"><strong>Carga de bolas:<\/strong><\/mark> 4.8-35t<\/p>\n\n<\/div><\/div>\n<\/div>\n\n\n<p class=\"gb-headline gb-headline-2750f5a7 gb-headline-text\"><strong>Poder:<\/strong><\/p>\n\n\n\n<p class=\"gb-headline gb-headline-28231626 gb-headline-text\">45-570kW<\/p>\n\n\n<div class=\"gb-container gb-container-256e15f1\">\n\n<a class=\"gb-button gb-button-e8b73d89 gb-button-text\" href=\"#popmake-622\">Obtener presupuesto gratuito<\/a>\n\n<\/div>\n<\/div><\/div>\n<\/div>\n<\/div>\n<\/div>\n\n<div class=\"gb-container gb-container-3a930c38\">\n<div class=\"gb-container gb-container-8a36e90a\">\n\n<h2 class=\"gb-headline gb-headline-a5d3273c gb-headline-text\">Principio de funcionamiento del molino de carb\u00f3n de barrido por aire<\/h2>\n\n\n\n<figure class=\"gb-block-image gb-block-image-1c359176\"><img decoding=\"async\" width=\"665\" height=\"421\" class=\"gb-image gb-image-1c359176\" src=\"https:\/\/hengxingmachinery.com\/wp-content\/uploads\/2025\/01\/air-swept-coal-mill-working.jpg\" alt=\"\" title=\"molino-de-carbon-de-barrido-por-aire-funcionando\" srcset=\"https:\/\/hengxingmachinery.com\/wp-content\/uploads\/2025\/01\/air-swept-coal-mill-working.jpg 665w, https:\/\/hengxingmachinery.com\/wp-content\/uploads\/2025\/01\/air-swept-coal-mill-working-300x190.jpg 300w, https:\/\/hengxingmachinery.com\/wp-content\/uploads\/2025\/01\/air-swept-coal-mill-working-18x12.jpg 18w\" sizes=\"(max-width: 665px) 100vw, 665px\" \/><\/figure>\n\n\n\n<p>El equipo de alimentaci\u00f3n introduce el carb\u00f3n bruto en la canaleta del dispositivo de alimentaci\u00f3n. Mientras el material desciende por deslizamiento, el aire caliente a una temperatura de aproximadamente 300\u00b0C tambi\u00e9n ingresa al molino a trav\u00e9s de la tuber\u00eda de entrada de aire para secar el carb\u00f3n bruto; el carb\u00f3n bruto ingresa al cilindro a trav\u00e9s del tornillo de alimentaci\u00f3n. En el dep\u00f3sito del cuerpo, hay una cierta cantidad de cuerpos moledores en el dep\u00f3sito. <\/p>\n\n\n\n<p>Debido a la rotaci\u00f3n del cilindro, el revestimiento elevar\u00e1 los cuerpos moledores a una cierta altura, y luego utilizar\u00e1 la energ\u00eda de impacto y la energ\u00eda de fricci\u00f3n durante la ca\u00edda para triturar y moler el carb\u00f3n bruto. <\/p>\n\n\n\n<p>Simult\u00e1neamente a la trituraci\u00f3n y molienda, un ventilador de tiro inducido especial succiona, a trav\u00e9s del dispositivo de descarga del molino, el polvo fino molido junto con el aire caliente utilizado fuera del molino. La mezcla de polvo fino y aire caliente pasa por un clasificador especial. El clasificador separar\u00e1 el polvo grueso no calificado y lo devolver\u00e1 al molino para una remolienda.<\/p>\n\n\n<div class=\"gb-container gb-container-96208927\">\n\n<a class=\"gb-button gb-button-429870c5 gb-button-text\" href=\"#popmake-622\">Obtener presupuesto gratuito<\/a>\n\n<\/div>\n<\/div>\n<\/div>\n\n<div class=\"gb-container gb-container-435ad261\">\n<div class=\"gb-container gb-container-7dc79cc4\">\n\n<h2 class=\"gb-headline gb-headline-6fe5dee2 gb-headline-text\">Especificaciones del molino de carb\u00f3n de barrido por aire<\/h2>\n\n\n\n<figure class=\"wp-block-table is-style-stripes\"><table class=\"has-fixed-layout\"><tbody><tr><td>Modelo<\/td><td>Carga de bolas (t)<\/td><td>Velocidad de rotaci\u00f3n del cilindro (r\/min)<\/td><td>Capacidad (t\/h)<\/td><td>Modelo<\/td><td>Potencia del motor (kW)<\/td><td>Voltaje (V)<\/td><td>Dimensiones generales (mm)<\/td><td>Peso (t)<\/td><\/tr><tr><td>\u03c61200\u00d72400<\/td><td>4.8<\/td><td>32<\/td><td>1.4-2<\/td><td>Y280M-8<\/td><td>45<\/td><td>380<\/td><td>6520 x2850x2540<\/td><td>11.2<\/td><\/tr><tr><td>\u03c61500\u00d73000<\/td><td>8<\/td><td>28.8<\/td><td>2-3<\/td><td>JR125-8<\/td><td>95<\/td><td>380<\/td><td>7604x2630x2698<\/td><td>19.7<\/td><\/tr><tr><td>\u03c61700\u00d72500<\/td><td>7.5<\/td><td>24.5<\/td><td>3-5<\/td><td>JR116-6<\/td><td>95<\/td><td>380<\/td><td>6998x3700x2628<\/td><td>24<\/td><\/tr><tr><td>\u03c62200\u00d73000<\/td><td>13<\/td><td>22<\/td><td>5-6<\/td><td>JR136-8<\/td><td>180<\/td><td>380<\/td><td>7680 x4389x3950<\/td><td>33.5<\/td><\/tr><tr><td>\u03c62200\u00d74400<\/td><td>\u3000<\/td><td>21<\/td><td>8-9<\/td><td>YRKK4501-6<\/td><td>250<\/td><td>380<\/td><td>7880x4420x3950<\/td><td>39<\/td><\/tr><tr><td>\u03c62200\u00d75800<\/td><td>\u3000<\/td><td>21<\/td><td>5.5-7<\/td><td>Y4005-8<\/td><td>280<\/td><td>380<\/td><td>9060 x4480x3950<\/td><td>45.8<\/td><\/tr><tr><td>\u03c62400\u00d74750<\/td><td>22<\/td><td>20<\/td><td>10-12<\/td><td>YR400-8<\/td><td>280<\/td><td>6000<\/td><td>7770x5266x4024<\/td><td>49<\/td><\/tr><tr><td>\u03c62400x(4000+2000)<\/td><td>\u3000<\/td><td>\u3000<\/td><td>10-11<\/td><td>YRKK450-8<\/td><td>250<\/td><td>6000<\/td><td>10600 x5500x4024<\/td><td>56<\/td><\/tr><tr><td>\u03c62400x(4500+2000)<\/td><td>\u3000<\/td><td>\u3000<\/td><td>10-12<\/td><td>YRKK500-8<\/td><td>280<\/td><td>6000<\/td><td>11200x5500x4024<\/td><td>59.6<\/td><\/tr><tr><td>\u03c62500\u00d73900<\/td><td>\u3000<\/td><td>\u3000<\/td><td>14<\/td><td>JR138-8<\/td><td>280<\/td><td>6000<\/td><td>8770\u00d76266 x4870<\/td><td>53<\/td><\/tr><tr><td>\u03c62600x(5250+2250)<\/td><td>\u3000<\/td><td>\u3000<\/td><td>9-10<\/td><td>YRKK500-8<\/td><td>400<\/td><td>6000<\/td><td>\u3000<\/td><td>74.3<\/td><\/tr><tr><td>\u03c62800x(5000+3000)<\/td><td>\u3000<\/td><td>\u3000<\/td><td>13-13.5<\/td><td>Y5001-8<\/td><td>500<\/td><td>6000<\/td><td>\u3000<\/td><td>\u3000<\/td><\/tr><tr><td>\u03c62900 x4700<\/td><td>35<\/td><td>18.6<\/td><td>16<\/td><td>JSQ1512-6<\/td><td>570<\/td><td>6000<\/td><td>8930x6179x4440<\/td><td>81<\/td><\/tr><\/tbody><\/table><\/figure>\n\n\n<div class=\"gb-container gb-container-263d9700\">\n\n<a class=\"gb-button gb-button-a4cbb7be gb-button-text\" href=\"#popmake-622\">Obtener presupuesto gratuito<\/a>\n\n<\/div>\n<\/div>\n<\/div>\n\n\n<p><\/p>","protected":false},"excerpt":{"rendered":"<p>Air swept coal mill Air swept coal mill working principle The feeding equipment feeds the raw coal into the chute of the feeding device. While the material is sliding down, the hot air with a temperature of about 300\u00b0C also enters the mill through the air inlet pipe to dry the raw coal; the raw &#8230; <\/p>\n<p class=\"read-more-container\"><a title=\"3-1. Molino de carb\u00f3n barrido por aire\" class=\"read-more button\" href=\"https:\/\/hengxingmachinery.com\/es\/air-swept-coal-mill\/#more-1480\" aria-label=\"Leer m\u00e1s sobre 3-1. Air swept coal mill\">Leer m\u00e1s<\/a><\/p>","protected":false},"author":1,"featured_media":0,"parent":0,"menu_order":0,"comment_status":"closed","ping_status":"closed","template":"","meta":{"footnotes":""},"class_list":["post-1480","page","type-page","status-publish"],"yoast_head":"<!-- This site is optimized with the Yoast SEO plugin v27.4 - https:\/\/yoast.com\/product\/yoast-seo-wordpress\/ -->\n<title>3-1. Air swept coal mill - Hengxing Machinery<\/title>\n<meta name=\"robots\" content=\"index, follow, max-snippet:-1, max-image-preview:large, max-video-preview:-1\" \/>\n<link rel=\"canonical\" href=\"https:\/\/hengxingmachinery.com\/es\/air-swept-coal-mill\/\" \/>\n<meta property=\"og:locale\" content=\"es_ES\" \/>\n<meta property=\"og:type\" content=\"article\" \/>\n<meta property=\"og:title\" content=\"3-1. Air swept coal mill - Hengxing Machinery\" \/>\n<meta property=\"og:description\" content=\"Air swept coal mill Air swept coal mill working principle The feeding equipment feeds the raw coal into the chute of the feeding device. While the material is sliding down, the hot air with a temperature of about 300\u00b0C also enters the mill through the air inlet pipe to dry the raw coal; the raw ... Leer m\u00e1s\" \/>\n<meta property=\"og:url\" content=\"https:\/\/hengxingmachinery.com\/es\/air-swept-coal-mill\/\" \/>\n<meta property=\"og:site_name\" content=\"Hengxing Machinery\" \/>\n<meta property=\"article:modified_time\" content=\"2025-01-13T09:28:56+00:00\" \/>\n<meta property=\"og:image\" content=\"https:\/\/hengxingmachinery.com\/wp-content\/uploads\/2025\/01\/air-swept-coal-mill-for-sale.jpg\" \/>\n<meta name=\"twitter:card\" content=\"summary_large_image\" \/>\n<meta name=\"twitter:label1\" content=\"Tiempo de lectura\" \/>\n\t<meta name=\"twitter:data1\" content=\"3 minutos\" \/>\n<script type=\"application\/ld+json\" class=\"yoast-schema-graph\">{\"@context\":\"https:\\\/\\\/schema.org\",\"@graph\":[{\"@type\":\"WebPage\",\"@id\":\"https:\\\/\\\/hengxingmachinery.com\\\/air-swept-coal-mill\\\/\",\"url\":\"https:\\\/\\\/hengxingmachinery.com\\\/air-swept-coal-mill\\\/\",\"name\":\"3-1. Air swept coal mill - Hengxing Machinery\",\"isPartOf\":{\"@id\":\"https:\\\/\\\/hengxingmachinery.com\\\/#website\"},\"primaryImageOfPage\":{\"@id\":\"https:\\\/\\\/hengxingmachinery.com\\\/air-swept-coal-mill\\\/#primaryimage\"},\"image\":{\"@id\":\"https:\\\/\\\/hengxingmachinery.com\\\/air-swept-coal-mill\\\/#primaryimage\"},\"thumbnailUrl\":\"https:\\\/\\\/hengxingmachinery.com\\\/wp-content\\\/uploads\\\/2025\\\/01\\\/air-swept-coal-mill-for-sale.jpg\",\"datePublished\":\"2025-01-10T09:54:01+00:00\",\"dateModified\":\"2025-01-13T09:28:56+00:00\",\"breadcrumb\":{\"@id\":\"https:\\\/\\\/hengxingmachinery.com\\\/air-swept-coal-mill\\\/#breadcrumb\"},\"inLanguage\":\"es\",\"potentialAction\":[{\"@type\":\"ReadAction\",\"target\":[\"https:\\\/\\\/hengxingmachinery.com\\\/air-swept-coal-mill\\\/\"]}]},{\"@type\":\"ImageObject\",\"inLanguage\":\"es\",\"@id\":\"https:\\\/\\\/hengxingmachinery.com\\\/air-swept-coal-mill\\\/#primaryimage\",\"url\":\"https:\\\/\\\/hengxingmachinery.com\\\/wp-content\\\/uploads\\\/2025\\\/01\\\/air-swept-coal-mill-for-sale.jpg\",\"contentUrl\":\"https:\\\/\\\/hengxingmachinery.com\\\/wp-content\\\/uploads\\\/2025\\\/01\\\/air-swept-coal-mill-for-sale.jpg\"},{\"@type\":\"BreadcrumbList\",\"@id\":\"https:\\\/\\\/hengxingmachinery.com\\\/air-swept-coal-mill\\\/#breadcrumb\",\"itemListElement\":[{\"@type\":\"ListItem\",\"position\":1,\"name\":\"Home\",\"item\":\"https:\\\/\\\/hengxingmachinery.com\\\/\"},{\"@type\":\"ListItem\",\"position\":2,\"name\":\"3-1. Air swept coal mill\"}]},{\"@type\":\"WebSite\",\"@id\":\"https:\\\/\\\/hengxingmachinery.com\\\/#website\",\"url\":\"https:\\\/\\\/hengxingmachinery.com\\\/\",\"name\":\"Hengxing Machinery\",\"description\":\"Leading Manufacturer of All Sorts of Mining Machinery\",\"publisher\":{\"@id\":\"https:\\\/\\\/hengxingmachinery.com\\\/#organization\"},\"potentialAction\":[{\"@type\":\"SearchAction\",\"target\":{\"@type\":\"EntryPoint\",\"urlTemplate\":\"https:\\\/\\\/hengxingmachinery.com\\\/?s={search_term_string}\"},\"query-input\":{\"@type\":\"PropertyValueSpecification\",\"valueRequired\":true,\"valueName\":\"search_term_string\"}}],\"inLanguage\":\"es\"},{\"@type\":\"Organization\",\"@id\":\"https:\\\/\\\/hengxingmachinery.com\\\/#organization\",\"name\":\"Hengxing Machinery\",\"url\":\"https:\\\/\\\/hengxingmachinery.com\\\/\",\"logo\":{\"@type\":\"ImageObject\",\"inLanguage\":\"es\",\"@id\":\"https:\\\/\\\/hengxingmachinery.com\\\/#\\\/schema\\\/logo\\\/image\\\/\",\"url\":\"https:\\\/\\\/hengxingmachinery.com\\\/wp-content\\\/uploads\\\/2024\\\/12\\\/logo.png\",\"contentUrl\":\"https:\\\/\\\/hengxingmachinery.com\\\/wp-content\\\/uploads\\\/2024\\\/12\\\/logo.png\",\"width\":400,\"height\":260,\"caption\":\"Hengxing Machinery\"},\"image\":{\"@id\":\"https:\\\/\\\/hengxingmachinery.com\\\/#\\\/schema\\\/logo\\\/image\\\/\"}}]}<\/script>\n<!-- \/ Yoast SEO plugin. -->","yoast_head_json":{"title":"3-1. Molino de carb\u00f3n barrido por aire - Hengxing Machinery","robots":{"index":"index","follow":"follow","max-snippet":"max-snippet:-1","max-image-preview":"max-image-preview:large","max-video-preview":"max-video-preview:-1"},"canonical":"https:\/\/hengxingmachinery.com\/es\/air-swept-coal-mill\/","og_locale":"es_ES","og_type":"article","og_title":"3-1. Air swept coal mill - Hengxing Machinery","og_description":"Air swept coal mill Air swept coal mill working principle The feeding equipment feeds the raw coal into the chute of the feeding device. While the material is sliding down, the hot air with a temperature of about 300\u00b0C also enters the mill through the air inlet pipe to dry the raw coal; the raw ... Leer m\u00e1s","og_url":"https:\/\/hengxingmachinery.com\/es\/air-swept-coal-mill\/","og_site_name":"Hengxing Machinery","article_modified_time":"2025-01-13T09:28:56+00:00","og_image":[{"url":"https:\/\/hengxingmachinery.com\/wp-content\/uploads\/2025\/01\/air-swept-coal-mill-for-sale.jpg","type":"","width":"","height":""}],"twitter_card":"summary_large_image","twitter_misc":{"Tiempo de lectura":"3 minutos"},"schema":{"@context":"https:\/\/schema.org","@graph":[{"@type":"WebPage","@id":"https:\/\/hengxingmachinery.com\/air-swept-coal-mill\/","url":"https:\/\/hengxingmachinery.com\/air-swept-coal-mill\/","name":"3-1. Molino de carb\u00f3n barrido por aire - Hengxing Machinery","isPartOf":{"@id":"https:\/\/hengxingmachinery.com\/#website"},"primaryImageOfPage":{"@id":"https:\/\/hengxingmachinery.com\/air-swept-coal-mill\/#primaryimage"},"image":{"@id":"https:\/\/hengxingmachinery.com\/air-swept-coal-mill\/#primaryimage"},"thumbnailUrl":"https:\/\/hengxingmachinery.com\/wp-content\/uploads\/2025\/01\/air-swept-coal-mill-for-sale.jpg","datePublished":"2025-01-10T09:54:01+00:00","dateModified":"2025-01-13T09:28:56+00:00","breadcrumb":{"@id":"https:\/\/hengxingmachinery.com\/air-swept-coal-mill\/#breadcrumb"},"inLanguage":"es","potentialAction":[{"@type":"ReadAction","target":["https:\/\/hengxingmachinery.com\/air-swept-coal-mill\/"]}]},{"@type":"ImageObject","inLanguage":"es","@id":"https:\/\/hengxingmachinery.com\/air-swept-coal-mill\/#primaryimage","url":"https:\/\/hengxingmachinery.com\/wp-content\/uploads\/2025\/01\/air-swept-coal-mill-for-sale.jpg","contentUrl":"https:\/\/hengxingmachinery.com\/wp-content\/uploads\/2025\/01\/air-swept-coal-mill-for-sale.jpg"},{"@type":"BreadcrumbList","@id":"https:\/\/hengxingmachinery.com\/air-swept-coal-mill\/#breadcrumb","itemListElement":[{"@type":"ListItem","position":1,"name":"Home","item":"https:\/\/hengxingmachinery.com\/"},{"@type":"ListItem","position":2,"name":"3-1. Air swept coal mill"}]},{"@type":"WebSite","@id":"https:\/\/hengxingmachinery.com\/#website","url":"https:\/\/hengxingmachinery.com\/","name":"Maquinaria Hengxing","description":"Fabricante l\u00edder de todo tipo de maquinaria minera","publisher":{"@id":"https:\/\/hengxingmachinery.com\/#organization"},"potentialAction":[{"@type":"SearchAction","target":{"@type":"EntryPoint","urlTemplate":"https:\/\/hengxingmachinery.com\/?s={search_term_string}"},"query-input":{"@type":"PropertyValueSpecification","valueRequired":true,"valueName":"search_term_string"}}],"inLanguage":"es"},{"@type":"Organization","@id":"https:\/\/hengxingmachinery.com\/#organization","name":"Maquinaria Hengxing","url":"https:\/\/hengxingmachinery.com\/","logo":{"@type":"ImageObject","inLanguage":"es","@id":"https:\/\/hengxingmachinery.com\/#\/schema\/logo\/image\/","url":"https:\/\/hengxingmachinery.com\/wp-content\/uploads\/2024\/12\/logo.png","contentUrl":"https:\/\/hengxingmachinery.com\/wp-content\/uploads\/2024\/12\/logo.png","width":400,"height":260,"caption":"Hengxing Machinery"},"image":{"@id":"https:\/\/hengxingmachinery.com\/#\/schema\/logo\/image\/"}}]}},"_links":{"self":[{"href":"https:\/\/hengxingmachinery.com\/es\/wp-json\/wp\/v2\/pages\/1480","targetHints":{"allow":["GET"]}}],"collection":[{"href":"https:\/\/hengxingmachinery.com\/es\/wp-json\/wp\/v2\/pages"}],"about":[{"href":"https:\/\/hengxingmachinery.com\/es\/wp-json\/wp\/v2\/types\/page"}],"author":[{"embeddable":true,"href":"https:\/\/hengxingmachinery.com\/es\/wp-json\/wp\/v2\/users\/1"}],"replies":[{"embeddable":true,"href":"https:\/\/hengxingmachinery.com\/es\/wp-json\/wp\/v2\/comments?post=1480"}],"version-history":[{"count":2,"href":"https:\/\/hengxingmachinery.com\/es\/wp-json\/wp\/v2\/pages\/1480\/revisions"}],"predecessor-version":[{"id":1572,"href":"https:\/\/hengxingmachinery.com\/es\/wp-json\/wp\/v2\/pages\/1480\/revisions\/1572"}],"wp:attachment":[{"href":"https:\/\/hengxingmachinery.com\/es\/wp-json\/wp\/v2\/media?parent=1480"}],"curies":[{"name":"wp","href":"https:\/\/api.w.org\/{rel}","templated":true}]}}