{"id":1717,"date":"2025-01-20T09:03:19","date_gmt":"2025-01-20T09:03:19","guid":{"rendered":"https:\/\/hengxingmachinery.com\/?page_id=1717"},"modified":"2025-01-24T06:06:02","modified_gmt":"2025-01-24T06:06:02","slug":"bentonite-dryer","status":"publish","type":"page","link":"https:\/\/hengxingmachinery.com\/es\/bentonite-dryer\/","title":{"rendered":"5-1. Secador de bentonita"},"content":{"rendered":"<div class=\"gb-container gb-container-45165f5a\">\n<div class=\"gb-container gb-container-c2652eb4\">\n\n<h1 class=\"gb-headline gb-headline-62a8b2cc gb-headline-text\">Secador de bentonita<\/h1>\n\n<\/div>\n<\/div>\n\n<div class=\"gb-container gb-container-519cf624\">\n<div class=\"gb-container gb-container-71ca071e\">\n<div class=\"gb-grid-wrapper gb-grid-wrapper-8a5f0688\">\n<div class=\"gb-grid-column gb-grid-column-1e99b1c2\"><div class=\"gb-container gb-container-1e99b1c2\">\n\n<figure class=\"gb-block-image gb-block-image-e4eaba54\"><img decoding=\"async\" width=\"665\" height=\"545\" class=\"gb-image gb-image-e4eaba54\" src=\"https:\/\/hengxingmachinery.com\/wp-content\/uploads\/2025\/01\/Bentonite-dryer-equipment.jpg\" alt=\"\" title=\"Equipo secador de bentonita\" srcset=\"https:\/\/hengxingmachinery.com\/wp-content\/uploads\/2025\/01\/Bentonite-dryer-equipment.jpg 665w, https:\/\/hengxingmachinery.com\/wp-content\/uploads\/2025\/01\/Bentonite-dryer-equipment-300x246.jpg 300w, https:\/\/hengxingmachinery.com\/wp-content\/uploads\/2025\/01\/Bentonite-dryer-equipment-15x12.jpg 15w\" sizes=\"(max-width: 665px) 100vw, 665px\" \/><\/figure>\n\n<\/div><\/div>\n\n<div class=\"gb-grid-column gb-grid-column-bcae065b\"><div class=\"gb-container gb-container-bcae065b\">\n\n<p>El secador de bentonita es un proceso de secado a alta temperatura, que seca la bentonita con bajo contenido de humedad, secado y humedad uniformes, capacidad de producci\u00f3n estable, durabilidad y adaptabilidad. <\/p>\n\n\n\n<p>El secador de bentonita puede utilizar carb\u00f3n, petr\u00f3leo, gas y otros combustibles para calentar. Seg\u00fan los requisitos de evaluaci\u00f3n ambiental del proyecto del cliente, el dise\u00f1o t\u00e9cnico puede realizarse de manera flexible para satisfacer las necesidades de evaluaci\u00f3n ambiental y producci\u00f3n continua.<\/p>\n\n\n<div class=\"gb-grid-wrapper gb-grid-wrapper-eebec76e\">\n<div class=\"gb-grid-column gb-grid-column-e3ada2f0\"><div class=\"gb-container gb-container-e3ada2f0\">\n\n<p class=\"gb-headline gb-headline-4c79a90a gb-headline-text\"><mark style=\"background-color:rgba(0, 0, 0, 0)\" class=\"has-inline-color has-global-color-8-color\"><strong>Capacidad:<\/strong><\/mark> 0.8-34 t\/h<\/p>\n\n<\/div><\/div>\n\n<div class=\"gb-grid-column gb-grid-column-0bb00826\"><div class=\"gb-container gb-container-0bb00826\">\n\n<p class=\"gb-headline gb-headline-86d53f56 gb-headline-text\"><mark style=\"background-color:rgba(0, 0, 0, 0)\" class=\"has-inline-color has-global-color-8-color\"><strong>Potencia (kW):<\/strong><\/mark> 4-55<\/p>\n\n<\/div><\/div>\n<\/div>\n\n\n<p class=\"gb-headline gb-headline-2750f5a7 gb-headline-text\"><strong>Solicitud:<\/strong><\/p>\n\n\n\n<p class=\"gb-headline gb-headline-28231626 gb-headline-text\">Secado r\u00e1pido de diversos desechos minerales como bentonita, caol\u00edn, arcilla de aluminio-hierro, tierra de diatomeas, etc.<\/p>\n\n\n<div class=\"gb-container gb-container-256e15f1\">\n\n<a class=\"gb-button gb-button-e8b73d89 gb-button-text\" href=\"#popmake-622\">Obtener presupuesto gratuito<\/a>\n\n<\/div>\n<\/div><\/div>\n<\/div>\n<\/div>\n<\/div>\n\n<div class=\"gb-container gb-container-ebd718b6\">\n<div class=\"gb-container gb-container-5c75b960\">\n\n<h2 class=\"gb-headline gb-headline-98859344 gb-headline-text\">Principio de funcionamiento del secador de bentonita<\/h2>\n\n\n\n<figure class=\"gb-block-image gb-block-image-c486b36e\"><img decoding=\"async\" width=\"2327\" height=\"922\" class=\"gb-image gb-image-c486b36e\" src=\"https:\/\/hengxingmachinery.com\/wp-content\/uploads\/2025\/01\/Bentonite-drying-machine.jpg\" alt=\"\" title=\"M\u00e1quina secadora de bentonita\" srcset=\"https:\/\/hengxingmachinery.com\/wp-content\/uploads\/2025\/01\/Bentonite-drying-machine.jpg 2327w, https:\/\/hengxingmachinery.com\/wp-content\/uploads\/2025\/01\/Bentonite-drying-machine-300x119.jpg 300w, https:\/\/hengxingmachinery.com\/wp-content\/uploads\/2025\/01\/Bentonite-drying-machine-1024x406.jpg 1024w, https:\/\/hengxingmachinery.com\/wp-content\/uploads\/2025\/01\/Bentonite-drying-machine-768x304.jpg 768w, https:\/\/hengxingmachinery.com\/wp-content\/uploads\/2025\/01\/Bentonite-drying-machine-1536x609.jpg 1536w, https:\/\/hengxingmachinery.com\/wp-content\/uploads\/2025\/01\/Bentonite-drying-machine-2048x811.jpg 2048w, https:\/\/hengxingmachinery.com\/wp-content\/uploads\/2025\/01\/Bentonite-drying-machine-18x7.jpg 18w\" sizes=\"(max-width: 2327px) 100vw, 2327px\" \/><\/figure>\n\n\n\n<p>El sistema de secado de bentonita est\u00e1 compuesto principalmente por un horno de aire caliente, transportador de alimentaci\u00f3n, tambor rotativo, transportador de descarga, ventilador de tiro inducido, colector de polvo cicl\u00f3nico, colector de polvo de mangas (o colector de polvo h\u00famedo) y sistema de control de operaci\u00f3n. <\/p>\n\n\n\n<p>El equipo adopta un proceso de secado a contracorriente, y su principio de funcionamiento es el siguiente: Despu\u00e9s de que la bentonita ingresa al tambor de secado, se divide en las siguientes \u00e1reas de trabajo: una es el \u00e1rea de gu\u00eda, donde la bentonita ingresa a esta \u00e1rea y evapora r\u00e1pidamente el agua al entrar en contacto con el aire caliente a alta temperatura, y la bentonita gu\u00eda el material en un \u00e1ngulo grande. Cuando la placa se mueve, es conducida a la siguiente \u00e1rea de trabajo; la segunda es el \u00e1rea de elevaci\u00f3n de placas, donde la bentonita es recogida por las placas para formar una cortina de material. <\/p>\n\n\n\n<p>En este momento, la bentonita est\u00e1 en contacto completo con el aire caliente, y el agua en la bentonita se evapora r\u00e1pidamente y se desprende en forma de vapor de agua. Luego, el vapor de agua es extra\u00eddo por el ventilador de tiro inducido, logrando as\u00ed el prop\u00f3sito de secar la bentonita; la bentonita se seca hasta un estado suelto con humedad inferior al 5% (o menor) en esta \u00e1rea, y la bentonita alcanza el estado de humedad requerido despu\u00e9s del intercambio de calor. Ingresa al \u00e1rea de descarga en la parte posterior; la tercera es el \u00e1rea de descarga, el tambor no est\u00e1 equipado con placas elevadoras en esta \u00e1rea, y la bentonita rueda hacia la abertura de descarga en esta zona para completar todo el proceso de secado.<\/p>\n\n\n<div class=\"gb-container gb-container-d6bbf16a\">\n\n<a class=\"gb-button gb-button-caa3f2bc gb-button-text\" href=\"#popmake-622\">Obtener presupuesto gratuito<\/a>\n\n<\/div>\n<\/div>\n<\/div>\n\n<div class=\"gb-container gb-container-435ad261\">\n<div class=\"gb-container gb-container-7dc79cc4\">\n\n<h2 class=\"gb-headline gb-headline-6fe5dee2 gb-headline-text\">Especificaciones del secador de bentonita<\/h2>\n\n\n\n<figure class=\"wp-block-table is-style-stripes\"><table class=\"has-fixed-layout\"><tbody><tr><td><strong>Modelo (mm)<\/strong><\/td><td><strong>Velocidad (r\/min)<\/strong><\/td><td><strong>Pendiente (%)<\/strong><\/td><td><strong>Temperatura del Aire de Entrada<\/strong><br><strong>(\u00b0C)<\/strong><\/td><td><strong>Potencia (kW)<\/strong><\/td><td><strong>Capacidad (t\/h)<\/strong><\/td><td><strong>Peso (t)<\/strong><\/td><\/tr><tr><td>\u03a6800\u00d78000<\/td><td>3-8<\/td><td>3-5<\/td><td>\u2264700<\/td><td>4<\/td><td>0.8-2<\/td><td>3.5<\/td><\/tr><tr><td>\u03a61000\u00d710000<\/td><td>3-8<\/td><td>3-5<\/td><td>\u2264700<\/td><td>5.5<\/td><td>1-3<\/td><td>5.6<\/td><\/tr><tr><td>\u03a61200\u00d710000<\/td><td>3-8<\/td><td>3-5<\/td><td>\u2264700<\/td><td>7.5<\/td><td>2-3.5<\/td><td>13.5<\/td><\/tr><tr><td>\u03a61200\u00d712000<\/td><td>3-8<\/td><td>3-5<\/td><td>\u2264700<\/td><td>11<\/td><td>2.5-4<\/td><td>14.2<\/td><\/tr><tr><td>\u03a61500\u00d712000<\/td><td>2-6<\/td><td>3-5<\/td><td>\u2264800<\/td><td>11<\/td><td>4-6<\/td><td>18.5<\/td><\/tr><tr><td>\u03a61500\u00d715000<\/td><td>2-6<\/td><td>3-5<\/td><td>\u2264800<\/td><td>18.5<\/td><td>5-8<\/td><td>21<\/td><\/tr><tr><td>\u03a61800\u00d718000<\/td><td>2-6<\/td><td>3-5<\/td><td>\u2264800<\/td><td>18.5<\/td><td>6-12<\/td><td>31<\/td><\/tr><tr><td>\u03a62000\u00d718000<\/td><td>1.5-6<\/td><td>3-5<\/td><td>\u2264800<\/td><td>22<\/td><td>8-15<\/td><td>35<\/td><\/tr><tr><td>\u03a62200\u00d712000<\/td><td>1.5-6<\/td><td>3-5<\/td><td>\u2264800<\/td><td>22<\/td><td>13-15<\/td><td>31.6<\/td><\/tr><tr><td>\u03a62200\u00d714000<\/td><td>1.5-6<\/td><td>3-5<\/td><td>\u2264800<\/td><td>22<\/td><td>14-16<\/td><td>33.5<\/td><\/tr><tr><td>\u03a62200\u00d716000<\/td><td>1.5-6<\/td><td>3-5<\/td><td>\u2264800<\/td><td>30<\/td><td>14-18<\/td><td>36<\/td><\/tr><tr><td>\u03a62400\u00d718000<\/td><td>1.5-6<\/td><td>3-5<\/td><td>\u2264800<\/td><td>45<\/td><td>16-22<\/td><td>42.8<\/td><\/tr><tr><td>\u03a62400\u00d720000<\/td><td>1.5-6<\/td><td>3-5<\/td><td>\u2264800<\/td><td>45<\/td><td>18-25<\/td><td>52<\/td><\/tr><tr><td>\u03a63000\u00d720000<\/td><td>1.5-6<\/td><td>3-5<\/td><td>\u2264800<\/td><td>55<\/td><td>25-30<\/td><td>77.8<\/td><\/tr><tr><td>\u03a63000\u00d725000<\/td><td>1.5-6<\/td><td>3-5<\/td><td>\u2264800<\/td><td>55<\/td><td>28-34<\/td><td>87.5<\/td><\/tr><\/tbody><\/table><\/figure>\n\n\n<div class=\"gb-container gb-container-263d9700\">\n\n<a class=\"gb-button gb-button-a4cbb7be gb-button-text\" href=\"#popmake-622\">Obtener presupuesto gratuito<\/a>\n\n<\/div>\n<\/div>\n<\/div>\n\n\n<p><\/p>","protected":false},"excerpt":{"rendered":"<p>Bentonite dryer Bentonite dryer working principle The bentonite drying system is mainly composed of a hot air stove, feeding conveyor, rotary drum, discharge conveyor, induced draft fan, cyclone dust collector, bag dust collector (or wet dust collector) and operation control system. The equipment adopts a downstream drying process, and its working principle is as follows: &#8230; <\/p>\n<p class=\"read-more-container\"><a title=\"5-1. Secador de bentonita\" class=\"read-more button\" href=\"https:\/\/hengxingmachinery.com\/es\/bentonite-dryer\/#more-1717\" aria-label=\"Leer m\u00e1s sobre 5-1. Bentonite dryer\">Leer m\u00e1s<\/a><\/p>","protected":false},"author":1,"featured_media":0,"parent":0,"menu_order":0,"comment_status":"closed","ping_status":"closed","template":"","meta":{"footnotes":""},"class_list":["post-1717","page","type-page","status-publish"],"yoast_head":"<!-- This site is optimized with the Yoast SEO plugin v27.4 - https:\/\/yoast.com\/product\/yoast-seo-wordpress\/ -->\n<title>5-1. Bentonite dryer - Hengxing Machinery<\/title>\n<meta name=\"robots\" content=\"index, follow, max-snippet:-1, max-image-preview:large, max-video-preview:-1\" \/>\n<link rel=\"canonical\" href=\"https:\/\/hengxingmachinery.com\/es\/bentonite-dryer\/\" \/>\n<meta property=\"og:locale\" content=\"es_ES\" \/>\n<meta property=\"og:type\" content=\"article\" \/>\n<meta property=\"og:title\" content=\"5-1. Bentonite dryer - Hengxing Machinery\" \/>\n<meta property=\"og:description\" content=\"Bentonite dryer Bentonite dryer working principle The bentonite drying system is mainly composed of a hot air stove, feeding conveyor, rotary drum, discharge conveyor, induced draft fan, cyclone dust collector, bag dust collector (or wet dust collector) and operation control system. The equipment adopts a downstream drying process, and its working principle is as follows: ... Leer m\u00e1s\" \/>\n<meta property=\"og:url\" content=\"https:\/\/hengxingmachinery.com\/es\/bentonite-dryer\/\" \/>\n<meta property=\"og:site_name\" content=\"Hengxing Machinery\" \/>\n<meta property=\"article:modified_time\" content=\"2025-01-24T06:06:02+00:00\" \/>\n<meta property=\"og:image\" content=\"https:\/\/hengxingmachinery.com\/wp-content\/uploads\/2025\/01\/Bentonite-dryer-equipment.jpg\" \/>\n<meta name=\"twitter:card\" content=\"summary_large_image\" \/>\n<meta name=\"twitter:label1\" content=\"Tiempo de lectura\" \/>\n\t<meta name=\"twitter:data1\" content=\"3 minutos\" \/>\n<script type=\"application\/ld+json\" class=\"yoast-schema-graph\">{\"@context\":\"https:\\\/\\\/schema.org\",\"@graph\":[{\"@type\":\"WebPage\",\"@id\":\"https:\\\/\\\/hengxingmachinery.com\\\/bentonite-dryer\\\/\",\"url\":\"https:\\\/\\\/hengxingmachinery.com\\\/bentonite-dryer\\\/\",\"name\":\"5-1. Bentonite dryer - Hengxing Machinery\",\"isPartOf\":{\"@id\":\"https:\\\/\\\/hengxingmachinery.com\\\/#website\"},\"primaryImageOfPage\":{\"@id\":\"https:\\\/\\\/hengxingmachinery.com\\\/bentonite-dryer\\\/#primaryimage\"},\"image\":{\"@id\":\"https:\\\/\\\/hengxingmachinery.com\\\/bentonite-dryer\\\/#primaryimage\"},\"thumbnailUrl\":\"https:\\\/\\\/hengxingmachinery.com\\\/wp-content\\\/uploads\\\/2025\\\/01\\\/Bentonite-dryer-equipment.jpg\",\"datePublished\":\"2025-01-20T09:03:19+00:00\",\"dateModified\":\"2025-01-24T06:06:02+00:00\",\"breadcrumb\":{\"@id\":\"https:\\\/\\\/hengxingmachinery.com\\\/bentonite-dryer\\\/#breadcrumb\"},\"inLanguage\":\"es\",\"potentialAction\":[{\"@type\":\"ReadAction\",\"target\":[\"https:\\\/\\\/hengxingmachinery.com\\\/bentonite-dryer\\\/\"]}]},{\"@type\":\"ImageObject\",\"inLanguage\":\"es\",\"@id\":\"https:\\\/\\\/hengxingmachinery.com\\\/bentonite-dryer\\\/#primaryimage\",\"url\":\"https:\\\/\\\/hengxingmachinery.com\\\/wp-content\\\/uploads\\\/2025\\\/01\\\/Bentonite-dryer-equipment.jpg\",\"contentUrl\":\"https:\\\/\\\/hengxingmachinery.com\\\/wp-content\\\/uploads\\\/2025\\\/01\\\/Bentonite-dryer-equipment.jpg\"},{\"@type\":\"BreadcrumbList\",\"@id\":\"https:\\\/\\\/hengxingmachinery.com\\\/bentonite-dryer\\\/#breadcrumb\",\"itemListElement\":[{\"@type\":\"ListItem\",\"position\":1,\"name\":\"Home\",\"item\":\"https:\\\/\\\/hengxingmachinery.com\\\/\"},{\"@type\":\"ListItem\",\"position\":2,\"name\":\"5-1. Bentonite dryer\"}]},{\"@type\":\"WebSite\",\"@id\":\"https:\\\/\\\/hengxingmachinery.com\\\/#website\",\"url\":\"https:\\\/\\\/hengxingmachinery.com\\\/\",\"name\":\"Hengxing Machinery\",\"description\":\"Leading Manufacturer of All Sorts of Mining Machinery\",\"publisher\":{\"@id\":\"https:\\\/\\\/hengxingmachinery.com\\\/#organization\"},\"potentialAction\":[{\"@type\":\"SearchAction\",\"target\":{\"@type\":\"EntryPoint\",\"urlTemplate\":\"https:\\\/\\\/hengxingmachinery.com\\\/?s={search_term_string}\"},\"query-input\":{\"@type\":\"PropertyValueSpecification\",\"valueRequired\":true,\"valueName\":\"search_term_string\"}}],\"inLanguage\":\"es\"},{\"@type\":\"Organization\",\"@id\":\"https:\\\/\\\/hengxingmachinery.com\\\/#organization\",\"name\":\"Hengxing Machinery\",\"url\":\"https:\\\/\\\/hengxingmachinery.com\\\/\",\"logo\":{\"@type\":\"ImageObject\",\"inLanguage\":\"es\",\"@id\":\"https:\\\/\\\/hengxingmachinery.com\\\/#\\\/schema\\\/logo\\\/image\\\/\",\"url\":\"https:\\\/\\\/hengxingmachinery.com\\\/wp-content\\\/uploads\\\/2024\\\/12\\\/logo.png\",\"contentUrl\":\"https:\\\/\\\/hengxingmachinery.com\\\/wp-content\\\/uploads\\\/2024\\\/12\\\/logo.png\",\"width\":400,\"height\":260,\"caption\":\"Hengxing Machinery\"},\"image\":{\"@id\":\"https:\\\/\\\/hengxingmachinery.com\\\/#\\\/schema\\\/logo\\\/image\\\/\"}}]}<\/script>\n<!-- \/ Yoast SEO plugin. -->","yoast_head_json":{"title":"5-1. Secador de bentonita - Hengxing Machinery","robots":{"index":"index","follow":"follow","max-snippet":"max-snippet:-1","max-image-preview":"max-image-preview:large","max-video-preview":"max-video-preview:-1"},"canonical":"https:\/\/hengxingmachinery.com\/es\/bentonite-dryer\/","og_locale":"es_ES","og_type":"article","og_title":"5-1. Bentonite dryer - Hengxing Machinery","og_description":"Bentonite dryer Bentonite dryer working principle The bentonite drying system is mainly composed of a hot air stove, feeding conveyor, rotary drum, discharge conveyor, induced draft fan, cyclone dust collector, bag dust collector (or wet dust collector) and operation control system. The equipment adopts a downstream drying process, and its working principle is as follows: ... Leer m\u00e1s","og_url":"https:\/\/hengxingmachinery.com\/es\/bentonite-dryer\/","og_site_name":"Hengxing Machinery","article_modified_time":"2025-01-24T06:06:02+00:00","og_image":[{"url":"https:\/\/hengxingmachinery.com\/wp-content\/uploads\/2025\/01\/Bentonite-dryer-equipment.jpg","type":"","width":"","height":""}],"twitter_card":"summary_large_image","twitter_misc":{"Tiempo de lectura":"3 minutos"},"schema":{"@context":"https:\/\/schema.org","@graph":[{"@type":"WebPage","@id":"https:\/\/hengxingmachinery.com\/bentonite-dryer\/","url":"https:\/\/hengxingmachinery.com\/bentonite-dryer\/","name":"5-1. Secador de bentonita - Hengxing Machinery","isPartOf":{"@id":"https:\/\/hengxingmachinery.com\/#website"},"primaryImageOfPage":{"@id":"https:\/\/hengxingmachinery.com\/bentonite-dryer\/#primaryimage"},"image":{"@id":"https:\/\/hengxingmachinery.com\/bentonite-dryer\/#primaryimage"},"thumbnailUrl":"https:\/\/hengxingmachinery.com\/wp-content\/uploads\/2025\/01\/Bentonite-dryer-equipment.jpg","datePublished":"2025-01-20T09:03:19+00:00","dateModified":"2025-01-24T06:06:02+00:00","breadcrumb":{"@id":"https:\/\/hengxingmachinery.com\/bentonite-dryer\/#breadcrumb"},"inLanguage":"es","potentialAction":[{"@type":"ReadAction","target":["https:\/\/hengxingmachinery.com\/bentonite-dryer\/"]}]},{"@type":"ImageObject","inLanguage":"es","@id":"https:\/\/hengxingmachinery.com\/bentonite-dryer\/#primaryimage","url":"https:\/\/hengxingmachinery.com\/wp-content\/uploads\/2025\/01\/Bentonite-dryer-equipment.jpg","contentUrl":"https:\/\/hengxingmachinery.com\/wp-content\/uploads\/2025\/01\/Bentonite-dryer-equipment.jpg"},{"@type":"BreadcrumbList","@id":"https:\/\/hengxingmachinery.com\/bentonite-dryer\/#breadcrumb","itemListElement":[{"@type":"ListItem","position":1,"name":"Home","item":"https:\/\/hengxingmachinery.com\/"},{"@type":"ListItem","position":2,"name":"5-1. Bentonite dryer"}]},{"@type":"WebSite","@id":"https:\/\/hengxingmachinery.com\/#website","url":"https:\/\/hengxingmachinery.com\/","name":"Maquinaria Hengxing","description":"Fabricante l\u00edder de todo tipo de maquinaria minera","publisher":{"@id":"https:\/\/hengxingmachinery.com\/#organization"},"potentialAction":[{"@type":"SearchAction","target":{"@type":"EntryPoint","urlTemplate":"https:\/\/hengxingmachinery.com\/?s={search_term_string}"},"query-input":{"@type":"PropertyValueSpecification","valueRequired":true,"valueName":"search_term_string"}}],"inLanguage":"es"},{"@type":"Organization","@id":"https:\/\/hengxingmachinery.com\/#organization","name":"Maquinaria Hengxing","url":"https:\/\/hengxingmachinery.com\/","logo":{"@type":"ImageObject","inLanguage":"es","@id":"https:\/\/hengxingmachinery.com\/#\/schema\/logo\/image\/","url":"https:\/\/hengxingmachinery.com\/wp-content\/uploads\/2024\/12\/logo.png","contentUrl":"https:\/\/hengxingmachinery.com\/wp-content\/uploads\/2024\/12\/logo.png","width":400,"height":260,"caption":"Hengxing Machinery"},"image":{"@id":"https:\/\/hengxingmachinery.com\/#\/schema\/logo\/image\/"}}]}},"_links":{"self":[{"href":"https:\/\/hengxingmachinery.com\/es\/wp-json\/wp\/v2\/pages\/1717","targetHints":{"allow":["GET"]}}],"collection":[{"href":"https:\/\/hengxingmachinery.com\/es\/wp-json\/wp\/v2\/pages"}],"about":[{"href":"https:\/\/hengxingmachinery.com\/es\/wp-json\/wp\/v2\/types\/page"}],"author":[{"embeddable":true,"href":"https:\/\/hengxingmachinery.com\/es\/wp-json\/wp\/v2\/users\/1"}],"replies":[{"embeddable":true,"href":"https:\/\/hengxingmachinery.com\/es\/wp-json\/wp\/v2\/comments?post=1717"}],"version-history":[{"count":5,"href":"https:\/\/hengxingmachinery.com\/es\/wp-json\/wp\/v2\/pages\/1717\/revisions"}],"predecessor-version":[{"id":1808,"href":"https:\/\/hengxingmachinery.com\/es\/wp-json\/wp\/v2\/pages\/1717\/revisions\/1808"}],"wp:attachment":[{"href":"https:\/\/hengxingmachinery.com\/es\/wp-json\/wp\/v2\/media?parent=1717"}],"curies":[{"name":"wp","href":"https:\/\/api.w.org\/{rel}","templated":true}]}}