{"id":1734,"date":"2025-01-23T09:03:10","date_gmt":"2025-01-23T09:03:10","guid":{"rendered":"https:\/\/hengxingmachinery.com\/?page_id=1734"},"modified":"2025-01-23T09:12:53","modified_gmt":"2025-01-23T09:12:53","slug":"ore-powder-dryer","status":"publish","type":"page","link":"https:\/\/hengxingmachinery.com\/es\/ore-powder-dryer\/","title":{"rendered":"5-1. Secador de polvo de mineral"},"content":{"rendered":"<div class=\"gb-container gb-container-45165f5a\">\n<div class=\"gb-container gb-container-c2652eb4\">\n\n<h1 class=\"gb-headline gb-headline-62a8b2cc gb-headline-text\">Secador de polvo de mineral<\/h1>\n\n<\/div>\n<\/div>\n\n<div class=\"gb-container gb-container-519cf624\">\n<div class=\"gb-container gb-container-71ca071e\">\n<div class=\"gb-grid-wrapper gb-grid-wrapper-8a5f0688\">\n<div class=\"gb-grid-column gb-grid-column-1e99b1c2\"><div class=\"gb-container gb-container-1e99b1c2\">\n\n<figure class=\"gb-block-image gb-block-image-e4eaba54\"><img decoding=\"async\" width=\"665\" height=\"545\" class=\"gb-image gb-image-e4eaba54\" src=\"https:\/\/hengxingmachinery.com\/wp-content\/uploads\/2025\/01\/ore-powder-dryer-equipment.jpg\" alt=\"\" title=\"equipo secador de polvo mineral\" srcset=\"https:\/\/hengxingmachinery.com\/wp-content\/uploads\/2025\/01\/ore-powder-dryer-equipment.jpg 665w, https:\/\/hengxingmachinery.com\/wp-content\/uploads\/2025\/01\/ore-powder-dryer-equipment-300x246.jpg 300w, https:\/\/hengxingmachinery.com\/wp-content\/uploads\/2025\/01\/ore-powder-dryer-equipment-15x12.jpg 15w\" sizes=\"(max-width: 665px) 100vw, 665px\" \/><\/figure>\n\n<\/div><\/div>\n\n<div class=\"gb-grid-column gb-grid-column-bcae065b\"><div class=\"gb-container gb-container-bcae065b\">\n\n<p class=\"gb-headline gb-headline-e419680e gb-headline-text\"><\/p>\n\n\n<div class=\"gb-grid-wrapper gb-grid-wrapper-eebec76e\">\n<div class=\"gb-grid-column gb-grid-column-e3ada2f0\"><div class=\"gb-container gb-container-e3ada2f0\">\n\n<p class=\"gb-headline gb-headline-4c79a90a gb-headline-text\"><mark style=\"background-color:rgba(0, 0, 0, 0)\" class=\"has-inline-color has-global-color-8-color\"><strong>Capacidad:<\/strong><\/mark> 1.9-76.0 t\/h<\/p>\n\n<\/div><\/div>\n\n<div class=\"gb-grid-column gb-grid-column-0bb00826\"><div class=\"gb-container gb-container-0bb00826\">\n\n<p class=\"gb-headline gb-headline-86d53f56 gb-headline-text\"><mark style=\"background-color:rgba(0, 0, 0, 0)\" class=\"has-inline-color has-global-color-8-color\"><strong>Potencia (kW):<\/strong><\/mark> 7.5-160<\/p>\n\n<\/div><\/div>\n<\/div>\n\n\n<p class=\"gb-headline gb-headline-2750f5a7 gb-headline-text\"><strong>Solicitud:<\/strong><\/p>\n\n\n\n<p>El secador de polvo mineral es adecuado para secar polvo mineral, polvo de piedra y otros materiales en polvo mineral.<\/p>\n\n\n\n<p>Es adecuado para una variedad de combustibles y equipos de desempolvado multietapa, pudiendo cumplir con los est\u00e1ndares de protecci\u00f3n ambiental.<\/p>\n\n\n<div class=\"gb-container gb-container-256e15f1\">\n\n<a class=\"gb-button gb-button-e8b73d89 gb-button-text\" href=\"#popmake-622\">Obtener presupuesto gratuito<\/a>\n\n<\/div>\n<\/div><\/div>\n<\/div>\n<\/div>\n<\/div>\n\n<div class=\"gb-container gb-container-ebd718b6\">\n<div class=\"gb-container gb-container-5c75b960\">\n\n<h2 class=\"gb-headline gb-headline-98859344 gb-headline-text\">Principio de funcionamiento del secador de polvo mineral<\/h2>\n\n\n\n<figure class=\"gb-block-image gb-block-image-c486b36e\"><img decoding=\"async\" width=\"920\" height=\"420\" class=\"gb-image gb-image-c486b36e\" src=\"https:\/\/hengxingmachinery.com\/wp-content\/uploads\/2025\/01\/ore-powder-dryer-machine-1.png\" alt=\"\" title=\"m\u00e1quina secadora de polvo mineral\" srcset=\"https:\/\/hengxingmachinery.com\/wp-content\/uploads\/2025\/01\/ore-powder-dryer-machine-1.png 920w, https:\/\/hengxingmachinery.com\/wp-content\/uploads\/2025\/01\/ore-powder-dryer-machine-1-300x137.png 300w, https:\/\/hengxingmachinery.com\/wp-content\/uploads\/2025\/01\/ore-powder-dryer-machine-1-768x351.png 768w, https:\/\/hengxingmachinery.com\/wp-content\/uploads\/2025\/01\/ore-powder-dryer-machine-1-18x8.png 18w\" sizes=\"(max-width: 920px) 100vw, 920px\" \/><\/figure>\n\n\n\n<p>El secador de polvo mineral est\u00e1 compuesto principalmente por una fuente de calor, un dispositivo de alimentaci\u00f3n, un transportador de carga, un tambor giratorio, un transportador de descarga, un ventilador de tiro inducido, un colector de polvo y un cuadro de distribuci\u00f3n el\u00e9ctrica. <\/p>\n\n\n\n<p>El principio de funcionamiento de este conjunto de equipos es el siguiente: Despu\u00e9s de que el polvo mineral h\u00famedo ingresa al tambor de secado, se divide en las siguientes \u00e1reas de trabajo: la primera es el \u00e1rea de guiado. El polvo mineral h\u00famedo ingresa a esta \u00e1rea y evapora r\u00e1pidamente el agua al entrar en contacto con el aire caliente a alta temperatura. Las placas de guiado mueven el material mineral con un gran \u00e1ngulo de avance. Si no se forma una masa cohesiva, el material es conducido a la siguiente \u00e1rea de trabajo. <\/p>\n\n\n\n<p>La segunda es el \u00e1rea de elevaci\u00f3n y limpieza, donde el material h\u00famedo es elevado por las placas para formar una cortina de material. Al caer, el polvo mineral puede adherirse f\u00e1cilmente a la pared del tambor. En esta \u00e1rea, dado que el equipo est\u00e1 dise\u00f1ado con un dispositivo de limpieza, este limpia de manera muy eficaz el polvo mineral adherido a la pared interna. Durante este proceso, el dispositivo de limpieza tambi\u00e9n deshace los grumos del polvo mineral, aumentando as\u00ed el intercambio de calor. Esta \u00e1rea incrementa la tasa de secado. <\/p>\n\n\n\n<p>La tercera es el \u00e1rea de placas de elevaci\u00f3n inclinadas, donde el polvo mineral h\u00famedo ya se encuentra en un estado de baja humedad y suelto. No hay fen\u00f3meno de adhesi\u00f3n en esta \u00e1rea. Despu\u00e9s de un intercambio de calor suficiente, el polvo mineral que cumple con los requisitos de humedad ingresa al \u00e1rea de descarga. <\/p>\n\n\n\n<p>La cuarta es el \u00e1rea de descarga. En esta \u00e1rea, el tambor no est\u00e1 equipado con placas de elevaci\u00f3n, y el polvo mineral se desliza hacia la boca de descarga, completando as\u00ed todo el proceso de secado.<\/p>\n\n\n<div class=\"gb-container gb-container-d6bbf16a\">\n\n<a class=\"gb-button gb-button-caa3f2bc gb-button-text\" href=\"#popmake-622\">Obtener presupuesto gratuito<\/a>\n\n<\/div>\n<\/div>\n<\/div>\n\n<div class=\"gb-container gb-container-435ad261\">\n<div class=\"gb-container gb-container-7dc79cc4\">\n\n<h2 class=\"gb-headline gb-headline-6fe5dee2 gb-headline-text\">Especificaciones del secador de polvo mineral<\/h2>\n\n\n\n<figure class=\"wp-block-table is-style-stripes\"><table class=\"has-fixed-layout\"><tbody><tr><td><strong>Modelo (m)<br>(di\u00e1metro \u00d7 longitud) <\/strong>)<\/td><td><strong>Volumen del Cilindro<br>(m\u00b3)<\/strong><\/td><td><strong>Capacidad<br>(t\/h)<\/strong><\/td><td><strong>Inclinaci\u00f3n de Instalaci\u00f3n<br>(%)<\/strong><\/td><td><strong>Temperatura M\u00e1xima del Aire<br>(\u2103)<\/strong><\/td><td><strong>Motor<br>(kw)<\/strong><\/td><td><strong>Peso total<br>(t)<\/strong><\/td><\/tr><tr><td>\u03a61.2\u00d78.0<\/td><td>9.0<\/td><td>1.9-2.4<\/td><td>3-5<\/td><td>700-800<\/td><td>7.5<\/td><td>9<\/td><\/tr><tr><td>\u03a61.2\u00d710<\/td><td>11.3<\/td><td>2.4-3.0<\/td><td>3-5<\/td><td>700-800<\/td><td>7.5<\/td><td>11<\/td><\/tr><tr><td>\u03a61.5\u00d712<\/td><td>21.2<\/td><td>4.5-5.7<\/td><td>3-5<\/td><td>700-800<\/td><td>15<\/td><td>18.5<\/td><\/tr><tr><td>\u03a61.5\u00d714<\/td><td>24.7<\/td><td>5.3-6.6<\/td><td>3-5<\/td><td>700-800<\/td><td>15<\/td><td>19.7<\/td><\/tr><tr><td>\u03a61.5\u00d715<\/td><td>26.5<\/td><td>5.7-7.1<\/td><td>3-5<\/td><td>700-800<\/td><td>15<\/td><td>20.5<\/td><\/tr><tr><td>\u03a61.8\u00d712<\/td><td>30.5<\/td><td>6.5-8.1<\/td><td>3-5<\/td><td>700-800<\/td><td>18.5<\/td><td>21.5<\/td><\/tr><tr><td>\u03a61.8\u00d714<\/td><td>35.6<\/td><td>7.6-9.5<\/td><td>3-5<\/td><td>700-800<\/td><td>18.5<\/td><td>23<\/td><\/tr><tr><td>\u03a62.2\u00d712<\/td><td>45.6<\/td><td>9.7-12.2<\/td><td>3-5<\/td><td>700-800<\/td><td>22<\/td><td>33.5<\/td><\/tr><tr><td>\u03a62.2\u00d714<\/td><td>53.2<\/td><td>11.4-14.2<\/td><td>3-5<\/td><td>700-800<\/td><td>22<\/td><td>36<\/td><\/tr><tr><td>\u03a62.2\u00d716<\/td><td>60.8<\/td><td>13.0-16.2<\/td><td>3-5<\/td><td>700-800<\/td><td>22<\/td><td>38<\/td><\/tr><tr><td>\u03a62.4\u00d714<\/td><td>63.3<\/td><td>13.5-16.9<\/td><td>3-5<\/td><td>700-800<\/td><td>37<\/td><td>45<\/td><\/tr><tr><td>\u03a62.4\u00d718<\/td><td>81.4<\/td><td>17.4-21.7<\/td><td>3-5<\/td><td>700-800<\/td><td>37<\/td><td>49<\/td><\/tr><tr><td>\u03a62.4\u00d720<\/td><td>90.4<\/td><td>19.3-24.1<\/td><td>3-5<\/td><td>700-800<\/td><td>45<\/td><td>54<\/td><\/tr><tr><td>\u03a62.4\u00d722<\/td><td>99.5<\/td><td>21.2-26.5<\/td><td>3-5<\/td><td>700-800<\/td><td>45<\/td><td>58<\/td><\/tr><tr><td>\u03a62.6\u00d724<\/td><td>127.4<\/td><td>27.2-34.0<\/td><td>3-5<\/td><td>700-800<\/td><td>55<\/td><td>73<\/td><\/tr><tr><td>\u03a63.0\u00d720<\/td><td>141.3<\/td><td>30.1-37.7<\/td><td>3-5<\/td><td>700-800<\/td><td>75<\/td><td>85<\/td><\/tr><tr><td>\u03a63.0\u00d725<\/td><td>176.6<\/td><td>37.7-47.1<\/td><td>3-5<\/td><td>700-800<\/td><td>75<\/td><td>95<\/td><\/tr><tr><td>\u03a63.2\u00d725<\/td><td>201<\/td><td>42.9-53.6<\/td><td>3-5<\/td><td>700-800<\/td><td>90<\/td><td>110<\/td><\/tr><tr><td>\u03a63.6\u00d728<\/td><td>285<\/td><td>60.8-76.0<\/td><td>3-5<\/td><td>700-800<\/td><td>160<\/td><td>135<\/td><\/tr><\/tbody><\/table><\/figure>\n\n\n<div class=\"gb-container gb-container-263d9700\">\n\n<a class=\"gb-button gb-button-a4cbb7be gb-button-text\" href=\"#popmake-622\">Obtener presupuesto gratuito<\/a>\n\n<\/div>\n<\/div>\n<\/div>","protected":false},"excerpt":{"rendered":"<p>Ore powder dryer Ore powder dryer working principle The ore powder dryer mainly consists of a heat source, a feeding device, a feeding conveyor, a rotary drum, a discharge conveyor, an induced draft fan, a dust collector, and a power distribution cabinet. The working principle of this set of equipment is as follows: After the &#8230; <\/p>\n<p class=\"read-more-container\"><a title=\"5-1. Secador de polvo de mineral\" class=\"read-more button\" href=\"https:\/\/hengxingmachinery.com\/es\/ore-powder-dryer\/#more-1734\" aria-label=\"Leer m\u00e1s sobre 5-1. Ore powder dryer\">Leer m\u00e1s<\/a><\/p>","protected":false},"author":1,"featured_media":0,"parent":0,"menu_order":0,"comment_status":"closed","ping_status":"closed","template":"","meta":{"footnotes":""},"class_list":["post-1734","page","type-page","status-publish"],"yoast_head":"<!-- This site is optimized with the Yoast SEO plugin v27.4 - https:\/\/yoast.com\/product\/yoast-seo-wordpress\/ -->\n<title>5-1. Ore powder dryer - Hengxing Machinery<\/title>\n<meta name=\"robots\" content=\"index, follow, max-snippet:-1, max-image-preview:large, max-video-preview:-1\" \/>\n<link rel=\"canonical\" href=\"https:\/\/hengxingmachinery.com\/es\/ore-powder-dryer\/\" \/>\n<meta property=\"og:locale\" content=\"es_ES\" \/>\n<meta property=\"og:type\" content=\"article\" \/>\n<meta property=\"og:title\" content=\"5-1. Ore powder dryer - Hengxing Machinery\" \/>\n<meta property=\"og:description\" content=\"Ore powder dryer Ore powder dryer working principle The ore powder dryer mainly consists of a heat source, a feeding device, a feeding conveyor, a rotary drum, a discharge conveyor, an induced draft fan, a dust collector, and a power distribution cabinet. The working principle of this set of equipment is as follows: After the ... Leer m\u00e1s\" \/>\n<meta property=\"og:url\" content=\"https:\/\/hengxingmachinery.com\/es\/ore-powder-dryer\/\" \/>\n<meta property=\"og:site_name\" content=\"Hengxing Machinery\" \/>\n<meta property=\"article:modified_time\" content=\"2025-01-23T09:12:53+00:00\" \/>\n<meta property=\"og:image\" content=\"https:\/\/hengxingmachinery.com\/wp-content\/uploads\/2025\/01\/ore-powder-dryer-equipment.jpg\" \/>\n<meta name=\"twitter:card\" content=\"summary_large_image\" \/>\n<meta name=\"twitter:label1\" content=\"Tiempo de lectura\" \/>\n\t<meta name=\"twitter:data1\" content=\"3 minutos\" \/>\n<script type=\"application\/ld+json\" class=\"yoast-schema-graph\">{\"@context\":\"https:\\\/\\\/schema.org\",\"@graph\":[{\"@type\":\"WebPage\",\"@id\":\"https:\\\/\\\/hengxingmachinery.com\\\/ore-powder-dryer\\\/\",\"url\":\"https:\\\/\\\/hengxingmachinery.com\\\/ore-powder-dryer\\\/\",\"name\":\"5-1. Ore powder dryer - Hengxing Machinery\",\"isPartOf\":{\"@id\":\"https:\\\/\\\/hengxingmachinery.com\\\/#website\"},\"primaryImageOfPage\":{\"@id\":\"https:\\\/\\\/hengxingmachinery.com\\\/ore-powder-dryer\\\/#primaryimage\"},\"image\":{\"@id\":\"https:\\\/\\\/hengxingmachinery.com\\\/ore-powder-dryer\\\/#primaryimage\"},\"thumbnailUrl\":\"https:\\\/\\\/hengxingmachinery.com\\\/wp-content\\\/uploads\\\/2025\\\/01\\\/ore-powder-dryer-equipment.jpg\",\"datePublished\":\"2025-01-23T09:03:10+00:00\",\"dateModified\":\"2025-01-23T09:12:53+00:00\",\"breadcrumb\":{\"@id\":\"https:\\\/\\\/hengxingmachinery.com\\\/ore-powder-dryer\\\/#breadcrumb\"},\"inLanguage\":\"es\",\"potentialAction\":[{\"@type\":\"ReadAction\",\"target\":[\"https:\\\/\\\/hengxingmachinery.com\\\/ore-powder-dryer\\\/\"]}]},{\"@type\":\"ImageObject\",\"inLanguage\":\"es\",\"@id\":\"https:\\\/\\\/hengxingmachinery.com\\\/ore-powder-dryer\\\/#primaryimage\",\"url\":\"https:\\\/\\\/hengxingmachinery.com\\\/wp-content\\\/uploads\\\/2025\\\/01\\\/ore-powder-dryer-equipment.jpg\",\"contentUrl\":\"https:\\\/\\\/hengxingmachinery.com\\\/wp-content\\\/uploads\\\/2025\\\/01\\\/ore-powder-dryer-equipment.jpg\"},{\"@type\":\"BreadcrumbList\",\"@id\":\"https:\\\/\\\/hengxingmachinery.com\\\/ore-powder-dryer\\\/#breadcrumb\",\"itemListElement\":[{\"@type\":\"ListItem\",\"position\":1,\"name\":\"Home\",\"item\":\"https:\\\/\\\/hengxingmachinery.com\\\/\"},{\"@type\":\"ListItem\",\"position\":2,\"name\":\"5-1. Ore powder dryer\"}]},{\"@type\":\"WebSite\",\"@id\":\"https:\\\/\\\/hengxingmachinery.com\\\/#website\",\"url\":\"https:\\\/\\\/hengxingmachinery.com\\\/\",\"name\":\"Hengxing Machinery\",\"description\":\"Leading Manufacturer of All Sorts of Mining Machinery\",\"publisher\":{\"@id\":\"https:\\\/\\\/hengxingmachinery.com\\\/#organization\"},\"potentialAction\":[{\"@type\":\"SearchAction\",\"target\":{\"@type\":\"EntryPoint\",\"urlTemplate\":\"https:\\\/\\\/hengxingmachinery.com\\\/?s={search_term_string}\"},\"query-input\":{\"@type\":\"PropertyValueSpecification\",\"valueRequired\":true,\"valueName\":\"search_term_string\"}}],\"inLanguage\":\"es\"},{\"@type\":\"Organization\",\"@id\":\"https:\\\/\\\/hengxingmachinery.com\\\/#organization\",\"name\":\"Hengxing Machinery\",\"url\":\"https:\\\/\\\/hengxingmachinery.com\\\/\",\"logo\":{\"@type\":\"ImageObject\",\"inLanguage\":\"es\",\"@id\":\"https:\\\/\\\/hengxingmachinery.com\\\/#\\\/schema\\\/logo\\\/image\\\/\",\"url\":\"https:\\\/\\\/hengxingmachinery.com\\\/wp-content\\\/uploads\\\/2024\\\/12\\\/logo.png\",\"contentUrl\":\"https:\\\/\\\/hengxingmachinery.com\\\/wp-content\\\/uploads\\\/2024\\\/12\\\/logo.png\",\"width\":400,\"height\":260,\"caption\":\"Hengxing Machinery\"},\"image\":{\"@id\":\"https:\\\/\\\/hengxingmachinery.com\\\/#\\\/schema\\\/logo\\\/image\\\/\"}}]}<\/script>\n<!-- \/ Yoast SEO plugin. -->","yoast_head_json":{"title":"5-1. Secador de polvo de mineral - Maquinaria Hengxing","robots":{"index":"index","follow":"follow","max-snippet":"max-snippet:-1","max-image-preview":"max-image-preview:large","max-video-preview":"max-video-preview:-1"},"canonical":"https:\/\/hengxingmachinery.com\/es\/ore-powder-dryer\/","og_locale":"es_ES","og_type":"article","og_title":"5-1. Ore powder dryer - Hengxing Machinery","og_description":"Ore powder dryer Ore powder dryer working principle The ore powder dryer mainly consists of a heat source, a feeding device, a feeding conveyor, a rotary drum, a discharge conveyor, an induced draft fan, a dust collector, and a power distribution cabinet. The working principle of this set of equipment is as follows: After the ... Leer m\u00e1s","og_url":"https:\/\/hengxingmachinery.com\/es\/ore-powder-dryer\/","og_site_name":"Hengxing Machinery","article_modified_time":"2025-01-23T09:12:53+00:00","og_image":[{"url":"https:\/\/hengxingmachinery.com\/wp-content\/uploads\/2025\/01\/ore-powder-dryer-equipment.jpg","type":"","width":"","height":""}],"twitter_card":"summary_large_image","twitter_misc":{"Tiempo de lectura":"3 minutos"},"schema":{"@context":"https:\/\/schema.org","@graph":[{"@type":"WebPage","@id":"https:\/\/hengxingmachinery.com\/ore-powder-dryer\/","url":"https:\/\/hengxingmachinery.com\/ore-powder-dryer\/","name":"5-1. Secador de polvo de mineral - Maquinaria Hengxing","isPartOf":{"@id":"https:\/\/hengxingmachinery.com\/#website"},"primaryImageOfPage":{"@id":"https:\/\/hengxingmachinery.com\/ore-powder-dryer\/#primaryimage"},"image":{"@id":"https:\/\/hengxingmachinery.com\/ore-powder-dryer\/#primaryimage"},"thumbnailUrl":"https:\/\/hengxingmachinery.com\/wp-content\/uploads\/2025\/01\/ore-powder-dryer-equipment.jpg","datePublished":"2025-01-23T09:03:10+00:00","dateModified":"2025-01-23T09:12:53+00:00","breadcrumb":{"@id":"https:\/\/hengxingmachinery.com\/ore-powder-dryer\/#breadcrumb"},"inLanguage":"es","potentialAction":[{"@type":"ReadAction","target":["https:\/\/hengxingmachinery.com\/ore-powder-dryer\/"]}]},{"@type":"ImageObject","inLanguage":"es","@id":"https:\/\/hengxingmachinery.com\/ore-powder-dryer\/#primaryimage","url":"https:\/\/hengxingmachinery.com\/wp-content\/uploads\/2025\/01\/ore-powder-dryer-equipment.jpg","contentUrl":"https:\/\/hengxingmachinery.com\/wp-content\/uploads\/2025\/01\/ore-powder-dryer-equipment.jpg"},{"@type":"BreadcrumbList","@id":"https:\/\/hengxingmachinery.com\/ore-powder-dryer\/#breadcrumb","itemListElement":[{"@type":"ListItem","position":1,"name":"Home","item":"https:\/\/hengxingmachinery.com\/"},{"@type":"ListItem","position":2,"name":"5-1. Ore powder dryer"}]},{"@type":"WebSite","@id":"https:\/\/hengxingmachinery.com\/#website","url":"https:\/\/hengxingmachinery.com\/","name":"Maquinaria Hengxing","description":"Fabricante l\u00edder de todo tipo de maquinaria minera","publisher":{"@id":"https:\/\/hengxingmachinery.com\/#organization"},"potentialAction":[{"@type":"SearchAction","target":{"@type":"EntryPoint","urlTemplate":"https:\/\/hengxingmachinery.com\/?s={search_term_string}"},"query-input":{"@type":"PropertyValueSpecification","valueRequired":true,"valueName":"search_term_string"}}],"inLanguage":"es"},{"@type":"Organization","@id":"https:\/\/hengxingmachinery.com\/#organization","name":"Maquinaria Hengxing","url":"https:\/\/hengxingmachinery.com\/","logo":{"@type":"ImageObject","inLanguage":"es","@id":"https:\/\/hengxingmachinery.com\/#\/schema\/logo\/image\/","url":"https:\/\/hengxingmachinery.com\/wp-content\/uploads\/2024\/12\/logo.png","contentUrl":"https:\/\/hengxingmachinery.com\/wp-content\/uploads\/2024\/12\/logo.png","width":400,"height":260,"caption":"Hengxing Machinery"},"image":{"@id":"https:\/\/hengxingmachinery.com\/#\/schema\/logo\/image\/"}}]}},"_links":{"self":[{"href":"https:\/\/hengxingmachinery.com\/es\/wp-json\/wp\/v2\/pages\/1734","targetHints":{"allow":["GET"]}}],"collection":[{"href":"https:\/\/hengxingmachinery.com\/es\/wp-json\/wp\/v2\/pages"}],"about":[{"href":"https:\/\/hengxingmachinery.com\/es\/wp-json\/wp\/v2\/types\/page"}],"author":[{"embeddable":true,"href":"https:\/\/hengxingmachinery.com\/es\/wp-json\/wp\/v2\/users\/1"}],"replies":[{"embeddable":true,"href":"https:\/\/hengxingmachinery.com\/es\/wp-json\/wp\/v2\/comments?post=1734"}],"version-history":[{"count":4,"href":"https:\/\/hengxingmachinery.com\/es\/wp-json\/wp\/v2\/pages\/1734\/revisions"}],"predecessor-version":[{"id":1745,"href":"https:\/\/hengxingmachinery.com\/es\/wp-json\/wp\/v2\/pages\/1734\/revisions\/1745"}],"wp:attachment":[{"href":"https:\/\/hengxingmachinery.com\/es\/wp-json\/wp\/v2\/media?parent=1734"}],"curies":[{"name":"wp","href":"https:\/\/api.w.org\/{rel}","templated":true}]}}