{"id":1782,"date":"2025-01-24T03:58:02","date_gmt":"2025-01-24T03:58:02","guid":{"rendered":"https:\/\/hengxingmachinery.com\/?page_id=1782"},"modified":"2025-01-24T04:00:35","modified_gmt":"2025-01-24T04:00:35","slug":"three-pass-rotary-drum-dryer","status":"publish","type":"page","link":"https:\/\/hengxingmachinery.com\/es\/three-pass-rotary-drum-dryer\/","title":{"rendered":"5-1. Secador rotativo de tambor de tres pasos"},"content":{"rendered":"<div class=\"gb-container gb-container-45165f5a\">\n<div class=\"gb-container gb-container-c2652eb4\">\n\n<h1 class=\"gb-headline gb-headline-62a8b2cc gb-headline-text\">Secador de tambor rotatorio de tres pasos<\/h1>\n\n<\/div>\n<\/div>\n\n<div class=\"gb-container gb-container-519cf624\">\n<div class=\"gb-container gb-container-71ca071e\">\n<div class=\"gb-grid-wrapper gb-grid-wrapper-8a5f0688\">\n<div class=\"gb-grid-column gb-grid-column-1e99b1c2\"><div class=\"gb-container gb-container-1e99b1c2\">\n\n<figure class=\"gb-block-image gb-block-image-e4eaba54\"><img decoding=\"async\" width=\"665\" height=\"545\" class=\"gb-image gb-image-e4eaba54\" src=\"https:\/\/hengxingmachinery.com\/wp-content\/uploads\/2025\/01\/three-pass-rotary-drum-dryer-amachine.jpg\" alt=\"\" title=\"M\u00e1quina secadora rotativa de tambor de tres pasos\" srcset=\"https:\/\/hengxingmachinery.com\/wp-content\/uploads\/2025\/01\/three-pass-rotary-drum-dryer-amachine.jpg 665w, https:\/\/hengxingmachinery.com\/wp-content\/uploads\/2025\/01\/three-pass-rotary-drum-dryer-amachine-300x246.jpg 300w, https:\/\/hengxingmachinery.com\/wp-content\/uploads\/2025\/01\/three-pass-rotary-drum-dryer-amachine-15x12.jpg 15w\" sizes=\"(max-width: 665px) 100vw, 665px\" \/><\/figure>\n\n<\/div><\/div>\n\n<div class=\"gb-grid-column gb-grid-column-bcae065b\"><div class=\"gb-container gb-container-bcae065b\">\n\n<p>El secador rotativo de tambor de tres pasos es un producto mejorado de ahorro de energ\u00eda basado en el secador rotativo de cilindro \u00fanico. <\/p>\n\n\n\n<p>Este equipo est\u00e1 modificado en el interior del secador de cilindro \u00fanico para aumentar el pre-secado del material h\u00famedo antes de ingresar a la m\u00e1quina y extender el tiempo de secado del material h\u00famedo dentro de la misma, sumado a medidas de sellado, conservaci\u00f3n de calor y soporte razonables, hace que la capacidad de producci\u00f3n del secador mejore enormemente en comparaci\u00f3n con el secador de cilindro \u00fanico original, con tecnolog\u00eda avanzada, par\u00e1metros de operaci\u00f3n razonables y una operaci\u00f3n simple y factible. <\/p>\n\n\n<div class=\"gb-grid-wrapper gb-grid-wrapper-eebec76e\">\n<div class=\"gb-grid-column gb-grid-column-e3ada2f0\"><div class=\"gb-container gb-container-e3ada2f0\">\n\n<p class=\"gb-headline gb-headline-4c79a90a gb-headline-text\"><mark style=\"background-color:rgba(0, 0, 0, 0)\" class=\"has-inline-color has-global-color-8-color\"><strong>Capacidad:<\/strong><\/mark> 8-100 t\/h<\/p>\n\n<\/div><\/div>\n\n<div class=\"gb-grid-column gb-grid-column-0bb00826\"><div class=\"gb-container gb-container-0bb00826\">\n\n<p class=\"gb-headline gb-headline-86d53f56 gb-headline-text\"><mark style=\"background-color:rgba(0, 0, 0, 0)\" class=\"has-inline-color has-global-color-8-color\"><strong><strong>Velocidad de rotaci\u00f3n (r\/min)<\/strong>:<\/strong><\/mark> 4-10<\/p>\n\n<\/div><\/div>\n<\/div>\n\n\n<p class=\"gb-headline gb-headline-2750f5a7 gb-headline-text\"><strong>Solicitud:<\/strong><\/p>\n\n\n\n<p>Secado de polvo de hierro, polvo mineral y otros materiales mixtos, mortero seco mezclado y arena amarilla para la industria de la construcci\u00f3n, y materias primas para las industrias qu\u00edmica y de fundici\u00f3n.<\/p>\n\n\n<div class=\"gb-container gb-container-256e15f1\">\n\n<a class=\"gb-button gb-button-e8b73d89 gb-button-text\" href=\"#popmake-622\">Obtener presupuesto gratuito<\/a>\n\n<\/div>\n<\/div><\/div>\n<\/div>\n<\/div>\n<\/div>\n\n<div class=\"gb-container gb-container-af5f8799\">\n<div class=\"gb-container gb-container-2298848b\">\n\n<h2 class=\"gb-headline gb-headline-9d27ad2c gb-headline-text\">Estructura del secador rotativo de tambor de tres pasos<\/h2>\n\n\n\n<figure class=\"gb-block-image gb-block-image-44709cd9\"><img decoding=\"async\" width=\"920\" height=\"420\" class=\"gb-image gb-image-44709cd9\" src=\"https:\/\/hengxingmachinery.com\/wp-content\/uploads\/2025\/01\/three-pass-rotary-drum-dryer-equipment.jpg\" alt=\"\" title=\"Equipo secador rotativo de tambor de tres pasos\" srcset=\"https:\/\/hengxingmachinery.com\/wp-content\/uploads\/2025\/01\/three-pass-rotary-drum-dryer-equipment.jpg 920w, https:\/\/hengxingmachinery.com\/wp-content\/uploads\/2025\/01\/three-pass-rotary-drum-dryer-equipment-300x137.jpg 300w, https:\/\/hengxingmachinery.com\/wp-content\/uploads\/2025\/01\/three-pass-rotary-drum-dryer-equipment-768x351.jpg 768w, https:\/\/hengxingmachinery.com\/wp-content\/uploads\/2025\/01\/three-pass-rotary-drum-dryer-equipment-18x8.jpg 18w\" sizes=\"(max-width: 920px) 100vw, 920px\" \/><\/figure>\n\n\n\n<p>El secador de tres cilindros consiste en cambiar el cuerpo de cilindro \u00fanico del secador de cilindro \u00fanico por tres cilindros apilados para acortar el tama\u00f1o general del cuerpo del secador. Cuando la m\u00e1quina est\u00e1 en funcionamiento, el material y el flujo de aire caliente ingresan sucesivamente del cilindro interior al exterior. Despu\u00e9s del flujo reciprocante en forma de Z a trav\u00e9s del cuerpo de la m\u00e1quina, se utiliza la energ\u00eda t\u00e9rmica para secar el material antes de su descarga.<\/p>\n\n\n\n<p>La parte del cilindro del secador est\u00e1 compuesta por tres cilindros interiores, medios y exteriores colocados horizontalmente y coaxialmente, lo que permite aprovechar plenamente la secci\u00f3n del cilindro. La longitud total de la forma del barril es aproximadamente del 30-35% del cilindro \u00fanico equivalente. Esto reduce enormemente el espacio ocupado y el \u00e1rea de construcci\u00f3n de la planta.<\/p>\n\n\n\n<p>El dispositivo de soporte de la m\u00e1quina consiste en una banda de rodillos y un rodillo de apoyo en el cilindro exterior, y el rodillo de apoyo es accionado directamente por un motor. A trav\u00e9s de la fricci\u00f3n entre la rueda de apoyo y la banda del neum\u00e1tico, el cuerpo del cilindro gira. La estructura general de la m\u00e1quina es compacta, razonable y simple. Para facilitar el mantenimiento y el reemplazo de las piezas desgastadas, est\u00e1 dise\u00f1ada como un tipo dividido axialmente en el medio, y la conexi\u00f3n se fija con pernos.<\/p>\n\n\n<div class=\"gb-container gb-container-d7b7b595\">\n\n<a class=\"gb-button gb-button-c1312760 gb-button-text\" href=\"#popmake-622\">Obtener presupuesto gratuito<\/a>\n\n<\/div>\n<\/div>\n<\/div>\n\n<div class=\"gb-container gb-container-435ad261\">\n<div class=\"gb-container gb-container-7dc79cc4\">\n\n<h2 class=\"gb-headline gb-headline-6fe5dee2 gb-headline-text\">Especificaciones del secador rotativo de tambor de tres pasos<\/h2>\n\n\n\n<figure class=\"wp-block-table is-style-stripes\"><table class=\"has-fixed-layout\"><tbody><tr><td><strong>Modelo<\/strong><strong><\/strong><\/td><td><strong>Di\u00e1metro del cilindro exterior (m)<\/strong><\/td><td><strong>Longitud del cilindro exterior (m)<\/strong><\/td><td><strong>Volumen del tambor (m\u00b3)<\/strong><\/td><td><strong>Velocidad de rotaci\u00f3n (r\/min)<\/strong><\/td><td><strong>Temperatura m\u00e1xima del flujo de aire<\/strong><br><strong>(\u2103)<\/strong><\/td><td><strong>Capacidad de producci\u00f3n (t\/h)<\/strong><\/td><td><strong>Potencia (kW)<\/strong><strong><\/strong><\/td><\/tr><tr><td>2.0*4m<\/td><td>2<\/td><td>4<\/td><td>12.56<\/td><td>4-10<\/td><td>700-750<\/td><td>8-15<\/td><td>5.5\u00d72<\/td><\/tr><tr><td>2.2*5m<\/td><td>2.2<\/td><td>5<\/td><td>18.99<\/td><td>4-10<\/td><td>700-750<\/td><td>12-20<\/td><td>5.5\u00d72<\/td><\/tr><tr><td>2.5*6m<\/td><td>2.5<\/td><td>6<\/td><td>29.43<\/td><td>4-10<\/td><td>700-750<\/td><td>18-28<\/td><td>7.5\u00d72<\/td><\/tr><tr><td>2.8*6m<\/td><td>2.8<\/td><td>6<\/td><td>36.92<\/td><td>4-10<\/td><td>700-750<\/td><td>25-35<\/td><td>11\u00d72<\/td><\/tr><tr><td>3.0*6m<\/td><td>3<\/td><td>6<\/td><td>42.39<\/td><td>4-10<\/td><td>700-750<\/td><td>30-40<\/td><td>7.5\u00d74<\/td><\/tr><tr><td>3.0*7m<\/td><td>3<\/td><td>7<\/td><td>49.45<\/td><td>4-10<\/td><td>700-750<\/td><td>30-45<\/td><td>7.5\u00d74<\/td><\/tr><tr><td>3.2*7m<\/td><td>3.2<\/td><td>7<\/td><td>56.27<\/td><td>4-10<\/td><td>700-750<\/td><td>35-55<\/td><td>11\u00d74<\/td><\/tr><tr><td>3.6*8m<\/td><td>3.6<\/td><td>8<\/td><td>81.39<\/td><td>4-10<\/td><td>700-750<\/td><td>55-75<\/td><td>18.5\u00d74<\/td><\/tr><tr><td>4.0*10m<\/td><td>4<\/td><td>10<\/td><td>125.60<\/td><td>4-10<\/td><td>700-750<\/td><td>70-100<\/td><td>22\u00d74<\/td><\/tr><\/tbody><\/table><\/figure>\n\n\n<div class=\"gb-container gb-container-263d9700\">\n\n<a class=\"gb-button gb-button-a4cbb7be gb-button-text\" href=\"#popmake-622\">Obtener presupuesto gratuito<\/a>\n\n<\/div>\n<\/div>\n<\/div>","protected":false},"excerpt":{"rendered":"<p>Three pass rotary drum dryer Structure of three-pass rotary drum dryer The three-cylinder dryer is to change the single-cylinder body of the single-cylinder dryer into three stacked cylinders to shorten the overall size of the dryer body. When the machine is working, the material and the hot air flow enter the inner to outer cylinder &#8230; <\/p>\n<p class=\"read-more-container\"><a title=\"5-1. Secador rotativo de tambor de tres pasos\" class=\"read-more button\" href=\"https:\/\/hengxingmachinery.com\/es\/three-pass-rotary-drum-dryer\/#more-1782\" aria-label=\"Leer m\u00e1s sobre 5-1. Three pass rotary drum dryer\">Leer m\u00e1s<\/a><\/p>","protected":false},"author":1,"featured_media":0,"parent":0,"menu_order":0,"comment_status":"closed","ping_status":"closed","template":"","meta":{"footnotes":""},"class_list":["post-1782","page","type-page","status-publish"],"yoast_head":"<!-- This site is optimized with the Yoast SEO plugin v27.4 - https:\/\/yoast.com\/product\/yoast-seo-wordpress\/ -->\n<title>5-1. Three pass rotary drum dryer - Hengxing Machinery<\/title>\n<meta name=\"robots\" content=\"index, follow, max-snippet:-1, max-image-preview:large, max-video-preview:-1\" \/>\n<link rel=\"canonical\" href=\"https:\/\/hengxingmachinery.com\/es\/three-pass-rotary-drum-dryer\/\" \/>\n<meta property=\"og:locale\" content=\"es_ES\" \/>\n<meta property=\"og:type\" content=\"article\" \/>\n<meta property=\"og:title\" content=\"5-1. Three pass rotary drum dryer - Hengxing Machinery\" \/>\n<meta property=\"og:description\" content=\"Three pass rotary drum dryer Structure of three-pass rotary drum dryer The three-cylinder dryer is to change the single-cylinder body of the single-cylinder dryer into three stacked cylinders to shorten the overall size of the dryer body. When the machine is working, the material and the hot air flow enter the inner to outer cylinder ... Leer m\u00e1s\" \/>\n<meta property=\"og:url\" content=\"https:\/\/hengxingmachinery.com\/es\/three-pass-rotary-drum-dryer\/\" \/>\n<meta property=\"og:site_name\" content=\"Hengxing Machinery\" \/>\n<meta property=\"article:modified_time\" content=\"2025-01-24T04:00:35+00:00\" \/>\n<meta property=\"og:image\" content=\"https:\/\/hengxingmachinery.com\/wp-content\/uploads\/2025\/01\/three-pass-rotary-drum-dryer-amachine.jpg\" \/>\n<meta name=\"twitter:card\" content=\"summary_large_image\" \/>\n<meta name=\"twitter:label1\" content=\"Tiempo de lectura\" \/>\n\t<meta name=\"twitter:data1\" content=\"3 minutos\" \/>\n<script type=\"application\/ld+json\" class=\"yoast-schema-graph\">{\"@context\":\"https:\\\/\\\/schema.org\",\"@graph\":[{\"@type\":\"WebPage\",\"@id\":\"https:\\\/\\\/hengxingmachinery.com\\\/three-pass-rotary-drum-dryer\\\/\",\"url\":\"https:\\\/\\\/hengxingmachinery.com\\\/three-pass-rotary-drum-dryer\\\/\",\"name\":\"5-1. Three pass rotary drum dryer - Hengxing Machinery\",\"isPartOf\":{\"@id\":\"https:\\\/\\\/hengxingmachinery.com\\\/#website\"},\"primaryImageOfPage\":{\"@id\":\"https:\\\/\\\/hengxingmachinery.com\\\/three-pass-rotary-drum-dryer\\\/#primaryimage\"},\"image\":{\"@id\":\"https:\\\/\\\/hengxingmachinery.com\\\/three-pass-rotary-drum-dryer\\\/#primaryimage\"},\"thumbnailUrl\":\"https:\\\/\\\/hengxingmachinery.com\\\/wp-content\\\/uploads\\\/2025\\\/01\\\/three-pass-rotary-drum-dryer-amachine.jpg\",\"datePublished\":\"2025-01-24T03:58:02+00:00\",\"dateModified\":\"2025-01-24T04:00:35+00:00\",\"breadcrumb\":{\"@id\":\"https:\\\/\\\/hengxingmachinery.com\\\/three-pass-rotary-drum-dryer\\\/#breadcrumb\"},\"inLanguage\":\"es\",\"potentialAction\":[{\"@type\":\"ReadAction\",\"target\":[\"https:\\\/\\\/hengxingmachinery.com\\\/three-pass-rotary-drum-dryer\\\/\"]}]},{\"@type\":\"ImageObject\",\"inLanguage\":\"es\",\"@id\":\"https:\\\/\\\/hengxingmachinery.com\\\/three-pass-rotary-drum-dryer\\\/#primaryimage\",\"url\":\"https:\\\/\\\/hengxingmachinery.com\\\/wp-content\\\/uploads\\\/2025\\\/01\\\/three-pass-rotary-drum-dryer-amachine.jpg\",\"contentUrl\":\"https:\\\/\\\/hengxingmachinery.com\\\/wp-content\\\/uploads\\\/2025\\\/01\\\/three-pass-rotary-drum-dryer-amachine.jpg\"},{\"@type\":\"BreadcrumbList\",\"@id\":\"https:\\\/\\\/hengxingmachinery.com\\\/three-pass-rotary-drum-dryer\\\/#breadcrumb\",\"itemListElement\":[{\"@type\":\"ListItem\",\"position\":1,\"name\":\"Home\",\"item\":\"https:\\\/\\\/hengxingmachinery.com\\\/\"},{\"@type\":\"ListItem\",\"position\":2,\"name\":\"5-1. Three pass rotary drum dryer\"}]},{\"@type\":\"WebSite\",\"@id\":\"https:\\\/\\\/hengxingmachinery.com\\\/#website\",\"url\":\"https:\\\/\\\/hengxingmachinery.com\\\/\",\"name\":\"Hengxing Machinery\",\"description\":\"Leading Manufacturer of All Sorts of Mining Machinery\",\"publisher\":{\"@id\":\"https:\\\/\\\/hengxingmachinery.com\\\/#organization\"},\"potentialAction\":[{\"@type\":\"SearchAction\",\"target\":{\"@type\":\"EntryPoint\",\"urlTemplate\":\"https:\\\/\\\/hengxingmachinery.com\\\/?s={search_term_string}\"},\"query-input\":{\"@type\":\"PropertyValueSpecification\",\"valueRequired\":true,\"valueName\":\"search_term_string\"}}],\"inLanguage\":\"es\"},{\"@type\":\"Organization\",\"@id\":\"https:\\\/\\\/hengxingmachinery.com\\\/#organization\",\"name\":\"Hengxing Machinery\",\"url\":\"https:\\\/\\\/hengxingmachinery.com\\\/\",\"logo\":{\"@type\":\"ImageObject\",\"inLanguage\":\"es\",\"@id\":\"https:\\\/\\\/hengxingmachinery.com\\\/#\\\/schema\\\/logo\\\/image\\\/\",\"url\":\"https:\\\/\\\/hengxingmachinery.com\\\/wp-content\\\/uploads\\\/2024\\\/12\\\/logo.png\",\"contentUrl\":\"https:\\\/\\\/hengxingmachinery.com\\\/wp-content\\\/uploads\\\/2024\\\/12\\\/logo.png\",\"width\":400,\"height\":260,\"caption\":\"Hengxing Machinery\"},\"image\":{\"@id\":\"https:\\\/\\\/hengxingmachinery.com\\\/#\\\/schema\\\/logo\\\/image\\\/\"}}]}<\/script>\n<!-- \/ Yoast SEO plugin. -->","yoast_head_json":{"title":"5-1. Secador rotativo de tambor de tres pasos - Hengxing Machinery","robots":{"index":"index","follow":"follow","max-snippet":"max-snippet:-1","max-image-preview":"max-image-preview:large","max-video-preview":"max-video-preview:-1"},"canonical":"https:\/\/hengxingmachinery.com\/es\/three-pass-rotary-drum-dryer\/","og_locale":"es_ES","og_type":"article","og_title":"5-1. Three pass rotary drum dryer - Hengxing Machinery","og_description":"Three pass rotary drum dryer Structure of three-pass rotary drum dryer The three-cylinder dryer is to change the single-cylinder body of the single-cylinder dryer into three stacked cylinders to shorten the overall size of the dryer body. When the machine is working, the material and the hot air flow enter the inner to outer cylinder ... Leer m\u00e1s","og_url":"https:\/\/hengxingmachinery.com\/es\/three-pass-rotary-drum-dryer\/","og_site_name":"Hengxing Machinery","article_modified_time":"2025-01-24T04:00:35+00:00","og_image":[{"url":"https:\/\/hengxingmachinery.com\/wp-content\/uploads\/2025\/01\/three-pass-rotary-drum-dryer-amachine.jpg","type":"","width":"","height":""}],"twitter_card":"summary_large_image","twitter_misc":{"Tiempo de lectura":"3 minutos"},"schema":{"@context":"https:\/\/schema.org","@graph":[{"@type":"WebPage","@id":"https:\/\/hengxingmachinery.com\/three-pass-rotary-drum-dryer\/","url":"https:\/\/hengxingmachinery.com\/three-pass-rotary-drum-dryer\/","name":"5-1. Secador rotativo de tambor de tres pasos - Hengxing Machinery","isPartOf":{"@id":"https:\/\/hengxingmachinery.com\/#website"},"primaryImageOfPage":{"@id":"https:\/\/hengxingmachinery.com\/three-pass-rotary-drum-dryer\/#primaryimage"},"image":{"@id":"https:\/\/hengxingmachinery.com\/three-pass-rotary-drum-dryer\/#primaryimage"},"thumbnailUrl":"https:\/\/hengxingmachinery.com\/wp-content\/uploads\/2025\/01\/three-pass-rotary-drum-dryer-amachine.jpg","datePublished":"2025-01-24T03:58:02+00:00","dateModified":"2025-01-24T04:00:35+00:00","breadcrumb":{"@id":"https:\/\/hengxingmachinery.com\/three-pass-rotary-drum-dryer\/#breadcrumb"},"inLanguage":"es","potentialAction":[{"@type":"ReadAction","target":["https:\/\/hengxingmachinery.com\/three-pass-rotary-drum-dryer\/"]}]},{"@type":"ImageObject","inLanguage":"es","@id":"https:\/\/hengxingmachinery.com\/three-pass-rotary-drum-dryer\/#primaryimage","url":"https:\/\/hengxingmachinery.com\/wp-content\/uploads\/2025\/01\/three-pass-rotary-drum-dryer-amachine.jpg","contentUrl":"https:\/\/hengxingmachinery.com\/wp-content\/uploads\/2025\/01\/three-pass-rotary-drum-dryer-amachine.jpg"},{"@type":"BreadcrumbList","@id":"https:\/\/hengxingmachinery.com\/three-pass-rotary-drum-dryer\/#breadcrumb","itemListElement":[{"@type":"ListItem","position":1,"name":"Home","item":"https:\/\/hengxingmachinery.com\/"},{"@type":"ListItem","position":2,"name":"5-1. Three pass rotary drum dryer"}]},{"@type":"WebSite","@id":"https:\/\/hengxingmachinery.com\/#website","url":"https:\/\/hengxingmachinery.com\/","name":"Maquinaria Hengxing","description":"Fabricante l\u00edder de todo tipo de maquinaria minera","publisher":{"@id":"https:\/\/hengxingmachinery.com\/#organization"},"potentialAction":[{"@type":"SearchAction","target":{"@type":"EntryPoint","urlTemplate":"https:\/\/hengxingmachinery.com\/?s={search_term_string}"},"query-input":{"@type":"PropertyValueSpecification","valueRequired":true,"valueName":"search_term_string"}}],"inLanguage":"es"},{"@type":"Organization","@id":"https:\/\/hengxingmachinery.com\/#organization","name":"Maquinaria Hengxing","url":"https:\/\/hengxingmachinery.com\/","logo":{"@type":"ImageObject","inLanguage":"es","@id":"https:\/\/hengxingmachinery.com\/#\/schema\/logo\/image\/","url":"https:\/\/hengxingmachinery.com\/wp-content\/uploads\/2024\/12\/logo.png","contentUrl":"https:\/\/hengxingmachinery.com\/wp-content\/uploads\/2024\/12\/logo.png","width":400,"height":260,"caption":"Hengxing Machinery"},"image":{"@id":"https:\/\/hengxingmachinery.com\/#\/schema\/logo\/image\/"}}]}},"_links":{"self":[{"href":"https:\/\/hengxingmachinery.com\/es\/wp-json\/wp\/v2\/pages\/1782","targetHints":{"allow":["GET"]}}],"collection":[{"href":"https:\/\/hengxingmachinery.com\/es\/wp-json\/wp\/v2\/pages"}],"about":[{"href":"https:\/\/hengxingmachinery.com\/es\/wp-json\/wp\/v2\/types\/page"}],"author":[{"embeddable":true,"href":"https:\/\/hengxingmachinery.com\/es\/wp-json\/wp\/v2\/users\/1"}],"replies":[{"embeddable":true,"href":"https:\/\/hengxingmachinery.com\/es\/wp-json\/wp\/v2\/comments?post=1782"}],"version-history":[{"count":4,"href":"https:\/\/hengxingmachinery.com\/es\/wp-json\/wp\/v2\/pages\/1782\/revisions"}],"predecessor-version":[{"id":1788,"href":"https:\/\/hengxingmachinery.com\/es\/wp-json\/wp\/v2\/pages\/1782\/revisions\/1788"}],"wp:attachment":[{"href":"https:\/\/hengxingmachinery.com\/es\/wp-json\/wp\/v2\/media?parent=1782"}],"curies":[{"name":"wp","href":"https:\/\/api.w.org\/{rel}","templated":true}]}}