{"id":1832,"date":"2025-01-24T09:24:17","date_gmt":"2025-01-24T09:24:17","guid":{"rendered":"https:\/\/hengxingmachinery.com\/?page_id=1832"},"modified":"2025-01-25T01:11:46","modified_gmt":"2025-01-25T01:11:46","slug":"aac-block-making-machine-line","status":"publish","type":"page","link":"https:\/\/hengxingmachinery.com\/es\/aac-block-making-machine-line\/","title":{"rendered":"7-1. L\u00ednea de m\u00e1quinas para fabricar bloques AAC"},"content":{"rendered":"<div class=\"gb-container gb-container-45165f5a\">\n<div class=\"gb-container gb-container-c2652eb4\">\n\n<h1 class=\"gb-headline gb-headline-62a8b2cc gb-headline-text\">L\u00ednea de m\u00e1quinas para fabricar bloques AAC<\/h1>\n\n<\/div>\n<\/div>\n\n<div class=\"gb-container gb-container-519cf624\">\n<div class=\"gb-container gb-container-71ca071e\">\n<div class=\"gb-grid-wrapper gb-grid-wrapper-8a5f0688\">\n<div class=\"gb-grid-column gb-grid-column-1e99b1c2\"><div class=\"gb-container gb-container-1e99b1c2\">\n\n<figure class=\"gb-block-image gb-block-image-e4eaba54\"><img decoding=\"async\" width=\"665\" height=\"545\" class=\"gb-image gb-image-e4eaba54\" src=\"https:\/\/hengxingmachinery.com\/wp-content\/uploads\/2025\/01\/aac-block-making-for-sale.jpg\" alt=\"\" title=\"M\u00e1quina para fabricar bloques AAC en venta\" srcset=\"https:\/\/hengxingmachinery.com\/wp-content\/uploads\/2025\/01\/aac-block-making-for-sale.jpg 665w, https:\/\/hengxingmachinery.com\/wp-content\/uploads\/2025\/01\/aac-block-making-for-sale-300x246.jpg 300w, https:\/\/hengxingmachinery.com\/wp-content\/uploads\/2025\/01\/aac-block-making-for-sale-15x12.jpg 15w\" sizes=\"(max-width: 665px) 100vw, 665px\" \/><\/figure>\n\n<\/div><\/div>\n\n<div class=\"gb-grid-column gb-grid-column-bcae065b\"><div class=\"gb-container gb-container-bcae065b\">\n\n<p><\/p>\n\n\n\n<p class=\"gb-headline gb-headline-e419680e gb-headline-text\">Almacenamiento y suministro de materias primas de bloques AAC: Todas las materias primas son transportadas a la f\u00e1brica por camiones, como la ceniza volante, arena o cal, que se re\u00fanen en campos de materias primas especificados a la espera de su uso. Los sacos de cemento y el cemento a granel son ... Leer m\u00e1s.<\/p>\n\n\n<div class=\"gb-container gb-container-256e15f1\">\n\n<a class=\"gb-button gb-button-e8b73d89 gb-button-text\" href=\"#popmake-622\">Obtener presupuesto gratuito<\/a>\n\n<\/div>\n<\/div><\/div>\n<\/div>\n<\/div>\n<\/div>\n\n<div class=\"gb-container gb-container-af5f8799\">\n<div class=\"gb-container gb-container-2298848b\">\n\n<h2 class=\"gb-headline gb-headline-9d27ad2c gb-headline-text\">Introducci\u00f3n a la l\u00ednea de producci\u00f3n de bloques AAC&nbsp;<\/h2>\n\n\n\n<p>1.<strong><strong> <\/strong><\/strong>Almacenamiento y suministro de materias primas de bloques AAC: Todas las materias primas son transportadas a la f\u00e1brica por camiones, como la ceniza volante, arena o cal, que se re\u00fanen en campos de materias primas especificados a la espera de su uso. Los sacos de cemento y el cemento a granel se almacenan en el almac\u00e9n de cemento. Los productos qu\u00edmicos y el polvo de aluminio se guardan por separado en almacenes de productos qu\u00edmicos y almacenes de aluminio. Cuando se utilizan, estas materias primas se transportan al taller respectivamente.<\/p>\n\n\n\n<p>2. Procesamiento de materias primas: La ceniza volante, la arena o la piedra caliza se env\u00edan a molinos de bolas mediante alimentadores vibratorios y transportadores de banda. Luego, los polvos finos de ceniza volante, arena o cal se bombean a un tanque de lechada. La cal viva se env\u00eda mediante alimentador vibratorio y transportador de banda a trituradoras de mand\u00edbula para triturar. La cal triturada se env\u00eda al silo de cal por elevador de cangilones y luego se transporta a molinos de bolas mediante transportador de tornillo. Los materiales finos se env\u00edan a una tolva de dosificaci\u00f3n mediante transportador de tornillo y elevador de cangilones. <\/p>\n\n\n\n<p>3.<strong><strong> <\/strong><\/strong>Dosificaci\u00f3n, agitaci\u00f3n y colado de bloques alveolares: La ceniza volante (o arena o polvo de piedra) y la lechada residual se miden en un tanque de medici\u00f3n. Despu\u00e9s de que la medici\u00f3n y el molde est\u00e9n en su lugar, comienza la agitaci\u00f3n de la lechada. La temperatura de la lechada debe alcanzar unos 40\u00b0C.<\/p>\n\n\n<div class=\"gb-container gb-container-d7b7b595\">\n\n<a class=\"gb-button gb-button-c1312760 gb-button-text\" href=\"#popmake-622\">Obtener presupuesto gratuito<\/a>\n\n<\/div>\n<\/div>\n<\/div>\n\n<div class=\"gb-container gb-container-9426c937\">\n<div class=\"gb-container gb-container-b3eaf8c4\">\n\n<h2 class=\"gb-headline gb-headline-610ec7d7 gb-headline-text\">Procesamiento de materia prima&nbsp;<\/h2>\n\n\n\n<p>1. El cemento es cemento a granel, que se transporta neum\u00e1ticamente a la tolva de almacenamiento de cemento mediante un cami\u00f3n de cemento a granel. La capacidad de almacenamiento de cemento considerada en este dise\u00f1o es de 90t.<\/p>\n\n\n\n<p>2. Despu\u00e9s de que la cal y el yeso son triturados por la trituradora de mand\u00edbula seg\u00fan el c\u00e1lculo, el elevador ingresa a la tolva de almacenamiento, es alimentado por vibraci\u00f3n electromagn\u00e9tica, ingresa al molino, y la ceniza finamente mezclada es transportada por el elevador a la tolva de ceniza para respaldo.<\/p>\n\n\n\n<p>3. La arena se transporta al tanque de almacenamiento de lechada a trav\u00e9s de molienda en h\u00famedo con agua en molino de bolas, y despu\u00e9s de alcanzar la gravedad espec\u00edfica de lechada requerida para la producci\u00f3n, se bombea a una m\u00e1quina de agitaci\u00f3n y vertido mediante una bomba de lechada.<\/p>\n\n\n\n<p>4. Precura y corte de bloques alveolares<\/p>\n\n\n\n<p>(1) Dosificaci\u00f3n y vertido: Una vez que los materiales est\u00e1n listos, se miden por separado, se mezclan y agitan con una m\u00e1quina de agitaci\u00f3n y vertido, se a\u00f1ade la suspensi\u00f3n de polvo de aluminio dosificada y agitada, se agita durante 30-45 segundos, y luego se vierte en el molde.<\/p>\n\n\n\n<p>(2) Secci\u00f3n de corte: Despu\u00e9s del vertido y espumado, el cuerpo verde se deja en reposo est\u00e1tico hasta alcanzar una dureza determinada (aproximadamente 1.2-2h), es decir, se realiza el corte, y el cuerpo verde se levanta a un carro de curado mediante un polipasto de agrupamiento, y luego se marca para ingresar a un autoclave.<\/p>\n\n\n\n<p>(3) Autoclave:<strong> <\/strong>Despu\u00e9s de cortar los cuerpos verdes, pueden agruparse a un cierto n\u00famero mediante conducci\u00f3n y luego ingresar al autoclave para el curado en autoclave.<\/p>\n\n\n<div class=\"gb-container gb-container-eb39e1ac\">\n\n<a class=\"gb-button gb-button-690a5e06 gb-button-text\" href=\"#popmake-622\">Obtener presupuesto gratuito<\/a>\n\n<\/div>\n<\/div>\n<\/div>\n\n<div class=\"gb-container gb-container-ebd718b6\">\n<div class=\"gb-container gb-container-5c75b960\">\n\n<h2 class=\"gb-headline gb-headline-98859344 gb-headline-text\">Ventajas de la l\u00ednea de producci\u00f3n de bloques AAC<\/h2>\n\n\n\n<p><strong>1. Ligereza<\/strong><\/p>\n\n\n\n<p>La densidad aparente seca del hormig\u00f3n celular es generalmente de 400-800 kg\/m\u00b3, equivalente a 1\/3 del ladrillo de arcilla, 1\/5 del hormig\u00f3n normal, menor que el hormig\u00f3n ligero de agregados normales y el ladrillo hueco, ladrillo de arcilla hueco. Por lo tanto, usar hormig\u00f3n celular como material de pared puede aligerar el peso del edificio, y luego reducir el tama\u00f1o de la base del edificio, vigas, pilares, etc. de la estructura, ahorrar material de construcci\u00f3n y costo del proyecto, y mejorar la resistencia a los choques del edificio.<\/p>\n\n\n\n<p><strong>2. Buen rendimiento de aislamiento t\u00e9rmico<\/strong><\/p>\n\n\n\n<p>El hormig\u00f3n celular en su interior tiene una abundancia de peque\u00f1os orificios de aire, por lo que tiene un buen rendimiento de aislamiento t\u00e9rmico, su coeficiente de conductividad t\u00e9rmica generalmente es de 0.09-0.22 W\/(m\u00b7K), solo 1\/4-1\/5 del ladrillo de arcilla, 1\/5-1\/10 del hormig\u00f3n normal. Por lo general, el rendimiento de aislamiento t\u00e9rmico de un muro de hormig\u00f3n celular de 20 cm de espesor corresponde al de un muro de ladrillo de arcilla normal de 49 cm, por lo que no solo se ahorra energ\u00eda de calefacci\u00f3n y refrigeraci\u00f3n, sino que tambi\u00e9n mejora en gran medida el coeficiente de utilizaci\u00f3n de la planta del edificio.<\/p>\n\n\n\n<p><strong>3. Procesabilidad<\/strong><\/p>\n\n\n\n<p>El hormig\u00f3n celular no utiliza agregado grueso, tiene buena procesabilidad, puede ser aserrado, excavado, perforado y clavado, y tambi\u00e9n puede ser revestido con material de uni\u00f3n adecuado, lo que brinda condiciones favorables para las operaciones de construcci\u00f3n.<\/p>\n\n\n\n<p><strong>4. Amplia fuente de materias primas, alta eficiencia de producci\u00f3n, bajo consumo energ\u00e9tico<\/strong><\/p>\n\n\n\n<p>El hormig\u00f3n celular puede producirse con arena, escoria de mineral, ceniza volante, relave de mineral, ganga de carb\u00f3n, cal viva, cemento, etc. Seg\u00fan las condiciones reales locales para determinar la variedad y el proceso, y puede utilizar en gran medida residuos industriales. El hormig\u00f3n celular tiene una alta eficiencia de producci\u00f3n; en una planta AAC de escala media, la eficiencia laboral anual per c\u00e1pita puede alcanzar los 600 m\u00b3, y algunos con alto grado de automatizaci\u00f3n pueden alcanzar los 900-1000 m\u00b3, superior al ladrillo de arcilla (180 m\u00b3) y al ladrillo de hormig\u00f3n (500-800 m\u00b3).<\/p>\n\n\n\n<p>Su consumo energ\u00e9tico de producci\u00f3n es bajo, y el consumo energ\u00e9tico unitario del producto es solo del 50% del de un volumen equivalente de ladrillo de arcilla. Aunque la historia de producci\u00f3n industrial del hormig\u00f3n celular en China es de solo 40 a\u00f1os, su clasificaci\u00f3n ya se ha desarrollado en bloques no portantes, bloques portantes, bloques de aislamiento t\u00e9rmico, paneles para muros y techos, ampliamente utilizados en edificios industriales y civiles, y se ha convertido en un nuevo tipo de material de construcci\u00f3n de gran vitalidad.<\/p>\n\n\n<div class=\"gb-container gb-container-d6bbf16a\">\n\n<a class=\"gb-button gb-button-caa3f2bc gb-button-text\" href=\"#popmake-622\">Obtener presupuesto gratuito<\/a>\n\n<\/div>\n<\/div>\n<\/div>\n\n<div class=\"gb-container gb-container-435ad261\">\n<div class=\"gb-container gb-container-7dc79cc4\">\n\n<h2 class=\"gb-headline gb-headline-6fe5dee2 gb-headline-text\">Proporci\u00f3n de materias primas:<\/h2>\n\n\n\n<figure class=\"wp-block-table is-style-stripes\"><table class=\"has-fixed-layout\"><tbody><tr><td><strong>Nombre<\/strong><\/td><td><strong>Unidad<\/strong><\/td><td><strong>Proporci\u00f3n<\/strong><\/td><\/tr><tr><td><strong>Cenizas volantes<\/strong><\/td><td>%<\/td><td>65-70<\/td><\/tr><tr><td><strong>Cemento<\/strong><\/td><td>%<\/td><td>6-15<\/td><\/tr><tr><td><strong>Cal<\/strong><\/td><td>%<\/td><td>18-25<\/td><\/tr><tr><td><strong>Yeso<\/strong><\/td><td>%<\/td><td>3-5<\/td><\/tr><tr><td><strong>Pasta de polvo de aluminio (600 kg\/m\u00b3)<\/strong><\/td><td>1\/10000<\/td><td>8<\/td><\/tr><tr><td><strong>Tarifa de agua y material<\/strong><\/td><td>&nbsp;<\/td><td>0.60-0.65<\/td><\/tr><tr><td><strong>Temperatura de curado<\/strong><\/td><td>\u2103<\/td><td>36-40<\/td><\/tr><\/tbody><\/table><\/figure>\n\n\n\n<figure class=\"wp-block-table is-style-stripes\"><table class=\"has-fixed-layout\"><tbody><tr><td><strong>Na<\/strong>me<\/td><td><strong>Unidad<\/strong><\/td><td><strong>Proporci\u00f3n<\/strong><\/td><\/tr><tr><td><strong>Arena<\/strong><\/td><td>%<\/td><td>55-65<\/td><\/tr><tr><td><strong>Cemento<\/strong><\/td><td>%<\/td><td>10-20<\/td><\/tr><tr><td><strong>Cal<\/strong><\/td><td>%<\/td><td>20-30<\/td><\/tr><tr><td><strong>Yeso<\/strong><\/td><td>%<\/td><td>2-3<\/td><\/tr><tr><td><strong>Pasta de polvo de aluminio (600 kg\/m\u00b3)<\/strong><\/td><td>1\/10000<\/td><td>8<\/td><\/tr><tr><td>Tarifa de agua y material<\/td><td>&nbsp;<\/td><td>0.65-0.75<\/td><\/tr><tr><td><strong>Sistema de fundici\u00f3n<\/strong><\/td><td>\u2103<\/td><td>35-38<\/td><\/tr><tr><td><strong>Tiempo de mezcla de aluminio<\/strong><\/td><td>S<\/td><td>30-40<\/td><\/tr><\/tbody><\/table><\/figure>\n\n\n<div class=\"gb-container gb-container-263d9700\">\n\n<a class=\"gb-button gb-button-a4cbb7be gb-button-text\" href=\"#popmake-622\">Obtener presupuesto gratuito<\/a>\n\n<\/div>\n<\/div>\n<\/div>","protected":false},"excerpt":{"rendered":"<p>AAC block making machine line Introduction of AAC block production line&nbsp; 1. Storing and supplying of raw materials of AAC blocks:&nbsp;All raw materials are carried into the factory by trucks, such as Fly ash, sand or lime, which are gathered in specified raw materials fields waiting for use. Sacks of cement and bulk cement are &#8230; <\/p>\n<p class=\"read-more-container\"><a title=\"7-1. L\u00ednea de m\u00e1quinas para fabricar bloques AAC\" class=\"read-more button\" href=\"https:\/\/hengxingmachinery.com\/es\/aac-block-making-machine-line\/#more-1832\" aria-label=\"Leer m\u00e1s sobre 7-1. AAC block making machine line\">Leer m\u00e1s<\/a><\/p>","protected":false},"author":1,"featured_media":0,"parent":0,"menu_order":0,"comment_status":"closed","ping_status":"closed","template":"","meta":{"footnotes":""},"class_list":["post-1832","page","type-page","status-publish"],"yoast_head":"<!-- This site is optimized with the Yoast SEO plugin v27.4 - https:\/\/yoast.com\/product\/yoast-seo-wordpress\/ -->\n<title>7-1. AAC block making machine line - Hengxing Machinery<\/title>\n<meta name=\"robots\" content=\"index, follow, max-snippet:-1, max-image-preview:large, max-video-preview:-1\" \/>\n<link rel=\"canonical\" href=\"https:\/\/hengxingmachinery.com\/es\/aac-block-making-machine-line\/\" \/>\n<meta property=\"og:locale\" content=\"es_ES\" \/>\n<meta property=\"og:type\" content=\"article\" \/>\n<meta property=\"og:title\" content=\"7-1. AAC block making machine line - Hengxing Machinery\" \/>\n<meta property=\"og:description\" content=\"AAC block making machine line Introduction of AAC block production line&nbsp; 1. Storing and supplying of raw materials of AAC blocks:&nbsp;All raw materials are carried into the factory by trucks, such as Fly ash, sand or lime, which are gathered in specified raw materials fields waiting for use. Sacks of cement and bulk cement are ... Leer m\u00e1s\" \/>\n<meta property=\"og:url\" content=\"https:\/\/hengxingmachinery.com\/es\/aac-block-making-machine-line\/\" \/>\n<meta property=\"og:site_name\" content=\"Hengxing Machinery\" \/>\n<meta property=\"article:modified_time\" content=\"2025-01-25T01:11:46+00:00\" \/>\n<meta property=\"og:image\" content=\"https:\/\/hengxingmachinery.com\/wp-content\/uploads\/2025\/01\/aac-block-making-for-sale.jpg\" \/>\n<meta name=\"twitter:card\" content=\"summary_large_image\" \/>\n<meta name=\"twitter:label1\" content=\"Tiempo de lectura\" \/>\n\t<meta name=\"twitter:data1\" content=\"5 minutos\" \/>\n<script type=\"application\/ld+json\" class=\"yoast-schema-graph\">{\"@context\":\"https:\\\/\\\/schema.org\",\"@graph\":[{\"@type\":\"WebPage\",\"@id\":\"https:\\\/\\\/hengxingmachinery.com\\\/aac-block-making-machine-line\\\/\",\"url\":\"https:\\\/\\\/hengxingmachinery.com\\\/aac-block-making-machine-line\\\/\",\"name\":\"7-1. AAC block making machine line - Hengxing Machinery\",\"isPartOf\":{\"@id\":\"https:\\\/\\\/hengxingmachinery.com\\\/#website\"},\"primaryImageOfPage\":{\"@id\":\"https:\\\/\\\/hengxingmachinery.com\\\/aac-block-making-machine-line\\\/#primaryimage\"},\"image\":{\"@id\":\"https:\\\/\\\/hengxingmachinery.com\\\/aac-block-making-machine-line\\\/#primaryimage\"},\"thumbnailUrl\":\"https:\\\/\\\/hengxingmachinery.com\\\/wp-content\\\/uploads\\\/2025\\\/01\\\/aac-block-making-for-sale.jpg\",\"datePublished\":\"2025-01-24T09:24:17+00:00\",\"dateModified\":\"2025-01-25T01:11:46+00:00\",\"breadcrumb\":{\"@id\":\"https:\\\/\\\/hengxingmachinery.com\\\/aac-block-making-machine-line\\\/#breadcrumb\"},\"inLanguage\":\"es\",\"potentialAction\":[{\"@type\":\"ReadAction\",\"target\":[\"https:\\\/\\\/hengxingmachinery.com\\\/aac-block-making-machine-line\\\/\"]}]},{\"@type\":\"ImageObject\",\"inLanguage\":\"es\",\"@id\":\"https:\\\/\\\/hengxingmachinery.com\\\/aac-block-making-machine-line\\\/#primaryimage\",\"url\":\"https:\\\/\\\/hengxingmachinery.com\\\/wp-content\\\/uploads\\\/2025\\\/01\\\/aac-block-making-for-sale.jpg\",\"contentUrl\":\"https:\\\/\\\/hengxingmachinery.com\\\/wp-content\\\/uploads\\\/2025\\\/01\\\/aac-block-making-for-sale.jpg\"},{\"@type\":\"BreadcrumbList\",\"@id\":\"https:\\\/\\\/hengxingmachinery.com\\\/aac-block-making-machine-line\\\/#breadcrumb\",\"itemListElement\":[{\"@type\":\"ListItem\",\"position\":1,\"name\":\"Home\",\"item\":\"https:\\\/\\\/hengxingmachinery.com\\\/\"},{\"@type\":\"ListItem\",\"position\":2,\"name\":\"7-1. AAC block making machine line\"}]},{\"@type\":\"WebSite\",\"@id\":\"https:\\\/\\\/hengxingmachinery.com\\\/#website\",\"url\":\"https:\\\/\\\/hengxingmachinery.com\\\/\",\"name\":\"Hengxing Machinery\",\"description\":\"Leading Manufacturer of All Sorts of Mining Machinery\",\"publisher\":{\"@id\":\"https:\\\/\\\/hengxingmachinery.com\\\/#organization\"},\"potentialAction\":[{\"@type\":\"SearchAction\",\"target\":{\"@type\":\"EntryPoint\",\"urlTemplate\":\"https:\\\/\\\/hengxingmachinery.com\\\/?s={search_term_string}\"},\"query-input\":{\"@type\":\"PropertyValueSpecification\",\"valueRequired\":true,\"valueName\":\"search_term_string\"}}],\"inLanguage\":\"es\"},{\"@type\":\"Organization\",\"@id\":\"https:\\\/\\\/hengxingmachinery.com\\\/#organization\",\"name\":\"Hengxing Machinery\",\"url\":\"https:\\\/\\\/hengxingmachinery.com\\\/\",\"logo\":{\"@type\":\"ImageObject\",\"inLanguage\":\"es\",\"@id\":\"https:\\\/\\\/hengxingmachinery.com\\\/#\\\/schema\\\/logo\\\/image\\\/\",\"url\":\"https:\\\/\\\/hengxingmachinery.com\\\/wp-content\\\/uploads\\\/2024\\\/12\\\/logo.png\",\"contentUrl\":\"https:\\\/\\\/hengxingmachinery.com\\\/wp-content\\\/uploads\\\/2024\\\/12\\\/logo.png\",\"width\":400,\"height\":260,\"caption\":\"Hengxing Machinery\"},\"image\":{\"@id\":\"https:\\\/\\\/hengxingmachinery.com\\\/#\\\/schema\\\/logo\\\/image\\\/\"}}]}<\/script>\n<!-- \/ Yoast SEO plugin. -->","yoast_head_json":{"title":"7-1. L\u00ednea de m\u00e1quinas para fabricar bloques AAC - Hengxing Machinery","robots":{"index":"index","follow":"follow","max-snippet":"max-snippet:-1","max-image-preview":"max-image-preview:large","max-video-preview":"max-video-preview:-1"},"canonical":"https:\/\/hengxingmachinery.com\/es\/aac-block-making-machine-line\/","og_locale":"es_ES","og_type":"article","og_title":"7-1. AAC block making machine line - Hengxing Machinery","og_description":"AAC block making machine line Introduction of AAC block production line&nbsp; 1. Storing and supplying of raw materials of AAC blocks:&nbsp;All raw materials are carried into the factory by trucks, such as Fly ash, sand or lime, which are gathered in specified raw materials fields waiting for use. Sacks of cement and bulk cement are ... Leer m\u00e1s","og_url":"https:\/\/hengxingmachinery.com\/es\/aac-block-making-machine-line\/","og_site_name":"Hengxing Machinery","article_modified_time":"2025-01-25T01:11:46+00:00","og_image":[{"url":"https:\/\/hengxingmachinery.com\/wp-content\/uploads\/2025\/01\/aac-block-making-for-sale.jpg","type":"","width":"","height":""}],"twitter_card":"summary_large_image","twitter_misc":{"Tiempo de lectura":"5 minutos"},"schema":{"@context":"https:\/\/schema.org","@graph":[{"@type":"WebPage","@id":"https:\/\/hengxingmachinery.com\/aac-block-making-machine-line\/","url":"https:\/\/hengxingmachinery.com\/aac-block-making-machine-line\/","name":"7-1. L\u00ednea de m\u00e1quinas para fabricar bloques AAC - Hengxing Machinery","isPartOf":{"@id":"https:\/\/hengxingmachinery.com\/#website"},"primaryImageOfPage":{"@id":"https:\/\/hengxingmachinery.com\/aac-block-making-machine-line\/#primaryimage"},"image":{"@id":"https:\/\/hengxingmachinery.com\/aac-block-making-machine-line\/#primaryimage"},"thumbnailUrl":"https:\/\/hengxingmachinery.com\/wp-content\/uploads\/2025\/01\/aac-block-making-for-sale.jpg","datePublished":"2025-01-24T09:24:17+00:00","dateModified":"2025-01-25T01:11:46+00:00","breadcrumb":{"@id":"https:\/\/hengxingmachinery.com\/aac-block-making-machine-line\/#breadcrumb"},"inLanguage":"es","potentialAction":[{"@type":"ReadAction","target":["https:\/\/hengxingmachinery.com\/aac-block-making-machine-line\/"]}]},{"@type":"ImageObject","inLanguage":"es","@id":"https:\/\/hengxingmachinery.com\/aac-block-making-machine-line\/#primaryimage","url":"https:\/\/hengxingmachinery.com\/wp-content\/uploads\/2025\/01\/aac-block-making-for-sale.jpg","contentUrl":"https:\/\/hengxingmachinery.com\/wp-content\/uploads\/2025\/01\/aac-block-making-for-sale.jpg"},{"@type":"BreadcrumbList","@id":"https:\/\/hengxingmachinery.com\/aac-block-making-machine-line\/#breadcrumb","itemListElement":[{"@type":"ListItem","position":1,"name":"Home","item":"https:\/\/hengxingmachinery.com\/"},{"@type":"ListItem","position":2,"name":"7-1. AAC block making machine line"}]},{"@type":"WebSite","@id":"https:\/\/hengxingmachinery.com\/#website","url":"https:\/\/hengxingmachinery.com\/","name":"Maquinaria Hengxing","description":"Fabricante l\u00edder de todo tipo de maquinaria minera","publisher":{"@id":"https:\/\/hengxingmachinery.com\/#organization"},"potentialAction":[{"@type":"SearchAction","target":{"@type":"EntryPoint","urlTemplate":"https:\/\/hengxingmachinery.com\/?s={search_term_string}"},"query-input":{"@type":"PropertyValueSpecification","valueRequired":true,"valueName":"search_term_string"}}],"inLanguage":"es"},{"@type":"Organization","@id":"https:\/\/hengxingmachinery.com\/#organization","name":"Maquinaria Hengxing","url":"https:\/\/hengxingmachinery.com\/","logo":{"@type":"ImageObject","inLanguage":"es","@id":"https:\/\/hengxingmachinery.com\/#\/schema\/logo\/image\/","url":"https:\/\/hengxingmachinery.com\/wp-content\/uploads\/2024\/12\/logo.png","contentUrl":"https:\/\/hengxingmachinery.com\/wp-content\/uploads\/2024\/12\/logo.png","width":400,"height":260,"caption":"Hengxing Machinery"},"image":{"@id":"https:\/\/hengxingmachinery.com\/#\/schema\/logo\/image\/"}}]}},"_links":{"self":[{"href":"https:\/\/hengxingmachinery.com\/es\/wp-json\/wp\/v2\/pages\/1832","targetHints":{"allow":["GET"]}}],"collection":[{"href":"https:\/\/hengxingmachinery.com\/es\/wp-json\/wp\/v2\/pages"}],"about":[{"href":"https:\/\/hengxingmachinery.com\/es\/wp-json\/wp\/v2\/types\/page"}],"author":[{"embeddable":true,"href":"https:\/\/hengxingmachinery.com\/es\/wp-json\/wp\/v2\/users\/1"}],"replies":[{"embeddable":true,"href":"https:\/\/hengxingmachinery.com\/es\/wp-json\/wp\/v2\/comments?post=1832"}],"version-history":[{"count":4,"href":"https:\/\/hengxingmachinery.com\/es\/wp-json\/wp\/v2\/pages\/1832\/revisions"}],"predecessor-version":[{"id":1838,"href":"https:\/\/hengxingmachinery.com\/es\/wp-json\/wp\/v2\/pages\/1832\/revisions\/1838"}],"wp:attachment":[{"href":"https:\/\/hengxingmachinery.com\/es\/wp-json\/wp\/v2\/media?parent=1832"}],"curies":[{"name":"wp","href":"https:\/\/api.w.org\/{rel}","templated":true}]}}