{"id":1845,"date":"2025-01-25T02:20:45","date_gmt":"2025-01-25T02:20:45","guid":{"rendered":"https:\/\/hengxingmachinery.com\/?page_id=1845"},"modified":"2025-01-25T02:29:14","modified_gmt":"2025-01-25T02:29:14","slug":"ground-turnover-cutting-machines","status":"publish","type":"page","link":"https:\/\/hengxingmachinery.com\/es\/ground-turnover-cutting-machines\/","title":{"rendered":"7-1. M\u00e1quina cortadora de volteo de terreno"},"content":{"rendered":"<div class=\"gb-container gb-container-45165f5a\">\n<div class=\"gb-container gb-container-c2652eb4\">\n\n<h1 class=\"gb-headline gb-headline-62a8b2cc gb-headline-text\">Maquina cortadora de volteo de tierra<\/h1>\n\n<\/div>\n<\/div>\n\n<div class=\"gb-container gb-container-519cf624\">\n<div class=\"gb-container gb-container-71ca071e\">\n<div class=\"gb-grid-wrapper gb-grid-wrapper-8a5f0688\">\n<div class=\"gb-grid-column gb-grid-column-1e99b1c2\"><div class=\"gb-container gb-container-1e99b1c2\">\n\n<figure class=\"gb-block-image gb-block-image-e4eaba54\"><img decoding=\"async\" width=\"665\" height=\"545\" class=\"gb-image gb-image-e4eaba54\" src=\"https:\/\/hengxingmachinery.com\/wp-content\/uploads\/2025\/01\/Ground-Turnover-Cutting-Machine-for-sale.jpg\" alt=\"\" title=\"M\u00e1quina de Corte con Volteo en Suelo en venta\" srcset=\"https:\/\/hengxingmachinery.com\/wp-content\/uploads\/2025\/01\/Ground-Turnover-Cutting-Machine-for-sale.jpg 665w, https:\/\/hengxingmachinery.com\/wp-content\/uploads\/2025\/01\/Ground-Turnover-Cutting-Machine-for-sale-300x246.jpg 300w, https:\/\/hengxingmachinery.com\/wp-content\/uploads\/2025\/01\/Ground-Turnover-Cutting-Machine-for-sale-15x12.jpg 15w\" sizes=\"(max-width: 665px) 100vw, 665px\" \/><\/figure>\n\n<\/div><\/div>\n\n<div class=\"gb-grid-column gb-grid-column-bcae065b\"><div class=\"gb-container gb-container-bcae065b\">\n\n<p><\/p>\n\n\n\n<p>El AAC puede, seg\u00fan la clasificaci\u00f3n de materias primas, las caracter\u00edsticas del proceso y la calidad del equipo, adoptar diferentes procesos para su producci\u00f3n. Generalmente, la ceniza volante o la arena con agua se muelen hasta formar lodo, luego se mezclan cal en polvo, cemento, agente espumante y estabilizador de espuma, y se vierten en un autoclave para cocer al vapor, mediante alta presi\u00f3n y alta temperatura, obteniendo as\u00ed el AAC poroso y ligero.<\/p>\n\n\n<div class=\"gb-container gb-container-256e15f1\">\n\n<a class=\"gb-button gb-button-e8b73d89 gb-button-text\" href=\"#popmake-622\">Obtener presupuesto gratuito<\/a>\n\n<\/div>\n<\/div><\/div>\n<\/div>\n<\/div>\n<\/div>\n\n<div class=\"gb-container gb-container-af5f8799\">\n<div class=\"gb-container gb-container-2298848b\">\n\n<h2 class=\"gb-headline gb-headline-9d27ad2c gb-headline-text\">M\u00e1quina de corte con volteo en suelo para plantas de AAC:<\/h2>\n\n\n\n<p>La m\u00e1quina de corte es el equipo principal de la l\u00ednea de producci\u00f3n de AAC, as\u00ed como la m\u00e1quina central de la l\u00ednea de producci\u00f3n de AAC con una capacidad anual superior a 50.000 m\u00b3. Es el equipo necesario para mejorar el rendimiento y la calidad. La Serie JQF de M\u00e1quinas de Corte que producimos puede voltear el bloque bruto dos veces y realizar el corte de seis caras. Con alta tecnolog\u00eda, el volteo se completa en una sola vez, lo que protege los bloques de da\u00f1os debidos a m\u00faltiples elevaciones. Nuestros productos se venden bien en nuestro pa\u00eds y han obtenido el reconocimiento de muchos clientes. Despu\u00e9s de muchos a\u00f1os de reforma t\u00e9cnica, ahora hemos desarrollado muchos modelos de m\u00e1quinas de corte de hormig\u00f3n.<\/p>\n\n\n<div class=\"gb-container gb-container-d7b7b595\">\n\n<a class=\"gb-button gb-button-c1312760 gb-button-text\" href=\"#popmake-622\">Obtener presupuesto gratuito<\/a>\n\n<\/div>\n<\/div>\n<\/div>\n\n<div class=\"gb-container gb-container-a9b5bf28\">\n<div class=\"gb-container gb-container-ef36d4a0\">\n\n<h2 class=\"gb-headline gb-headline-8b90eda0 gb-headline-text\">La m\u00e1quina de corte con volteo en suelo tiene las siguientes ventajas:<\/h2>\n\n\n\n<p>1. Estructura compacta, operaci\u00f3n sencilla y bajo mantenimiento.<\/p>\n\n\n\n<p>2. El corte transversal y vertical se realiza en una sola pasada.<\/p>\n\n\n\n<p>3. Corte hexa\u00e9drico del bloque bruto, precisi\u00f3n del producto conforme a GB\/T 11969-1997.<\/p>\n\n\n\n<p>4. Todos los materiales de desecho se recuperan, sin generar contaminaci\u00f3n secundaria.<\/p>\n\n\n\n<p>5. Bloque sin conglomerarse\/pegado.<\/p>\n\n\n\n<p>6. Uso de tornillo sinf\u00edn en el corte de secci\u00f3n transversal, resolviendo el problema de desincronizaci\u00f3n de la transmisi\u00f3n hidr\u00e1ulica.<\/p>\n\n\n\n<p>7. Carro con polea grande y carro con polea peque\u00f1a utilizados para impulsar e instalar engranajes; soluci\u00f3n de cremallera para el problema de sincronizaci\u00f3n.<\/p>\n\n\n\n<p>8. Equipado con dispositivos para reemplazar el alambre de acero r\u00e1pidamente.<\/p>\n\n\n\n<p>9. Sin corbatas (deformaciones) ni grietas.<\/p>\n\n\n<div class=\"gb-container gb-container-a104f208\">\n\n<a class=\"gb-button gb-button-64e88793 gb-button-text\" href=\"#popmake-622\">Obtener presupuesto gratuito<\/a>\n\n<\/div>\n<\/div>\n<\/div>\n\n<div class=\"gb-container gb-container-435ad261\">\n<div class=\"gb-container gb-container-7dc79cc4\">\n\n<h2 class=\"gb-headline gb-headline-6fe5dee2 gb-headline-text\">Principales par\u00e1metros t\u00e9cnicos de la m\u00e1quina de corte con volteo en suelo:<\/h2>\n\n\n\n<figure class=\"wp-block-table is-style-stripes\"><table class=\"has-fixed-layout\"><tbody><tr><td>N\u00famero<\/td><td>Tama\u00f1o<\/td><td>Bloque Bruto Antes del Corte (mm)<\/td><td>Ciclo de Corte<\/td><td>&nbsp;Capacidad de Corte (m\u00b3\/a\u00f1o)<\/td><td>&nbsp;Precisi\u00f3n de Corte<\/td><td>&nbsp;Potencia Total (kW)<\/td><td>&nbsp;Dimensi\u00f3n (mm)<\/td><\/tr><tr><td>1<\/td><td>4,2 m<\/td><td>4250*1240*650<\/td><td>6-8 min\/bloque<\/td><td>&nbsp;M\u00e1s de 100.000<\/td><td>&nbsp;&lt;= +\/-1 mm<\/td><td>&nbsp;25.5<\/td><td>&nbsp;12200*4200*5600<\/td><\/tr><tr><td>2<\/td><td>4,8 m<\/td><td>4860*1560*650<\/td><td>6-8 min\/bloque<\/td><td>&nbsp;M\u00e1s de 200.000<\/td><td>&nbsp;&lt;= +\/-1 mm<\/td><td>&nbsp;30<\/td><td>&nbsp; &nbsp; 16000*6000*5500<\/td><\/tr><tr><td>3<\/td><td>6 m<\/td><td>6050*1540*650<\/td><td>6-8 min\/bloque<\/td><td>&nbsp;M\u00e1s de 200.000<\/td><td>&nbsp;&lt;= +\/-1 mm<\/td><td>&nbsp;30<\/td><td>&nbsp;18500*6000*5800<\/td><\/tr><\/tbody><\/table><\/figure>\n\n\n<div class=\"gb-container gb-container-263d9700\">\n\n<a class=\"gb-button gb-button-a4cbb7be gb-button-text\" href=\"#popmake-622\">Obtener presupuesto gratuito<\/a>\n\n<\/div>\n<\/div>\n<\/div>","protected":false},"excerpt":{"rendered":"<p>Ground turnover cutting machine Ground turnover cutting machine used for AAC plant: The cutting machine is the main equipment of the AAC production line as well as the core machine of the AAC production line with an annual production capacity of over 50000m3. It&#8217;s the necessary equipment to improve yield and quality. JQF Series Cutting &#8230; <\/p>\n<p class=\"read-more-container\"><a title=\"7-1. M\u00e1quina cortadora de volteo de terreno\" class=\"read-more button\" href=\"https:\/\/hengxingmachinery.com\/es\/ground-turnover-cutting-machines\/#more-1845\" aria-label=\"Leer m\u00e1s sobre 7-1. Ground turnover cutting machine\">Leer m\u00e1s<\/a><\/p>","protected":false},"author":1,"featured_media":0,"parent":0,"menu_order":0,"comment_status":"closed","ping_status":"closed","template":"","meta":{"footnotes":""},"class_list":["post-1845","page","type-page","status-publish"],"yoast_head":"<!-- This site is optimized with the Yoast SEO plugin v27.4 - https:\/\/yoast.com\/product\/yoast-seo-wordpress\/ -->\n<title>7-1. Ground turnover cutting machine - Hengxing Machinery<\/title>\n<meta name=\"robots\" content=\"index, follow, max-snippet:-1, max-image-preview:large, max-video-preview:-1\" \/>\n<link rel=\"canonical\" href=\"https:\/\/hengxingmachinery.com\/es\/ground-turnover-cutting-machines\/\" \/>\n<meta property=\"og:locale\" content=\"es_ES\" \/>\n<meta property=\"og:type\" content=\"article\" \/>\n<meta property=\"og:title\" content=\"7-1. Ground turnover cutting machine - Hengxing Machinery\" \/>\n<meta property=\"og:description\" content=\"Ground turnover cutting machine Ground turnover cutting machine used for AAC plant: The cutting machine is the main equipment of the AAC production line as well as the core machine of the AAC production line with an annual production capacity of over 50000m3. It&#8217;s the necessary equipment to improve yield and quality. JQF Series Cutting ... Leer m\u00e1s\" \/>\n<meta property=\"og:url\" content=\"https:\/\/hengxingmachinery.com\/es\/ground-turnover-cutting-machines\/\" \/>\n<meta property=\"og:site_name\" content=\"Hengxing Machinery\" \/>\n<meta property=\"article:modified_time\" content=\"2025-01-25T02:29:14+00:00\" \/>\n<meta property=\"og:image\" content=\"https:\/\/hengxingmachinery.com\/wp-content\/uploads\/2025\/01\/Ground-Turnover-Cutting-Machine-for-sale.jpg\" \/>\n<meta name=\"twitter:card\" content=\"summary_large_image\" \/>\n<meta name=\"twitter:label1\" content=\"Tiempo de lectura\" \/>\n\t<meta name=\"twitter:data1\" content=\"2 minutos\" \/>\n<script type=\"application\/ld+json\" class=\"yoast-schema-graph\">{\"@context\":\"https:\\\/\\\/schema.org\",\"@graph\":[{\"@type\":\"WebPage\",\"@id\":\"https:\\\/\\\/hengxingmachinery.com\\\/ground-turnover-cutting-machines\\\/\",\"url\":\"https:\\\/\\\/hengxingmachinery.com\\\/ground-turnover-cutting-machines\\\/\",\"name\":\"7-1. Ground turnover cutting machine - Hengxing Machinery\",\"isPartOf\":{\"@id\":\"https:\\\/\\\/hengxingmachinery.com\\\/#website\"},\"primaryImageOfPage\":{\"@id\":\"https:\\\/\\\/hengxingmachinery.com\\\/ground-turnover-cutting-machines\\\/#primaryimage\"},\"image\":{\"@id\":\"https:\\\/\\\/hengxingmachinery.com\\\/ground-turnover-cutting-machines\\\/#primaryimage\"},\"thumbnailUrl\":\"https:\\\/\\\/hengxingmachinery.com\\\/wp-content\\\/uploads\\\/2025\\\/01\\\/Ground-Turnover-Cutting-Machine-for-sale.jpg\",\"datePublished\":\"2025-01-25T02:20:45+00:00\",\"dateModified\":\"2025-01-25T02:29:14+00:00\",\"breadcrumb\":{\"@id\":\"https:\\\/\\\/hengxingmachinery.com\\\/ground-turnover-cutting-machines\\\/#breadcrumb\"},\"inLanguage\":\"es\",\"potentialAction\":[{\"@type\":\"ReadAction\",\"target\":[\"https:\\\/\\\/hengxingmachinery.com\\\/ground-turnover-cutting-machines\\\/\"]}]},{\"@type\":\"ImageObject\",\"inLanguage\":\"es\",\"@id\":\"https:\\\/\\\/hengxingmachinery.com\\\/ground-turnover-cutting-machines\\\/#primaryimage\",\"url\":\"https:\\\/\\\/hengxingmachinery.com\\\/wp-content\\\/uploads\\\/2025\\\/01\\\/Ground-Turnover-Cutting-Machine-for-sale.jpg\",\"contentUrl\":\"https:\\\/\\\/hengxingmachinery.com\\\/wp-content\\\/uploads\\\/2025\\\/01\\\/Ground-Turnover-Cutting-Machine-for-sale.jpg\"},{\"@type\":\"BreadcrumbList\",\"@id\":\"https:\\\/\\\/hengxingmachinery.com\\\/ground-turnover-cutting-machines\\\/#breadcrumb\",\"itemListElement\":[{\"@type\":\"ListItem\",\"position\":1,\"name\":\"Home\",\"item\":\"https:\\\/\\\/hengxingmachinery.com\\\/\"},{\"@type\":\"ListItem\",\"position\":2,\"name\":\"7-1. Ground turnover cutting machine\"}]},{\"@type\":\"WebSite\",\"@id\":\"https:\\\/\\\/hengxingmachinery.com\\\/#website\",\"url\":\"https:\\\/\\\/hengxingmachinery.com\\\/\",\"name\":\"Hengxing Machinery\",\"description\":\"Leading Manufacturer of All Sorts of Mining Machinery\",\"publisher\":{\"@id\":\"https:\\\/\\\/hengxingmachinery.com\\\/#organization\"},\"potentialAction\":[{\"@type\":\"SearchAction\",\"target\":{\"@type\":\"EntryPoint\",\"urlTemplate\":\"https:\\\/\\\/hengxingmachinery.com\\\/?s={search_term_string}\"},\"query-input\":{\"@type\":\"PropertyValueSpecification\",\"valueRequired\":true,\"valueName\":\"search_term_string\"}}],\"inLanguage\":\"es\"},{\"@type\":\"Organization\",\"@id\":\"https:\\\/\\\/hengxingmachinery.com\\\/#organization\",\"name\":\"Hengxing Machinery\",\"url\":\"https:\\\/\\\/hengxingmachinery.com\\\/\",\"logo\":{\"@type\":\"ImageObject\",\"inLanguage\":\"es\",\"@id\":\"https:\\\/\\\/hengxingmachinery.com\\\/#\\\/schema\\\/logo\\\/image\\\/\",\"url\":\"https:\\\/\\\/hengxingmachinery.com\\\/wp-content\\\/uploads\\\/2024\\\/12\\\/logo.png\",\"contentUrl\":\"https:\\\/\\\/hengxingmachinery.com\\\/wp-content\\\/uploads\\\/2024\\\/12\\\/logo.png\",\"width\":400,\"height\":260,\"caption\":\"Hengxing Machinery\"},\"image\":{\"@id\":\"https:\\\/\\\/hengxingmachinery.com\\\/#\\\/schema\\\/logo\\\/image\\\/\"}}]}<\/script>\n<!-- \/ Yoast SEO plugin. -->","yoast_head_json":{"title":"7-1. M\u00e1quina cortadora de volteo de tierra - Maquinaria Hengxing","robots":{"index":"index","follow":"follow","max-snippet":"max-snippet:-1","max-image-preview":"max-image-preview:large","max-video-preview":"max-video-preview:-1"},"canonical":"https:\/\/hengxingmachinery.com\/es\/ground-turnover-cutting-machines\/","og_locale":"es_ES","og_type":"article","og_title":"7-1. Ground turnover cutting machine - Hengxing Machinery","og_description":"Ground turnover cutting machine Ground turnover cutting machine used for AAC plant: The cutting machine is the main equipment of the AAC production line as well as the core machine of the AAC production line with an annual production capacity of over 50000m3. It&#8217;s the necessary equipment to improve yield and quality. JQF Series Cutting ... Leer m\u00e1s","og_url":"https:\/\/hengxingmachinery.com\/es\/ground-turnover-cutting-machines\/","og_site_name":"Hengxing Machinery","article_modified_time":"2025-01-25T02:29:14+00:00","og_image":[{"url":"https:\/\/hengxingmachinery.com\/wp-content\/uploads\/2025\/01\/Ground-Turnover-Cutting-Machine-for-sale.jpg","type":"","width":"","height":""}],"twitter_card":"summary_large_image","twitter_misc":{"Tiempo de lectura":"2 minutos"},"schema":{"@context":"https:\/\/schema.org","@graph":[{"@type":"WebPage","@id":"https:\/\/hengxingmachinery.com\/ground-turnover-cutting-machines\/","url":"https:\/\/hengxingmachinery.com\/ground-turnover-cutting-machines\/","name":"7-1. M\u00e1quina cortadora de volteo de tierra - Maquinaria Hengxing","isPartOf":{"@id":"https:\/\/hengxingmachinery.com\/#website"},"primaryImageOfPage":{"@id":"https:\/\/hengxingmachinery.com\/ground-turnover-cutting-machines\/#primaryimage"},"image":{"@id":"https:\/\/hengxingmachinery.com\/ground-turnover-cutting-machines\/#primaryimage"},"thumbnailUrl":"https:\/\/hengxingmachinery.com\/wp-content\/uploads\/2025\/01\/Ground-Turnover-Cutting-Machine-for-sale.jpg","datePublished":"2025-01-25T02:20:45+00:00","dateModified":"2025-01-25T02:29:14+00:00","breadcrumb":{"@id":"https:\/\/hengxingmachinery.com\/ground-turnover-cutting-machines\/#breadcrumb"},"inLanguage":"es","potentialAction":[{"@type":"ReadAction","target":["https:\/\/hengxingmachinery.com\/ground-turnover-cutting-machines\/"]}]},{"@type":"ImageObject","inLanguage":"es","@id":"https:\/\/hengxingmachinery.com\/ground-turnover-cutting-machines\/#primaryimage","url":"https:\/\/hengxingmachinery.com\/wp-content\/uploads\/2025\/01\/Ground-Turnover-Cutting-Machine-for-sale.jpg","contentUrl":"https:\/\/hengxingmachinery.com\/wp-content\/uploads\/2025\/01\/Ground-Turnover-Cutting-Machine-for-sale.jpg"},{"@type":"BreadcrumbList","@id":"https:\/\/hengxingmachinery.com\/ground-turnover-cutting-machines\/#breadcrumb","itemListElement":[{"@type":"ListItem","position":1,"name":"Home","item":"https:\/\/hengxingmachinery.com\/"},{"@type":"ListItem","position":2,"name":"7-1. Ground turnover cutting machine"}]},{"@type":"WebSite","@id":"https:\/\/hengxingmachinery.com\/#website","url":"https:\/\/hengxingmachinery.com\/","name":"Maquinaria Hengxing","description":"Fabricante l\u00edder de todo tipo de maquinaria minera","publisher":{"@id":"https:\/\/hengxingmachinery.com\/#organization"},"potentialAction":[{"@type":"SearchAction","target":{"@type":"EntryPoint","urlTemplate":"https:\/\/hengxingmachinery.com\/?s={search_term_string}"},"query-input":{"@type":"PropertyValueSpecification","valueRequired":true,"valueName":"search_term_string"}}],"inLanguage":"es"},{"@type":"Organization","@id":"https:\/\/hengxingmachinery.com\/#organization","name":"Maquinaria Hengxing","url":"https:\/\/hengxingmachinery.com\/","logo":{"@type":"ImageObject","inLanguage":"es","@id":"https:\/\/hengxingmachinery.com\/#\/schema\/logo\/image\/","url":"https:\/\/hengxingmachinery.com\/wp-content\/uploads\/2024\/12\/logo.png","contentUrl":"https:\/\/hengxingmachinery.com\/wp-content\/uploads\/2024\/12\/logo.png","width":400,"height":260,"caption":"Hengxing Machinery"},"image":{"@id":"https:\/\/hengxingmachinery.com\/#\/schema\/logo\/image\/"}}]}},"_links":{"self":[{"href":"https:\/\/hengxingmachinery.com\/es\/wp-json\/wp\/v2\/pages\/1845","targetHints":{"allow":["GET"]}}],"collection":[{"href":"https:\/\/hengxingmachinery.com\/es\/wp-json\/wp\/v2\/pages"}],"about":[{"href":"https:\/\/hengxingmachinery.com\/es\/wp-json\/wp\/v2\/types\/page"}],"author":[{"embeddable":true,"href":"https:\/\/hengxingmachinery.com\/es\/wp-json\/wp\/v2\/users\/1"}],"replies":[{"embeddable":true,"href":"https:\/\/hengxingmachinery.com\/es\/wp-json\/wp\/v2\/comments?post=1845"}],"version-history":[{"count":4,"href":"https:\/\/hengxingmachinery.com\/es\/wp-json\/wp\/v2\/pages\/1845\/revisions"}],"predecessor-version":[{"id":1851,"href":"https:\/\/hengxingmachinery.com\/es\/wp-json\/wp\/v2\/pages\/1845\/revisions\/1851"}],"wp:attachment":[{"href":"https:\/\/hengxingmachinery.com\/es\/wp-json\/wp\/v2\/media?parent=1845"}],"curies":[{"name":"wp","href":"https:\/\/api.w.org\/{rel}","templated":true}]}}