{"id":1852,"date":"2025-01-25T03:12:48","date_gmt":"2025-01-25T03:12:48","guid":{"rendered":"https:\/\/hengxingmachinery.com\/?page_id=1852"},"modified":"2025-01-25T03:12:49","modified_gmt":"2025-01-25T03:12:49","slug":"pouring-mixer","status":"publish","type":"page","link":"https:\/\/hengxingmachinery.com\/es\/pouring-mixer\/","title":{"rendered":"7-1. Mezcladora de vertido"},"content":{"rendered":"<div class=\"gb-container gb-container-45165f5a\">\n<div class=\"gb-container gb-container-c2652eb4\">\n\n<h1 class=\"gb-headline gb-headline-62a8b2cc gb-headline-text\">Mezclador de vertido<\/h1>\n\n<\/div>\n<\/div>\n\n<div class=\"gb-container gb-container-519cf624\">\n<div class=\"gb-container gb-container-71ca071e\">\n<div class=\"gb-grid-wrapper gb-grid-wrapper-8a5f0688\">\n<div class=\"gb-grid-column gb-grid-column-1e99b1c2\"><div class=\"gb-container gb-container-1e99b1c2\">\n\n<figure class=\"gb-block-image gb-block-image-e4eaba54\"><img decoding=\"async\" width=\"665\" height=\"545\" class=\"gb-image gb-image-e4eaba54\" src=\"https:\/\/hengxingmachinery.com\/wp-content\/uploads\/2025\/01\/pouring-mixer-for-sale.jpg\" alt=\"\" title=\"mezclador de colada en venta\" srcset=\"https:\/\/hengxingmachinery.com\/wp-content\/uploads\/2025\/01\/pouring-mixer-for-sale.jpg 665w, https:\/\/hengxingmachinery.com\/wp-content\/uploads\/2025\/01\/pouring-mixer-for-sale-300x246.jpg 300w, https:\/\/hengxingmachinery.com\/wp-content\/uploads\/2025\/01\/pouring-mixer-for-sale-15x12.jpg 15w\" sizes=\"(max-width: 665px) 100vw, 665px\" \/><\/figure>\n\n<\/div><\/div>\n\n<div class=\"gb-grid-column gb-grid-column-bcae065b\"><div class=\"gb-container gb-container-bcae065b\">\n\n<p>La m\u00e1quina de colada se utiliza principalmente para agitar la suspensi\u00f3n de pasta de lechada, cemento, cal viva, yeso y polvo de aluminio inyectada en el tanque seg\u00fan una proporci\u00f3n determinada, de modo que se mezclen uniformemente, reaccionen completamente y la lechada mezclada se inyecte oportunamente en el marco del molde.<\/p>\n\n\n\n<p><strong><mark style=\"background-color:rgba(0, 0, 0, 0)\" class=\"has-inline-color has-global-color-8-color\">Potencia del motor:<\/mark><\/strong> 18.5-45KW<\/p>\n\n\n\n<p><strong><mark style=\"background-color:rgba(0, 0, 0, 0)\" class=\"has-inline-color has-global-color-8-color\">Volumen del mezclador de colada:<\/mark><\/strong> 4-4.8m\u00b3<\/p>\n\n\n\n<p><mark style=\"background-color:rgba(0, 0, 0, 0)\" class=\"has-inline-color has-global-color-8-color\"><strong>Campo de aplicaci\u00f3n:<\/strong><\/mark> Es ampliamente utilizado en la mezcla de cemento, cenizas volantes y otros materiales pulverulentos en diversas construcciones de ingenier\u00eda.<\/p>\n\n\n<div class=\"gb-container gb-container-256e15f1\">\n\n<a class=\"gb-button gb-button-e8b73d89 gb-button-text\" href=\"#popmake-622\">Obtener presupuesto gratuito<\/a>\n\n<\/div>\n<\/div><\/div>\n<\/div>\n<\/div>\n<\/div>\n\n<div class=\"gb-container gb-container-af5f8799\">\n<div class=\"gb-container gb-container-2298848b\">\n\n<h2 class=\"gb-headline gb-headline-9d27ad2c gb-headline-text\">Caracter\u00edsticas de rendimiento del mezclador de colada<\/h2>\n\n\n\n<p>1. Los diversos materiales medidos se agitaban completamente y de manera uniforme para alcanzar los diversos \u00edndices f\u00edsico-qu\u00edmicos de la colada. El equipo se divide en: tipo fijo y tipo m\u00f3vil, seg\u00fan los diversos requisitos del usuario.<\/p>\n\n\n\n<p>2. Dise\u00f1o integrado de sellado e izaje, transporte e instalaci\u00f3n convenientes y gran movilidad. Adopta un dise\u00f1o de sellado tipo contenedor, que puede utilizarse tanto en estaciones de lechada fijas como temporales, lo que facilita el transporte y la instalaci\u00f3n.<\/p>\n\n\n\n<p>3. La m\u00e1quina de lechada tiene su propio sistema de control el\u00e9ctrico, no necesita distribuci\u00f3n de energ\u00eda adicional, y puede iniciarse la producci\u00f3n autom\u00e1tica de lechada conectando el cable principal; la instalaci\u00f3n y puesta a punto son simples. Tambi\u00e9n puede conectarse en red con el ordenador principal en la sala de control central, con funciones de control remoto y control cercano.<\/p>\n\n\n\n<p>4. La parte de transmisi\u00f3n de la m\u00e1quina de lechada adopta un sello mec\u00e1nico, que tiene una larga vida \u00fatil, un mantenimiento sencillo y un buen efecto de sellado. Todo el proceso de lechada no producir\u00e1 el fen\u00f3meno de goteo o fuga de lechada. Protecci\u00f3n ambiental e higiene, todo el lugar permanece muy ordenado.<\/p>\n\n\n<div class=\"gb-container gb-container-d7b7b595\">\n\n<a class=\"gb-button gb-button-c1312760 gb-button-text\" href=\"#popmake-622\">Obtener presupuesto gratuito<\/a>\n\n<\/div>\n<\/div>\n<\/div>\n\n<div class=\"gb-container gb-container-fea8d83e\">\n<div class=\"gb-container gb-container-95f0e36f\">\n\n<h2 class=\"gb-headline gb-headline-d8cd1550 gb-headline-text\">Principio de funcionamiento del mezclador de colada<\/h2>\n\n\n\n<p>Alimentar la lechada de cenizas volantes o la lechada mezclada mediante la bomba de lechada hacia la caja de mezcla, y arrancar el motor de agitaci\u00f3n; las paletas comienzan a girar a alta velocidad. Dado que las paletas est\u00e1n inclinadas en un cierto \u00e1ngulo, al girar presionan la lechada y otros materiales en polvo seco hacia el fondo de la caja, haci\u00e9ndolos subir desde la pared circunferencial de la caja. <\/p>\n\n\n\n<p>Para evitar que la lechada gire sobre la pared de la caja, se instalan 4 placas amortiguadoras en la pared interior de la caja para evitar que la lechada fluya en c\u00edrculo, y se fuerza a la lechada y a otros materiales en polvo seco a rodar hacia arriba y hacia abajo. El flujo circulante logra el prop\u00f3sito de una mezcla uniforme. <\/p>\n\n\n\n<p>Cuando la lechada en la caja de materiales est\u00e1 uniformemente mezclada, se arranca el motor de desplazamiento, y el reductor cicloidal planetario impulsa la cadena para hacer girar el eje motriz, de modo que la m\u00e1quina de colada se desplaza hacia el marco del molde ensamblado, se abre la v\u00e1lvula de mariposa para comenzar la colada, y una vez completada la colada, el carro plano regresa a la posici\u00f3n fija original, complet\u00e1ndose as\u00ed un ciclo de colada.<\/p>\n\n\n<div class=\"gb-container gb-container-71e5456e\">\n\n<a class=\"gb-button gb-button-eb8722a3 gb-button-text\" href=\"#popmake-622\">Obtener presupuesto gratuito<\/a>\n\n<\/div>\n<\/div>\n<\/div>\n\n<div class=\"gb-container gb-container-435ad261\">\n<div class=\"gb-container gb-container-7dc79cc4\">\n\n<h2 class=\"gb-headline gb-headline-6fe5dee2 gb-headline-text\">Especificaci\u00f3n del mezclador de colada<\/h2>\n\n\n\n<figure class=\"wp-block-table is-style-stripes\"><table class=\"has-fixed-layout\"><tbody><tr><td><strong>Nombre<\/strong><\/td><td><strong>Unidad<\/strong><\/td><td><strong>Par\u00e1metro t\u00e9cnico<\/strong><\/td><\/tr><tr><td><strong>Volumen del mezclador<\/strong><\/td><td>m\u00b3<\/td><td>4\/4.8<\/td><\/tr><tr><td><strong>Velocidad de rotaci\u00f3n del eje<\/strong><\/td><td>r\/min<\/td><td>210\/312<\/td><\/tr><tr><td><strong>Velocidad del puente gr\u00faa<\/strong><\/td><td>m\/min<\/td><td>10-20<\/td><\/tr><tr><td><strong>Potencia del motor<\/strong><\/td><td>kw<\/td><td>Velocidad de rotaci\u00f3n del eje<\/td><\/tr><\/tbody><\/table><\/figure>\n\n\n<div class=\"gb-container gb-container-263d9700\">\n\n<a class=\"gb-button gb-button-a4cbb7be gb-button-text\" href=\"#popmake-622\">Obtener presupuesto gratuito<\/a>\n\n<\/div>\n<\/div>\n<\/div>","protected":false},"excerpt":{"rendered":"<p>Pouring mixer Performance characteristics of \u00a0pouring mixer 1. The measured various materials were fully stirred evenly to reach various physical and chemical indexes of pouring. The equipment is divided into: fixed type and mobile type various requirements user requirements. 2. Integrated sealing and hoisting design, convenient transportation and installation, and strong mobility. It adopts a &#8230; <\/p>\n<p class=\"read-more-container\"><a title=\"7-1. Mezcladora de vertido\" class=\"read-more button\" href=\"https:\/\/hengxingmachinery.com\/es\/pouring-mixer\/#more-1852\" aria-label=\"Leer m\u00e1s sobre 7-1. Pouring mixer\">Leer m\u00e1s<\/a><\/p>","protected":false},"author":1,"featured_media":0,"parent":0,"menu_order":0,"comment_status":"closed","ping_status":"closed","template":"","meta":{"footnotes":""},"class_list":["post-1852","page","type-page","status-publish"],"yoast_head":"<!-- This site is optimized with the Yoast SEO plugin v27.4 - https:\/\/yoast.com\/product\/yoast-seo-wordpress\/ -->\n<title>7-1. Pouring mixer - Hengxing Machinery<\/title>\n<meta name=\"robots\" content=\"index, follow, max-snippet:-1, max-image-preview:large, max-video-preview:-1\" \/>\n<link rel=\"canonical\" href=\"https:\/\/hengxingmachinery.com\/es\/pouring-mixer\/\" \/>\n<meta property=\"og:locale\" content=\"es_ES\" \/>\n<meta property=\"og:type\" content=\"article\" \/>\n<meta property=\"og:title\" content=\"7-1. Pouring mixer - Hengxing Machinery\" \/>\n<meta property=\"og:description\" content=\"Pouring mixer Performance characteristics of \u00a0pouring mixer 1. The measured various materials were fully stirred evenly to reach various physical and chemical indexes of pouring. The equipment is divided into: fixed type and mobile type various requirements user requirements. 2. Integrated sealing and hoisting design, convenient transportation and installation, and strong mobility. It adopts a ... Leer m\u00e1s\" \/>\n<meta property=\"og:url\" content=\"https:\/\/hengxingmachinery.com\/es\/pouring-mixer\/\" \/>\n<meta property=\"og:site_name\" content=\"Hengxing Machinery\" \/>\n<meta property=\"article:modified_time\" content=\"2025-01-25T03:12:49+00:00\" \/>\n<meta property=\"og:image\" content=\"https:\/\/hengxingmachinery.com\/wp-content\/uploads\/2025\/01\/pouring-mixer-for-sale.jpg\" \/>\n<meta name=\"twitter:card\" content=\"summary_large_image\" \/>\n<meta name=\"twitter:label1\" content=\"Tiempo de lectura\" \/>\n\t<meta name=\"twitter:data1\" content=\"3 minutos\" \/>\n<script type=\"application\/ld+json\" class=\"yoast-schema-graph\">{\"@context\":\"https:\\\/\\\/schema.org\",\"@graph\":[{\"@type\":\"WebPage\",\"@id\":\"https:\\\/\\\/hengxingmachinery.com\\\/pouring-mixer\\\/\",\"url\":\"https:\\\/\\\/hengxingmachinery.com\\\/pouring-mixer\\\/\",\"name\":\"7-1. Pouring mixer - Hengxing Machinery\",\"isPartOf\":{\"@id\":\"https:\\\/\\\/hengxingmachinery.com\\\/#website\"},\"primaryImageOfPage\":{\"@id\":\"https:\\\/\\\/hengxingmachinery.com\\\/pouring-mixer\\\/#primaryimage\"},\"image\":{\"@id\":\"https:\\\/\\\/hengxingmachinery.com\\\/pouring-mixer\\\/#primaryimage\"},\"thumbnailUrl\":\"https:\\\/\\\/hengxingmachinery.com\\\/wp-content\\\/uploads\\\/2025\\\/01\\\/pouring-mixer-for-sale.jpg\",\"datePublished\":\"2025-01-25T03:12:48+00:00\",\"dateModified\":\"2025-01-25T03:12:49+00:00\",\"breadcrumb\":{\"@id\":\"https:\\\/\\\/hengxingmachinery.com\\\/pouring-mixer\\\/#breadcrumb\"},\"inLanguage\":\"es\",\"potentialAction\":[{\"@type\":\"ReadAction\",\"target\":[\"https:\\\/\\\/hengxingmachinery.com\\\/pouring-mixer\\\/\"]}]},{\"@type\":\"ImageObject\",\"inLanguage\":\"es\",\"@id\":\"https:\\\/\\\/hengxingmachinery.com\\\/pouring-mixer\\\/#primaryimage\",\"url\":\"https:\\\/\\\/hengxingmachinery.com\\\/wp-content\\\/uploads\\\/2025\\\/01\\\/pouring-mixer-for-sale.jpg\",\"contentUrl\":\"https:\\\/\\\/hengxingmachinery.com\\\/wp-content\\\/uploads\\\/2025\\\/01\\\/pouring-mixer-for-sale.jpg\"},{\"@type\":\"BreadcrumbList\",\"@id\":\"https:\\\/\\\/hengxingmachinery.com\\\/pouring-mixer\\\/#breadcrumb\",\"itemListElement\":[{\"@type\":\"ListItem\",\"position\":1,\"name\":\"Home\",\"item\":\"https:\\\/\\\/hengxingmachinery.com\\\/\"},{\"@type\":\"ListItem\",\"position\":2,\"name\":\"7-1. Pouring mixer\"}]},{\"@type\":\"WebSite\",\"@id\":\"https:\\\/\\\/hengxingmachinery.com\\\/#website\",\"url\":\"https:\\\/\\\/hengxingmachinery.com\\\/\",\"name\":\"Hengxing Machinery\",\"description\":\"Leading Manufacturer of All Sorts of Mining Machinery\",\"publisher\":{\"@id\":\"https:\\\/\\\/hengxingmachinery.com\\\/#organization\"},\"potentialAction\":[{\"@type\":\"SearchAction\",\"target\":{\"@type\":\"EntryPoint\",\"urlTemplate\":\"https:\\\/\\\/hengxingmachinery.com\\\/?s={search_term_string}\"},\"query-input\":{\"@type\":\"PropertyValueSpecification\",\"valueRequired\":true,\"valueName\":\"search_term_string\"}}],\"inLanguage\":\"es\"},{\"@type\":\"Organization\",\"@id\":\"https:\\\/\\\/hengxingmachinery.com\\\/#organization\",\"name\":\"Hengxing Machinery\",\"url\":\"https:\\\/\\\/hengxingmachinery.com\\\/\",\"logo\":{\"@type\":\"ImageObject\",\"inLanguage\":\"es\",\"@id\":\"https:\\\/\\\/hengxingmachinery.com\\\/#\\\/schema\\\/logo\\\/image\\\/\",\"url\":\"https:\\\/\\\/hengxingmachinery.com\\\/wp-content\\\/uploads\\\/2024\\\/12\\\/logo.png\",\"contentUrl\":\"https:\\\/\\\/hengxingmachinery.com\\\/wp-content\\\/uploads\\\/2024\\\/12\\\/logo.png\",\"width\":400,\"height\":260,\"caption\":\"Hengxing Machinery\"},\"image\":{\"@id\":\"https:\\\/\\\/hengxingmachinery.com\\\/#\\\/schema\\\/logo\\\/image\\\/\"}}]}<\/script>\n<!-- \/ Yoast SEO plugin. -->","yoast_head_json":{"title":"7-1. Mezcladora de vertido - Maquinaria Hengxing","robots":{"index":"index","follow":"follow","max-snippet":"max-snippet:-1","max-image-preview":"max-image-preview:large","max-video-preview":"max-video-preview:-1"},"canonical":"https:\/\/hengxingmachinery.com\/es\/pouring-mixer\/","og_locale":"es_ES","og_type":"article","og_title":"7-1. Pouring mixer - Hengxing Machinery","og_description":"Pouring mixer Performance characteristics of \u00a0pouring mixer 1. The measured various materials were fully stirred evenly to reach various physical and chemical indexes of pouring. The equipment is divided into: fixed type and mobile type various requirements user requirements. 2. Integrated sealing and hoisting design, convenient transportation and installation, and strong mobility. It adopts a ... Leer m\u00e1s","og_url":"https:\/\/hengxingmachinery.com\/es\/pouring-mixer\/","og_site_name":"Hengxing Machinery","article_modified_time":"2025-01-25T03:12:49+00:00","og_image":[{"url":"https:\/\/hengxingmachinery.com\/wp-content\/uploads\/2025\/01\/pouring-mixer-for-sale.jpg","type":"","width":"","height":""}],"twitter_card":"summary_large_image","twitter_misc":{"Tiempo de lectura":"3 minutos"},"schema":{"@context":"https:\/\/schema.org","@graph":[{"@type":"WebPage","@id":"https:\/\/hengxingmachinery.com\/pouring-mixer\/","url":"https:\/\/hengxingmachinery.com\/pouring-mixer\/","name":"7-1. Mezcladora de vertido - Maquinaria Hengxing","isPartOf":{"@id":"https:\/\/hengxingmachinery.com\/#website"},"primaryImageOfPage":{"@id":"https:\/\/hengxingmachinery.com\/pouring-mixer\/#primaryimage"},"image":{"@id":"https:\/\/hengxingmachinery.com\/pouring-mixer\/#primaryimage"},"thumbnailUrl":"https:\/\/hengxingmachinery.com\/wp-content\/uploads\/2025\/01\/pouring-mixer-for-sale.jpg","datePublished":"2025-01-25T03:12:48+00:00","dateModified":"2025-01-25T03:12:49+00:00","breadcrumb":{"@id":"https:\/\/hengxingmachinery.com\/pouring-mixer\/#breadcrumb"},"inLanguage":"es","potentialAction":[{"@type":"ReadAction","target":["https:\/\/hengxingmachinery.com\/pouring-mixer\/"]}]},{"@type":"ImageObject","inLanguage":"es","@id":"https:\/\/hengxingmachinery.com\/pouring-mixer\/#primaryimage","url":"https:\/\/hengxingmachinery.com\/wp-content\/uploads\/2025\/01\/pouring-mixer-for-sale.jpg","contentUrl":"https:\/\/hengxingmachinery.com\/wp-content\/uploads\/2025\/01\/pouring-mixer-for-sale.jpg"},{"@type":"BreadcrumbList","@id":"https:\/\/hengxingmachinery.com\/pouring-mixer\/#breadcrumb","itemListElement":[{"@type":"ListItem","position":1,"name":"Home","item":"https:\/\/hengxingmachinery.com\/"},{"@type":"ListItem","position":2,"name":"7-1. Pouring mixer"}]},{"@type":"WebSite","@id":"https:\/\/hengxingmachinery.com\/#website","url":"https:\/\/hengxingmachinery.com\/","name":"Maquinaria Hengxing","description":"Fabricante l\u00edder de todo tipo de maquinaria minera","publisher":{"@id":"https:\/\/hengxingmachinery.com\/#organization"},"potentialAction":[{"@type":"SearchAction","target":{"@type":"EntryPoint","urlTemplate":"https:\/\/hengxingmachinery.com\/?s={search_term_string}"},"query-input":{"@type":"PropertyValueSpecification","valueRequired":true,"valueName":"search_term_string"}}],"inLanguage":"es"},{"@type":"Organization","@id":"https:\/\/hengxingmachinery.com\/#organization","name":"Maquinaria Hengxing","url":"https:\/\/hengxingmachinery.com\/","logo":{"@type":"ImageObject","inLanguage":"es","@id":"https:\/\/hengxingmachinery.com\/#\/schema\/logo\/image\/","url":"https:\/\/hengxingmachinery.com\/wp-content\/uploads\/2024\/12\/logo.png","contentUrl":"https:\/\/hengxingmachinery.com\/wp-content\/uploads\/2024\/12\/logo.png","width":400,"height":260,"caption":"Hengxing Machinery"},"image":{"@id":"https:\/\/hengxingmachinery.com\/#\/schema\/logo\/image\/"}}]}},"_links":{"self":[{"href":"https:\/\/hengxingmachinery.com\/es\/wp-json\/wp\/v2\/pages\/1852","targetHints":{"allow":["GET"]}}],"collection":[{"href":"https:\/\/hengxingmachinery.com\/es\/wp-json\/wp\/v2\/pages"}],"about":[{"href":"https:\/\/hengxingmachinery.com\/es\/wp-json\/wp\/v2\/types\/page"}],"author":[{"embeddable":true,"href":"https:\/\/hengxingmachinery.com\/es\/wp-json\/wp\/v2\/users\/1"}],"replies":[{"embeddable":true,"href":"https:\/\/hengxingmachinery.com\/es\/wp-json\/wp\/v2\/comments?post=1852"}],"version-history":[{"count":3,"href":"https:\/\/hengxingmachinery.com\/es\/wp-json\/wp\/v2\/pages\/1852\/revisions"}],"predecessor-version":[{"id":1856,"href":"https:\/\/hengxingmachinery.com\/es\/wp-json\/wp\/v2\/pages\/1852\/revisions\/1856"}],"wp:attachment":[{"href":"https:\/\/hengxingmachinery.com\/es\/wp-json\/wp\/v2\/media?parent=1852"}],"curies":[{"name":"wp","href":"https:\/\/api.w.org\/{rel}","templated":true}]}}