{"id":1857,"date":"2025-01-25T06:08:00","date_gmt":"2025-01-25T06:08:00","guid":{"rendered":"https:\/\/hengxingmachinery.com\/?page_id=1857"},"modified":"2025-01-25T06:08:15","modified_gmt":"2025-01-25T06:08:15","slug":"batching-machine","status":"publish","type":"page","link":"https:\/\/hengxingmachinery.com\/es\/batching-machine\/","title":{"rendered":"7-1. M\u00e1quina de dosificaci\u00f3n"},"content":{"rendered":"<div class=\"gb-container gb-container-45165f5a\">\n<div class=\"gb-container gb-container-c2652eb4\">\n\n<h1 class=\"gb-headline gb-headline-62a8b2cc gb-headline-text\">Maquina dosificadora<\/h1>\n\n<\/div>\n<\/div>\n\n<div class=\"gb-container gb-container-519cf624\">\n<div class=\"gb-container gb-container-71ca071e\">\n<div class=\"gb-grid-wrapper gb-grid-wrapper-8a5f0688\">\n<div class=\"gb-grid-column gb-grid-column-1e99b1c2\"><div class=\"gb-container gb-container-1e99b1c2\">\n\n<figure class=\"gb-block-image gb-block-image-e4eaba54\"><img decoding=\"async\" width=\"665\" height=\"545\" class=\"gb-image gb-image-e4eaba54\" src=\"https:\/\/hengxingmachinery.com\/wp-content\/uploads\/2025\/01\/batching-machine-for-sale.jpg\" alt=\"\" title=\"Dosificadora en venta\" srcset=\"https:\/\/hengxingmachinery.com\/wp-content\/uploads\/2025\/01\/batching-machine-for-sale.jpg 665w, https:\/\/hengxingmachinery.com\/wp-content\/uploads\/2025\/01\/batching-machine-for-sale-300x246.jpg 300w, https:\/\/hengxingmachinery.com\/wp-content\/uploads\/2025\/01\/batching-machine-for-sale-15x12.jpg 15w\" sizes=\"(max-width: 665px) 100vw, 665px\" \/><\/figure>\n\n<\/div><\/div>\n\n<div class=\"gb-grid-column gb-grid-column-bcae065b\"><div class=\"gb-container gb-container-bcae065b\">\n\n<p><\/p>\n\n\n\n<p>La dosificadora de la serie PL puede combinarse con la mezcladora de especificaciones correspondientes para formar diversas plantas de mezcla combinadas de peque\u00f1a y mediana escala, utilizadas en l\u00edneas de producci\u00f3n de ladrillos de cenizas volantes autoclavados o ladrillos de cal y arena de diversos tama\u00f1os. Puede garantizar eficazmente la precisi\u00f3n del dosificado y mejorar la productividad.<\/p>\n\n\n\n<p><\/p>\n\n\n\n<p><mark style=\"background-color:rgba(0, 0, 0, 0)\" class=\"has-inline-color has-global-color-8-color\"><strong>Campo de aplicaci\u00f3n:<\/strong><\/mark> Ampliamente utilizada en obras de construcci\u00f3n, f\u00e1bricas de piezas prefabricadas, proyectos hidroel\u00e9ctricos, carreteras, ferrocarriles, puentes, aeropuertos y otras construcciones.<\/p>\n\n\n<div class=\"gb-container gb-container-256e15f1\">\n\n<a class=\"gb-button gb-button-e8b73d89 gb-button-text\" href=\"#popmake-622\">Obtener presupuesto gratuito<\/a>\n\n<\/div>\n<\/div><\/div>\n<\/div>\n<\/div>\n<\/div>\n\n<div class=\"gb-container gb-container-af5f8799\">\n<div class=\"gb-container gb-container-2298848b\">\n\n<h2 class=\"gb-headline gb-headline-9d27ad2c gb-headline-text\">Caracter\u00edsticas de rendimiento de la dosificadora<\/h2>\n\n\n\n<p>1. El producto presenta m\u00faltiples formas estructurales, m\u00e9todos de combinaci\u00f3n flexibles y un alto grado de automatizaci\u00f3n.<\/p>\n\n\n\n<p>2. Pesaje mediante m\u00e9todo electr\u00f3nico completo, pesaje preciso, alta precisi\u00f3n en los ingredientes y velocidad r\u00e1pida.<\/p>\n\n\n\n<p>3. El cuerpo de la m\u00e1quina puede adoptar una estructura de disposici\u00f3n dividida, siendo de estructura simple, uso confiable y mantenimiento conveniente.<\/p>\n\n\n\n<p>4. Puede completar autom\u00e1ticamente el dosificado de diversos materiales seg\u00fan la proporci\u00f3n de concreto establecida por el usuario, con una fuerte funci\u00f3n de control y operaci\u00f3n sencilla.<\/p>\n\n\n<div class=\"gb-container gb-container-d7b7b595\">\n\n<a class=\"gb-button gb-button-c1312760 gb-button-text\" href=\"#popmake-622\">Obtener presupuesto gratuito<\/a>\n\n<\/div>\n<\/div>\n<\/div>\n\n<div class=\"gb-container gb-container-fea8d83e\">\n<div class=\"gb-container gb-container-95f0e36f\">\n\n<h2 class=\"gb-headline gb-headline-d8cd1550 gb-headline-text\">Principio de funcionamiento del mezclador de colada<\/h2>\n\n\n\n<p>Alimentar la lechada de cenizas volantes o la lechada mezclada mediante la bomba de lechada hacia la caja de mezcla, y arrancar el motor de agitaci\u00f3n; las paletas comienzan a girar a alta velocidad. Dado que las paletas est\u00e1n inclinadas en un cierto \u00e1ngulo, al girar presionan la lechada y otros materiales en polvo seco hacia el fondo de la caja, haci\u00e9ndolos subir desde la pared circunferencial de la caja. <\/p>\n\n\n\n<p>Para evitar que la lechada gire sobre la pared de la caja, se instalan 4 placas amortiguadoras en la pared interior de la caja para evitar que la lechada fluya en c\u00edrculo, y se fuerza a la lechada y a otros materiales en polvo seco a rodar hacia arriba y hacia abajo. El flujo circulante logra el prop\u00f3sito de una mezcla uniforme. <\/p>\n\n\n\n<p>Cuando la lechada en la caja de materiales est\u00e1 uniformemente mezclada, se arranca el motor de desplazamiento, y el reductor cicloidal planetario impulsa la cadena para hacer girar el eje motriz, de modo que la m\u00e1quina de colada se desplaza hacia el marco del molde ensamblado, se abre la v\u00e1lvula de mariposa para comenzar la colada, y una vez completada la colada, el carro plano regresa a la posici\u00f3n fija original, complet\u00e1ndose as\u00ed un ciclo de colada.<\/p>\n\n\n<div class=\"gb-container gb-container-71e5456e\">\n\n<a class=\"gb-button gb-button-eb8722a3 gb-button-text\" href=\"#popmake-622\">Obtener presupuesto gratuito<\/a>\n\n<\/div>\n<\/div>\n<\/div>\n\n<div class=\"gb-container gb-container-435ad261\">\n<div class=\"gb-container gb-container-7dc79cc4\">\n\n<h2 class=\"gb-headline gb-headline-6fe5dee2 gb-headline-text\">Par\u00e1metros t\u00e9cnicos de la dosificadora<\/h2>\n\n\n\n<figure class=\"wp-block-table is-style-stripes\"><table class=\"has-fixed-layout\"><tbody><tr><td><strong>Modelo<\/strong><\/td><td>PLD800 con dos tolvas de almacenamiento<\/td><\/tr><tr><td><strong>Tolva de pesaje<\/strong><\/td><td>0.8m\u00b3<\/td><\/tr><tr><td><strong>Tolva de material<\/strong><\/td><td>3.2m\u00b3*2<\/td><\/tr><tr><td><strong>Productividad<\/strong><\/td><td>48m\u00b3\/h<\/td><\/tr><tr><td><strong>Precisi\u00f3n de dosificado<\/strong><\/td><td>\u00b12% (TP3T)<\/td><\/tr><tr><td><strong>Cantidad de agregado dosificado<\/strong><\/td><td>2<\/td><\/tr><tr><td><strong>Altura de carga<\/strong><\/td><td>2840mm<\/td><\/tr><tr><td><strong>Fuerza<\/strong><\/td><td>4kW*3<\/td><\/tr><tr><td><strong>Dimensiones generales (L*A*H)<\/strong><\/td><td>6200*1900*2840mm<\/td><\/tr><tr><td><strong>Peso<\/strong><\/td><td>2050 kilogramos<\/td><\/tr><\/tbody><\/table><\/figure>\n\n\n<div class=\"gb-container gb-container-263d9700\">\n\n<a class=\"gb-button gb-button-a4cbb7be gb-button-text\" href=\"#popmake-622\">Obtener presupuesto gratuito<\/a>\n\n<\/div>\n<\/div>\n<\/div>","protected":false},"excerpt":{"rendered":"<p>Batching machine Batching machine performance characteristics 1. The product has many structural forms, flexible combination methods and a high degree of automation. 2. Weighing with full electronic weighing method, accurate weighing, high precision of ingredients and fast speed. 3. The machine body can adopt a split arrangement structure, which is simple in structure, reliable in &#8230; <\/p>\n<p class=\"read-more-container\"><a title=\"7-1. M\u00e1quina de dosificaci\u00f3n\" class=\"read-more button\" href=\"https:\/\/hengxingmachinery.com\/es\/batching-machine\/#more-1857\" aria-label=\"Leer m\u00e1s sobre 7-1. Batching machine\">Leer m\u00e1s<\/a><\/p>","protected":false},"author":1,"featured_media":0,"parent":0,"menu_order":0,"comment_status":"closed","ping_status":"closed","template":"","meta":{"footnotes":""},"class_list":["post-1857","page","type-page","status-publish"],"yoast_head":"<!-- This site is optimized with the Yoast SEO plugin v27.5 - https:\/\/yoast.com\/product\/yoast-seo-wordpress\/ -->\n<title>7-1. Batching machine - Hengxing Machinery<\/title>\n<meta name=\"robots\" content=\"index, follow, max-snippet:-1, max-image-preview:large, max-video-preview:-1\" \/>\n<link rel=\"canonical\" href=\"https:\/\/hengxingmachinery.com\/es\/batching-machine\/\" \/>\n<meta property=\"og:locale\" content=\"es_ES\" \/>\n<meta property=\"og:type\" content=\"article\" \/>\n<meta property=\"og:title\" content=\"7-1. Batching machine - Hengxing Machinery\" \/>\n<meta property=\"og:description\" content=\"Batching machine Batching machine performance characteristics 1. The product has many structural forms, flexible combination methods and a high degree of automation. 2. Weighing with full electronic weighing method, accurate weighing, high precision of ingredients and fast speed. 3. The machine body can adopt a split arrangement structure, which is simple in structure, reliable in ... Leer m\u00e1s\" \/>\n<meta property=\"og:url\" content=\"https:\/\/hengxingmachinery.com\/es\/batching-machine\/\" \/>\n<meta property=\"og:site_name\" content=\"Hengxing Machinery\" \/>\n<meta property=\"article:modified_time\" content=\"2025-01-25T06:08:15+00:00\" \/>\n<meta property=\"og:image\" content=\"https:\/\/hengxingmachinery.com\/wp-content\/uploads\/2025\/01\/batching-machine-for-sale.jpg\" \/>\n<meta name=\"twitter:card\" content=\"summary_large_image\" \/>\n<meta name=\"twitter:label1\" content=\"Tiempo de lectura\" \/>\n\t<meta name=\"twitter:data1\" content=\"2 minutos\" \/>\n<script type=\"application\/ld+json\" class=\"yoast-schema-graph\">{\"@context\":\"https:\\\/\\\/schema.org\",\"@graph\":[{\"@type\":\"WebPage\",\"@id\":\"https:\\\/\\\/hengxingmachinery.com\\\/batching-machine\\\/\",\"url\":\"https:\\\/\\\/hengxingmachinery.com\\\/batching-machine\\\/\",\"name\":\"7-1. Batching machine - Hengxing Machinery\",\"isPartOf\":{\"@id\":\"https:\\\/\\\/hengxingmachinery.com\\\/#website\"},\"primaryImageOfPage\":{\"@id\":\"https:\\\/\\\/hengxingmachinery.com\\\/batching-machine\\\/#primaryimage\"},\"image\":{\"@id\":\"https:\\\/\\\/hengxingmachinery.com\\\/batching-machine\\\/#primaryimage\"},\"thumbnailUrl\":\"https:\\\/\\\/hengxingmachinery.com\\\/wp-content\\\/uploads\\\/2025\\\/01\\\/batching-machine-for-sale.jpg\",\"datePublished\":\"2025-01-25T06:08:00+00:00\",\"dateModified\":\"2025-01-25T06:08:15+00:00\",\"breadcrumb\":{\"@id\":\"https:\\\/\\\/hengxingmachinery.com\\\/batching-machine\\\/#breadcrumb\"},\"inLanguage\":\"es\",\"potentialAction\":[{\"@type\":\"ReadAction\",\"target\":[\"https:\\\/\\\/hengxingmachinery.com\\\/batching-machine\\\/\"]}]},{\"@type\":\"ImageObject\",\"inLanguage\":\"es\",\"@id\":\"https:\\\/\\\/hengxingmachinery.com\\\/batching-machine\\\/#primaryimage\",\"url\":\"https:\\\/\\\/hengxingmachinery.com\\\/wp-content\\\/uploads\\\/2025\\\/01\\\/batching-machine-for-sale.jpg\",\"contentUrl\":\"https:\\\/\\\/hengxingmachinery.com\\\/wp-content\\\/uploads\\\/2025\\\/01\\\/batching-machine-for-sale.jpg\"},{\"@type\":\"BreadcrumbList\",\"@id\":\"https:\\\/\\\/hengxingmachinery.com\\\/batching-machine\\\/#breadcrumb\",\"itemListElement\":[{\"@type\":\"ListItem\",\"position\":1,\"name\":\"Home\",\"item\":\"https:\\\/\\\/hengxingmachinery.com\\\/\"},{\"@type\":\"ListItem\",\"position\":2,\"name\":\"7-1. Batching machine\"}]},{\"@type\":\"WebSite\",\"@id\":\"https:\\\/\\\/hengxingmachinery.com\\\/#website\",\"url\":\"https:\\\/\\\/hengxingmachinery.com\\\/\",\"name\":\"Hengxing Machinery\",\"description\":\"Leading Manufacturer of All Sorts of Mining Machinery\",\"publisher\":{\"@id\":\"https:\\\/\\\/hengxingmachinery.com\\\/#organization\"},\"potentialAction\":[{\"@type\":\"SearchAction\",\"target\":{\"@type\":\"EntryPoint\",\"urlTemplate\":\"https:\\\/\\\/hengxingmachinery.com\\\/?s={search_term_string}\"},\"query-input\":{\"@type\":\"PropertyValueSpecification\",\"valueRequired\":true,\"valueName\":\"search_term_string\"}}],\"inLanguage\":\"es\"},{\"@type\":\"Organization\",\"@id\":\"https:\\\/\\\/hengxingmachinery.com\\\/#organization\",\"name\":\"Hengxing Machinery\",\"url\":\"https:\\\/\\\/hengxingmachinery.com\\\/\",\"logo\":{\"@type\":\"ImageObject\",\"inLanguage\":\"es\",\"@id\":\"https:\\\/\\\/hengxingmachinery.com\\\/#\\\/schema\\\/logo\\\/image\\\/\",\"url\":\"https:\\\/\\\/hengxingmachinery.com\\\/wp-content\\\/uploads\\\/2024\\\/12\\\/logo.png\",\"contentUrl\":\"https:\\\/\\\/hengxingmachinery.com\\\/wp-content\\\/uploads\\\/2024\\\/12\\\/logo.png\",\"width\":400,\"height\":260,\"caption\":\"Hengxing Machinery\"},\"image\":{\"@id\":\"https:\\\/\\\/hengxingmachinery.com\\\/#\\\/schema\\\/logo\\\/image\\\/\"}}]}<\/script>\n<!-- \/ Yoast SEO plugin. -->","yoast_head_json":{"title":"7-1. M\u00e1quina de dosificaci\u00f3n - Hengxing Machinery","robots":{"index":"index","follow":"follow","max-snippet":"max-snippet:-1","max-image-preview":"max-image-preview:large","max-video-preview":"max-video-preview:-1"},"canonical":"https:\/\/hengxingmachinery.com\/es\/batching-machine\/","og_locale":"es_ES","og_type":"article","og_title":"7-1. Batching machine - Hengxing Machinery","og_description":"Batching machine Batching machine performance characteristics 1. The product has many structural forms, flexible combination methods and a high degree of automation. 2. Weighing with full electronic weighing method, accurate weighing, high precision of ingredients and fast speed. 3. The machine body can adopt a split arrangement structure, which is simple in structure, reliable in ... Leer m\u00e1s","og_url":"https:\/\/hengxingmachinery.com\/es\/batching-machine\/","og_site_name":"Hengxing Machinery","article_modified_time":"2025-01-25T06:08:15+00:00","og_image":[{"url":"https:\/\/hengxingmachinery.com\/wp-content\/uploads\/2025\/01\/batching-machine-for-sale.jpg","type":"","width":"","height":""}],"twitter_card":"summary_large_image","twitter_misc":{"Tiempo de lectura":"2 minutos"},"schema":{"@context":"https:\/\/schema.org","@graph":[{"@type":"WebPage","@id":"https:\/\/hengxingmachinery.com\/batching-machine\/","url":"https:\/\/hengxingmachinery.com\/batching-machine\/","name":"7-1. M\u00e1quina de dosificaci\u00f3n - Hengxing Machinery","isPartOf":{"@id":"https:\/\/hengxingmachinery.com\/#website"},"primaryImageOfPage":{"@id":"https:\/\/hengxingmachinery.com\/batching-machine\/#primaryimage"},"image":{"@id":"https:\/\/hengxingmachinery.com\/batching-machine\/#primaryimage"},"thumbnailUrl":"https:\/\/hengxingmachinery.com\/wp-content\/uploads\/2025\/01\/batching-machine-for-sale.jpg","datePublished":"2025-01-25T06:08:00+00:00","dateModified":"2025-01-25T06:08:15+00:00","breadcrumb":{"@id":"https:\/\/hengxingmachinery.com\/batching-machine\/#breadcrumb"},"inLanguage":"es","potentialAction":[{"@type":"ReadAction","target":["https:\/\/hengxingmachinery.com\/batching-machine\/"]}]},{"@type":"ImageObject","inLanguage":"es","@id":"https:\/\/hengxingmachinery.com\/batching-machine\/#primaryimage","url":"https:\/\/hengxingmachinery.com\/wp-content\/uploads\/2025\/01\/batching-machine-for-sale.jpg","contentUrl":"https:\/\/hengxingmachinery.com\/wp-content\/uploads\/2025\/01\/batching-machine-for-sale.jpg"},{"@type":"BreadcrumbList","@id":"https:\/\/hengxingmachinery.com\/batching-machine\/#breadcrumb","itemListElement":[{"@type":"ListItem","position":1,"name":"Home","item":"https:\/\/hengxingmachinery.com\/"},{"@type":"ListItem","position":2,"name":"7-1. Batching machine"}]},{"@type":"WebSite","@id":"https:\/\/hengxingmachinery.com\/#website","url":"https:\/\/hengxingmachinery.com\/","name":"Maquinaria Hengxing","description":"Fabricante l\u00edder de todo tipo de maquinaria minera","publisher":{"@id":"https:\/\/hengxingmachinery.com\/#organization"},"potentialAction":[{"@type":"SearchAction","target":{"@type":"EntryPoint","urlTemplate":"https:\/\/hengxingmachinery.com\/?s={search_term_string}"},"query-input":{"@type":"PropertyValueSpecification","valueRequired":true,"valueName":"search_term_string"}}],"inLanguage":"es"},{"@type":"Organization","@id":"https:\/\/hengxingmachinery.com\/#organization","name":"Maquinaria Hengxing","url":"https:\/\/hengxingmachinery.com\/","logo":{"@type":"ImageObject","inLanguage":"es","@id":"https:\/\/hengxingmachinery.com\/#\/schema\/logo\/image\/","url":"https:\/\/hengxingmachinery.com\/wp-content\/uploads\/2024\/12\/logo.png","contentUrl":"https:\/\/hengxingmachinery.com\/wp-content\/uploads\/2024\/12\/logo.png","width":400,"height":260,"caption":"Hengxing Machinery"},"image":{"@id":"https:\/\/hengxingmachinery.com\/#\/schema\/logo\/image\/"}}]}},"_links":{"self":[{"href":"https:\/\/hengxingmachinery.com\/es\/wp-json\/wp\/v2\/pages\/1857","targetHints":{"allow":["GET"]}}],"collection":[{"href":"https:\/\/hengxingmachinery.com\/es\/wp-json\/wp\/v2\/pages"}],"about":[{"href":"https:\/\/hengxingmachinery.com\/es\/wp-json\/wp\/v2\/types\/page"}],"author":[{"embeddable":true,"href":"https:\/\/hengxingmachinery.com\/es\/wp-json\/wp\/v2\/users\/1"}],"replies":[{"embeddable":true,"href":"https:\/\/hengxingmachinery.com\/es\/wp-json\/wp\/v2\/comments?post=1857"}],"version-history":[{"count":1,"href":"https:\/\/hengxingmachinery.com\/es\/wp-json\/wp\/v2\/pages\/1857\/revisions"}],"predecessor-version":[{"id":1859,"href":"https:\/\/hengxingmachinery.com\/es\/wp-json\/wp\/v2\/pages\/1857\/revisions\/1859"}],"wp:attachment":[{"href":"https:\/\/hengxingmachinery.com\/es\/wp-json\/wp\/v2\/media?parent=1857"}],"curies":[{"name":"wp","href":"https:\/\/api.w.org\/{rel}","templated":true}]}}