{"id":1980,"date":"2025-03-07T03:22:29","date_gmt":"2025-03-07T03:22:29","guid":{"rendered":"https:\/\/hengxingmachinery.com\/?page_id=1980"},"modified":"2025-03-07T03:22:30","modified_gmt":"2025-03-07T03:22:30","slug":"ball-briquette-press-machine","status":"publish","type":"page","link":"https:\/\/hengxingmachinery.com\/es\/ball-briquette-press-machine\/","title":{"rendered":"8-1. M\u00e1quina prensadora de briquetas de bolas"},"content":{"rendered":"<div class=\"gb-container gb-container-45165f5a\">\n<div class=\"gb-container gb-container-c2652eb4\">\n\n<h1 class=\"gb-headline gb-headline-62a8b2cc gb-headline-text\">M\u00e1quina prensadora de briquetas de bolas<\/h1>\n\n<\/div>\n<\/div>\n\n<div class=\"gb-container gb-container-519cf624\">\n<div class=\"gb-container gb-container-71ca071e\">\n<div class=\"gb-grid-wrapper gb-grid-wrapper-8a5f0688\">\n<div class=\"gb-grid-column gb-grid-column-1e99b1c2\"><div class=\"gb-container gb-container-1e99b1c2\">\n\n<p><\/p>\n\n\n\n<figure class=\"gb-block-image gb-block-image-e4eaba54\"><img decoding=\"async\" width=\"665\" height=\"545\" class=\"gb-image gb-image-e4eaba54\" src=\"https:\/\/hengxingmachinery.com\/wp-content\/uploads\/2025\/03\/coal-ball-briquette-machine-for-sale.jpg\" alt=\"\" title=\"M\u00e1quina de briquetas de bolas de carb\u00f3n a la venta\" srcset=\"https:\/\/hengxingmachinery.com\/wp-content\/uploads\/2025\/03\/coal-ball-briquette-machine-for-sale.jpg 665w, https:\/\/hengxingmachinery.com\/wp-content\/uploads\/2025\/03\/coal-ball-briquette-machine-for-sale-300x246.jpg 300w, https:\/\/hengxingmachinery.com\/wp-content\/uploads\/2025\/03\/coal-ball-briquette-machine-for-sale-15x12.jpg 15w\" sizes=\"(max-width: 665px) 100vw, 665px\" \/><\/figure>\n\n<\/div><\/div>\n\n<div class=\"gb-grid-column gb-grid-column-bcae065b\"><div class=\"gb-container gb-container-bcae065b\">\n\n<p>La prensa de briquetas de bolas puede utilizarse para compactar carb\u00f3n, polvo de coque, polvo de hierro, coque, polvo mineral, finos de mineral de hierro, polvo met\u00e1lico, cascarilla de laminaci\u00f3n, costra de \u00f3xido de hierro, polvo de carbono, escoria, yeso, relaves, lodos, arcilla de caol\u00edn, carb\u00f3n activado, brisa de coque y otros materiales en polvo y desechos. .<\/p>\n\n\n\n<p>La m\u00e1quina de briquetas es ampliamente utilizada en las industrias de refractarios, plantas de energ\u00eda, metalurgia, productos qu\u00edmicos, energ\u00eda, transporte, calefacci\u00f3n, etc. Los productos finales se caracterizan por ser respetuosos con el medio ambiente, f\u00e1ciles de transportar, mejorar el reciclaje de residuos y ofrecer buenos beneficios econ\u00f3micos y sociales.<\/p>\n\n\n\n<p>El material que puede utilizar una prensa de briquetas de rodillos com\u00fan para compactar incluye numerosas industrias.<\/p>\n\n\n<div class=\"gb-grid-wrapper gb-grid-wrapper-eebec76e\">\n<div class=\"gb-grid-column gb-grid-column-e3ada2f0\"><div class=\"gb-container gb-container-e3ada2f0\">\n\n<p class=\"gb-headline gb-headline-4c79a90a gb-headline-text\"><mark style=\"background-color:rgba(0, 0, 0, 0)\" class=\"has-inline-color has-global-color-8-color\"><strong>Capacidad:<\/strong><\/mark> 0.8-30 t\/h<\/p>\n\n<\/div><\/div>\n\n<div class=\"gb-grid-column gb-grid-column-0bb00826\"><div class=\"gb-container gb-container-0bb00826\">\n\n<p class=\"gb-headline gb-headline-86d53f56 gb-headline-text\"><mark style=\"background-color:rgba(0, 0, 0, 0)\" class=\"has-inline-color has-global-color-8-color\"><strong><strong><strong>Potencia (Kw)<\/strong><\/strong>:<\/strong><\/mark> 5.5-130<\/p>\n\n<\/div><\/div>\n<\/div>\n\n<div class=\"gb-container gb-container-256e15f1\">\n\n<a class=\"gb-button gb-button-e8b73d89 gb-button-text\" href=\"#popmake-622\">Obtener presupuesto gratuito<\/a>\n\n<\/div>\n<\/div><\/div>\n<\/div>\n<\/div>\n<\/div>\n\n<div class=\"gb-container gb-container-af5f8799\">\n<div class=\"gb-container gb-container-2298848b\">\n\n<h2 class=\"gb-headline gb-headline-9d27ad2c gb-headline-text\">Caracter\u00edsticas de la prensa de briquetas de bolas<\/h2>\n\n\n\n<p>1. Estructura robusta y estable, operaci\u00f3n sencilla y mantenimiento f\u00e1cil.<\/p>\n\n\n\n<p>2. Briquetas de alta densidad, alta resistencia y alta dureza.<\/p>\n\n\n\n<p>3. Alta proporci\u00f3n de briqueteado.<\/p>\n\n\n<div class=\"gb-container gb-container-d7b7b595\">\n\n<a class=\"gb-button gb-button-c1312760 gb-button-text\" href=\"#popmake-622\">Obtener presupuesto gratuito<\/a>\n\n<\/div>\n<\/div>\n<\/div>\n\n<div class=\"gb-container gb-container-ebd718b6\">\n<div class=\"gb-container gb-container-ae7c516c\">\n<div class=\"gb-container gb-container-5c75b960\">\n\n<h2 class=\"gb-headline gb-headline-98859344 gb-headline-text\">Principio de funcionamiento de la prensa de briquetas de bolas<\/h2>\n\n\n\n<figure class=\"gb-block-image gb-block-image-56f3f481\"><img decoding=\"async\" width=\"600\" height=\"500\" class=\"gb-image gb-image-56f3f481\" src=\"https:\/\/hengxingmachinery.com\/wp-content\/uploads\/2025\/03\/coal-ball-briquette-equipment.jpg\" alt=\"\" title=\"Equipo de briquetas de bolas de carb\u00f3n\" srcset=\"https:\/\/hengxingmachinery.com\/wp-content\/uploads\/2025\/03\/coal-ball-briquette-equipment.jpg 600w, https:\/\/hengxingmachinery.com\/wp-content\/uploads\/2025\/03\/coal-ball-briquette-equipment-300x250.jpg 300w, https:\/\/hengxingmachinery.com\/wp-content\/uploads\/2025\/03\/coal-ball-briquette-equipment-14x12.jpg 14w\" sizes=\"(max-width: 600px) 100vw, 600px\" \/><\/figure>\n\n\n\n<p><\/p>\n\n\n\n<p><strong>L\u00ednea de producci\u00f3n de briquetas<\/strong><\/p>\n\n\n\n<p>Generalmente, la l\u00ednea completa de producci\u00f3n de briquetas incluye: Secador de materiales \u2014 Tolva \u2014 Trituradora \u2014 Mezcladora \u2014 Prensa de Briquetas de Rodillos \u2014 Briquetas \u2014 Secadores de Briquetas.<\/p>\n\n\n\n<p>Nuestros ingenieros dise\u00f1ar\u00e1n un diagrama de flujo del proceso y seleccionar\u00e1n las m\u00e1quinas adecuadas seg\u00fan la demanda real del cliente y el lugar de trabajo.<\/p>\n\n\n<div class=\"gb-container gb-container-d6bbf16a\">\n\n<a class=\"gb-button gb-button-caa3f2bc gb-button-text\" href=\"#popmake-622\">Obtener presupuesto gratuito<\/a>\n\n<\/div>\n<\/div>\n<\/div>\n<\/div>\n\n<div class=\"gb-container gb-container-435ad261\">\n<div class=\"gb-container gb-container-7dc79cc4\">\n\n<h2 class=\"gb-headline gb-headline-6fe5dee2 gb-headline-text\">Especificaciones de la prensa de briquetas de bolas<\/h2>\n\n\n\n<figure class=\"wp-block-table is-style-stripes\"><table class=\"has-fixed-layout\"><tbody><tr><td><strong>Modelo\u00a0<\/strong><\/td><td><strong>Reductor\u00a0<\/strong><\/td><td><strong>Tama\u00f1o del rodillo\u00a0<\/strong><\/td><td><strong>Potencia (Kw)<\/strong><\/td><td><strong>Rendimiento (t\/h)<\/strong><\/td><td><strong>Material del rodillo<\/strong><\/td><td><strong>Presi\u00f3n del rodillo (t\/cm)<\/strong><\/td><\/tr><tr><td>HX290<\/td><td>ZQ300<\/td><td>\u03a6290<\/td><td>5.5<\/td><td>0.8-2<\/td><td>65Mn<\/td><td>1<\/td><\/tr><tr><td>HX 360<\/td><td>ZQ350<\/td><td>\u03a6360<\/td><td>7.5<\/td><td>2-3.5<\/td><td>65Mn\/9Cr2Mo<\/td><td>1<\/td><\/tr><tr><td>HX 400<\/td><td>ZQ400<\/td><td>\u03a6400<\/td><td>11<\/td><td>4-5<\/td><td>65Mn\/9Cr2Mo<\/td><td>1<\/td><\/tr><tr><td>HX 430<\/td><td>ZQ400<\/td><td>\u03a6430<\/td><td>11<\/td><td>5-7<\/td><td>65Mn\/9Cr2Mo<\/td><td>1-2<\/td><\/tr><tr><td>HX 500<\/td><td>ZQ500<\/td><td>\u03a6500<\/td><td>18.5-30<\/td><td>6-8<\/td><td>65Mn\/9Cr2Mo<\/td><td>1-2.5<\/td><\/tr><tr><td>HX 650<\/td><td>ZQ650<\/td><td>\u03a6650<\/td><td>22<\/td><td>8-12<\/td><td>65Mn\/9Cr2Mo<\/td><td>1-2.5<\/td><\/tr><tr><td>HX 750<\/td><td>ZQ750<\/td><td>\u03a6750<\/td><td>30-75<\/td><td>12-18<\/td><td>65Mn\/9Cr2Mo<\/td><td>1-2.5<\/td><\/tr><tr><td>HX 850<\/td><td>ZQ850<\/td><td>\u03a6850<\/td><td>55-90<\/td><td>18-25<\/td><td>65Mn\/9Cr2Mo<\/td><td>1-2.5<\/td><\/tr><tr><td>HX 1000<\/td><td>ZQ1000<\/td><td>\u03a61000<\/td><td>75-130<\/td><td>25-30<\/td><td>65Mn\/9Cr2Mo<\/td><td>2-2.5<\/td><\/tr><\/tbody><\/table><\/figure>\n\n\n<div class=\"gb-container gb-container-263d9700\">\n\n<a class=\"gb-button gb-button-a4cbb7be gb-button-text\" href=\"#popmake-622\">Obtener presupuesto gratuito<\/a>\n\n<\/div>\n<\/div>\n<\/div>","protected":false},"excerpt":{"rendered":"<p>Ball briquette press machine Characteristics of ball briquette press machine 1. Strong and stable structure, easy operation and maintain easily. 2. High density, high strength, high hardness briquettes. 3. High briquetting ratio. Ball briquette press machine working principle Briquette production line Generally, the complete briquette production line includes materials Dryer &#8212; Hopper &#8212; Crusher&#8212; Mixer&#8212; &#8230; <\/p>\n<p class=\"read-more-container\"><a title=\"8-1. M\u00e1quina prensadora de briquetas de bolas\" class=\"read-more button\" href=\"https:\/\/hengxingmachinery.com\/es\/ball-briquette-press-machine\/#more-1980\" aria-label=\"Leer m\u00e1s sobre 8-1. Ball briquette press machine\">Leer m\u00e1s<\/a><\/p>","protected":false},"author":1,"featured_media":0,"parent":0,"menu_order":0,"comment_status":"closed","ping_status":"closed","template":"","meta":{"footnotes":""},"class_list":["post-1980","page","type-page","status-publish"],"yoast_head":"<!-- This site is optimized with the Yoast SEO plugin v27.4 - https:\/\/yoast.com\/product\/yoast-seo-wordpress\/ -->\n<title>8-1. Ball briquette press machine - Hengxing Machinery<\/title>\n<meta name=\"robots\" content=\"index, follow, max-snippet:-1, max-image-preview:large, max-video-preview:-1\" \/>\n<link rel=\"canonical\" href=\"https:\/\/hengxingmachinery.com\/es\/ball-briquette-press-machine\/\" \/>\n<meta property=\"og:locale\" content=\"es_ES\" \/>\n<meta property=\"og:type\" content=\"article\" \/>\n<meta property=\"og:title\" content=\"8-1. Ball briquette press machine - Hengxing Machinery\" \/>\n<meta property=\"og:description\" content=\"Ball briquette press machine Characteristics of ball briquette press machine 1. Strong and stable structure, easy operation and maintain easily. 2. High density, high strength, high hardness briquettes. 3. High briquetting ratio. Ball briquette press machine working principle Briquette production line Generally, the complete briquette production line includes materials Dryer &#8212; Hopper &#8212; Crusher&#8212; Mixer&#8212; ... Leer m\u00e1s\" \/>\n<meta property=\"og:url\" content=\"https:\/\/hengxingmachinery.com\/es\/ball-briquette-press-machine\/\" \/>\n<meta property=\"og:site_name\" content=\"Hengxing Machinery\" \/>\n<meta property=\"article:modified_time\" content=\"2025-03-07T03:22:30+00:00\" \/>\n<meta property=\"og:image\" content=\"https:\/\/hengxingmachinery.com\/wp-content\/uploads\/2025\/03\/coal-ball-briquette-machine-for-sale.jpg\" \/>\n<meta name=\"twitter:card\" content=\"summary_large_image\" \/>\n<meta name=\"twitter:label1\" content=\"Tiempo de lectura\" \/>\n\t<meta name=\"twitter:data1\" content=\"2 minutos\" \/>\n<script type=\"application\/ld+json\" class=\"yoast-schema-graph\">{\"@context\":\"https:\\\/\\\/schema.org\",\"@graph\":[{\"@type\":\"WebPage\",\"@id\":\"https:\\\/\\\/hengxingmachinery.com\\\/ball-briquette-press-machine\\\/\",\"url\":\"https:\\\/\\\/hengxingmachinery.com\\\/ball-briquette-press-machine\\\/\",\"name\":\"8-1. Ball briquette press machine - Hengxing Machinery\",\"isPartOf\":{\"@id\":\"https:\\\/\\\/hengxingmachinery.com\\\/#website\"},\"primaryImageOfPage\":{\"@id\":\"https:\\\/\\\/hengxingmachinery.com\\\/ball-briquette-press-machine\\\/#primaryimage\"},\"image\":{\"@id\":\"https:\\\/\\\/hengxingmachinery.com\\\/ball-briquette-press-machine\\\/#primaryimage\"},\"thumbnailUrl\":\"https:\\\/\\\/hengxingmachinery.com\\\/wp-content\\\/uploads\\\/2025\\\/03\\\/coal-ball-briquette-machine-for-sale.jpg\",\"datePublished\":\"2025-03-07T03:22:29+00:00\",\"dateModified\":\"2025-03-07T03:22:30+00:00\",\"breadcrumb\":{\"@id\":\"https:\\\/\\\/hengxingmachinery.com\\\/ball-briquette-press-machine\\\/#breadcrumb\"},\"inLanguage\":\"es\",\"potentialAction\":[{\"@type\":\"ReadAction\",\"target\":[\"https:\\\/\\\/hengxingmachinery.com\\\/ball-briquette-press-machine\\\/\"]}]},{\"@type\":\"ImageObject\",\"inLanguage\":\"es\",\"@id\":\"https:\\\/\\\/hengxingmachinery.com\\\/ball-briquette-press-machine\\\/#primaryimage\",\"url\":\"https:\\\/\\\/hengxingmachinery.com\\\/wp-content\\\/uploads\\\/2025\\\/03\\\/coal-ball-briquette-machine-for-sale.jpg\",\"contentUrl\":\"https:\\\/\\\/hengxingmachinery.com\\\/wp-content\\\/uploads\\\/2025\\\/03\\\/coal-ball-briquette-machine-for-sale.jpg\"},{\"@type\":\"BreadcrumbList\",\"@id\":\"https:\\\/\\\/hengxingmachinery.com\\\/ball-briquette-press-machine\\\/#breadcrumb\",\"itemListElement\":[{\"@type\":\"ListItem\",\"position\":1,\"name\":\"Home\",\"item\":\"https:\\\/\\\/hengxingmachinery.com\\\/\"},{\"@type\":\"ListItem\",\"position\":2,\"name\":\"8-1. Ball briquette press machine\"}]},{\"@type\":\"WebSite\",\"@id\":\"https:\\\/\\\/hengxingmachinery.com\\\/#website\",\"url\":\"https:\\\/\\\/hengxingmachinery.com\\\/\",\"name\":\"Hengxing Machinery\",\"description\":\"Leading Manufacturer of All Sorts of Mining Machinery\",\"publisher\":{\"@id\":\"https:\\\/\\\/hengxingmachinery.com\\\/#organization\"},\"potentialAction\":[{\"@type\":\"SearchAction\",\"target\":{\"@type\":\"EntryPoint\",\"urlTemplate\":\"https:\\\/\\\/hengxingmachinery.com\\\/?s={search_term_string}\"},\"query-input\":{\"@type\":\"PropertyValueSpecification\",\"valueRequired\":true,\"valueName\":\"search_term_string\"}}],\"inLanguage\":\"es\"},{\"@type\":\"Organization\",\"@id\":\"https:\\\/\\\/hengxingmachinery.com\\\/#organization\",\"name\":\"Hengxing Machinery\",\"url\":\"https:\\\/\\\/hengxingmachinery.com\\\/\",\"logo\":{\"@type\":\"ImageObject\",\"inLanguage\":\"es\",\"@id\":\"https:\\\/\\\/hengxingmachinery.com\\\/#\\\/schema\\\/logo\\\/image\\\/\",\"url\":\"https:\\\/\\\/hengxingmachinery.com\\\/wp-content\\\/uploads\\\/2024\\\/12\\\/logo.png\",\"contentUrl\":\"https:\\\/\\\/hengxingmachinery.com\\\/wp-content\\\/uploads\\\/2024\\\/12\\\/logo.png\",\"width\":400,\"height\":260,\"caption\":\"Hengxing Machinery\"},\"image\":{\"@id\":\"https:\\\/\\\/hengxingmachinery.com\\\/#\\\/schema\\\/logo\\\/image\\\/\"}}]}<\/script>\n<!-- \/ Yoast SEO plugin. -->","yoast_head_json":{"title":"8-1. M\u00e1quina prensadora de briquetas de bolas - Hengxing Machinery","robots":{"index":"index","follow":"follow","max-snippet":"max-snippet:-1","max-image-preview":"max-image-preview:large","max-video-preview":"max-video-preview:-1"},"canonical":"https:\/\/hengxingmachinery.com\/es\/ball-briquette-press-machine\/","og_locale":"es_ES","og_type":"article","og_title":"8-1. Ball briquette press machine - Hengxing Machinery","og_description":"Ball briquette press machine Characteristics of ball briquette press machine 1. Strong and stable structure, easy operation and maintain easily. 2. High density, high strength, high hardness briquettes. 3. High briquetting ratio. Ball briquette press machine working principle Briquette production line Generally, the complete briquette production line includes materials Dryer &#8212; Hopper &#8212; Crusher&#8212; Mixer&#8212; ... Leer m\u00e1s","og_url":"https:\/\/hengxingmachinery.com\/es\/ball-briquette-press-machine\/","og_site_name":"Hengxing Machinery","article_modified_time":"2025-03-07T03:22:30+00:00","og_image":[{"url":"https:\/\/hengxingmachinery.com\/wp-content\/uploads\/2025\/03\/coal-ball-briquette-machine-for-sale.jpg","type":"","width":"","height":""}],"twitter_card":"summary_large_image","twitter_misc":{"Tiempo de lectura":"2 minutos"},"schema":{"@context":"https:\/\/schema.org","@graph":[{"@type":"WebPage","@id":"https:\/\/hengxingmachinery.com\/ball-briquette-press-machine\/","url":"https:\/\/hengxingmachinery.com\/ball-briquette-press-machine\/","name":"8-1. M\u00e1quina prensadora de briquetas de bolas - Hengxing Machinery","isPartOf":{"@id":"https:\/\/hengxingmachinery.com\/#website"},"primaryImageOfPage":{"@id":"https:\/\/hengxingmachinery.com\/ball-briquette-press-machine\/#primaryimage"},"image":{"@id":"https:\/\/hengxingmachinery.com\/ball-briquette-press-machine\/#primaryimage"},"thumbnailUrl":"https:\/\/hengxingmachinery.com\/wp-content\/uploads\/2025\/03\/coal-ball-briquette-machine-for-sale.jpg","datePublished":"2025-03-07T03:22:29+00:00","dateModified":"2025-03-07T03:22:30+00:00","breadcrumb":{"@id":"https:\/\/hengxingmachinery.com\/ball-briquette-press-machine\/#breadcrumb"},"inLanguage":"es","potentialAction":[{"@type":"ReadAction","target":["https:\/\/hengxingmachinery.com\/ball-briquette-press-machine\/"]}]},{"@type":"ImageObject","inLanguage":"es","@id":"https:\/\/hengxingmachinery.com\/ball-briquette-press-machine\/#primaryimage","url":"https:\/\/hengxingmachinery.com\/wp-content\/uploads\/2025\/03\/coal-ball-briquette-machine-for-sale.jpg","contentUrl":"https:\/\/hengxingmachinery.com\/wp-content\/uploads\/2025\/03\/coal-ball-briquette-machine-for-sale.jpg"},{"@type":"BreadcrumbList","@id":"https:\/\/hengxingmachinery.com\/ball-briquette-press-machine\/#breadcrumb","itemListElement":[{"@type":"ListItem","position":1,"name":"Home","item":"https:\/\/hengxingmachinery.com\/"},{"@type":"ListItem","position":2,"name":"8-1. Ball briquette press machine"}]},{"@type":"WebSite","@id":"https:\/\/hengxingmachinery.com\/#website","url":"https:\/\/hengxingmachinery.com\/","name":"Maquinaria Hengxing","description":"Fabricante l\u00edder de todo tipo de maquinaria minera","publisher":{"@id":"https:\/\/hengxingmachinery.com\/#organization"},"potentialAction":[{"@type":"SearchAction","target":{"@type":"EntryPoint","urlTemplate":"https:\/\/hengxingmachinery.com\/?s={search_term_string}"},"query-input":{"@type":"PropertyValueSpecification","valueRequired":true,"valueName":"search_term_string"}}],"inLanguage":"es"},{"@type":"Organization","@id":"https:\/\/hengxingmachinery.com\/#organization","name":"Maquinaria Hengxing","url":"https:\/\/hengxingmachinery.com\/","logo":{"@type":"ImageObject","inLanguage":"es","@id":"https:\/\/hengxingmachinery.com\/#\/schema\/logo\/image\/","url":"https:\/\/hengxingmachinery.com\/wp-content\/uploads\/2024\/12\/logo.png","contentUrl":"https:\/\/hengxingmachinery.com\/wp-content\/uploads\/2024\/12\/logo.png","width":400,"height":260,"caption":"Hengxing Machinery"},"image":{"@id":"https:\/\/hengxingmachinery.com\/#\/schema\/logo\/image\/"}}]}},"_links":{"self":[{"href":"https:\/\/hengxingmachinery.com\/es\/wp-json\/wp\/v2\/pages\/1980","targetHints":{"allow":["GET"]}}],"collection":[{"href":"https:\/\/hengxingmachinery.com\/es\/wp-json\/wp\/v2\/pages"}],"about":[{"href":"https:\/\/hengxingmachinery.com\/es\/wp-json\/wp\/v2\/types\/page"}],"author":[{"embeddable":true,"href":"https:\/\/hengxingmachinery.com\/es\/wp-json\/wp\/v2\/users\/1"}],"replies":[{"embeddable":true,"href":"https:\/\/hengxingmachinery.com\/es\/wp-json\/wp\/v2\/comments?post=1980"}],"version-history":[{"count":3,"href":"https:\/\/hengxingmachinery.com\/es\/wp-json\/wp\/v2\/pages\/1980\/revisions"}],"predecessor-version":[{"id":1985,"href":"https:\/\/hengxingmachinery.com\/es\/wp-json\/wp\/v2\/pages\/1980\/revisions\/1985"}],"wp:attachment":[{"href":"https:\/\/hengxingmachinery.com\/es\/wp-json\/wp\/v2\/media?parent=1980"}],"curies":[{"name":"wp","href":"https:\/\/api.w.org\/{rel}","templated":true}]}}