{"id":2020,"date":"2025-03-11T09:04:14","date_gmt":"2025-03-11T09:04:14","guid":{"rendered":"https:\/\/hengxingmachinery.com\/?page_id=2020"},"modified":"2025-03-11T09:04:15","modified_gmt":"2025-03-11T09:04:15","slug":"mesh-belt-conveyor-dryer","status":"publish","type":"page","link":"https:\/\/hengxingmachinery.com\/es\/mesh-belt-conveyor-dryer\/","title":{"rendered":"8-1. Secadora de cinta transportadora de malla"},"content":{"rendered":"<div class=\"gb-container gb-container-45165f5a\">\n<div class=\"gb-container gb-container-c2652eb4\">\n\n<h1 class=\"gb-headline gb-headline-62a8b2cc gb-headline-text\">Secador con cinta transportadora de malla<\/h1>\n\n<\/div>\n<\/div>\n\n<div class=\"gb-container gb-container-519cf624\">\n<div class=\"gb-container gb-container-71ca071e\">\n<div class=\"gb-grid-wrapper gb-grid-wrapper-8a5f0688\">\n<div class=\"gb-grid-column gb-grid-column-1e99b1c2\"><div class=\"gb-container gb-container-1e99b1c2\">\n\n<figure class=\"gb-block-image gb-block-image-e4eaba54\"><img decoding=\"async\" width=\"665\" height=\"545\" class=\"gb-image gb-image-e4eaba54\" src=\"https:\/\/hengxingmachinery.com\/wp-content\/uploads\/2025\/03\/Mesh-belt-conveyor-drying-machine.jpg\" alt=\"\" title=\"M\u00e1quina secadora de cinta transportadora de malla\" srcset=\"https:\/\/hengxingmachinery.com\/wp-content\/uploads\/2025\/03\/Mesh-belt-conveyor-drying-machine.jpg 665w, https:\/\/hengxingmachinery.com\/wp-content\/uploads\/2025\/03\/Mesh-belt-conveyor-drying-machine-300x246.jpg 300w, https:\/\/hengxingmachinery.com\/wp-content\/uploads\/2025\/03\/Mesh-belt-conveyor-drying-machine-15x12.jpg 15w\" sizes=\"(max-width: 665px) 100vw, 665px\" \/><\/figure>\n\n<\/div><\/div>\n\n<div class=\"gb-grid-column gb-grid-column-bcae065b\"><div class=\"gb-container gb-container-bcae065b\">\n\n<p><\/p>\n\n\n<div class=\"gb-grid-wrapper gb-grid-wrapper-eebec76e\">\n<div class=\"gb-grid-column gb-grid-column-e3ada2f0\"><div class=\"gb-container gb-container-e3ada2f0\">\n\n<p class=\"gb-headline gb-headline-4c79a90a gb-headline-text\"><mark style=\"background-color:rgba(0, 0, 0, 0)\" class=\"has-inline-color has-global-color-8-color\"><strong>Poder:<\/strong><\/mark> 11.4-51 Kw<\/p>\n\n<\/div><\/div>\n\n<div class=\"gb-grid-column gb-grid-column-0bb00826\"><div class=\"gb-container gb-container-0bb00826\">\n\n<p class=\"gb-headline gb-headline-86d53f56 gb-headline-text\"><strong><mark style=\"background-color:rgba(0, 0, 0, 0)\" class=\"has-inline-color has-global-color-8-color\"><strong>Tiempo de secado (h)<\/strong>: <\/mark><\/strong>0.2-3h<\/p>\n\n<\/div><\/div>\n<\/div>\n\n\n<p class=\"gb-headline gb-headline-2750f5a7 gb-headline-text\"><strong>Solicitud: <\/strong><\/p>\n\n\n\n<p>La secadora de cinta transportadora de malla para briquetas esf\u00e9ricas, tambi\u00e9n denominada secadora de cinta de malla, es un tipo de m\u00e1quina secadora que utiliza una banda de acero tipo malla como transportador para secar material de forma continua. Debido a que la banda transportadora es una malla, esta secadora puede secar esferas de forma regular o irregular (por ejemplo, carb\u00f3n, esferas de diversos minerales, alimentos y vegetales).<\/p>\n\n\n\n<p>Esta secadora de cinta transportadora de malla puede utilizarse con otras m\u00e1quinas auxiliares o de forma independiente. Es el equipo de secado ideal especialmente para l\u00edneas de producci\u00f3n de diversos tipos de materiales en forma de esferas.<\/p>\n\n\n<div class=\"gb-container gb-container-256e15f1\">\n\n<a class=\"gb-button gb-button-e8b73d89 gb-button-text\" href=\"#popmake-622\">Obtener presupuesto gratuito<\/a>\n\n<\/div>\n<\/div><\/div>\n<\/div>\n<\/div>\n<\/div>\n\n<div class=\"gb-container gb-container-ebd718b6\">\n<div class=\"gb-container gb-container-ae7c516c\">\n<div class=\"gb-container gb-container-5c75b960\">\n\n<h2 class=\"gb-headline gb-headline-98859344 gb-headline-text\">Caracter\u00edsticas de la secadora de cinta transportadora de malla<\/h2>\n\n\n\n<figure class=\"gb-block-image gb-block-image-56f3f481\"><img decoding=\"async\" width=\"600\" height=\"400\" class=\"gb-image gb-image-56f3f481\" src=\"https:\/\/hengxingmachinery.com\/wp-content\/uploads\/2025\/03\/Mesh-belt-conveyor-dryer-for-sale.jpg\" alt=\"\" title=\"Secadora de cinta transportadora de malla en venta\" srcset=\"https:\/\/hengxingmachinery.com\/wp-content\/uploads\/2025\/03\/Mesh-belt-conveyor-dryer-for-sale.jpg 600w, https:\/\/hengxingmachinery.com\/wp-content\/uploads\/2025\/03\/Mesh-belt-conveyor-dryer-for-sale-300x200.jpg 300w, https:\/\/hengxingmachinery.com\/wp-content\/uploads\/2025\/03\/Mesh-belt-conveyor-dryer-for-sale-18x12.jpg 18w\" sizes=\"(max-width: 600px) 100vw, 600px\" \/><\/figure>\n\n\n\n<p><\/p>\n\n\n\n<p>1. Ocupa poco espacio.<\/p>\n\n\n\n<p>2. Baja inversi\u00f3n.<\/p>\n\n\n\n<p>3. Alta eficiencia.<\/p>\n\n\n\n<p>4. Gran capacidad y alta intensidad de evaporaci\u00f3n<\/p>\n\n\n\n<p>5. Producci\u00f3n estandarizada, el n\u00famero de segmentos puede incrementarse seg\u00fan la capacidad y el taller<\/p>\n\n\n<div class=\"gb-container gb-container-d6bbf16a\">\n\n<a class=\"gb-button gb-button-caa3f2bc gb-button-text\" href=\"#popmake-622\">Obtener presupuesto gratuito<\/a>\n\n<\/div>\n<\/div>\n<\/div>\n<\/div>\n\n<div class=\"gb-container gb-container-435ad261\">\n<div class=\"gb-container gb-container-7dc79cc4\">\n\n<h2 class=\"gb-headline gb-headline-6fe5dee2 gb-headline-text\">Especificaciones de la secadora de cinta transportadora de malla<\/h2>\n\n\n\n<figure class=\"wp-block-table is-style-stripes\"><table class=\"has-fixed-layout\"><tbody><tr><td colspan=\"2\"><strong>Modelo<\/strong><\/td><td><strong>DW-1.2-8<\/strong><\/td><td><strong>DW-1.2-10<\/strong><\/td><td><strong>DW-1.6-8&nbsp;<\/strong><\/td><td><strong>DW-1.6-10<\/strong><\/td><td><strong>DW-2-8<\/strong><\/td><td><strong>DW-2-10<\/strong><\/td><td><strong>DW-2-20<\/strong><\/td><\/tr><tr><td colspan=\"2\"><strong>Cantidad de unidades<\/strong><\/td><td>4<\/td><td>5<\/td><td>4<\/td><td>5<\/td><td>4<\/td><td>5<\/td><td>10<\/td><\/tr><tr><td colspan=\"2\"><strong>Ancho de la banda (m)<\/strong><\/td><td colspan=\"2\">1.2<\/td><td colspan=\"2\">1.6<\/td><td colspan=\"3\">2<\/td><\/tr><tr><td colspan=\"2\"><strong>Longitud de la secci\u00f3n de secado (m)<\/strong><\/td><td>8<\/td><td>10<\/td><td>8<\/td><td>10<\/td><td>8<\/td><td>10<\/td><td>20<\/td><\/tr><tr><td colspan=\"2\"><strong>Temperatura de operaci\u00f3n (\u2103)<\/strong><\/td><td colspan=\"7\">50-140<\/td><\/tr><tr><td colspan=\"2\"><strong>Presi\u00f3n del vapor (MPa)<\/strong><\/td><td colspan=\"7\">0.2-0.8<\/td><\/tr><tr><td colspan=\"2\"><strong>Consumo de vapor (kg\/h)<\/strong><\/td><td>120-300<\/td><td>150-375<\/td><td>150-400<\/td><td>180-500<\/td><td>180-500<\/td><td>225-600<\/td><td>450-1200<\/td><\/tr><tr><td colspan=\"2\"><strong>Tiempo de secado (h)<\/strong><\/td><td>0.2-1.2<\/td><td>1.25-1.5<\/td><td>0.2-1.2<\/td><td>0.25-1.5<\/td><td>0.2-1.2<\/td><td>0.25-1.5<\/td><td>0.5-3<\/td><\/tr><tr><td colspan=\"2\"><strong>Capacidad de secado (kg de agua\/h)<\/strong><\/td><td>60-160<\/td><td>80-200<\/td><td>85-220<\/td><td>100-260<\/td><td>100-260<\/td><td>120-300<\/td><td>240-600<\/td><\/tr><tr><td colspan=\"2\"><strong>Potencia total (kw)<\/strong><\/td><td>11.4<\/td><td>13.6<\/td><td>14.6<\/td><td>18.7<\/td><td>19.7<\/td><td>24.5<\/td><td>51<\/td><\/tr><tr><td>&nbsp;<strong>Dimensiones generales<\/strong><\/td><td><strong>L (m)<\/strong><\/td><td>9.56<\/td><td>11.56<\/td><td>9.56<\/td><td>11.56<\/td><td>9.56<\/td><td>11.56<\/td><td>21.56<\/td><\/tr><tr><td>&nbsp;<\/td><td><strong>W (m)<\/strong><\/td><td>1.49<\/td><td>1.49<\/td><td>1.9<\/td><td>1.9<\/td><td>2.32<\/td><td>2.32<\/td><td>2.32<\/td><\/tr><tr><td>&nbsp;<\/td><td><strong>H (m)<\/strong><\/td><td>2.3<\/td><td>2.3<\/td><td>2.4<\/td><td>2.4<\/td><td>2.5<\/td><td>2.5<\/td><td>2.5<\/td><\/tr><tr><td colspan=\"2\"><strong>Peso (kg)<\/strong><\/td><td>4500<\/td><td>5600<\/td><td>5300<\/td><td>6400<\/td><td>6200<\/td><td>7500<\/td><td>14000<\/td><\/tr><\/tbody><\/table><\/figure>\n\n\n<div class=\"gb-container gb-container-263d9700\">\n\n<a class=\"gb-button gb-button-a4cbb7be gb-button-text\" href=\"#popmake-622\">Obtener presupuesto gratuito<\/a>\n\n<\/div>\n<\/div>\n<\/div>","protected":false},"excerpt":{"rendered":"<p>Mesh belt conveyor dryer Mesh belt conveyor dryer characteristics 1. Small space to take. 2. Low investment. 3. High efficiency. 4. Large output and high evaporation strength 5. Standardized production, the number of segments can be increased according to output and work shop Specifications of mesh belt conveyor dryer Model DW-1.2-8 DW-1.2-10 DW-1.6-8&nbsp; DW-1.6-10 DW-2-8 &#8230; <\/p>\n<p class=\"read-more-container\"><a title=\"8-1. Secadora de cinta transportadora de malla\" class=\"read-more button\" href=\"https:\/\/hengxingmachinery.com\/es\/mesh-belt-conveyor-dryer\/#more-2020\" aria-label=\"Leer m\u00e1s sobre 8-1. Mesh belt conveyor dryer\">Leer m\u00e1s<\/a><\/p>","protected":false},"author":1,"featured_media":0,"parent":0,"menu_order":0,"comment_status":"closed","ping_status":"closed","template":"","meta":{"footnotes":""},"class_list":["post-2020","page","type-page","status-publish"],"yoast_head":"<!-- This site is optimized with the Yoast SEO plugin v27.4 - https:\/\/yoast.com\/product\/yoast-seo-wordpress\/ -->\n<title>8-1. Mesh belt conveyor dryer - Hengxing Machinery<\/title>\n<meta name=\"robots\" content=\"index, follow, max-snippet:-1, max-image-preview:large, max-video-preview:-1\" \/>\n<link rel=\"canonical\" href=\"https:\/\/hengxingmachinery.com\/es\/mesh-belt-conveyor-dryer\/\" \/>\n<meta property=\"og:locale\" content=\"es_ES\" \/>\n<meta property=\"og:type\" content=\"article\" \/>\n<meta property=\"og:title\" content=\"8-1. Mesh belt conveyor dryer - Hengxing Machinery\" \/>\n<meta property=\"og:description\" content=\"Mesh belt conveyor dryer Mesh belt conveyor dryer characteristics 1. Small space to take. 2. Low investment. 3. High efficiency. 4. Large output and high evaporation strength 5. Standardized production, the number of segments can be increased according to output and work shop Specifications of mesh belt conveyor dryer Model DW-1.2-8 DW-1.2-10 DW-1.6-8&nbsp; DW-1.6-10 DW-2-8 ... Leer m\u00e1s\" \/>\n<meta property=\"og:url\" content=\"https:\/\/hengxingmachinery.com\/es\/mesh-belt-conveyor-dryer\/\" \/>\n<meta property=\"og:site_name\" content=\"Hengxing Machinery\" \/>\n<meta property=\"article:modified_time\" content=\"2025-03-11T09:04:15+00:00\" \/>\n<meta property=\"og:image\" content=\"https:\/\/hengxingmachinery.com\/wp-content\/uploads\/2025\/03\/Mesh-belt-conveyor-drying-machine.jpg\" \/>\n<meta name=\"twitter:card\" content=\"summary_large_image\" \/>\n<meta name=\"twitter:label1\" content=\"Tiempo de lectura\" \/>\n\t<meta name=\"twitter:data1\" content=\"2 minutos\" \/>\n<script type=\"application\/ld+json\" class=\"yoast-schema-graph\">{\"@context\":\"https:\\\/\\\/schema.org\",\"@graph\":[{\"@type\":\"WebPage\",\"@id\":\"https:\\\/\\\/hengxingmachinery.com\\\/mesh-belt-conveyor-dryer\\\/\",\"url\":\"https:\\\/\\\/hengxingmachinery.com\\\/mesh-belt-conveyor-dryer\\\/\",\"name\":\"8-1. Mesh belt conveyor dryer - Hengxing Machinery\",\"isPartOf\":{\"@id\":\"https:\\\/\\\/hengxingmachinery.com\\\/#website\"},\"primaryImageOfPage\":{\"@id\":\"https:\\\/\\\/hengxingmachinery.com\\\/mesh-belt-conveyor-dryer\\\/#primaryimage\"},\"image\":{\"@id\":\"https:\\\/\\\/hengxingmachinery.com\\\/mesh-belt-conveyor-dryer\\\/#primaryimage\"},\"thumbnailUrl\":\"https:\\\/\\\/hengxingmachinery.com\\\/wp-content\\\/uploads\\\/2025\\\/03\\\/Mesh-belt-conveyor-drying-machine.jpg\",\"datePublished\":\"2025-03-11T09:04:14+00:00\",\"dateModified\":\"2025-03-11T09:04:15+00:00\",\"breadcrumb\":{\"@id\":\"https:\\\/\\\/hengxingmachinery.com\\\/mesh-belt-conveyor-dryer\\\/#breadcrumb\"},\"inLanguage\":\"es\",\"potentialAction\":[{\"@type\":\"ReadAction\",\"target\":[\"https:\\\/\\\/hengxingmachinery.com\\\/mesh-belt-conveyor-dryer\\\/\"]}]},{\"@type\":\"ImageObject\",\"inLanguage\":\"es\",\"@id\":\"https:\\\/\\\/hengxingmachinery.com\\\/mesh-belt-conveyor-dryer\\\/#primaryimage\",\"url\":\"https:\\\/\\\/hengxingmachinery.com\\\/wp-content\\\/uploads\\\/2025\\\/03\\\/Mesh-belt-conveyor-drying-machine.jpg\",\"contentUrl\":\"https:\\\/\\\/hengxingmachinery.com\\\/wp-content\\\/uploads\\\/2025\\\/03\\\/Mesh-belt-conveyor-drying-machine.jpg\"},{\"@type\":\"BreadcrumbList\",\"@id\":\"https:\\\/\\\/hengxingmachinery.com\\\/mesh-belt-conveyor-dryer\\\/#breadcrumb\",\"itemListElement\":[{\"@type\":\"ListItem\",\"position\":1,\"name\":\"Home\",\"item\":\"https:\\\/\\\/hengxingmachinery.com\\\/\"},{\"@type\":\"ListItem\",\"position\":2,\"name\":\"8-1. Mesh belt conveyor dryer\"}]},{\"@type\":\"WebSite\",\"@id\":\"https:\\\/\\\/hengxingmachinery.com\\\/#website\",\"url\":\"https:\\\/\\\/hengxingmachinery.com\\\/\",\"name\":\"Hengxing Machinery\",\"description\":\"Leading Manufacturer of All Sorts of Mining Machinery\",\"publisher\":{\"@id\":\"https:\\\/\\\/hengxingmachinery.com\\\/#organization\"},\"potentialAction\":[{\"@type\":\"SearchAction\",\"target\":{\"@type\":\"EntryPoint\",\"urlTemplate\":\"https:\\\/\\\/hengxingmachinery.com\\\/?s={search_term_string}\"},\"query-input\":{\"@type\":\"PropertyValueSpecification\",\"valueRequired\":true,\"valueName\":\"search_term_string\"}}],\"inLanguage\":\"es\"},{\"@type\":\"Organization\",\"@id\":\"https:\\\/\\\/hengxingmachinery.com\\\/#organization\",\"name\":\"Hengxing Machinery\",\"url\":\"https:\\\/\\\/hengxingmachinery.com\\\/\",\"logo\":{\"@type\":\"ImageObject\",\"inLanguage\":\"es\",\"@id\":\"https:\\\/\\\/hengxingmachinery.com\\\/#\\\/schema\\\/logo\\\/image\\\/\",\"url\":\"https:\\\/\\\/hengxingmachinery.com\\\/wp-content\\\/uploads\\\/2024\\\/12\\\/logo.png\",\"contentUrl\":\"https:\\\/\\\/hengxingmachinery.com\\\/wp-content\\\/uploads\\\/2024\\\/12\\\/logo.png\",\"width\":400,\"height\":260,\"caption\":\"Hengxing Machinery\"},\"image\":{\"@id\":\"https:\\\/\\\/hengxingmachinery.com\\\/#\\\/schema\\\/logo\\\/image\\\/\"}}]}<\/script>\n<!-- \/ Yoast SEO plugin. -->","yoast_head_json":{"title":"8-1. Secadora de cinta de malla transportadora - Hengxing Machinery","robots":{"index":"index","follow":"follow","max-snippet":"max-snippet:-1","max-image-preview":"max-image-preview:large","max-video-preview":"max-video-preview:-1"},"canonical":"https:\/\/hengxingmachinery.com\/es\/mesh-belt-conveyor-dryer\/","og_locale":"es_ES","og_type":"article","og_title":"8-1. Mesh belt conveyor dryer - Hengxing Machinery","og_description":"Mesh belt conveyor dryer Mesh belt conveyor dryer characteristics 1. Small space to take. 2. Low investment. 3. High efficiency. 4. Large output and high evaporation strength 5. Standardized production, the number of segments can be increased according to output and work shop Specifications of mesh belt conveyor dryer Model DW-1.2-8 DW-1.2-10 DW-1.6-8&nbsp; DW-1.6-10 DW-2-8 ... Leer m\u00e1s","og_url":"https:\/\/hengxingmachinery.com\/es\/mesh-belt-conveyor-dryer\/","og_site_name":"Hengxing Machinery","article_modified_time":"2025-03-11T09:04:15+00:00","og_image":[{"url":"https:\/\/hengxingmachinery.com\/wp-content\/uploads\/2025\/03\/Mesh-belt-conveyor-drying-machine.jpg","type":"","width":"","height":""}],"twitter_card":"summary_large_image","twitter_misc":{"Tiempo de lectura":"2 minutos"},"schema":{"@context":"https:\/\/schema.org","@graph":[{"@type":"WebPage","@id":"https:\/\/hengxingmachinery.com\/mesh-belt-conveyor-dryer\/","url":"https:\/\/hengxingmachinery.com\/mesh-belt-conveyor-dryer\/","name":"8-1. Secadora de cinta de malla transportadora - Hengxing Machinery","isPartOf":{"@id":"https:\/\/hengxingmachinery.com\/#website"},"primaryImageOfPage":{"@id":"https:\/\/hengxingmachinery.com\/mesh-belt-conveyor-dryer\/#primaryimage"},"image":{"@id":"https:\/\/hengxingmachinery.com\/mesh-belt-conveyor-dryer\/#primaryimage"},"thumbnailUrl":"https:\/\/hengxingmachinery.com\/wp-content\/uploads\/2025\/03\/Mesh-belt-conveyor-drying-machine.jpg","datePublished":"2025-03-11T09:04:14+00:00","dateModified":"2025-03-11T09:04:15+00:00","breadcrumb":{"@id":"https:\/\/hengxingmachinery.com\/mesh-belt-conveyor-dryer\/#breadcrumb"},"inLanguage":"es","potentialAction":[{"@type":"ReadAction","target":["https:\/\/hengxingmachinery.com\/mesh-belt-conveyor-dryer\/"]}]},{"@type":"ImageObject","inLanguage":"es","@id":"https:\/\/hengxingmachinery.com\/mesh-belt-conveyor-dryer\/#primaryimage","url":"https:\/\/hengxingmachinery.com\/wp-content\/uploads\/2025\/03\/Mesh-belt-conveyor-drying-machine.jpg","contentUrl":"https:\/\/hengxingmachinery.com\/wp-content\/uploads\/2025\/03\/Mesh-belt-conveyor-drying-machine.jpg"},{"@type":"BreadcrumbList","@id":"https:\/\/hengxingmachinery.com\/mesh-belt-conveyor-dryer\/#breadcrumb","itemListElement":[{"@type":"ListItem","position":1,"name":"Home","item":"https:\/\/hengxingmachinery.com\/"},{"@type":"ListItem","position":2,"name":"8-1. Mesh belt conveyor dryer"}]},{"@type":"WebSite","@id":"https:\/\/hengxingmachinery.com\/#website","url":"https:\/\/hengxingmachinery.com\/","name":"Maquinaria Hengxing","description":"Fabricante l\u00edder de todo tipo de maquinaria minera","publisher":{"@id":"https:\/\/hengxingmachinery.com\/#organization"},"potentialAction":[{"@type":"SearchAction","target":{"@type":"EntryPoint","urlTemplate":"https:\/\/hengxingmachinery.com\/?s={search_term_string}"},"query-input":{"@type":"PropertyValueSpecification","valueRequired":true,"valueName":"search_term_string"}}],"inLanguage":"es"},{"@type":"Organization","@id":"https:\/\/hengxingmachinery.com\/#organization","name":"Maquinaria Hengxing","url":"https:\/\/hengxingmachinery.com\/","logo":{"@type":"ImageObject","inLanguage":"es","@id":"https:\/\/hengxingmachinery.com\/#\/schema\/logo\/image\/","url":"https:\/\/hengxingmachinery.com\/wp-content\/uploads\/2024\/12\/logo.png","contentUrl":"https:\/\/hengxingmachinery.com\/wp-content\/uploads\/2024\/12\/logo.png","width":400,"height":260,"caption":"Hengxing Machinery"},"image":{"@id":"https:\/\/hengxingmachinery.com\/#\/schema\/logo\/image\/"}}]}},"_links":{"self":[{"href":"https:\/\/hengxingmachinery.com\/es\/wp-json\/wp\/v2\/pages\/2020","targetHints":{"allow":["GET"]}}],"collection":[{"href":"https:\/\/hengxingmachinery.com\/es\/wp-json\/wp\/v2\/pages"}],"about":[{"href":"https:\/\/hengxingmachinery.com\/es\/wp-json\/wp\/v2\/types\/page"}],"author":[{"embeddable":true,"href":"https:\/\/hengxingmachinery.com\/es\/wp-json\/wp\/v2\/users\/1"}],"replies":[{"embeddable":true,"href":"https:\/\/hengxingmachinery.com\/es\/wp-json\/wp\/v2\/comments?post=2020"}],"version-history":[{"count":5,"href":"https:\/\/hengxingmachinery.com\/es\/wp-json\/wp\/v2\/pages\/2020\/revisions"}],"predecessor-version":[{"id":2040,"href":"https:\/\/hengxingmachinery.com\/es\/wp-json\/wp\/v2\/pages\/2020\/revisions\/2040"}],"wp:attachment":[{"href":"https:\/\/hengxingmachinery.com\/es\/wp-json\/wp\/v2\/media?parent=2020"}],"curies":[{"name":"wp","href":"https:\/\/api.w.org\/{rel}","templated":true}]}}