{"id":2053,"date":"2025-03-11T09:47:42","date_gmt":"2025-03-11T09:47:42","guid":{"rendered":"https:\/\/hengxingmachinery.com\/?page_id=2053"},"modified":"2025-03-11T09:57:04","modified_gmt":"2025-03-11T09:57:04","slug":"double-shaft-mixer","status":"publish","type":"page","link":"https:\/\/hengxingmachinery.com\/es\/double-shaft-mixer\/","title":{"rendered":"8-1. Mezcladora de doble eje"},"content":{"rendered":"<div class=\"gb-container gb-container-45165f5a\">\n<div class=\"gb-container gb-container-c2652eb4\">\n\n<h1 class=\"gb-headline gb-headline-62a8b2cc gb-headline-text\">Mezclador de doble eje<\/h1>\n\n<\/div>\n<\/div>\n\n<div class=\"gb-container gb-container-519cf624\">\n<div class=\"gb-container gb-container-71ca071e\">\n<div class=\"gb-grid-wrapper gb-grid-wrapper-8a5f0688\">\n<div class=\"gb-grid-column gb-grid-column-1e99b1c2\"><div class=\"gb-container gb-container-1e99b1c2\">\n\n<figure class=\"gb-block-image gb-block-image-e4eaba54\"><img decoding=\"async\" width=\"665\" height=\"545\" class=\"gb-image gb-image-e4eaba54\" src=\"https:\/\/hengxingmachinery.com\/wp-content\/uploads\/2025\/03\/double-shaft-mixing-machine.jpg\" alt=\"\" title=\"m\u00e1quina mezcladora de doble eje\" srcset=\"https:\/\/hengxingmachinery.com\/wp-content\/uploads\/2025\/03\/double-shaft-mixing-machine.jpg 665w, https:\/\/hengxingmachinery.com\/wp-content\/uploads\/2025\/03\/double-shaft-mixing-machine-300x246.jpg 300w, https:\/\/hengxingmachinery.com\/wp-content\/uploads\/2025\/03\/double-shaft-mixing-machine-15x12.jpg 15w\" sizes=\"(max-width: 665px) 100vw, 665px\" \/><\/figure>\n\n<\/div><\/div>\n\n<div class=\"gb-grid-column gb-grid-column-bcae065b\"><div class=\"gb-container gb-container-bcae065b\">\n\n<p><\/p>\n\n\n\n<p><\/p>\n\n\n\n<p>El mezclador de doble eje es un dispositivo que utiliza un par de ejes espirales con paletas de agitaci\u00f3n para rotar sincr\u00f3nicamente, humedecer y agitar el material en polvo.<\/p>\n\n\n<div class=\"gb-grid-wrapper gb-grid-wrapper-eebec76e\">\n<div class=\"gb-grid-column gb-grid-column-e3ada2f0\"><div class=\"gb-container gb-container-e3ada2f0\">\n\n<p class=\"gb-headline gb-headline-4c79a90a gb-headline-text\"><mark style=\"background-color:rgba(0, 0, 0, 0)\" class=\"has-inline-color has-global-color-8-color\"><strong>Poder:<\/strong><\/mark> 7.5-22 Kw<\/p>\n\n\n\n<p><\/p>\n\n<\/div><\/div>\n\n<div class=\"gb-grid-column gb-grid-column-0bb00826\"><div class=\"gb-container gb-container-0bb00826\">\n\n<p class=\"gb-headline gb-headline-86d53f56 gb-headline-text\"><strong><mark style=\"background-color:rgba(0, 0, 0, 0)\" class=\"has-inline-color has-global-color-8-color\">Capacidad: <\/mark><\/strong>20-50m\u00b3\/h<\/p>\n\n\n\n<p><\/p>\n\n<\/div><\/div>\n<\/div>\n\n<div class=\"gb-container gb-container-256e15f1\">\n\n<a class=\"gb-button gb-button-e8b73d89 gb-button-text\" href=\"#popmake-622\">Obtener presupuesto gratuito<\/a>\n\n<\/div>\n<\/div><\/div>\n<\/div>\n<\/div>\n<\/div>\n\n<div class=\"gb-container gb-container-af5f8799\">\n<div class=\"gb-container gb-container-2298848b\">\n\n<h2 class=\"gb-headline gb-headline-9d27ad2c gb-headline-text\">Estructura del mezclador de doble eje<\/h2>\n\n\n\n<p>El mezclador de doble eje\/mezclador de tornillo gemelo consiste principalmente en la carcasa, el conjunto del eje espiral, el equipo de transmisi\u00f3n, tuber\u00edas, placa de cubierta, cubierta de cadena y otras partes (ver la figura adjunta en la documentaci\u00f3n aleatoria). Las caracter\u00edsticas de rendimiento de su estructura concreta son las siguientes: la carcasa est\u00e1 compuesta principalmente por placas y estructura de acero, soldada y conformada dentro de la planta de fabricaci\u00f3n, y junto con las otras partes, soporta el mezclador de doble eje. Con la carcasa herm\u00e9ticamente sellada, no habr\u00e1 fuga de cenizas volantes o polvo al exterior.<\/p>\n\n\n<div class=\"gb-container gb-container-d7b7b595\">\n\n<a class=\"gb-button gb-button-c1312760 gb-button-text\" href=\"#popmake-622\">Obtener presupuesto gratuito<\/a>\n\n<\/div>\n<\/div>\n<\/div>\n\n<div class=\"gb-container gb-container-ebd718b6\">\n<div class=\"gb-container gb-container-ae7c516c\">\n<div class=\"gb-container gb-container-5c75b960\">\n\n<h2 class=\"gb-headline gb-headline-98859344 gb-headline-text\">Caracter\u00edsticas del mezclador de doble eje<\/h2>\n\n\n\n<figure class=\"gb-block-image gb-block-image-56f3f481\"><img decoding=\"async\" width=\"500\" height=\"700\" class=\"gb-image gb-image-56f3f481\" src=\"https:\/\/hengxingmachinery.com\/wp-content\/uploads\/2025\/03\/double-shaft-mixer-for-sale-3.png\" alt=\"\" title=\"mezclador de doble eje en venta\" srcset=\"https:\/\/hengxingmachinery.com\/wp-content\/uploads\/2025\/03\/double-shaft-mixer-for-sale-3.png 500w, https:\/\/hengxingmachinery.com\/wp-content\/uploads\/2025\/03\/double-shaft-mixer-for-sale-3-214x300.png 214w, https:\/\/hengxingmachinery.com\/wp-content\/uploads\/2025\/03\/double-shaft-mixer-for-sale-3-9x12.png 9w\" sizes=\"(max-width: 500px) 100vw, 500px\" \/><\/figure>\n\n\n\n<p><\/p>\n\n\n\n<p>1. Paletas del mezclador fabricadas con material de alta resistencia al desgaste, lo que garantiza una larga vida \u00fatil del mezclador y una operaci\u00f3n normal confiable.<\/p>\n\n\n\n<p>2. Dise\u00f1o estructural del eje razonable y mantenimiento conveniente.<\/p>\n\n\n\n<p>3. Amplia puerta de acceso abatible que hace que los trabajos de reparaci\u00f3n sean c\u00f3modos y sencillos.<\/p>\n\n\n\n<p>4. Sistema de control el\u00e9ctrico flexible y fiable que permite una operaci\u00f3n segura y f\u00e1cil.<\/p>\n\n\n<div class=\"gb-container gb-container-d6bbf16a\">\n\n<a class=\"gb-button gb-button-caa3f2bc gb-button-text\" href=\"#popmake-622\">Obtener presupuesto gratuito<\/a>\n\n<\/div>\n<\/div>\n<\/div>\n<\/div>\n\n<div class=\"gb-container gb-container-435ad261\">\n<div class=\"gb-container gb-container-7dc79cc4\">\n\n<h2 class=\"gb-headline gb-headline-6fe5dee2 gb-headline-text\">Especificaciones del mezclador de doble eje<\/h2>\n\n\n\n<figure class=\"wp-block-table is-style-stripes\"><table class=\"has-fixed-layout\"><tbody><tr><td><strong>Modelo<\/strong><\/td><td><strong>SJ400<\/strong><\/td><td><strong>SJ300<\/strong><\/td><td><strong>SJ250<\/strong><\/td><td><strong>SJ200<\/strong><\/td><\/tr><tr><td><strong>Capacidad de Producci\u00f3n (m\u00b3\/h)<\/strong><\/td><td>40-50<\/td><td>30-40<\/td><td>23-30<\/td><td>20-25<\/td><\/tr><tr><td><strong>Longitud Efectiva de Mezcla (mm)<\/strong><\/td><td>4000<\/td><td>3000<\/td><td>2500<\/td><td>2000<\/td><\/tr><tr><td><strong>Longitud de la Tolva de Alimentaci\u00f3n (mm)<\/strong><\/td><td>4500<\/td><td>3500<\/td><td>3000<\/td><td>2500<\/td><\/tr><tr><td><strong>Potencia (kW)<\/strong><\/td><td>22<\/td><td>15<\/td><td>11<\/td><td>7.5<\/td><\/tr><tr><td><strong>Dimensi\u00f3n (mm)<\/strong><\/td><td>4500*1150*850<\/td><td>3500*950*700<\/td><td>3000*850*600<\/td><td>2750*750*500<\/td><\/tr><tr><td><strong>Peso (t)<\/strong><\/td><td>3<\/td><td>1.8<\/td><td>1.2<\/td><td>&nbsp;<\/td><\/tr><\/tbody><\/table><\/figure>\n\n\n<div class=\"gb-container gb-container-263d9700\">\n\n<a class=\"gb-button gb-button-a4cbb7be gb-button-text\" href=\"#popmake-622\">Obtener presupuesto gratuito<\/a>\n\n<\/div>\n<\/div>\n<\/div>","protected":false},"excerpt":{"rendered":"<p>Double shaft mixer Structure of double shaft mixer Double shaft mixer\/Twin screw mixer mainly consists of casting, spiral shaft assembly, drive equipment, piping, cover plate, chain coverand other parts (see the random for figure), the concrete structure performace characteristics are as follows: the shell is mainly composed of plates and steel structure, welding forming within &#8230; <\/p>\n<p class=\"read-more-container\"><a title=\"8-1. Mezcladora de doble eje\" class=\"read-more button\" href=\"https:\/\/hengxingmachinery.com\/es\/double-shaft-mixer\/#more-2053\" aria-label=\"Leer m\u00e1s sobre 8-1. Double shaft mixer\">Leer m\u00e1s<\/a><\/p>","protected":false},"author":1,"featured_media":0,"parent":0,"menu_order":0,"comment_status":"closed","ping_status":"closed","template":"","meta":{"footnotes":""},"class_list":["post-2053","page","type-page","status-publish"],"yoast_head":"<!-- This site is optimized with the Yoast SEO plugin v27.4 - https:\/\/yoast.com\/product\/yoast-seo-wordpress\/ -->\n<title>8-1. Double shaft mixer - Hengxing Machinery<\/title>\n<meta name=\"robots\" content=\"index, follow, max-snippet:-1, max-image-preview:large, max-video-preview:-1\" \/>\n<link rel=\"canonical\" href=\"https:\/\/hengxingmachinery.com\/es\/double-shaft-mixer\/\" \/>\n<meta property=\"og:locale\" content=\"es_ES\" \/>\n<meta property=\"og:type\" content=\"article\" \/>\n<meta property=\"og:title\" content=\"8-1. Double shaft mixer - Hengxing Machinery\" \/>\n<meta property=\"og:description\" content=\"Double shaft mixer Structure of double shaft mixer Double shaft mixer\/Twin screw mixer mainly consists of casting, spiral shaft assembly, drive equipment, piping, cover plate, chain coverand other parts (see the random for figure), the concrete structure performace characteristics are as follows: the shell is mainly composed of plates and steel structure, welding forming within ... Leer m\u00e1s\" \/>\n<meta property=\"og:url\" content=\"https:\/\/hengxingmachinery.com\/es\/double-shaft-mixer\/\" \/>\n<meta property=\"og:site_name\" content=\"Hengxing Machinery\" \/>\n<meta property=\"article:modified_time\" content=\"2025-03-11T09:57:04+00:00\" \/>\n<meta property=\"og:image\" content=\"https:\/\/hengxingmachinery.com\/wp-content\/uploads\/2025\/03\/double-shaft-mixing-machine.jpg\" \/>\n<meta name=\"twitter:card\" content=\"summary_large_image\" \/>\n<meta name=\"twitter:label1\" content=\"Tiempo de lectura\" \/>\n\t<meta name=\"twitter:data1\" content=\"2 minutos\" \/>\n<script type=\"application\/ld+json\" class=\"yoast-schema-graph\">{\"@context\":\"https:\\\/\\\/schema.org\",\"@graph\":[{\"@type\":\"WebPage\",\"@id\":\"https:\\\/\\\/hengxingmachinery.com\\\/double-shaft-mixer\\\/\",\"url\":\"https:\\\/\\\/hengxingmachinery.com\\\/double-shaft-mixer\\\/\",\"name\":\"8-1. Double shaft mixer - Hengxing Machinery\",\"isPartOf\":{\"@id\":\"https:\\\/\\\/hengxingmachinery.com\\\/#website\"},\"primaryImageOfPage\":{\"@id\":\"https:\\\/\\\/hengxingmachinery.com\\\/double-shaft-mixer\\\/#primaryimage\"},\"image\":{\"@id\":\"https:\\\/\\\/hengxingmachinery.com\\\/double-shaft-mixer\\\/#primaryimage\"},\"thumbnailUrl\":\"https:\\\/\\\/hengxingmachinery.com\\\/wp-content\\\/uploads\\\/2025\\\/03\\\/double-shaft-mixing-machine.jpg\",\"datePublished\":\"2025-03-11T09:47:42+00:00\",\"dateModified\":\"2025-03-11T09:57:04+00:00\",\"breadcrumb\":{\"@id\":\"https:\\\/\\\/hengxingmachinery.com\\\/double-shaft-mixer\\\/#breadcrumb\"},\"inLanguage\":\"es\",\"potentialAction\":[{\"@type\":\"ReadAction\",\"target\":[\"https:\\\/\\\/hengxingmachinery.com\\\/double-shaft-mixer\\\/\"]}]},{\"@type\":\"ImageObject\",\"inLanguage\":\"es\",\"@id\":\"https:\\\/\\\/hengxingmachinery.com\\\/double-shaft-mixer\\\/#primaryimage\",\"url\":\"https:\\\/\\\/hengxingmachinery.com\\\/wp-content\\\/uploads\\\/2025\\\/03\\\/double-shaft-mixing-machine.jpg\",\"contentUrl\":\"https:\\\/\\\/hengxingmachinery.com\\\/wp-content\\\/uploads\\\/2025\\\/03\\\/double-shaft-mixing-machine.jpg\"},{\"@type\":\"BreadcrumbList\",\"@id\":\"https:\\\/\\\/hengxingmachinery.com\\\/double-shaft-mixer\\\/#breadcrumb\",\"itemListElement\":[{\"@type\":\"ListItem\",\"position\":1,\"name\":\"Home\",\"item\":\"https:\\\/\\\/hengxingmachinery.com\\\/\"},{\"@type\":\"ListItem\",\"position\":2,\"name\":\"8-1. Double shaft mixer\"}]},{\"@type\":\"WebSite\",\"@id\":\"https:\\\/\\\/hengxingmachinery.com\\\/#website\",\"url\":\"https:\\\/\\\/hengxingmachinery.com\\\/\",\"name\":\"Hengxing Machinery\",\"description\":\"Leading Manufacturer of All Sorts of Mining Machinery\",\"publisher\":{\"@id\":\"https:\\\/\\\/hengxingmachinery.com\\\/#organization\"},\"potentialAction\":[{\"@type\":\"SearchAction\",\"target\":{\"@type\":\"EntryPoint\",\"urlTemplate\":\"https:\\\/\\\/hengxingmachinery.com\\\/?s={search_term_string}\"},\"query-input\":{\"@type\":\"PropertyValueSpecification\",\"valueRequired\":true,\"valueName\":\"search_term_string\"}}],\"inLanguage\":\"es\"},{\"@type\":\"Organization\",\"@id\":\"https:\\\/\\\/hengxingmachinery.com\\\/#organization\",\"name\":\"Hengxing Machinery\",\"url\":\"https:\\\/\\\/hengxingmachinery.com\\\/\",\"logo\":{\"@type\":\"ImageObject\",\"inLanguage\":\"es\",\"@id\":\"https:\\\/\\\/hengxingmachinery.com\\\/#\\\/schema\\\/logo\\\/image\\\/\",\"url\":\"https:\\\/\\\/hengxingmachinery.com\\\/wp-content\\\/uploads\\\/2024\\\/12\\\/logo.png\",\"contentUrl\":\"https:\\\/\\\/hengxingmachinery.com\\\/wp-content\\\/uploads\\\/2024\\\/12\\\/logo.png\",\"width\":400,\"height\":260,\"caption\":\"Hengxing Machinery\"},\"image\":{\"@id\":\"https:\\\/\\\/hengxingmachinery.com\\\/#\\\/schema\\\/logo\\\/image\\\/\"}}]}<\/script>\n<!-- \/ Yoast SEO plugin. -->","yoast_head_json":{"title":"8-1. Mezcladora de doble eje - Maquinaria Hengxing","robots":{"index":"index","follow":"follow","max-snippet":"max-snippet:-1","max-image-preview":"max-image-preview:large","max-video-preview":"max-video-preview:-1"},"canonical":"https:\/\/hengxingmachinery.com\/es\/double-shaft-mixer\/","og_locale":"es_ES","og_type":"article","og_title":"8-1. Double shaft mixer - Hengxing Machinery","og_description":"Double shaft mixer Structure of double shaft mixer Double shaft mixer\/Twin screw mixer mainly consists of casting, spiral shaft assembly, drive equipment, piping, cover plate, chain coverand other parts (see the random for figure), the concrete structure performace characteristics are as follows: the shell is mainly composed of plates and steel structure, welding forming within ... Leer m\u00e1s","og_url":"https:\/\/hengxingmachinery.com\/es\/double-shaft-mixer\/","og_site_name":"Hengxing Machinery","article_modified_time":"2025-03-11T09:57:04+00:00","og_image":[{"url":"https:\/\/hengxingmachinery.com\/wp-content\/uploads\/2025\/03\/double-shaft-mixing-machine.jpg","type":"","width":"","height":""}],"twitter_card":"summary_large_image","twitter_misc":{"Tiempo de lectura":"2 minutos"},"schema":{"@context":"https:\/\/schema.org","@graph":[{"@type":"WebPage","@id":"https:\/\/hengxingmachinery.com\/double-shaft-mixer\/","url":"https:\/\/hengxingmachinery.com\/double-shaft-mixer\/","name":"8-1. Mezcladora de doble eje - Maquinaria Hengxing","isPartOf":{"@id":"https:\/\/hengxingmachinery.com\/#website"},"primaryImageOfPage":{"@id":"https:\/\/hengxingmachinery.com\/double-shaft-mixer\/#primaryimage"},"image":{"@id":"https:\/\/hengxingmachinery.com\/double-shaft-mixer\/#primaryimage"},"thumbnailUrl":"https:\/\/hengxingmachinery.com\/wp-content\/uploads\/2025\/03\/double-shaft-mixing-machine.jpg","datePublished":"2025-03-11T09:47:42+00:00","dateModified":"2025-03-11T09:57:04+00:00","breadcrumb":{"@id":"https:\/\/hengxingmachinery.com\/double-shaft-mixer\/#breadcrumb"},"inLanguage":"es","potentialAction":[{"@type":"ReadAction","target":["https:\/\/hengxingmachinery.com\/double-shaft-mixer\/"]}]},{"@type":"ImageObject","inLanguage":"es","@id":"https:\/\/hengxingmachinery.com\/double-shaft-mixer\/#primaryimage","url":"https:\/\/hengxingmachinery.com\/wp-content\/uploads\/2025\/03\/double-shaft-mixing-machine.jpg","contentUrl":"https:\/\/hengxingmachinery.com\/wp-content\/uploads\/2025\/03\/double-shaft-mixing-machine.jpg"},{"@type":"BreadcrumbList","@id":"https:\/\/hengxingmachinery.com\/double-shaft-mixer\/#breadcrumb","itemListElement":[{"@type":"ListItem","position":1,"name":"Home","item":"https:\/\/hengxingmachinery.com\/"},{"@type":"ListItem","position":2,"name":"8-1. Double shaft mixer"}]},{"@type":"WebSite","@id":"https:\/\/hengxingmachinery.com\/#website","url":"https:\/\/hengxingmachinery.com\/","name":"Maquinaria Hengxing","description":"Fabricante l\u00edder de todo tipo de maquinaria minera","publisher":{"@id":"https:\/\/hengxingmachinery.com\/#organization"},"potentialAction":[{"@type":"SearchAction","target":{"@type":"EntryPoint","urlTemplate":"https:\/\/hengxingmachinery.com\/?s={search_term_string}"},"query-input":{"@type":"PropertyValueSpecification","valueRequired":true,"valueName":"search_term_string"}}],"inLanguage":"es"},{"@type":"Organization","@id":"https:\/\/hengxingmachinery.com\/#organization","name":"Maquinaria Hengxing","url":"https:\/\/hengxingmachinery.com\/","logo":{"@type":"ImageObject","inLanguage":"es","@id":"https:\/\/hengxingmachinery.com\/#\/schema\/logo\/image\/","url":"https:\/\/hengxingmachinery.com\/wp-content\/uploads\/2024\/12\/logo.png","contentUrl":"https:\/\/hengxingmachinery.com\/wp-content\/uploads\/2024\/12\/logo.png","width":400,"height":260,"caption":"Hengxing Machinery"},"image":{"@id":"https:\/\/hengxingmachinery.com\/#\/schema\/logo\/image\/"}}]}},"_links":{"self":[{"href":"https:\/\/hengxingmachinery.com\/es\/wp-json\/wp\/v2\/pages\/2053","targetHints":{"allow":["GET"]}}],"collection":[{"href":"https:\/\/hengxingmachinery.com\/es\/wp-json\/wp\/v2\/pages"}],"about":[{"href":"https:\/\/hengxingmachinery.com\/es\/wp-json\/wp\/v2\/types\/page"}],"author":[{"embeddable":true,"href":"https:\/\/hengxingmachinery.com\/es\/wp-json\/wp\/v2\/users\/1"}],"replies":[{"embeddable":true,"href":"https:\/\/hengxingmachinery.com\/es\/wp-json\/wp\/v2\/comments?post=2053"}],"version-history":[{"count":4,"href":"https:\/\/hengxingmachinery.com\/es\/wp-json\/wp\/v2\/pages\/2053\/revisions"}],"predecessor-version":[{"id":2065,"href":"https:\/\/hengxingmachinery.com\/es\/wp-json\/wp\/v2\/pages\/2053\/revisions\/2065"}],"wp:attachment":[{"href":"https:\/\/hengxingmachinery.com\/es\/wp-json\/wp\/v2\/media?parent=2053"}],"curies":[{"name":"wp","href":"https:\/\/api.w.org\/{rel}","templated":true}]}}