{"id":2066,"date":"2025-03-12T01:32:23","date_gmt":"2025-03-12T01:32:23","guid":{"rendered":"https:\/\/hengxingmachinery.com\/?page_id=2066"},"modified":"2025-03-12T01:32:24","modified_gmt":"2025-03-12T01:32:24","slug":"sand-mixer","status":"publish","type":"page","link":"https:\/\/hengxingmachinery.com\/es\/sand-mixer\/","title":{"rendered":"8-1. Mezcladora de arena"},"content":{"rendered":"<div class=\"gb-container gb-container-45165f5a\">\n<div class=\"gb-container gb-container-c2652eb4\">\n\n<h1 class=\"gb-headline gb-headline-62a8b2cc gb-headline-text\">Mezcladora de arena<\/h1>\n\n<\/div>\n<\/div>\n\n<div class=\"gb-container gb-container-519cf624\">\n<div class=\"gb-container gb-container-71ca071e\">\n<div class=\"gb-grid-wrapper gb-grid-wrapper-8a5f0688\">\n<div class=\"gb-grid-column gb-grid-column-1e99b1c2\"><div class=\"gb-container gb-container-1e99b1c2\">\n\n<figure class=\"gb-block-image gb-block-image-e4eaba54\"><img decoding=\"async\" width=\"665\" height=\"545\" class=\"gb-image gb-image-e4eaba54\" src=\"https:\/\/hengxingmachinery.com\/wp-content\/uploads\/2025\/03\/sand-mixer-for-sale.jpg\" alt=\"\" title=\"mezcladora de arena en venta\" srcset=\"https:\/\/hengxingmachinery.com\/wp-content\/uploads\/2025\/03\/sand-mixer-for-sale.jpg 665w, https:\/\/hengxingmachinery.com\/wp-content\/uploads\/2025\/03\/sand-mixer-for-sale-300x246.jpg 300w, https:\/\/hengxingmachinery.com\/wp-content\/uploads\/2025\/03\/sand-mixer-for-sale-15x12.jpg 15w\" sizes=\"(max-width: 665px) 100vw, 665px\" \/><\/figure>\n\n<\/div><\/div>\n\n<div class=\"gb-grid-column gb-grid-column-bcae065b\"><div class=\"gb-container gb-container-bcae065b\">\n\n<p><\/p>\n\n\n\n<p>Bas\u00e1ndose en las ventajas de los nuevos equipos extranjeros de fresado y mezclado por ruedas, se ha dise\u00f1ado para combinar el fresado y la mezcla. Tiene un buen efecto de mezcla y un notable efecto de ahorro energ\u00e9tico. Es adecuado para mezclar materiales en polvo y granulares.<\/p>\n\n\n<div class=\"gb-grid-wrapper gb-grid-wrapper-eebec76e\">\n<div class=\"gb-grid-column gb-grid-column-e3ada2f0\"><div class=\"gb-container gb-container-e3ada2f0\">\n\n<p><\/p>\n\n\n\n<p class=\"gb-headline gb-headline-4c79a90a gb-headline-text\"><mark style=\"background-color:rgba(0, 0, 0, 0)\" class=\"has-inline-color has-global-color-8-color\"><strong><strong>Cantidad de Mezcla de Arena (t\/h)<\/strong>:<\/strong><\/mark> 1.5-20<\/p>\n\n\n\n<p> <\/p>\n\n<\/div><\/div>\n\n<div class=\"gb-grid-column gb-grid-column-0bb00826\"><div class=\"gb-container gb-container-0bb00826\">\n\n<p><\/p>\n\n\n\n<p class=\"gb-headline gb-headline-86d53f56 gb-headline-text\"><mark style=\"background-color:rgba(0, 0, 0, 0)\" class=\"has-inline-color has-global-color-8-color\"><strong><strong><strong>Potencia (Kw)<\/strong><\/strong>:<\/strong><\/mark> 4-37<\/p>\n\n<\/div><\/div>\n<\/div>\n\n<div class=\"gb-container gb-container-256e15f1\">\n\n<a class=\"gb-button gb-button-e8b73d89 gb-button-text\" href=\"#popmake-622\">Obtener presupuesto gratuito<\/a>\n\n<\/div>\n<\/div><\/div>\n<\/div>\n<\/div>\n<\/div>\n\n<div class=\"gb-container gb-container-af5f8799\">\n<div class=\"gb-container gb-container-2298848b\">\n\n<h2 class=\"gb-headline gb-headline-9d27ad2c gb-headline-text\">Caracter\u00edsticas de la mezcladora de arena<\/h2>\n\n\n\n<p>1. Alta eficiencia de producci\u00f3n, f\u00e1cil mantenimiento, bajo consumo de energ\u00eda, alta eficiencia, y la m\u00e1quina completa puede ser izada.<\/p>\n\n\n\n<p>2. Buen efecto de mezcla, alta eficiencia de producci\u00f3n, sin formaci\u00f3n de grumos, operaci\u00f3n conveniente y f\u00e1cil mantenimiento.<\/p>\n\n\n\n<p>3. Buena estanqueidad, sin contaminaci\u00f3n ambiental y gran adaptabilidad.<\/p>\n\n\n<div class=\"gb-container gb-container-d7b7b595\">\n\n<a class=\"gb-button gb-button-c1312760 gb-button-text\" href=\"#popmake-622\">Obtener presupuesto gratuito<\/a>\n\n<\/div>\n<\/div>\n<\/div>\n\n<div class=\"gb-container gb-container-ebd718b6\">\n<div class=\"gb-container gb-container-ae7c516c\">\n<div class=\"gb-container gb-container-5c75b960\">\n\n<h2 class=\"gb-headline gb-headline-98859344 gb-headline-text\">Principio de funcionamiento de la mezcladora de arena<\/h2>\n\n\n\n<p><\/p>\n\n\n\n<p>Durante el trabajo, el material se alimenta por el centro del plato de molienda y, bajo el empuje de la rasqueta o su propia fuerza centr\u00edfuga, entra debajo del rodillo para ser triturado. <\/p>\n\n\n\n<p>Despu\u00e9s de ser trituradas m\u00faltiples veces, las part\u00edculas que cumplen con el tama\u00f1o requerido se filtran por los orificios del tamiz alrededor del plato de molienda, y las part\u00edculas gruesas regresan a los rodillos para ser trituradas nuevamente. <\/p>\n\n\n\n<p>La mezcladora de fresado por ruedas es adecuada para triturar materiales de dureza media o inferior, como s\u00edlice y arcilla, o como mezcla de materiales.<\/p>\n\n\n<div class=\"gb-container gb-container-d6bbf16a\">\n\n<a class=\"gb-button gb-button-caa3f2bc gb-button-text\" href=\"#popmake-622\">Obtener presupuesto gratuito<\/a>\n\n<\/div>\n<\/div>\n<\/div>\n<\/div>\n\n<div class=\"gb-container gb-container-435ad261\">\n<div class=\"gb-container gb-container-7dc79cc4\">\n\n<h2 class=\"gb-headline gb-headline-6fe5dee2 gb-headline-text\">Especificaciones de la mezcladora de arena<\/h2>\n\n\n\n<figure class=\"wp-block-table is-style-stripes\"><table class=\"has-fixed-layout\"><tbody><tr><td><strong>Modelo<\/strong><\/td><td><strong>Di\u00e1metro del Plato (mm)<\/strong><\/td><td><strong>Cantidad de Mezcla de Arena (t\/h)<\/strong><\/td><td><strong>Cantidad de Material a A\u00f1adir (kg)<\/strong><\/td><td><strong>Potencia (kw)<\/strong><\/td><\/tr><tr><td><strong>S1110<\/strong><\/td><td>1000<\/td><td>1.5-2.5<\/td><td>110<\/td><td>4<\/td><\/tr><tr><td><strong>S1111A<\/strong><\/td><td>1250<\/td><td>2-4<\/td><td>150<\/td><td>4<\/td><\/tr><tr><td><strong>S1112<\/strong><\/td><td>1250<\/td><td>3-5<\/td><td>150<\/td><td>5.5<\/td><\/tr><tr><td><strong>S1113<\/strong><\/td><td>1400<\/td><td>4-6<\/td><td>300<\/td><td>7.5<\/td><\/tr><tr><td><strong>S114C<\/strong><\/td><td>1800<\/td><td>7-8<\/td><td>500<\/td><td>15<\/td><\/tr><tr><td><strong>S114D<\/strong><\/td><td>1800<\/td><td>7-8<\/td><td>500<\/td><td>15<\/td><\/tr><tr><td><strong>S118<\/strong><\/td><td>1800<\/td><td>15<\/td><td>650<\/td><td>22<\/td><\/tr><tr><td><strong>S1120<\/strong><\/td><td>2000<\/td><td>20<\/td><td>900<\/td><td>37<\/td><\/tr><\/tbody><\/table><\/figure>\n\n\n<div class=\"gb-container gb-container-263d9700\">\n\n<a class=\"gb-button gb-button-a4cbb7be gb-button-text\" href=\"#popmake-622\">Obtener presupuesto gratuito<\/a>\n\n<\/div>\n<\/div>\n<\/div>","protected":false},"excerpt":{"rendered":"<p>Sand mixer Characteristics of sand mixer 1. High production efficiency, easy maintenance, low power consumption, high efficiency, and the whole machine can be hoisted. 2. Good mixing effect, high production efficiency, no lump formation, convenient operation and easy maintenance. 3. Good airtightness, no environmental pollution, and strong adaptability. Sand mixer working principle When working, the &#8230; <\/p>\n<p class=\"read-more-container\"><a title=\"8-1. Mezcladora de arena\" class=\"read-more button\" href=\"https:\/\/hengxingmachinery.com\/es\/sand-mixer\/#more-2066\" aria-label=\"Leer m\u00e1s sobre 8-1. Sand mixer\">Leer m\u00e1s<\/a><\/p>","protected":false},"author":1,"featured_media":0,"parent":0,"menu_order":0,"comment_status":"closed","ping_status":"closed","template":"","meta":{"footnotes":""},"class_list":["post-2066","page","type-page","status-publish"],"yoast_head":"<!-- This site is optimized with the Yoast SEO plugin v27.4 - https:\/\/yoast.com\/product\/yoast-seo-wordpress\/ -->\n<title>8-1. Sand mixer - Hengxing Machinery<\/title>\n<meta name=\"robots\" content=\"index, follow, max-snippet:-1, max-image-preview:large, max-video-preview:-1\" \/>\n<link rel=\"canonical\" href=\"https:\/\/hengxingmachinery.com\/es\/sand-mixer\/\" \/>\n<meta property=\"og:locale\" content=\"es_ES\" \/>\n<meta property=\"og:type\" content=\"article\" \/>\n<meta property=\"og:title\" content=\"8-1. Sand mixer - Hengxing Machinery\" \/>\n<meta property=\"og:description\" content=\"Sand mixer Characteristics of sand mixer 1. High production efficiency, easy maintenance, low power consumption, high efficiency, and the whole machine can be hoisted. 2. Good mixing effect, high production efficiency, no lump formation, convenient operation and easy maintenance. 3. Good airtightness, no environmental pollution, and strong adaptability. Sand mixer working principle When working, the ... Leer m\u00e1s\" \/>\n<meta property=\"og:url\" content=\"https:\/\/hengxingmachinery.com\/es\/sand-mixer\/\" \/>\n<meta property=\"og:site_name\" content=\"Hengxing Machinery\" \/>\n<meta property=\"article:modified_time\" content=\"2025-03-12T01:32:24+00:00\" \/>\n<meta property=\"og:image\" content=\"https:\/\/hengxingmachinery.com\/wp-content\/uploads\/2025\/03\/sand-mixer-for-sale.jpg\" \/>\n<meta name=\"twitter:card\" content=\"summary_large_image\" \/>\n<meta name=\"twitter:label1\" content=\"Tiempo de lectura\" \/>\n\t<meta name=\"twitter:data1\" content=\"2 minutos\" \/>\n<script type=\"application\/ld+json\" class=\"yoast-schema-graph\">{\"@context\":\"https:\\\/\\\/schema.org\",\"@graph\":[{\"@type\":\"WebPage\",\"@id\":\"https:\\\/\\\/hengxingmachinery.com\\\/sand-mixer\\\/\",\"url\":\"https:\\\/\\\/hengxingmachinery.com\\\/sand-mixer\\\/\",\"name\":\"8-1. Sand mixer - Hengxing Machinery\",\"isPartOf\":{\"@id\":\"https:\\\/\\\/hengxingmachinery.com\\\/#website\"},\"primaryImageOfPage\":{\"@id\":\"https:\\\/\\\/hengxingmachinery.com\\\/sand-mixer\\\/#primaryimage\"},\"image\":{\"@id\":\"https:\\\/\\\/hengxingmachinery.com\\\/sand-mixer\\\/#primaryimage\"},\"thumbnailUrl\":\"https:\\\/\\\/hengxingmachinery.com\\\/wp-content\\\/uploads\\\/2025\\\/03\\\/sand-mixer-for-sale.jpg\",\"datePublished\":\"2025-03-12T01:32:23+00:00\",\"dateModified\":\"2025-03-12T01:32:24+00:00\",\"breadcrumb\":{\"@id\":\"https:\\\/\\\/hengxingmachinery.com\\\/sand-mixer\\\/#breadcrumb\"},\"inLanguage\":\"es\",\"potentialAction\":[{\"@type\":\"ReadAction\",\"target\":[\"https:\\\/\\\/hengxingmachinery.com\\\/sand-mixer\\\/\"]}]},{\"@type\":\"ImageObject\",\"inLanguage\":\"es\",\"@id\":\"https:\\\/\\\/hengxingmachinery.com\\\/sand-mixer\\\/#primaryimage\",\"url\":\"https:\\\/\\\/hengxingmachinery.com\\\/wp-content\\\/uploads\\\/2025\\\/03\\\/sand-mixer-for-sale.jpg\",\"contentUrl\":\"https:\\\/\\\/hengxingmachinery.com\\\/wp-content\\\/uploads\\\/2025\\\/03\\\/sand-mixer-for-sale.jpg\"},{\"@type\":\"BreadcrumbList\",\"@id\":\"https:\\\/\\\/hengxingmachinery.com\\\/sand-mixer\\\/#breadcrumb\",\"itemListElement\":[{\"@type\":\"ListItem\",\"position\":1,\"name\":\"Home\",\"item\":\"https:\\\/\\\/hengxingmachinery.com\\\/\"},{\"@type\":\"ListItem\",\"position\":2,\"name\":\"8-1. Sand mixer\"}]},{\"@type\":\"WebSite\",\"@id\":\"https:\\\/\\\/hengxingmachinery.com\\\/#website\",\"url\":\"https:\\\/\\\/hengxingmachinery.com\\\/\",\"name\":\"Hengxing Machinery\",\"description\":\"Leading Manufacturer of All Sorts of Mining Machinery\",\"publisher\":{\"@id\":\"https:\\\/\\\/hengxingmachinery.com\\\/#organization\"},\"potentialAction\":[{\"@type\":\"SearchAction\",\"target\":{\"@type\":\"EntryPoint\",\"urlTemplate\":\"https:\\\/\\\/hengxingmachinery.com\\\/?s={search_term_string}\"},\"query-input\":{\"@type\":\"PropertyValueSpecification\",\"valueRequired\":true,\"valueName\":\"search_term_string\"}}],\"inLanguage\":\"es\"},{\"@type\":\"Organization\",\"@id\":\"https:\\\/\\\/hengxingmachinery.com\\\/#organization\",\"name\":\"Hengxing Machinery\",\"url\":\"https:\\\/\\\/hengxingmachinery.com\\\/\",\"logo\":{\"@type\":\"ImageObject\",\"inLanguage\":\"es\",\"@id\":\"https:\\\/\\\/hengxingmachinery.com\\\/#\\\/schema\\\/logo\\\/image\\\/\",\"url\":\"https:\\\/\\\/hengxingmachinery.com\\\/wp-content\\\/uploads\\\/2024\\\/12\\\/logo.png\",\"contentUrl\":\"https:\\\/\\\/hengxingmachinery.com\\\/wp-content\\\/uploads\\\/2024\\\/12\\\/logo.png\",\"width\":400,\"height\":260,\"caption\":\"Hengxing Machinery\"},\"image\":{\"@id\":\"https:\\\/\\\/hengxingmachinery.com\\\/#\\\/schema\\\/logo\\\/image\\\/\"}}]}<\/script>\n<!-- \/ Yoast SEO plugin. -->","yoast_head_json":{"title":"8-1. Mezcladora de arena - Hengxing Machinery","robots":{"index":"index","follow":"follow","max-snippet":"max-snippet:-1","max-image-preview":"max-image-preview:large","max-video-preview":"max-video-preview:-1"},"canonical":"https:\/\/hengxingmachinery.com\/es\/sand-mixer\/","og_locale":"es_ES","og_type":"article","og_title":"8-1. Sand mixer - Hengxing Machinery","og_description":"Sand mixer Characteristics of sand mixer 1. High production efficiency, easy maintenance, low power consumption, high efficiency, and the whole machine can be hoisted. 2. Good mixing effect, high production efficiency, no lump formation, convenient operation and easy maintenance. 3. Good airtightness, no environmental pollution, and strong adaptability. Sand mixer working principle When working, the ... Leer m\u00e1s","og_url":"https:\/\/hengxingmachinery.com\/es\/sand-mixer\/","og_site_name":"Hengxing Machinery","article_modified_time":"2025-03-12T01:32:24+00:00","og_image":[{"url":"https:\/\/hengxingmachinery.com\/wp-content\/uploads\/2025\/03\/sand-mixer-for-sale.jpg","type":"","width":"","height":""}],"twitter_card":"summary_large_image","twitter_misc":{"Tiempo de lectura":"2 minutos"},"schema":{"@context":"https:\/\/schema.org","@graph":[{"@type":"WebPage","@id":"https:\/\/hengxingmachinery.com\/sand-mixer\/","url":"https:\/\/hengxingmachinery.com\/sand-mixer\/","name":"8-1. Mezcladora de arena - Hengxing Machinery","isPartOf":{"@id":"https:\/\/hengxingmachinery.com\/#website"},"primaryImageOfPage":{"@id":"https:\/\/hengxingmachinery.com\/sand-mixer\/#primaryimage"},"image":{"@id":"https:\/\/hengxingmachinery.com\/sand-mixer\/#primaryimage"},"thumbnailUrl":"https:\/\/hengxingmachinery.com\/wp-content\/uploads\/2025\/03\/sand-mixer-for-sale.jpg","datePublished":"2025-03-12T01:32:23+00:00","dateModified":"2025-03-12T01:32:24+00:00","breadcrumb":{"@id":"https:\/\/hengxingmachinery.com\/sand-mixer\/#breadcrumb"},"inLanguage":"es","potentialAction":[{"@type":"ReadAction","target":["https:\/\/hengxingmachinery.com\/sand-mixer\/"]}]},{"@type":"ImageObject","inLanguage":"es","@id":"https:\/\/hengxingmachinery.com\/sand-mixer\/#primaryimage","url":"https:\/\/hengxingmachinery.com\/wp-content\/uploads\/2025\/03\/sand-mixer-for-sale.jpg","contentUrl":"https:\/\/hengxingmachinery.com\/wp-content\/uploads\/2025\/03\/sand-mixer-for-sale.jpg"},{"@type":"BreadcrumbList","@id":"https:\/\/hengxingmachinery.com\/sand-mixer\/#breadcrumb","itemListElement":[{"@type":"ListItem","position":1,"name":"Home","item":"https:\/\/hengxingmachinery.com\/"},{"@type":"ListItem","position":2,"name":"8-1. Sand mixer"}]},{"@type":"WebSite","@id":"https:\/\/hengxingmachinery.com\/#website","url":"https:\/\/hengxingmachinery.com\/","name":"Maquinaria Hengxing","description":"Fabricante l\u00edder de todo tipo de maquinaria minera","publisher":{"@id":"https:\/\/hengxingmachinery.com\/#organization"},"potentialAction":[{"@type":"SearchAction","target":{"@type":"EntryPoint","urlTemplate":"https:\/\/hengxingmachinery.com\/?s={search_term_string}"},"query-input":{"@type":"PropertyValueSpecification","valueRequired":true,"valueName":"search_term_string"}}],"inLanguage":"es"},{"@type":"Organization","@id":"https:\/\/hengxingmachinery.com\/#organization","name":"Maquinaria Hengxing","url":"https:\/\/hengxingmachinery.com\/","logo":{"@type":"ImageObject","inLanguage":"es","@id":"https:\/\/hengxingmachinery.com\/#\/schema\/logo\/image\/","url":"https:\/\/hengxingmachinery.com\/wp-content\/uploads\/2024\/12\/logo.png","contentUrl":"https:\/\/hengxingmachinery.com\/wp-content\/uploads\/2024\/12\/logo.png","width":400,"height":260,"caption":"Hengxing Machinery"},"image":{"@id":"https:\/\/hengxingmachinery.com\/#\/schema\/logo\/image\/"}}]}},"_links":{"self":[{"href":"https:\/\/hengxingmachinery.com\/es\/wp-json\/wp\/v2\/pages\/2066","targetHints":{"allow":["GET"]}}],"collection":[{"href":"https:\/\/hengxingmachinery.com\/es\/wp-json\/wp\/v2\/pages"}],"about":[{"href":"https:\/\/hengxingmachinery.com\/es\/wp-json\/wp\/v2\/types\/page"}],"author":[{"embeddable":true,"href":"https:\/\/hengxingmachinery.com\/es\/wp-json\/wp\/v2\/users\/1"}],"replies":[{"embeddable":true,"href":"https:\/\/hengxingmachinery.com\/es\/wp-json\/wp\/v2\/comments?post=2066"}],"version-history":[{"count":5,"href":"https:\/\/hengxingmachinery.com\/es\/wp-json\/wp\/v2\/pages\/2066\/revisions"}],"predecessor-version":[{"id":2072,"href":"https:\/\/hengxingmachinery.com\/es\/wp-json\/wp\/v2\/pages\/2066\/revisions\/2072"}],"wp:attachment":[{"href":"https:\/\/hengxingmachinery.com\/es\/wp-json\/wp\/v2\/media?parent=2066"}],"curies":[{"name":"wp","href":"https:\/\/api.w.org\/{rel}","templated":true}]}}