{"id":2115,"date":"2025-03-13T07:44:19","date_gmt":"2025-03-13T07:44:19","guid":{"rendered":"https:\/\/hengxingmachinery.com\/?page_id=2115"},"modified":"2025-03-14T03:39:19","modified_gmt":"2025-03-14T03:39:19","slug":"kaolin-rotary-kiln","status":"publish","type":"page","link":"https:\/\/hengxingmachinery.com\/es\/kaolin-rotary-kiln\/","title":{"rendered":"6-1. Horno rotatorio de caol\u00edn"},"content":{"rendered":"<div class=\"gb-container gb-container-45165f5a\">\n<div class=\"gb-container gb-container-c2652eb4\">\n\n<h1 class=\"gb-headline gb-headline-62a8b2cc gb-headline-text\">Horno rotatorio de caol\u00edn<\/h1>\n\n<\/div>\n<\/div>\n\n<div class=\"gb-container gb-container-519cf624\">\n<div class=\"gb-container gb-container-71ca071e\">\n<div class=\"gb-grid-wrapper gb-grid-wrapper-8a5f0688\">\n<div class=\"gb-grid-column gb-grid-column-1e99b1c2\"><div class=\"gb-container gb-container-1e99b1c2\">\n\n<figure class=\"gb-block-image gb-block-image-e4eaba54\"><img decoding=\"async\" width=\"665\" height=\"545\" class=\"gb-image gb-image-e4eaba54\" src=\"https:\/\/hengxingmachinery.com\/wp-content\/uploads\/2025\/03\/kaolin-rotary-kiln.jpg\" alt=\"\" title=\"horno rotatorio de caol\u00edn\" srcset=\"https:\/\/hengxingmachinery.com\/wp-content\/uploads\/2025\/03\/kaolin-rotary-kiln.jpg 665w, https:\/\/hengxingmachinery.com\/wp-content\/uploads\/2025\/03\/kaolin-rotary-kiln-300x246.jpg 300w, https:\/\/hengxingmachinery.com\/wp-content\/uploads\/2025\/03\/kaolin-rotary-kiln-15x12.jpg 15w\" sizes=\"(max-width: 665px) 100vw, 665px\" \/><\/figure>\n\n<\/div><\/div>\n\n<div class=\"gb-grid-column gb-grid-column-bcae065b\"><div class=\"gb-container gb-container-bcae065b\">\n\n<p class=\"gb-headline gb-headline-e419680e gb-headline-text\">Un horno rotatorio de caol\u00edn es un equipo importante en la producci\u00f3n y sinterizaci\u00f3n de caol\u00edn. Generalmente, la temperatura del horno rotatorio debe ser superior a 950\u00b0C. Un horno rotatorio de caol\u00edn tambi\u00e9n se denomina horno de calcinaci\u00f3n de caol\u00edn, y tambi\u00e9n puede utilizarse para la calcinaci\u00f3n de bauxita, calcinaci\u00f3n de magnesia, calcinaci\u00f3n de \u00f3xido de zinc, etc.<\/p>\n\n\n<div class=\"gb-grid-wrapper gb-grid-wrapper-eebec76e\">\n<div class=\"gb-grid-column gb-grid-column-e3ada2f0\"><div class=\"gb-container gb-container-e3ada2f0\">\n\n<p class=\"gb-headline gb-headline-4c79a90a gb-headline-text\"><mark style=\"background-color:rgba(0, 0, 0, 0)\" class=\"has-inline-color has-global-color-8-color\"><strong>Capacidad:<\/strong><\/mark> 2-20 toneladas por hora<\/p>\n\n<\/div><\/div>\n\n<div class=\"gb-grid-column gb-grid-column-0bb00826\"><div class=\"gb-container gb-container-0bb00826\">\n\n<p class=\"gb-headline gb-headline-86d53f56 gb-headline-text\"><mark style=\"background-color:rgba(0, 0, 0, 0)\" class=\"has-inline-color has-global-color-8-color\"><strong><strong>Modelo<\/strong>:<\/strong><\/mark> \u00d81,6\u00d732m-\u00d84\u00d780m<\/p>\n\n<\/div><\/div>\n<\/div>\n\n\n<p class=\"gb-headline gb-headline-2750f5a7 gb-headline-text\"><strong>Peso del equipo:<\/strong><\/p>\n\n\n\n<p>&nbsp;46,8-564,8 toneladas<\/p>\n\n\n\n<p class=\"gb-headline gb-headline-90e9c23c gb-headline-text\"><strong>Solicitud:<\/strong><\/p>\n\n\n\n<p>Adecuado para la industria metal\u00fargica, qu\u00edmica y de materiales de construcci\u00f3n, entre otras.<\/p>\n\n\n<div class=\"gb-container gb-container-256e15f1\">\n\n<a class=\"gb-button gb-button-e8b73d89 gb-button-text\" href=\"#popmake-622\">Obtener presupuesto gratuito<\/a>\n\n<\/div>\n<\/div><\/div>\n<\/div>\n<\/div>\n<\/div>\n\n<div class=\"gb-container gb-container-af5f8799\">\n<div class=\"gb-container gb-container-2298848b\">\n\n<h2 class=\"gb-headline gb-headline-9d27ad2c gb-headline-text\">Caracter\u00edsticas destacadas del horno rotatorio de caol\u00edn<\/h2>\n\n\n\n<figure class=\"gb-block-image gb-block-image-d3dc0db2\"><img decoding=\"async\" width=\"665\" height=\"545\" class=\"gb-image gb-image-d3dc0db2\" src=\"https:\/\/hengxingmachinery.com\/wp-content\/uploads\/2025\/03\/features-of-kaolin-rotary-kiln.jpg\" alt=\"\" title=\"caracter\u00edsticas-del-horno-rotatorio-de-caol\u00edn\" srcset=\"https:\/\/hengxingmachinery.com\/wp-content\/uploads\/2025\/03\/features-of-kaolin-rotary-kiln.jpg 665w, https:\/\/hengxingmachinery.com\/wp-content\/uploads\/2025\/03\/features-of-kaolin-rotary-kiln-300x246.jpg 300w, https:\/\/hengxingmachinery.com\/wp-content\/uploads\/2025\/03\/features-of-kaolin-rotary-kiln-15x12.jpg 15w\" sizes=\"(max-width: 665px) 100vw, 665px\" \/><\/figure>\n\n\n\n<p>1. El horno rotatorio de caol\u00edn tiene una estructura externa simple y una estructura interna razonable, lo que facilita su instalaci\u00f3n, operaci\u00f3n y mantenimiento;<\/p>\n\n\n\n<p>2. El cilindro interior del horno funciona de manera muy uniforme, con bajo consumo de energ\u00eda t\u00e9rmica, bajo consumo de energ\u00eda el\u00e9ctrica y baja tasa de fallos, lo que no solo realiza eficazmente el reciclaje de la energ\u00eda t\u00e9rmica sino que tambi\u00e9n reduce los costos de producci\u00f3n;<\/p>\n\n\n\n<p>3. La estanqueidad en el interior del horno es relativamente razonable, impidiendo eficazmente la entrada de materias extra\u00f1as y aire fr\u00edo del exterior, y al mismo tiempo reduciendo la dispersi\u00f3n de polvo, disminuyendo la contaminaci\u00f3n por polvo y mejorando el entorno de producci\u00f3n;<\/p>\n\n\n\n<p>4. El equipo est\u00e1 equipado con un dispositivo de enfriamiento autom\u00e1tico. El caol\u00edn calcinado entrar\u00e1 autom\u00e1ticamente en el dispositivo de enfriamiento para lograr un enfriamiento autom\u00e1tico, lo que puede mejorar eficazmente la tasa de reciclaje de los materiales de caol\u00edn y aumentar la producci\u00f3n.<\/p>\n\n\n<div class=\"gb-container gb-container-d7b7b595\">\n\n<a class=\"gb-button gb-button-c1312760 gb-button-text\" href=\"#popmake-622\">Obtener presupuesto gratuito<\/a>\n\n<\/div>\n<\/div>\n<\/div>\n\n<div class=\"gb-container gb-container-ebd718b6\">\n<div class=\"gb-container gb-container-5c75b960\">\n\n<h2 class=\"gb-headline gb-headline-98859344 gb-headline-text\">Principio de funcionamiento del horno rotatorio de caol\u00edn<\/h2>\n\n\n\n<figure class=\"gb-block-image gb-block-image-c486b36e\"><img decoding=\"async\" width=\"1450\" height=\"600\" class=\"gb-image gb-image-c486b36e\" src=\"https:\/\/hengxingmachinery.com\/wp-content\/uploads\/2025\/03\/components-of-kaolin-rotary-kiln.jpg\" alt=\"\" title=\"componentes-del-horno-rotatorio-de-caol\u00edn\" srcset=\"https:\/\/hengxingmachinery.com\/wp-content\/uploads\/2025\/03\/components-of-kaolin-rotary-kiln.jpg 1450w, https:\/\/hengxingmachinery.com\/wp-content\/uploads\/2025\/03\/components-of-kaolin-rotary-kiln-300x124.jpg 300w, https:\/\/hengxingmachinery.com\/wp-content\/uploads\/2025\/03\/components-of-kaolin-rotary-kiln-1024x424.jpg 1024w, https:\/\/hengxingmachinery.com\/wp-content\/uploads\/2025\/03\/components-of-kaolin-rotary-kiln-768x318.jpg 768w, https:\/\/hengxingmachinery.com\/wp-content\/uploads\/2025\/03\/components-of-kaolin-rotary-kiln-18x7.jpg 18w\" sizes=\"(max-width: 1450px) 100vw, 1450px\" \/><\/figure>\n\n\n\n<p>Cuando el horno rotatorio de caol\u00edn comienza a funcionar, la materia prima de caol\u00edn entra en el cilindro a trav\u00e9s del precalentador desde el extremo del horno. Debido a la instalaci\u00f3n inclinada del cilindro y su rotaci\u00f3n lenta, el material de caol\u00edn produce un movimiento de rodadura en direcci\u00f3n circunferencial y un. <\/p>\n\n\n\n<p>movimiento compuesto en direcci\u00f3n axial desde el extremo superior hacia el inferior. El material de caol\u00edn se descompone y se calcina en el horno, y el cl\u00ednker se descarga por la cabeza del horno (extremo inferior) y entra en el enfriador.<\/p>\n\n\n<div class=\"gb-container gb-container-d6bbf16a\">\n\n<a class=\"gb-button gb-button-caa3f2bc gb-button-text\" href=\"#popmake-622\">Obtener presupuesto gratuito<\/a>\n\n<\/div>\n<\/div>\n<\/div>\n\n<div class=\"gb-container gb-container-435ad261\">\n<div class=\"gb-container gb-container-7dc79cc4\">\n\n<h2 class=\"gb-headline gb-headline-6fe5dee2 gb-headline-text\">Especificaciones del horno rotatorio de caol\u00edn<\/h2>\n\n\n\n<figure class=\"wp-block-table is-style-regular\"><table class=\"has-fixed-layout\"><tbody><tr><td rowspan=\"2\"><strong>Tipo<\/strong><\/td><td rowspan=\"2\"><strong>Tipo de especificaci\u00f3n (m)<\/strong><\/td><td class=\"has-text-align-center\" data-align=\"center\" colspan=\"3\"><strong>Dimensi\u00f3n de la carcasa<\/strong><\/td><td rowspan=\"2\">&nbsp;<strong>Producci\u00f3n (t\/h)<\/strong><\/td><td rowspan=\"2\">&nbsp;<strong>Revoluciones (rpm)<\/strong><\/td><td rowspan=\"2\">&nbsp;<strong>Potencia del motor (kW)<\/strong><\/td><td rowspan=\"2\">&nbsp;<strong>Peso (t)<\/strong><\/td><\/tr><tr><td><strong>Di\u00e1metro (m)<\/strong><\/td><td>&nbsp;<strong>Longitud (m)<\/strong><\/td><td class=\"has-text-align-center\" data-align=\"center\">&nbsp;<strong>Inclinaci\u00f3n<\/strong> <strong>(%)<\/strong><\/td><\/tr><tr><td rowspan=\"12\">Horno rotatorio de tubo recto<\/td><td>\u04241.8\u00d745<\/td><td class=\"has-text-align-center\" data-align=\"center\">1.8<\/td><td>45<\/td><td>4<\/td><td>1.9-2.4<\/td><td>0.16-1.62<\/td><td>30<\/td><td>78.2<\/td><\/tr><tr><td>\u04241.9\u00d739<\/td><td>1.9<\/td><td class=\"has-text-align-center\" data-align=\"center\">39<\/td><td>4<\/td><td>1.65-3<\/td><td>0.29-2.93<\/td><td>30<\/td><td>77.59<\/td><\/tr><tr><td>\u04242.0\u00d740<\/td><td>2<\/td><td class=\"has-text-align-center\" data-align=\"center\">40<\/td><td>3<\/td><td>2.5-4<\/td><td>0.23-2.26<\/td><td>37<\/td><td>119.1<\/td><\/tr><tr><td>\u04242.2\u00d745<\/td><td>2.2<\/td><td class=\"has-text-align-center\" data-align=\"center\">45<\/td><td>3.5<\/td><td>3.4-5.4<\/td><td>0.21-2.44<\/td><td>45<\/td><td>128.3<\/td><\/tr><tr><td>\u04242.5\u00d740<\/td><td>2.5<\/td><td class=\"has-text-align-center\" data-align=\"center\">40<\/td><td>3.5<\/td><td>9.0-10.5<\/td><td>0.44-2.44<\/td><td>55<\/td><td>149.61<\/td><\/tr><tr><td>\u04242.5\u00d750<\/td><td>2.5<\/td><td class=\"has-text-align-center\" data-align=\"center\">50<\/td><td>3<\/td><td>6.25-7.4<\/td><td>0.62-1.86<\/td><td>55<\/td><td>187.37<\/td><\/tr><tr><td>\u04242.5\u00d754<\/td><td>2.5<\/td><td class=\"has-text-align-center\" data-align=\"center\">54<\/td><td>3.5<\/td><td>6.9-8.5<\/td><td>0.48-1.45<\/td><td>55<\/td><td>196.29<\/td><\/tr><tr><td>\u04242.7\u00d742<\/td><td>2.7<\/td><td class=\"has-text-align-center\" data-align=\"center\">42<\/td><td>3.5<\/td><td>10.0-11.0<\/td><td>0.10-1.52<\/td><td>55<\/td><td>198.5<\/td><\/tr><tr><td>\u04242.8\u00d744<\/td><td>2.8<\/td><td class=\"has-text-align-center\" data-align=\"center\">44<\/td><td>3.5<\/td><td>12.5-13.5<\/td><td>0.437-2.47<\/td><td>55<\/td><td>201.58<\/td><\/tr><tr><td>\u04243.0\u00d745<\/td><td>3<\/td><td class=\"has-text-align-center\" data-align=\"center\">45<\/td><td>3.5<\/td><td>12.8-14.5<\/td><td>0.5-2.47<\/td><td>75<\/td><td>210.94<\/td><\/tr><tr><td>\u04243.0\u00d748<\/td><td>3<\/td><td class=\"has-text-align-center\" data-align=\"center\">48<\/td><td>3.5<\/td><td>25.6-29.3<\/td><td>0.6-3.48<\/td><td>90<\/td><td>237<\/td><\/tr><tr><td>\u04243.2\u00d750<\/td><td>3.2<\/td><td class=\"has-text-align-center\" data-align=\"center\">50<\/td><td>4<\/td><td>40.5-42<\/td><td>0.6-3<\/td><td>100<\/td><td>278<\/td><\/tr><\/tbody><\/table><\/figure>\n\n\n<div class=\"gb-container gb-container-263d9700\">\n\n<a class=\"gb-button gb-button-a4cbb7be gb-button-text\" href=\"#popmake-622\">Obtener presupuesto gratuito<\/a>\n\n<\/div>\n<\/div>\n<\/div>","protected":false},"excerpt":{"rendered":"<p>Kaolin rotary kiln Outstanding features of kaolin rotary kiln 1. Kaolin rotary kiln has a simple external structure and reasonable internal structure, which is easy to install, operate and maintain; 2. The cylinder inside the kiln runs very uniformly, with low heat energy consumption, low power consumption and low failure rate, which not only effectively &#8230; <\/p>\n<p class=\"read-more-container\"><a title=\"6-1. Horno rotatorio de caol\u00edn\" class=\"read-more button\" href=\"https:\/\/hengxingmachinery.com\/es\/kaolin-rotary-kiln\/#more-2115\" aria-label=\"Leer m\u00e1s sobre 6-1. Kaolin rotary kiln\">Leer m\u00e1s<\/a><\/p>","protected":false},"author":1,"featured_media":0,"parent":0,"menu_order":0,"comment_status":"closed","ping_status":"closed","template":"","meta":{"footnotes":""},"class_list":["post-2115","page","type-page","status-publish"],"yoast_head":"<!-- This site is optimized with the Yoast SEO plugin v27.4 - https:\/\/yoast.com\/product\/yoast-seo-wordpress\/ -->\n<title>6-1. Kaolin rotary kiln - Hengxing Machinery<\/title>\n<meta name=\"robots\" content=\"index, follow, max-snippet:-1, max-image-preview:large, max-video-preview:-1\" \/>\n<link rel=\"canonical\" href=\"https:\/\/hengxingmachinery.com\/es\/kaolin-rotary-kiln\/\" \/>\n<meta property=\"og:locale\" content=\"es_ES\" \/>\n<meta property=\"og:type\" content=\"article\" \/>\n<meta property=\"og:title\" content=\"6-1. Kaolin rotary kiln - Hengxing Machinery\" \/>\n<meta property=\"og:description\" content=\"Kaolin rotary kiln Outstanding features of kaolin rotary kiln 1. Kaolin rotary kiln has a simple external structure and reasonable internal structure, which is easy to install, operate and maintain; 2. The cylinder inside the kiln runs very uniformly, with low heat energy consumption, low power consumption and low failure rate, which not only effectively ... Leer m\u00e1s\" \/>\n<meta property=\"og:url\" content=\"https:\/\/hengxingmachinery.com\/es\/kaolin-rotary-kiln\/\" \/>\n<meta property=\"og:site_name\" content=\"Hengxing Machinery\" \/>\n<meta property=\"article:modified_time\" content=\"2025-03-14T03:39:19+00:00\" \/>\n<meta property=\"og:image\" content=\"https:\/\/hengxingmachinery.com\/wp-content\/uploads\/2025\/03\/kaolin-rotary-kiln.jpg\" \/>\n<meta name=\"twitter:card\" content=\"summary_large_image\" \/>\n<meta name=\"twitter:label1\" content=\"Tiempo de lectura\" \/>\n\t<meta name=\"twitter:data1\" content=\"3 minutos\" \/>\n<script type=\"application\/ld+json\" class=\"yoast-schema-graph\">{\"@context\":\"https:\\\/\\\/schema.org\",\"@graph\":[{\"@type\":\"WebPage\",\"@id\":\"https:\\\/\\\/hengxingmachinery.com\\\/kaolin-rotary-kiln\\\/\",\"url\":\"https:\\\/\\\/hengxingmachinery.com\\\/kaolin-rotary-kiln\\\/\",\"name\":\"6-1. Kaolin rotary kiln - Hengxing Machinery\",\"isPartOf\":{\"@id\":\"https:\\\/\\\/hengxingmachinery.com\\\/#website\"},\"primaryImageOfPage\":{\"@id\":\"https:\\\/\\\/hengxingmachinery.com\\\/kaolin-rotary-kiln\\\/#primaryimage\"},\"image\":{\"@id\":\"https:\\\/\\\/hengxingmachinery.com\\\/kaolin-rotary-kiln\\\/#primaryimage\"},\"thumbnailUrl\":\"https:\\\/\\\/hengxingmachinery.com\\\/wp-content\\\/uploads\\\/2025\\\/03\\\/kaolin-rotary-kiln.jpg\",\"datePublished\":\"2025-03-13T07:44:19+00:00\",\"dateModified\":\"2025-03-14T03:39:19+00:00\",\"breadcrumb\":{\"@id\":\"https:\\\/\\\/hengxingmachinery.com\\\/kaolin-rotary-kiln\\\/#breadcrumb\"},\"inLanguage\":\"es\",\"potentialAction\":[{\"@type\":\"ReadAction\",\"target\":[\"https:\\\/\\\/hengxingmachinery.com\\\/kaolin-rotary-kiln\\\/\"]}]},{\"@type\":\"ImageObject\",\"inLanguage\":\"es\",\"@id\":\"https:\\\/\\\/hengxingmachinery.com\\\/kaolin-rotary-kiln\\\/#primaryimage\",\"url\":\"https:\\\/\\\/hengxingmachinery.com\\\/wp-content\\\/uploads\\\/2025\\\/03\\\/kaolin-rotary-kiln.jpg\",\"contentUrl\":\"https:\\\/\\\/hengxingmachinery.com\\\/wp-content\\\/uploads\\\/2025\\\/03\\\/kaolin-rotary-kiln.jpg\"},{\"@type\":\"BreadcrumbList\",\"@id\":\"https:\\\/\\\/hengxingmachinery.com\\\/kaolin-rotary-kiln\\\/#breadcrumb\",\"itemListElement\":[{\"@type\":\"ListItem\",\"position\":1,\"name\":\"Home\",\"item\":\"https:\\\/\\\/hengxingmachinery.com\\\/\"},{\"@type\":\"ListItem\",\"position\":2,\"name\":\"6-1. Kaolin rotary kiln\"}]},{\"@type\":\"WebSite\",\"@id\":\"https:\\\/\\\/hengxingmachinery.com\\\/#website\",\"url\":\"https:\\\/\\\/hengxingmachinery.com\\\/\",\"name\":\"Hengxing Machinery\",\"description\":\"Leading Manufacturer of All Sorts of Mining Machinery\",\"publisher\":{\"@id\":\"https:\\\/\\\/hengxingmachinery.com\\\/#organization\"},\"potentialAction\":[{\"@type\":\"SearchAction\",\"target\":{\"@type\":\"EntryPoint\",\"urlTemplate\":\"https:\\\/\\\/hengxingmachinery.com\\\/?s={search_term_string}\"},\"query-input\":{\"@type\":\"PropertyValueSpecification\",\"valueRequired\":true,\"valueName\":\"search_term_string\"}}],\"inLanguage\":\"es\"},{\"@type\":\"Organization\",\"@id\":\"https:\\\/\\\/hengxingmachinery.com\\\/#organization\",\"name\":\"Hengxing Machinery\",\"url\":\"https:\\\/\\\/hengxingmachinery.com\\\/\",\"logo\":{\"@type\":\"ImageObject\",\"inLanguage\":\"es\",\"@id\":\"https:\\\/\\\/hengxingmachinery.com\\\/#\\\/schema\\\/logo\\\/image\\\/\",\"url\":\"https:\\\/\\\/hengxingmachinery.com\\\/wp-content\\\/uploads\\\/2024\\\/12\\\/logo.png\",\"contentUrl\":\"https:\\\/\\\/hengxingmachinery.com\\\/wp-content\\\/uploads\\\/2024\\\/12\\\/logo.png\",\"width\":400,\"height\":260,\"caption\":\"Hengxing Machinery\"},\"image\":{\"@id\":\"https:\\\/\\\/hengxingmachinery.com\\\/#\\\/schema\\\/logo\\\/image\\\/\"}}]}<\/script>\n<!-- \/ Yoast SEO plugin. -->","yoast_head_json":{"title":"6-1. Horno rotatorio para caol\u00edn - Maquinaria Hengxing","robots":{"index":"index","follow":"follow","max-snippet":"max-snippet:-1","max-image-preview":"max-image-preview:large","max-video-preview":"max-video-preview:-1"},"canonical":"https:\/\/hengxingmachinery.com\/es\/kaolin-rotary-kiln\/","og_locale":"es_ES","og_type":"article","og_title":"6-1. Kaolin rotary kiln - Hengxing Machinery","og_description":"Kaolin rotary kiln Outstanding features of kaolin rotary kiln 1. Kaolin rotary kiln has a simple external structure and reasonable internal structure, which is easy to install, operate and maintain; 2. The cylinder inside the kiln runs very uniformly, with low heat energy consumption, low power consumption and low failure rate, which not only effectively ... Leer m\u00e1s","og_url":"https:\/\/hengxingmachinery.com\/es\/kaolin-rotary-kiln\/","og_site_name":"Hengxing Machinery","article_modified_time":"2025-03-14T03:39:19+00:00","og_image":[{"url":"https:\/\/hengxingmachinery.com\/wp-content\/uploads\/2025\/03\/kaolin-rotary-kiln.jpg","type":"","width":"","height":""}],"twitter_card":"summary_large_image","twitter_misc":{"Tiempo de lectura":"3 minutos"},"schema":{"@context":"https:\/\/schema.org","@graph":[{"@type":"WebPage","@id":"https:\/\/hengxingmachinery.com\/kaolin-rotary-kiln\/","url":"https:\/\/hengxingmachinery.com\/kaolin-rotary-kiln\/","name":"6-1. Horno rotatorio para caol\u00edn - Maquinaria Hengxing","isPartOf":{"@id":"https:\/\/hengxingmachinery.com\/#website"},"primaryImageOfPage":{"@id":"https:\/\/hengxingmachinery.com\/kaolin-rotary-kiln\/#primaryimage"},"image":{"@id":"https:\/\/hengxingmachinery.com\/kaolin-rotary-kiln\/#primaryimage"},"thumbnailUrl":"https:\/\/hengxingmachinery.com\/wp-content\/uploads\/2025\/03\/kaolin-rotary-kiln.jpg","datePublished":"2025-03-13T07:44:19+00:00","dateModified":"2025-03-14T03:39:19+00:00","breadcrumb":{"@id":"https:\/\/hengxingmachinery.com\/kaolin-rotary-kiln\/#breadcrumb"},"inLanguage":"es","potentialAction":[{"@type":"ReadAction","target":["https:\/\/hengxingmachinery.com\/kaolin-rotary-kiln\/"]}]},{"@type":"ImageObject","inLanguage":"es","@id":"https:\/\/hengxingmachinery.com\/kaolin-rotary-kiln\/#primaryimage","url":"https:\/\/hengxingmachinery.com\/wp-content\/uploads\/2025\/03\/kaolin-rotary-kiln.jpg","contentUrl":"https:\/\/hengxingmachinery.com\/wp-content\/uploads\/2025\/03\/kaolin-rotary-kiln.jpg"},{"@type":"BreadcrumbList","@id":"https:\/\/hengxingmachinery.com\/kaolin-rotary-kiln\/#breadcrumb","itemListElement":[{"@type":"ListItem","position":1,"name":"Home","item":"https:\/\/hengxingmachinery.com\/"},{"@type":"ListItem","position":2,"name":"6-1. Kaolin rotary kiln"}]},{"@type":"WebSite","@id":"https:\/\/hengxingmachinery.com\/#website","url":"https:\/\/hengxingmachinery.com\/","name":"Maquinaria Hengxing","description":"Fabricante l\u00edder de todo tipo de maquinaria minera","publisher":{"@id":"https:\/\/hengxingmachinery.com\/#organization"},"potentialAction":[{"@type":"SearchAction","target":{"@type":"EntryPoint","urlTemplate":"https:\/\/hengxingmachinery.com\/?s={search_term_string}"},"query-input":{"@type":"PropertyValueSpecification","valueRequired":true,"valueName":"search_term_string"}}],"inLanguage":"es"},{"@type":"Organization","@id":"https:\/\/hengxingmachinery.com\/#organization","name":"Maquinaria Hengxing","url":"https:\/\/hengxingmachinery.com\/","logo":{"@type":"ImageObject","inLanguage":"es","@id":"https:\/\/hengxingmachinery.com\/#\/schema\/logo\/image\/","url":"https:\/\/hengxingmachinery.com\/wp-content\/uploads\/2024\/12\/logo.png","contentUrl":"https:\/\/hengxingmachinery.com\/wp-content\/uploads\/2024\/12\/logo.png","width":400,"height":260,"caption":"Hengxing Machinery"},"image":{"@id":"https:\/\/hengxingmachinery.com\/#\/schema\/logo\/image\/"}}]}},"_links":{"self":[{"href":"https:\/\/hengxingmachinery.com\/es\/wp-json\/wp\/v2\/pages\/2115","targetHints":{"allow":["GET"]}}],"collection":[{"href":"https:\/\/hengxingmachinery.com\/es\/wp-json\/wp\/v2\/pages"}],"about":[{"href":"https:\/\/hengxingmachinery.com\/es\/wp-json\/wp\/v2\/types\/page"}],"author":[{"embeddable":true,"href":"https:\/\/hengxingmachinery.com\/es\/wp-json\/wp\/v2\/users\/1"}],"replies":[{"embeddable":true,"href":"https:\/\/hengxingmachinery.com\/es\/wp-json\/wp\/v2\/comments?post=2115"}],"version-history":[{"count":3,"href":"https:\/\/hengxingmachinery.com\/es\/wp-json\/wp\/v2\/pages\/2115\/revisions"}],"predecessor-version":[{"id":2209,"href":"https:\/\/hengxingmachinery.com\/es\/wp-json\/wp\/v2\/pages\/2115\/revisions\/2209"}],"wp:attachment":[{"href":"https:\/\/hengxingmachinery.com\/es\/wp-json\/wp\/v2\/media?parent=2115"}],"curies":[{"name":"wp","href":"https:\/\/api.w.org\/{rel}","templated":true}]}}