{"id":2127,"date":"2025-03-13T08:12:59","date_gmt":"2025-03-13T08:12:59","guid":{"rendered":"https:\/\/hengxingmachinery.com\/?page_id=2127"},"modified":"2025-03-14T10:00:09","modified_gmt":"2025-03-14T10:00:09","slug":"zinc-oxide-rotary-kiln","status":"publish","type":"page","link":"https:\/\/hengxingmachinery.com\/es\/zinc-oxide-rotary-kiln\/","title":{"rendered":"6-1. Horno rotatorio de \u00f3xido de zinc"},"content":{"rendered":"<div class=\"gb-container gb-container-45165f5a\">\n<div class=\"gb-container gb-container-c2652eb4\">\n\n<h1 class=\"gb-headline gb-headline-62a8b2cc gb-headline-text\">Horno rotatorio de \u00f3xido de zinc<\/h1>\n\n<\/div>\n<\/div>\n\n<div class=\"gb-container gb-container-519cf624\">\n<div class=\"gb-container gb-container-71ca071e\">\n<div class=\"gb-grid-wrapper gb-grid-wrapper-8a5f0688\">\n<div class=\"gb-grid-column gb-grid-column-1e99b1c2\"><div class=\"gb-container gb-container-1e99b1c2\">\n\n<figure class=\"gb-block-image gb-block-image-e4eaba54\"><img decoding=\"async\" width=\"665\" height=\"545\" class=\"gb-image gb-image-e4eaba54\" src=\"https:\/\/hengxingmachinery.com\/wp-content\/uploads\/2025\/03\/zinc-oxide-rotary-kiln-for-sale.jpg\" alt=\"\" title=\"horno-rotatorio-de-\u00f3xido-de-zinc-en-venta\" srcset=\"https:\/\/hengxingmachinery.com\/wp-content\/uploads\/2025\/03\/zinc-oxide-rotary-kiln-for-sale.jpg 665w, https:\/\/hengxingmachinery.com\/wp-content\/uploads\/2025\/03\/zinc-oxide-rotary-kiln-for-sale-300x246.jpg 300w, https:\/\/hengxingmachinery.com\/wp-content\/uploads\/2025\/03\/zinc-oxide-rotary-kiln-for-sale-15x12.jpg 15w\" sizes=\"(max-width: 665px) 100vw, 665px\" \/><\/figure>\n\n<\/div><\/div>\n\n<div class=\"gb-grid-column gb-grid-column-bcae065b\"><div class=\"gb-container gb-container-bcae065b\">\n\n<p class=\"gb-headline gb-headline-e419680e gb-headline-text\">El horno rotatorio de \u00f3xido de zinc es uno de los m\u00e9todos comunes para procesar materiales intermedios que contienen zinc, y tambi\u00e9n es un equipo de tostaci\u00f3n para calcinar zinc. Un horno rotatorio de \u00f3xido de zinc es un tipo de horno rotatorio especialmente dise\u00f1ado para la producci\u00f3n de \u00f3xido de zinc. Dado que el \u00f3xido de zinc es un polvo fino, debemos fabricar un conjunto espec\u00edfico de hornos rotatorios para \u00f3xido de zinc.<\/p>\n\n\n<div class=\"gb-grid-wrapper gb-grid-wrapper-eebec76e\">\n<div class=\"gb-grid-column gb-grid-column-e3ada2f0\"><div class=\"gb-container gb-container-e3ada2f0\">\n\n<p class=\"gb-headline gb-headline-4c79a90a gb-headline-text\"><mark style=\"background-color:rgba(0, 0, 0, 0)\" class=\"has-inline-color has-global-color-8-color\"><strong>Capacidad:<\/strong><\/mark> 180-2750t\/h<\/p>\n\n<\/div><\/div>\n\n<div class=\"gb-grid-column gb-grid-column-0bb00826\"><div class=\"gb-container gb-container-0bb00826\">\n\n<p class=\"gb-headline gb-headline-86d53f56 gb-headline-text\"><mark style=\"background-color:rgba(0, 0, 0, 0)\" class=\"has-inline-color has-global-color-8-color\"><strong><strong>Modelo<\/strong>:<\/strong><\/mark> \u00d82.5\u00d740mm-\u00d84.2\u00d760mm<\/p>\n\n<\/div><\/div>\n<\/div>\n\n\n<p class=\"gb-headline gb-headline-2750f5a7 gb-headline-text\"><strong>Peso del equipo:<\/strong><\/p>\n\n\n\n<p>&nbsp;149,61-633 toneladas<\/p>\n\n\n\n<p class=\"gb-headline gb-headline-90e9c23c gb-headline-text\"><strong>Solicitud:<\/strong><\/p>\n\n\n\n<p>Adecuado para procesar materiales intermedios que contienen zinc, y tambi\u00e9n es un equipo de tostaci\u00f3n para calcinar zinc.<\/p>\n\n\n<div class=\"gb-container gb-container-256e15f1\">\n\n<a class=\"gb-button gb-button-e8b73d89 gb-button-text\" href=\"#popmake-622\">Obtener presupuesto gratuito<\/a>\n\n<\/div>\n<\/div><\/div>\n<\/div>\n<\/div>\n<\/div>\n\n<div class=\"gb-container gb-container-af5f8799\">\n<div class=\"gb-container gb-container-2298848b\">\n\n<h2 class=\"gb-headline gb-headline-9d27ad2c gb-headline-text\">Caracter\u00edsticas destacadas del horno rotatorio de \u00f3xido de zinc<\/h2>\n\n\n\n<figure class=\"gb-block-image gb-block-image-d3dc0db2\"><img decoding=\"async\" width=\"665\" height=\"545\" class=\"gb-image gb-image-d3dc0db2\" src=\"https:\/\/hengxingmachinery.com\/wp-content\/uploads\/2025\/03\/zinc-oxide-rotary-kiln-feature.jpg\" alt=\"\" title=\"caracter\u00edstica-del-horno-rotatorio-de-\u00f3xido-de-zinc\" srcset=\"https:\/\/hengxingmachinery.com\/wp-content\/uploads\/2025\/03\/zinc-oxide-rotary-kiln-feature.jpg 665w, https:\/\/hengxingmachinery.com\/wp-content\/uploads\/2025\/03\/zinc-oxide-rotary-kiln-feature-300x246.jpg 300w, https:\/\/hengxingmachinery.com\/wp-content\/uploads\/2025\/03\/zinc-oxide-rotary-kiln-feature-15x12.jpg 15w\" sizes=\"(max-width: 665px) 100vw, 665px\" \/><\/figure>\n\n\n\n<p>1. La configuraci\u00f3n del equipo del horno rotatorio de \u00f3xido de zinc es simple, lo que reduce los costos de inversi\u00f3n y mejora la productividad;<\/p>\n\n\n\n<p>2. El horno rotatorio de \u00f3xido de zinc tiene alta eficiencia, el \u00f3xido de zinc obtenido por calcinaci\u00f3n y fundici\u00f3n es de buena calidad, y la cantidad de n\u00f3dulos es peque\u00f1a;<\/p>\n\n\n\n<p>3. Toda la l\u00ednea de producci\u00f3n de \u00f3xido de zinc funciona de manera estable y tiene un gran volumen de producci\u00f3n;<\/p>\n\n\n\n<p>4. Toda la l\u00ednea de producci\u00f3n tiene una cantidad reducida de equipos, y cada equipo y sus capacidades garantizan la racionalidad de la inversi\u00f3n del usuario.<\/p>\n\n\n<div class=\"gb-container gb-container-d7b7b595\">\n\n<a class=\"gb-button gb-button-c1312760 gb-button-text\" href=\"#popmake-622\">Obtener presupuesto gratuito<\/a>\n\n<\/div>\n<\/div>\n<\/div>\n\n<div class=\"gb-container gb-container-ebd718b6\">\n<div class=\"gb-container gb-container-5c75b960\">\n\n<h2 class=\"gb-headline gb-headline-98859344 gb-headline-text\">Principio de funcionamiento del horno rotatorio de \u00f3xido de zinc<\/h2>\n\n\n\n<figure class=\"gb-block-image gb-block-image-c486b36e\"><img decoding=\"async\" width=\"665\" height=\"545\" class=\"gb-image gb-image-c486b36e\" src=\"https:\/\/hengxingmachinery.com\/wp-content\/uploads\/2025\/03\/working-of-zinc-oxide-rotary-kiln.jpg\" alt=\"\" title=\"funcionamiento-del-horno-rotatorio-de-\u00f3xido-de-zinc\" srcset=\"https:\/\/hengxingmachinery.com\/wp-content\/uploads\/2025\/03\/working-of-zinc-oxide-rotary-kiln.jpg 665w, https:\/\/hengxingmachinery.com\/wp-content\/uploads\/2025\/03\/working-of-zinc-oxide-rotary-kiln-300x246.jpg 300w, https:\/\/hengxingmachinery.com\/wp-content\/uploads\/2025\/03\/working-of-zinc-oxide-rotary-kiln-15x12.jpg 15w\" sizes=\"(max-width: 665px) 100vw, 665px\" \/><\/figure>\n\n\n\n<p>El principio de funcionamiento del horno rotatorio de \u00f3xido de zinc es el proceso completo y el principio de calcinaci\u00f3n del zinc y tratamiento de materiales que contienen zinc. Generalmente, el horno rotatorio de \u00f3xido de zinc se utiliza para procesar tortas de filtro que contienen zinc. El zinc en la torta de filtro existe principalmente en forma de ferrita de zinc, \u00f3xidos y sulfatos. <\/p>\n\n\n\n<p>Bajo la alta temperatura del horno rotatorio de \u00f3xido de zinc, la ferrita de zinc reacciona con carbono s\u00f3lido para reducirse a zinc met\u00e1lico, y los sulfatos de zinc, plomo y cadmio tambi\u00e9n se reducen, volatiliz\u00e1ndose bien en forma de sulfuro y oro. <\/p>\n\n\n\n<p>El metal reducido y volatilizado de la fase s\u00f3lida se reoxida bajo la acci\u00f3n de la atm\u00f3sfera del horno y se produce principalmente en forma de \u00f3xidos.<\/p>\n\n\n<div class=\"gb-container gb-container-d6bbf16a\">\n\n<a class=\"gb-button gb-button-caa3f2bc gb-button-text\" href=\"#popmake-622\">Obtener presupuesto gratuito<\/a>\n\n<\/div>\n<\/div>\n<\/div>\n\n<div class=\"gb-container gb-container-435ad261\">\n<div class=\"gb-container gb-container-7dc79cc4\">\n\n<h2 class=\"gb-headline gb-headline-6fe5dee2 gb-headline-text\">Especificaciones del horno rotatorio de \u00f3xido de zinc<\/h2>\n\n\n\n<figure class=\"wp-block-table\"><table class=\"has-fixed-layout\"><tbody><tr><td>Especificaci\u00f3n (m)<\/td><td>Di\u00e1metro (m)<\/td><td>Longitud (m)<\/td><td>Inclinaci\u00f3n (%)<\/td><td>Capacidad (t\/h)<\/td><td>Velocidad de rotaci\u00f3n (r\/min)<\/td><td>Potencia del motor (KW)<\/td><td>Peso total (t)<\/td><\/tr><tr><td>\u03c62,5\u00d740<\/td><td>2.5<\/td><td>40<\/td><td>3.5<\/td><td>180<\/td><td>0.44-2.44<\/td><td>55<\/td><td>149.61<\/td><\/tr><tr><td>\u03c62,5\u00d750<\/td><td>2.5<\/td><td>50<\/td><td>3<\/td><td>200<\/td><td>0.62-1.86<\/td><td>55<\/td><td>187.37<\/td><\/tr><tr><td>\u03c62,5\u00d754<\/td><td>2.5<\/td><td>54<\/td><td>3.5<\/td><td>280<\/td><td>0.48-1.45<\/td><td>55<\/td><td>196.29<\/td><\/tr><tr><td>\u03c62,7\u00d742<\/td><td>2.7<\/td><td>42<\/td><td>3.5<\/td><td>320<\/td><td>0.10-1.52<\/td><td>55<\/td><td>198.5<\/td><\/tr><tr><td>\u03c62,8\u00d744<\/td><td>2.8<\/td><td>44<\/td><td>3.5<\/td><td>450<\/td><td>0.437-2.18<\/td><td>55<\/td><td>201.58<\/td><\/tr><tr><td>\u03c63,0\u00d745<\/td><td>3.0<\/td><td>45<\/td><td>3.5<\/td><td>500<\/td><td>0.5-2.47<\/td><td>75<\/td><td>210.94<\/td><\/tr><tr><td>\u03c63,0\u00d748<\/td><td>3.0<\/td><td>48<\/td><td>3.5<\/td><td>700<\/td><td>0.6-3.48<\/td><td>100<\/td><td>237<\/td><\/tr><tr><td>\u03c63,0\u00d760<\/td><td>3.0<\/td><td>60<\/td><td>3.5<\/td><td>800<\/td><td>0.3-2<\/td><td>100<\/td><td>310<\/td><\/tr><tr><td>\u03c63,2\u00d750<\/td><td>3.2<\/td><td>50<\/td><td>4<\/td><td>1000<\/td><td>0.6-3<\/td><td>125<\/td><td>278<\/td><\/tr><tr><td>\u03c63.3\u00d752<\/td><td>3.3<\/td><td>52<\/td><td>3.5<\/td><td>1300<\/td><td>0.266-2.66<\/td><td>125<\/td><td>283<\/td><\/tr><tr><td>\u03c63.5\u00d754<\/td><td>3.5<\/td><td>54<\/td><td>3.5<\/td><td>1500<\/td><td>0.55-3.4<\/td><td>220<\/td><td>363<\/td><\/tr><tr><td>\u03c63.6\u00d770<\/td><td>3.6<\/td><td>70<\/td><td>3.5<\/td><td>1800<\/td><td>0.25-1.25<\/td><td>125<\/td><td>419<\/td><\/tr><tr><td>\u03c64.0\u00d756<\/td><td>4.0<\/td><td>56<\/td><td>4<\/td><td>2300<\/td><td>0.41-4.07<\/td><td>315<\/td><td>456<\/td><\/tr><tr><td>\u03c64.0\u00d760<\/td><td>4.0<\/td><td>60<\/td><td>3.5<\/td><td>2500<\/td><td>0.396-3.96<\/td><td>315<\/td><td>510<\/td><\/tr><tr><td>\u03c64.2\u00d760<\/td><td>4.2<\/td><td>60<\/td><td>4<\/td><td>2750<\/td><td>0.41-4.07<\/td><td>375<\/td><td>633<\/td><\/tr><\/tbody><\/table><\/figure>\n\n\n<div class=\"gb-container gb-container-263d9700\">\n\n<a class=\"gb-button gb-button-a4cbb7be gb-button-text\" href=\"#popmake-622\">Obtener presupuesto gratuito<\/a>\n\n<\/div>\n<\/div>\n<\/div>","protected":false},"excerpt":{"rendered":"<p>Zinc oxide rotary kiln Outstanding features of zinc oxide rotary kiln 1. The equipment configuration of zinc oxide rotary kiln is simple, which reduces investment costs and improves productivity; 2. The zinc oxide rotary kiln has high efficiency, the zinc oxide obtained by calcination and smelting is of good quality, and the amount of nodules &#8230; <\/p>\n<p class=\"read-more-container\"><a title=\"6-1. Horno rotatorio de \u00f3xido de zinc\" class=\"read-more button\" href=\"https:\/\/hengxingmachinery.com\/es\/zinc-oxide-rotary-kiln\/#more-2127\" aria-label=\"Leer m\u00e1s sobre 6-1. Zinc oxide rotary kiln\">Leer m\u00e1s<\/a><\/p>","protected":false},"author":1,"featured_media":0,"parent":0,"menu_order":0,"comment_status":"closed","ping_status":"closed","template":"","meta":{"footnotes":""},"class_list":["post-2127","page","type-page","status-publish"],"yoast_head":"<!-- This site is optimized with the Yoast SEO plugin v27.4 - https:\/\/yoast.com\/product\/yoast-seo-wordpress\/ -->\n<title>6-1. Zinc oxide rotary kiln - Hengxing Machinery<\/title>\n<meta name=\"robots\" content=\"index, follow, max-snippet:-1, max-image-preview:large, max-video-preview:-1\" \/>\n<link rel=\"canonical\" href=\"https:\/\/hengxingmachinery.com\/es\/zinc-oxide-rotary-kiln\/\" \/>\n<meta property=\"og:locale\" content=\"es_ES\" \/>\n<meta property=\"og:type\" content=\"article\" \/>\n<meta property=\"og:title\" content=\"6-1. Zinc oxide rotary kiln - Hengxing Machinery\" \/>\n<meta property=\"og:description\" content=\"Zinc oxide rotary kiln Outstanding features of zinc oxide rotary kiln 1. The equipment configuration of zinc oxide rotary kiln is simple, which reduces investment costs and improves productivity; 2. The zinc oxide rotary kiln has high efficiency, the zinc oxide obtained by calcination and smelting is of good quality, and the amount of nodules ... Leer m\u00e1s\" \/>\n<meta property=\"og:url\" content=\"https:\/\/hengxingmachinery.com\/es\/zinc-oxide-rotary-kiln\/\" \/>\n<meta property=\"og:site_name\" content=\"Hengxing Machinery\" \/>\n<meta property=\"article:modified_time\" content=\"2025-03-14T10:00:09+00:00\" \/>\n<meta property=\"og:image\" content=\"https:\/\/hengxingmachinery.com\/wp-content\/uploads\/2025\/03\/zinc-oxide-rotary-kiln-for-sale.jpg\" \/>\n<meta name=\"twitter:card\" content=\"summary_large_image\" \/>\n<meta name=\"twitter:label1\" content=\"Tiempo de lectura\" \/>\n\t<meta name=\"twitter:data1\" content=\"3 minutos\" \/>\n<script type=\"application\/ld+json\" class=\"yoast-schema-graph\">{\"@context\":\"https:\\\/\\\/schema.org\",\"@graph\":[{\"@type\":\"WebPage\",\"@id\":\"https:\\\/\\\/hengxingmachinery.com\\\/zinc-oxide-rotary-kiln\\\/\",\"url\":\"https:\\\/\\\/hengxingmachinery.com\\\/zinc-oxide-rotary-kiln\\\/\",\"name\":\"6-1. Zinc oxide rotary kiln - Hengxing Machinery\",\"isPartOf\":{\"@id\":\"https:\\\/\\\/hengxingmachinery.com\\\/#website\"},\"primaryImageOfPage\":{\"@id\":\"https:\\\/\\\/hengxingmachinery.com\\\/zinc-oxide-rotary-kiln\\\/#primaryimage\"},\"image\":{\"@id\":\"https:\\\/\\\/hengxingmachinery.com\\\/zinc-oxide-rotary-kiln\\\/#primaryimage\"},\"thumbnailUrl\":\"https:\\\/\\\/hengxingmachinery.com\\\/wp-content\\\/uploads\\\/2025\\\/03\\\/zinc-oxide-rotary-kiln-for-sale.jpg\",\"datePublished\":\"2025-03-13T08:12:59+00:00\",\"dateModified\":\"2025-03-14T10:00:09+00:00\",\"breadcrumb\":{\"@id\":\"https:\\\/\\\/hengxingmachinery.com\\\/zinc-oxide-rotary-kiln\\\/#breadcrumb\"},\"inLanguage\":\"es\",\"potentialAction\":[{\"@type\":\"ReadAction\",\"target\":[\"https:\\\/\\\/hengxingmachinery.com\\\/zinc-oxide-rotary-kiln\\\/\"]}]},{\"@type\":\"ImageObject\",\"inLanguage\":\"es\",\"@id\":\"https:\\\/\\\/hengxingmachinery.com\\\/zinc-oxide-rotary-kiln\\\/#primaryimage\",\"url\":\"https:\\\/\\\/hengxingmachinery.com\\\/wp-content\\\/uploads\\\/2025\\\/03\\\/zinc-oxide-rotary-kiln-for-sale.jpg\",\"contentUrl\":\"https:\\\/\\\/hengxingmachinery.com\\\/wp-content\\\/uploads\\\/2025\\\/03\\\/zinc-oxide-rotary-kiln-for-sale.jpg\"},{\"@type\":\"BreadcrumbList\",\"@id\":\"https:\\\/\\\/hengxingmachinery.com\\\/zinc-oxide-rotary-kiln\\\/#breadcrumb\",\"itemListElement\":[{\"@type\":\"ListItem\",\"position\":1,\"name\":\"Home\",\"item\":\"https:\\\/\\\/hengxingmachinery.com\\\/\"},{\"@type\":\"ListItem\",\"position\":2,\"name\":\"6-1. Zinc oxide rotary kiln\"}]},{\"@type\":\"WebSite\",\"@id\":\"https:\\\/\\\/hengxingmachinery.com\\\/#website\",\"url\":\"https:\\\/\\\/hengxingmachinery.com\\\/\",\"name\":\"Hengxing Machinery\",\"description\":\"Leading Manufacturer of All Sorts of Mining Machinery\",\"publisher\":{\"@id\":\"https:\\\/\\\/hengxingmachinery.com\\\/#organization\"},\"potentialAction\":[{\"@type\":\"SearchAction\",\"target\":{\"@type\":\"EntryPoint\",\"urlTemplate\":\"https:\\\/\\\/hengxingmachinery.com\\\/?s={search_term_string}\"},\"query-input\":{\"@type\":\"PropertyValueSpecification\",\"valueRequired\":true,\"valueName\":\"search_term_string\"}}],\"inLanguage\":\"es\"},{\"@type\":\"Organization\",\"@id\":\"https:\\\/\\\/hengxingmachinery.com\\\/#organization\",\"name\":\"Hengxing Machinery\",\"url\":\"https:\\\/\\\/hengxingmachinery.com\\\/\",\"logo\":{\"@type\":\"ImageObject\",\"inLanguage\":\"es\",\"@id\":\"https:\\\/\\\/hengxingmachinery.com\\\/#\\\/schema\\\/logo\\\/image\\\/\",\"url\":\"https:\\\/\\\/hengxingmachinery.com\\\/wp-content\\\/uploads\\\/2024\\\/12\\\/logo.png\",\"contentUrl\":\"https:\\\/\\\/hengxingmachinery.com\\\/wp-content\\\/uploads\\\/2024\\\/12\\\/logo.png\",\"width\":400,\"height\":260,\"caption\":\"Hengxing Machinery\"},\"image\":{\"@id\":\"https:\\\/\\\/hengxingmachinery.com\\\/#\\\/schema\\\/logo\\\/image\\\/\"}}]}<\/script>\n<!-- \/ Yoast SEO plugin. -->","yoast_head_json":{"title":"6-1. Horno rotatorio de \u00f3xido de zinc - Hengxing Machinery","robots":{"index":"index","follow":"follow","max-snippet":"max-snippet:-1","max-image-preview":"max-image-preview:large","max-video-preview":"max-video-preview:-1"},"canonical":"https:\/\/hengxingmachinery.com\/es\/zinc-oxide-rotary-kiln\/","og_locale":"es_ES","og_type":"article","og_title":"6-1. Zinc oxide rotary kiln - Hengxing Machinery","og_description":"Zinc oxide rotary kiln Outstanding features of zinc oxide rotary kiln 1. The equipment configuration of zinc oxide rotary kiln is simple, which reduces investment costs and improves productivity; 2. The zinc oxide rotary kiln has high efficiency, the zinc oxide obtained by calcination and smelting is of good quality, and the amount of nodules ... Leer m\u00e1s","og_url":"https:\/\/hengxingmachinery.com\/es\/zinc-oxide-rotary-kiln\/","og_site_name":"Hengxing Machinery","article_modified_time":"2025-03-14T10:00:09+00:00","og_image":[{"url":"https:\/\/hengxingmachinery.com\/wp-content\/uploads\/2025\/03\/zinc-oxide-rotary-kiln-for-sale.jpg","type":"","width":"","height":""}],"twitter_card":"summary_large_image","twitter_misc":{"Tiempo de lectura":"3 minutos"},"schema":{"@context":"https:\/\/schema.org","@graph":[{"@type":"WebPage","@id":"https:\/\/hengxingmachinery.com\/zinc-oxide-rotary-kiln\/","url":"https:\/\/hengxingmachinery.com\/zinc-oxide-rotary-kiln\/","name":"6-1. Horno rotatorio de \u00f3xido de zinc - Hengxing Machinery","isPartOf":{"@id":"https:\/\/hengxingmachinery.com\/#website"},"primaryImageOfPage":{"@id":"https:\/\/hengxingmachinery.com\/zinc-oxide-rotary-kiln\/#primaryimage"},"image":{"@id":"https:\/\/hengxingmachinery.com\/zinc-oxide-rotary-kiln\/#primaryimage"},"thumbnailUrl":"https:\/\/hengxingmachinery.com\/wp-content\/uploads\/2025\/03\/zinc-oxide-rotary-kiln-for-sale.jpg","datePublished":"2025-03-13T08:12:59+00:00","dateModified":"2025-03-14T10:00:09+00:00","breadcrumb":{"@id":"https:\/\/hengxingmachinery.com\/zinc-oxide-rotary-kiln\/#breadcrumb"},"inLanguage":"es","potentialAction":[{"@type":"ReadAction","target":["https:\/\/hengxingmachinery.com\/zinc-oxide-rotary-kiln\/"]}]},{"@type":"ImageObject","inLanguage":"es","@id":"https:\/\/hengxingmachinery.com\/zinc-oxide-rotary-kiln\/#primaryimage","url":"https:\/\/hengxingmachinery.com\/wp-content\/uploads\/2025\/03\/zinc-oxide-rotary-kiln-for-sale.jpg","contentUrl":"https:\/\/hengxingmachinery.com\/wp-content\/uploads\/2025\/03\/zinc-oxide-rotary-kiln-for-sale.jpg"},{"@type":"BreadcrumbList","@id":"https:\/\/hengxingmachinery.com\/zinc-oxide-rotary-kiln\/#breadcrumb","itemListElement":[{"@type":"ListItem","position":1,"name":"Home","item":"https:\/\/hengxingmachinery.com\/"},{"@type":"ListItem","position":2,"name":"6-1. Zinc oxide rotary kiln"}]},{"@type":"WebSite","@id":"https:\/\/hengxingmachinery.com\/#website","url":"https:\/\/hengxingmachinery.com\/","name":"Maquinaria Hengxing","description":"Fabricante l\u00edder de todo tipo de maquinaria minera","publisher":{"@id":"https:\/\/hengxingmachinery.com\/#organization"},"potentialAction":[{"@type":"SearchAction","target":{"@type":"EntryPoint","urlTemplate":"https:\/\/hengxingmachinery.com\/?s={search_term_string}"},"query-input":{"@type":"PropertyValueSpecification","valueRequired":true,"valueName":"search_term_string"}}],"inLanguage":"es"},{"@type":"Organization","@id":"https:\/\/hengxingmachinery.com\/#organization","name":"Maquinaria Hengxing","url":"https:\/\/hengxingmachinery.com\/","logo":{"@type":"ImageObject","inLanguage":"es","@id":"https:\/\/hengxingmachinery.com\/#\/schema\/logo\/image\/","url":"https:\/\/hengxingmachinery.com\/wp-content\/uploads\/2024\/12\/logo.png","contentUrl":"https:\/\/hengxingmachinery.com\/wp-content\/uploads\/2024\/12\/logo.png","width":400,"height":260,"caption":"Hengxing Machinery"},"image":{"@id":"https:\/\/hengxingmachinery.com\/#\/schema\/logo\/image\/"}}]}},"_links":{"self":[{"href":"https:\/\/hengxingmachinery.com\/es\/wp-json\/wp\/v2\/pages\/2127","targetHints":{"allow":["GET"]}}],"collection":[{"href":"https:\/\/hengxingmachinery.com\/es\/wp-json\/wp\/v2\/pages"}],"about":[{"href":"https:\/\/hengxingmachinery.com\/es\/wp-json\/wp\/v2\/types\/page"}],"author":[{"embeddable":true,"href":"https:\/\/hengxingmachinery.com\/es\/wp-json\/wp\/v2\/users\/1"}],"replies":[{"embeddable":true,"href":"https:\/\/hengxingmachinery.com\/es\/wp-json\/wp\/v2\/comments?post=2127"}],"version-history":[{"count":2,"href":"https:\/\/hengxingmachinery.com\/es\/wp-json\/wp\/v2\/pages\/2127\/revisions"}],"predecessor-version":[{"id":2252,"href":"https:\/\/hengxingmachinery.com\/es\/wp-json\/wp\/v2\/pages\/2127\/revisions\/2252"}],"wp:attachment":[{"href":"https:\/\/hengxingmachinery.com\/es\/wp-json\/wp\/v2\/media?parent=2127"}],"curies":[{"name":"wp","href":"https:\/\/api.w.org\/{rel}","templated":true}]}}