{"id":2136,"date":"2025-03-13T08:25:11","date_gmt":"2025-03-13T08:25:11","guid":{"rendered":"https:\/\/hengxingmachinery.com\/?page_id=2136"},"modified":"2025-03-13T08:25:24","modified_gmt":"2025-03-13T08:25:24","slug":"ceramsite-sand-rotary-kiln","status":"publish","type":"page","link":"https:\/\/hengxingmachinery.com\/es\/ceramsite-sand-rotary-kiln\/","title":{"rendered":"6-1. Horno rotatorio para arena de arcilla expandida"},"content":{"rendered":"<div class=\"gb-container gb-container-45165f5a\">\n<div class=\"gb-container gb-container-c2652eb4\">\n\n<h1 class=\"gb-headline gb-headline-62a8b2cc gb-headline-text\">Horno rotatorio de arena de ceramsite<\/h1>\n\n<\/div>\n<\/div>\n\n<div class=\"gb-container gb-container-519cf624\">\n<div class=\"gb-container gb-container-71ca071e\">\n<div class=\"gb-grid-wrapper gb-grid-wrapper-8a5f0688\">\n<div class=\"gb-grid-column gb-grid-column-1e99b1c2\"><div class=\"gb-container gb-container-1e99b1c2\">\n\n<figure class=\"gb-block-image gb-block-image-e4eaba54\"><img decoding=\"async\" width=\"665\" height=\"545\" class=\"gb-image gb-image-e4eaba54\" src=\"https:\/\/hengxingmachinery.com\/wp-content\/uploads\/2025\/03\/ceramsite-sand-rotary-kiln-feature.jpg\" alt=\"\" title=\"caracter\u00edstica-del-horno-rotatorio-para-arena-de-ceramsita\" srcset=\"https:\/\/hengxingmachinery.com\/wp-content\/uploads\/2025\/03\/ceramsite-sand-rotary-kiln-feature.jpg 665w, https:\/\/hengxingmachinery.com\/wp-content\/uploads\/2025\/03\/ceramsite-sand-rotary-kiln-feature-300x246.jpg 300w, https:\/\/hengxingmachinery.com\/wp-content\/uploads\/2025\/03\/ceramsite-sand-rotary-kiln-feature-15x12.jpg 15w\" sizes=\"(max-width: 665px) 100vw, 665px\" \/><\/figure>\n\n<\/div><\/div>\n\n<div class=\"gb-grid-column gb-grid-column-bcae065b\"><div class=\"gb-container gb-container-bcae065b\">\n\n<p class=\"gb-headline gb-headline-e419680e gb-headline-text\">La creciente demanda de productos de agente de sost\u00e9n para fracturaci\u00f3n petrolera impulsa el desarrollo continuo de la industria de agente de sost\u00e9n para fracturaci\u00f3n petrolera (arena de ceramsita) en cada pa\u00eds, y el horno rotatorio se ha optimizado continuamente como equipo clave para calcinar arena de ceramsita. El horno rotatorio dise\u00f1ado por nuestra empresa para las necesidades de la industria de agente de sost\u00e9n para fracturaci\u00f3n petrolera tiene las caracter\u00edsticas de gran capacidad de calcinaci\u00f3n, alta eficiencia t\u00e9rmica y productos uniformes.<\/p>\n\n\n\n<p class=\"gb-headline gb-headline-d10ac474 gb-headline-text\">La arena de ceramsita, tambi\u00e9n llamada agente de sost\u00e9n para fracturaci\u00f3n, es un tipo de producto de part\u00edculas cer\u00e1micas con alta resistencia a la fractura. Se utiliza principalmente para el sostenimiento de pozos en campos de petr\u00f3leo y gas para aumentar la producci\u00f3n de petr\u00f3leo, gas natural, gas de carb\u00f3n y gas de esquisto. Es un producto ecol\u00f3gico. Este producto se fabrica con materias primas de alta calidad como la bauxita, sinterizadas. Es un sustituto de agentes de sost\u00e9n de baja y media resistencia, como la arena de cuarzo natural, bolas de vidrio y bolas met\u00e1licas, y tiene un buen efecto en el aumento de la producci\u00f3n de petr\u00f3leo y gas.<\/p>\n\n\n<div class=\"gb-grid-wrapper gb-grid-wrapper-eebec76e\">\n<div class=\"gb-grid-column gb-grid-column-e3ada2f0\"><div class=\"gb-container gb-container-e3ada2f0\">\n\n<p class=\"gb-headline gb-headline-4c79a90a gb-headline-text\"><mark style=\"background-color:rgba(0, 0, 0, 0)\" class=\"has-inline-color has-global-color-8-color\"><strong>Capacidad:<\/strong><\/mark> 0,9-42 t\/h<\/p>\n\n<\/div><\/div>\n\n<div class=\"gb-grid-column gb-grid-column-0bb00826\"><div class=\"gb-container gb-container-0bb00826\">\n\n<p class=\"gb-headline gb-headline-86d53f56 gb-headline-text\"><mark style=\"background-color:rgba(0, 0, 0, 0)\" class=\"has-inline-color has-global-color-8-color\"><strong><strong>Modelo<\/strong>:<\/strong><\/mark> \u00d81400\u00d733000mm-\u00d83200\u00d750000mm<\/p>\n\n<\/div><\/div>\n<\/div>\n\n\n<p class=\"gb-headline gb-headline-2750f5a7 gb-headline-text\"><strong>Peso del equipo:<\/strong><\/p>\n\n\n\n<p>\u00a047,5-278 toneladas<\/p>\n\n\n<div class=\"gb-container gb-container-256e15f1\">\n\n<a class=\"gb-button gb-button-e8b73d89 gb-button-text\" href=\"#popmake-622\">Obtener presupuesto gratuito<\/a>\n\n<\/div>\n<\/div><\/div>\n<\/div>\n<\/div>\n<\/div>\n\n<div class=\"gb-container gb-container-af5f8799\">\n<div class=\"gb-container gb-container-2298848b\">\n\n<h2 class=\"gb-headline gb-headline-9d27ad2c gb-headline-text\">Caracter\u00edsticas destacadas del horno rotatorio para arena de ceramsita<\/h2>\n\n\n\n<figure class=\"gb-block-image gb-block-image-d3dc0db2\"><img decoding=\"async\" width=\"665\" height=\"545\" class=\"gb-image gb-image-d3dc0db2\" src=\"https:\/\/hengxingmachinery.com\/wp-content\/uploads\/2025\/03\/ceramsite-sand-rotary-kiln-For-sale.jpg\" alt=\"\" title=\"horno-rotatorio-para-arena-de-ceramsita En venta\" srcset=\"https:\/\/hengxingmachinery.com\/wp-content\/uploads\/2025\/03\/ceramsite-sand-rotary-kiln-For-sale.jpg 665w, https:\/\/hengxingmachinery.com\/wp-content\/uploads\/2025\/03\/ceramsite-sand-rotary-kiln-For-sale-300x246.jpg 300w, https:\/\/hengxingmachinery.com\/wp-content\/uploads\/2025\/03\/ceramsite-sand-rotary-kiln-For-sale-15x12.jpg 15w\" sizes=\"(max-width: 665px) 100vw, 665px\" \/><\/figure>\n\n\n\n<p>1. La transmisi\u00f3n del horno rotatorio utiliza regulaci\u00f3n de velocidad por frecuencia variable, alta eficiencia y bajo consumo de energ\u00eda;<\/p>\n\n\n\n<p>2. Bajo consumo de combustible por unidad de producto y gran capacidad de producci\u00f3n;<\/p>\n\n\n\n<p>3. Operaci\u00f3n a presi\u00f3n negativa, baja contaminaci\u00f3n por polvo;<\/p>\n\n\n\n<p>4. Rendimiento mec\u00e1nico estable, transmisi\u00f3n suave, control f\u00e1cil de la temperatura de calcinaci\u00f3n.<\/p>\n\n\n<div class=\"gb-container gb-container-d7b7b595\">\n\n<a class=\"gb-button gb-button-c1312760 gb-button-text\" href=\"#popmake-622\">Obtener presupuesto gratuito<\/a>\n\n<\/div>\n<\/div>\n<\/div>\n\n<div class=\"gb-container gb-container-ebd718b6\">\n<div class=\"gb-container gb-container-5c75b960\">\n\n<h2 class=\"gb-headline gb-headline-98859344 gb-headline-text\">Principio de funcionamiento del horno rotatorio para arena de ceramsita<\/h2>\n\n\n\n<figure class=\"gb-block-image gb-block-image-c486b36e\"><img decoding=\"async\" width=\"1450\" height=\"600\" class=\"gb-image gb-image-c486b36e\" src=\"https:\/\/hengxingmachinery.com\/wp-content\/uploads\/2025\/03\/ceramsite-sand-rotary-kiln-working.jpg\" alt=\"\" title=\"funcionamiento-del-horno-rotatorio-para-arena-de-ceramsita\" srcset=\"https:\/\/hengxingmachinery.com\/wp-content\/uploads\/2025\/03\/ceramsite-sand-rotary-kiln-working.jpg 1450w, https:\/\/hengxingmachinery.com\/wp-content\/uploads\/2025\/03\/ceramsite-sand-rotary-kiln-working-300x124.jpg 300w, https:\/\/hengxingmachinery.com\/wp-content\/uploads\/2025\/03\/ceramsite-sand-rotary-kiln-working-1024x424.jpg 1024w, https:\/\/hengxingmachinery.com\/wp-content\/uploads\/2025\/03\/ceramsite-sand-rotary-kiln-working-768x318.jpg 768w, https:\/\/hengxingmachinery.com\/wp-content\/uploads\/2025\/03\/ceramsite-sand-rotary-kiln-working-18x7.jpg 18w\" sizes=\"(max-width: 1450px) 100vw, 1450px\" \/><\/figure>\n\n\n\n<p>La bauxita con un tama\u00f1o de part\u00edcula de 300-500mm se tritura y se env\u00eda al secador de horno fluidizado para secado, luego pasa por la estaci\u00f3n de dosificaci\u00f3n con polvo de manganeso y aditivos, y entra al sistema de molienda con separador de v\u00f3rtice para preparar part\u00edculas finas. <\/p>\n\n\n\n<p>Para el polvo crudo con un grado de 400 mallas o m\u00e1s, se utiliza un nuevo tipo de granulador para convertir el polvo crudo en gr\u00e1nulos con un tama\u00f1o de part\u00edcula calificado despu\u00e9s de agregar agua. Los gr\u00e1nulos entran al secador en la cola del horno, utilizan el calor residual de los gases de escape de la cola del horno para reducir la humedad de los gr\u00e1nulos, y luego entran al horno rotatorio para calcinaci\u00f3n despu\u00e9s del cribado. <\/p>\n\n\n\n<p>La arena de ceramsita calcinada se enfr\u00eda con un enfriador simple y luego se criba a trav\u00e9s de un tamiz cil\u00edndrico. Los tama\u00f1os calificados y diferentes se envasan por separado y luego se despachan. Los gr\u00e1nulos no calificados se devuelven al sistema de molienda.<\/p>\n\n\n<div class=\"gb-container gb-container-d6bbf16a\">\n\n<a class=\"gb-button gb-button-caa3f2bc gb-button-text\" href=\"#popmake-622\">Obtener presupuesto gratuito<\/a>\n\n<\/div>\n<\/div>\n<\/div>\n\n<div class=\"gb-container gb-container-435ad261\">\n<div class=\"gb-container gb-container-7dc79cc4\">\n\n<h2 class=\"gb-headline gb-headline-6fe5dee2 gb-headline-text\">Especificaciones del horno rotatorio para arena de ceramsita<\/h2>\n\n\n\n<figure class=\"wp-block-table is-style-stripes\"><table class=\"has-fixed-layout\"><tbody><tr><td><strong>Modelo (mm)<\/strong><\/td><td colspan=\"3\"><strong>Dimensiones del horno<\/strong><\/td><td><strong>Producci\u00f3n (t\/h)<\/strong><\/td><td><strong>Velocidad de rotaci\u00f3n (r\/min)<\/strong><\/td><td><strong>Potencia (kw)<\/strong><\/td><td><strong>Peso (t)<\/strong><\/td><td><strong>Observaci\u00f3n<\/strong><\/td><\/tr><tr><td>&nbsp;<\/td><td><strong>Di\u00e1metro (mm)<\/strong><\/td><td><strong>Longitud (mm)<\/strong><\/td><td><strong>Pendiente (%)<\/strong><\/td><td>&nbsp;<\/td><td>&nbsp;<\/td><td>&nbsp;<\/td><td>&nbsp;<\/td><td>&nbsp;<\/td><\/tr><tr><td>\u03c61400\u00d733000<\/td><td>1.4<\/td><td>33<\/td><td>3<\/td><td>0.9-1.3<\/td><td>0.39-3.96<\/td><td>18.5<\/td><td>47.5<\/td><td>\u2014-<\/td><\/tr><tr><td>\u03c61600\u00d736000<\/td><td>1.6<\/td><td>36<\/td><td>4<\/td><td>1.2-1.9<\/td><td>0.26-2.63<\/td><td>22<\/td><td>52<\/td><td>\u2014-<\/td><\/tr><tr><td>\u03c61800\u00d745000<\/td><td>1.8<\/td><td>45<\/td><td>4<\/td><td>1.9-2.4<\/td><td>0.16-1.62<\/td><td>30<\/td><td>78.2<\/td><td>\u2014-<\/td><\/tr><tr><td>\u03c61900\u00d739000<\/td><td>1.9<\/td><td>39<\/td><td>4<\/td><td>1.65-3<\/td><td>0.29-2.93<\/td><td>30<\/td><td>77.59<\/td><td>\u2014-<\/td><\/tr><tr><td>\u03c62000\u00d740000<\/td><td>2<\/td><td>40<\/td><td>3<\/td><td>2.5-4<\/td><td>0.23-2.26<\/td><td>37<\/td><td>119.1<\/td><td>\u2014-<\/td><\/tr><tr><td>\u03c62200\u00d745000<\/td><td>2.2<\/td><td>45<\/td><td>3.5<\/td><td>3.4-5.4<\/td><td>0.21-2.44<\/td><td>45<\/td><td>128.3<\/td><td>\u2014-&nbsp;<\/td><\/tr><tr><td>\u03c62500\u00d740000<\/td><td>2.5<\/td><td>40<\/td><td>3.5<\/td><td>9.0-10.5<\/td><td>0.44-2.44<\/td><td>55<\/td><td>149.61<\/td><td>\u2014-<\/td><\/tr><tr><td>\u03c62500\u00d750000<\/td><td>2.5<\/td><td>50<\/td><td>3<\/td><td>6.25-7.4<\/td><td>0.62-1.86<\/td><td>55<\/td><td>187.37<\/td><td>\u2014-<\/td><\/tr><tr><td>\u03c62500\u00d754000<\/td><td>2.5<\/td><td>54<\/td><td>3.5<\/td><td>6.9-8.5<\/td><td>0.48-1.45<\/td><td>55<\/td><td>196.29<\/td><td>\u2014-<\/td><\/tr><tr><td>\u03c62700\u00d742000<\/td><td>2.7<\/td><td>42<\/td><td>3.5<\/td><td>10.0-11.0<\/td><td>0.10-1.52<\/td><td>55<\/td><td>198.5<\/td><td>\u2014-<\/td><\/tr><tr><td>\u03c62800\u00d744000<\/td><td>2.8<\/td><td>44<\/td><td>3.5<\/td><td>12.5-13.5<\/td><td>0.437-2.18<\/td><td>55<\/td><td>201.58<\/td><td>\u2014-<\/td><\/tr><tr><td>\u03c63000\u00d745000<\/td><td>3<\/td><td>45<\/td><td>3.5<\/td><td>12.8-14.5<\/td><td>0.5-2.47<\/td><td>75<\/td><td>210.94<\/td><td>\u2014-<\/td><\/tr><tr><td>\u03c63000\u00d748000<\/td><td>3<\/td><td>48<\/td><td>3.5<\/td><td>25.6-29.3<\/td><td>0.6-3.48<\/td><td>100<\/td><td>237<\/td><td>\u2014-<\/td><\/tr><tr><td>\u03c63000\u00d760000<\/td><td>3<\/td><td>60<\/td><td>3.5<\/td><td>12.3-14.1<\/td><td>0.3-2<\/td><td>100<\/td><td>310<\/td><td>\u2014-<\/td><\/tr><tr><td>\u03c63200\u00d750000<\/td><td>3.2<\/td><td>50<\/td><td>4<\/td><td>40.5-42<\/td><td>0.6-3<\/td><td>125<\/td><td>278<\/td><td>\u2014-<\/td><\/tr><\/tbody><\/table><\/figure>\n\n\n<div class=\"gb-container gb-container-263d9700\">\n\n<a class=\"gb-button gb-button-a4cbb7be gb-button-text\" href=\"#popmake-622\">Obtener presupuesto gratuito<\/a>\n\n<\/div>\n<\/div>\n<\/div>","protected":false},"excerpt":{"rendered":"<p>Ceramsite sand rotary kiln Outstanding features of ceramsite sand rotary kiln 1. Rotary kiln drive adopts frequency conversion speed regulation, high efficiency and low power consumption; 2. Low fuel consumption per unit product and large production capacity; 3. Negative pressure operation, low dust pollution; 4. Stable mechanical performance, smooth transmission, easy control of calcination temperature. &#8230; <\/p>\n<p class=\"read-more-container\"><a title=\"6-1. Horno rotatorio para arena de arcilla expandida\" class=\"read-more button\" href=\"https:\/\/hengxingmachinery.com\/es\/ceramsite-sand-rotary-kiln\/#more-2136\" aria-label=\"Leer m\u00e1s sobre 6-1. Ceramsite sand rotary kiln\">Leer m\u00e1s<\/a><\/p>","protected":false},"author":1,"featured_media":0,"parent":0,"menu_order":0,"comment_status":"closed","ping_status":"closed","template":"","meta":{"footnotes":""},"class_list":["post-2136","page","type-page","status-publish"],"yoast_head":"<!-- This site is optimized with the Yoast SEO plugin v27.4 - https:\/\/yoast.com\/product\/yoast-seo-wordpress\/ -->\n<title>6-1. Ceramsite sand rotary kiln - Hengxing Machinery<\/title>\n<meta name=\"robots\" content=\"index, follow, max-snippet:-1, max-image-preview:large, max-video-preview:-1\" \/>\n<link rel=\"canonical\" href=\"https:\/\/hengxingmachinery.com\/es\/ceramsite-sand-rotary-kiln\/\" \/>\n<meta property=\"og:locale\" content=\"es_ES\" \/>\n<meta property=\"og:type\" content=\"article\" \/>\n<meta property=\"og:title\" content=\"6-1. Ceramsite sand rotary kiln - Hengxing Machinery\" \/>\n<meta property=\"og:description\" content=\"Ceramsite sand rotary kiln Outstanding features of ceramsite sand rotary kiln 1. Rotary kiln drive adopts frequency conversion speed regulation, high efficiency and low power consumption; 2. Low fuel consumption per unit product and large production capacity; 3. Negative pressure operation, low dust pollution; 4. Stable mechanical performance, smooth transmission, easy control of calcination temperature. ... Leer m\u00e1s\" \/>\n<meta property=\"og:url\" content=\"https:\/\/hengxingmachinery.com\/es\/ceramsite-sand-rotary-kiln\/\" \/>\n<meta property=\"og:site_name\" content=\"Hengxing Machinery\" \/>\n<meta property=\"article:modified_time\" content=\"2025-03-13T08:25:24+00:00\" \/>\n<meta property=\"og:image\" content=\"https:\/\/hengxingmachinery.com\/wp-content\/uploads\/2025\/03\/ceramsite-sand-rotary-kiln-feature.jpg\" \/>\n<meta name=\"twitter:card\" content=\"summary_large_image\" \/>\n<meta name=\"twitter:label1\" content=\"Tiempo de lectura\" \/>\n\t<meta name=\"twitter:data1\" content=\"3 minutos\" \/>\n<script type=\"application\/ld+json\" class=\"yoast-schema-graph\">{\"@context\":\"https:\\\/\\\/schema.org\",\"@graph\":[{\"@type\":\"WebPage\",\"@id\":\"https:\\\/\\\/hengxingmachinery.com\\\/ceramsite-sand-rotary-kiln\\\/\",\"url\":\"https:\\\/\\\/hengxingmachinery.com\\\/ceramsite-sand-rotary-kiln\\\/\",\"name\":\"6-1. Ceramsite sand rotary kiln - Hengxing Machinery\",\"isPartOf\":{\"@id\":\"https:\\\/\\\/hengxingmachinery.com\\\/#website\"},\"primaryImageOfPage\":{\"@id\":\"https:\\\/\\\/hengxingmachinery.com\\\/ceramsite-sand-rotary-kiln\\\/#primaryimage\"},\"image\":{\"@id\":\"https:\\\/\\\/hengxingmachinery.com\\\/ceramsite-sand-rotary-kiln\\\/#primaryimage\"},\"thumbnailUrl\":\"https:\\\/\\\/hengxingmachinery.com\\\/wp-content\\\/uploads\\\/2025\\\/03\\\/ceramsite-sand-rotary-kiln-feature.jpg\",\"datePublished\":\"2025-03-13T08:25:11+00:00\",\"dateModified\":\"2025-03-13T08:25:24+00:00\",\"breadcrumb\":{\"@id\":\"https:\\\/\\\/hengxingmachinery.com\\\/ceramsite-sand-rotary-kiln\\\/#breadcrumb\"},\"inLanguage\":\"es\",\"potentialAction\":[{\"@type\":\"ReadAction\",\"target\":[\"https:\\\/\\\/hengxingmachinery.com\\\/ceramsite-sand-rotary-kiln\\\/\"]}]},{\"@type\":\"ImageObject\",\"inLanguage\":\"es\",\"@id\":\"https:\\\/\\\/hengxingmachinery.com\\\/ceramsite-sand-rotary-kiln\\\/#primaryimage\",\"url\":\"https:\\\/\\\/hengxingmachinery.com\\\/wp-content\\\/uploads\\\/2025\\\/03\\\/ceramsite-sand-rotary-kiln-feature.jpg\",\"contentUrl\":\"https:\\\/\\\/hengxingmachinery.com\\\/wp-content\\\/uploads\\\/2025\\\/03\\\/ceramsite-sand-rotary-kiln-feature.jpg\"},{\"@type\":\"BreadcrumbList\",\"@id\":\"https:\\\/\\\/hengxingmachinery.com\\\/ceramsite-sand-rotary-kiln\\\/#breadcrumb\",\"itemListElement\":[{\"@type\":\"ListItem\",\"position\":1,\"name\":\"Home\",\"item\":\"https:\\\/\\\/hengxingmachinery.com\\\/\"},{\"@type\":\"ListItem\",\"position\":2,\"name\":\"6-1. Ceramsite sand rotary kiln\"}]},{\"@type\":\"WebSite\",\"@id\":\"https:\\\/\\\/hengxingmachinery.com\\\/#website\",\"url\":\"https:\\\/\\\/hengxingmachinery.com\\\/\",\"name\":\"Hengxing Machinery\",\"description\":\"Leading Manufacturer of All Sorts of Mining Machinery\",\"publisher\":{\"@id\":\"https:\\\/\\\/hengxingmachinery.com\\\/#organization\"},\"potentialAction\":[{\"@type\":\"SearchAction\",\"target\":{\"@type\":\"EntryPoint\",\"urlTemplate\":\"https:\\\/\\\/hengxingmachinery.com\\\/?s={search_term_string}\"},\"query-input\":{\"@type\":\"PropertyValueSpecification\",\"valueRequired\":true,\"valueName\":\"search_term_string\"}}],\"inLanguage\":\"es\"},{\"@type\":\"Organization\",\"@id\":\"https:\\\/\\\/hengxingmachinery.com\\\/#organization\",\"name\":\"Hengxing Machinery\",\"url\":\"https:\\\/\\\/hengxingmachinery.com\\\/\",\"logo\":{\"@type\":\"ImageObject\",\"inLanguage\":\"es\",\"@id\":\"https:\\\/\\\/hengxingmachinery.com\\\/#\\\/schema\\\/logo\\\/image\\\/\",\"url\":\"https:\\\/\\\/hengxingmachinery.com\\\/wp-content\\\/uploads\\\/2024\\\/12\\\/logo.png\",\"contentUrl\":\"https:\\\/\\\/hengxingmachinery.com\\\/wp-content\\\/uploads\\\/2024\\\/12\\\/logo.png\",\"width\":400,\"height\":260,\"caption\":\"Hengxing Machinery\"},\"image\":{\"@id\":\"https:\\\/\\\/hengxingmachinery.com\\\/#\\\/schema\\\/logo\\\/image\\\/\"}}]}<\/script>\n<!-- \/ Yoast SEO plugin. -->","yoast_head_json":{"title":"6-1. Horno rotatorio para arena de ceramsita - Hengxing Machinery","robots":{"index":"index","follow":"follow","max-snippet":"max-snippet:-1","max-image-preview":"max-image-preview:large","max-video-preview":"max-video-preview:-1"},"canonical":"https:\/\/hengxingmachinery.com\/es\/ceramsite-sand-rotary-kiln\/","og_locale":"es_ES","og_type":"article","og_title":"6-1. Ceramsite sand rotary kiln - Hengxing Machinery","og_description":"Ceramsite sand rotary kiln Outstanding features of ceramsite sand rotary kiln 1. Rotary kiln drive adopts frequency conversion speed regulation, high efficiency and low power consumption; 2. Low fuel consumption per unit product and large production capacity; 3. Negative pressure operation, low dust pollution; 4. Stable mechanical performance, smooth transmission, easy control of calcination temperature. ... Leer m\u00e1s","og_url":"https:\/\/hengxingmachinery.com\/es\/ceramsite-sand-rotary-kiln\/","og_site_name":"Hengxing Machinery","article_modified_time":"2025-03-13T08:25:24+00:00","og_image":[{"url":"https:\/\/hengxingmachinery.com\/wp-content\/uploads\/2025\/03\/ceramsite-sand-rotary-kiln-feature.jpg","type":"","width":"","height":""}],"twitter_card":"summary_large_image","twitter_misc":{"Tiempo de lectura":"3 minutos"},"schema":{"@context":"https:\/\/schema.org","@graph":[{"@type":"WebPage","@id":"https:\/\/hengxingmachinery.com\/ceramsite-sand-rotary-kiln\/","url":"https:\/\/hengxingmachinery.com\/ceramsite-sand-rotary-kiln\/","name":"6-1. Horno rotatorio para arena de ceramsita - Hengxing Machinery","isPartOf":{"@id":"https:\/\/hengxingmachinery.com\/#website"},"primaryImageOfPage":{"@id":"https:\/\/hengxingmachinery.com\/ceramsite-sand-rotary-kiln\/#primaryimage"},"image":{"@id":"https:\/\/hengxingmachinery.com\/ceramsite-sand-rotary-kiln\/#primaryimage"},"thumbnailUrl":"https:\/\/hengxingmachinery.com\/wp-content\/uploads\/2025\/03\/ceramsite-sand-rotary-kiln-feature.jpg","datePublished":"2025-03-13T08:25:11+00:00","dateModified":"2025-03-13T08:25:24+00:00","breadcrumb":{"@id":"https:\/\/hengxingmachinery.com\/ceramsite-sand-rotary-kiln\/#breadcrumb"},"inLanguage":"es","potentialAction":[{"@type":"ReadAction","target":["https:\/\/hengxingmachinery.com\/ceramsite-sand-rotary-kiln\/"]}]},{"@type":"ImageObject","inLanguage":"es","@id":"https:\/\/hengxingmachinery.com\/ceramsite-sand-rotary-kiln\/#primaryimage","url":"https:\/\/hengxingmachinery.com\/wp-content\/uploads\/2025\/03\/ceramsite-sand-rotary-kiln-feature.jpg","contentUrl":"https:\/\/hengxingmachinery.com\/wp-content\/uploads\/2025\/03\/ceramsite-sand-rotary-kiln-feature.jpg"},{"@type":"BreadcrumbList","@id":"https:\/\/hengxingmachinery.com\/ceramsite-sand-rotary-kiln\/#breadcrumb","itemListElement":[{"@type":"ListItem","position":1,"name":"Home","item":"https:\/\/hengxingmachinery.com\/"},{"@type":"ListItem","position":2,"name":"6-1. Ceramsite sand rotary kiln"}]},{"@type":"WebSite","@id":"https:\/\/hengxingmachinery.com\/#website","url":"https:\/\/hengxingmachinery.com\/","name":"Maquinaria Hengxing","description":"Fabricante l\u00edder de todo tipo de maquinaria minera","publisher":{"@id":"https:\/\/hengxingmachinery.com\/#organization"},"potentialAction":[{"@type":"SearchAction","target":{"@type":"EntryPoint","urlTemplate":"https:\/\/hengxingmachinery.com\/?s={search_term_string}"},"query-input":{"@type":"PropertyValueSpecification","valueRequired":true,"valueName":"search_term_string"}}],"inLanguage":"es"},{"@type":"Organization","@id":"https:\/\/hengxingmachinery.com\/#organization","name":"Maquinaria Hengxing","url":"https:\/\/hengxingmachinery.com\/","logo":{"@type":"ImageObject","inLanguage":"es","@id":"https:\/\/hengxingmachinery.com\/#\/schema\/logo\/image\/","url":"https:\/\/hengxingmachinery.com\/wp-content\/uploads\/2024\/12\/logo.png","contentUrl":"https:\/\/hengxingmachinery.com\/wp-content\/uploads\/2024\/12\/logo.png","width":400,"height":260,"caption":"Hengxing Machinery"},"image":{"@id":"https:\/\/hengxingmachinery.com\/#\/schema\/logo\/image\/"}}]}},"_links":{"self":[{"href":"https:\/\/hengxingmachinery.com\/es\/wp-json\/wp\/v2\/pages\/2136","targetHints":{"allow":["GET"]}}],"collection":[{"href":"https:\/\/hengxingmachinery.com\/es\/wp-json\/wp\/v2\/pages"}],"about":[{"href":"https:\/\/hengxingmachinery.com\/es\/wp-json\/wp\/v2\/types\/page"}],"author":[{"embeddable":true,"href":"https:\/\/hengxingmachinery.com\/es\/wp-json\/wp\/v2\/users\/1"}],"replies":[{"embeddable":true,"href":"https:\/\/hengxingmachinery.com\/es\/wp-json\/wp\/v2\/comments?post=2136"}],"version-history":[{"count":1,"href":"https:\/\/hengxingmachinery.com\/es\/wp-json\/wp\/v2\/pages\/2136\/revisions"}],"predecessor-version":[{"id":2141,"href":"https:\/\/hengxingmachinery.com\/es\/wp-json\/wp\/v2\/pages\/2136\/revisions\/2141"}],"wp:attachment":[{"href":"https:\/\/hengxingmachinery.com\/es\/wp-json\/wp\/v2\/media?parent=2136"}],"curies":[{"name":"wp","href":"https:\/\/api.w.org\/{rel}","templated":true}]}}