{"id":2159,"date":"2025-03-13T09:07:14","date_gmt":"2025-03-13T09:07:14","guid":{"rendered":"https:\/\/hengxingmachinery.com\/?page_id=2159"},"modified":"2025-03-13T09:10:00","modified_gmt":"2025-03-13T09:10:00","slug":"titanium-dioxide-rotary-kiln","status":"publish","type":"page","link":"https:\/\/hengxingmachinery.com\/es\/titanium-dioxide-rotary-kiln\/","title":{"rendered":"6-1. Horno rotatorio de di\u00f3xido de titanio"},"content":{"rendered":"<div class=\"gb-container gb-container-45165f5a\">\n<div class=\"gb-container gb-container-c2652eb4\">\n\n<h1 class=\"gb-headline gb-headline-62a8b2cc gb-headline-text\">Horno rotatorio de di\u00f3xido de titanio<\/h1>\n\n<\/div>\n<\/div>\n\n<div class=\"gb-container gb-container-519cf624\">\n<div class=\"gb-container gb-container-71ca071e\">\n<div class=\"gb-grid-wrapper gb-grid-wrapper-8a5f0688\">\n<div class=\"gb-grid-column gb-grid-column-1e99b1c2\"><div class=\"gb-container gb-container-1e99b1c2\">\n\n<figure class=\"gb-block-image gb-block-image-e4eaba54\"><img decoding=\"async\" width=\"665\" height=\"545\" class=\"gb-image gb-image-e4eaba54\" src=\"https:\/\/hengxingmachinery.com\/wp-content\/uploads\/2025\/03\/titanium-dioxide-rotary-kiln-feature.jpg\" alt=\"\" title=\"caracter\u00edstica-del-horno-rotatorio-de-di\u00f3xido-de-titanio\" srcset=\"https:\/\/hengxingmachinery.com\/wp-content\/uploads\/2025\/03\/titanium-dioxide-rotary-kiln-feature.jpg 665w, https:\/\/hengxingmachinery.com\/wp-content\/uploads\/2025\/03\/titanium-dioxide-rotary-kiln-feature-300x246.jpg 300w, https:\/\/hengxingmachinery.com\/wp-content\/uploads\/2025\/03\/titanium-dioxide-rotary-kiln-feature-15x12.jpg 15w\" sizes=\"(max-width: 665px) 100vw, 665px\" \/><\/figure>\n\n<\/div><\/div>\n\n<div class=\"gb-grid-column gb-grid-column-bcae065b\"><div class=\"gb-container gb-container-bcae065b\">\n\n<p class=\"gb-headline gb-headline-e419680e gb-headline-text\">El horno rotatorio de di\u00f3xido de titanio se utiliza principalmente en muchas industrias de producci\u00f3n, como materiales de construcci\u00f3n, metalurgia, industria qu\u00edmica, materiales refractarios y protecci\u00f3n ambiental.<\/p>\n\n\n<div class=\"gb-grid-wrapper gb-grid-wrapper-eebec76e\">\n<div class=\"gb-grid-column gb-grid-column-e3ada2f0\"><div class=\"gb-container gb-container-e3ada2f0\">\n\n<p class=\"gb-headline gb-headline-4c79a90a gb-headline-text\"><mark style=\"background-color:rgba(0, 0, 0, 0)\" class=\"has-inline-color has-global-color-8-color\"><strong>Capacidad:<\/strong><\/mark> 180-10000t\/d\u00eda<\/p>\n\n<\/div><\/div>\n\n<div class=\"gb-grid-column gb-grid-column-0bb00826\"><div class=\"gb-container gb-container-0bb00826\">\n\n<p class=\"gb-headline gb-headline-86d53f56 gb-headline-text\"><mark style=\"background-color:rgba(0, 0, 0, 0)\" class=\"has-inline-color has-global-color-8-color\"><strong><strong>Modelo<\/strong>:<\/strong><\/mark> \u00d81,6\u00d732m-\u00d84\u00d780m<\/p>\n\n<\/div><\/div>\n<\/div>\n\n\n<p class=\"gb-headline gb-headline-c7449055 gb-headline-text\"><mark style=\"background-color:rgba(0, 0, 0, 0)\" class=\"has-inline-color has-global-color-8-color\"><strong>Materiales de aplicaci\u00f3n:<\/strong><\/mark> Di\u00f3xido de titanio, cemento, arcilla, piedra caliza, escoria, lodos, residuos peligrosos, basura, mineral met\u00e1lico, etc.<\/p>\n\n\n<div class=\"gb-container gb-container-256e15f1\">\n\n<a class=\"gb-button gb-button-e8b73d89 gb-button-text\" href=\"#popmake-622\">Obtener presupuesto gratuito<\/a>\n\n<\/div>\n<\/div><\/div>\n<\/div>\n<\/div>\n<\/div>\n\n<div class=\"gb-container gb-container-af5f8799\">\n<div class=\"gb-container gb-container-2298848b\">\n\n<h2 class=\"gb-headline gb-headline-9d27ad2c gb-headline-text\">Caracter\u00edsticas destacadas del horno rotatorio de di\u00f3xido de titanio<\/h2>\n\n\n\n<figure class=\"gb-block-image gb-block-image-d3dc0db2\"><img decoding=\"async\" width=\"665\" height=\"545\" class=\"gb-image gb-image-d3dc0db2\" src=\"https:\/\/hengxingmachinery.com\/wp-content\/uploads\/2025\/03\/titanium-dioxide-rotary-kiln-for-sale.jpg\" alt=\"\" title=\"horno-rotatorio-de-di\u00f3xido-de-titanio-en-venta\" srcset=\"https:\/\/hengxingmachinery.com\/wp-content\/uploads\/2025\/03\/titanium-dioxide-rotary-kiln-for-sale.jpg 665w, https:\/\/hengxingmachinery.com\/wp-content\/uploads\/2025\/03\/titanium-dioxide-rotary-kiln-for-sale-300x246.jpg 300w, https:\/\/hengxingmachinery.com\/wp-content\/uploads\/2025\/03\/titanium-dioxide-rotary-kiln-for-sale-15x12.jpg 15w\" sizes=\"(max-width: 665px) 100vw, 665px\" \/><\/figure>\n\n\n\n<p>1. <strong>Estructuralmente: <\/strong>el horno rotatorio de di\u00f3xido de titanio est\u00e1 compuesto por un cilindro giratorio, un dispositivo de soporte, un dispositivo de soporte con ruedas de retenci\u00f3n, una cabeza del horno, un dispositivo de sellado de la cola del horno y un dispositivo de tuber\u00eda de inyecci\u00f3n de carb\u00f3n;<\/p>\n\n\n\n<p>2. <strong>Componentes: <\/strong>Adem\u00e1s del accionamiento principal, la parte de transmisi\u00f3n del horno rotatorio de di\u00f3xido de titanio tambi\u00e9n est\u00e1 equipada con un dispositivo de accionamiento auxiliar para garantizar que el cuerpo del horno pueda girar lentamente y evitar que se deforme cuando se interrumpe la alimentaci\u00f3n el\u00e9ctrica del accionamiento principal. La cabeza del horno rotatorio de di\u00f3xido de titanio adopta un sello de carcasa y tapa, y el extremo del horno est\u00e1 equipado con un dispositivo de sellado por contacto axial para garantizar la fiabilidad del cierre.;<\/p>\n\n\n\n<p>3. <strong>Funcionalmente: <\/strong>El horno rotatorio de di\u00f3xido de titanio tiene la funci\u00f3n de intercambio de calor, y el horno cuenta con un campo de temperatura relativamente uniforme, que puede satisfacer los requisitos de intercambio de calor de cada etapa del proceso de formaci\u00f3n del material.;<\/p>\n\n\n\n<p>4. <strong>Sello<\/strong>: el horno rotatorio de di\u00f3xido de titanio tiene un sellado combinado de escala en ambos extremos fiable, lo que hace que el coeficiente de fuga de aire sea inferior al 10% y utiliza materiales refractarios compuestos para reducir la p\u00e9rdida de calor por radiaci\u00f3n.<\/p>\n\n\n\n<p>5. <strong>Instalaci\u00f3n:<\/strong> El cuerpo del horno rotatorio de di\u00f3xido de titanio est\u00e1 inclinado respecto al nivel. Todo el cuerpo del horno est\u00e1 soportado por el dispositivo de rodillos de apoyo y cuenta con un dispositivo de ruedas de retenci\u00f3n para controlar el movimiento ascendente y descendente del cuerpo del horno.<\/p>\n\n\n<div class=\"gb-container gb-container-d7b7b595\">\n\n<a class=\"gb-button gb-button-c1312760 gb-button-text\" href=\"#popmake-622\">Obtener presupuesto gratuito<\/a>\n\n<\/div>\n<\/div>\n<\/div>\n\n<div class=\"gb-container gb-container-ebd718b6\">\n<div class=\"gb-container gb-container-5c75b960\">\n\n<h2 class=\"gb-headline gb-headline-98859344 gb-headline-text\">Principio de funcionamiento del horno rotatorio de di\u00f3xido de titanio<\/h2>\n\n\n\n<figure class=\"gb-block-image gb-block-image-c486b36e\"><img decoding=\"async\" width=\"1450\" height=\"600\" class=\"gb-image gb-image-c486b36e\" src=\"https:\/\/hengxingmachinery.com\/wp-content\/uploads\/2025\/03\/titanium-dioxide-rotary-kiln-working.jpg\" alt=\"\" title=\"funcionamiento-del-horno-rotatorio-de-di\u00f3xido-de-titanio\" srcset=\"https:\/\/hengxingmachinery.com\/wp-content\/uploads\/2025\/03\/titanium-dioxide-rotary-kiln-working.jpg 1450w, https:\/\/hengxingmachinery.com\/wp-content\/uploads\/2025\/03\/titanium-dioxide-rotary-kiln-working-300x124.jpg 300w, https:\/\/hengxingmachinery.com\/wp-content\/uploads\/2025\/03\/titanium-dioxide-rotary-kiln-working-1024x424.jpg 1024w, https:\/\/hengxingmachinery.com\/wp-content\/uploads\/2025\/03\/titanium-dioxide-rotary-kiln-working-768x318.jpg 768w, https:\/\/hengxingmachinery.com\/wp-content\/uploads\/2025\/03\/titanium-dioxide-rotary-kiln-working-18x7.jpg 18w\" sizes=\"(max-width: 1450px) 100vw, 1450px\" \/><\/figure>\n\n\n\n<p>La torta de filtro del hidrolizado de di\u00f3xido de titanio filtrado se alimenta en el extremo de la cola del horno rotatorio de di\u00f3xido de titanio, que tiene una cierta pendiente y gira lentamente (el extremo alto del cilindro), y la c\u00e1mara de combusti\u00f3n y mezcla en la direcci\u00f3n de la cabeza del horno (el extremo bajo del cilindro) introducir\u00e1 la llama limpia y el aire caliente en el horno para deshidratar y calcinar la torta de filtro. <\/p>\n\n\n\n<p>La torta de filtro de di\u00f3xido de titanio hidrolizado, despu\u00e9s de ser deshidratada y calcinada a una temperatura alta superior a 1000\u00b0C, es arrastrada en direcci\u00f3n circunferencial y se mueve en direcci\u00f3n axial (desde el extremo alto hacia el bajo) con la ayuda de la inclinaci\u00f3n del horno rotatorio de di\u00f3xido de titanio, completando as\u00ed el proceso de deshidrataci\u00f3n y calcinaci\u00f3n. <\/p>\n\n\n\n<p> Luego entra en el enfriador a trav\u00e9s de la v\u00e1lvula de descarga de placa basculante doble hidr\u00e1ulica en la parte inferior de la cubierta de la cabeza del horno, y el material, despu\u00e9s de enfriarse y cribarse, es el producto terminado de di\u00f3xido de titanio.<\/p>\n\n\n<div class=\"gb-container gb-container-d6bbf16a\">\n\n<a class=\"gb-button gb-button-caa3f2bc gb-button-text\" href=\"#popmake-622\">Obtener presupuesto gratuito<\/a>\n\n<\/div>\n<\/div>\n<\/div>","protected":false},"excerpt":{"rendered":"<p>Titanium dioxide rotary kiln Outstanding features of titanium dioxide rotary kiln 1. Structurally: the titanium dioxide rotary kiln is composed of a rotary cylinder, a supporting device, a supporting device with retaining wheels, a kiln head, a kiln tail sealing device, and a coal injection pipe device; 2. Components: In addition to the main drive, &#8230; <\/p>\n<p class=\"read-more-container\"><a title=\"6-1. Horno rotatorio de di\u00f3xido de titanio\" class=\"read-more button\" href=\"https:\/\/hengxingmachinery.com\/es\/titanium-dioxide-rotary-kiln\/#more-2159\" aria-label=\"Leer m\u00e1s sobre 6-1. Titanium dioxide rotary kiln\">Leer m\u00e1s<\/a><\/p>","protected":false},"author":1,"featured_media":0,"parent":0,"menu_order":0,"comment_status":"closed","ping_status":"closed","template":"","meta":{"footnotes":""},"class_list":["post-2159","page","type-page","status-publish"],"yoast_head":"<!-- This site is optimized with the Yoast SEO plugin v27.4 - https:\/\/yoast.com\/product\/yoast-seo-wordpress\/ -->\n<title>6-1. Titanium dioxide rotary kiln - Hengxing Machinery<\/title>\n<meta name=\"robots\" content=\"index, follow, max-snippet:-1, max-image-preview:large, max-video-preview:-1\" \/>\n<link rel=\"canonical\" href=\"https:\/\/hengxingmachinery.com\/es\/titanium-dioxide-rotary-kiln\/\" \/>\n<meta property=\"og:locale\" content=\"es_ES\" \/>\n<meta property=\"og:type\" content=\"article\" \/>\n<meta property=\"og:title\" content=\"6-1. Titanium dioxide rotary kiln - Hengxing Machinery\" \/>\n<meta property=\"og:description\" content=\"Titanium dioxide rotary kiln Outstanding features of titanium dioxide rotary kiln 1. Structurally: the titanium dioxide rotary kiln is composed of a rotary cylinder, a supporting device, a supporting device with retaining wheels, a kiln head, a kiln tail sealing device, and a coal injection pipe device; 2. Components: In addition to the main drive, ... Leer m\u00e1s\" \/>\n<meta property=\"og:url\" content=\"https:\/\/hengxingmachinery.com\/es\/titanium-dioxide-rotary-kiln\/\" \/>\n<meta property=\"og:site_name\" content=\"Hengxing Machinery\" \/>\n<meta property=\"article:modified_time\" content=\"2025-03-13T09:10:00+00:00\" \/>\n<meta property=\"og:image\" content=\"https:\/\/hengxingmachinery.com\/wp-content\/uploads\/2025\/03\/titanium-dioxide-rotary-kiln-feature.jpg\" \/>\n<meta name=\"twitter:card\" content=\"summary_large_image\" \/>\n<meta name=\"twitter:label1\" content=\"Tiempo de lectura\" \/>\n\t<meta name=\"twitter:data1\" content=\"3 minutos\" \/>\n<script type=\"application\/ld+json\" class=\"yoast-schema-graph\">{\"@context\":\"https:\\\/\\\/schema.org\",\"@graph\":[{\"@type\":\"WebPage\",\"@id\":\"https:\\\/\\\/hengxingmachinery.com\\\/titanium-dioxide-rotary-kiln\\\/\",\"url\":\"https:\\\/\\\/hengxingmachinery.com\\\/titanium-dioxide-rotary-kiln\\\/\",\"name\":\"6-1. Titanium dioxide rotary kiln - Hengxing Machinery\",\"isPartOf\":{\"@id\":\"https:\\\/\\\/hengxingmachinery.com\\\/#website\"},\"primaryImageOfPage\":{\"@id\":\"https:\\\/\\\/hengxingmachinery.com\\\/titanium-dioxide-rotary-kiln\\\/#primaryimage\"},\"image\":{\"@id\":\"https:\\\/\\\/hengxingmachinery.com\\\/titanium-dioxide-rotary-kiln\\\/#primaryimage\"},\"thumbnailUrl\":\"https:\\\/\\\/hengxingmachinery.com\\\/wp-content\\\/uploads\\\/2025\\\/03\\\/titanium-dioxide-rotary-kiln-feature.jpg\",\"datePublished\":\"2025-03-13T09:07:14+00:00\",\"dateModified\":\"2025-03-13T09:10:00+00:00\",\"breadcrumb\":{\"@id\":\"https:\\\/\\\/hengxingmachinery.com\\\/titanium-dioxide-rotary-kiln\\\/#breadcrumb\"},\"inLanguage\":\"es\",\"potentialAction\":[{\"@type\":\"ReadAction\",\"target\":[\"https:\\\/\\\/hengxingmachinery.com\\\/titanium-dioxide-rotary-kiln\\\/\"]}]},{\"@type\":\"ImageObject\",\"inLanguage\":\"es\",\"@id\":\"https:\\\/\\\/hengxingmachinery.com\\\/titanium-dioxide-rotary-kiln\\\/#primaryimage\",\"url\":\"https:\\\/\\\/hengxingmachinery.com\\\/wp-content\\\/uploads\\\/2025\\\/03\\\/titanium-dioxide-rotary-kiln-feature.jpg\",\"contentUrl\":\"https:\\\/\\\/hengxingmachinery.com\\\/wp-content\\\/uploads\\\/2025\\\/03\\\/titanium-dioxide-rotary-kiln-feature.jpg\"},{\"@type\":\"BreadcrumbList\",\"@id\":\"https:\\\/\\\/hengxingmachinery.com\\\/titanium-dioxide-rotary-kiln\\\/#breadcrumb\",\"itemListElement\":[{\"@type\":\"ListItem\",\"position\":1,\"name\":\"Home\",\"item\":\"https:\\\/\\\/hengxingmachinery.com\\\/\"},{\"@type\":\"ListItem\",\"position\":2,\"name\":\"6-1. Titanium dioxide rotary kiln\"}]},{\"@type\":\"WebSite\",\"@id\":\"https:\\\/\\\/hengxingmachinery.com\\\/#website\",\"url\":\"https:\\\/\\\/hengxingmachinery.com\\\/\",\"name\":\"Hengxing Machinery\",\"description\":\"Leading Manufacturer of All Sorts of Mining Machinery\",\"publisher\":{\"@id\":\"https:\\\/\\\/hengxingmachinery.com\\\/#organization\"},\"potentialAction\":[{\"@type\":\"SearchAction\",\"target\":{\"@type\":\"EntryPoint\",\"urlTemplate\":\"https:\\\/\\\/hengxingmachinery.com\\\/?s={search_term_string}\"},\"query-input\":{\"@type\":\"PropertyValueSpecification\",\"valueRequired\":true,\"valueName\":\"search_term_string\"}}],\"inLanguage\":\"es\"},{\"@type\":\"Organization\",\"@id\":\"https:\\\/\\\/hengxingmachinery.com\\\/#organization\",\"name\":\"Hengxing Machinery\",\"url\":\"https:\\\/\\\/hengxingmachinery.com\\\/\",\"logo\":{\"@type\":\"ImageObject\",\"inLanguage\":\"es\",\"@id\":\"https:\\\/\\\/hengxingmachinery.com\\\/#\\\/schema\\\/logo\\\/image\\\/\",\"url\":\"https:\\\/\\\/hengxingmachinery.com\\\/wp-content\\\/uploads\\\/2024\\\/12\\\/logo.png\",\"contentUrl\":\"https:\\\/\\\/hengxingmachinery.com\\\/wp-content\\\/uploads\\\/2024\\\/12\\\/logo.png\",\"width\":400,\"height\":260,\"caption\":\"Hengxing Machinery\"},\"image\":{\"@id\":\"https:\\\/\\\/hengxingmachinery.com\\\/#\\\/schema\\\/logo\\\/image\\\/\"}}]}<\/script>\n<!-- \/ Yoast SEO plugin. -->","yoast_head_json":{"title":"6-1. Horno rotatorio de di\u00f3xido de titanio - Hengxing Machinery","robots":{"index":"index","follow":"follow","max-snippet":"max-snippet:-1","max-image-preview":"max-image-preview:large","max-video-preview":"max-video-preview:-1"},"canonical":"https:\/\/hengxingmachinery.com\/es\/titanium-dioxide-rotary-kiln\/","og_locale":"es_ES","og_type":"article","og_title":"6-1. Titanium dioxide rotary kiln - Hengxing Machinery","og_description":"Titanium dioxide rotary kiln Outstanding features of titanium dioxide rotary kiln 1. Structurally: the titanium dioxide rotary kiln is composed of a rotary cylinder, a supporting device, a supporting device with retaining wheels, a kiln head, a kiln tail sealing device, and a coal injection pipe device; 2. Components: In addition to the main drive, ... Leer m\u00e1s","og_url":"https:\/\/hengxingmachinery.com\/es\/titanium-dioxide-rotary-kiln\/","og_site_name":"Hengxing Machinery","article_modified_time":"2025-03-13T09:10:00+00:00","og_image":[{"url":"https:\/\/hengxingmachinery.com\/wp-content\/uploads\/2025\/03\/titanium-dioxide-rotary-kiln-feature.jpg","type":"","width":"","height":""}],"twitter_card":"summary_large_image","twitter_misc":{"Tiempo de lectura":"3 minutos"},"schema":{"@context":"https:\/\/schema.org","@graph":[{"@type":"WebPage","@id":"https:\/\/hengxingmachinery.com\/titanium-dioxide-rotary-kiln\/","url":"https:\/\/hengxingmachinery.com\/titanium-dioxide-rotary-kiln\/","name":"6-1. Horno rotatorio de di\u00f3xido de titanio - Hengxing Machinery","isPartOf":{"@id":"https:\/\/hengxingmachinery.com\/#website"},"primaryImageOfPage":{"@id":"https:\/\/hengxingmachinery.com\/titanium-dioxide-rotary-kiln\/#primaryimage"},"image":{"@id":"https:\/\/hengxingmachinery.com\/titanium-dioxide-rotary-kiln\/#primaryimage"},"thumbnailUrl":"https:\/\/hengxingmachinery.com\/wp-content\/uploads\/2025\/03\/titanium-dioxide-rotary-kiln-feature.jpg","datePublished":"2025-03-13T09:07:14+00:00","dateModified":"2025-03-13T09:10:00+00:00","breadcrumb":{"@id":"https:\/\/hengxingmachinery.com\/titanium-dioxide-rotary-kiln\/#breadcrumb"},"inLanguage":"es","potentialAction":[{"@type":"ReadAction","target":["https:\/\/hengxingmachinery.com\/titanium-dioxide-rotary-kiln\/"]}]},{"@type":"ImageObject","inLanguage":"es","@id":"https:\/\/hengxingmachinery.com\/titanium-dioxide-rotary-kiln\/#primaryimage","url":"https:\/\/hengxingmachinery.com\/wp-content\/uploads\/2025\/03\/titanium-dioxide-rotary-kiln-feature.jpg","contentUrl":"https:\/\/hengxingmachinery.com\/wp-content\/uploads\/2025\/03\/titanium-dioxide-rotary-kiln-feature.jpg"},{"@type":"BreadcrumbList","@id":"https:\/\/hengxingmachinery.com\/titanium-dioxide-rotary-kiln\/#breadcrumb","itemListElement":[{"@type":"ListItem","position":1,"name":"Home","item":"https:\/\/hengxingmachinery.com\/"},{"@type":"ListItem","position":2,"name":"6-1. Titanium dioxide rotary kiln"}]},{"@type":"WebSite","@id":"https:\/\/hengxingmachinery.com\/#website","url":"https:\/\/hengxingmachinery.com\/","name":"Maquinaria Hengxing","description":"Fabricante l\u00edder de todo tipo de maquinaria minera","publisher":{"@id":"https:\/\/hengxingmachinery.com\/#organization"},"potentialAction":[{"@type":"SearchAction","target":{"@type":"EntryPoint","urlTemplate":"https:\/\/hengxingmachinery.com\/?s={search_term_string}"},"query-input":{"@type":"PropertyValueSpecification","valueRequired":true,"valueName":"search_term_string"}}],"inLanguage":"es"},{"@type":"Organization","@id":"https:\/\/hengxingmachinery.com\/#organization","name":"Maquinaria Hengxing","url":"https:\/\/hengxingmachinery.com\/","logo":{"@type":"ImageObject","inLanguage":"es","@id":"https:\/\/hengxingmachinery.com\/#\/schema\/logo\/image\/","url":"https:\/\/hengxingmachinery.com\/wp-content\/uploads\/2024\/12\/logo.png","contentUrl":"https:\/\/hengxingmachinery.com\/wp-content\/uploads\/2024\/12\/logo.png","width":400,"height":260,"caption":"Hengxing Machinery"},"image":{"@id":"https:\/\/hengxingmachinery.com\/#\/schema\/logo\/image\/"}}]}},"_links":{"self":[{"href":"https:\/\/hengxingmachinery.com\/es\/wp-json\/wp\/v2\/pages\/2159","targetHints":{"allow":["GET"]}}],"collection":[{"href":"https:\/\/hengxingmachinery.com\/es\/wp-json\/wp\/v2\/pages"}],"about":[{"href":"https:\/\/hengxingmachinery.com\/es\/wp-json\/wp\/v2\/types\/page"}],"author":[{"embeddable":true,"href":"https:\/\/hengxingmachinery.com\/es\/wp-json\/wp\/v2\/users\/1"}],"replies":[{"embeddable":true,"href":"https:\/\/hengxingmachinery.com\/es\/wp-json\/wp\/v2\/comments?post=2159"}],"version-history":[{"count":2,"href":"https:\/\/hengxingmachinery.com\/es\/wp-json\/wp\/v2\/pages\/2159\/revisions"}],"predecessor-version":[{"id":2165,"href":"https:\/\/hengxingmachinery.com\/es\/wp-json\/wp\/v2\/pages\/2159\/revisions\/2165"}],"wp:attachment":[{"href":"https:\/\/hengxingmachinery.com\/es\/wp-json\/wp\/v2\/media?parent=2159"}],"curies":[{"name":"wp","href":"https:\/\/api.w.org\/{rel}","templated":true}]}}