{"id":2184,"date":"2025-03-13T09:39:57","date_gmt":"2025-03-13T09:39:57","guid":{"rendered":"https:\/\/hengxingmachinery.com\/?page_id=2184"},"modified":"2025-03-13T09:40:19","modified_gmt":"2025-03-13T09:40:19","slug":"bucket-elevator","status":"publish","type":"page","link":"https:\/\/hengxingmachinery.com\/es\/bucket-elevator\/","title":{"rendered":"6-1. Elevador de cangilones"},"content":{"rendered":"<div class=\"gb-container gb-container-45165f5a\">\n<div class=\"gb-container gb-container-c2652eb4\">\n\n<h1 class=\"gb-headline gb-headline-62a8b2cc gb-headline-text\">Elevador de cangilones<\/h1>\n\n<\/div>\n<\/div>\n\n<div class=\"gb-container gb-container-519cf624\">\n<div class=\"gb-container gb-container-71ca071e\">\n<div class=\"gb-grid-wrapper gb-grid-wrapper-8a5f0688\">\n<div class=\"gb-grid-column gb-grid-column-1e99b1c2\"><div class=\"gb-container gb-container-1e99b1c2\">\n\n<figure class=\"gb-block-image gb-block-image-e4eaba54\"><img decoding=\"async\" width=\"1258\" height=\"625\" class=\"gb-image gb-image-e4eaba54\" src=\"https:\/\/hengxingmachinery.com\/wp-content\/uploads\/2025\/03\/bucket-elevator-for-sale.jpg\" alt=\"\" title=\"elevador-de-cangilones-a-la-venta\" srcset=\"https:\/\/hengxingmachinery.com\/wp-content\/uploads\/2025\/03\/bucket-elevator-for-sale.jpg 1258w, https:\/\/hengxingmachinery.com\/wp-content\/uploads\/2025\/03\/bucket-elevator-for-sale-300x149.jpg 300w, https:\/\/hengxingmachinery.com\/wp-content\/uploads\/2025\/03\/bucket-elevator-for-sale-1024x509.jpg 1024w, https:\/\/hengxingmachinery.com\/wp-content\/uploads\/2025\/03\/bucket-elevator-for-sale-768x382.jpg 768w, https:\/\/hengxingmachinery.com\/wp-content\/uploads\/2025\/03\/bucket-elevator-for-sale-18x9.jpg 18w\" sizes=\"(max-width: 1258px) 100vw, 1258px\" \/><\/figure>\n\n<\/div><\/div>\n\n<div class=\"gb-grid-column gb-grid-column-bcae065b\"><div class=\"gb-container gb-container-bcae065b\">\n\n<p class=\"gb-headline gb-headline-e419680e gb-headline-text\">El elevador de cangilones es adecuado para la transmisi\u00f3n vertical de materiales a granel en polvo, granulares y peque\u00f1os bloques con baja abrasividad, presentando requisitos reducidos en cuanto al tipo de materiales, sus caracter\u00edsticas y grado de fragmentaci\u00f3n. Puede elevar materiales en polvo, granulares y a granel, as\u00ed como materiales abrasivos como granos, carb\u00f3n, cemento, mineral triturado, etc. Tambi\u00e9n puede elevar productos a alta temperatura de hasta 250\u00b0C, con una altura m\u00e1xima de 40 m.<\/p>\n\n\n<div class=\"gb-grid-wrapper gb-grid-wrapper-eebec76e\">\n<div class=\"gb-grid-column gb-grid-column-e3ada2f0\"><div class=\"gb-container gb-container-e3ada2f0\">\n\n<p class=\"gb-headline gb-headline-4c79a90a gb-headline-text\"><mark style=\"background-color:rgba(0, 0, 0, 0)\" class=\"has-inline-color has-global-color-8-color\"><strong>Tama\u00f1o m\u00e1ximo de alimentaci\u00f3n:<\/strong><\/mark> 25-70 mm<\/p>\n\n<\/div><\/div>\n\n<div class=\"gb-grid-column gb-grid-column-0bb00826\"><div class=\"gb-container gb-container-0bb00826\">\n\n<p class=\"gb-headline gb-headline-86d53f56 gb-headline-text\"><mark style=\"background-color:rgba(0, 0, 0, 0)\" class=\"has-inline-color has-global-color-8-color\"><strong><strong>Capacidad<\/strong>:<\/strong><\/mark> 5,4\u2013142 t\/h<\/p>\n\n<\/div><\/div>\n<\/div>\n\n<div class=\"gb-container gb-container-256e15f1\">\n\n<a class=\"gb-button gb-button-e8b73d89 gb-button-text\" href=\"#popmake-622\">Obtener presupuesto gratuito<\/a>\n\n<\/div>\n<\/div><\/div>\n<\/div>\n<\/div>\n<\/div>\n\n<div class=\"gb-container gb-container-af5f8799\">\n<div class=\"gb-container gb-container-2298848b\">\n\n<h2 class=\"gb-headline gb-headline-9d27ad2c gb-headline-text\">Caracter\u00edsticas destacadas del elevador de cangilones<\/h2>\n\n\n\n<figure class=\"gb-block-image gb-block-image-d3dc0db2\"><img decoding=\"async\" width=\"625\" height=\"750\" class=\"gb-image gb-image-d3dc0db2\" src=\"https:\/\/hengxingmachinery.com\/wp-content\/uploads\/2025\/03\/bucket-elevator-feature.jpg\" alt=\"\" title=\"caracter\u00edstica-del-elevador-de-cangilones\" srcset=\"https:\/\/hengxingmachinery.com\/wp-content\/uploads\/2025\/03\/bucket-elevator-feature.jpg 625w, https:\/\/hengxingmachinery.com\/wp-content\/uploads\/2025\/03\/bucket-elevator-feature-250x300.jpg 250w, https:\/\/hengxingmachinery.com\/wp-content\/uploads\/2025\/03\/bucket-elevator-feature-10x12.jpg 10w\" sizes=\"(max-width: 625px) 100vw, 625px\" \/><\/figure>\n\n\n\n<p>1. El elevador de cangilones tiene requisitos reducidos respecto a los materiales, sus caracter\u00edsticas y el volumen. Puede elevar materiales en polvo, granulares y a granel;<\/p>\n\n\n\n<p>2. La capacidad m\u00e1xima de elevaci\u00f3n es de 4.600 m\u00b3\/h;<\/p>\n\n\n\n<p>3. El elevador de cangilones adopta alimentaci\u00f3n por flujo de entrada, descarga por gravedad y utiliza cangilones de gran capacidad;<\/p>\n\n\n\n<p>4. Los elementos de tracci\u00f3n emplean cadenas resistentes al desgaste y bandas de alambre de acero para prolongar la vida \u00fatil de las partes tractoras;<\/p>\n\n\n\n<p>4. El elevador de cangilones funciona de manera estable; generalmente, la altura de elevaci\u00f3n es de 40 m o incluso superior.<\/p>\n\n\n<div class=\"gb-container gb-container-d7b7b595\">\n\n<a class=\"gb-button gb-button-c1312760 gb-button-text\" href=\"#popmake-622\">Obtener presupuesto gratuito<\/a>\n\n<\/div>\n<\/div>\n<\/div>\n\n<div class=\"gb-container gb-container-ebd718b6\">\n<div class=\"gb-container gb-container-5c75b960\">\n\n<h2 class=\"gb-headline gb-headline-98859344 gb-headline-text\">Principio de funcionamiento del elevador de cangilones<\/h2>\n\n\n\n<figure class=\"gb-block-image gb-block-image-c486b36e\"><img decoding=\"async\" width=\"625\" height=\"750\" class=\"gb-image gb-image-c486b36e\" src=\"https:\/\/hengxingmachinery.com\/wp-content\/uploads\/2025\/03\/bucket-elevator-working.jpg\" alt=\"\" title=\"funcionamiento-del-elevador-de-cangilones\" srcset=\"https:\/\/hengxingmachinery.com\/wp-content\/uploads\/2025\/03\/bucket-elevator-working.jpg 625w, https:\/\/hengxingmachinery.com\/wp-content\/uploads\/2025\/03\/bucket-elevator-working-250x300.jpg 250w, https:\/\/hengxingmachinery.com\/wp-content\/uploads\/2025\/03\/bucket-elevator-working-10x12.jpg 10w\" sizes=\"(max-width: 625px) 100vw, 625px\" \/><\/figure>\n\n\n\n<p>Los materiales se alimentan por la parte inferior de la m\u00e1quina y se descargan por la parte superior.<\/p>\n\n\n\n<p>1. En primer lugar, los materiales se alimentan uniformemente en la tolva de la base de la m\u00e1quina;<\/p>\n\n\n\n<p>2. En segundo lugar, los materiales son elevados hasta la cabeza de la m\u00e1quina;<\/p>\n\n\n\n<p>3. En tercer lugar, las materias primas se vierten en la m\u00e1quina destino.<\/p>\n\n\n<div class=\"gb-container gb-container-d6bbf16a\">\n\n<a class=\"gb-button gb-button-caa3f2bc gb-button-text\" href=\"#popmake-622\">Obtener presupuesto gratuito<\/a>\n\n<\/div>\n<\/div>\n<\/div>\n\n<div class=\"gb-container gb-container-435ad261\">\n<div class=\"gb-container gb-container-7dc79cc4\">\n\n<h2 class=\"gb-headline gb-headline-6fe5dee2 gb-headline-text\">Especificaciones del elevador de cangilones<\/h2>\n\n\n\n<figure class=\"wp-block-table\"><table class=\"has-fixed-layout\"><tbody><tr><td><strong>Modelo<\/strong><\/td><td><strong>Tama\u00f1o m\u00e1ximo de alimentaci\u00f3n (mm)<\/strong><\/td><td><strong>Capacidad (Tonelada\/Hora)<\/strong><\/td><td><strong>Velocidad de elevaci\u00f3n (m\/s)<\/strong><\/td><td><strong>Ancho de banda (mm)<\/strong><\/td><td><strong>Altura de elevaci\u00f3n (m)<\/strong><\/td><\/tr><tr><td>TD160<\/td><td>25<\/td><td>5.4-16<\/td><td>1.4<\/td><td>200<\/td><td>&lt;40<\/td><\/tr><tr><td>TD250<\/td><td>35<\/td><td>12-35<\/td><td>1.6<\/td><td>300<\/td><td>&lt;40<\/td><\/tr><tr><td>TD315<\/td><td>45<\/td><td>17-40<\/td><td>1.6<\/td><td>400<\/td><td>&lt;40<\/td><\/tr><tr><td>TD400<\/td><td>55<\/td><td>24-66<\/td><td>1.8<\/td><td>500<\/td><td>&lt;40<\/td><\/tr><tr><td>TD500<\/td><td>60<\/td><td>38-92<\/td><td>1.8<\/td><td>600<\/td><td>&lt;40<\/td><\/tr><tr><td>TD630<\/td><td>70<\/td><td>85-142<\/td><td>2<\/td><td>700<\/td><td>&lt;40<\/td><\/tr><\/tbody><\/table><\/figure>\n\n\n<div class=\"gb-container gb-container-263d9700\">\n\n<a class=\"gb-button gb-button-a4cbb7be gb-button-text\" href=\"#popmake-622\">Obtener presupuesto gratuito<\/a>\n\n<\/div>\n<\/div>\n<\/div>\n\n\n<p><\/p>","protected":false},"excerpt":{"rendered":"<p>Bucket elevator Outstanding features of bucket elevator 1. Bucket elevator has less requirement on materials, features and the bulk. It can lift, powder, granular and bulk materials; 2. The max lifting capacity is 4,600m3\/h; 3. Bucket elevator adopts inflow feeding, gravity induced discharge, and use large capacity hopper; 4. The traction parts adopt wear-resistant chains &#8230; <\/p>\n<p class=\"read-more-container\"><a title=\"6-1. Elevador de cangilones\" class=\"read-more button\" href=\"https:\/\/hengxingmachinery.com\/es\/bucket-elevator\/#more-2184\" aria-label=\"Leer m\u00e1s sobre 6-1. Bucket elevator\">Leer m\u00e1s<\/a><\/p>","protected":false},"author":1,"featured_media":0,"parent":0,"menu_order":0,"comment_status":"closed","ping_status":"closed","template":"","meta":{"footnotes":""},"class_list":["post-2184","page","type-page","status-publish"],"yoast_head":"<!-- This site is optimized with the Yoast SEO plugin v27.4 - https:\/\/yoast.com\/product\/yoast-seo-wordpress\/ -->\n<title>6-1. Bucket elevator - Hengxing Machinery<\/title>\n<meta name=\"robots\" content=\"index, follow, max-snippet:-1, max-image-preview:large, max-video-preview:-1\" \/>\n<link rel=\"canonical\" href=\"https:\/\/hengxingmachinery.com\/es\/bucket-elevator\/\" \/>\n<meta property=\"og:locale\" content=\"es_ES\" \/>\n<meta property=\"og:type\" content=\"article\" \/>\n<meta property=\"og:title\" content=\"6-1. Bucket elevator - Hengxing Machinery\" \/>\n<meta property=\"og:description\" content=\"Bucket elevator Outstanding features of bucket elevator 1. Bucket elevator has less requirement on materials, features and the bulk. It can lift, powder, granular and bulk materials; 2. The max lifting capacity is 4,600m3\/h; 3. Bucket elevator adopts inflow feeding, gravity induced discharge, and use large capacity hopper; 4. The traction parts adopt wear-resistant chains ... Leer m\u00e1s\" \/>\n<meta property=\"og:url\" content=\"https:\/\/hengxingmachinery.com\/es\/bucket-elevator\/\" \/>\n<meta property=\"og:site_name\" content=\"Hengxing Machinery\" \/>\n<meta property=\"article:modified_time\" content=\"2025-03-13T09:40:19+00:00\" \/>\n<meta property=\"og:image\" content=\"https:\/\/hengxingmachinery.com\/wp-content\/uploads\/2025\/03\/bucket-elevator-for-sale.jpg\" \/>\n<meta name=\"twitter:card\" content=\"summary_large_image\" \/>\n<meta name=\"twitter:label1\" content=\"Tiempo de lectura\" \/>\n\t<meta name=\"twitter:data1\" content=\"2 minutos\" \/>\n<script type=\"application\/ld+json\" class=\"yoast-schema-graph\">{\"@context\":\"https:\\\/\\\/schema.org\",\"@graph\":[{\"@type\":\"WebPage\",\"@id\":\"https:\\\/\\\/hengxingmachinery.com\\\/bucket-elevator\\\/\",\"url\":\"https:\\\/\\\/hengxingmachinery.com\\\/bucket-elevator\\\/\",\"name\":\"6-1. Bucket elevator - Hengxing Machinery\",\"isPartOf\":{\"@id\":\"https:\\\/\\\/hengxingmachinery.com\\\/#website\"},\"primaryImageOfPage\":{\"@id\":\"https:\\\/\\\/hengxingmachinery.com\\\/bucket-elevator\\\/#primaryimage\"},\"image\":{\"@id\":\"https:\\\/\\\/hengxingmachinery.com\\\/bucket-elevator\\\/#primaryimage\"},\"thumbnailUrl\":\"https:\\\/\\\/hengxingmachinery.com\\\/wp-content\\\/uploads\\\/2025\\\/03\\\/bucket-elevator-for-sale.jpg\",\"datePublished\":\"2025-03-13T09:39:57+00:00\",\"dateModified\":\"2025-03-13T09:40:19+00:00\",\"breadcrumb\":{\"@id\":\"https:\\\/\\\/hengxingmachinery.com\\\/bucket-elevator\\\/#breadcrumb\"},\"inLanguage\":\"es\",\"potentialAction\":[{\"@type\":\"ReadAction\",\"target\":[\"https:\\\/\\\/hengxingmachinery.com\\\/bucket-elevator\\\/\"]}]},{\"@type\":\"ImageObject\",\"inLanguage\":\"es\",\"@id\":\"https:\\\/\\\/hengxingmachinery.com\\\/bucket-elevator\\\/#primaryimage\",\"url\":\"https:\\\/\\\/hengxingmachinery.com\\\/wp-content\\\/uploads\\\/2025\\\/03\\\/bucket-elevator-for-sale.jpg\",\"contentUrl\":\"https:\\\/\\\/hengxingmachinery.com\\\/wp-content\\\/uploads\\\/2025\\\/03\\\/bucket-elevator-for-sale.jpg\"},{\"@type\":\"BreadcrumbList\",\"@id\":\"https:\\\/\\\/hengxingmachinery.com\\\/bucket-elevator\\\/#breadcrumb\",\"itemListElement\":[{\"@type\":\"ListItem\",\"position\":1,\"name\":\"Home\",\"item\":\"https:\\\/\\\/hengxingmachinery.com\\\/\"},{\"@type\":\"ListItem\",\"position\":2,\"name\":\"6-1. Bucket elevator\"}]},{\"@type\":\"WebSite\",\"@id\":\"https:\\\/\\\/hengxingmachinery.com\\\/#website\",\"url\":\"https:\\\/\\\/hengxingmachinery.com\\\/\",\"name\":\"Hengxing Machinery\",\"description\":\"Leading Manufacturer of All Sorts of Mining Machinery\",\"publisher\":{\"@id\":\"https:\\\/\\\/hengxingmachinery.com\\\/#organization\"},\"potentialAction\":[{\"@type\":\"SearchAction\",\"target\":{\"@type\":\"EntryPoint\",\"urlTemplate\":\"https:\\\/\\\/hengxingmachinery.com\\\/?s={search_term_string}\"},\"query-input\":{\"@type\":\"PropertyValueSpecification\",\"valueRequired\":true,\"valueName\":\"search_term_string\"}}],\"inLanguage\":\"es\"},{\"@type\":\"Organization\",\"@id\":\"https:\\\/\\\/hengxingmachinery.com\\\/#organization\",\"name\":\"Hengxing Machinery\",\"url\":\"https:\\\/\\\/hengxingmachinery.com\\\/\",\"logo\":{\"@type\":\"ImageObject\",\"inLanguage\":\"es\",\"@id\":\"https:\\\/\\\/hengxingmachinery.com\\\/#\\\/schema\\\/logo\\\/image\\\/\",\"url\":\"https:\\\/\\\/hengxingmachinery.com\\\/wp-content\\\/uploads\\\/2024\\\/12\\\/logo.png\",\"contentUrl\":\"https:\\\/\\\/hengxingmachinery.com\\\/wp-content\\\/uploads\\\/2024\\\/12\\\/logo.png\",\"width\":400,\"height\":260,\"caption\":\"Hengxing Machinery\"},\"image\":{\"@id\":\"https:\\\/\\\/hengxingmachinery.com\\\/#\\\/schema\\\/logo\\\/image\\\/\"}}]}<\/script>\n<!-- \/ Yoast SEO plugin. -->","yoast_head_json":{"title":"6-1. Elevador de cangilones - Hengxing Machinery","robots":{"index":"index","follow":"follow","max-snippet":"max-snippet:-1","max-image-preview":"max-image-preview:large","max-video-preview":"max-video-preview:-1"},"canonical":"https:\/\/hengxingmachinery.com\/es\/bucket-elevator\/","og_locale":"es_ES","og_type":"article","og_title":"6-1. Bucket elevator - Hengxing Machinery","og_description":"Bucket elevator Outstanding features of bucket elevator 1. Bucket elevator has less requirement on materials, features and the bulk. It can lift, powder, granular and bulk materials; 2. The max lifting capacity is 4,600m3\/h; 3. Bucket elevator adopts inflow feeding, gravity induced discharge, and use large capacity hopper; 4. The traction parts adopt wear-resistant chains ... Leer m\u00e1s","og_url":"https:\/\/hengxingmachinery.com\/es\/bucket-elevator\/","og_site_name":"Hengxing Machinery","article_modified_time":"2025-03-13T09:40:19+00:00","og_image":[{"url":"https:\/\/hengxingmachinery.com\/wp-content\/uploads\/2025\/03\/bucket-elevator-for-sale.jpg","type":"","width":"","height":""}],"twitter_card":"summary_large_image","twitter_misc":{"Tiempo de lectura":"2 minutos"},"schema":{"@context":"https:\/\/schema.org","@graph":[{"@type":"WebPage","@id":"https:\/\/hengxingmachinery.com\/bucket-elevator\/","url":"https:\/\/hengxingmachinery.com\/bucket-elevator\/","name":"6-1. Elevador de cangilones - Hengxing Machinery","isPartOf":{"@id":"https:\/\/hengxingmachinery.com\/#website"},"primaryImageOfPage":{"@id":"https:\/\/hengxingmachinery.com\/bucket-elevator\/#primaryimage"},"image":{"@id":"https:\/\/hengxingmachinery.com\/bucket-elevator\/#primaryimage"},"thumbnailUrl":"https:\/\/hengxingmachinery.com\/wp-content\/uploads\/2025\/03\/bucket-elevator-for-sale.jpg","datePublished":"2025-03-13T09:39:57+00:00","dateModified":"2025-03-13T09:40:19+00:00","breadcrumb":{"@id":"https:\/\/hengxingmachinery.com\/bucket-elevator\/#breadcrumb"},"inLanguage":"es","potentialAction":[{"@type":"ReadAction","target":["https:\/\/hengxingmachinery.com\/bucket-elevator\/"]}]},{"@type":"ImageObject","inLanguage":"es","@id":"https:\/\/hengxingmachinery.com\/bucket-elevator\/#primaryimage","url":"https:\/\/hengxingmachinery.com\/wp-content\/uploads\/2025\/03\/bucket-elevator-for-sale.jpg","contentUrl":"https:\/\/hengxingmachinery.com\/wp-content\/uploads\/2025\/03\/bucket-elevator-for-sale.jpg"},{"@type":"BreadcrumbList","@id":"https:\/\/hengxingmachinery.com\/bucket-elevator\/#breadcrumb","itemListElement":[{"@type":"ListItem","position":1,"name":"Home","item":"https:\/\/hengxingmachinery.com\/"},{"@type":"ListItem","position":2,"name":"6-1. Bucket elevator"}]},{"@type":"WebSite","@id":"https:\/\/hengxingmachinery.com\/#website","url":"https:\/\/hengxingmachinery.com\/","name":"Maquinaria Hengxing","description":"Fabricante l\u00edder de todo tipo de maquinaria minera","publisher":{"@id":"https:\/\/hengxingmachinery.com\/#organization"},"potentialAction":[{"@type":"SearchAction","target":{"@type":"EntryPoint","urlTemplate":"https:\/\/hengxingmachinery.com\/?s={search_term_string}"},"query-input":{"@type":"PropertyValueSpecification","valueRequired":true,"valueName":"search_term_string"}}],"inLanguage":"es"},{"@type":"Organization","@id":"https:\/\/hengxingmachinery.com\/#organization","name":"Maquinaria Hengxing","url":"https:\/\/hengxingmachinery.com\/","logo":{"@type":"ImageObject","inLanguage":"es","@id":"https:\/\/hengxingmachinery.com\/#\/schema\/logo\/image\/","url":"https:\/\/hengxingmachinery.com\/wp-content\/uploads\/2024\/12\/logo.png","contentUrl":"https:\/\/hengxingmachinery.com\/wp-content\/uploads\/2024\/12\/logo.png","width":400,"height":260,"caption":"Hengxing Machinery"},"image":{"@id":"https:\/\/hengxingmachinery.com\/#\/schema\/logo\/image\/"}}]}},"_links":{"self":[{"href":"https:\/\/hengxingmachinery.com\/es\/wp-json\/wp\/v2\/pages\/2184","targetHints":{"allow":["GET"]}}],"collection":[{"href":"https:\/\/hengxingmachinery.com\/es\/wp-json\/wp\/v2\/pages"}],"about":[{"href":"https:\/\/hengxingmachinery.com\/es\/wp-json\/wp\/v2\/types\/page"}],"author":[{"embeddable":true,"href":"https:\/\/hengxingmachinery.com\/es\/wp-json\/wp\/v2\/users\/1"}],"replies":[{"embeddable":true,"href":"https:\/\/hengxingmachinery.com\/es\/wp-json\/wp\/v2\/comments?post=2184"}],"version-history":[{"count":2,"href":"https:\/\/hengxingmachinery.com\/es\/wp-json\/wp\/v2\/pages\/2184\/revisions"}],"predecessor-version":[{"id":2190,"href":"https:\/\/hengxingmachinery.com\/es\/wp-json\/wp\/v2\/pages\/2184\/revisions\/2190"}],"wp:attachment":[{"href":"https:\/\/hengxingmachinery.com\/es\/wp-json\/wp\/v2\/media?parent=2184"}],"curies":[{"name":"wp","href":"https:\/\/api.w.org\/{rel}","templated":true}]}}