{"id":2191,"date":"2025-03-13T09:45:38","date_gmt":"2025-03-13T09:45:38","guid":{"rendered":"https:\/\/hengxingmachinery.com\/?page_id=2191"},"modified":"2025-03-13T09:45:46","modified_gmt":"2025-03-13T09:45:46","slug":"rotary-cooler","status":"publish","type":"page","link":"https:\/\/hengxingmachinery.com\/es\/rotary-cooler\/","title":{"rendered":"6-1. Enfriador rotativo"},"content":{"rendered":"<div class=\"gb-container gb-container-45165f5a\">\n<div class=\"gb-container gb-container-c2652eb4\">\n\n<h1 class=\"gb-headline gb-headline-62a8b2cc gb-headline-text\">Enfriador rotatorio<\/h1>\n\n<\/div>\n<\/div>\n\n<div class=\"gb-container gb-container-519cf624\">\n<div class=\"gb-container gb-container-71ca071e\">\n<div class=\"gb-grid-wrapper gb-grid-wrapper-8a5f0688\">\n<div class=\"gb-grid-column gb-grid-column-1e99b1c2\"><div class=\"gb-container gb-container-1e99b1c2\">\n\n<figure class=\"gb-block-image gb-block-image-e4eaba54\"><img decoding=\"async\" width=\"665\" height=\"545\" class=\"gb-image gb-image-e4eaba54\" src=\"https:\/\/hengxingmachinery.com\/wp-content\/uploads\/2025\/03\/rotary-cooler-major-sale.jpg\" alt=\"\" title=\"enfriador-rotatorio-venta-principal\" srcset=\"https:\/\/hengxingmachinery.com\/wp-content\/uploads\/2025\/03\/rotary-cooler-major-sale.jpg 665w, https:\/\/hengxingmachinery.com\/wp-content\/uploads\/2025\/03\/rotary-cooler-major-sale-300x246.jpg 300w, https:\/\/hengxingmachinery.com\/wp-content\/uploads\/2025\/03\/rotary-cooler-major-sale-15x12.jpg 15w\" sizes=\"(max-width: 665px) 100vw, 665px\" \/><\/figure>\n\n<\/div><\/div>\n\n<div class=\"gb-grid-column gb-grid-column-bcae065b\"><div class=\"gb-container gb-container-bcae065b\">\n\n<p class=\"gb-headline gb-headline-e419680e gb-headline-text\">El enfriador es uno de los equipos principales en el sistema de producci\u00f3n del horno rotatorio.<br>\u00a0<br>\u00a0Su funci\u00f3n es enfriar el cl\u00ednker de 1000~1300\u00b0C procedente del horno rotatorio hasta 200\u00b0C o menos, mediante el intercambio de calor entre el material en movimiento y el flujo de aire dentro del tambor giratorio.<br>\u00a0<br>La calidad y la molienda del material mejoran tras el enfriamiento. El aire proveniente del enfriamiento del cl\u00ednker se inyecta en el horno como aire secundario de circulaci\u00f3n, aumentando la eficiencia t\u00e9rmica del horno.<\/p>\n\n\n<div class=\"gb-container gb-container-256e15f1\">\n\n<a class=\"gb-button gb-button-e8b73d89 gb-button-text\" href=\"#popmake-622\">Obtener presupuesto gratuito<\/a>\n\n<\/div>\n<\/div><\/div>\n<\/div>\n<\/div>\n<\/div>\n\n<div class=\"gb-container gb-container-ebd718b6\">\n<div class=\"gb-container gb-container-5c75b960\">\n\n<h2 class=\"gb-headline gb-headline-98859344 gb-headline-text\">Principio de funcionamiento del enfriador rotatorio<\/h2>\n\n\n\n<figure class=\"gb-block-image gb-block-image-c486b36e\"><img decoding=\"async\" width=\"1250\" height=\"400\" class=\"gb-image gb-image-c486b36e\" src=\"https:\/\/hengxingmachinery.com\/wp-content\/uploads\/2025\/03\/rotary-cooler-for-sale.jpg\" alt=\"\" title=\"enfriador-rotatorio-en-venta\" srcset=\"https:\/\/hengxingmachinery.com\/wp-content\/uploads\/2025\/03\/rotary-cooler-for-sale.jpg 1250w, https:\/\/hengxingmachinery.com\/wp-content\/uploads\/2025\/03\/rotary-cooler-for-sale-300x96.jpg 300w, https:\/\/hengxingmachinery.com\/wp-content\/uploads\/2025\/03\/rotary-cooler-for-sale-1024x328.jpg 1024w, https:\/\/hengxingmachinery.com\/wp-content\/uploads\/2025\/03\/rotary-cooler-for-sale-768x246.jpg 768w, https:\/\/hengxingmachinery.com\/wp-content\/uploads\/2025\/03\/rotary-cooler-for-sale-18x6.jpg 18w\" sizes=\"(max-width: 1250px) 100vw, 1250px\" \/><\/figure>\n\n\n\n<p>En condiciones naturales, la inclinaci\u00f3n del cilindro del enfriador es de 3,5\u202f% a 5\u202f%, manteniendo una rotaci\u00f3n a baja velocidad. El material se alimenta desde el extremo del cilindro (lado alto), y una placa elevadora circular mantiene el material disperso, elev\u00e1ndolo y haci\u00e9ndolo descender. El material enfriado se descarga desde el extremo bajo, y el aire precalentado se env\u00eda al horno rotatorio para la calcinaci\u00f3n.<\/p>\n\n\n<div class=\"gb-container gb-container-d6bbf16a\">\n\n<a class=\"gb-button gb-button-caa3f2bc gb-button-text\" href=\"#popmake-622\">Obtener presupuesto gratuito<\/a>\n\n<\/div>\n<\/div>\n<\/div>\n\n<div class=\"gb-container gb-container-435ad261\">\n<div class=\"gb-container gb-container-7dc79cc4\">\n\n<h2 class=\"gb-headline gb-headline-6fe5dee2 gb-headline-text\">Especificaciones del enfriador rotatorio<\/h2>\n\n\n\n<figure class=\"wp-block-table\"><table class=\"has-fixed-layout\"><tbody><tr><td><strong>Especificaci\u00f3n<\/strong><\/td><td><strong>Capacidad<\/strong><\/td><td><strong>Instalaci\u00f3n<\/strong><strong>Inclinaci\u00f3n<\/strong><strong>(%)<\/strong><\/td><td><strong>Reductor principal<\/strong><\/td><td><strong>Motor principal (KW)<\/strong><\/td><\/tr><tr><td>\u03a61.5\u00d715<\/td><td>2~3<\/td><td>3~5<\/td><td>ZQ500<\/td><td>15<\/td><\/tr><tr><td>\u03a61,5\u00d720<\/td><td>3~4<\/td><td>3~5<\/td><td>ZQ500<\/td><td>15<\/td><\/tr><tr><td>\u03a61,8\u00d718<\/td><td>4~6<\/td><td>3~5<\/td><td>ZQ500<\/td><td>18.5<\/td><\/tr><tr><td>\u03a62,0\u00d722<\/td><td>7~8.5<\/td><td>3~5<\/td><td>ZQ500<\/td><td>22<\/td><\/tr><tr><td>\u03a62,2\u00d718<\/td><td>7~8.5<\/td><td>3~5<\/td><td>ZQ500<\/td><td>22<\/td><\/tr><tr><td>\u03a62,2\u00d722<\/td><td>8~10<\/td><td>3~5<\/td><td>ZQ650<\/td><td>30<\/td><\/tr><tr><td>\u03a62,5\u00d725<\/td><td>15~20<\/td><td>3~5<\/td><td>ZS125<\/td><td>55<\/td><\/tr><tr><td>\u03a62,8\u00d728<\/td><td>16~22<\/td><td>3~5<\/td><td>ZL100<\/td><td>55<\/td><\/tr><tr><td>\u03a63,0\u00d730<\/td><td>20~25<\/td><td>3~5<\/td><td>ZL115<\/td><td>75<\/td><\/tr><tr><td>\u03a63,2\u00d736<\/td><td>28~32<\/td><td>3~5<\/td><td>ZL115<\/td><td>90<\/td><\/tr><tr><td>\u03a63,3\u00d740<\/td><td>32~36<\/td><td>3~5<\/td><td>ZL130<\/td><td>132<\/td><\/tr><\/tbody><\/table><\/figure>\n\n\n<div class=\"gb-container gb-container-263d9700\">\n\n<a class=\"gb-button gb-button-a4cbb7be gb-button-text\" href=\"#popmake-622\">Obtener presupuesto gratuito<\/a>\n\n<\/div>\n<\/div>\n<\/div>\n\n\n<p><\/p>","protected":false},"excerpt":{"rendered":"<p>Rotary cooler Rotary cooler working principle In the natural situation, the slope of the Cooler cylinder is 3.5% to 5%, keeping low-speed rotation. The material is fed from the end of the Cylinder (high side), and a circular lifting plate keeps the materials scattered, lifting and moving down. Cooling material is discharged from the low &#8230; <\/p>\n<p class=\"read-more-container\"><a title=\"6-1. Enfriador rotativo\" class=\"read-more button\" href=\"https:\/\/hengxingmachinery.com\/es\/rotary-cooler\/#more-2191\" aria-label=\"Leer m\u00e1s sobre 6-1. Rotary cooler\">Leer m\u00e1s<\/a><\/p>","protected":false},"author":1,"featured_media":0,"parent":0,"menu_order":0,"comment_status":"closed","ping_status":"closed","template":"","meta":{"footnotes":""},"class_list":["post-2191","page","type-page","status-publish"],"yoast_head":"<!-- This site is optimized with the Yoast SEO plugin v27.4 - https:\/\/yoast.com\/product\/yoast-seo-wordpress\/ -->\n<title>6-1. Rotary cooler - Hengxing Machinery<\/title>\n<meta name=\"robots\" content=\"index, follow, max-snippet:-1, max-image-preview:large, max-video-preview:-1\" \/>\n<link rel=\"canonical\" href=\"https:\/\/hengxingmachinery.com\/es\/rotary-cooler\/\" \/>\n<meta property=\"og:locale\" content=\"es_ES\" \/>\n<meta property=\"og:type\" content=\"article\" \/>\n<meta property=\"og:title\" content=\"6-1. Rotary cooler - Hengxing Machinery\" \/>\n<meta property=\"og:description\" content=\"Rotary cooler Rotary cooler working principle In the natural situation, the slope of the Cooler cylinder is 3.5% to 5%, keeping low-speed rotation. The material is fed from the end of the Cylinder (high side), and a circular lifting plate keeps the materials scattered, lifting and moving down. Cooling material is discharged from the low ... Leer m\u00e1s\" \/>\n<meta property=\"og:url\" content=\"https:\/\/hengxingmachinery.com\/es\/rotary-cooler\/\" \/>\n<meta property=\"og:site_name\" content=\"Hengxing Machinery\" \/>\n<meta property=\"article:modified_time\" content=\"2025-03-13T09:45:46+00:00\" \/>\n<meta property=\"og:image\" content=\"https:\/\/hengxingmachinery.com\/wp-content\/uploads\/2025\/03\/rotary-cooler-major-sale.jpg\" \/>\n<meta name=\"twitter:card\" content=\"summary_large_image\" \/>\n<meta name=\"twitter:label1\" content=\"Tiempo de lectura\" \/>\n\t<meta name=\"twitter:data1\" content=\"2 minutos\" \/>\n<script type=\"application\/ld+json\" class=\"yoast-schema-graph\">{\"@context\":\"https:\\\/\\\/schema.org\",\"@graph\":[{\"@type\":\"WebPage\",\"@id\":\"https:\\\/\\\/hengxingmachinery.com\\\/rotary-cooler\\\/\",\"url\":\"https:\\\/\\\/hengxingmachinery.com\\\/rotary-cooler\\\/\",\"name\":\"6-1. Rotary cooler - Hengxing Machinery\",\"isPartOf\":{\"@id\":\"https:\\\/\\\/hengxingmachinery.com\\\/#website\"},\"primaryImageOfPage\":{\"@id\":\"https:\\\/\\\/hengxingmachinery.com\\\/rotary-cooler\\\/#primaryimage\"},\"image\":{\"@id\":\"https:\\\/\\\/hengxingmachinery.com\\\/rotary-cooler\\\/#primaryimage\"},\"thumbnailUrl\":\"https:\\\/\\\/hengxingmachinery.com\\\/wp-content\\\/uploads\\\/2025\\\/03\\\/rotary-cooler-major-sale.jpg\",\"datePublished\":\"2025-03-13T09:45:38+00:00\",\"dateModified\":\"2025-03-13T09:45:46+00:00\",\"breadcrumb\":{\"@id\":\"https:\\\/\\\/hengxingmachinery.com\\\/rotary-cooler\\\/#breadcrumb\"},\"inLanguage\":\"es\",\"potentialAction\":[{\"@type\":\"ReadAction\",\"target\":[\"https:\\\/\\\/hengxingmachinery.com\\\/rotary-cooler\\\/\"]}]},{\"@type\":\"ImageObject\",\"inLanguage\":\"es\",\"@id\":\"https:\\\/\\\/hengxingmachinery.com\\\/rotary-cooler\\\/#primaryimage\",\"url\":\"https:\\\/\\\/hengxingmachinery.com\\\/wp-content\\\/uploads\\\/2025\\\/03\\\/rotary-cooler-major-sale.jpg\",\"contentUrl\":\"https:\\\/\\\/hengxingmachinery.com\\\/wp-content\\\/uploads\\\/2025\\\/03\\\/rotary-cooler-major-sale.jpg\"},{\"@type\":\"BreadcrumbList\",\"@id\":\"https:\\\/\\\/hengxingmachinery.com\\\/rotary-cooler\\\/#breadcrumb\",\"itemListElement\":[{\"@type\":\"ListItem\",\"position\":1,\"name\":\"Home\",\"item\":\"https:\\\/\\\/hengxingmachinery.com\\\/\"},{\"@type\":\"ListItem\",\"position\":2,\"name\":\"6-1. Rotary cooler\"}]},{\"@type\":\"WebSite\",\"@id\":\"https:\\\/\\\/hengxingmachinery.com\\\/#website\",\"url\":\"https:\\\/\\\/hengxingmachinery.com\\\/\",\"name\":\"Hengxing Machinery\",\"description\":\"Leading Manufacturer of All Sorts of Mining Machinery\",\"publisher\":{\"@id\":\"https:\\\/\\\/hengxingmachinery.com\\\/#organization\"},\"potentialAction\":[{\"@type\":\"SearchAction\",\"target\":{\"@type\":\"EntryPoint\",\"urlTemplate\":\"https:\\\/\\\/hengxingmachinery.com\\\/?s={search_term_string}\"},\"query-input\":{\"@type\":\"PropertyValueSpecification\",\"valueRequired\":true,\"valueName\":\"search_term_string\"}}],\"inLanguage\":\"es\"},{\"@type\":\"Organization\",\"@id\":\"https:\\\/\\\/hengxingmachinery.com\\\/#organization\",\"name\":\"Hengxing Machinery\",\"url\":\"https:\\\/\\\/hengxingmachinery.com\\\/\",\"logo\":{\"@type\":\"ImageObject\",\"inLanguage\":\"es\",\"@id\":\"https:\\\/\\\/hengxingmachinery.com\\\/#\\\/schema\\\/logo\\\/image\\\/\",\"url\":\"https:\\\/\\\/hengxingmachinery.com\\\/wp-content\\\/uploads\\\/2024\\\/12\\\/logo.png\",\"contentUrl\":\"https:\\\/\\\/hengxingmachinery.com\\\/wp-content\\\/uploads\\\/2024\\\/12\\\/logo.png\",\"width\":400,\"height\":260,\"caption\":\"Hengxing Machinery\"},\"image\":{\"@id\":\"https:\\\/\\\/hengxingmachinery.com\\\/#\\\/schema\\\/logo\\\/image\\\/\"}}]}<\/script>\n<!-- \/ Yoast SEO plugin. -->","yoast_head_json":{"title":"6-1. Enfriador rotativo - Hengxing Machinery","robots":{"index":"index","follow":"follow","max-snippet":"max-snippet:-1","max-image-preview":"max-image-preview:large","max-video-preview":"max-video-preview:-1"},"canonical":"https:\/\/hengxingmachinery.com\/es\/rotary-cooler\/","og_locale":"es_ES","og_type":"article","og_title":"6-1. Rotary cooler - Hengxing Machinery","og_description":"Rotary cooler Rotary cooler working principle In the natural situation, the slope of the Cooler cylinder is 3.5% to 5%, keeping low-speed rotation. The material is fed from the end of the Cylinder (high side), and a circular lifting plate keeps the materials scattered, lifting and moving down. Cooling material is discharged from the low ... Leer m\u00e1s","og_url":"https:\/\/hengxingmachinery.com\/es\/rotary-cooler\/","og_site_name":"Hengxing Machinery","article_modified_time":"2025-03-13T09:45:46+00:00","og_image":[{"url":"https:\/\/hengxingmachinery.com\/wp-content\/uploads\/2025\/03\/rotary-cooler-major-sale.jpg","type":"","width":"","height":""}],"twitter_card":"summary_large_image","twitter_misc":{"Tiempo de lectura":"2 minutos"},"schema":{"@context":"https:\/\/schema.org","@graph":[{"@type":"WebPage","@id":"https:\/\/hengxingmachinery.com\/rotary-cooler\/","url":"https:\/\/hengxingmachinery.com\/rotary-cooler\/","name":"6-1. Enfriador rotativo - Hengxing Machinery","isPartOf":{"@id":"https:\/\/hengxingmachinery.com\/#website"},"primaryImageOfPage":{"@id":"https:\/\/hengxingmachinery.com\/rotary-cooler\/#primaryimage"},"image":{"@id":"https:\/\/hengxingmachinery.com\/rotary-cooler\/#primaryimage"},"thumbnailUrl":"https:\/\/hengxingmachinery.com\/wp-content\/uploads\/2025\/03\/rotary-cooler-major-sale.jpg","datePublished":"2025-03-13T09:45:38+00:00","dateModified":"2025-03-13T09:45:46+00:00","breadcrumb":{"@id":"https:\/\/hengxingmachinery.com\/rotary-cooler\/#breadcrumb"},"inLanguage":"es","potentialAction":[{"@type":"ReadAction","target":["https:\/\/hengxingmachinery.com\/rotary-cooler\/"]}]},{"@type":"ImageObject","inLanguage":"es","@id":"https:\/\/hengxingmachinery.com\/rotary-cooler\/#primaryimage","url":"https:\/\/hengxingmachinery.com\/wp-content\/uploads\/2025\/03\/rotary-cooler-major-sale.jpg","contentUrl":"https:\/\/hengxingmachinery.com\/wp-content\/uploads\/2025\/03\/rotary-cooler-major-sale.jpg"},{"@type":"BreadcrumbList","@id":"https:\/\/hengxingmachinery.com\/rotary-cooler\/#breadcrumb","itemListElement":[{"@type":"ListItem","position":1,"name":"Home","item":"https:\/\/hengxingmachinery.com\/"},{"@type":"ListItem","position":2,"name":"6-1. Rotary cooler"}]},{"@type":"WebSite","@id":"https:\/\/hengxingmachinery.com\/#website","url":"https:\/\/hengxingmachinery.com\/","name":"Maquinaria Hengxing","description":"Fabricante l\u00edder de todo tipo de maquinaria minera","publisher":{"@id":"https:\/\/hengxingmachinery.com\/#organization"},"potentialAction":[{"@type":"SearchAction","target":{"@type":"EntryPoint","urlTemplate":"https:\/\/hengxingmachinery.com\/?s={search_term_string}"},"query-input":{"@type":"PropertyValueSpecification","valueRequired":true,"valueName":"search_term_string"}}],"inLanguage":"es"},{"@type":"Organization","@id":"https:\/\/hengxingmachinery.com\/#organization","name":"Maquinaria Hengxing","url":"https:\/\/hengxingmachinery.com\/","logo":{"@type":"ImageObject","inLanguage":"es","@id":"https:\/\/hengxingmachinery.com\/#\/schema\/logo\/image\/","url":"https:\/\/hengxingmachinery.com\/wp-content\/uploads\/2024\/12\/logo.png","contentUrl":"https:\/\/hengxingmachinery.com\/wp-content\/uploads\/2024\/12\/logo.png","width":400,"height":260,"caption":"Hengxing Machinery"},"image":{"@id":"https:\/\/hengxingmachinery.com\/#\/schema\/logo\/image\/"}}]}},"_links":{"self":[{"href":"https:\/\/hengxingmachinery.com\/es\/wp-json\/wp\/v2\/pages\/2191","targetHints":{"allow":["GET"]}}],"collection":[{"href":"https:\/\/hengxingmachinery.com\/es\/wp-json\/wp\/v2\/pages"}],"about":[{"href":"https:\/\/hengxingmachinery.com\/es\/wp-json\/wp\/v2\/types\/page"}],"author":[{"embeddable":true,"href":"https:\/\/hengxingmachinery.com\/es\/wp-json\/wp\/v2\/users\/1"}],"replies":[{"embeddable":true,"href":"https:\/\/hengxingmachinery.com\/es\/wp-json\/wp\/v2\/comments?post=2191"}],"version-history":[{"count":2,"href":"https:\/\/hengxingmachinery.com\/es\/wp-json\/wp\/v2\/pages\/2191\/revisions"}],"predecessor-version":[{"id":2196,"href":"https:\/\/hengxingmachinery.com\/es\/wp-json\/wp\/v2\/pages\/2191\/revisions\/2196"}],"wp:attachment":[{"href":"https:\/\/hengxingmachinery.com\/es\/wp-json\/wp\/v2\/media?parent=2191"}],"curies":[{"name":"wp","href":"https:\/\/api.w.org\/{rel}","templated":true}]}}