{"id":2352,"date":"2025-03-20T06:11:29","date_gmt":"2025-03-20T06:11:29","guid":{"rendered":"https:\/\/hengxingmachinery.com\/?page_id=2352"},"modified":"2025-03-20T06:11:31","modified_gmt":"2025-03-20T06:11:31","slug":"vibrating-feeder","status":"publish","type":"page","link":"https:\/\/hengxingmachinery.com\/es\/vibrating-feeder\/","title":{"rendered":"2-1. Alimentador vibratorio"},"content":{"rendered":"<div class=\"gb-container gb-container-45165f5a\">\n<div class=\"gb-container gb-container-c2652eb4\">\n\n<h1 class=\"gb-headline gb-headline-62a8b2cc gb-headline-text\">Alimentador vibratorio<\/h1>\n\n<\/div>\n<\/div>\n\n<div class=\"gb-container gb-container-519cf624\">\n<div class=\"gb-container gb-container-71ca071e\">\n<div class=\"gb-grid-wrapper gb-grid-wrapper-8a5f0688\">\n<div class=\"gb-grid-column gb-grid-column-1e99b1c2\"><div class=\"gb-container gb-container-1e99b1c2\">\n\n<figure class=\"gb-block-image gb-block-image-e4eaba54\"><img decoding=\"async\" width=\"665\" height=\"545\" class=\"gb-image gb-image-e4eaba54\" src=\"https:\/\/hengxingmachinery.com\/wp-content\/uploads\/2025\/03\/vibrating-feeder-machine.jpg\" alt=\"\" title=\"mde\" srcset=\"https:\/\/hengxingmachinery.com\/wp-content\/uploads\/2025\/03\/vibrating-feeder-machine.jpg 665w, https:\/\/hengxingmachinery.com\/wp-content\/uploads\/2025\/03\/vibrating-feeder-machine-300x246.jpg 300w, https:\/\/hengxingmachinery.com\/wp-content\/uploads\/2025\/03\/vibrating-feeder-machine-15x12.jpg 15w\" sizes=\"(max-width: 665px) 100vw, 665px\" \/><\/figure>\n\n<\/div><\/div>\n\n<div class=\"gb-grid-column gb-grid-column-bcae065b\"><div class=\"gb-container gb-container-bcae065b\">\n\n<p><\/p>\n\n\n<div class=\"gb-grid-wrapper gb-grid-wrapper-eebec76e\">\n<div class=\"gb-grid-column gb-grid-column-e3ada2f0\"><div class=\"gb-container gb-container-e3ada2f0\">\n\n<p class=\"gb-headline gb-headline-4c79a90a gb-headline-text\"><strong><mark style=\"background-color:rgba(0, 0, 0, 0)\" class=\"has-inline-color has-global-color-8-color\">Tama\u00f1o de la alimentaci\u00f3n:<\/mark><\/strong> 300-750 mm<\/p>\n\n<\/div><\/div>\n\n<div class=\"gb-grid-column gb-grid-column-0bb00826\"><div class=\"gb-container gb-container-0bb00826\">\n\n<p class=\"gb-headline gb-headline-86d53f56 gb-headline-text\"><mark style=\"background-color:rgba(0, 0, 0, 0)\" class=\"has-inline-color has-global-color-8-color\"><strong>Capacidad:<\/strong><\/mark> 80-750t\/h<\/p>\n\n<\/div><\/div>\n<\/div>\n\n\n<p class=\"gb-headline gb-headline-2750f5a7 gb-headline-text\"><strong>Poder: <\/strong><mark style=\"background-color:rgba(0, 0, 0, 0)\" class=\"has-inline-color has-background-dark-blue-color\">1.1*2-37 kW<\/mark><\/p>\n\n\n\n<p><\/p>\n\n\n\n<p>El alimentador vibratorio puede alimentar materiales al equipo receptor de manera uniforme y continua durante el proceso de producci\u00f3n. En la l\u00ednea de producci\u00f3n de arena y grava, puede alimentar de forma continua y uniforme la maquinaria de trituraci\u00f3n y realizar un cribado grueso de los materiales. <\/p>\n\n\n\n<p>Ampliamente utilizado en la trituraci\u00f3n y cribado de equipos conjuntos en las industrias de metalurgia, miner\u00eda del carb\u00f3n, procesamiento de minerales, materiales de construcci\u00f3n, molienda y otras.<\/p>\n\n\n<div class=\"gb-container gb-container-256e15f1\">\n\n<a class=\"gb-button gb-button-e8b73d89 gb-button-text\" href=\"#popmake-622\">Obtener presupuesto gratuito<\/a>\n\n<\/div>\n<\/div><\/div>\n<\/div>\n<\/div>\n<\/div>\n\n<div class=\"gb-container gb-container-44d3b6be\">\n<div class=\"gb-container gb-container-cb594cef\">\n\n<h2 class=\"gb-headline gb-headline-43634316 gb-headline-text\">Caracter\u00edstica del alimentador vibratorio<\/h2>\n\n\n\n<figure class=\"gb-block-image gb-block-image-1f90b8d3\"><img decoding=\"async\" width=\"800\" height=\"500\" class=\"gb-image gb-image-1f90b8d3\" src=\"https:\/\/hengxingmachinery.com\/wp-content\/uploads\/2025\/03\/Vibrating-Feeder-Price.jpg\" alt=\"\" title=\"Precio del alimentador vibratorio\" srcset=\"https:\/\/hengxingmachinery.com\/wp-content\/uploads\/2025\/03\/Vibrating-Feeder-Price.jpg 800w, https:\/\/hengxingmachinery.com\/wp-content\/uploads\/2025\/03\/Vibrating-Feeder-Price-300x188.jpg 300w, https:\/\/hengxingmachinery.com\/wp-content\/uploads\/2025\/03\/Vibrating-Feeder-Price-768x480.jpg 768w, https:\/\/hengxingmachinery.com\/wp-content\/uploads\/2025\/03\/Vibrating-Feeder-Price-18x12.jpg 18w\" sizes=\"(max-width: 800px) 100vw, 800px\" \/><\/figure>\n\n\n\n<p>1) Estructura simple; ;<\/p>\n\n\n\n<p>2) Vibraci\u00f3n estable; ;<\/p>\n\n\n\n<p>3) Tecnolog\u00eda de vibrador exclusiva; ;<\/p>\n\n\n\n<p>4) Mantenimiento f\u00e1cil y bajos costos de operaci\u00f3n.<\/p>\n\n\n<div class=\"gb-container gb-container-a3629fb4\">\n\n<a class=\"gb-button gb-button-193549b0 gb-button-text\" href=\"#popmake-622\">Obtener presupuesto gratuito<\/a>\n\n<\/div>\n<\/div>\n<\/div>\n\n<div class=\"gb-container gb-container-3a930c38\">\n<div class=\"gb-container gb-container-8a36e90a\">\n\n<h2 class=\"gb-headline gb-headline-a5d3273c gb-headline-text\">Principio de funcionamiento del alimentador vibratorio<\/h2>\n\n\n\n<figure class=\"gb-block-image gb-block-image-1c359176\"><img decoding=\"async\" width=\"700\" height=\"500\" class=\"gb-image gb-image-1c359176\" src=\"https:\/\/hengxingmachinery.com\/wp-content\/uploads\/2025\/03\/vibrating-feeder-working-principle-2.jpg\" alt=\"\" title=\"principio de funcionamiento del alimentador vibratorio\" srcset=\"https:\/\/hengxingmachinery.com\/wp-content\/uploads\/2025\/03\/vibrating-feeder-working-principle-2.jpg 700w, https:\/\/hengxingmachinery.com\/wp-content\/uploads\/2025\/03\/vibrating-feeder-working-principle-2-300x214.jpg 300w, https:\/\/hengxingmachinery.com\/wp-content\/uploads\/2025\/03\/vibrating-feeder-working-principle-2-18x12.jpg 18w\" sizes=\"(max-width: 700px) 100vw, 700px\" \/><\/figure>\n\n\n\n<p>Las series GZD y ZSW de alimentadores vibratorios est\u00e1n compuestas por la canaleta alimentadora, el excitador, el cojinete de resorte, el engranaje, etc. La fuente de vibraci\u00f3n de la canaleta alimentadora es el excitador, el cual est\u00e1 compuesto por dos ejes exc\u00e9ntricos y un engranaje. El motor impulsa el eje activo a trav\u00e9s de una correa en V. El engranaje superior del eje activo impulsa el eje pasivo para que gire, y los ejes activo y pasivo giran en sentido inverso simult\u00e1neamente, haciendo vibrar el cuerpo y permitiendo el flujo continuo de materiales, logrando as\u00ed el prop\u00f3sito de transportar materiales.<\/p>\n\n\n<div class=\"gb-container gb-container-96208927\">\n\n<a class=\"gb-button gb-button-429870c5 gb-button-text\" href=\"#popmake-622\">Obtener presupuesto gratuito<\/a>\n\n<\/div>\n<\/div>\n<\/div>\n\n<div class=\"gb-container gb-container-435ad261\">\n<div class=\"gb-container gb-container-7dc79cc4\">\n\n<h2 class=\"gb-headline gb-headline-6fe5dee2 gb-headline-text\">Especificaciones del alimentador vibratorio<\/h2>\n\n\n\n<figure class=\"wp-block-table is-style-stripes\"><table class=\"has-fixed-layout\"><tbody><tr><td><strong>Modelo<\/strong><\/td><td><strong>Tama\u00f1o de la canaleta (mm)<\/strong><\/td><td><strong>Tama\u00f1o m\u00e1ximo de alimentaci\u00f3n (mm)<\/strong><\/td><td><strong>Capacidad (t\/h)<\/strong><\/td><td><strong>Potencia del motor (kW)<\/strong><\/td><\/tr><tr><td><strong>GZD-650\u00d72300<\/strong><\/td><td>650\u00d72300<\/td><td>300<\/td><td>80<\/td><td>1.1\u00d72<\/td><\/tr><tr><td><strong>ZSW-850\u00d73000<\/strong><\/td><td>850\u00d73000<\/td><td>400<\/td><td>80-120<\/td><td>7.5<\/td><\/tr><tr><td><strong>ZSW-960\u00d73800<\/strong><\/td><td>960\u00d73800<\/td><td>500<\/td><td>120-210<\/td><td>11<\/td><\/tr><tr><td><strong>ZSW-1100\u00d74200<\/strong><\/td><td>1100\u00d74200<\/td><td>580<\/td><td>200-430<\/td><td>15<\/td><\/tr><tr><td><strong>ZSW-1100\u00d74900<\/strong><\/td><td>1100\u00d74900<\/td><td>580<\/td><td>280-500<\/td><td>15<\/td><\/tr><tr><td><strong>ZSW-1300\u00d74900<\/strong><\/td><td>1300\u00d74900<\/td><td>650<\/td><td>350-600<\/td><td>22<\/td><\/tr><tr><td><strong>ZSW-1500\u00d76000<\/strong><\/td><td>1500\u00d76000<\/td><td>750<\/td><td>400-750<\/td><td>37<\/td><\/tr><\/tbody><\/table><\/figure>\n\n\n<div class=\"gb-container gb-container-263d9700\">\n\n<a class=\"gb-button gb-button-a4cbb7be gb-button-text\" href=\"#popmake-622\">Obtener presupuesto gratuito<\/a>\n\n<\/div>\n<\/div>\n<\/div>","protected":false},"excerpt":{"rendered":"<p>Vibrating feeder Vibrating feeder characteristic 1) Simple structure ; 2) Steady vibration ; 3) Exclusive vibrator technology ; 4) Easy maintenance and low operating costs. Vibrating feeder working principle GZD and ZSW serial of vibrating feeder is composed of feeder groove, exciter, spring bearing, gear etc. The vibration source of the groove feeding vibration is &#8230; <\/p>\n<p class=\"read-more-container\"><a title=\"2-1. Alimentador vibratorio\" class=\"read-more button\" href=\"https:\/\/hengxingmachinery.com\/es\/vibrating-feeder\/#more-2352\" aria-label=\"Leer m\u00e1s sobre 2-1. Vibrating feeder\">Leer m\u00e1s<\/a><\/p>","protected":false},"author":1,"featured_media":0,"parent":0,"menu_order":0,"comment_status":"closed","ping_status":"closed","template":"","meta":{"footnotes":""},"class_list":["post-2352","page","type-page","status-publish"],"yoast_head":"<!-- This site is optimized with the Yoast SEO plugin v27.4 - https:\/\/yoast.com\/product\/yoast-seo-wordpress\/ -->\n<title>2-1. Vibrating feeder - Hengxing Machinery<\/title>\n<meta name=\"robots\" content=\"index, follow, max-snippet:-1, max-image-preview:large, max-video-preview:-1\" \/>\n<link rel=\"canonical\" href=\"https:\/\/hengxingmachinery.com\/es\/vibrating-feeder\/\" \/>\n<meta property=\"og:locale\" content=\"es_ES\" \/>\n<meta property=\"og:type\" content=\"article\" \/>\n<meta property=\"og:title\" content=\"2-1. Vibrating feeder - Hengxing Machinery\" \/>\n<meta property=\"og:description\" content=\"Vibrating feeder Vibrating feeder characteristic 1) Simple structure ; 2) Steady vibration ; 3) Exclusive vibrator technology ; 4) Easy maintenance and low operating costs. Vibrating feeder working principle GZD and ZSW serial of vibrating feeder is composed of feeder groove, exciter, spring bearing, gear etc. The vibration source of the groove feeding vibration is ... Leer m\u00e1s\" \/>\n<meta property=\"og:url\" content=\"https:\/\/hengxingmachinery.com\/es\/vibrating-feeder\/\" \/>\n<meta property=\"og:site_name\" content=\"Hengxing Machinery\" \/>\n<meta property=\"article:modified_time\" content=\"2025-03-20T06:11:31+00:00\" \/>\n<meta property=\"og:image\" content=\"https:\/\/hengxingmachinery.com\/wp-content\/uploads\/2025\/03\/vibrating-feeder-machine.jpg\" \/>\n<meta name=\"twitter:card\" content=\"summary_large_image\" \/>\n<meta name=\"twitter:label1\" content=\"Tiempo de lectura\" \/>\n\t<meta name=\"twitter:data1\" content=\"2 minutos\" \/>\n<script type=\"application\/ld+json\" class=\"yoast-schema-graph\">{\"@context\":\"https:\\\/\\\/schema.org\",\"@graph\":[{\"@type\":\"WebPage\",\"@id\":\"https:\\\/\\\/hengxingmachinery.com\\\/vibrating-feeder\\\/\",\"url\":\"https:\\\/\\\/hengxingmachinery.com\\\/vibrating-feeder\\\/\",\"name\":\"2-1. Vibrating feeder - Hengxing Machinery\",\"isPartOf\":{\"@id\":\"https:\\\/\\\/hengxingmachinery.com\\\/#website\"},\"primaryImageOfPage\":{\"@id\":\"https:\\\/\\\/hengxingmachinery.com\\\/vibrating-feeder\\\/#primaryimage\"},\"image\":{\"@id\":\"https:\\\/\\\/hengxingmachinery.com\\\/vibrating-feeder\\\/#primaryimage\"},\"thumbnailUrl\":\"https:\\\/\\\/hengxingmachinery.com\\\/wp-content\\\/uploads\\\/2025\\\/03\\\/vibrating-feeder-machine.jpg\",\"datePublished\":\"2025-03-20T06:11:29+00:00\",\"dateModified\":\"2025-03-20T06:11:31+00:00\",\"breadcrumb\":{\"@id\":\"https:\\\/\\\/hengxingmachinery.com\\\/vibrating-feeder\\\/#breadcrumb\"},\"inLanguage\":\"es\",\"potentialAction\":[{\"@type\":\"ReadAction\",\"target\":[\"https:\\\/\\\/hengxingmachinery.com\\\/vibrating-feeder\\\/\"]}]},{\"@type\":\"ImageObject\",\"inLanguage\":\"es\",\"@id\":\"https:\\\/\\\/hengxingmachinery.com\\\/vibrating-feeder\\\/#primaryimage\",\"url\":\"https:\\\/\\\/hengxingmachinery.com\\\/wp-content\\\/uploads\\\/2025\\\/03\\\/vibrating-feeder-machine.jpg\",\"contentUrl\":\"https:\\\/\\\/hengxingmachinery.com\\\/wp-content\\\/uploads\\\/2025\\\/03\\\/vibrating-feeder-machine.jpg\"},{\"@type\":\"BreadcrumbList\",\"@id\":\"https:\\\/\\\/hengxingmachinery.com\\\/vibrating-feeder\\\/#breadcrumb\",\"itemListElement\":[{\"@type\":\"ListItem\",\"position\":1,\"name\":\"Home\",\"item\":\"https:\\\/\\\/hengxingmachinery.com\\\/\"},{\"@type\":\"ListItem\",\"position\":2,\"name\":\"2-1. Vibrating feeder\"}]},{\"@type\":\"WebSite\",\"@id\":\"https:\\\/\\\/hengxingmachinery.com\\\/#website\",\"url\":\"https:\\\/\\\/hengxingmachinery.com\\\/\",\"name\":\"Hengxing Machinery\",\"description\":\"Leading Manufacturer of All Sorts of Mining Machinery\",\"publisher\":{\"@id\":\"https:\\\/\\\/hengxingmachinery.com\\\/#organization\"},\"potentialAction\":[{\"@type\":\"SearchAction\",\"target\":{\"@type\":\"EntryPoint\",\"urlTemplate\":\"https:\\\/\\\/hengxingmachinery.com\\\/?s={search_term_string}\"},\"query-input\":{\"@type\":\"PropertyValueSpecification\",\"valueRequired\":true,\"valueName\":\"search_term_string\"}}],\"inLanguage\":\"es\"},{\"@type\":\"Organization\",\"@id\":\"https:\\\/\\\/hengxingmachinery.com\\\/#organization\",\"name\":\"Hengxing Machinery\",\"url\":\"https:\\\/\\\/hengxingmachinery.com\\\/\",\"logo\":{\"@type\":\"ImageObject\",\"inLanguage\":\"es\",\"@id\":\"https:\\\/\\\/hengxingmachinery.com\\\/#\\\/schema\\\/logo\\\/image\\\/\",\"url\":\"https:\\\/\\\/hengxingmachinery.com\\\/wp-content\\\/uploads\\\/2024\\\/12\\\/logo.png\",\"contentUrl\":\"https:\\\/\\\/hengxingmachinery.com\\\/wp-content\\\/uploads\\\/2024\\\/12\\\/logo.png\",\"width\":400,\"height\":260,\"caption\":\"Hengxing Machinery\"},\"image\":{\"@id\":\"https:\\\/\\\/hengxingmachinery.com\\\/#\\\/schema\\\/logo\\\/image\\\/\"}}]}<\/script>\n<!-- \/ Yoast SEO plugin. -->","yoast_head_json":{"title":"2-1. Alimentador vibratorio - Hengxing Machinery","robots":{"index":"index","follow":"follow","max-snippet":"max-snippet:-1","max-image-preview":"max-image-preview:large","max-video-preview":"max-video-preview:-1"},"canonical":"https:\/\/hengxingmachinery.com\/es\/vibrating-feeder\/","og_locale":"es_ES","og_type":"article","og_title":"2-1. Vibrating feeder - Hengxing Machinery","og_description":"Vibrating feeder Vibrating feeder characteristic 1) Simple structure ; 2) Steady vibration ; 3) Exclusive vibrator technology ; 4) Easy maintenance and low operating costs. Vibrating feeder working principle GZD and ZSW serial of vibrating feeder is composed of feeder groove, exciter, spring bearing, gear etc. The vibration source of the groove feeding vibration is ... Leer m\u00e1s","og_url":"https:\/\/hengxingmachinery.com\/es\/vibrating-feeder\/","og_site_name":"Hengxing Machinery","article_modified_time":"2025-03-20T06:11:31+00:00","og_image":[{"url":"https:\/\/hengxingmachinery.com\/wp-content\/uploads\/2025\/03\/vibrating-feeder-machine.jpg","type":"","width":"","height":""}],"twitter_card":"summary_large_image","twitter_misc":{"Tiempo de lectura":"2 minutos"},"schema":{"@context":"https:\/\/schema.org","@graph":[{"@type":"WebPage","@id":"https:\/\/hengxingmachinery.com\/vibrating-feeder\/","url":"https:\/\/hengxingmachinery.com\/vibrating-feeder\/","name":"2-1. Alimentador vibratorio - Hengxing Machinery","isPartOf":{"@id":"https:\/\/hengxingmachinery.com\/#website"},"primaryImageOfPage":{"@id":"https:\/\/hengxingmachinery.com\/vibrating-feeder\/#primaryimage"},"image":{"@id":"https:\/\/hengxingmachinery.com\/vibrating-feeder\/#primaryimage"},"thumbnailUrl":"https:\/\/hengxingmachinery.com\/wp-content\/uploads\/2025\/03\/vibrating-feeder-machine.jpg","datePublished":"2025-03-20T06:11:29+00:00","dateModified":"2025-03-20T06:11:31+00:00","breadcrumb":{"@id":"https:\/\/hengxingmachinery.com\/vibrating-feeder\/#breadcrumb"},"inLanguage":"es","potentialAction":[{"@type":"ReadAction","target":["https:\/\/hengxingmachinery.com\/vibrating-feeder\/"]}]},{"@type":"ImageObject","inLanguage":"es","@id":"https:\/\/hengxingmachinery.com\/vibrating-feeder\/#primaryimage","url":"https:\/\/hengxingmachinery.com\/wp-content\/uploads\/2025\/03\/vibrating-feeder-machine.jpg","contentUrl":"https:\/\/hengxingmachinery.com\/wp-content\/uploads\/2025\/03\/vibrating-feeder-machine.jpg"},{"@type":"BreadcrumbList","@id":"https:\/\/hengxingmachinery.com\/vibrating-feeder\/#breadcrumb","itemListElement":[{"@type":"ListItem","position":1,"name":"Home","item":"https:\/\/hengxingmachinery.com\/"},{"@type":"ListItem","position":2,"name":"2-1. Vibrating feeder"}]},{"@type":"WebSite","@id":"https:\/\/hengxingmachinery.com\/#website","url":"https:\/\/hengxingmachinery.com\/","name":"Maquinaria Hengxing","description":"Fabricante l\u00edder de todo tipo de maquinaria minera","publisher":{"@id":"https:\/\/hengxingmachinery.com\/#organization"},"potentialAction":[{"@type":"SearchAction","target":{"@type":"EntryPoint","urlTemplate":"https:\/\/hengxingmachinery.com\/?s={search_term_string}"},"query-input":{"@type":"PropertyValueSpecification","valueRequired":true,"valueName":"search_term_string"}}],"inLanguage":"es"},{"@type":"Organization","@id":"https:\/\/hengxingmachinery.com\/#organization","name":"Maquinaria Hengxing","url":"https:\/\/hengxingmachinery.com\/","logo":{"@type":"ImageObject","inLanguage":"es","@id":"https:\/\/hengxingmachinery.com\/#\/schema\/logo\/image\/","url":"https:\/\/hengxingmachinery.com\/wp-content\/uploads\/2024\/12\/logo.png","contentUrl":"https:\/\/hengxingmachinery.com\/wp-content\/uploads\/2024\/12\/logo.png","width":400,"height":260,"caption":"Hengxing Machinery"},"image":{"@id":"https:\/\/hengxingmachinery.com\/#\/schema\/logo\/image\/"}}]}},"_links":{"self":[{"href":"https:\/\/hengxingmachinery.com\/es\/wp-json\/wp\/v2\/pages\/2352","targetHints":{"allow":["GET"]}}],"collection":[{"href":"https:\/\/hengxingmachinery.com\/es\/wp-json\/wp\/v2\/pages"}],"about":[{"href":"https:\/\/hengxingmachinery.com\/es\/wp-json\/wp\/v2\/types\/page"}],"author":[{"embeddable":true,"href":"https:\/\/hengxingmachinery.com\/es\/wp-json\/wp\/v2\/users\/1"}],"replies":[{"embeddable":true,"href":"https:\/\/hengxingmachinery.com\/es\/wp-json\/wp\/v2\/comments?post=2352"}],"version-history":[{"count":2,"href":"https:\/\/hengxingmachinery.com\/es\/wp-json\/wp\/v2\/pages\/2352\/revisions"}],"predecessor-version":[{"id":2367,"href":"https:\/\/hengxingmachinery.com\/es\/wp-json\/wp\/v2\/pages\/2352\/revisions\/2367"}],"wp:attachment":[{"href":"https:\/\/hengxingmachinery.com\/es\/wp-json\/wp\/v2\/media?parent=2352"}],"curies":[{"name":"wp","href":"https:\/\/api.w.org\/{rel}","templated":true}]}}