{"id":2355,"date":"2025-03-20T06:11:32","date_gmt":"2025-03-20T06:11:32","guid":{"rendered":"https:\/\/hengxingmachinery.com\/?page_id=2355"},"modified":"2025-03-20T06:11:34","modified_gmt":"2025-03-20T06:11:34","slug":"circular-vibrating-screen","status":"publish","type":"page","link":"https:\/\/hengxingmachinery.com\/es\/circular-vibrating-screen\/","title":{"rendered":"2-1. Criba vibratoria circular"},"content":{"rendered":"<div class=\"gb-container gb-container-45165f5a\">\n<div class=\"gb-container gb-container-c2652eb4\">\n\n<h1 class=\"gb-headline gb-headline-62a8b2cc gb-headline-text\">Tamiz vibratorio circular<\/h1>\n\n<\/div>\n<\/div>\n\n<div class=\"gb-container gb-container-519cf624\">\n<div class=\"gb-container gb-container-71ca071e\">\n<div class=\"gb-grid-wrapper gb-grid-wrapper-8a5f0688\">\n<div class=\"gb-grid-column gb-grid-column-1e99b1c2\"><div class=\"gb-container gb-container-1e99b1c2\">\n\n<figure class=\"gb-block-image gb-block-image-e4eaba54\"><img decoding=\"async\" width=\"665\" height=\"545\" class=\"gb-image gb-image-e4eaba54\" src=\"https:\/\/hengxingmachinery.com\/wp-content\/uploads\/2025\/03\/circular-vibrating-screen-machine-for-sale.jpg\" alt=\"\" title=\"Hisilicon K3\" srcset=\"https:\/\/hengxingmachinery.com\/wp-content\/uploads\/2025\/03\/circular-vibrating-screen-machine-for-sale.jpg 665w, https:\/\/hengxingmachinery.com\/wp-content\/uploads\/2025\/03\/circular-vibrating-screen-machine-for-sale-300x246.jpg 300w, https:\/\/hengxingmachinery.com\/wp-content\/uploads\/2025\/03\/circular-vibrating-screen-machine-for-sale-15x12.jpg 15w\" sizes=\"(max-width: 665px) 100vw, 665px\" \/><\/figure>\n\n<\/div><\/div>\n\n<div class=\"gb-grid-column gb-grid-column-bcae065b\"><div class=\"gb-container gb-container-bcae065b\">\n\n<p>La criba vibratoria circular de la Serie YK puede utilizarse para separar minerales en diversos tama\u00f1os para su posterior procesamiento en una trituradora. <\/p>\n\n\n\n<p>Incorpora un vibrador, bloque exc\u00e9ntrico, malla, resorte, correa triangular y motor, y se utiliza para descargar materiales voluminosos, arena, grava, carb\u00f3n y coque desde la tolva hacia la trituradora. <\/p>\n\n\n\n<p>Podemos dise\u00f1ar y suministrar toda la gama de cribas vibratorias seg\u00fan la capacidad y los requisitos.<\/p>\n\n\n<div class=\"gb-grid-wrapper gb-grid-wrapper-eebec76e\">\n<div class=\"gb-grid-column gb-grid-column-e3ada2f0\"><div class=\"gb-container gb-container-e3ada2f0\">\n\n<p class=\"gb-headline gb-headline-4c79a90a gb-headline-text\"><strong><mark style=\"background-color:rgba(0, 0, 0, 0)\" class=\"has-inline-color has-global-color-8-color\">Potencia (kW):<\/mark><\/strong> 5.5-45<\/p>\n\n<\/div><\/div>\n\n<div class=\"gb-grid-column gb-grid-column-0bb00826\"><div class=\"gb-container gb-container-0bb00826\">\n\n<p class=\"gb-headline gb-headline-86d53f56 gb-headline-text\"><mark style=\"background-color:rgba(0, 0, 0, 0)\" class=\"has-inline-color has-global-color-8-color\"><strong><strong>Capacidad (m\u00b3\/h)<\/strong>:<\/strong><\/mark> 20-900<\/p>\n\n<\/div><\/div>\n<\/div>\n\n\n<p class=\"gb-headline gb-headline-2750f5a7 gb-headline-text\"><\/p>\n\n\n\n<p><\/p>\n\n\n<div class=\"gb-container gb-container-256e15f1\">\n\n<a class=\"gb-button gb-button-e8b73d89 gb-button-text\" href=\"#popmake-622\">Obtener presupuesto gratuito<\/a>\n\n<\/div>\n<\/div><\/div>\n<\/div>\n<\/div>\n<\/div>\n\n<div class=\"gb-container gb-container-3a930c38\">\n<div class=\"gb-container gb-container-8a36e90a\">\n\n<h2 class=\"gb-headline gb-headline-a5d3273c gb-headline-text\">Principio de funcionamiento de la criba vibratoria circular<\/h2>\n\n\n\n<p>Una criba vibratoria circular consiste principalmente en el vibrador de bloque exc\u00e9ntrico, la caja de la criba, el motor y el dispositivo de soporte. <\/p>\n\n\n\n<p>A trav\u00e9s del acoplamiento flexible, el motor impulsa el bloque exc\u00e9ntrico del vibrador para que gire a alta velocidad, generando fuerza centr\u00edfuga y provocando que la caja de la criba realice un movimiento circular por amplitud. <\/p>\n\n\n\n<p>Posteriormente, los materiales en la superficie inclinada de la criba ser\u00e1n lanzados continuamente por la fuerza generada desde la caja de la criba, logrando as\u00ed el prop\u00f3sito de clasificaci\u00f3n.<\/p>\n\n\n<div class=\"gb-container gb-container-96208927\">\n\n<a class=\"gb-button gb-button-429870c5 gb-button-text\" href=\"#popmake-622\">Obtener presupuesto gratuito<\/a>\n\n<\/div>\n<\/div>\n<\/div>\n\n<div class=\"gb-container gb-container-44d3b6be\">\n<div class=\"gb-container gb-container-cb594cef\">\n\n<h2 class=\"gb-headline gb-headline-43634316 gb-headline-text\">Caracter\u00edstica de la criba vibratoria circular<\/h2>\n\n\n\n<figure class=\"gb-block-image gb-block-image-1f90b8d3\"><img decoding=\"async\" width=\"800\" height=\"500\" class=\"gb-image gb-image-1f90b8d3\" src=\"https:\/\/hengxingmachinery.com\/wp-content\/uploads\/2025\/03\/circular-vibrating-screen.jpg\" alt=\"\" title=\"Criba vibratoria circular\" srcset=\"https:\/\/hengxingmachinery.com\/wp-content\/uploads\/2025\/03\/circular-vibrating-screen.jpg 800w, https:\/\/hengxingmachinery.com\/wp-content\/uploads\/2025\/03\/circular-vibrating-screen-300x188.jpg 300w, https:\/\/hengxingmachinery.com\/wp-content\/uploads\/2025\/03\/circular-vibrating-screen-768x480.jpg 768w, https:\/\/hengxingmachinery.com\/wp-content\/uploads\/2025\/03\/circular-vibrating-screen-18x12.jpg 18w\" sizes=\"(max-width: 800px) 100vw, 800px\" \/><\/figure>\n\n\n\n<p>1. Alta eficiencia y productividad de cribado con una fuerte vibraci\u00f3n de la caja del tamiz.<\/p>\n\n\n\n<p>2. Ciclo de mantenimiento corto con estructura simple y f\u00e1cil reemplazo de la superficie de cribado.<\/p>\n\n\n\n<p>3. Bajo ruido y larga vida \u00fatil gracias a los resortes que reducen la vibraci\u00f3n.<\/p>\n\n\n<div class=\"gb-container gb-container-a3629fb4\">\n\n<a class=\"gb-button gb-button-193549b0 gb-button-text\" href=\"#popmake-622\">Obtener presupuesto gratuito<\/a>\n\n<\/div>\n<\/div>\n<\/div>\n\n<div class=\"gb-container gb-container-435ad261\">\n<div class=\"gb-container gb-container-7dc79cc4\">\n\n<h2 class=\"gb-headline gb-headline-6fe5dee2 gb-headline-text\">Especificaciones de la criba vibratoria circular<\/h2>\n\n\n\n<figure class=\"wp-block-table is-style-stripes\"><table class=\"has-fixed-layout\"><tbody><tr><td><strong>Modelo<\/strong><\/td><td><strong>Plataforma de Cribado<\/strong><\/td><td><strong>Inclinaci\u00f3n de Instalaci\u00f3n<\/strong><strong><\/strong><strong>(\u00b0)<\/strong><\/td><td><strong>Tama\u00f1o de Plataforma (m\u00b2)<\/strong><\/td><td><strong>Frecuencia de Vibraci\u00f3n (r\/min)<\/strong><\/td><td><strong>Amplitud Doble (mm)<\/strong><\/td><td><strong>Capacidad<\/strong><br><strong>(m\u00b3\/h)<\/strong><\/td><td><strong>Potencia del Motor (kW)<\/strong><\/td><td><strong>Dimensiones Generales (L\u00d7A\u00d7H) (mm)<\/strong><\/td><td><strong>Peso (kg)<\/strong><\/td><\/tr><tr><td>2YK1224<\/td><td>2<\/td><td>15<\/td><td>2.88<\/td><td>970<\/td><td>6-8<\/td><td>20-120<\/td><td>5.5<\/td><td>2673\u00d72382\u00d72027<\/td><td>1750<\/td><\/tr><tr><td>YK1235<\/td><td>1<\/td><td>15<\/td><td>4.2<\/td><td>970<\/td><td>6-8<\/td><td>20-150<\/td><td>5.5<\/td><td>3710\u00d72464\u00d71450<\/td><td>1729<\/td><\/tr><tr><td>2YK1235<\/td><td>2<\/td><td>15<\/td><td>4.2<\/td><td>970<\/td><td>6-8<\/td><td>20-150<\/td><td>7.5<\/td><td>3705\u00d72393\u00d72339<\/td><td>2476<\/td><\/tr><tr><td>3YK1235<\/td><td>3<\/td><td>15<\/td><td>4.2<\/td><td>970<\/td><td>6-8<\/td><td>20-150<\/td><td>7.5<\/td><td>3621\u00d72521\u00d72581<\/td><td>3158<\/td><\/tr><tr><td>4YK1235<\/td><td>4<\/td><td>15<\/td><td>4.2<\/td><td>970<\/td><td>6-8<\/td><td>20-150<\/td><td>11<\/td><td>3510\u00d72521\u00d72830<\/td><td>4160<\/td><\/tr><tr><td>YK1545<\/td><td>1<\/td><td>17.5<\/td><td>6.75<\/td><td>970<\/td><td>6-8<\/td><td>20-150<\/td><td>11<\/td><td>4904\u00d73044\u00d72179<\/td><td>3319<\/td><\/tr><tr><td>2YK1545<\/td><td>2<\/td><td>17.5<\/td><td>6.75<\/td><td>970<\/td><td>6-8<\/td><td>20-150<\/td><td>15<\/td><td>5042\u00d73090\u00d73165<\/td><td>5308<\/td><\/tr><tr><td>3YK1545<\/td><td>3<\/td><td>17.5<\/td><td>6.75<\/td><td>970<\/td><td>6-8<\/td><td>20-150<\/td><td>15<\/td><td>4972\u00d73090\u00d73395<\/td><td>5915<\/td><\/tr><tr><td>4YK1545<\/td><td>4<\/td><td>17.5<\/td><td>6.75<\/td><td>970<\/td><td>6-8<\/td><td>20-150<\/td><td>18.5<\/td><td>4915\u00d73155\u00d73804<\/td><td>7260<\/td><\/tr><tr><td>YK1548<\/td><td>1<\/td><td>17.5<\/td><td>7.2<\/td><td>970<\/td><td>6-8<\/td><td>20-150<\/td><td>11<\/td><td>5190\u00d73044\u00d72186<\/td><td>3319<\/td><\/tr><tr><td>2YK1548<\/td><td>2<\/td><td>17.5<\/td><td>7.2<\/td><td>970<\/td><td>6-8<\/td><td>20-150<\/td><td>15<\/td><td>5265\u00d73140\u00d73208<\/td><td>5284<\/td><\/tr><tr><td>3YK1548<\/td><td>3<\/td><td>17.5<\/td><td>7.2<\/td><td>970<\/td><td>6-8<\/td><td>20-150<\/td><td>15<\/td><td>5200\u00d73090\u00d73440<\/td><td>6186<\/td><\/tr><tr><td>4YK1548<\/td><td>4<\/td><td>17.5<\/td><td>7.2<\/td><td>970<\/td><td>6-8<\/td><td>20-150<\/td><td>18.5<\/td><td>5200\u00d73155\u00d73849<\/td><td>7284<\/td><\/tr><tr><td>YK1860<\/td><td>1<\/td><td>20<\/td><td>10.8<\/td><td>970<\/td><td>6-8<\/td><td>32-350<\/td><td>15<\/td><td>6302\u00d73365\u00d72992<\/td><td>4651<\/td><\/tr><tr><td>2YK1860<\/td><td>2<\/td><td>20<\/td><td>10.8<\/td><td>970<\/td><td>6-8<\/td><td>32-350<\/td><td>18.5<\/td><td>6020\u00d73455\u00d73756<\/td><td>6195<\/td><\/tr><tr><td>3YK1860<\/td><td>3<\/td><td>20<\/td><td>10.8<\/td><td>970<\/td><td>6-8<\/td><td>32-350<\/td><td>18.5<\/td><td>6020\u00d73455\u00d74180<\/td><td>7613<\/td><\/tr><tr><td>4YK1860<\/td><td>4<\/td><td>20<\/td><td>10.8<\/td><td>970<\/td><td>6-8<\/td><td>32-350<\/td><td>22<\/td><td>5963\u00d73505\u00d74463<\/td><td>8650<\/td><\/tr><tr><td>YK2160<\/td><td>1<\/td><td>20<\/td><td>12.6<\/td><td>970<\/td><td>6-8<\/td><td>66-720<\/td><td>18.5<\/td><td>6302\u00d73730\u00d72992<\/td><td>4917<\/td><\/tr><tr><td>2YK2160<\/td><td>2<\/td><td>20<\/td><td>12.6<\/td><td>970<\/td><td>6-8<\/td><td>66-720<\/td><td>22<\/td><td>5966\u00d73958\u00d73975<\/td><td>6856<\/td><\/tr><tr><td>3YK2160<\/td><td>3<\/td><td>20<\/td><td>12.6<\/td><td>970<\/td><td>6-8<\/td><td>66-720<\/td><td>30<\/td><td>5966\u00d73958\u00d74400<\/td><td>9112<\/td><\/tr><tr><td>4YK2160<\/td><td>4<\/td><td>20<\/td><td>12.6<\/td><td>970<\/td><td>6-8<\/td><td>66-720<\/td><td>30<\/td><td>5966\u00d73958\u00d74780<\/td><td>11405<\/td><\/tr><tr><td>YK2460<\/td><td>1<\/td><td>20<\/td><td>14.4<\/td><td>970<\/td><td>6-8<\/td><td>75-750<\/td><td>18.5<\/td><td>6302\u00d74155\u00d72992<\/td><td>5243<\/td><\/tr><tr><td>2YK2460<\/td><td>2<\/td><td>20<\/td><td>14.4<\/td><td>970<\/td><td>6-8<\/td><td>75-750<\/td><td>30<\/td><td>6027\u00d74308\u00d73975<\/td><td>8503<\/td><\/tr><tr><td>3YK2460<\/td><td>3<\/td><td>20<\/td><td>14.4<\/td><td>970<\/td><td>6-8<\/td><td>75-750<\/td><td>30<\/td><td>6027\u00d74308\u00d74400<\/td><td>10411<\/td><\/tr><tr><td>4YK2460<\/td><td>4<\/td><td>20<\/td><td>14.4<\/td><td>970<\/td><td>6-8<\/td><td>75-750<\/td><td>30<\/td><td>5966\u00d74308\u00d74780<\/td><td>12068<\/td><\/tr><tr><td>2YK2475<\/td><td>2<\/td><td>20<\/td><td>18<\/td><td>970<\/td><td>6-8<\/td><td>120-900<\/td><td>30<\/td><td>7812\u00d74308\u00d74642<\/td><td>10709<\/td><\/tr><tr><td>3YK2475<\/td><td>3<\/td><td>20<\/td><td>18<\/td><td>970<\/td><td>6-8<\/td><td>120-900<\/td><td>37<\/td><td>7718\u00d74393\u00d75033<\/td><td>13400<\/td><\/tr><tr><td>4YK2475<\/td><td>4<\/td><td>20<\/td><td>18<\/td><td>970<\/td><td>6-8<\/td><td>120-900<\/td><td>45<\/td><td>7718\u00d74494\u00d75361<\/td><td>15500<\/td><\/tr><tr><td>YK3060<\/td><td>1<\/td><td>20<\/td><td>18<\/td><td>970<\/td><td>6-8<\/td><td>200-900<\/td><td>30<\/td><td>6302\u00d74943\u00d73108<\/td><td>14052<\/td><\/tr><tr><td>2YK3060<\/td><td>2<\/td><td>20<\/td><td>18<\/td><td>970<\/td><td>6-8<\/td><td>200-900<\/td><td>37<\/td><td>6207\u00d74943\u00d73985<\/td><td>17185<\/td><\/tr><tr><td>3YK3060<\/td><td>3<\/td><td>20<\/td><td>18<\/td><td>970<\/td><td>6-8<\/td><td>200-900<\/td><td>45<\/td><td>6207\u00d74943\u00d74485<\/td><td>19200<\/td><\/tr><tr><td>4YK3060<\/td><td>4<\/td><td>20<\/td><td>18<\/td><td>970<\/td><td>6-8<\/td><td>200-900<\/td><td>45<\/td><td>6207\u00d74943\u00d74785<\/td><td>21080<\/td><\/tr><\/tbody><\/table><\/figure>\n\n\n<div class=\"gb-container gb-container-263d9700\">\n\n<a class=\"gb-button gb-button-a4cbb7be gb-button-text\" href=\"#popmake-622\">Obtener presupuesto gratuito<\/a>\n\n<\/div>\n<\/div>\n<\/div>","protected":false},"excerpt":{"rendered":"<p>Circular vibrating screen Circular vibrating screen working principle A circular vibrating screen mainly consists of the eccentric block vibrator, screen box, motor, and supportive device. Through the flexible coupling, the motor drives the eccentric block of the vibrator to rotate at high speed, generating the centrifugal force, and then causing the screen box to do &#8230; <\/p>\n<p class=\"read-more-container\"><a title=\"2-1. Criba vibratoria circular\" class=\"read-more button\" href=\"https:\/\/hengxingmachinery.com\/es\/circular-vibrating-screen\/#more-2355\" aria-label=\"Leer m\u00e1s sobre 2-1. Circular vibrating screen\">Leer m\u00e1s<\/a><\/p>","protected":false},"author":1,"featured_media":0,"parent":0,"menu_order":0,"comment_status":"closed","ping_status":"closed","template":"","meta":{"footnotes":""},"class_list":["post-2355","page","type-page","status-publish"],"yoast_head":"<!-- This site is optimized with the Yoast SEO plugin v27.4 - https:\/\/yoast.com\/product\/yoast-seo-wordpress\/ -->\n<title>2-1. Circular vibrating screen - Hengxing Machinery<\/title>\n<meta name=\"robots\" content=\"index, follow, max-snippet:-1, max-image-preview:large, max-video-preview:-1\" \/>\n<link rel=\"canonical\" href=\"https:\/\/hengxingmachinery.com\/es\/circular-vibrating-screen\/\" \/>\n<meta property=\"og:locale\" content=\"es_ES\" \/>\n<meta property=\"og:type\" content=\"article\" \/>\n<meta property=\"og:title\" content=\"2-1. Circular vibrating screen - Hengxing Machinery\" \/>\n<meta property=\"og:description\" content=\"Circular vibrating screen Circular vibrating screen working principle A circular vibrating screen mainly consists of the eccentric block vibrator, screen box, motor, and supportive device. Through the flexible coupling, the motor drives the eccentric block of the vibrator to rotate at high speed, generating the centrifugal force, and then causing the screen box to do ... Leer m\u00e1s\" \/>\n<meta property=\"og:url\" content=\"https:\/\/hengxingmachinery.com\/es\/circular-vibrating-screen\/\" \/>\n<meta property=\"og:site_name\" content=\"Hengxing Machinery\" \/>\n<meta property=\"article:modified_time\" content=\"2025-03-20T06:11:34+00:00\" \/>\n<meta property=\"og:image\" content=\"https:\/\/hengxingmachinery.com\/wp-content\/uploads\/2025\/03\/circular-vibrating-screen-machine-for-sale.jpg\" \/>\n<meta name=\"twitter:card\" content=\"summary_large_image\" \/>\n<meta name=\"twitter:label1\" content=\"Tiempo de lectura\" \/>\n\t<meta name=\"twitter:data1\" content=\"3 minutos\" \/>\n<script type=\"application\/ld+json\" class=\"yoast-schema-graph\">{\"@context\":\"https:\\\/\\\/schema.org\",\"@graph\":[{\"@type\":\"WebPage\",\"@id\":\"https:\\\/\\\/hengxingmachinery.com\\\/circular-vibrating-screen\\\/\",\"url\":\"https:\\\/\\\/hengxingmachinery.com\\\/circular-vibrating-screen\\\/\",\"name\":\"2-1. Circular vibrating screen - Hengxing Machinery\",\"isPartOf\":{\"@id\":\"https:\\\/\\\/hengxingmachinery.com\\\/#website\"},\"primaryImageOfPage\":{\"@id\":\"https:\\\/\\\/hengxingmachinery.com\\\/circular-vibrating-screen\\\/#primaryimage\"},\"image\":{\"@id\":\"https:\\\/\\\/hengxingmachinery.com\\\/circular-vibrating-screen\\\/#primaryimage\"},\"thumbnailUrl\":\"https:\\\/\\\/hengxingmachinery.com\\\/wp-content\\\/uploads\\\/2025\\\/03\\\/circular-vibrating-screen-machine-for-sale.jpg\",\"datePublished\":\"2025-03-20T06:11:32+00:00\",\"dateModified\":\"2025-03-20T06:11:34+00:00\",\"breadcrumb\":{\"@id\":\"https:\\\/\\\/hengxingmachinery.com\\\/circular-vibrating-screen\\\/#breadcrumb\"},\"inLanguage\":\"es\",\"potentialAction\":[{\"@type\":\"ReadAction\",\"target\":[\"https:\\\/\\\/hengxingmachinery.com\\\/circular-vibrating-screen\\\/\"]}]},{\"@type\":\"ImageObject\",\"inLanguage\":\"es\",\"@id\":\"https:\\\/\\\/hengxingmachinery.com\\\/circular-vibrating-screen\\\/#primaryimage\",\"url\":\"https:\\\/\\\/hengxingmachinery.com\\\/wp-content\\\/uploads\\\/2025\\\/03\\\/circular-vibrating-screen-machine-for-sale.jpg\",\"contentUrl\":\"https:\\\/\\\/hengxingmachinery.com\\\/wp-content\\\/uploads\\\/2025\\\/03\\\/circular-vibrating-screen-machine-for-sale.jpg\"},{\"@type\":\"BreadcrumbList\",\"@id\":\"https:\\\/\\\/hengxingmachinery.com\\\/circular-vibrating-screen\\\/#breadcrumb\",\"itemListElement\":[{\"@type\":\"ListItem\",\"position\":1,\"name\":\"Home\",\"item\":\"https:\\\/\\\/hengxingmachinery.com\\\/\"},{\"@type\":\"ListItem\",\"position\":2,\"name\":\"2-1. Circular vibrating screen\"}]},{\"@type\":\"WebSite\",\"@id\":\"https:\\\/\\\/hengxingmachinery.com\\\/#website\",\"url\":\"https:\\\/\\\/hengxingmachinery.com\\\/\",\"name\":\"Hengxing Machinery\",\"description\":\"Leading Manufacturer of All Sorts of Mining Machinery\",\"publisher\":{\"@id\":\"https:\\\/\\\/hengxingmachinery.com\\\/#organization\"},\"potentialAction\":[{\"@type\":\"SearchAction\",\"target\":{\"@type\":\"EntryPoint\",\"urlTemplate\":\"https:\\\/\\\/hengxingmachinery.com\\\/?s={search_term_string}\"},\"query-input\":{\"@type\":\"PropertyValueSpecification\",\"valueRequired\":true,\"valueName\":\"search_term_string\"}}],\"inLanguage\":\"es\"},{\"@type\":\"Organization\",\"@id\":\"https:\\\/\\\/hengxingmachinery.com\\\/#organization\",\"name\":\"Hengxing Machinery\",\"url\":\"https:\\\/\\\/hengxingmachinery.com\\\/\",\"logo\":{\"@type\":\"ImageObject\",\"inLanguage\":\"es\",\"@id\":\"https:\\\/\\\/hengxingmachinery.com\\\/#\\\/schema\\\/logo\\\/image\\\/\",\"url\":\"https:\\\/\\\/hengxingmachinery.com\\\/wp-content\\\/uploads\\\/2024\\\/12\\\/logo.png\",\"contentUrl\":\"https:\\\/\\\/hengxingmachinery.com\\\/wp-content\\\/uploads\\\/2024\\\/12\\\/logo.png\",\"width\":400,\"height\":260,\"caption\":\"Hengxing Machinery\"},\"image\":{\"@id\":\"https:\\\/\\\/hengxingmachinery.com\\\/#\\\/schema\\\/logo\\\/image\\\/\"}}]}<\/script>\n<!-- \/ Yoast SEO plugin. -->","yoast_head_json":{"title":"2-1. Criba vibratoria circular - Hengxing Machinery","robots":{"index":"index","follow":"follow","max-snippet":"max-snippet:-1","max-image-preview":"max-image-preview:large","max-video-preview":"max-video-preview:-1"},"canonical":"https:\/\/hengxingmachinery.com\/es\/circular-vibrating-screen\/","og_locale":"es_ES","og_type":"article","og_title":"2-1. Circular vibrating screen - Hengxing Machinery","og_description":"Circular vibrating screen Circular vibrating screen working principle A circular vibrating screen mainly consists of the eccentric block vibrator, screen box, motor, and supportive device. Through the flexible coupling, the motor drives the eccentric block of the vibrator to rotate at high speed, generating the centrifugal force, and then causing the screen box to do ... Leer m\u00e1s","og_url":"https:\/\/hengxingmachinery.com\/es\/circular-vibrating-screen\/","og_site_name":"Hengxing Machinery","article_modified_time":"2025-03-20T06:11:34+00:00","og_image":[{"url":"https:\/\/hengxingmachinery.com\/wp-content\/uploads\/2025\/03\/circular-vibrating-screen-machine-for-sale.jpg","type":"","width":"","height":""}],"twitter_card":"summary_large_image","twitter_misc":{"Tiempo de lectura":"3 minutos"},"schema":{"@context":"https:\/\/schema.org","@graph":[{"@type":"WebPage","@id":"https:\/\/hengxingmachinery.com\/circular-vibrating-screen\/","url":"https:\/\/hengxingmachinery.com\/circular-vibrating-screen\/","name":"2-1. Criba vibratoria circular - Hengxing Machinery","isPartOf":{"@id":"https:\/\/hengxingmachinery.com\/#website"},"primaryImageOfPage":{"@id":"https:\/\/hengxingmachinery.com\/circular-vibrating-screen\/#primaryimage"},"image":{"@id":"https:\/\/hengxingmachinery.com\/circular-vibrating-screen\/#primaryimage"},"thumbnailUrl":"https:\/\/hengxingmachinery.com\/wp-content\/uploads\/2025\/03\/circular-vibrating-screen-machine-for-sale.jpg","datePublished":"2025-03-20T06:11:32+00:00","dateModified":"2025-03-20T06:11:34+00:00","breadcrumb":{"@id":"https:\/\/hengxingmachinery.com\/circular-vibrating-screen\/#breadcrumb"},"inLanguage":"es","potentialAction":[{"@type":"ReadAction","target":["https:\/\/hengxingmachinery.com\/circular-vibrating-screen\/"]}]},{"@type":"ImageObject","inLanguage":"es","@id":"https:\/\/hengxingmachinery.com\/circular-vibrating-screen\/#primaryimage","url":"https:\/\/hengxingmachinery.com\/wp-content\/uploads\/2025\/03\/circular-vibrating-screen-machine-for-sale.jpg","contentUrl":"https:\/\/hengxingmachinery.com\/wp-content\/uploads\/2025\/03\/circular-vibrating-screen-machine-for-sale.jpg"},{"@type":"BreadcrumbList","@id":"https:\/\/hengxingmachinery.com\/circular-vibrating-screen\/#breadcrumb","itemListElement":[{"@type":"ListItem","position":1,"name":"Home","item":"https:\/\/hengxingmachinery.com\/"},{"@type":"ListItem","position":2,"name":"2-1. Circular vibrating screen"}]},{"@type":"WebSite","@id":"https:\/\/hengxingmachinery.com\/#website","url":"https:\/\/hengxingmachinery.com\/","name":"Maquinaria Hengxing","description":"Fabricante l\u00edder de todo tipo de maquinaria minera","publisher":{"@id":"https:\/\/hengxingmachinery.com\/#organization"},"potentialAction":[{"@type":"SearchAction","target":{"@type":"EntryPoint","urlTemplate":"https:\/\/hengxingmachinery.com\/?s={search_term_string}"},"query-input":{"@type":"PropertyValueSpecification","valueRequired":true,"valueName":"search_term_string"}}],"inLanguage":"es"},{"@type":"Organization","@id":"https:\/\/hengxingmachinery.com\/#organization","name":"Maquinaria Hengxing","url":"https:\/\/hengxingmachinery.com\/","logo":{"@type":"ImageObject","inLanguage":"es","@id":"https:\/\/hengxingmachinery.com\/#\/schema\/logo\/image\/","url":"https:\/\/hengxingmachinery.com\/wp-content\/uploads\/2024\/12\/logo.png","contentUrl":"https:\/\/hengxingmachinery.com\/wp-content\/uploads\/2024\/12\/logo.png","width":400,"height":260,"caption":"Hengxing Machinery"},"image":{"@id":"https:\/\/hengxingmachinery.com\/#\/schema\/logo\/image\/"}}]}},"_links":{"self":[{"href":"https:\/\/hengxingmachinery.com\/es\/wp-json\/wp\/v2\/pages\/2355","targetHints":{"allow":["GET"]}}],"collection":[{"href":"https:\/\/hengxingmachinery.com\/es\/wp-json\/wp\/v2\/pages"}],"about":[{"href":"https:\/\/hengxingmachinery.com\/es\/wp-json\/wp\/v2\/types\/page"}],"author":[{"embeddable":true,"href":"https:\/\/hengxingmachinery.com\/es\/wp-json\/wp\/v2\/users\/1"}],"replies":[{"embeddable":true,"href":"https:\/\/hengxingmachinery.com\/es\/wp-json\/wp\/v2\/comments?post=2355"}],"version-history":[{"count":2,"href":"https:\/\/hengxingmachinery.com\/es\/wp-json\/wp\/v2\/pages\/2355\/revisions"}],"predecessor-version":[{"id":2370,"href":"https:\/\/hengxingmachinery.com\/es\/wp-json\/wp\/v2\/pages\/2355\/revisions\/2370"}],"wp:attachment":[{"href":"https:\/\/hengxingmachinery.com\/es\/wp-json\/wp\/v2\/media?parent=2355"}],"curies":[{"name":"wp","href":"https:\/\/api.w.org\/{rel}","templated":true}]}}