{"id":2372,"date":"2025-03-20T07:14:35","date_gmt":"2025-03-20T07:14:35","guid":{"rendered":"https:\/\/hengxingmachinery.com\/?page_id=2372"},"modified":"2025-03-20T07:15:48","modified_gmt":"2025-03-20T07:15:48","slug":"bucket-wheel-sand-washing-machine","status":"publish","type":"page","link":"https:\/\/hengxingmachinery.com\/es\/bucket-wheel-sand-washing-machine\/","title":{"rendered":"2-1. M\u00e1quina lavadora de arena de rueda de cangilones"},"content":{"rendered":"<div class=\"gb-container gb-container-45165f5a\">\n<div class=\"gb-container gb-container-c2652eb4\">\n\n<h1 class=\"gb-headline gb-headline-62a8b2cc gb-headline-text\">Lavadora de arena con rueda de cangilones<\/h1>\n\n<\/div>\n<\/div>\n\n<div class=\"gb-container gb-container-519cf624\">\n<div class=\"gb-container gb-container-71ca071e\">\n<div class=\"gb-grid-wrapper gb-grid-wrapper-8a5f0688\">\n<div class=\"gb-grid-column gb-grid-column-1e99b1c2\"><div class=\"gb-container gb-container-1e99b1c2\">\n\n<figure class=\"gb-block-image gb-block-image-e4eaba54\"><img decoding=\"async\" width=\"665\" height=\"545\" class=\"gb-image gb-image-e4eaba54\" src=\"https:\/\/hengxingmachinery.com\/wp-content\/uploads\/2025\/03\/gravel-sand-washer.jpg\" alt=\"\" title=\"lavadora de arena de grava\" srcset=\"https:\/\/hengxingmachinery.com\/wp-content\/uploads\/2025\/03\/gravel-sand-washer.jpg 665w, https:\/\/hengxingmachinery.com\/wp-content\/uploads\/2025\/03\/gravel-sand-washer-300x246.jpg 300w, https:\/\/hengxingmachinery.com\/wp-content\/uploads\/2025\/03\/gravel-sand-washer-15x12.jpg 15w\" sizes=\"(max-width: 665px) 100vw, 665px\" \/><\/figure>\n\n<\/div><\/div>\n\n<div class=\"gb-grid-column gb-grid-column-bcae065b\"><div class=\"gb-container gb-container-bcae065b\">\n\n<p>Una m\u00e1quina lavadora de arena de rueda de cangilones se utiliza para eliminar el polvo en la arena. La m\u00e1quina lavadora de arena de rueda de cangilones se utiliza ampliamente para la limpieza de materiales en las siguientes industrias: canteras, minerales, materiales de construcci\u00f3n, transporte, industria qu\u00edmica, conservaci\u00f3n del agua e hidroel\u00e9ctrica, y estaciones de mezcla de cemento. Se utiliza principalmente para lavar, seleccionar y deshidratar materiales de construcci\u00f3n y materiales de arena.<\/p>\n\n\n\n<p>La lavadora de arena de rueda de cangilones es un tipo de m\u00e1quina lavadora de arena que trabaja junto con la m\u00e1quina fabricadora de arena, puede limpiar y separar el polvo de la arena. Su nueva estructura de sellado y su dispositivo de transmisi\u00f3n confiable garantizan una limpieza efectiva. La lavadora de arena de cangilones se utiliza principalmente en sitios de construcci\u00f3n, plantas de grava, sitios de construcci\u00f3n de presas de hormig\u00f3n, centrales hidroel\u00e9ctricas, etc.<\/p>\n\n\n<div class=\"gb-grid-wrapper gb-grid-wrapper-eebec76e\">\n<div class=\"gb-grid-column gb-grid-column-e3ada2f0\"><div class=\"gb-container gb-container-e3ada2f0\">\n\n<p class=\"gb-headline gb-headline-4c79a90a gb-headline-text\"><strong><mark style=\"background-color:rgba(0, 0, 0, 0)\" class=\"has-inline-color has-global-color-8-color\"><strong>Tama\u00f1o m\u00e1ximo de alimentaci\u00f3n (mm)<\/strong>:<\/mark><\/strong> 10<\/p>\n\n<\/div><\/div>\n\n<div class=\"gb-grid-column gb-grid-column-0bb00826\"><div class=\"gb-container gb-container-0bb00826\">\n\n<p class=\"gb-headline gb-headline-86d53f56 gb-headline-text\"><mark style=\"background-color:rgba(0, 0, 0, 0)\" class=\"has-inline-color has-global-color-8-color\"><strong>Capacidad:<\/strong><\/mark> 20-150t\/h<\/p>\n\n<\/div><\/div>\n<\/div>\n\n<div class=\"gb-container gb-container-256e15f1\">\n\n<a class=\"gb-button gb-button-e8b73d89 gb-button-text\" href=\"#popmake-622\">Obtener presupuesto gratuito<\/a>\n\n<\/div>\n<\/div><\/div>\n<\/div>\n<\/div>\n<\/div>\n\n<div class=\"gb-container gb-container-44d3b6be\">\n<div class=\"gb-container gb-container-cb594cef\">\n\n<h2 class=\"gb-headline gb-headline-43634316 gb-headline-text\">Caracter\u00edstica de la m\u00e1quina lavadora de arena de rueda de cangilones<\/h2>\n\n\n\n<p>1. Estructura simple;<\/p>\n\n\n\n<p>2. El dispositivo de rodamientos de la transmisi\u00f3n del impulsor est\u00e1 separado del agua y de los materiales con agua, para evitar da\u00f1os a los rodamientos;<\/p>\n\n\n\n<p>3. Nueva estructura de sellado y dispositivo de transmisi\u00f3n confiable;<\/p>\n\n\n\n<p>4. Estructura razonable;<\/p>\n\n\n\n<p>5. Alta capacidad, bajo consumo de energ\u00eda;<\/p>\n\n\n\n<p>6. Estructura sencilla y funcionamiento estable.<\/p>\n\n\n<div class=\"gb-container gb-container-a3629fb4\">\n\n<a class=\"gb-button gb-button-193549b0 gb-button-text\" href=\"#popmake-622\">Obtener presupuesto gratuito<\/a>\n\n<\/div>\n<\/div>\n<\/div>\n\n<div class=\"gb-container gb-container-3a930c38\">\n<div class=\"gb-container gb-container-8a36e90a\">\n\n<h2 class=\"gb-headline gb-headline-a5d3273c gb-headline-text\">Principio de funcionamiento de la m\u00e1quina lavadora de arena de rueda de cangilones<\/h2>\n\n\n\n<figure class=\"gb-block-image gb-block-image-1c359176\"><img decoding=\"async\" width=\"800\" height=\"600\" class=\"gb-image gb-image-1c359176\" src=\"https:\/\/hengxingmachinery.com\/wp-content\/uploads\/2025\/03\/bucket-wheel-sand-washing-machine.jpg\" alt=\"\" title=\"m\u00e1quina lavadora de arena de rueda de cangilones\" srcset=\"https:\/\/hengxingmachinery.com\/wp-content\/uploads\/2025\/03\/bucket-wheel-sand-washing-machine.jpg 800w, https:\/\/hengxingmachinery.com\/wp-content\/uploads\/2025\/03\/bucket-wheel-sand-washing-machine-300x225.jpg 300w, https:\/\/hengxingmachinery.com\/wp-content\/uploads\/2025\/03\/bucket-wheel-sand-washing-machine-768x576.jpg 768w, https:\/\/hengxingmachinery.com\/wp-content\/uploads\/2025\/03\/bucket-wheel-sand-washing-machine-16x12.jpg 16w\" sizes=\"(max-width: 800px) 100vw, 800px\" \/><\/figure>\n\n\n\n<p>Cuando la m\u00e1quina funciona, el motor impulsa el impulsor para que gire lentamente despu\u00e9s de ser desacelerado por la correa trapezoidal, el reductor y el engranaje; la arena entra en la artesa de lavado a trav\u00e9s de la tolva de alimentaci\u00f3n, rueda impulsada por el impulsor y se frota mutuamente para eliminar las impurezas que cubren la superficie de la arena, rompiendo la capa de vapor de agua que favorece la deshidrataci\u00f3n.<\/p>\n\n\n\n<p>Al mismo tiempo, el fuerte flujo de agua arrastra las impurezas y las descarga en conjunto. La arena limpia es transportada por los impulsores, y al elevarse, el agua cae hacia la artesa de lavado a trav\u00e9s de las mallas, lo que permite tanto deshidratar la arena como ahorrar residuos; finalmente, la arena se vierte en la tolva de descarga y finaliza la limpieza.<\/p>\n\n\n<div class=\"gb-container gb-container-96208927\">\n\n<a class=\"gb-button gb-button-429870c5 gb-button-text\" href=\"#popmake-622\">Obtener presupuesto gratuito<\/a>\n\n<\/div>\n<\/div>\n<\/div>\n\n<div class=\"gb-container gb-container-435ad261\">\n<div class=\"gb-container gb-container-7dc79cc4\">\n\n<h2 class=\"gb-headline gb-headline-6fe5dee2 gb-headline-text\">Especificaciones de la m\u00e1quina lavadora de arena de rueda de cangilones<\/h2>\n\n\n\n<figure class=\"wp-block-table is-style-stripes\"><table class=\"has-fixed-layout\"><tbody><tr><td><strong>Modelo<\/strong><\/td><td><strong>Tama\u00f1o de la rueda (mm)<\/strong><\/td><td><strong>Tama\u00f1o m\u00e1ximo de alimentaci\u00f3n (mm)<\/strong><\/td><td><strong>Potencia (KW\/HP)<\/strong><\/td><td><strong>Peso (t)<\/strong><\/td><td><strong>Capacidad (t\/h)<\/strong><\/td><td><strong>Dimensi\u00f3n total (mm)<\/strong><\/td><\/tr><tr><td>XSD2610<\/td><td>\u03a62600\u00d71000<\/td><td>10<\/td><td>5.5\/7.5<\/td><td>2.6<\/td><td>20-50<\/td><td>3255\u00d71982\u00d72690<\/td><\/tr><tr><td>XSD2816<\/td><td>\u03a62800\u00d71600<\/td><td>10<\/td><td>11\/15<\/td><td>4.2<\/td><td>30-60<\/td><td>3540\u00d73000\u00d72880<\/td><\/tr><tr><td>XSD3016<\/td><td>\u03a63000\u00d71600<\/td><td>10<\/td><td>15\/20<\/td><td>5.5<\/td><td>50-100<\/td><td>3845\u00d73000\u00d73080<\/td><\/tr><tr><td>XSD3220<\/td><td>\u03a63000\u00d72000<\/td><td>10<\/td><td>15\/20<\/td><td>8.3<\/td><td>60-150<\/td><td>4150\u00d73500\u00d73300<\/td><\/tr><tr><td>XSD3620<\/td><td>\u03a63000\u00d72000<\/td><td>10<\/td><td>15\/20<\/td><td>9.8<\/td><td>80-150<\/td><td>4500\u00d73500\u00d73700<\/td><\/tr><\/tbody><\/table><\/figure>\n\n\n<div class=\"gb-container gb-container-263d9700\">\n\n<a class=\"gb-button gb-button-a4cbb7be gb-button-text\" href=\"#popmake-622\">Obtener presupuesto gratuito<\/a>\n\n<\/div>\n<\/div>\n<\/div>","protected":false},"excerpt":{"rendered":"<p>Bucket wheel sand washing machine Bucket wheel sand washing machine characteristic 1. Simple structure; 2. The bearing device of the impeller drive is separated from water and 1 material with water, to avoid damage to the bearing; 3. New sealing structure and reliable transmission device; 4 . Reasonable structure; 5. High capacity, low power consumption; &#8230; <\/p>\n<p class=\"read-more-container\"><a title=\"2-1. M\u00e1quina lavadora de arena de rueda de cangilones\" class=\"read-more button\" href=\"https:\/\/hengxingmachinery.com\/es\/bucket-wheel-sand-washing-machine\/#more-2372\" aria-label=\"Leer m\u00e1s sobre 2-1. Bucket wheel sand washing machine\">Leer m\u00e1s<\/a><\/p>","protected":false},"author":1,"featured_media":0,"parent":0,"menu_order":0,"comment_status":"closed","ping_status":"closed","template":"","meta":{"footnotes":""},"class_list":["post-2372","page","type-page","status-publish"],"yoast_head":"<!-- This site is optimized with the Yoast SEO plugin v27.4 - https:\/\/yoast.com\/product\/yoast-seo-wordpress\/ -->\n<title>2-1. Bucket wheel sand washing machine - Hengxing Machinery<\/title>\n<meta name=\"robots\" content=\"index, follow, max-snippet:-1, max-image-preview:large, max-video-preview:-1\" \/>\n<link rel=\"canonical\" href=\"https:\/\/hengxingmachinery.com\/es\/bucket-wheel-sand-washing-machine\/\" \/>\n<meta property=\"og:locale\" content=\"es_ES\" \/>\n<meta property=\"og:type\" content=\"article\" \/>\n<meta property=\"og:title\" content=\"2-1. Bucket wheel sand washing machine - Hengxing Machinery\" \/>\n<meta property=\"og:description\" content=\"Bucket wheel sand washing machine Bucket wheel sand washing machine characteristic 1. Simple structure; 2. The bearing device of the impeller drive is separated from water and 1 material with water, to avoid damage to the bearing; 3. New sealing structure and reliable transmission device; 4 . Reasonable structure; 5. High capacity, low power consumption; ... Leer m\u00e1s\" \/>\n<meta property=\"og:url\" content=\"https:\/\/hengxingmachinery.com\/es\/bucket-wheel-sand-washing-machine\/\" \/>\n<meta property=\"og:site_name\" content=\"Hengxing Machinery\" \/>\n<meta property=\"article:modified_time\" content=\"2025-03-20T07:15:48+00:00\" \/>\n<meta property=\"og:image\" content=\"https:\/\/hengxingmachinery.com\/wp-content\/uploads\/2025\/03\/gravel-sand-washer.jpg\" \/>\n<meta name=\"twitter:card\" content=\"summary_large_image\" \/>\n<meta name=\"twitter:label1\" content=\"Tiempo de lectura\" \/>\n\t<meta name=\"twitter:data1\" content=\"3 minutos\" \/>\n<script type=\"application\/ld+json\" class=\"yoast-schema-graph\">{\"@context\":\"https:\\\/\\\/schema.org\",\"@graph\":[{\"@type\":\"WebPage\",\"@id\":\"https:\\\/\\\/hengxingmachinery.com\\\/bucket-wheel-sand-washing-machine\\\/\",\"url\":\"https:\\\/\\\/hengxingmachinery.com\\\/bucket-wheel-sand-washing-machine\\\/\",\"name\":\"2-1. Bucket wheel sand washing machine - Hengxing Machinery\",\"isPartOf\":{\"@id\":\"https:\\\/\\\/hengxingmachinery.com\\\/#website\"},\"primaryImageOfPage\":{\"@id\":\"https:\\\/\\\/hengxingmachinery.com\\\/bucket-wheel-sand-washing-machine\\\/#primaryimage\"},\"image\":{\"@id\":\"https:\\\/\\\/hengxingmachinery.com\\\/bucket-wheel-sand-washing-machine\\\/#primaryimage\"},\"thumbnailUrl\":\"https:\\\/\\\/hengxingmachinery.com\\\/wp-content\\\/uploads\\\/2025\\\/03\\\/gravel-sand-washer.jpg\",\"datePublished\":\"2025-03-20T07:14:35+00:00\",\"dateModified\":\"2025-03-20T07:15:48+00:00\",\"breadcrumb\":{\"@id\":\"https:\\\/\\\/hengxingmachinery.com\\\/bucket-wheel-sand-washing-machine\\\/#breadcrumb\"},\"inLanguage\":\"es\",\"potentialAction\":[{\"@type\":\"ReadAction\",\"target\":[\"https:\\\/\\\/hengxingmachinery.com\\\/bucket-wheel-sand-washing-machine\\\/\"]}]},{\"@type\":\"ImageObject\",\"inLanguage\":\"es\",\"@id\":\"https:\\\/\\\/hengxingmachinery.com\\\/bucket-wheel-sand-washing-machine\\\/#primaryimage\",\"url\":\"https:\\\/\\\/hengxingmachinery.com\\\/wp-content\\\/uploads\\\/2025\\\/03\\\/gravel-sand-washer.jpg\",\"contentUrl\":\"https:\\\/\\\/hengxingmachinery.com\\\/wp-content\\\/uploads\\\/2025\\\/03\\\/gravel-sand-washer.jpg\"},{\"@type\":\"BreadcrumbList\",\"@id\":\"https:\\\/\\\/hengxingmachinery.com\\\/bucket-wheel-sand-washing-machine\\\/#breadcrumb\",\"itemListElement\":[{\"@type\":\"ListItem\",\"position\":1,\"name\":\"Home\",\"item\":\"https:\\\/\\\/hengxingmachinery.com\\\/\"},{\"@type\":\"ListItem\",\"position\":2,\"name\":\"2-1. Bucket wheel sand washing machine\"}]},{\"@type\":\"WebSite\",\"@id\":\"https:\\\/\\\/hengxingmachinery.com\\\/#website\",\"url\":\"https:\\\/\\\/hengxingmachinery.com\\\/\",\"name\":\"Hengxing Machinery\",\"description\":\"Leading Manufacturer of All Sorts of Mining Machinery\",\"publisher\":{\"@id\":\"https:\\\/\\\/hengxingmachinery.com\\\/#organization\"},\"potentialAction\":[{\"@type\":\"SearchAction\",\"target\":{\"@type\":\"EntryPoint\",\"urlTemplate\":\"https:\\\/\\\/hengxingmachinery.com\\\/?s={search_term_string}\"},\"query-input\":{\"@type\":\"PropertyValueSpecification\",\"valueRequired\":true,\"valueName\":\"search_term_string\"}}],\"inLanguage\":\"es\"},{\"@type\":\"Organization\",\"@id\":\"https:\\\/\\\/hengxingmachinery.com\\\/#organization\",\"name\":\"Hengxing Machinery\",\"url\":\"https:\\\/\\\/hengxingmachinery.com\\\/\",\"logo\":{\"@type\":\"ImageObject\",\"inLanguage\":\"es\",\"@id\":\"https:\\\/\\\/hengxingmachinery.com\\\/#\\\/schema\\\/logo\\\/image\\\/\",\"url\":\"https:\\\/\\\/hengxingmachinery.com\\\/wp-content\\\/uploads\\\/2024\\\/12\\\/logo.png\",\"contentUrl\":\"https:\\\/\\\/hengxingmachinery.com\\\/wp-content\\\/uploads\\\/2024\\\/12\\\/logo.png\",\"width\":400,\"height\":260,\"caption\":\"Hengxing Machinery\"},\"image\":{\"@id\":\"https:\\\/\\\/hengxingmachinery.com\\\/#\\\/schema\\\/logo\\\/image\\\/\"}}]}<\/script>\n<!-- \/ Yoast SEO plugin. -->","yoast_head_json":{"title":"2-1. Lavadora de arena de rueda de cangilones - Hengxing Machinery","robots":{"index":"index","follow":"follow","max-snippet":"max-snippet:-1","max-image-preview":"max-image-preview:large","max-video-preview":"max-video-preview:-1"},"canonical":"https:\/\/hengxingmachinery.com\/es\/bucket-wheel-sand-washing-machine\/","og_locale":"es_ES","og_type":"article","og_title":"2-1. Bucket wheel sand washing machine - Hengxing Machinery","og_description":"Bucket wheel sand washing machine Bucket wheel sand washing machine characteristic 1. Simple structure; 2. The bearing device of the impeller drive is separated from water and 1 material with water, to avoid damage to the bearing; 3. New sealing structure and reliable transmission device; 4 . Reasonable structure; 5. High capacity, low power consumption; ... Leer m\u00e1s","og_url":"https:\/\/hengxingmachinery.com\/es\/bucket-wheel-sand-washing-machine\/","og_site_name":"Hengxing Machinery","article_modified_time":"2025-03-20T07:15:48+00:00","og_image":[{"url":"https:\/\/hengxingmachinery.com\/wp-content\/uploads\/2025\/03\/gravel-sand-washer.jpg","type":"","width":"","height":""}],"twitter_card":"summary_large_image","twitter_misc":{"Tiempo de lectura":"3 minutos"},"schema":{"@context":"https:\/\/schema.org","@graph":[{"@type":"WebPage","@id":"https:\/\/hengxingmachinery.com\/bucket-wheel-sand-washing-machine\/","url":"https:\/\/hengxingmachinery.com\/bucket-wheel-sand-washing-machine\/","name":"2-1. Lavadora de arena de rueda de cangilones - Hengxing Machinery","isPartOf":{"@id":"https:\/\/hengxingmachinery.com\/#website"},"primaryImageOfPage":{"@id":"https:\/\/hengxingmachinery.com\/bucket-wheel-sand-washing-machine\/#primaryimage"},"image":{"@id":"https:\/\/hengxingmachinery.com\/bucket-wheel-sand-washing-machine\/#primaryimage"},"thumbnailUrl":"https:\/\/hengxingmachinery.com\/wp-content\/uploads\/2025\/03\/gravel-sand-washer.jpg","datePublished":"2025-03-20T07:14:35+00:00","dateModified":"2025-03-20T07:15:48+00:00","breadcrumb":{"@id":"https:\/\/hengxingmachinery.com\/bucket-wheel-sand-washing-machine\/#breadcrumb"},"inLanguage":"es","potentialAction":[{"@type":"ReadAction","target":["https:\/\/hengxingmachinery.com\/bucket-wheel-sand-washing-machine\/"]}]},{"@type":"ImageObject","inLanguage":"es","@id":"https:\/\/hengxingmachinery.com\/bucket-wheel-sand-washing-machine\/#primaryimage","url":"https:\/\/hengxingmachinery.com\/wp-content\/uploads\/2025\/03\/gravel-sand-washer.jpg","contentUrl":"https:\/\/hengxingmachinery.com\/wp-content\/uploads\/2025\/03\/gravel-sand-washer.jpg"},{"@type":"BreadcrumbList","@id":"https:\/\/hengxingmachinery.com\/bucket-wheel-sand-washing-machine\/#breadcrumb","itemListElement":[{"@type":"ListItem","position":1,"name":"Home","item":"https:\/\/hengxingmachinery.com\/"},{"@type":"ListItem","position":2,"name":"2-1. Bucket wheel sand washing machine"}]},{"@type":"WebSite","@id":"https:\/\/hengxingmachinery.com\/#website","url":"https:\/\/hengxingmachinery.com\/","name":"Maquinaria Hengxing","description":"Fabricante l\u00edder de todo tipo de maquinaria minera","publisher":{"@id":"https:\/\/hengxingmachinery.com\/#organization"},"potentialAction":[{"@type":"SearchAction","target":{"@type":"EntryPoint","urlTemplate":"https:\/\/hengxingmachinery.com\/?s={search_term_string}"},"query-input":{"@type":"PropertyValueSpecification","valueRequired":true,"valueName":"search_term_string"}}],"inLanguage":"es"},{"@type":"Organization","@id":"https:\/\/hengxingmachinery.com\/#organization","name":"Maquinaria Hengxing","url":"https:\/\/hengxingmachinery.com\/","logo":{"@type":"ImageObject","inLanguage":"es","@id":"https:\/\/hengxingmachinery.com\/#\/schema\/logo\/image\/","url":"https:\/\/hengxingmachinery.com\/wp-content\/uploads\/2024\/12\/logo.png","contentUrl":"https:\/\/hengxingmachinery.com\/wp-content\/uploads\/2024\/12\/logo.png","width":400,"height":260,"caption":"Hengxing Machinery"},"image":{"@id":"https:\/\/hengxingmachinery.com\/#\/schema\/logo\/image\/"}}]}},"_links":{"self":[{"href":"https:\/\/hengxingmachinery.com\/es\/wp-json\/wp\/v2\/pages\/2372","targetHints":{"allow":["GET"]}}],"collection":[{"href":"https:\/\/hengxingmachinery.com\/es\/wp-json\/wp\/v2\/pages"}],"about":[{"href":"https:\/\/hengxingmachinery.com\/es\/wp-json\/wp\/v2\/types\/page"}],"author":[{"embeddable":true,"href":"https:\/\/hengxingmachinery.com\/es\/wp-json\/wp\/v2\/users\/1"}],"replies":[{"embeddable":true,"href":"https:\/\/hengxingmachinery.com\/es\/wp-json\/wp\/v2\/comments?post=2372"}],"version-history":[{"count":4,"href":"https:\/\/hengxingmachinery.com\/es\/wp-json\/wp\/v2\/pages\/2372\/revisions"}],"predecessor-version":[{"id":2396,"href":"https:\/\/hengxingmachinery.com\/es\/wp-json\/wp\/v2\/pages\/2372\/revisions\/2396"}],"wp:attachment":[{"href":"https:\/\/hengxingmachinery.com\/es\/wp-json\/wp\/v2\/media?parent=2372"}],"curies":[{"name":"wp","href":"https:\/\/api.w.org\/{rel}","templated":true}]}}