{"id":2374,"date":"2025-03-20T07:07:12","date_gmt":"2025-03-20T07:07:12","guid":{"rendered":"https:\/\/hengxingmachinery.com\/?page_id=2374"},"modified":"2025-03-20T07:08:22","modified_gmt":"2025-03-20T07:08:22","slug":"rod-sand-making-machine","status":"publish","type":"page","link":"https:\/\/hengxingmachinery.com\/es\/rod-sand-making-machine\/","title":{"rendered":"2-1. M\u00e1quina de fabricaci\u00f3n de arena de varilla"},"content":{"rendered":"<div class=\"gb-container gb-container-45165f5a\">\n<div class=\"gb-container gb-container-c2652eb4\">\n\n<h1 class=\"gb-headline gb-headline-62a8b2cc gb-headline-text\">M\u00e1quina para fabricar arena en forma de varilla<\/h1>\n\n<\/div>\n<\/div>\n\n<div class=\"gb-container gb-container-519cf624\">\n<div class=\"gb-container gb-container-71ca071e\">\n<div class=\"gb-grid-wrapper gb-grid-wrapper-8a5f0688\">\n<div class=\"gb-grid-column gb-grid-column-1e99b1c2\"><div class=\"gb-container gb-container-1e99b1c2\">\n\n<figure class=\"gb-block-image gb-block-image-e4eaba54\"><img decoding=\"async\" width=\"665\" height=\"545\" class=\"gb-image gb-image-e4eaba54\" src=\"https:\/\/hengxingmachinery.com\/wp-content\/uploads\/2025\/03\/rod-sand-making-machine-for-sale.jpg\" alt=\"\" title=\"m\u00e1quina de fabricaci\u00f3n de arena de barras en venta\" srcset=\"https:\/\/hengxingmachinery.com\/wp-content\/uploads\/2025\/03\/rod-sand-making-machine-for-sale.jpg 665w, https:\/\/hengxingmachinery.com\/wp-content\/uploads\/2025\/03\/rod-sand-making-machine-for-sale-300x246.jpg 300w, https:\/\/hengxingmachinery.com\/wp-content\/uploads\/2025\/03\/rod-sand-making-machine-for-sale-15x12.jpg 15w\" sizes=\"(max-width: 665px) 100vw, 665px\" \/><\/figure>\n\n<\/div><\/div>\n\n<div class=\"gb-grid-column gb-grid-column-bcae065b\"><div class=\"gb-container gb-container-bcae065b\">\n\n<p>Una m\u00e1quina de fabricaci\u00f3n de arena de barras, tambi\u00e9n llamada molino de barras, es uno de los equipos comunes de fabricaci\u00f3n de arena.<\/p>\n\n\n\n<p>La m\u00e1quina de fabricaci\u00f3n de arena de molino de barras se utiliza principalmente para el procesamiento, trituraci\u00f3n y fabricaci\u00f3n de arena de materias primas como feldespato, cuarzo, mineral, etc. <\/p>\n\n\n\n<p>Tambi\u00e9n es adecuada para la fabricaci\u00f3n de abrasivos, materiales refractarios, cemento, arena de acero, polvo de escoria, mineral de cobre, mineral de hierro, trituraci\u00f3n fina y trituraci\u00f3n media de diversos materiales duros y fr\u00e1giles como mineral de oro, \u00e1rido de hormig\u00f3n, \u00e1rido asf\u00e1ltico, etc.<\/p>\n\n\n<div class=\"gb-grid-wrapper gb-grid-wrapper-eebec76e\">\n<div class=\"gb-grid-column gb-grid-column-e3ada2f0\"><div class=\"gb-container gb-container-e3ada2f0\">\n\n<p class=\"gb-headline gb-headline-4c79a90a gb-headline-text\"><strong><mark style=\"background-color:rgba(0, 0, 0, 0)\" class=\"has-inline-color has-global-color-8-color\">Tama\u00f1o de la alimentaci\u00f3n:<\/mark><\/strong> \u226425-50mm<\/p>\n\n<\/div><\/div>\n\n<div class=\"gb-grid-column gb-grid-column-0bb00826\"><div class=\"gb-container gb-container-0bb00826\">\n\n<p class=\"gb-headline gb-headline-86d53f56 gb-headline-text\"><mark style=\"background-color:rgba(0, 0, 0, 0)\" class=\"has-inline-color has-global-color-8-color\"><strong>Capacidad:<\/strong><\/mark> 0,62-180t\/h<\/p>\n\n<\/div><\/div>\n<\/div>\n\n\n<p class=\"gb-headline gb-headline-2750f5a7 gb-headline-text\"><\/p>\n\n\n<div class=\"gb-container gb-container-256e15f1\">\n\n<a class=\"gb-button gb-button-e8b73d89 gb-button-text\" href=\"#popmake-622\">Obtener presupuesto gratuito<\/a>\n\n<\/div>\n<\/div><\/div>\n<\/div>\n<\/div>\n<\/div>\n\n<div class=\"gb-container gb-container-44d3b6be\">\n<div class=\"gb-container gb-container-cb594cef\">\n\n<h2 class=\"gb-headline gb-headline-43634316 gb-headline-text\">Caracter\u00edstica de la m\u00e1quina de fabricaci\u00f3n de arena de barras<\/h2>\n\n\n\n<p>El tama\u00f1o de part\u00edcula del producto es relativamente uniforme, y las part\u00edculas de mineral sobre-trituradas son menores. Cuando se utiliza para molienda gruesa, la capacidad de procesamiento del molino de barras es mayor que la del molino de bolas de la misma especificaci\u00f3n.<\/p>\n\n<\/div>\n<\/div>\n\n<div class=\"gb-container gb-container-3a930c38\">\n<div class=\"gb-container gb-container-8a36e90a\">\n\n<h2 class=\"gb-headline gb-headline-a5d3273c gb-headline-text\">Principio de funcionamiento de la m\u00e1quina de fabricaci\u00f3n de arena de barras<\/h2>\n\n\n\n<figure class=\"gb-block-image gb-block-image-1c359176\"><img decoding=\"async\" width=\"800\" height=\"500\" class=\"gb-image gb-image-1c359176\" src=\"https:\/\/hengxingmachinery.com\/wp-content\/uploads\/2025\/03\/rod-sand-making-machine.jpg\" alt=\"\" title=\"M\u00e1quina de fabricaci\u00f3n de arena de varilla\" srcset=\"https:\/\/hengxingmachinery.com\/wp-content\/uploads\/2025\/03\/rod-sand-making-machine.jpg 800w, https:\/\/hengxingmachinery.com\/wp-content\/uploads\/2025\/03\/rod-sand-making-machine-300x188.jpg 300w, https:\/\/hengxingmachinery.com\/wp-content\/uploads\/2025\/03\/rod-sand-making-machine-768x480.jpg 768w, https:\/\/hengxingmachinery.com\/wp-content\/uploads\/2025\/03\/rod-sand-making-machine-18x12.jpg 18w\" sizes=\"(max-width: 800px) 100vw, 800px\" \/><\/figure>\n\n\n\n<p>La m\u00e1quina de fabricaci\u00f3n de arena de barras es accionada por un motor a trav\u00e9s de un reductor y un engranaje grande, o por un motor s\u00edncrono de baja velocidad directamente a trav\u00e9s de un engranaje grande para impulsar la rotaci\u00f3n del cilindro. <\/p>\n\n\n\n<p>El cuerpo del cilindro est\u00e1 equipado con el medio de molienda m\u00e1s razonable: barras de acero. Bajo la acci\u00f3n de la fuerza centr\u00edfuga y la fuerza de fricci\u00f3n, el medio de molienda se eleva a cierta altura y luego cae en estado de lanzamiento o descarga. <\/p>\n\n\n\n<p>El material a moler entra continuamente al interior del cilindro desde la boca de entrada de mineral y es triturado por el medio de molienda en movimiento. El producto terminado se descarga fuera de la m\u00e1quina mediante la fuerza de rebose y la alimentaci\u00f3n continua de mineral para la siguiente operaci\u00f3n del proceso.<\/p>\n\n\n<div class=\"gb-container gb-container-96208927\">\n\n<a class=\"gb-button gb-button-429870c5 gb-button-text\" href=\"#popmake-622\">Obtener presupuesto gratuito<\/a>\n\n<\/div>\n<\/div>\n<\/div>\n\n<div class=\"gb-container gb-container-435ad261\">\n<div class=\"gb-container gb-container-7dc79cc4\">\n\n<h2 class=\"gb-headline gb-headline-6fe5dee2 gb-headline-text\">Especificaciones de la m\u00e1quina de fabricaci\u00f3n de arena de barras<\/h2>\n\n\n\n<figure class=\"wp-block-table is-style-stripes\"><table class=\"has-fixed-layout\"><tbody><tr><td><strong>Modelo<\/strong><\/td><td><strong>Di\u00e1metro<\/strong><\/td><td><strong>Longitud<\/strong><\/td><td><strong>Velocidad de Rotaci\u00f3n del Cilindro\u00a0<br>(rpm)<\/strong><\/td><td><strong>Tama\u00f1o de Alimentaci\u00f3n\u00a0<br>(mm)<\/strong><\/td><td><strong>Tama\u00f1o de Descarga\u00a0<br>(mm)<\/strong><\/td><td><strong>Capacidad de Procesamiento\u00a0<br>(t\/h)<\/strong><\/td><td><strong>Fuerza<br>(kw)<\/strong><\/td><td><strong>Peso total\u00a0<br>(t)<\/strong><\/td><\/tr><tr><td>MBS0918<\/td><td>900<\/td><td>1800<\/td><td>36-38<\/td><td>\u226425<\/td><td>0.833-0.147<\/td><td>0.62-3.2<\/td><td>18.5<\/td><td>5.9<\/td><\/tr><tr><td>MBS0924<\/td><td>900<\/td><td>2400<\/td><td>36<\/td><td>\u226425<\/td><td>0.833-0.147<\/td><td>0.81-4.3<\/td><td>22<\/td><td>6.7<\/td><\/tr><tr><td>MBS1224<\/td><td>1200<\/td><td>2400<\/td><td>36<\/td><td>\u226425<\/td><td>0.833-0.147<\/td><td>1.1-4.9<\/td><td>30<\/td><td>13.9<\/td><\/tr><tr><td>MBS1530<\/td><td>1500<\/td><td>3000<\/td><td>29.7<\/td><td>\u226425<\/td><td>0.833-0.147<\/td><td>2.4-7.5<\/td><td>75<\/td><td>19.8<\/td><\/tr><tr><td>MBS1830<\/td><td>1830<\/td><td>3000<\/td><td>25.4<\/td><td>\u226425<\/td><td>0.833-0.147<\/td><td>4.8-11.6<\/td><td>130<\/td><td>34.9<\/td><\/tr><tr><td>MBS2130<\/td><td>2100<\/td><td>3000<\/td><td>23.7<\/td><td>\u226425<\/td><td>0.833-0.147<\/td><td>14-35<\/td><td>155<\/td><td>46.5<\/td><\/tr><tr><td>MBS2136<\/td><td>2100<\/td><td>3600<\/td><td>23.7<\/td><td>\u226425<\/td><td>0.833-0.147<\/td><td>19-43<\/td><td>180<\/td><td>48.7<\/td><\/tr><tr><td>MBS2430<\/td><td>2400<\/td><td>3000<\/td><td>21<\/td><td>\u226450<\/td><td>0.833-0.147<\/td><td>25-65<\/td><td>245<\/td><td>59.7<\/td><\/tr><tr><td>MBS2736<\/td><td>2700<\/td><td>3600<\/td><td>20.7<\/td><td>\u226450<\/td><td>0.833-0.147<\/td><td>32-86<\/td><td>380<\/td><td>92.5<\/td><\/tr><tr><td>MBS2740<\/td><td>2700<\/td><td>4000<\/td><td>20.7<\/td><td>\u226450<\/td><td>0.833-0.147<\/td><td>32-92<\/td><td>400<\/td><td>95<\/td><\/tr><tr><td>MBS3245<\/td><td>3200<\/td><td>4500<\/td><td>18<\/td><td>\u226450<\/td><td>0.833-0.147<\/td><td>64-180<\/td><td>630<\/td><td>149<\/td><\/tr><\/tbody><\/table><\/figure>\n\n\n<div class=\"gb-container gb-container-263d9700\">\n\n<a class=\"gb-button gb-button-a4cbb7be gb-button-text\" href=\"#popmake-622\">Obtener presupuesto gratuito<\/a>\n\n<\/div>\n<\/div>\n<\/div>","protected":false},"excerpt":{"rendered":"<p>Rod sand making machine Rod sand making machine characteristic The particle size of the product is relatively uniform, and the over-crushed ore particles are less. When used for rough grinding, the processing capacity of the rod mill is greater than that of the ball mill of the same specification. Rod sand making machine working principle &#8230; <\/p>\n<p class=\"read-more-container\"><a title=\"2-1. M\u00e1quina de fabricaci\u00f3n de arena de varilla\" class=\"read-more button\" href=\"https:\/\/hengxingmachinery.com\/es\/rod-sand-making-machine\/#more-2374\" aria-label=\"Leer m\u00e1s sobre 2-1. Rod sand making machine\">Leer m\u00e1s<\/a><\/p>","protected":false},"author":1,"featured_media":0,"parent":0,"menu_order":0,"comment_status":"closed","ping_status":"closed","template":"","meta":{"footnotes":""},"class_list":["post-2374","page","type-page","status-publish"],"yoast_head":"<!-- This site is optimized with the Yoast SEO plugin v27.4 - https:\/\/yoast.com\/product\/yoast-seo-wordpress\/ -->\n<title>2-1. Rod sand making machine - Hengxing Machinery<\/title>\n<meta name=\"robots\" content=\"index, follow, max-snippet:-1, max-image-preview:large, max-video-preview:-1\" \/>\n<link rel=\"canonical\" href=\"https:\/\/hengxingmachinery.com\/es\/rod-sand-making-machine\/\" \/>\n<meta property=\"og:locale\" content=\"es_ES\" \/>\n<meta property=\"og:type\" content=\"article\" \/>\n<meta property=\"og:title\" content=\"2-1. Rod sand making machine - Hengxing Machinery\" \/>\n<meta property=\"og:description\" content=\"Rod sand making machine Rod sand making machine characteristic The particle size of the product is relatively uniform, and the over-crushed ore particles are less. When used for rough grinding, the processing capacity of the rod mill is greater than that of the ball mill of the same specification. Rod sand making machine working principle ... Leer m\u00e1s\" \/>\n<meta property=\"og:url\" content=\"https:\/\/hengxingmachinery.com\/es\/rod-sand-making-machine\/\" \/>\n<meta property=\"og:site_name\" content=\"Hengxing Machinery\" \/>\n<meta property=\"article:modified_time\" content=\"2025-03-20T07:08:22+00:00\" \/>\n<meta property=\"og:image\" content=\"https:\/\/hengxingmachinery.com\/wp-content\/uploads\/2025\/03\/rod-sand-making-machine-for-sale.jpg\" \/>\n<meta name=\"twitter:card\" content=\"summary_large_image\" \/>\n<meta name=\"twitter:label1\" content=\"Tiempo de lectura\" \/>\n\t<meta name=\"twitter:data1\" content=\"3 minutos\" \/>\n<script type=\"application\/ld+json\" class=\"yoast-schema-graph\">{\"@context\":\"https:\\\/\\\/schema.org\",\"@graph\":[{\"@type\":\"WebPage\",\"@id\":\"https:\\\/\\\/hengxingmachinery.com\\\/rod-sand-making-machine\\\/\",\"url\":\"https:\\\/\\\/hengxingmachinery.com\\\/rod-sand-making-machine\\\/\",\"name\":\"2-1. Rod sand making machine - Hengxing Machinery\",\"isPartOf\":{\"@id\":\"https:\\\/\\\/hengxingmachinery.com\\\/#website\"},\"primaryImageOfPage\":{\"@id\":\"https:\\\/\\\/hengxingmachinery.com\\\/rod-sand-making-machine\\\/#primaryimage\"},\"image\":{\"@id\":\"https:\\\/\\\/hengxingmachinery.com\\\/rod-sand-making-machine\\\/#primaryimage\"},\"thumbnailUrl\":\"https:\\\/\\\/hengxingmachinery.com\\\/wp-content\\\/uploads\\\/2025\\\/03\\\/rod-sand-making-machine-for-sale.jpg\",\"datePublished\":\"2025-03-20T07:07:12+00:00\",\"dateModified\":\"2025-03-20T07:08:22+00:00\",\"breadcrumb\":{\"@id\":\"https:\\\/\\\/hengxingmachinery.com\\\/rod-sand-making-machine\\\/#breadcrumb\"},\"inLanguage\":\"es\",\"potentialAction\":[{\"@type\":\"ReadAction\",\"target\":[\"https:\\\/\\\/hengxingmachinery.com\\\/rod-sand-making-machine\\\/\"]}]},{\"@type\":\"ImageObject\",\"inLanguage\":\"es\",\"@id\":\"https:\\\/\\\/hengxingmachinery.com\\\/rod-sand-making-machine\\\/#primaryimage\",\"url\":\"https:\\\/\\\/hengxingmachinery.com\\\/wp-content\\\/uploads\\\/2025\\\/03\\\/rod-sand-making-machine-for-sale.jpg\",\"contentUrl\":\"https:\\\/\\\/hengxingmachinery.com\\\/wp-content\\\/uploads\\\/2025\\\/03\\\/rod-sand-making-machine-for-sale.jpg\"},{\"@type\":\"BreadcrumbList\",\"@id\":\"https:\\\/\\\/hengxingmachinery.com\\\/rod-sand-making-machine\\\/#breadcrumb\",\"itemListElement\":[{\"@type\":\"ListItem\",\"position\":1,\"name\":\"Home\",\"item\":\"https:\\\/\\\/hengxingmachinery.com\\\/\"},{\"@type\":\"ListItem\",\"position\":2,\"name\":\"2-1. Rod sand making machine\"}]},{\"@type\":\"WebSite\",\"@id\":\"https:\\\/\\\/hengxingmachinery.com\\\/#website\",\"url\":\"https:\\\/\\\/hengxingmachinery.com\\\/\",\"name\":\"Hengxing Machinery\",\"description\":\"Leading Manufacturer of All Sorts of Mining Machinery\",\"publisher\":{\"@id\":\"https:\\\/\\\/hengxingmachinery.com\\\/#organization\"},\"potentialAction\":[{\"@type\":\"SearchAction\",\"target\":{\"@type\":\"EntryPoint\",\"urlTemplate\":\"https:\\\/\\\/hengxingmachinery.com\\\/?s={search_term_string}\"},\"query-input\":{\"@type\":\"PropertyValueSpecification\",\"valueRequired\":true,\"valueName\":\"search_term_string\"}}],\"inLanguage\":\"es\"},{\"@type\":\"Organization\",\"@id\":\"https:\\\/\\\/hengxingmachinery.com\\\/#organization\",\"name\":\"Hengxing Machinery\",\"url\":\"https:\\\/\\\/hengxingmachinery.com\\\/\",\"logo\":{\"@type\":\"ImageObject\",\"inLanguage\":\"es\",\"@id\":\"https:\\\/\\\/hengxingmachinery.com\\\/#\\\/schema\\\/logo\\\/image\\\/\",\"url\":\"https:\\\/\\\/hengxingmachinery.com\\\/wp-content\\\/uploads\\\/2024\\\/12\\\/logo.png\",\"contentUrl\":\"https:\\\/\\\/hengxingmachinery.com\\\/wp-content\\\/uploads\\\/2024\\\/12\\\/logo.png\",\"width\":400,\"height\":260,\"caption\":\"Hengxing Machinery\"},\"image\":{\"@id\":\"https:\\\/\\\/hengxingmachinery.com\\\/#\\\/schema\\\/logo\\\/image\\\/\"}}]}<\/script>\n<!-- \/ Yoast SEO plugin. -->","yoast_head_json":{"title":"2-1. M\u00e1quina para fabricar arena de varilla - Hengxing Machinery","robots":{"index":"index","follow":"follow","max-snippet":"max-snippet:-1","max-image-preview":"max-image-preview:large","max-video-preview":"max-video-preview:-1"},"canonical":"https:\/\/hengxingmachinery.com\/es\/rod-sand-making-machine\/","og_locale":"es_ES","og_type":"article","og_title":"2-1. Rod sand making machine - Hengxing Machinery","og_description":"Rod sand making machine Rod sand making machine characteristic The particle size of the product is relatively uniform, and the over-crushed ore particles are less. When used for rough grinding, the processing capacity of the rod mill is greater than that of the ball mill of the same specification. Rod sand making machine working principle ... Leer m\u00e1s","og_url":"https:\/\/hengxingmachinery.com\/es\/rod-sand-making-machine\/","og_site_name":"Hengxing Machinery","article_modified_time":"2025-03-20T07:08:22+00:00","og_image":[{"url":"https:\/\/hengxingmachinery.com\/wp-content\/uploads\/2025\/03\/rod-sand-making-machine-for-sale.jpg","type":"","width":"","height":""}],"twitter_card":"summary_large_image","twitter_misc":{"Tiempo de lectura":"3 minutos"},"schema":{"@context":"https:\/\/schema.org","@graph":[{"@type":"WebPage","@id":"https:\/\/hengxingmachinery.com\/rod-sand-making-machine\/","url":"https:\/\/hengxingmachinery.com\/rod-sand-making-machine\/","name":"2-1. M\u00e1quina para fabricar arena de varilla - Hengxing Machinery","isPartOf":{"@id":"https:\/\/hengxingmachinery.com\/#website"},"primaryImageOfPage":{"@id":"https:\/\/hengxingmachinery.com\/rod-sand-making-machine\/#primaryimage"},"image":{"@id":"https:\/\/hengxingmachinery.com\/rod-sand-making-machine\/#primaryimage"},"thumbnailUrl":"https:\/\/hengxingmachinery.com\/wp-content\/uploads\/2025\/03\/rod-sand-making-machine-for-sale.jpg","datePublished":"2025-03-20T07:07:12+00:00","dateModified":"2025-03-20T07:08:22+00:00","breadcrumb":{"@id":"https:\/\/hengxingmachinery.com\/rod-sand-making-machine\/#breadcrumb"},"inLanguage":"es","potentialAction":[{"@type":"ReadAction","target":["https:\/\/hengxingmachinery.com\/rod-sand-making-machine\/"]}]},{"@type":"ImageObject","inLanguage":"es","@id":"https:\/\/hengxingmachinery.com\/rod-sand-making-machine\/#primaryimage","url":"https:\/\/hengxingmachinery.com\/wp-content\/uploads\/2025\/03\/rod-sand-making-machine-for-sale.jpg","contentUrl":"https:\/\/hengxingmachinery.com\/wp-content\/uploads\/2025\/03\/rod-sand-making-machine-for-sale.jpg"},{"@type":"BreadcrumbList","@id":"https:\/\/hengxingmachinery.com\/rod-sand-making-machine\/#breadcrumb","itemListElement":[{"@type":"ListItem","position":1,"name":"Home","item":"https:\/\/hengxingmachinery.com\/"},{"@type":"ListItem","position":2,"name":"2-1. Rod sand making machine"}]},{"@type":"WebSite","@id":"https:\/\/hengxingmachinery.com\/#website","url":"https:\/\/hengxingmachinery.com\/","name":"Maquinaria Hengxing","description":"Fabricante l\u00edder de todo tipo de maquinaria minera","publisher":{"@id":"https:\/\/hengxingmachinery.com\/#organization"},"potentialAction":[{"@type":"SearchAction","target":{"@type":"EntryPoint","urlTemplate":"https:\/\/hengxingmachinery.com\/?s={search_term_string}"},"query-input":{"@type":"PropertyValueSpecification","valueRequired":true,"valueName":"search_term_string"}}],"inLanguage":"es"},{"@type":"Organization","@id":"https:\/\/hengxingmachinery.com\/#organization","name":"Maquinaria Hengxing","url":"https:\/\/hengxingmachinery.com\/","logo":{"@type":"ImageObject","inLanguage":"es","@id":"https:\/\/hengxingmachinery.com\/#\/schema\/logo\/image\/","url":"https:\/\/hengxingmachinery.com\/wp-content\/uploads\/2024\/12\/logo.png","contentUrl":"https:\/\/hengxingmachinery.com\/wp-content\/uploads\/2024\/12\/logo.png","width":400,"height":260,"caption":"Hengxing Machinery"},"image":{"@id":"https:\/\/hengxingmachinery.com\/#\/schema\/logo\/image\/"}}]}},"_links":{"self":[{"href":"https:\/\/hengxingmachinery.com\/es\/wp-json\/wp\/v2\/pages\/2374","targetHints":{"allow":["GET"]}}],"collection":[{"href":"https:\/\/hengxingmachinery.com\/es\/wp-json\/wp\/v2\/pages"}],"about":[{"href":"https:\/\/hengxingmachinery.com\/es\/wp-json\/wp\/v2\/types\/page"}],"author":[{"embeddable":true,"href":"https:\/\/hengxingmachinery.com\/es\/wp-json\/wp\/v2\/users\/1"}],"replies":[{"embeddable":true,"href":"https:\/\/hengxingmachinery.com\/es\/wp-json\/wp\/v2\/comments?post=2374"}],"version-history":[{"count":5,"href":"https:\/\/hengxingmachinery.com\/es\/wp-json\/wp\/v2\/pages\/2374\/revisions"}],"predecessor-version":[{"id":2395,"href":"https:\/\/hengxingmachinery.com\/es\/wp-json\/wp\/v2\/pages\/2374\/revisions\/2395"}],"wp:attachment":[{"href":"https:\/\/hengxingmachinery.com\/es\/wp-json\/wp\/v2\/media?parent=2374"}],"curies":[{"name":"wp","href":"https:\/\/api.w.org\/{rel}","templated":true}]}}