{"id":2398,"date":"2025-03-20T08:08:19","date_gmt":"2025-03-20T08:08:19","guid":{"rendered":"https:\/\/hengxingmachinery.com\/?page_id=2398"},"modified":"2025-03-20T08:11:52","modified_gmt":"2025-03-20T08:11:52","slug":"stone-washer","status":"publish","type":"page","link":"https:\/\/hengxingmachinery.com\/es\/stone-washer\/","title":{"rendered":"2-1. Lavadora de piedras"},"content":{"rendered":"<div class=\"gb-container gb-container-45165f5a\">\n<div class=\"gb-container gb-container-c2652eb4\">\n\n<h1 class=\"gb-headline gb-headline-62a8b2cc gb-headline-text\">Lavadora de piedra<\/h1>\n\n<\/div>\n<\/div>\n\n<div class=\"gb-container gb-container-519cf624\">\n<div class=\"gb-container gb-container-71ca071e\">\n<div class=\"gb-grid-wrapper gb-grid-wrapper-8a5f0688\">\n<div class=\"gb-grid-column gb-grid-column-1e99b1c2\"><div class=\"gb-container gb-container-1e99b1c2\">\n\n<figure class=\"gb-block-image gb-block-image-e4eaba54\"><img decoding=\"async\" width=\"665\" height=\"545\" class=\"gb-image gb-image-e4eaba54\" src=\"https:\/\/hengxingmachinery.com\/wp-content\/uploads\/2025\/03\/stone-washer-for-sale.jpg\" alt=\"\" title=\"lavadora de piedras en venta\" srcset=\"https:\/\/hengxingmachinery.com\/wp-content\/uploads\/2025\/03\/stone-washer-for-sale.jpg 665w, https:\/\/hengxingmachinery.com\/wp-content\/uploads\/2025\/03\/stone-washer-for-sale-300x246.jpg 300w, https:\/\/hengxingmachinery.com\/wp-content\/uploads\/2025\/03\/stone-washer-for-sale-15x12.jpg 15w\" sizes=\"(max-width: 665px) 100vw, 665px\" \/><\/figure>\n\n<\/div><\/div>\n\n<div class=\"gb-grid-column gb-grid-column-bcae065b\"><div class=\"gb-container gb-container-bcae065b\">\n\n<p>Una lavadora de piedras, tambi\u00e9n llamada m\u00e1quina de lavado de piedras, se utiliza principalmente para eliminar impurezas (como polvo) de productos de arena. Debido a que principalmente se lava con agua, se denomina m\u00e1quina de lavado de piedras.<\/p>\n\n\n<div class=\"gb-grid-wrapper gb-grid-wrapper-eebec76e\">\n<div class=\"gb-grid-column gb-grid-column-e3ada2f0\"><div class=\"gb-container gb-container-e3ada2f0\">\n\n<p class=\"gb-headline gb-headline-4c79a90a gb-headline-text\"><strong><mark style=\"background-color:rgba(0, 0, 0, 0)\" class=\"has-inline-color has-global-color-8-color\">Poder:<\/mark><\/strong> 11-45kW<\/p>\n\n<\/div><\/div>\n\n<div class=\"gb-grid-column gb-grid-column-0bb00826\"><div class=\"gb-container gb-container-0bb00826\">\n\n<p class=\"gb-headline gb-headline-86d53f56 gb-headline-text\"><mark style=\"background-color:rgba(0, 0, 0, 0)\" class=\"has-inline-color has-global-color-8-color\"><strong>Capacidad:<\/strong><\/mark> 30-500t\/h<\/p>\n\n<\/div><\/div>\n<\/div>\n\n\n<p class=\"gb-headline gb-headline-2750f5a7 gb-headline-text\"><\/p>\n\n\n\n<p><strong><mark style=\"background-color:rgba(0, 0, 0, 0)\" class=\"has-inline-color has-global-color-8-color\">Materiales adaptados: <\/mark><\/strong>Guijarros de r\u00edo, cantos rodados, piedra caliza, granito, arena de cuarzo, arena natural, arena de m\u00e1quina, arena de r\u00edo, etc.<\/p>\n\n\n\n<p><strong><mark style=\"background-color:rgba(0, 0, 0, 0)\" class=\"has-inline-color has-global-color-8-color\">Aplicaciones:<\/mark><\/strong> Ampliamente utilizada en las operaciones de dise\u00f1o y cribado de grandes cantidades de arena y grava empleadas en obras de construcci\u00f3n, plantas de arena y grava, plantas de prefabricados y obras hidroel\u00e9ctricas; tambi\u00e9n puede utilizarse en operaciones de clasificaci\u00f3n de minerales.<\/p>\n\n\n<div class=\"gb-container gb-container-256e15f1\">\n\n<a class=\"gb-button gb-button-e8b73d89 gb-button-text\" href=\"#popmake-622\">Obtener presupuesto gratuito<\/a>\n\n<\/div>\n<\/div><\/div>\n<\/div>\n<\/div>\n<\/div>\n\n<div class=\"gb-container gb-container-9fffbccc\">\n<div class=\"gb-container gb-container-ec063deb\">\n\n<h2 class=\"gb-headline gb-headline-e59ad497 gb-headline-text\">Estructura de la lavadora de piedras<\/h2>\n\n\n\n<p>La lavadora de piedras est\u00e1 compuesta por un motor, un tanque, un eje, una paleta espiral, un reductor y un soporte. El soporte est\u00e1 soldado al eje, y la paleta espiral se instala y se fija con pernos para evitar que la paleta se deforme o se pandee.<\/p>\n\n<\/div>\n<\/div>\n\n<div class=\"gb-container gb-container-44d3b6be\">\n<div class=\"gb-container gb-container-cb594cef\">\n\n<h2 class=\"gb-headline gb-headline-43634316 gb-headline-text\">Caracter\u00edsticas de la lavadora de piedras<\/h2>\n\n\n\n<figure class=\"gb-block-image gb-block-image-1f90b8d3\"><img decoding=\"async\" width=\"600\" height=\"500\" class=\"gb-image gb-image-1f90b8d3\" src=\"https:\/\/hengxingmachinery.com\/wp-content\/uploads\/2025\/03\/stone-washer.jpg\" alt=\"\" title=\"lavadora de piedras\" srcset=\"https:\/\/hengxingmachinery.com\/wp-content\/uploads\/2025\/03\/stone-washer.jpg 600w, https:\/\/hengxingmachinery.com\/wp-content\/uploads\/2025\/03\/stone-washer-300x250.jpg 300w, https:\/\/hengxingmachinery.com\/wp-content\/uploads\/2025\/03\/stone-washer-14x12.jpg 14w\" sizes=\"(max-width: 600px) 100vw, 600px\" \/><\/figure>\n\n\n\n<p><strong>Alto grado de integraci\u00f3n<\/strong><\/p>\n\n\n\n<p>Excepto la cinta transportadora apiladora de material terminado, todos los sistemas est\u00e1n integrados en un bastidor general, lo que no solo garantiza la integridad del equipo, sino que tambi\u00e9n deja un espacio moderado para mantenimiento e inspecci\u00f3n. El alto grado de integraci\u00f3n facilita el almacenamiento en la obra o la transferencia y transporte, siendo conveniente y estable.<\/p>\n\n\n\n<p><strong>Fiabilidad operativa<\/strong><\/p>\n\n\n\n<p>El sistema central de lavado de piedras adopta el principio de mezcla de la batidora. Las materias primas son volteadas y empujadas por las paletas espirales continuas y la fricci\u00f3n entre los materiales en el tambor de mezcla, lo que tiene un efecto potente, natural y de alta fiabilidad.<\/p>\n\n\n<div class=\"gb-container gb-container-a3629fb4\">\n\n<a class=\"gb-button gb-button-193549b0 gb-button-text\" href=\"#popmake-622\">Obtener presupuesto gratuito<\/a>\n\n<\/div>\n<\/div>\n<\/div>\n\n<div class=\"gb-container gb-container-3a930c38\">\n<div class=\"gb-container gb-container-8a36e90a\">\n\n<h2 class=\"gb-headline gb-headline-a5d3273c gb-headline-text\">Principio de funcionamiento de la lavadora de piedras<\/h2>\n\n\n\n<figure class=\"gb-block-image gb-block-image-1c359176\"><img decoding=\"async\" width=\"800\" height=\"600\" class=\"gb-image gb-image-1c359176\" src=\"https:\/\/hengxingmachinery.com\/wp-content\/uploads\/2025\/03\/stone-washing-machine.jpg\" alt=\"\" title=\"m\u00e1quina de lavado de piedras\" srcset=\"https:\/\/hengxingmachinery.com\/wp-content\/uploads\/2025\/03\/stone-washing-machine.jpg 800w, https:\/\/hengxingmachinery.com\/wp-content\/uploads\/2025\/03\/stone-washing-machine-300x225.jpg 300w, https:\/\/hengxingmachinery.com\/wp-content\/uploads\/2025\/03\/stone-washing-machine-768x576.jpg 768w, https:\/\/hengxingmachinery.com\/wp-content\/uploads\/2025\/03\/stone-washing-machine-16x12.jpg 16w\" sizes=\"(max-width: 800px) 100vw, 800px\" \/><\/figure>\n\n\n\n<p>El \u00e1rido que contiene lodo y polvo de piedra se alimenta por la boca de entrada y entra en el tambor giratorio. El revestimiento de goma resistente al desgaste, instalado con un cierto \u00e1ngulo en el tambor de limpieza, eleva y deja caer continuamente el material, movi\u00e9ndolo desde el extremo de alimentaci\u00f3n hasta el de descarga. Durante el proceso, circula m\u00faltiples veces y se enjuaga y lava con agua de lavado en flujo directo o inverso. El \u00e1rido limpio se criba y deshidrata mediante el tamiz cil\u00edndrico del extremo de descarga y luego se descarga. Las aguas residuales que contienen lodo fluyen hacia fuera a trav\u00e9s del deflector perforado en el extremo de descarga o de alimentaci\u00f3n.<\/p>\n\n\n<div class=\"gb-container gb-container-96208927\">\n\n<a class=\"gb-button gb-button-429870c5 gb-button-text\" href=\"#popmake-622\">Obtener presupuesto gratuito<\/a>\n\n<\/div>\n<\/div>\n<\/div>\n\n<div class=\"gb-container gb-container-435ad261\">\n<div class=\"gb-container gb-container-7dc79cc4\">\n\n<h2 class=\"gb-headline gb-headline-6fe5dee2 gb-headline-text\">Especificaciones de la lavadora de piedras<\/h2>\n\n\n\n<figure class=\"wp-block-table is-style-stripes\"><table class=\"has-fixed-layout\"><tbody><tr><td><strong>Modelo<\/strong><\/td><td>1048<\/td><td>1260<\/td><td>1580<\/td><td>1890<\/td><td>2010<\/td><td>2214<\/td><\/tr><tr><td><strong>Di\u00e1metro del tambor (mm)<\/strong><\/td><td>1000<\/td><td>1200<\/td><td>1500<\/td><td>1800<\/td><td>2000<\/td><td>2200<\/td><\/tr><tr><td><strong>Longitud (mm)<\/strong><\/td><td>4800<\/td><td>6000<\/td><td>8000<\/td><td>9000<\/td><td>10000<\/td><td>14000<\/td><\/tr><tr><td><strong>Velocidad de rotaci\u00f3n (r\/min)<\/strong><\/td><td>15-30<\/td><td>10-25<\/td><td>10-25<\/td><td>8-22<\/td><td>8-22<\/td><td>6-17<\/td><\/tr><tr><td><strong>Capacidad (T\/H)<\/strong><\/td><td>30-50<\/td><td>40-70<\/td><td>100-160<\/td><td>180-250<\/td><td>250-350<\/td><td>300-500<\/td><\/tr><tr><td><strong>Potencia (KW)<\/strong><\/td><td>11<\/td><td>15<\/td><td>22<\/td><td>30<\/td><td>37<\/td><td>45<\/td><\/tr><tr><td><strong>Longitud (m)<\/strong><\/td><td>6212<\/td><td>7250<\/td><td>8320<\/td><td>9380<\/td><td>10500<\/td><td>14600<\/td><\/tr><tr><td><strong>Ancho (m)<\/strong><\/td><td>1350<\/td><td>1560<\/td><td>1860<\/td><td>2220<\/td><td>2430<\/td><td>2640<\/td><\/tr><tr><td><strong>Altura (m)<\/strong><\/td><td>1550<\/td><td>1700<\/td><td>2150<\/td><td>2510<\/td><td>2860<\/td><td>2950<\/td><\/tr><tr><td><strong>Peso (Toneladas)<\/strong><\/td><td>5.3<\/td><td>8.5<\/td><td>11.5<\/td><td>17.5<\/td><td>22.3<\/td><td>31.5<\/td><\/tr><\/tbody><\/table><\/figure>\n\n\n<div class=\"gb-container gb-container-263d9700\">\n\n<a class=\"gb-button gb-button-a4cbb7be gb-button-text\" href=\"#popmake-622\">Obtener presupuesto gratuito<\/a>\n\n<\/div>\n<\/div>\n<\/div>","protected":false},"excerpt":{"rendered":"<p>Stone washer Stone washer structure The stone washing machine is composed of a motor, a tank, a shaft, a spiral blade, a reducer, and a bracket. The bracket is welded to the shaft, and the screw blade is installed and compressed with bolts to prevent the blade from deforming or sagging. Stone washer characteristics Highly &#8230; <\/p>\n<p class=\"read-more-container\"><a title=\"2-1. Lavadora de piedras\" class=\"read-more button\" href=\"https:\/\/hengxingmachinery.com\/es\/stone-washer\/#more-2398\" aria-label=\"Leer m\u00e1s sobre 2-1. Stone washer\">Leer m\u00e1s<\/a><\/p>","protected":false},"author":1,"featured_media":0,"parent":0,"menu_order":0,"comment_status":"closed","ping_status":"closed","template":"","meta":{"footnotes":""},"class_list":["post-2398","page","type-page","status-publish"],"yoast_head":"<!-- This site is optimized with the Yoast SEO plugin v27.4 - https:\/\/yoast.com\/product\/yoast-seo-wordpress\/ -->\n<title>2-1. Stone washer - Hengxing Machinery<\/title>\n<meta name=\"robots\" content=\"index, follow, max-snippet:-1, max-image-preview:large, max-video-preview:-1\" \/>\n<link rel=\"canonical\" href=\"https:\/\/hengxingmachinery.com\/es\/stone-washer\/\" \/>\n<meta property=\"og:locale\" content=\"es_ES\" \/>\n<meta property=\"og:type\" content=\"article\" \/>\n<meta property=\"og:title\" content=\"2-1. Stone washer - Hengxing Machinery\" \/>\n<meta property=\"og:description\" content=\"Stone washer Stone washer structure The stone washing machine is composed of a motor, a tank, a shaft, a spiral blade, a reducer, and a bracket. The bracket is welded to the shaft, and the screw blade is installed and compressed with bolts to prevent the blade from deforming or sagging. Stone washer characteristics Highly ... Leer m\u00e1s\" \/>\n<meta property=\"og:url\" content=\"https:\/\/hengxingmachinery.com\/es\/stone-washer\/\" \/>\n<meta property=\"og:site_name\" content=\"Hengxing Machinery\" \/>\n<meta property=\"article:modified_time\" content=\"2025-03-20T08:11:52+00:00\" \/>\n<meta property=\"og:image\" content=\"https:\/\/hengxingmachinery.com\/wp-content\/uploads\/2025\/03\/stone-washer-for-sale.jpg\" \/>\n<meta name=\"twitter:card\" content=\"summary_large_image\" \/>\n<meta name=\"twitter:label1\" content=\"Tiempo de lectura\" \/>\n\t<meta name=\"twitter:data1\" content=\"3 minutos\" \/>\n<script type=\"application\/ld+json\" class=\"yoast-schema-graph\">{\"@context\":\"https:\\\/\\\/schema.org\",\"@graph\":[{\"@type\":\"WebPage\",\"@id\":\"https:\\\/\\\/hengxingmachinery.com\\\/stone-washer\\\/\",\"url\":\"https:\\\/\\\/hengxingmachinery.com\\\/stone-washer\\\/\",\"name\":\"2-1. Stone washer - Hengxing Machinery\",\"isPartOf\":{\"@id\":\"https:\\\/\\\/hengxingmachinery.com\\\/#website\"},\"primaryImageOfPage\":{\"@id\":\"https:\\\/\\\/hengxingmachinery.com\\\/stone-washer\\\/#primaryimage\"},\"image\":{\"@id\":\"https:\\\/\\\/hengxingmachinery.com\\\/stone-washer\\\/#primaryimage\"},\"thumbnailUrl\":\"https:\\\/\\\/hengxingmachinery.com\\\/wp-content\\\/uploads\\\/2025\\\/03\\\/stone-washer-for-sale.jpg\",\"datePublished\":\"2025-03-20T08:08:19+00:00\",\"dateModified\":\"2025-03-20T08:11:52+00:00\",\"breadcrumb\":{\"@id\":\"https:\\\/\\\/hengxingmachinery.com\\\/stone-washer\\\/#breadcrumb\"},\"inLanguage\":\"es\",\"potentialAction\":[{\"@type\":\"ReadAction\",\"target\":[\"https:\\\/\\\/hengxingmachinery.com\\\/stone-washer\\\/\"]}]},{\"@type\":\"ImageObject\",\"inLanguage\":\"es\",\"@id\":\"https:\\\/\\\/hengxingmachinery.com\\\/stone-washer\\\/#primaryimage\",\"url\":\"https:\\\/\\\/hengxingmachinery.com\\\/wp-content\\\/uploads\\\/2025\\\/03\\\/stone-washer-for-sale.jpg\",\"contentUrl\":\"https:\\\/\\\/hengxingmachinery.com\\\/wp-content\\\/uploads\\\/2025\\\/03\\\/stone-washer-for-sale.jpg\"},{\"@type\":\"BreadcrumbList\",\"@id\":\"https:\\\/\\\/hengxingmachinery.com\\\/stone-washer\\\/#breadcrumb\",\"itemListElement\":[{\"@type\":\"ListItem\",\"position\":1,\"name\":\"Home\",\"item\":\"https:\\\/\\\/hengxingmachinery.com\\\/\"},{\"@type\":\"ListItem\",\"position\":2,\"name\":\"2-1. Stone washer\"}]},{\"@type\":\"WebSite\",\"@id\":\"https:\\\/\\\/hengxingmachinery.com\\\/#website\",\"url\":\"https:\\\/\\\/hengxingmachinery.com\\\/\",\"name\":\"Hengxing Machinery\",\"description\":\"Leading Manufacturer of All Sorts of Mining Machinery\",\"publisher\":{\"@id\":\"https:\\\/\\\/hengxingmachinery.com\\\/#organization\"},\"potentialAction\":[{\"@type\":\"SearchAction\",\"target\":{\"@type\":\"EntryPoint\",\"urlTemplate\":\"https:\\\/\\\/hengxingmachinery.com\\\/?s={search_term_string}\"},\"query-input\":{\"@type\":\"PropertyValueSpecification\",\"valueRequired\":true,\"valueName\":\"search_term_string\"}}],\"inLanguage\":\"es\"},{\"@type\":\"Organization\",\"@id\":\"https:\\\/\\\/hengxingmachinery.com\\\/#organization\",\"name\":\"Hengxing Machinery\",\"url\":\"https:\\\/\\\/hengxingmachinery.com\\\/\",\"logo\":{\"@type\":\"ImageObject\",\"inLanguage\":\"es\",\"@id\":\"https:\\\/\\\/hengxingmachinery.com\\\/#\\\/schema\\\/logo\\\/image\\\/\",\"url\":\"https:\\\/\\\/hengxingmachinery.com\\\/wp-content\\\/uploads\\\/2024\\\/12\\\/logo.png\",\"contentUrl\":\"https:\\\/\\\/hengxingmachinery.com\\\/wp-content\\\/uploads\\\/2024\\\/12\\\/logo.png\",\"width\":400,\"height\":260,\"caption\":\"Hengxing Machinery\"},\"image\":{\"@id\":\"https:\\\/\\\/hengxingmachinery.com\\\/#\\\/schema\\\/logo\\\/image\\\/\"}}]}<\/script>\n<!-- \/ Yoast SEO plugin. -->","yoast_head_json":{"title":"2-1. Lavadora de piedra - Maquinaria Hengxing","robots":{"index":"index","follow":"follow","max-snippet":"max-snippet:-1","max-image-preview":"max-image-preview:large","max-video-preview":"max-video-preview:-1"},"canonical":"https:\/\/hengxingmachinery.com\/es\/stone-washer\/","og_locale":"es_ES","og_type":"article","og_title":"2-1. Stone washer - Hengxing Machinery","og_description":"Stone washer Stone washer structure The stone washing machine is composed of a motor, a tank, a shaft, a spiral blade, a reducer, and a bracket. The bracket is welded to the shaft, and the screw blade is installed and compressed with bolts to prevent the blade from deforming or sagging. Stone washer characteristics Highly ... Leer m\u00e1s","og_url":"https:\/\/hengxingmachinery.com\/es\/stone-washer\/","og_site_name":"Hengxing Machinery","article_modified_time":"2025-03-20T08:11:52+00:00","og_image":[{"url":"https:\/\/hengxingmachinery.com\/wp-content\/uploads\/2025\/03\/stone-washer-for-sale.jpg","type":"","width":"","height":""}],"twitter_card":"summary_large_image","twitter_misc":{"Tiempo de lectura":"3 minutos"},"schema":{"@context":"https:\/\/schema.org","@graph":[{"@type":"WebPage","@id":"https:\/\/hengxingmachinery.com\/stone-washer\/","url":"https:\/\/hengxingmachinery.com\/stone-washer\/","name":"2-1. Lavadora de piedra - Maquinaria Hengxing","isPartOf":{"@id":"https:\/\/hengxingmachinery.com\/#website"},"primaryImageOfPage":{"@id":"https:\/\/hengxingmachinery.com\/stone-washer\/#primaryimage"},"image":{"@id":"https:\/\/hengxingmachinery.com\/stone-washer\/#primaryimage"},"thumbnailUrl":"https:\/\/hengxingmachinery.com\/wp-content\/uploads\/2025\/03\/stone-washer-for-sale.jpg","datePublished":"2025-03-20T08:08:19+00:00","dateModified":"2025-03-20T08:11:52+00:00","breadcrumb":{"@id":"https:\/\/hengxingmachinery.com\/stone-washer\/#breadcrumb"},"inLanguage":"es","potentialAction":[{"@type":"ReadAction","target":["https:\/\/hengxingmachinery.com\/stone-washer\/"]}]},{"@type":"ImageObject","inLanguage":"es","@id":"https:\/\/hengxingmachinery.com\/stone-washer\/#primaryimage","url":"https:\/\/hengxingmachinery.com\/wp-content\/uploads\/2025\/03\/stone-washer-for-sale.jpg","contentUrl":"https:\/\/hengxingmachinery.com\/wp-content\/uploads\/2025\/03\/stone-washer-for-sale.jpg"},{"@type":"BreadcrumbList","@id":"https:\/\/hengxingmachinery.com\/stone-washer\/#breadcrumb","itemListElement":[{"@type":"ListItem","position":1,"name":"Home","item":"https:\/\/hengxingmachinery.com\/"},{"@type":"ListItem","position":2,"name":"2-1. Stone washer"}]},{"@type":"WebSite","@id":"https:\/\/hengxingmachinery.com\/#website","url":"https:\/\/hengxingmachinery.com\/","name":"Maquinaria Hengxing","description":"Fabricante l\u00edder de todo tipo de maquinaria minera","publisher":{"@id":"https:\/\/hengxingmachinery.com\/#organization"},"potentialAction":[{"@type":"SearchAction","target":{"@type":"EntryPoint","urlTemplate":"https:\/\/hengxingmachinery.com\/?s={search_term_string}"},"query-input":{"@type":"PropertyValueSpecification","valueRequired":true,"valueName":"search_term_string"}}],"inLanguage":"es"},{"@type":"Organization","@id":"https:\/\/hengxingmachinery.com\/#organization","name":"Maquinaria Hengxing","url":"https:\/\/hengxingmachinery.com\/","logo":{"@type":"ImageObject","inLanguage":"es","@id":"https:\/\/hengxingmachinery.com\/#\/schema\/logo\/image\/","url":"https:\/\/hengxingmachinery.com\/wp-content\/uploads\/2024\/12\/logo.png","contentUrl":"https:\/\/hengxingmachinery.com\/wp-content\/uploads\/2024\/12\/logo.png","width":400,"height":260,"caption":"Hengxing Machinery"},"image":{"@id":"https:\/\/hengxingmachinery.com\/#\/schema\/logo\/image\/"}}]}},"_links":{"self":[{"href":"https:\/\/hengxingmachinery.com\/es\/wp-json\/wp\/v2\/pages\/2398","targetHints":{"allow":["GET"]}}],"collection":[{"href":"https:\/\/hengxingmachinery.com\/es\/wp-json\/wp\/v2\/pages"}],"about":[{"href":"https:\/\/hengxingmachinery.com\/es\/wp-json\/wp\/v2\/types\/page"}],"author":[{"embeddable":true,"href":"https:\/\/hengxingmachinery.com\/es\/wp-json\/wp\/v2\/users\/1"}],"replies":[{"embeddable":true,"href":"https:\/\/hengxingmachinery.com\/es\/wp-json\/wp\/v2\/comments?post=2398"}],"version-history":[{"count":1,"href":"https:\/\/hengxingmachinery.com\/es\/wp-json\/wp\/v2\/pages\/2398\/revisions"}],"predecessor-version":[{"id":2409,"href":"https:\/\/hengxingmachinery.com\/es\/wp-json\/wp\/v2\/pages\/2398\/revisions\/2409"}],"wp:attachment":[{"href":"https:\/\/hengxingmachinery.com\/es\/wp-json\/wp\/v2\/media?parent=2398"}],"curies":[{"name":"wp","href":"https:\/\/api.w.org\/{rel}","templated":true}]}}