{"id":2399,"date":"2025-03-20T08:09:42","date_gmt":"2025-03-20T08:09:42","guid":{"rendered":"https:\/\/hengxingmachinery.com\/?page_id=2399"},"modified":"2025-03-20T08:13:53","modified_gmt":"2025-03-20T08:13:53","slug":"sand-making-production-lines","status":"publish","type":"page","link":"https:\/\/hengxingmachinery.com\/es\/sand-making-production-lines\/","title":{"rendered":"2-1. L\u00ednea de producci\u00f3n de fabricaci\u00f3n de arena"},"content":{"rendered":"<div class=\"gb-container gb-container-45165f5a\">\n<div class=\"gb-container gb-container-c2652eb4\">\n\n<h1 class=\"gb-headline gb-headline-62a8b2cc gb-headline-text\">L\u00ednea de producci\u00f3n para fabricaci\u00f3n de arena<\/h1>\n\n<\/div>\n<\/div>\n\n<div class=\"gb-container gb-container-519cf624\">\n<div class=\"gb-container gb-container-71ca071e\">\n<div class=\"gb-grid-wrapper gb-grid-wrapper-8a5f0688\">\n<div class=\"gb-grid-column gb-grid-column-1e99b1c2\"><div class=\"gb-container gb-container-1e99b1c2\">\n\n<figure class=\"gb-block-image gb-block-image-e4eaba54\"><img decoding=\"async\" width=\"665\" height=\"545\" class=\"gb-image gb-image-e4eaba54\" src=\"https:\/\/hengxingmachinery.com\/wp-content\/uploads\/2025\/03\/sand-making-production-line.jpg\" alt=\"\" title=\"L\u00ednea de producci\u00f3n de arena\" srcset=\"https:\/\/hengxingmachinery.com\/wp-content\/uploads\/2025\/03\/sand-making-production-line.jpg 665w, https:\/\/hengxingmachinery.com\/wp-content\/uploads\/2025\/03\/sand-making-production-line-300x246.jpg 300w, https:\/\/hengxingmachinery.com\/wp-content\/uploads\/2025\/03\/sand-making-production-line-15x12.jpg 15w\" sizes=\"(max-width: 665px) 100vw, 665px\" \/><\/figure>\n\n<\/div><\/div>\n\n<div class=\"gb-grid-column gb-grid-column-bcae065b\"><div class=\"gb-container gb-container-bcae065b\">\n\n<p><\/p>\n\n\n\n<p><\/p>\n\n\n\n<p>La l\u00ednea de producci\u00f3n de arena artificial est\u00e1 compuesta por una trituradora de mand\u00edbula, una trituradora VSI (m\u00e1quina para fabricar arena), una criba vibratoria (criba vibratoria circular), una lavadora de arena y un transportador de cinta. Seg\u00fan los diferentes requisitos del proceso, se utilizan los tipos de equipo apropiados para su configuraci\u00f3n, a fin de aprovechar al m\u00e1ximo su rendimiento.<\/p>\n\n\n\n<p><\/p>\n\n\n<div class=\"gb-container gb-container-256e15f1\">\n\n<a class=\"gb-button gb-button-e8b73d89 gb-button-text\" href=\"#popmake-622\">Obtener presupuesto gratuito<\/a>\n\n<\/div>\n<\/div><\/div>\n<\/div>\n<\/div>\n<\/div>\n\n<div class=\"gb-container gb-container-9fffbccc\">\n<div class=\"gb-container gb-container-ec063deb\">\n\n<h2 class=\"gb-headline gb-headline-e59ad497 gb-headline-text\">Proceso de la l\u00ednea de producci\u00f3n de fabricaci\u00f3n de arena<\/h2>\n\n\n\n<p>Primero, la piedra se tritura inicialmente mediante la trituradora gruesa (trituradora de mand\u00edbula gruesa). <\/p>\n\n\n\n<p>Luego, el material grueso producido se transporta mediante el transportador de cinta a la trituradora fina (trituradora de mand\u00edbula fina) para una trituraci\u00f3n adicional. La piedra finamente triturada se criba mediante la criba vibratoria, separando dos tipos de piedras: las que cumplen con la granulometr\u00eda de alimentaci\u00f3n del equipo de fabricaci\u00f3n de arena se destinan a la producci\u00f3n de arena mecanizada, mientras que la otra parte del material se devuelve para ser triturada nuevamente. <\/p>\n\n\n\n<p>Una parte de la grava del equipo de arenado se transforma en arena, la cual se limpia con una lavadora de arena (opcional) para obtener arena terminada. La otra parte del material en la m\u00e1quina de arenado se tritura nuevamente para producir diversos materiales arenosos que cumplan con los requisitos.<\/p>\n\n\n<div class=\"gb-container gb-container-031827ea\">\n\n<a class=\"gb-button gb-button-9af43ea0 gb-button-text\" href=\"#popmake-622\">Obtener presupuesto gratuito<\/a>\n\n<\/div>\n<\/div>\n<\/div>\n\n<div class=\"gb-container gb-container-44d3b6be\">\n<div class=\"gb-container gb-container-cb594cef\">\n\n<h2 class=\"gb-headline gb-headline-43634316 gb-headline-text\">Caracter\u00edsticas de la l\u00ednea de producci\u00f3n de fabricaci\u00f3n de arena<\/h2>\n\n\n\n<figure class=\"gb-block-image gb-block-image-1f90b8d3\"><img decoding=\"async\" width=\"800\" height=\"500\" class=\"gb-image gb-image-1f90b8d3\" src=\"https:\/\/hengxingmachinery.com\/wp-content\/uploads\/2025\/03\/sand-making-production.jpg\" alt=\"\" title=\"Producci\u00f3n de fabricaci\u00f3n de arena\" srcset=\"https:\/\/hengxingmachinery.com\/wp-content\/uploads\/2025\/03\/sand-making-production.jpg 800w, https:\/\/hengxingmachinery.com\/wp-content\/uploads\/2025\/03\/sand-making-production-300x188.jpg 300w, https:\/\/hengxingmachinery.com\/wp-content\/uploads\/2025\/03\/sand-making-production-768x480.jpg 768w, https:\/\/hengxingmachinery.com\/wp-content\/uploads\/2025\/03\/sand-making-production-18x12.jpg 18w\" sizes=\"(max-width: 800px) 100vw, 800px\" \/><\/figure>\n\n\n\n<p>1. Proceso de operaci\u00f3n totalmente automatizado, mayor eficiencia de producci\u00f3n, eficiencia laboral m\u00e1s optimizada, alto grado de automatizaci\u00f3n, gran relaci\u00f3n de trituraci\u00f3n, gran capacidad de procesamiento. El producto triturado tiene forma c\u00fabica, bajo contenido de part\u00edculas alargadas y laminares, sin grietas internas, y alta resistencia a la compresi\u00f3n, cumpliendo con el est\u00e1ndar nacional de arena para construcci\u00f3n.<\/p>\n\n\n\n<p>2. Un rango de aplicaciones m\u00e1s amplio. Se aplica con \u00e9xito a la trituraci\u00f3n y procesamiento de rocas como caliza, basalto, granito, guijarros, etc. La calidad del producto terminado despu\u00e9s de la trituraci\u00f3n puede alcanzar el est\u00e1ndar GB14685-2001, proporcionando \u00e1ridos calificados para industrias como carreteras de alto grado, ferrocarriles, obras hidr\u00e1ulicas y plantas de mezcla de concreto.<\/p>\n\n\n\n<p>3. El equipo de la l\u00ednea de producci\u00f3n de arena y grava requiere casi ninguna operaci\u00f3n manual, excepto para el arranque, parada y mantenimiento de rutina. Su eficiencia de producci\u00f3n es alta, los costos operativos son bajos, el rendimiento es grande y la rentabilidad es alta. La piedra terminada tiene un tama\u00f1o de part\u00edcula uniforme y buena forma, cumpliendo con los requisitos nacionales para materiales de carreteras de alta velocidad.<\/p>\n\n\n\n<p>4. En el dise\u00f1o del flujo de proceso del equipo de arena y grava, debido a la combinaci\u00f3n razonable de los equipos de trituraci\u00f3n en todos los niveles y a la disposici\u00f3n rigurosa del espacio cruzado, presenta un \u00e1rea peque\u00f1a, alta inversi\u00f3n y beneficios econ\u00f3micos, buena calidad del material de grava y una baja tasa de producci\u00f3n de polvo de piedra. Est\u00e1 equipado con un sistema de control electr\u00f3nico operativo avanzado que garantiza una descarga fluida en todo el proceso, operaci\u00f3n confiable, facilidad de uso y ahorro de energ\u00eda.<\/p>\n\n\n<div class=\"gb-container gb-container-a3629fb4\">\n\n<a class=\"gb-button gb-button-193549b0 gb-button-text\" href=\"#popmake-622\">Obtener presupuesto gratuito<\/a>\n\n<\/div>\n<\/div>\n<\/div>","protected":false},"excerpt":{"rendered":"<p>Sand making production line Sand making production line process First, the stone material is initially crushed by the coarse crusher (coarse jaw crusher). Then, the produced coarse material is conveyed by the belt conveyor to the fine crusher (fine crusher jaw crusher) for further crushing, and the finely crushed stone is vibrated two kinds of &#8230; <\/p>\n<p class=\"read-more-container\"><a title=\"2-1. L\u00ednea de producci\u00f3n de fabricaci\u00f3n de arena\" class=\"read-more button\" href=\"https:\/\/hengxingmachinery.com\/es\/sand-making-production-lines\/#more-2399\" aria-label=\"Leer m\u00e1s sobre 2-1. Sand making production line\">Leer m\u00e1s<\/a><\/p>","protected":false},"author":1,"featured_media":0,"parent":0,"menu_order":0,"comment_status":"closed","ping_status":"closed","template":"","meta":{"footnotes":""},"class_list":["post-2399","page","type-page","status-publish"],"yoast_head":"<!-- This site is optimized with the Yoast SEO plugin v27.4 - https:\/\/yoast.com\/product\/yoast-seo-wordpress\/ -->\n<title>2-1. Sand making production line - Hengxing Machinery<\/title>\n<meta name=\"robots\" content=\"index, follow, max-snippet:-1, max-image-preview:large, max-video-preview:-1\" \/>\n<link rel=\"canonical\" href=\"https:\/\/hengxingmachinery.com\/es\/sand-making-production-lines\/\" \/>\n<meta property=\"og:locale\" content=\"es_ES\" \/>\n<meta property=\"og:type\" content=\"article\" \/>\n<meta property=\"og:title\" content=\"2-1. Sand making production line - Hengxing Machinery\" \/>\n<meta property=\"og:description\" content=\"Sand making production line Sand making production line process First, the stone material is initially crushed by the coarse crusher (coarse jaw crusher). Then, the produced coarse material is conveyed by the belt conveyor to the fine crusher (fine crusher jaw crusher) for further crushing, and the finely crushed stone is vibrated two kinds of ... Leer m\u00e1s\" \/>\n<meta property=\"og:url\" content=\"https:\/\/hengxingmachinery.com\/es\/sand-making-production-lines\/\" \/>\n<meta property=\"og:site_name\" content=\"Hengxing Machinery\" \/>\n<meta property=\"article:modified_time\" content=\"2025-03-20T08:13:53+00:00\" \/>\n<meta property=\"og:image\" content=\"https:\/\/hengxingmachinery.com\/wp-content\/uploads\/2025\/03\/sand-making-production-line.jpg\" \/>\n<meta name=\"twitter:card\" content=\"summary_large_image\" \/>\n<meta name=\"twitter:label1\" content=\"Tiempo de lectura\" \/>\n\t<meta name=\"twitter:data1\" content=\"3 minutos\" \/>\n<script type=\"application\/ld+json\" class=\"yoast-schema-graph\">{\"@context\":\"https:\\\/\\\/schema.org\",\"@graph\":[{\"@type\":\"WebPage\",\"@id\":\"https:\\\/\\\/hengxingmachinery.com\\\/sand-making-production-lines\\\/\",\"url\":\"https:\\\/\\\/hengxingmachinery.com\\\/sand-making-production-lines\\\/\",\"name\":\"2-1. Sand making production line - Hengxing Machinery\",\"isPartOf\":{\"@id\":\"https:\\\/\\\/hengxingmachinery.com\\\/#website\"},\"primaryImageOfPage\":{\"@id\":\"https:\\\/\\\/hengxingmachinery.com\\\/sand-making-production-lines\\\/#primaryimage\"},\"image\":{\"@id\":\"https:\\\/\\\/hengxingmachinery.com\\\/sand-making-production-lines\\\/#primaryimage\"},\"thumbnailUrl\":\"https:\\\/\\\/hengxingmachinery.com\\\/wp-content\\\/uploads\\\/2025\\\/03\\\/sand-making-production-line.jpg\",\"datePublished\":\"2025-03-20T08:09:42+00:00\",\"dateModified\":\"2025-03-20T08:13:53+00:00\",\"breadcrumb\":{\"@id\":\"https:\\\/\\\/hengxingmachinery.com\\\/sand-making-production-lines\\\/#breadcrumb\"},\"inLanguage\":\"es\",\"potentialAction\":[{\"@type\":\"ReadAction\",\"target\":[\"https:\\\/\\\/hengxingmachinery.com\\\/sand-making-production-lines\\\/\"]}]},{\"@type\":\"ImageObject\",\"inLanguage\":\"es\",\"@id\":\"https:\\\/\\\/hengxingmachinery.com\\\/sand-making-production-lines\\\/#primaryimage\",\"url\":\"https:\\\/\\\/hengxingmachinery.com\\\/wp-content\\\/uploads\\\/2025\\\/03\\\/sand-making-production-line.jpg\",\"contentUrl\":\"https:\\\/\\\/hengxingmachinery.com\\\/wp-content\\\/uploads\\\/2025\\\/03\\\/sand-making-production-line.jpg\"},{\"@type\":\"BreadcrumbList\",\"@id\":\"https:\\\/\\\/hengxingmachinery.com\\\/sand-making-production-lines\\\/#breadcrumb\",\"itemListElement\":[{\"@type\":\"ListItem\",\"position\":1,\"name\":\"Home\",\"item\":\"https:\\\/\\\/hengxingmachinery.com\\\/\"},{\"@type\":\"ListItem\",\"position\":2,\"name\":\"2-1. Sand making production line\"}]},{\"@type\":\"WebSite\",\"@id\":\"https:\\\/\\\/hengxingmachinery.com\\\/#website\",\"url\":\"https:\\\/\\\/hengxingmachinery.com\\\/\",\"name\":\"Hengxing Machinery\",\"description\":\"Leading Manufacturer of All Sorts of Mining Machinery\",\"publisher\":{\"@id\":\"https:\\\/\\\/hengxingmachinery.com\\\/#organization\"},\"potentialAction\":[{\"@type\":\"SearchAction\",\"target\":{\"@type\":\"EntryPoint\",\"urlTemplate\":\"https:\\\/\\\/hengxingmachinery.com\\\/?s={search_term_string}\"},\"query-input\":{\"@type\":\"PropertyValueSpecification\",\"valueRequired\":true,\"valueName\":\"search_term_string\"}}],\"inLanguage\":\"es\"},{\"@type\":\"Organization\",\"@id\":\"https:\\\/\\\/hengxingmachinery.com\\\/#organization\",\"name\":\"Hengxing Machinery\",\"url\":\"https:\\\/\\\/hengxingmachinery.com\\\/\",\"logo\":{\"@type\":\"ImageObject\",\"inLanguage\":\"es\",\"@id\":\"https:\\\/\\\/hengxingmachinery.com\\\/#\\\/schema\\\/logo\\\/image\\\/\",\"url\":\"https:\\\/\\\/hengxingmachinery.com\\\/wp-content\\\/uploads\\\/2024\\\/12\\\/logo.png\",\"contentUrl\":\"https:\\\/\\\/hengxingmachinery.com\\\/wp-content\\\/uploads\\\/2024\\\/12\\\/logo.png\",\"width\":400,\"height\":260,\"caption\":\"Hengxing Machinery\"},\"image\":{\"@id\":\"https:\\\/\\\/hengxingmachinery.com\\\/#\\\/schema\\\/logo\\\/image\\\/\"}}]}<\/script>\n<!-- \/ Yoast SEO plugin. -->","yoast_head_json":{"title":"2-1. L\u00ednea de producci\u00f3n de fabricaci\u00f3n de arena - Hengxing Machinery","robots":{"index":"index","follow":"follow","max-snippet":"max-snippet:-1","max-image-preview":"max-image-preview:large","max-video-preview":"max-video-preview:-1"},"canonical":"https:\/\/hengxingmachinery.com\/es\/sand-making-production-lines\/","og_locale":"es_ES","og_type":"article","og_title":"2-1. Sand making production line - Hengxing Machinery","og_description":"Sand making production line Sand making production line process First, the stone material is initially crushed by the coarse crusher (coarse jaw crusher). Then, the produced coarse material is conveyed by the belt conveyor to the fine crusher (fine crusher jaw crusher) for further crushing, and the finely crushed stone is vibrated two kinds of ... Leer m\u00e1s","og_url":"https:\/\/hengxingmachinery.com\/es\/sand-making-production-lines\/","og_site_name":"Hengxing Machinery","article_modified_time":"2025-03-20T08:13:53+00:00","og_image":[{"url":"https:\/\/hengxingmachinery.com\/wp-content\/uploads\/2025\/03\/sand-making-production-line.jpg","type":"","width":"","height":""}],"twitter_card":"summary_large_image","twitter_misc":{"Tiempo de lectura":"3 minutos"},"schema":{"@context":"https:\/\/schema.org","@graph":[{"@type":"WebPage","@id":"https:\/\/hengxingmachinery.com\/sand-making-production-lines\/","url":"https:\/\/hengxingmachinery.com\/sand-making-production-lines\/","name":"2-1. L\u00ednea de producci\u00f3n de fabricaci\u00f3n de arena - Hengxing Machinery","isPartOf":{"@id":"https:\/\/hengxingmachinery.com\/#website"},"primaryImageOfPage":{"@id":"https:\/\/hengxingmachinery.com\/sand-making-production-lines\/#primaryimage"},"image":{"@id":"https:\/\/hengxingmachinery.com\/sand-making-production-lines\/#primaryimage"},"thumbnailUrl":"https:\/\/hengxingmachinery.com\/wp-content\/uploads\/2025\/03\/sand-making-production-line.jpg","datePublished":"2025-03-20T08:09:42+00:00","dateModified":"2025-03-20T08:13:53+00:00","breadcrumb":{"@id":"https:\/\/hengxingmachinery.com\/sand-making-production-lines\/#breadcrumb"},"inLanguage":"es","potentialAction":[{"@type":"ReadAction","target":["https:\/\/hengxingmachinery.com\/sand-making-production-lines\/"]}]},{"@type":"ImageObject","inLanguage":"es","@id":"https:\/\/hengxingmachinery.com\/sand-making-production-lines\/#primaryimage","url":"https:\/\/hengxingmachinery.com\/wp-content\/uploads\/2025\/03\/sand-making-production-line.jpg","contentUrl":"https:\/\/hengxingmachinery.com\/wp-content\/uploads\/2025\/03\/sand-making-production-line.jpg"},{"@type":"BreadcrumbList","@id":"https:\/\/hengxingmachinery.com\/sand-making-production-lines\/#breadcrumb","itemListElement":[{"@type":"ListItem","position":1,"name":"Home","item":"https:\/\/hengxingmachinery.com\/"},{"@type":"ListItem","position":2,"name":"2-1. Sand making production line"}]},{"@type":"WebSite","@id":"https:\/\/hengxingmachinery.com\/#website","url":"https:\/\/hengxingmachinery.com\/","name":"Maquinaria Hengxing","description":"Fabricante l\u00edder de todo tipo de maquinaria minera","publisher":{"@id":"https:\/\/hengxingmachinery.com\/#organization"},"potentialAction":[{"@type":"SearchAction","target":{"@type":"EntryPoint","urlTemplate":"https:\/\/hengxingmachinery.com\/?s={search_term_string}"},"query-input":{"@type":"PropertyValueSpecification","valueRequired":true,"valueName":"search_term_string"}}],"inLanguage":"es"},{"@type":"Organization","@id":"https:\/\/hengxingmachinery.com\/#organization","name":"Maquinaria Hengxing","url":"https:\/\/hengxingmachinery.com\/","logo":{"@type":"ImageObject","inLanguage":"es","@id":"https:\/\/hengxingmachinery.com\/#\/schema\/logo\/image\/","url":"https:\/\/hengxingmachinery.com\/wp-content\/uploads\/2024\/12\/logo.png","contentUrl":"https:\/\/hengxingmachinery.com\/wp-content\/uploads\/2024\/12\/logo.png","width":400,"height":260,"caption":"Hengxing Machinery"},"image":{"@id":"https:\/\/hengxingmachinery.com\/#\/schema\/logo\/image\/"}}]}},"_links":{"self":[{"href":"https:\/\/hengxingmachinery.com\/es\/wp-json\/wp\/v2\/pages\/2399","targetHints":{"allow":["GET"]}}],"collection":[{"href":"https:\/\/hengxingmachinery.com\/es\/wp-json\/wp\/v2\/pages"}],"about":[{"href":"https:\/\/hengxingmachinery.com\/es\/wp-json\/wp\/v2\/types\/page"}],"author":[{"embeddable":true,"href":"https:\/\/hengxingmachinery.com\/es\/wp-json\/wp\/v2\/users\/1"}],"replies":[{"embeddable":true,"href":"https:\/\/hengxingmachinery.com\/es\/wp-json\/wp\/v2\/comments?post=2399"}],"version-history":[{"count":1,"href":"https:\/\/hengxingmachinery.com\/es\/wp-json\/wp\/v2\/pages\/2399\/revisions"}],"predecessor-version":[{"id":2410,"href":"https:\/\/hengxingmachinery.com\/es\/wp-json\/wp\/v2\/pages\/2399\/revisions\/2410"}],"wp:attachment":[{"href":"https:\/\/hengxingmachinery.com\/es\/wp-json\/wp\/v2\/media?parent=2399"}],"curies":[{"name":"wp","href":"https:\/\/api.w.org\/{rel}","templated":true}]}}