{"id":2431,"date":"2025-03-21T07:30:48","date_gmt":"2025-03-21T07:30:48","guid":{"rendered":"https:\/\/hengxingmachinery.com\/?page_id=2431"},"modified":"2025-03-21T07:39:31","modified_gmt":"2025-03-21T07:39:31","slug":"flotation-machines","status":"publish","type":"page","link":"https:\/\/hengxingmachinery.com\/es\/flotation-machines\/","title":{"rendered":"4-1. M\u00e1quina de flotaci\u00f3n"},"content":{"rendered":"<div class=\"gb-container gb-container-45165f5a\">\n<div class=\"gb-container gb-container-c2652eb4\">\n\n<h1 class=\"gb-headline gb-headline-62a8b2cc gb-headline-text\">Maquina de flotacion<\/h1>\n\n<\/div>\n<\/div>\n\n<div class=\"gb-container gb-container-519cf624\">\n<div class=\"gb-container gb-container-71ca071e\">\n<div class=\"gb-grid-wrapper gb-grid-wrapper-8a5f0688\">\n<div class=\"gb-grid-column gb-grid-column-1e99b1c2\"><div class=\"gb-container gb-container-1e99b1c2\">\n\n<figure class=\"gb-block-image gb-block-image-e4eaba54\"><img decoding=\"async\" width=\"665\" height=\"545\" class=\"gb-image gb-image-e4eaba54\" src=\"https:\/\/hengxingmachinery.com\/wp-content\/uploads\/2025\/03\/flotation-machines.jpg\" alt=\"\" title=\"m\u00e1quinas de flotaci\u00f3n\" srcset=\"https:\/\/hengxingmachinery.com\/wp-content\/uploads\/2025\/03\/flotation-machines.jpg 665w, https:\/\/hengxingmachinery.com\/wp-content\/uploads\/2025\/03\/flotation-machines-300x246.jpg 300w, https:\/\/hengxingmachinery.com\/wp-content\/uploads\/2025\/03\/flotation-machines-15x12.jpg 15w\" sizes=\"(max-width: 665px) 100vw, 665px\" \/><\/figure>\n\n<\/div><\/div>\n\n<div class=\"gb-grid-column gb-grid-column-bcae065b\"><div class=\"gb-container gb-container-bcae065b\">\n\n<p><\/p>\n\n\n\n<p><\/p>\n\n\n\n<p><strong><mark style=\"background-color:rgba(0, 0, 0, 0)\" class=\"has-inline-color has-global-color-8-color\">Volumen efectivo:<\/mark><\/strong> 0,35-20 m\u00b3 \u00a0\u00a0<\/p>\n\n\n\n<p><strong><mark style=\"background-color:rgba(0, 0, 0, 0)\" class=\"has-inline-color has-global-color-8-color\">Capacidad de procesamiento:<\/mark><\/strong> 0.18-20 m\u00b3\/min<\/p>\n\n\n\n<p><strong><mark style=\"background-color:rgba(0, 0, 0, 0)\" class=\"has-inline-color has-global-color-8-color\">Materiales aplicables:<\/mark><\/strong> Mineral de oro, mineral de hierro, mineral de cobre, mineral de molibdeno, mineral de aluminio, mineral de plomo, talco, fluorita de carb\u00f3n, bauxita, feldespato pot\u00e1sico, cuarcita, etc.<\/p>\n\n\n<div class=\"gb-container gb-container-256e15f1\">\n\n<a class=\"gb-button gb-button-e8b73d89 gb-button-text\" href=\"#popmake-622\">Obtener presupuesto gratuito<\/a>\n\n<\/div>\n<\/div><\/div>\n<\/div>\n<\/div>\n<\/div>\n\n<div class=\"gb-container gb-container-c0200787\">\n<div class=\"gb-container gb-container-1d97c93d\">\n\n<h2 class=\"gb-headline gb-headline-3d5fa577 gb-headline-text\">Rendimiento del producto de la m\u00e1quina de flotaci\u00f3n<\/h2>\n\n\n\n<figure class=\"gb-block-image gb-block-image-4fd7cc67\"><img decoding=\"async\" width=\"800\" height=\"500\" class=\"gb-image gb-image-4fd7cc67\" src=\"https:\/\/hengxingmachinery.com\/wp-content\/uploads\/2025\/03\/flotation-machine-for-sale.jpg\" alt=\"\" title=\"m\u00e1quina de flotaci\u00f3n en venta\" srcset=\"https:\/\/hengxingmachinery.com\/wp-content\/uploads\/2025\/03\/flotation-machine-for-sale.jpg 800w, https:\/\/hengxingmachinery.com\/wp-content\/uploads\/2025\/03\/flotation-machine-for-sale-300x188.jpg 300w, https:\/\/hengxingmachinery.com\/wp-content\/uploads\/2025\/03\/flotation-machine-for-sale-768x480.jpg 768w, https:\/\/hengxingmachinery.com\/wp-content\/uploads\/2025\/03\/flotation-machine-for-sale-18x12.jpg 18w\" sizes=\"(max-width: 800px) 100vw, 800px\" \/><\/figure>\n\n\n\n<p><strong>Bajo costo operativo:<\/strong> En comparaci\u00f3n con la m\u00e1quina de flotaci\u00f3n por agitaci\u00f3n mec\u00e1nica convencional, puede ahorrar electricidad entre 1\/3 y 1\/2.<\/p>\n\n\n\n<p><strong>Las piezas de desgaste tienen una gran durabilidad:<\/strong> El impulsor est\u00e1 siempre activo en la m\u00e1quina, lo que desempe\u00f1a un papel en la eliminaci\u00f3n de materiales acumulados y desechos, y reduce el fen\u00f3meno de da\u00f1o a las piezas debido a impurezas. El impulsor del dispositivo de mezcla est\u00e1 fabricado en caucho molido. Resistencia al desgaste mejorada.<\/p>\n\n\n\n<p><strong>Alta precisi\u00f3n de separaci\u00f3n y bajo contenido de cenizas en el carb\u00f3n limpio: <\/strong>El contenido de cenizas del carb\u00f3n limpio puede reducirse entre 1 y 2% en comparaci\u00f3n con las m\u00e1quinas de flotaci\u00f3n por agitaci\u00f3n mec\u00e1nica convencionales.<\/p>\n\n\n\n<p><strong>Buen efecto de flotaci\u00f3n: <\/strong>Se instala internamente un dispositivo de control autom\u00e1tico de nivel, y el grado de refinamiento de la espuma es alto, mejorando as\u00ed el efecto de flotaci\u00f3n.<\/p>\n\n<\/div>\n<\/div>\n\n<div class=\"gb-container gb-container-ebd718b6\">\n<div class=\"gb-container gb-container-5c75b960\">\n\n<h2 class=\"gb-headline gb-headline-98859344 gb-headline-text\">Principio de funcionamiento de la m\u00e1quina de flotaci\u00f3n<\/h2>\n\n\n\n<figure class=\"gb-block-image gb-block-image-c486b36e\"><img decoding=\"async\" width=\"600\" height=\"500\" class=\"gb-image gb-image-c486b36e\" src=\"https:\/\/hengxingmachinery.com\/wp-content\/uploads\/2025\/03\/flotation-machine-working-principle.jpg\" alt=\"\" title=\"principio de funcionamiento de la m\u00e1quina de flotaci\u00f3n\" srcset=\"https:\/\/hengxingmachinery.com\/wp-content\/uploads\/2025\/03\/flotation-machine-working-principle.jpg 600w, https:\/\/hengxingmachinery.com\/wp-content\/uploads\/2025\/03\/flotation-machine-working-principle-300x250.jpg 300w, https:\/\/hengxingmachinery.com\/wp-content\/uploads\/2025\/03\/flotation-machine-working-principle-14x12.jpg 14w\" sizes=\"(max-width: 600px) 100vw, 600px\" \/><\/figure>\n\n\n\n<p>El mineral molido se mezcla con agua y los reactivos necesarios durante o despu\u00e9s de la molienda para formar una pulpa a trav\u00e9s de un tanque de agitaci\u00f3n, luego se inyecta en el tanque de pulpa donde comienza la mezcla, y se introduce aire en la pulpa para formar una gran cantidad de burbujas. Algunas de estas burbujas no se humedecen f\u00e1cilmente con el agua, es decir, las part\u00edculas de mineral generalmente denominadas hidrof\u00f3bicas se adhieren a las burbujas y flotan a la superficie de la pulpa junto con ellas, formando una capa de burbujas mineralizadas. <\/p>\n\n\n\n<p>Otras part\u00edculas se humedecen f\u00e1cilmente con el agua y generalmente se denominan part\u00edculas de mineral hidrof\u00edlicas. No se adhieren a las burbujas, sino que permanecen en la pulpa, y se descargan las burbujas mineralizadas que contienen minerales espec\u00edficos, para lograr el prop\u00f3sito de beneficio.<\/p>\n\n\n\n<p>Consiste en un tubo de admisi\u00f3n. Cuando el impulsor gira, se genera una presi\u00f3n negativa en la cavidad del impulsor, por lo que el aire es aspirado a trav\u00e9s del tubo de bomba hueco y se dispersa en la pulpa para formar un grupo de burbujas.<\/p>\n\n\n<div class=\"gb-container gb-container-d6bbf16a\">\n\n<a class=\"gb-button gb-button-caa3f2bc gb-button-text\" href=\"#popmake-622\">Obtener presupuesto gratuito<\/a>\n\n<\/div>\n<\/div>\n<\/div>\n\n<div class=\"gb-container gb-container-435ad261\">\n<div class=\"gb-container gb-container-7dc79cc4\">\n\n<h2 class=\"gb-headline gb-headline-6fe5dee2 gb-headline-text\">Especificaciones de la m\u00e1quina de flotaci\u00f3n<\/h2>\n\n\n\n<figure class=\"wp-block-table is-style-stripes\"><table class=\"has-fixed-layout\"><tbody><tr><td><strong>Modelo<\/strong><\/td><td><strong>Volumen efectivo (m\u00b3)<\/strong><\/td><td><strong>Capacidad de proceso (m\u00b3\/min)<\/strong><\/td><td><strong>Eje principal<br>Potencia (kW)<\/strong>\uff09<\/td><td><strong>Eje principal<br>Velocidad de rotaci\u00f3n (r\/min)<\/strong><\/td><td><strong>Velocidad de rotaci\u00f3n del rascador (r\/min)<\/strong><\/td><td><strong>Potencia del rascador (kW)<\/strong><\/td><td><strong>Dimensiones de la cuba (L\u00d7A\u00d7H) (m)<\/strong><\/td><td><strong>Peso de una sola cuba (t)<\/strong><\/td><\/tr><tr><td>XJK-0.35<\/td><td>0.35<\/td><td>0.18-0.4<\/td><td>1.5<\/td><td>483<\/td><td>25<\/td><td>1.1<\/td><td>0.7\u00d70.7\u00d70.7<\/td><td>0.5<\/td><\/tr><tr><td>XJK-0.62<\/td><td>0.62<\/td><td>0.3-0.9<\/td><td>3.0<\/td><td>400<\/td><td>25<\/td><td>1.1<\/td><td>0.90\u00d70.82\u00d70.85<\/td><td>1.0<\/td><\/tr><tr><td>XJK-1.1<\/td><td>1.1<\/td><td>0.6-1.6<\/td><td>5.5<\/td><td>330<\/td><td>25<\/td><td>1.1<\/td><td>1.1\u00d71.1\u00d71<\/td><td>1.4<\/td><\/tr><tr><td>XJK-2.8<\/td><td>2.8<\/td><td>1.5-3.5<\/td><td>11<\/td><td>280<\/td><td>25<\/td><td>1.1<\/td><td>1.75\u00d71.6\u00d71.1<\/td><td>2.5<\/td><\/tr><tr><td>XJK-5.8<\/td><td>5.8<\/td><td>5-7<\/td><td>22<\/td><td>240<\/td><td>25<\/td><td>1.5<\/td><td>2.2\u00d72.2\u00d71.2<\/td><td>3.6<\/td><\/tr><tr><td>SF-0.37<\/td><td>0.37<\/td><td>0.2-0.4<\/td><td>1.5<\/td><td>386<\/td><td>25<\/td><td>1.1<\/td><td>0.7\u00d70.7\u00d70.75<\/td><td>0.5<\/td><\/tr><tr><td>SF-0.7<\/td><td>0.7<\/td><td>0.3-0.9<\/td><td>3<\/td><td>400<\/td><td>25<\/td><td>1.1<\/td><td>0.9\u00d70.82\u00d70.95<\/td><td>1.0<\/td><\/tr><tr><td>SF-1.2<\/td><td>1.2<\/td><td>0.6-1.6<\/td><td>5.5<\/td><td>330<\/td><td>25<\/td><td>1.1<\/td><td>1.1\u00d71.1\u00d71.1<\/td><td>1.9<\/td><\/tr><tr><td>SF-2.8<\/td><td>2.8<\/td><td>1.5-3.5<\/td><td>11<\/td><td>268<\/td><td>25<\/td><td>1.1<\/td><td>1.75\u00d71.6\u00d71.15<\/td><td>2.6<\/td><\/tr><tr><td>SF-4<\/td><td>4<\/td><td>2-4<\/td><td>15<\/td><td>220<\/td><td>25<\/td><td>1.5<\/td><td>1.85\u00d72.05\u00d71.2<\/td><td>2.9<\/td><\/tr><tr><td>SF-8<\/td><td>8<\/td><td>4-8<\/td><td>30<\/td><td>191<\/td><td>25<\/td><td>1.5<\/td><td>2.2\u00d72.9\u00d71.4<\/td><td>4.2<\/td><\/tr><tr><td>SF-10<\/td><td>10<\/td><td>5-10<\/td><td>30<\/td><td>191<\/td><td>25<\/td><td>1.5<\/td><td>2.2\u00d72.9\u00d71.7<\/td><td>4.5<\/td><\/tr><tr><td>SF-20<\/td><td>20<\/td><td>5-20<\/td><td>30\u00d72<\/td><td>191<\/td><td>25<\/td><td>1.5<\/td><td>2.85\u00d73.8\u00d72<\/td><td>9.9<\/td><\/tr><\/tbody><\/table><\/figure>\n\n\n<div class=\"gb-container gb-container-263d9700\">\n\n<a class=\"gb-button gb-button-a4cbb7be gb-button-text\" href=\"#popmake-622\">Obtener presupuesto gratuito<\/a>\n\n<\/div>\n<\/div>\n<\/div>","protected":false},"excerpt":{"rendered":"<p>Flotation machine Flotation machine product performance Low operating cost: Compared with the conventional mechanical stirring flotation machine, it can save electricity by 1\/3~1\/2. The wearing parts have strong durability: The impeller is always active in the machine, which plays a role in removing accumulated materials and sundries and reduces the phenomenon of damage to parts &#8230; <\/p>\n<p class=\"read-more-container\"><a title=\"4-1. M\u00e1quina de flotaci\u00f3n\" class=\"read-more button\" href=\"https:\/\/hengxingmachinery.com\/es\/flotation-machines\/#more-2431\" aria-label=\"Leer m\u00e1s sobre 4-1. Flotation machine\">Leer m\u00e1s<\/a><\/p>","protected":false},"author":1,"featured_media":0,"parent":0,"menu_order":0,"comment_status":"closed","ping_status":"closed","template":"","meta":{"footnotes":""},"class_list":["post-2431","page","type-page","status-publish"],"yoast_head":"<!-- This site is optimized with the Yoast SEO plugin v27.4 - https:\/\/yoast.com\/product\/yoast-seo-wordpress\/ -->\n<title>4-1. Flotation machine - Hengxing Machinery<\/title>\n<meta name=\"robots\" content=\"index, follow, max-snippet:-1, max-image-preview:large, max-video-preview:-1\" \/>\n<link rel=\"canonical\" href=\"https:\/\/hengxingmachinery.com\/es\/flotation-machines\/\" \/>\n<meta property=\"og:locale\" content=\"es_ES\" \/>\n<meta property=\"og:type\" content=\"article\" \/>\n<meta property=\"og:title\" content=\"4-1. Flotation machine - Hengxing Machinery\" \/>\n<meta property=\"og:description\" content=\"Flotation machine Flotation machine product performance Low operating cost: Compared with the conventional mechanical stirring flotation machine, it can save electricity by 1\/3~1\/2. The wearing parts have strong durability: The impeller is always active in the machine, which plays a role in removing accumulated materials and sundries and reduces the phenomenon of damage to parts ... Leer m\u00e1s\" \/>\n<meta property=\"og:url\" content=\"https:\/\/hengxingmachinery.com\/es\/flotation-machines\/\" \/>\n<meta property=\"og:site_name\" content=\"Hengxing Machinery\" \/>\n<meta property=\"article:modified_time\" content=\"2025-03-21T07:39:31+00:00\" \/>\n<meta property=\"og:image\" content=\"https:\/\/hengxingmachinery.com\/wp-content\/uploads\/2025\/03\/flotation-machines.jpg\" \/>\n<meta name=\"twitter:card\" content=\"summary_large_image\" \/>\n<meta name=\"twitter:label1\" content=\"Tiempo de lectura\" \/>\n\t<meta name=\"twitter:data1\" content=\"3 minutos\" \/>\n<script type=\"application\/ld+json\" class=\"yoast-schema-graph\">{\"@context\":\"https:\\\/\\\/schema.org\",\"@graph\":[{\"@type\":\"WebPage\",\"@id\":\"https:\\\/\\\/hengxingmachinery.com\\\/flotation-machines\\\/\",\"url\":\"https:\\\/\\\/hengxingmachinery.com\\\/flotation-machines\\\/\",\"name\":\"4-1. Flotation machine - Hengxing Machinery\",\"isPartOf\":{\"@id\":\"https:\\\/\\\/hengxingmachinery.com\\\/#website\"},\"primaryImageOfPage\":{\"@id\":\"https:\\\/\\\/hengxingmachinery.com\\\/flotation-machines\\\/#primaryimage\"},\"image\":{\"@id\":\"https:\\\/\\\/hengxingmachinery.com\\\/flotation-machines\\\/#primaryimage\"},\"thumbnailUrl\":\"https:\\\/\\\/hengxingmachinery.com\\\/wp-content\\\/uploads\\\/2025\\\/03\\\/flotation-machines.jpg\",\"datePublished\":\"2025-03-21T07:30:48+00:00\",\"dateModified\":\"2025-03-21T07:39:31+00:00\",\"breadcrumb\":{\"@id\":\"https:\\\/\\\/hengxingmachinery.com\\\/flotation-machines\\\/#breadcrumb\"},\"inLanguage\":\"es\",\"potentialAction\":[{\"@type\":\"ReadAction\",\"target\":[\"https:\\\/\\\/hengxingmachinery.com\\\/flotation-machines\\\/\"]}]},{\"@type\":\"ImageObject\",\"inLanguage\":\"es\",\"@id\":\"https:\\\/\\\/hengxingmachinery.com\\\/flotation-machines\\\/#primaryimage\",\"url\":\"https:\\\/\\\/hengxingmachinery.com\\\/wp-content\\\/uploads\\\/2025\\\/03\\\/flotation-machines.jpg\",\"contentUrl\":\"https:\\\/\\\/hengxingmachinery.com\\\/wp-content\\\/uploads\\\/2025\\\/03\\\/flotation-machines.jpg\"},{\"@type\":\"BreadcrumbList\",\"@id\":\"https:\\\/\\\/hengxingmachinery.com\\\/flotation-machines\\\/#breadcrumb\",\"itemListElement\":[{\"@type\":\"ListItem\",\"position\":1,\"name\":\"Home\",\"item\":\"https:\\\/\\\/hengxingmachinery.com\\\/\"},{\"@type\":\"ListItem\",\"position\":2,\"name\":\"4-1. Flotation machine\"}]},{\"@type\":\"WebSite\",\"@id\":\"https:\\\/\\\/hengxingmachinery.com\\\/#website\",\"url\":\"https:\\\/\\\/hengxingmachinery.com\\\/\",\"name\":\"Hengxing Machinery\",\"description\":\"Leading Manufacturer of All Sorts of Mining Machinery\",\"publisher\":{\"@id\":\"https:\\\/\\\/hengxingmachinery.com\\\/#organization\"},\"potentialAction\":[{\"@type\":\"SearchAction\",\"target\":{\"@type\":\"EntryPoint\",\"urlTemplate\":\"https:\\\/\\\/hengxingmachinery.com\\\/?s={search_term_string}\"},\"query-input\":{\"@type\":\"PropertyValueSpecification\",\"valueRequired\":true,\"valueName\":\"search_term_string\"}}],\"inLanguage\":\"es\"},{\"@type\":\"Organization\",\"@id\":\"https:\\\/\\\/hengxingmachinery.com\\\/#organization\",\"name\":\"Hengxing Machinery\",\"url\":\"https:\\\/\\\/hengxingmachinery.com\\\/\",\"logo\":{\"@type\":\"ImageObject\",\"inLanguage\":\"es\",\"@id\":\"https:\\\/\\\/hengxingmachinery.com\\\/#\\\/schema\\\/logo\\\/image\\\/\",\"url\":\"https:\\\/\\\/hengxingmachinery.com\\\/wp-content\\\/uploads\\\/2024\\\/12\\\/logo.png\",\"contentUrl\":\"https:\\\/\\\/hengxingmachinery.com\\\/wp-content\\\/uploads\\\/2024\\\/12\\\/logo.png\",\"width\":400,\"height\":260,\"caption\":\"Hengxing Machinery\"},\"image\":{\"@id\":\"https:\\\/\\\/hengxingmachinery.com\\\/#\\\/schema\\\/logo\\\/image\\\/\"}}]}<\/script>\n<!-- \/ Yoast SEO plugin. -->","yoast_head_json":{"title":"4-1. M\u00e1quina de flotaci\u00f3n - Maquinaria Hengxing","robots":{"index":"index","follow":"follow","max-snippet":"max-snippet:-1","max-image-preview":"max-image-preview:large","max-video-preview":"max-video-preview:-1"},"canonical":"https:\/\/hengxingmachinery.com\/es\/flotation-machines\/","og_locale":"es_ES","og_type":"article","og_title":"4-1. Flotation machine - Hengxing Machinery","og_description":"Flotation machine Flotation machine product performance Low operating cost: Compared with the conventional mechanical stirring flotation machine, it can save electricity by 1\/3~1\/2. The wearing parts have strong durability: The impeller is always active in the machine, which plays a role in removing accumulated materials and sundries and reduces the phenomenon of damage to parts ... Leer m\u00e1s","og_url":"https:\/\/hengxingmachinery.com\/es\/flotation-machines\/","og_site_name":"Hengxing Machinery","article_modified_time":"2025-03-21T07:39:31+00:00","og_image":[{"url":"https:\/\/hengxingmachinery.com\/wp-content\/uploads\/2025\/03\/flotation-machines.jpg","type":"","width":"","height":""}],"twitter_card":"summary_large_image","twitter_misc":{"Tiempo de lectura":"3 minutos"},"schema":{"@context":"https:\/\/schema.org","@graph":[{"@type":"WebPage","@id":"https:\/\/hengxingmachinery.com\/flotation-machines\/","url":"https:\/\/hengxingmachinery.com\/flotation-machines\/","name":"4-1. M\u00e1quina de flotaci\u00f3n - Maquinaria Hengxing","isPartOf":{"@id":"https:\/\/hengxingmachinery.com\/#website"},"primaryImageOfPage":{"@id":"https:\/\/hengxingmachinery.com\/flotation-machines\/#primaryimage"},"image":{"@id":"https:\/\/hengxingmachinery.com\/flotation-machines\/#primaryimage"},"thumbnailUrl":"https:\/\/hengxingmachinery.com\/wp-content\/uploads\/2025\/03\/flotation-machines.jpg","datePublished":"2025-03-21T07:30:48+00:00","dateModified":"2025-03-21T07:39:31+00:00","breadcrumb":{"@id":"https:\/\/hengxingmachinery.com\/flotation-machines\/#breadcrumb"},"inLanguage":"es","potentialAction":[{"@type":"ReadAction","target":["https:\/\/hengxingmachinery.com\/flotation-machines\/"]}]},{"@type":"ImageObject","inLanguage":"es","@id":"https:\/\/hengxingmachinery.com\/flotation-machines\/#primaryimage","url":"https:\/\/hengxingmachinery.com\/wp-content\/uploads\/2025\/03\/flotation-machines.jpg","contentUrl":"https:\/\/hengxingmachinery.com\/wp-content\/uploads\/2025\/03\/flotation-machines.jpg"},{"@type":"BreadcrumbList","@id":"https:\/\/hengxingmachinery.com\/flotation-machines\/#breadcrumb","itemListElement":[{"@type":"ListItem","position":1,"name":"Home","item":"https:\/\/hengxingmachinery.com\/"},{"@type":"ListItem","position":2,"name":"4-1. Flotation machine"}]},{"@type":"WebSite","@id":"https:\/\/hengxingmachinery.com\/#website","url":"https:\/\/hengxingmachinery.com\/","name":"Maquinaria Hengxing","description":"Fabricante l\u00edder de todo tipo de maquinaria minera","publisher":{"@id":"https:\/\/hengxingmachinery.com\/#organization"},"potentialAction":[{"@type":"SearchAction","target":{"@type":"EntryPoint","urlTemplate":"https:\/\/hengxingmachinery.com\/?s={search_term_string}"},"query-input":{"@type":"PropertyValueSpecification","valueRequired":true,"valueName":"search_term_string"}}],"inLanguage":"es"},{"@type":"Organization","@id":"https:\/\/hengxingmachinery.com\/#organization","name":"Maquinaria Hengxing","url":"https:\/\/hengxingmachinery.com\/","logo":{"@type":"ImageObject","inLanguage":"es","@id":"https:\/\/hengxingmachinery.com\/#\/schema\/logo\/image\/","url":"https:\/\/hengxingmachinery.com\/wp-content\/uploads\/2024\/12\/logo.png","contentUrl":"https:\/\/hengxingmachinery.com\/wp-content\/uploads\/2024\/12\/logo.png","width":400,"height":260,"caption":"Hengxing Machinery"},"image":{"@id":"https:\/\/hengxingmachinery.com\/#\/schema\/logo\/image\/"}}]}},"_links":{"self":[{"href":"https:\/\/hengxingmachinery.com\/es\/wp-json\/wp\/v2\/pages\/2431","targetHints":{"allow":["GET"]}}],"collection":[{"href":"https:\/\/hengxingmachinery.com\/es\/wp-json\/wp\/v2\/pages"}],"about":[{"href":"https:\/\/hengxingmachinery.com\/es\/wp-json\/wp\/v2\/types\/page"}],"author":[{"embeddable":true,"href":"https:\/\/hengxingmachinery.com\/es\/wp-json\/wp\/v2\/users\/1"}],"replies":[{"embeddable":true,"href":"https:\/\/hengxingmachinery.com\/es\/wp-json\/wp\/v2\/comments?post=2431"}],"version-history":[{"count":4,"href":"https:\/\/hengxingmachinery.com\/es\/wp-json\/wp\/v2\/pages\/2431\/revisions"}],"predecessor-version":[{"id":2517,"href":"https:\/\/hengxingmachinery.com\/es\/wp-json\/wp\/v2\/pages\/2431\/revisions\/2517"}],"wp:attachment":[{"href":"https:\/\/hengxingmachinery.com\/es\/wp-json\/wp\/v2\/media?parent=2431"}],"curies":[{"name":"wp","href":"https:\/\/api.w.org\/{rel}","templated":true}]}}