{"id":2433,"date":"2025-03-21T07:30:32","date_gmt":"2025-03-21T07:30:32","guid":{"rendered":"https:\/\/hengxingmachinery.com\/?page_id=2433"},"modified":"2025-03-21T07:38:09","modified_gmt":"2025-03-21T07:38:09","slug":"wet-magnetic-separators","status":"publish","type":"page","link":"https:\/\/hengxingmachinery.com\/es\/wet-magnetic-separators\/","title":{"rendered":"4-1. Separador magn\u00e9tico h\u00famedo"},"content":{"rendered":"<div class=\"gb-container gb-container-45165f5a\">\n<div class=\"gb-container gb-container-c2652eb4\">\n\n<h1 class=\"gb-headline gb-headline-62a8b2cc gb-headline-text\">Separador magn\u00e9tico h\u00famedo<\/h1>\n\n<\/div>\n<\/div>\n\n<div class=\"gb-container gb-container-519cf624\">\n<div class=\"gb-container gb-container-71ca071e\">\n<div class=\"gb-grid-wrapper gb-grid-wrapper-8a5f0688\">\n<div class=\"gb-grid-column gb-grid-column-1e99b1c2\"><div class=\"gb-container gb-container-1e99b1c2\">\n\n<figure class=\"gb-block-image gb-block-image-e4eaba54\"><img decoding=\"async\" width=\"665\" height=\"545\" class=\"gb-image gb-image-e4eaba54\" src=\"https:\/\/hengxingmachinery.com\/wp-content\/uploads\/2025\/03\/wet-magnetic-separator-machine.jpg\" alt=\"\" title=\"m\u00e1quina separadora magn\u00e9tica h\u00fameda\" srcset=\"https:\/\/hengxingmachinery.com\/wp-content\/uploads\/2025\/03\/wet-magnetic-separator-machine.jpg 665w, https:\/\/hengxingmachinery.com\/wp-content\/uploads\/2025\/03\/wet-magnetic-separator-machine-300x246.jpg 300w, https:\/\/hengxingmachinery.com\/wp-content\/uploads\/2025\/03\/wet-magnetic-separator-machine-15x12.jpg 15w\" sizes=\"(max-width: 665px) 100vw, 665px\" \/><\/figure>\n\n<\/div><\/div>\n\n<div class=\"gb-grid-column gb-grid-column-bcae065b\"><div class=\"gb-container gb-container-bcae065b\">\n\n<p><\/p>\n\n\n\n<p><\/p>\n\n\n\n<p><strong><mark style=\"background-color:rgba(0, 0, 0, 0)\" class=\"has-inline-color has-global-color-8-color\"><strong>Intensidad M\u00e1xima de Inducci\u00f3n Magn\u00e9tica<\/strong>:<\/mark><\/strong> 2000-7000<\/p>\n\n\n\n<p><mark style=\"background-color:rgba(0, 0, 0, 0)\" class=\"has-inline-color has-global-color-8-color\"><strong><strong>Cantidad de Mineral Seco (T\/h)<\/strong>:<\/strong> <\/mark>1-220<\/p>\n\n\n\n<p><strong><mark style=\"background-color:rgba(0, 0, 0, 0)\" class=\"has-inline-color has-global-color-8-color\">Potencia (kW): <\/mark><\/strong>1.1-11<\/p>\n\n\n<div class=\"gb-container gb-container-256e15f1\">\n\n<a class=\"gb-button gb-button-e8b73d89 gb-button-text\" href=\"#popmake-622\">Obtener presupuesto gratuito<\/a>\n\n<\/div>\n<\/div><\/div>\n<\/div>\n<\/div>\n<\/div>\n\n<div class=\"gb-container gb-container-c0200787\">\n<div class=\"gb-container gb-container-1d97c93d\">\n\n<h2 class=\"gb-headline gb-headline-3d5fa577 gb-headline-text\">Aplicaci\u00f3n del separador magn\u00e9tico h\u00famedo<\/h2>\n\n\n\n<figure class=\"gb-block-image gb-block-image-4fd7cc67\"><img decoding=\"async\" width=\"800\" height=\"381\" class=\"gb-image gb-image-4fd7cc67\" src=\"https:\/\/hengxingmachinery.com\/wp-content\/uploads\/2025\/03\/wet-magnetic-separator-for-sale-1.jpg\" alt=\"\" title=\"separador magn\u00e9tico h\u00famedo en venta\" srcset=\"https:\/\/hengxingmachinery.com\/wp-content\/uploads\/2025\/03\/wet-magnetic-separator-for-sale-1.jpg 800w, https:\/\/hengxingmachinery.com\/wp-content\/uploads\/2025\/03\/wet-magnetic-separator-for-sale-1-300x143.jpg 300w, https:\/\/hengxingmachinery.com\/wp-content\/uploads\/2025\/03\/wet-magnetic-separator-for-sale-1-768x366.jpg 768w, https:\/\/hengxingmachinery.com\/wp-content\/uploads\/2025\/03\/wet-magnetic-separator-for-sale-1-18x9.jpg 18w\" sizes=\"(max-width: 800px) 100vw, 800px\" \/><\/figure>\n\n\n\n<p>El separador magn\u00e9tico h\u00famedo semi-contrarrriente CTB es adecuado para la limpieza y purificaci\u00f3n de materiales fuertemente magn\u00e9ticos con tama\u00f1os de part\u00edcula inferiores a 0,5 mm en la separaci\u00f3n h\u00fameda de minerales, especialmente para la selecci\u00f3n de minerales con tama\u00f1os de part\u00edcula de 0,15~0 mm. O para eliminar los minerales fuertemente magn\u00e9ticos mezclados con minerales no magn\u00e9ticos. El separador magn\u00e9tico h\u00famedo semi-contrarrriente CTB puede obtener concentrado de hierro de alta calidad y una buena tasa de recuperaci\u00f3n.,<\/p>\n\n\n\n<p>El separador magn\u00e9tico h\u00famedo de tambor de baja intensidad se utiliza principalmente para el beneficio de mineral de hierro, eliminando las part\u00edculas de hierro como impureza de los materiales industriales mediante procesamiento h\u00famedo. Tambi\u00e9n se utiliza en la recuperaci\u00f3n de medios densos en algunos procesos de procesamiento de minerales o en industrias de reciclaje de escorias.<\/p>\n\n\n\n<p>Los materiales del sistema magn\u00e9tico adoptan ferrita y NdFeB de alto rendimiento, alta fuerza coercitiva y alta remanencia; la superficie del cilindro est\u00e1 revestida con caucho resistente al desgaste.<\/p>\n\n\n<div class=\"gb-container gb-container-9eeb6cec\">\n\n<a class=\"gb-button gb-button-d1324b3c gb-button-text\" href=\"#popmake-622\">Obtener presupuesto gratuito<\/a>\n\n<\/div>\n<\/div>\n<\/div>\n\n<div class=\"gb-container gb-container-c520d46c\">\n<div class=\"gb-container gb-container-52852135\">\n\n<h2 class=\"gb-headline gb-headline-a340539a gb-headline-text\">Caracter\u00edsticas del separador magn\u00e9tico h\u00famedo<\/h2>\n\n\n\n<figure class=\"gb-block-image gb-block-image-ee0ac68a\"><img decoding=\"async\" width=\"800\" height=\"600\" class=\"gb-image gb-image-ee0ac68a\" src=\"https:\/\/hengxingmachinery.com\/wp-content\/uploads\/2025\/03\/wet-magnetic-separators.jpg\" alt=\"\" title=\"separadores magn\u00e9ticos h\u00famedos\" srcset=\"https:\/\/hengxingmachinery.com\/wp-content\/uploads\/2025\/03\/wet-magnetic-separators.jpg 800w, https:\/\/hengxingmachinery.com\/wp-content\/uploads\/2025\/03\/wet-magnetic-separators-300x225.jpg 300w, https:\/\/hengxingmachinery.com\/wp-content\/uploads\/2025\/03\/wet-magnetic-separators-768x576.jpg 768w, https:\/\/hengxingmachinery.com\/wp-content\/uploads\/2025\/03\/wet-magnetic-separators-16x12.jpg 16w\" sizes=\"(max-width: 800px) 100vw, 800px\" \/><\/figure>\n\n\n\n<p>1. El uso de sistemas magn\u00e9ticos compuestos de tierras raras, tecnolog\u00eda avanzada y estructura racional. Mediante un dise\u00f1o especial, la distribuci\u00f3n de la intensidad del campo magn\u00e9tico en el \u00e1rea de selecci\u00f3n y el \u00e1rea de barrido es m\u00e1s razonable, y el efecto de separaci\u00f3n es m\u00e1s evidente.<\/p>\n\n\n\n<p>2. Tanque dise\u00f1ado de forma especial, no se obstruye f\u00e1cilmente, ni se acumula material.<\/p>\n\n\n\n<p>3. Los dos extremos adoptan bridas de aluminio resistentes al desgaste, la superficie del tambor est\u00e1 revestida con material resistente al desgaste, con alto rendimiento de resistencia al desgaste y larga vida \u00fatil.<\/p>\n\n\n\n<p>4. Reductor cicloidal, volumen peque\u00f1o, peso ligero, menor consumo de energ\u00eda.<\/p>\n\n\n\n<p>5. Estructura simple, gran capacidad de manejo, operaci\u00f3n sencilla, f\u00e1cil mantenimiento.<\/p>\n\n\n<div class=\"gb-container gb-container-abba0697\">\n\n<a class=\"gb-button gb-button-24c0d08a gb-button-text\" href=\"#popmake-622\">Obtener presupuesto gratuito<\/a>\n\n<\/div>\n<\/div>\n<\/div>\n\n<div class=\"gb-container gb-container-ebd718b6\">\n<div class=\"gb-container gb-container-5c75b960\">\n\n<h2 class=\"gb-headline gb-headline-98859344 gb-headline-text\">Principio de funcionamiento del separador magn\u00e9tico h\u00famedo<\/h2>\n\n\n\n<figure class=\"gb-block-image gb-block-image-c486b36e\"><img decoding=\"async\" width=\"500\" height=\"500\" class=\"gb-image gb-image-c486b36e\" src=\"https:\/\/hengxingmachinery.com\/wp-content\/uploads\/2025\/03\/wet-magnetic-separator-working-1.jpg\" alt=\"\" title=\"funcionamiento del separador magn\u00e9tico h\u00famedo\" srcset=\"https:\/\/hengxingmachinery.com\/wp-content\/uploads\/2025\/03\/wet-magnetic-separator-working-1.jpg 500w, https:\/\/hengxingmachinery.com\/wp-content\/uploads\/2025\/03\/wet-magnetic-separator-working-1-300x300.jpg 300w, https:\/\/hengxingmachinery.com\/wp-content\/uploads\/2025\/03\/wet-magnetic-separator-working-1-150x150.jpg 150w, https:\/\/hengxingmachinery.com\/wp-content\/uploads\/2025\/03\/wet-magnetic-separator-working-1-12x12.jpg 12w\" sizes=\"(max-width: 500px) 100vw, 500px\" \/><\/figure>\n\n\n\n<p><\/p>\n\n\n\n<p>Cuando la pulpa entra en el \u00e1rea del campo magn\u00e9tico, los minerales fuertemente magn\u00e9ticos son adsorbidos en la superficie del cilindro, mientras que los minerales d\u00e9bilmente magn\u00e9ticos y no magn\u00e9ticos son arrastrados y descargados por el flujo. Los minerales magn\u00e9ticos adsorbidos en la superficie del cilindro giran con \u00e9l, son llevados fuera del \u00e1rea del campo magn\u00e9tico, se lavan hacia la canaleta de concentrado con agua de enjuague, y as\u00ed se completa la operaci\u00f3n de separaci\u00f3n.<\/p>\n\n\n<div class=\"gb-container gb-container-d6bbf16a\">\n\n<a class=\"gb-button gb-button-caa3f2bc gb-button-text\" href=\"#popmake-622\">Obtener presupuesto gratuito<\/a>\n\n<\/div>\n<\/div>\n<\/div>\n\n<div class=\"gb-container gb-container-435ad261\">\n<div class=\"gb-container gb-container-7dc79cc4\">\n\n<h2 class=\"gb-headline gb-headline-6fe5dee2 gb-headline-text\">Especificaciones del separador magn\u00e9tico h\u00famedo<\/h2>\n\n\n\n<figure class=\"wp-block-table is-style-stripes\"><table class=\"has-fixed-layout\"><tbody><tr><td><strong>Modelo<\/strong><\/td><td><strong>Di\u00e1metro del Tubo * Longitud del Cilindro\u00a0<\/strong><br><strong>(mm)<\/strong><\/td><td><strong>Promedio de Barrido\/Selecci\u00f3n<\/strong><\/td><td><strong>Intensidad M\u00e1xima de Inducci\u00f3n Magn\u00e9tica<\/strong><\/td><td><strong>Cantidad de Mineral Seco<\/strong><br><strong>(T\/h)<\/strong><\/td><td><strong>Cantidad de Pulpa<\/strong><br>(<strong>M3\/h)<\/strong><\/td><td><strong>Fuerza<\/strong><br><strong>(kW)<\/strong><\/td><td><strong>Velocidad del Cilindro (r\/min)<\/strong><\/td><td><strong>Peso Total de la M\u00e1quina<\/strong><br><strong>(t\/kg)<\/strong><\/td><\/tr><tr><td>CTB-44<\/td><td>400*400<\/td><td>1000-4500<\/td><td>2000-7000<\/td><td>1-2<\/td><td>3<\/td><td>1.1<\/td><td>45<\/td><td>350<\/td><\/tr><tr><td>CTB-46<\/td><td>400*600<\/td><td>1000-4500<\/td><td>2000-7000<\/td><td>1-3<\/td><td>5<\/td><td>1.1<\/td><td>45<\/td><td>600<\/td><\/tr><tr><td>CTB-66<\/td><td>600*600<\/td><td>1000-4500<\/td><td>2000-7000<\/td><td>5-10<\/td><td>16<\/td><td>1.1<\/td><td>40<\/td><td>705<\/td><\/tr><tr><td>CTB-69<\/td><td>600*900<\/td><td>1000-4500<\/td><td>2000-7000<\/td><td>8-15<\/td><td>24<\/td><td>1.1<\/td><td>40<\/td><td>830<\/td><\/tr><tr><td>CTB-612<\/td><td>600*1200<\/td><td>1000-4500<\/td><td>2000-7000<\/td><td>10-20<\/td><td>1<\/td><td>2.2<\/td><td>40<\/td><td>960<\/td><\/tr><tr><td>CTB-618<\/td><td>600*1800<\/td><td>1000-4500<\/td><td>2000-7000<\/td><td>15-30<\/td><td>48<\/td><td>2.2<\/td><td>40<\/td><td>1340<\/td><\/tr><tr><td>CTB-712<\/td><td>750*1200<\/td><td>1000-4500<\/td><td>2000-7000<\/td><td>15-30<\/td><td>48<\/td><td>3<\/td><td>35<\/td><td>1500<\/td><\/tr><tr><td>CTB-718<\/td><td>750*1800<\/td><td>1000-4500<\/td><td>2000-7000<\/td><td>20-45<\/td><td>72<\/td><td>3<\/td><td>35<\/td><td>2100<\/td><\/tr><tr><td>CTB-918<\/td><td>900*1800<\/td><td>1000-4500<\/td><td>2000-7000<\/td><td>25-55<\/td><td>90<\/td><td>4<\/td><td>28<\/td><td>2900<\/td><\/tr><tr><td>CTB-924<\/td><td>900*2400<\/td><td>1000-4500<\/td><td>2000-7000<\/td><td>35-70<\/td><td>110<\/td><td>4<\/td><td>28<\/td><td>3500<\/td><\/tr><tr><td>CTB-1018<\/td><td>1050*1800<\/td><td>1000-4500<\/td><td>2000-7000<\/td><td>40-75<\/td><td>120<\/td><td>5.5<\/td><td>22<\/td><td>4000<\/td><\/tr><tr><td>CTB-1021<\/td><td>1050*2100<\/td><td>1000-4500<\/td><td>2000-7000<\/td><td>45-88<\/td><td>140<\/td><td>5.5<\/td><td>22<\/td><td>4500<\/td><\/tr><tr><td>CTB-1024<\/td><td>1050*2400<\/td><td>1000-4500<\/td><td>2000-7000<\/td><td>52-100<\/td><td>160<\/td><td>5.5<\/td><td>22<\/td><td>5000<\/td><\/tr><tr><td>CTB-1030<\/td><td>1050*3000<\/td><td>1000-4500<\/td><td>2000-7000<\/td><td>65-125<\/td><td>200<\/td><td>7.5<\/td><td>22<\/td><td>6200<\/td><\/tr><tr><td>CTB-1218<\/td><td>1200*1800<\/td><td>1000-4500<\/td><td>2000-7000<\/td><td>47-90<\/td><td>140<\/td><td>5.5<\/td><td>19<\/td><td>5800<\/td><\/tr><tr><td>CTB-1224<\/td><td>1200*2400<\/td><td>1000-4500<\/td><td>2000-7000<\/td><td>82-120<\/td><td>192<\/td><td>7.5<\/td><td>19<\/td><td>6200<\/td><\/tr><tr><td>CTB-1230<\/td><td>1200*3000<\/td><td>1000-4500<\/td><td>2000-7000<\/td><td>80-150<\/td><td>240<\/td><td>7.5<\/td><td>19<\/td><td>7200<\/td><\/tr><tr><td>CTB-1530<\/td><td>1500*3000<\/td><td>1000-4500<\/td><td>2000-7000<\/td><td>90-170<\/td><td>270<\/td><td>11<\/td><td>14<\/td><td>8100<\/td><\/tr><tr><td>CTB-1540<\/td><td>1500*4000<\/td><td>1000-4500<\/td><td>2000-7000<\/td><td>115-220<\/td><td>350<\/td><td>11<\/td><td>14<\/td><td>9300<\/td><\/tr><\/tbody><\/table><\/figure>\n\n\n<div class=\"gb-container gb-container-263d9700\">\n\n<a class=\"gb-button gb-button-a4cbb7be gb-button-text\" href=\"#popmake-622\">Obtener presupuesto gratuito<\/a>\n\n<\/div>\n<\/div>\n<\/div>","protected":false},"excerpt":{"rendered":"<p>Wet magnetic separator Wet magnetic separator application CTB wet semi-countercurrent magnetic separator is suitable for cleaning and cleaning strong magnetic materials with particle sizes below 0.5mm for wet separation of ores, especially for the selection of minerals with particle sizes of 0.15~0mm. Or remove the strong magnetic minerals mixed with non-magnetic minerals. CTB wet semi-countercurrent &#8230; <\/p>\n<p class=\"read-more-container\"><a title=\"4-1. Separador magn\u00e9tico h\u00famedo\" class=\"read-more button\" href=\"https:\/\/hengxingmachinery.com\/es\/wet-magnetic-separators\/#more-2433\" aria-label=\"Leer m\u00e1s sobre 4-1. Wet magnetic separator\">Leer m\u00e1s<\/a><\/p>","protected":false},"author":1,"featured_media":0,"parent":0,"menu_order":0,"comment_status":"closed","ping_status":"closed","template":"","meta":{"footnotes":""},"class_list":["post-2433","page","type-page","status-publish"],"yoast_head":"<!-- This site is optimized with the Yoast SEO plugin v27.4 - https:\/\/yoast.com\/product\/yoast-seo-wordpress\/ -->\n<title>4-1. Wet magnetic separator - Hengxing Machinery<\/title>\n<meta name=\"robots\" content=\"index, follow, max-snippet:-1, max-image-preview:large, max-video-preview:-1\" \/>\n<link rel=\"canonical\" href=\"https:\/\/hengxingmachinery.com\/es\/wet-magnetic-separators\/\" \/>\n<meta property=\"og:locale\" content=\"es_ES\" \/>\n<meta property=\"og:type\" content=\"article\" \/>\n<meta property=\"og:title\" content=\"4-1. Wet magnetic separator - Hengxing Machinery\" \/>\n<meta property=\"og:description\" content=\"Wet magnetic separator Wet magnetic separator application CTB wet semi-countercurrent magnetic separator is suitable for cleaning and cleaning strong magnetic materials with particle sizes below 0.5mm for wet separation of ores, especially for the selection of minerals with particle sizes of 0.15~0mm. Or remove the strong magnetic minerals mixed with non-magnetic minerals. CTB wet semi-countercurrent ... Leer m\u00e1s\" \/>\n<meta property=\"og:url\" content=\"https:\/\/hengxingmachinery.com\/es\/wet-magnetic-separators\/\" \/>\n<meta property=\"og:site_name\" content=\"Hengxing Machinery\" \/>\n<meta property=\"article:modified_time\" content=\"2025-03-21T07:38:09+00:00\" \/>\n<meta property=\"og:image\" content=\"https:\/\/hengxingmachinery.com\/wp-content\/uploads\/2025\/03\/wet-magnetic-separator-machine.jpg\" \/>\n<meta name=\"twitter:card\" content=\"summary_large_image\" \/>\n<meta name=\"twitter:label1\" content=\"Tiempo de lectura\" \/>\n\t<meta name=\"twitter:data1\" content=\"4 minutos\" \/>\n<script type=\"application\/ld+json\" class=\"yoast-schema-graph\">{\"@context\":\"https:\\\/\\\/schema.org\",\"@graph\":[{\"@type\":\"WebPage\",\"@id\":\"https:\\\/\\\/hengxingmachinery.com\\\/wet-magnetic-separators\\\/\",\"url\":\"https:\\\/\\\/hengxingmachinery.com\\\/wet-magnetic-separators\\\/\",\"name\":\"4-1. Wet magnetic separator - Hengxing Machinery\",\"isPartOf\":{\"@id\":\"https:\\\/\\\/hengxingmachinery.com\\\/#website\"},\"primaryImageOfPage\":{\"@id\":\"https:\\\/\\\/hengxingmachinery.com\\\/wet-magnetic-separators\\\/#primaryimage\"},\"image\":{\"@id\":\"https:\\\/\\\/hengxingmachinery.com\\\/wet-magnetic-separators\\\/#primaryimage\"},\"thumbnailUrl\":\"https:\\\/\\\/hengxingmachinery.com\\\/wp-content\\\/uploads\\\/2025\\\/03\\\/wet-magnetic-separator-machine.jpg\",\"datePublished\":\"2025-03-21T07:30:32+00:00\",\"dateModified\":\"2025-03-21T07:38:09+00:00\",\"breadcrumb\":{\"@id\":\"https:\\\/\\\/hengxingmachinery.com\\\/wet-magnetic-separators\\\/#breadcrumb\"},\"inLanguage\":\"es\",\"potentialAction\":[{\"@type\":\"ReadAction\",\"target\":[\"https:\\\/\\\/hengxingmachinery.com\\\/wet-magnetic-separators\\\/\"]}]},{\"@type\":\"ImageObject\",\"inLanguage\":\"es\",\"@id\":\"https:\\\/\\\/hengxingmachinery.com\\\/wet-magnetic-separators\\\/#primaryimage\",\"url\":\"https:\\\/\\\/hengxingmachinery.com\\\/wp-content\\\/uploads\\\/2025\\\/03\\\/wet-magnetic-separator-machine.jpg\",\"contentUrl\":\"https:\\\/\\\/hengxingmachinery.com\\\/wp-content\\\/uploads\\\/2025\\\/03\\\/wet-magnetic-separator-machine.jpg\"},{\"@type\":\"BreadcrumbList\",\"@id\":\"https:\\\/\\\/hengxingmachinery.com\\\/wet-magnetic-separators\\\/#breadcrumb\",\"itemListElement\":[{\"@type\":\"ListItem\",\"position\":1,\"name\":\"Home\",\"item\":\"https:\\\/\\\/hengxingmachinery.com\\\/\"},{\"@type\":\"ListItem\",\"position\":2,\"name\":\"4-1. Wet magnetic separator\"}]},{\"@type\":\"WebSite\",\"@id\":\"https:\\\/\\\/hengxingmachinery.com\\\/#website\",\"url\":\"https:\\\/\\\/hengxingmachinery.com\\\/\",\"name\":\"Hengxing Machinery\",\"description\":\"Leading Manufacturer of All Sorts of Mining Machinery\",\"publisher\":{\"@id\":\"https:\\\/\\\/hengxingmachinery.com\\\/#organization\"},\"potentialAction\":[{\"@type\":\"SearchAction\",\"target\":{\"@type\":\"EntryPoint\",\"urlTemplate\":\"https:\\\/\\\/hengxingmachinery.com\\\/?s={search_term_string}\"},\"query-input\":{\"@type\":\"PropertyValueSpecification\",\"valueRequired\":true,\"valueName\":\"search_term_string\"}}],\"inLanguage\":\"es\"},{\"@type\":\"Organization\",\"@id\":\"https:\\\/\\\/hengxingmachinery.com\\\/#organization\",\"name\":\"Hengxing Machinery\",\"url\":\"https:\\\/\\\/hengxingmachinery.com\\\/\",\"logo\":{\"@type\":\"ImageObject\",\"inLanguage\":\"es\",\"@id\":\"https:\\\/\\\/hengxingmachinery.com\\\/#\\\/schema\\\/logo\\\/image\\\/\",\"url\":\"https:\\\/\\\/hengxingmachinery.com\\\/wp-content\\\/uploads\\\/2024\\\/12\\\/logo.png\",\"contentUrl\":\"https:\\\/\\\/hengxingmachinery.com\\\/wp-content\\\/uploads\\\/2024\\\/12\\\/logo.png\",\"width\":400,\"height\":260,\"caption\":\"Hengxing Machinery\"},\"image\":{\"@id\":\"https:\\\/\\\/hengxingmachinery.com\\\/#\\\/schema\\\/logo\\\/image\\\/\"}}]}<\/script>\n<!-- \/ Yoast SEO plugin. -->","yoast_head_json":{"title":"4-1. Separador magn\u00e9tico h\u00famedo - Hengxing Machinery","robots":{"index":"index","follow":"follow","max-snippet":"max-snippet:-1","max-image-preview":"max-image-preview:large","max-video-preview":"max-video-preview:-1"},"canonical":"https:\/\/hengxingmachinery.com\/es\/wet-magnetic-separators\/","og_locale":"es_ES","og_type":"article","og_title":"4-1. Wet magnetic separator - Hengxing Machinery","og_description":"Wet magnetic separator Wet magnetic separator application CTB wet semi-countercurrent magnetic separator is suitable for cleaning and cleaning strong magnetic materials with particle sizes below 0.5mm for wet separation of ores, especially for the selection of minerals with particle sizes of 0.15~0mm. Or remove the strong magnetic minerals mixed with non-magnetic minerals. CTB wet semi-countercurrent ... Leer m\u00e1s","og_url":"https:\/\/hengxingmachinery.com\/es\/wet-magnetic-separators\/","og_site_name":"Hengxing Machinery","article_modified_time":"2025-03-21T07:38:09+00:00","og_image":[{"url":"https:\/\/hengxingmachinery.com\/wp-content\/uploads\/2025\/03\/wet-magnetic-separator-machine.jpg","type":"","width":"","height":""}],"twitter_card":"summary_large_image","twitter_misc":{"Tiempo de lectura":"4 minutos"},"schema":{"@context":"https:\/\/schema.org","@graph":[{"@type":"WebPage","@id":"https:\/\/hengxingmachinery.com\/wet-magnetic-separators\/","url":"https:\/\/hengxingmachinery.com\/wet-magnetic-separators\/","name":"4-1. Separador magn\u00e9tico h\u00famedo - Hengxing Machinery","isPartOf":{"@id":"https:\/\/hengxingmachinery.com\/#website"},"primaryImageOfPage":{"@id":"https:\/\/hengxingmachinery.com\/wet-magnetic-separators\/#primaryimage"},"image":{"@id":"https:\/\/hengxingmachinery.com\/wet-magnetic-separators\/#primaryimage"},"thumbnailUrl":"https:\/\/hengxingmachinery.com\/wp-content\/uploads\/2025\/03\/wet-magnetic-separator-machine.jpg","datePublished":"2025-03-21T07:30:32+00:00","dateModified":"2025-03-21T07:38:09+00:00","breadcrumb":{"@id":"https:\/\/hengxingmachinery.com\/wet-magnetic-separators\/#breadcrumb"},"inLanguage":"es","potentialAction":[{"@type":"ReadAction","target":["https:\/\/hengxingmachinery.com\/wet-magnetic-separators\/"]}]},{"@type":"ImageObject","inLanguage":"es","@id":"https:\/\/hengxingmachinery.com\/wet-magnetic-separators\/#primaryimage","url":"https:\/\/hengxingmachinery.com\/wp-content\/uploads\/2025\/03\/wet-magnetic-separator-machine.jpg","contentUrl":"https:\/\/hengxingmachinery.com\/wp-content\/uploads\/2025\/03\/wet-magnetic-separator-machine.jpg"},{"@type":"BreadcrumbList","@id":"https:\/\/hengxingmachinery.com\/wet-magnetic-separators\/#breadcrumb","itemListElement":[{"@type":"ListItem","position":1,"name":"Home","item":"https:\/\/hengxingmachinery.com\/"},{"@type":"ListItem","position":2,"name":"4-1. Wet magnetic separator"}]},{"@type":"WebSite","@id":"https:\/\/hengxingmachinery.com\/#website","url":"https:\/\/hengxingmachinery.com\/","name":"Maquinaria Hengxing","description":"Fabricante l\u00edder de todo tipo de maquinaria minera","publisher":{"@id":"https:\/\/hengxingmachinery.com\/#organization"},"potentialAction":[{"@type":"SearchAction","target":{"@type":"EntryPoint","urlTemplate":"https:\/\/hengxingmachinery.com\/?s={search_term_string}"},"query-input":{"@type":"PropertyValueSpecification","valueRequired":true,"valueName":"search_term_string"}}],"inLanguage":"es"},{"@type":"Organization","@id":"https:\/\/hengxingmachinery.com\/#organization","name":"Maquinaria Hengxing","url":"https:\/\/hengxingmachinery.com\/","logo":{"@type":"ImageObject","inLanguage":"es","@id":"https:\/\/hengxingmachinery.com\/#\/schema\/logo\/image\/","url":"https:\/\/hengxingmachinery.com\/wp-content\/uploads\/2024\/12\/logo.png","contentUrl":"https:\/\/hengxingmachinery.com\/wp-content\/uploads\/2024\/12\/logo.png","width":400,"height":260,"caption":"Hengxing Machinery"},"image":{"@id":"https:\/\/hengxingmachinery.com\/#\/schema\/logo\/image\/"}}]}},"_links":{"self":[{"href":"https:\/\/hengxingmachinery.com\/es\/wp-json\/wp\/v2\/pages\/2433","targetHints":{"allow":["GET"]}}],"collection":[{"href":"https:\/\/hengxingmachinery.com\/es\/wp-json\/wp\/v2\/pages"}],"about":[{"href":"https:\/\/hengxingmachinery.com\/es\/wp-json\/wp\/v2\/types\/page"}],"author":[{"embeddable":true,"href":"https:\/\/hengxingmachinery.com\/es\/wp-json\/wp\/v2\/users\/1"}],"replies":[{"embeddable":true,"href":"https:\/\/hengxingmachinery.com\/es\/wp-json\/wp\/v2\/comments?post=2433"}],"version-history":[{"count":3,"href":"https:\/\/hengxingmachinery.com\/es\/wp-json\/wp\/v2\/pages\/2433\/revisions"}],"predecessor-version":[{"id":2519,"href":"https:\/\/hengxingmachinery.com\/es\/wp-json\/wp\/v2\/pages\/2433\/revisions\/2519"}],"wp:attachment":[{"href":"https:\/\/hengxingmachinery.com\/es\/wp-json\/wp\/v2\/media?parent=2433"}],"curies":[{"name":"wp","href":"https:\/\/api.w.org\/{rel}","templated":true}]}}