{"id":2435,"date":"2025-03-21T08:51:29","date_gmt":"2025-03-21T08:51:29","guid":{"rendered":"https:\/\/hengxingmachinery.com\/?page_id=2435"},"modified":"2025-03-21T08:51:50","modified_gmt":"2025-03-21T08:51:50","slug":"jaw-crusher","status":"publish","type":"page","link":"https:\/\/hengxingmachinery.com\/es\/jaw-crusher\/","title":{"rendered":"1-1. Trituradora de Mand\u00edbula"},"content":{"rendered":"<div class=\"gb-container gb-container-45165f5a\">\n<div class=\"gb-container gb-container-c2652eb4\">\n\n<h1 class=\"gb-headline gb-headline-62a8b2cc gb-headline-text\">Trituradora de mand\u00edbula<\/h1>\n\n<\/div>\n<\/div>\n\n<div class=\"gb-container gb-container-519cf624\">\n<div class=\"gb-container gb-container-71ca071e\">\n<div class=\"gb-grid-wrapper gb-grid-wrapper-8a5f0688\">\n<div class=\"gb-grid-column gb-grid-column-1e99b1c2\"><div class=\"gb-container gb-container-1e99b1c2\">\n\n<figure class=\"gb-block-image gb-block-image-e4eaba54\"><img decoding=\"async\" width=\"665\" height=\"545\" class=\"gb-image gb-image-e4eaba54\" src=\"https:\/\/hengxingmachinery.com\/wp-content\/uploads\/2025\/03\/jaw-crusher-for-sale.jpg\" alt=\"\" title=\"trituradora-de-mandibula-para-la-venta\" srcset=\"https:\/\/hengxingmachinery.com\/wp-content\/uploads\/2025\/03\/jaw-crusher-for-sale.jpg 665w, https:\/\/hengxingmachinery.com\/wp-content\/uploads\/2025\/03\/jaw-crusher-for-sale-300x246.jpg 300w, https:\/\/hengxingmachinery.com\/wp-content\/uploads\/2025\/03\/jaw-crusher-for-sale-15x12.jpg 15w\" sizes=\"(max-width: 665px) 100vw, 665px\" \/><\/figure>\n\n<\/div><\/div>\n\n<div class=\"gb-grid-column gb-grid-column-bcae065b\"><div class=\"gb-container gb-container-bcae065b\">\n\n<p class=\"gb-headline gb-headline-ef397977 gb-headline-text\"><strong><mark style=\"background-color:rgba(0, 0, 0, 0)\" class=\"has-inline-color has-global-color-8-color\">Tama\u00f1o del pienso:<\/mark><\/strong> \u22641200 mm<\/p>\n\n\n\n<p class=\"gb-headline gb-headline-3f6ebb80 gb-headline-text\"><strong><mark style=\"background-color:rgba(0, 0, 0, 0)\" class=\"has-inline-color has-global-color-8-color\">Capacidad de producci\u00f3n:<\/mark><\/strong> 1-1000 t\/h<\/p>\n\n\n\n<p class=\"gb-headline gb-headline-ba63ecfc gb-headline-text\"><strong><mark style=\"background-color:rgba(0, 0, 0, 0)\" class=\"has-inline-color has-global-color-8-color\">\u00c1mbito de aplicaci\u00f3n:<\/mark><\/strong> Sectores industriales como metalurgia, industria qu\u00edmica, materiales de construcci\u00f3n, energ\u00eda el\u00e9ctrica y transporte.<\/p>\n\n\n\n<p class=\"gb-headline gb-headline-3cd6f7ad gb-headline-text\"><strong><mark style=\"background-color:rgba(0, 0, 0, 0)\" class=\"has-inline-color has-global-color-8-color\">Materiales aplicables:<\/mark><\/strong> Materiales como granito, dolomita, canto rodado, piedra de cuarzo, entre otros.<\/p>\n\n\n\n<p class=\"gb-headline gb-headline-c3e5eade gb-headline-text\"><strong><mark style=\"background-color:rgba(0, 0, 0, 0)\" class=\"has-inline-color has-global-color-8-color\">Especificaciones del producto terminado:<\/mark><\/strong> 10-350 (mm)<\/p>\n\n\n<div class=\"gb-container gb-container-256e15f1\">\n\n<a class=\"gb-button gb-button-e8b73d89 gb-button-text\" href=\"#popmake-622\">Obtener presupuesto gratuito<\/a>\n\n<\/div>\n<\/div><\/div>\n<\/div>\n<\/div>\n<\/div>\n\n<div class=\"gb-container gb-container-3a930c38\">\n<div class=\"gb-container gb-container-8a36e90a\">\n\n<h2 class=\"gb-headline gb-headline-a5d3273c gb-headline-text\">Caracter\u00edsticas de la trituradora de mand\u00edbula<\/h2>\n\n\n\n<figure class=\"gb-block-image gb-block-image-1c359176\"><img decoding=\"async\" width=\"800\" height=\"500\" class=\"gb-image gb-image-1c359176\" src=\"https:\/\/hengxingmachinery.com\/wp-content\/uploads\/2025\/03\/jaw-crusher-features.jpg\" alt=\"\" title=\"caracteristicas-de-la-trituradora-de-mandibula\" srcset=\"https:\/\/hengxingmachinery.com\/wp-content\/uploads\/2025\/03\/jaw-crusher-features.jpg 800w, https:\/\/hengxingmachinery.com\/wp-content\/uploads\/2025\/03\/jaw-crusher-features-300x188.jpg 300w, https:\/\/hengxingmachinery.com\/wp-content\/uploads\/2025\/03\/jaw-crusher-features-768x480.jpg 768w, https:\/\/hengxingmachinery.com\/wp-content\/uploads\/2025\/03\/jaw-crusher-features-18x12.jpg 18w\" sizes=\"(max-width: 800px) 100vw, 800px\" \/><\/figure>\n\n\n\n<p>1. Gran relaci\u00f3n de trituraci\u00f3n, granulometr\u00eda uniforme del producto terminado.<\/p>\n\n\n\n<p>2. Estructura avanzada, funcionamiento confiable, bajos costos de operaci\u00f3n.<\/p>\n\n\n\n<p>3. Sistema de lubricaci\u00f3n seguro y confiable, f\u00e1cil reemplazo de piezas.<\/p>\n\n\n\n<p>4. C\u00e1mara de trituraci\u00f3n sin zonas muertas.<\/p>\n\n\n\n<p>5. Mejora de la capacidad de alimentaci\u00f3n y la producci\u00f3n.<\/p>\n\n\n\n<p>6. Alta eficiencia y ahorro de energ\u00eda.<\/p>\n\n\n\n<p>7. Amplio rango de ajuste de la boca de descarga.<\/p>\n\n\n<div class=\"gb-container gb-container-96208927\">\n\n<a class=\"gb-button gb-button-429870c5 gb-button-text\" href=\"#popmake-622\">Obtener presupuesto gratuito<\/a>\n\n<\/div>\n<\/div>\n<\/div>\n\n<div class=\"gb-container gb-container-964e4927\">\n<div class=\"gb-container gb-container-50856d9e\">\n\n<h2 class=\"gb-headline gb-headline-2c9547c9 gb-headline-text\">Aplicaciones de la trituradora de mand\u00edbula<\/h2>\n\n\n\n<figure class=\"gb-block-image gb-block-image-c90a2a22\"><img decoding=\"async\" width=\"800\" height=\"500\" class=\"gb-image gb-image-c90a2a22\" src=\"https:\/\/hengxingmachinery.com\/wp-content\/uploads\/2025\/03\/jaw-crusher-application.jpg\" alt=\"\" title=\"aplicacion-de-la-trituradora-de-mandibula\" srcset=\"https:\/\/hengxingmachinery.com\/wp-content\/uploads\/2025\/03\/jaw-crusher-application.jpg 800w, https:\/\/hengxingmachinery.com\/wp-content\/uploads\/2025\/03\/jaw-crusher-application-300x188.jpg 300w, https:\/\/hengxingmachinery.com\/wp-content\/uploads\/2025\/03\/jaw-crusher-application-768x480.jpg 768w, https:\/\/hengxingmachinery.com\/wp-content\/uploads\/2025\/03\/jaw-crusher-application-18x12.jpg 18w\" sizes=\"(max-width: 800px) 100vw, 800px\" \/><\/figure>\n\n\n\n<p>La trituradora de mand\u00edbula se utiliza ampliamente en las industrias minera, de materiales de construcci\u00f3n, carreteras, ferrocarriles e hidroel\u00e9ctrica, entre otras. El proceso de trituraci\u00f3n y cribado puede completarse de una sola vez para producir el tama\u00f1o requerido.\u00a0<\/p>\n\n\n\n<p>Una trituradora de mand\u00edbula es el equipo de trituraci\u00f3n primaria en la l\u00ednea de producci\u00f3n de trituraci\u00f3n; se utiliza para triturar piedras grandes (300-1200 mm) en tama\u00f1os medianos (100-200 mm). La trituradora de mand\u00edbula de tipo fino puede producir agregados de 0-40 mm. El rango de capacidad de producci\u00f3n de los diferentes modelos es de 1-1000 toneladas por hora. <\/p>\n\n\n\n<p>Zhengzhou Hengxing fabrica trituradoras de mand\u00edbula primarias y secundarias en tipo estacionario o m\u00f3vil. Como trituradora primaria, la trituradora de mand\u00edbula puede utilizarse de forma independiente o trabajar junto con la trituradora de cono y la trituradora de impacto en toda la l\u00ednea de trituraci\u00f3n de piedra. <\/p>\n\n\n\n<p>Las trituradoras de mand\u00edbula se utilizan ampliamente no solo en minas y plantas qu\u00edmicas, sino tambi\u00e9n en plantas de trituraci\u00f3n de agregados p\u00e9treos y caliza.<\/p>\n\n\n\n<p>Esta trituradora de mand\u00edbula, con su c\u00e1mara de trituraci\u00f3n, un pesado eje exc\u00e9ntrico y una placa de mand\u00edbula de acero al manganeso de alta calidad, ofrece ventajas de alta eficiencia, fuerte capacidad de trituraci\u00f3n y bajos costos de inversi\u00f3n.<\/p>\n\n\n<div class=\"gb-container gb-container-66108189\">\n\n<a class=\"gb-button gb-button-1e0371a5 gb-button-text\" href=\"#popmake-622\">Obtener presupuesto gratuito<\/a>\n\n<\/div>\n<\/div>\n<\/div>\n\n<div class=\"gb-container gb-container-3d8a387f\">\n<div class=\"gb-container gb-container-8f7969e6\">\n\n<h2 class=\"gb-headline gb-headline-046427b9 gb-headline-text\">Principio de funcionamiento de la trituradora de mand\u00edbula<\/h2>\n\n\n\n<figure class=\"gb-block-image gb-block-image-ad054550\"><img decoding=\"async\" width=\"800\" height=\"500\" class=\"gb-image gb-image-ad054550\" src=\"https:\/\/hengxingmachinery.com\/wp-content\/uploads\/2025\/03\/jaw-crusher-components.jpg\" alt=\"\" title=\"componentes-de-la-trituradora-de-mandibula\" srcset=\"https:\/\/hengxingmachinery.com\/wp-content\/uploads\/2025\/03\/jaw-crusher-components.jpg 800w, https:\/\/hengxingmachinery.com\/wp-content\/uploads\/2025\/03\/jaw-crusher-components-300x188.jpg 300w, https:\/\/hengxingmachinery.com\/wp-content\/uploads\/2025\/03\/jaw-crusher-components-768x480.jpg 768w, https:\/\/hengxingmachinery.com\/wp-content\/uploads\/2025\/03\/jaw-crusher-components-18x12.jpg 18w\" sizes=\"(max-width: 800px) 100vw, 800px\" \/><\/figure>\n\n\n\n<p>El motor el\u00e9ctrico acciona la correa y la polea para que la mand\u00edbula m\u00f3vil se mueva hacia adelante y hacia atr\u00e1s, arriba y abajo, a trav\u00e9s del eje exc\u00e9ntrico. La materia prima se tritura cuando la placa de la mand\u00edbula m\u00f3vil se acerca a la mand\u00edbula fija junto con la mand\u00edbula m\u00f3vil. <\/p>\n\n\n\n<p>Cuando la mand\u00edbula m\u00f3vil y la placa de la mand\u00edbula m\u00f3vil retroceden por acci\u00f3n del eje exc\u00e9ntrico y el resorte, la materia prima es comprimida o fracturada antes de descargarse por la salida inferior situada debajo de la placa de la mand\u00edbula. <\/p>\n\n\n\n<p>La producci\u00f3n a granel se hace realidad mientras el motor el\u00e9ctrico gira continuamente y la mand\u00edbula m\u00f3vil tritura y descarga la materia prima peri\u00f3dicamente.<\/p>\n\n\n<div class=\"gb-container gb-container-d43bf604\">\n\n<a class=\"gb-button gb-button-7e879fbd gb-button-text\" href=\"#popmake-622\">Obtener presupuesto gratuito<\/a>\n\n<\/div>\n<\/div>\n<\/div>\n\n<div class=\"gb-container gb-container-435ad261\">\n<div class=\"gb-container gb-container-7dc79cc4\">\n\n<h2 class=\"gb-headline gb-headline-6fe5dee2 gb-headline-text\">Especificaciones de la trituradora de mand\u00edbula<\/h2>\n\n\n\n<figure class=\"wp-block-table\"><table class=\"has-fixed-layout\"><tbody><tr><td>Modelo<\/td><td>Abertura de alimentaci\u00f3n&nbsp;<br>(mm)<\/td><td>Rango de ajuste de la abertura de descarga\u00a0<br>(mm)<\/td><td>Velocidad de rotaci\u00f3n del eje exc\u00e9ntrico\u00a0<br>(rpm)<\/td><td>Capacidad de procesamiento&nbsp;<br>(t\/h)<\/td><td>Rango de ajuste de la abertura de descarga\u00a0<br>(mm)<\/td><td>Potencia del motor\u00a0<br>(kW)<\/td><td>Peso total&nbsp;<br>(t)<\/td><td>Dimensiones<br>(L\u00d7A\u00d7H)<br>(mm)<\/td><\/tr><tr><td>PE-150\u00d7250<\/td><td>150\u00d7250<\/td><td>125<\/td><td>10-40<\/td><td>1-3<\/td><td>250<\/td><td>5.5<\/td><td>0.8<\/td><td>720\u00d7660\u00d7850<\/td><\/tr><tr><td>PE-200\u00d7300<\/td><td>200\u00d7300<\/td><td>180<\/td><td>15-50<\/td><td>2-6<\/td><td>260<\/td><td>7.5<\/td><td>1.2<\/td><td>910\u00d7750\u00d7990<\/td><\/tr><tr><td>PE-250\u00d7400<\/td><td>250\u00d7400<\/td><td>210<\/td><td>20-60<\/td><td>5-20<\/td><td>300<\/td><td>15<\/td><td>2.8<\/td><td>1300\u00d71090\u00d71270<\/td><\/tr><tr><td>PE-400\u00d7600<\/td><td>400\u00d7600<\/td><td>340<\/td><td>40-100<\/td><td>16-60<\/td><td>275<\/td><td>30<\/td><td>7<\/td><td>1730\u00d71730\u00d71630<\/td><\/tr><tr><td>PE-500\u00d7750<\/td><td>500\u00d7750<\/td><td>425<\/td><td>50-100<\/td><td>40-110<\/td><td>275<\/td><td>55<\/td><td>12<\/td><td>1980\u00d72080\u00d71870<\/td><\/tr><tr><td>PE-600\u00d7900<\/td><td>600\u00d7900<\/td><td>500<\/td><td>65-160<\/td><td>50-180<\/td><td>250<\/td><td>55<\/td><td>17<\/td><td>2190\u00d72206\u00d72300<\/td><\/tr><tr><td>PE-750\u00d71060<\/td><td>750\u00d71060<\/td><td>630<\/td><td>80-140<\/td><td>110-320<\/td><td>250<\/td><td>110<\/td><td>29<\/td><td>2660\u00d72430\u00d72800<\/td><\/tr><tr><td>PE-900\u00d71200<\/td><td>900\u00d71200<\/td><td>750<\/td><td>95-165<\/td><td>220-450<\/td><td>200<\/td><td>110<\/td><td>52<\/td><td>3380\u00d72870\u00d73330<\/td><\/tr><tr><td>PE-1000\u00d71200<\/td><td>1000\u00d71200<\/td><td>850<\/td><td>195-265<\/td><td>315-500<\/td><td>200<\/td><td>110<\/td><td>55<\/td><td>3480\u00d72876\u00d73330<\/td><\/tr><tr><td>PE-1200\u00d71500<\/td><td>1200\u00d71500<\/td><td>1020<\/td><td>150-350<\/td><td>400-800<\/td><td>180<\/td><td>160-220<\/td><td>100.9<\/td><td>4200\u00d73300\u00d73500<\/td><\/tr><tr><td>PEX-150\u00d7750<\/td><td>150\u00d7750<\/td><td>125<\/td><td>18-48<\/td><td>8-25<\/td><td>320<\/td><td>15<\/td><td>3.8<\/td><td>1200\u00d71530\u00d71060<\/td><\/tr><tr><td>PEX-250\u00d7750<\/td><td>250\u00d7750<\/td><td>210<\/td><td>25-60<\/td><td>13-35<\/td><td>330<\/td><td>30<\/td><td>5.5<\/td><td>1380\u00d71750\u00d71540<\/td><\/tr><tr><td>PEX-250\u00d71000<\/td><td>250\u00d71000<\/td><td>210<\/td><td>25-60<\/td><td>16-52<\/td><td>330<\/td><td>30<\/td><td>7<\/td><td>1560\u00d71950\u00d71390<\/td><\/tr><tr><td>PEX-250\u00d71200<\/td><td>250\u00d71200<\/td><td>210<\/td><td>25-60<\/td><td>20-61<\/td><td>330<\/td><td>37<\/td><td>9.7<\/td><td>2140\u00d71660\u00d71500<\/td><\/tr><tr><td>PEX-300\u00d71300<\/td><td>300\u00d71300<\/td><td>250<\/td><td>20-90<\/td><td>16-105<\/td><td>300<\/td><td>55<\/td><td>15.6<\/td><td>2720\u00d71950\u00d71600<\/td><\/tr><\/tbody><\/table><\/figure>\n\n\n<div class=\"gb-container gb-container-263d9700\">\n\n<a class=\"gb-button gb-button-a4cbb7be gb-button-text\" href=\"#popmake-622\">Obtener presupuesto gratuito<\/a>\n\n<\/div>\n<\/div>\n<\/div>","protected":false},"excerpt":{"rendered":"<p>Jaw crusher Jaw crusher features 1. Big crushing ratio, even finished product granularity 2. Advanced structure, reliable operation, low operating costs 3. Safe and reliable lubrication system, easy replacement of parts 4. Crushing cavity without dead zone 5. Improving feeding capacity and production 6. High efficiency and energy saving 7. Wide adjustment range of discharging &#8230; <\/p>\n<p class=\"read-more-container\"><a title=\"1-1. Trituradora de Mand\u00edbula\" class=\"read-more button\" href=\"https:\/\/hengxingmachinery.com\/es\/jaw-crusher\/#more-2435\" aria-label=\"Leer m\u00e1s sobre 1-1. Jaw Crusher\">Leer m\u00e1s<\/a><\/p>","protected":false},"author":1,"featured_media":0,"parent":0,"menu_order":0,"comment_status":"closed","ping_status":"closed","template":"","meta":{"footnotes":""},"class_list":["post-2435","page","type-page","status-publish"],"yoast_head":"<!-- This site is optimized with the Yoast SEO plugin v27.4 - https:\/\/yoast.com\/product\/yoast-seo-wordpress\/ -->\n<title>1-1. Jaw Crusher - Hengxing Machinery<\/title>\n<meta name=\"robots\" content=\"index, follow, max-snippet:-1, max-image-preview:large, max-video-preview:-1\" \/>\n<link rel=\"canonical\" href=\"https:\/\/hengxingmachinery.com\/es\/jaw-crusher\/\" \/>\n<meta property=\"og:locale\" content=\"es_ES\" \/>\n<meta property=\"og:type\" content=\"article\" \/>\n<meta property=\"og:title\" content=\"1-1. Jaw Crusher - Hengxing Machinery\" \/>\n<meta property=\"og:description\" content=\"Jaw crusher Jaw crusher features 1. Big crushing ratio, even finished product granularity 2. Advanced structure, reliable operation, low operating costs 3. Safe and reliable lubrication system, easy replacement of parts 4. Crushing cavity without dead zone 5. Improving feeding capacity and production 6. High efficiency and energy saving 7. Wide adjustment range of discharging ... Leer m\u00e1s\" \/>\n<meta property=\"og:url\" content=\"https:\/\/hengxingmachinery.com\/es\/jaw-crusher\/\" \/>\n<meta property=\"og:site_name\" content=\"Hengxing Machinery\" \/>\n<meta property=\"article:modified_time\" content=\"2025-03-21T08:51:50+00:00\" \/>\n<meta property=\"og:image\" content=\"https:\/\/hengxingmachinery.com\/wp-content\/uploads\/2025\/03\/jaw-crusher-for-sale.jpg\" \/>\n<meta name=\"twitter:card\" content=\"summary_large_image\" \/>\n<meta name=\"twitter:label1\" content=\"Tiempo de lectura\" \/>\n\t<meta name=\"twitter:data1\" content=\"4 minutos\" \/>\n<script type=\"application\/ld+json\" class=\"yoast-schema-graph\">{\"@context\":\"https:\\\/\\\/schema.org\",\"@graph\":[{\"@type\":\"WebPage\",\"@id\":\"https:\\\/\\\/hengxingmachinery.com\\\/jaw-crusher\\\/\",\"url\":\"https:\\\/\\\/hengxingmachinery.com\\\/jaw-crusher\\\/\",\"name\":\"1-1. Jaw Crusher - Hengxing Machinery\",\"isPartOf\":{\"@id\":\"https:\\\/\\\/hengxingmachinery.com\\\/#website\"},\"primaryImageOfPage\":{\"@id\":\"https:\\\/\\\/hengxingmachinery.com\\\/jaw-crusher\\\/#primaryimage\"},\"image\":{\"@id\":\"https:\\\/\\\/hengxingmachinery.com\\\/jaw-crusher\\\/#primaryimage\"},\"thumbnailUrl\":\"https:\\\/\\\/hengxingmachinery.com\\\/wp-content\\\/uploads\\\/2025\\\/03\\\/jaw-crusher-for-sale.jpg\",\"datePublished\":\"2025-03-21T08:51:29+00:00\",\"dateModified\":\"2025-03-21T08:51:50+00:00\",\"breadcrumb\":{\"@id\":\"https:\\\/\\\/hengxingmachinery.com\\\/jaw-crusher\\\/#breadcrumb\"},\"inLanguage\":\"es\",\"potentialAction\":[{\"@type\":\"ReadAction\",\"target\":[\"https:\\\/\\\/hengxingmachinery.com\\\/jaw-crusher\\\/\"]}]},{\"@type\":\"ImageObject\",\"inLanguage\":\"es\",\"@id\":\"https:\\\/\\\/hengxingmachinery.com\\\/jaw-crusher\\\/#primaryimage\",\"url\":\"https:\\\/\\\/hengxingmachinery.com\\\/wp-content\\\/uploads\\\/2025\\\/03\\\/jaw-crusher-for-sale.jpg\",\"contentUrl\":\"https:\\\/\\\/hengxingmachinery.com\\\/wp-content\\\/uploads\\\/2025\\\/03\\\/jaw-crusher-for-sale.jpg\"},{\"@type\":\"BreadcrumbList\",\"@id\":\"https:\\\/\\\/hengxingmachinery.com\\\/jaw-crusher\\\/#breadcrumb\",\"itemListElement\":[{\"@type\":\"ListItem\",\"position\":1,\"name\":\"Home\",\"item\":\"https:\\\/\\\/hengxingmachinery.com\\\/\"},{\"@type\":\"ListItem\",\"position\":2,\"name\":\"1-1. Jaw Crusher\"}]},{\"@type\":\"WebSite\",\"@id\":\"https:\\\/\\\/hengxingmachinery.com\\\/#website\",\"url\":\"https:\\\/\\\/hengxingmachinery.com\\\/\",\"name\":\"Hengxing Machinery\",\"description\":\"Leading Manufacturer of All Sorts of Mining Machinery\",\"publisher\":{\"@id\":\"https:\\\/\\\/hengxingmachinery.com\\\/#organization\"},\"potentialAction\":[{\"@type\":\"SearchAction\",\"target\":{\"@type\":\"EntryPoint\",\"urlTemplate\":\"https:\\\/\\\/hengxingmachinery.com\\\/?s={search_term_string}\"},\"query-input\":{\"@type\":\"PropertyValueSpecification\",\"valueRequired\":true,\"valueName\":\"search_term_string\"}}],\"inLanguage\":\"es\"},{\"@type\":\"Organization\",\"@id\":\"https:\\\/\\\/hengxingmachinery.com\\\/#organization\",\"name\":\"Hengxing Machinery\",\"url\":\"https:\\\/\\\/hengxingmachinery.com\\\/\",\"logo\":{\"@type\":\"ImageObject\",\"inLanguage\":\"es\",\"@id\":\"https:\\\/\\\/hengxingmachinery.com\\\/#\\\/schema\\\/logo\\\/image\\\/\",\"url\":\"https:\\\/\\\/hengxingmachinery.com\\\/wp-content\\\/uploads\\\/2024\\\/12\\\/logo.png\",\"contentUrl\":\"https:\\\/\\\/hengxingmachinery.com\\\/wp-content\\\/uploads\\\/2024\\\/12\\\/logo.png\",\"width\":400,\"height\":260,\"caption\":\"Hengxing Machinery\"},\"image\":{\"@id\":\"https:\\\/\\\/hengxingmachinery.com\\\/#\\\/schema\\\/logo\\\/image\\\/\"}}]}<\/script>\n<!-- \/ Yoast SEO plugin. -->","yoast_head_json":{"title":"1-1. Trituradora de Mand\u00edbula - Maquinaria Hengxing","robots":{"index":"index","follow":"follow","max-snippet":"max-snippet:-1","max-image-preview":"max-image-preview:large","max-video-preview":"max-video-preview:-1"},"canonical":"https:\/\/hengxingmachinery.com\/es\/jaw-crusher\/","og_locale":"es_ES","og_type":"article","og_title":"1-1. Jaw Crusher - Hengxing Machinery","og_description":"Jaw crusher Jaw crusher features 1. Big crushing ratio, even finished product granularity 2. Advanced structure, reliable operation, low operating costs 3. Safe and reliable lubrication system, easy replacement of parts 4. Crushing cavity without dead zone 5. Improving feeding capacity and production 6. High efficiency and energy saving 7. Wide adjustment range of discharging ... Leer m\u00e1s","og_url":"https:\/\/hengxingmachinery.com\/es\/jaw-crusher\/","og_site_name":"Hengxing Machinery","article_modified_time":"2025-03-21T08:51:50+00:00","og_image":[{"url":"https:\/\/hengxingmachinery.com\/wp-content\/uploads\/2025\/03\/jaw-crusher-for-sale.jpg","type":"","width":"","height":""}],"twitter_card":"summary_large_image","twitter_misc":{"Tiempo de lectura":"4 minutos"},"schema":{"@context":"https:\/\/schema.org","@graph":[{"@type":"WebPage","@id":"https:\/\/hengxingmachinery.com\/jaw-crusher\/","url":"https:\/\/hengxingmachinery.com\/jaw-crusher\/","name":"1-1. Trituradora de Mand\u00edbula - Maquinaria Hengxing","isPartOf":{"@id":"https:\/\/hengxingmachinery.com\/#website"},"primaryImageOfPage":{"@id":"https:\/\/hengxingmachinery.com\/jaw-crusher\/#primaryimage"},"image":{"@id":"https:\/\/hengxingmachinery.com\/jaw-crusher\/#primaryimage"},"thumbnailUrl":"https:\/\/hengxingmachinery.com\/wp-content\/uploads\/2025\/03\/jaw-crusher-for-sale.jpg","datePublished":"2025-03-21T08:51:29+00:00","dateModified":"2025-03-21T08:51:50+00:00","breadcrumb":{"@id":"https:\/\/hengxingmachinery.com\/jaw-crusher\/#breadcrumb"},"inLanguage":"es","potentialAction":[{"@type":"ReadAction","target":["https:\/\/hengxingmachinery.com\/jaw-crusher\/"]}]},{"@type":"ImageObject","inLanguage":"es","@id":"https:\/\/hengxingmachinery.com\/jaw-crusher\/#primaryimage","url":"https:\/\/hengxingmachinery.com\/wp-content\/uploads\/2025\/03\/jaw-crusher-for-sale.jpg","contentUrl":"https:\/\/hengxingmachinery.com\/wp-content\/uploads\/2025\/03\/jaw-crusher-for-sale.jpg"},{"@type":"BreadcrumbList","@id":"https:\/\/hengxingmachinery.com\/jaw-crusher\/#breadcrumb","itemListElement":[{"@type":"ListItem","position":1,"name":"Home","item":"https:\/\/hengxingmachinery.com\/"},{"@type":"ListItem","position":2,"name":"1-1. Jaw Crusher"}]},{"@type":"WebSite","@id":"https:\/\/hengxingmachinery.com\/#website","url":"https:\/\/hengxingmachinery.com\/","name":"Maquinaria Hengxing","description":"Fabricante l\u00edder de todo tipo de maquinaria minera","publisher":{"@id":"https:\/\/hengxingmachinery.com\/#organization"},"potentialAction":[{"@type":"SearchAction","target":{"@type":"EntryPoint","urlTemplate":"https:\/\/hengxingmachinery.com\/?s={search_term_string}"},"query-input":{"@type":"PropertyValueSpecification","valueRequired":true,"valueName":"search_term_string"}}],"inLanguage":"es"},{"@type":"Organization","@id":"https:\/\/hengxingmachinery.com\/#organization","name":"Maquinaria Hengxing","url":"https:\/\/hengxingmachinery.com\/","logo":{"@type":"ImageObject","inLanguage":"es","@id":"https:\/\/hengxingmachinery.com\/#\/schema\/logo\/image\/","url":"https:\/\/hengxingmachinery.com\/wp-content\/uploads\/2024\/12\/logo.png","contentUrl":"https:\/\/hengxingmachinery.com\/wp-content\/uploads\/2024\/12\/logo.png","width":400,"height":260,"caption":"Hengxing Machinery"},"image":{"@id":"https:\/\/hengxingmachinery.com\/#\/schema\/logo\/image\/"}}]}},"_links":{"self":[{"href":"https:\/\/hengxingmachinery.com\/es\/wp-json\/wp\/v2\/pages\/2435","targetHints":{"allow":["GET"]}}],"collection":[{"href":"https:\/\/hengxingmachinery.com\/es\/wp-json\/wp\/v2\/pages"}],"about":[{"href":"https:\/\/hengxingmachinery.com\/es\/wp-json\/wp\/v2\/types\/page"}],"author":[{"embeddable":true,"href":"https:\/\/hengxingmachinery.com\/es\/wp-json\/wp\/v2\/users\/1"}],"replies":[{"embeddable":true,"href":"https:\/\/hengxingmachinery.com\/es\/wp-json\/wp\/v2\/comments?post=2435"}],"version-history":[{"count":3,"href":"https:\/\/hengxingmachinery.com\/es\/wp-json\/wp\/v2\/pages\/2435\/revisions"}],"predecessor-version":[{"id":2582,"href":"https:\/\/hengxingmachinery.com\/es\/wp-json\/wp\/v2\/pages\/2435\/revisions\/2582"}],"wp:attachment":[{"href":"https:\/\/hengxingmachinery.com\/es\/wp-json\/wp\/v2\/media?parent=2435"}],"curies":[{"name":"wp","href":"https:\/\/api.w.org\/{rel}","templated":true}]}}