{"id":2436,"date":"2025-03-21T09:04:37","date_gmt":"2025-03-21T09:04:37","guid":{"rendered":"https:\/\/hengxingmachinery.com\/?page_id=2436"},"modified":"2025-03-21T09:05:13","modified_gmt":"2025-03-21T09:05:13","slug":"small-jaw-crushers","status":"publish","type":"page","link":"https:\/\/hengxingmachinery.com\/es\/small-jaw-crushers\/","title":{"rendered":"1-1. Trituradora de mand\u00edbula peque\u00f1a"},"content":{"rendered":"<div class=\"gb-container gb-container-45165f5a\">\n<div class=\"gb-container gb-container-c2652eb4\">\n\n<h1 class=\"gb-headline gb-headline-62a8b2cc gb-headline-text\">Trituradoras de mand\u00edbulas peque\u00f1as<\/h1>\n\n<\/div>\n<\/div>\n\n<div class=\"gb-container gb-container-519cf624\">\n<div class=\"gb-container gb-container-71ca071e\">\n<div class=\"gb-grid-wrapper gb-grid-wrapper-8a5f0688\">\n<div class=\"gb-grid-column gb-grid-column-1e99b1c2\"><div class=\"gb-container gb-container-1e99b1c2\">\n\n<figure class=\"gb-block-image gb-block-image-e4eaba54\"><img decoding=\"async\" width=\"665\" height=\"545\" class=\"gb-image gb-image-e4eaba54\" src=\"https:\/\/hengxingmachinery.com\/wp-content\/uploads\/2025\/03\/small-jaw-crusher-for-sale.jpg\" alt=\"\" title=\"trituradora-de-mand\u00edbula-peque\u00f1a-en-venta\" srcset=\"https:\/\/hengxingmachinery.com\/wp-content\/uploads\/2025\/03\/small-jaw-crusher-for-sale.jpg 665w, https:\/\/hengxingmachinery.com\/wp-content\/uploads\/2025\/03\/small-jaw-crusher-for-sale-300x246.jpg 300w, https:\/\/hengxingmachinery.com\/wp-content\/uploads\/2025\/03\/small-jaw-crusher-for-sale-15x12.jpg 15w\" sizes=\"(max-width: 665px) 100vw, 665px\" \/><\/figure>\n\n<\/div><\/div>\n\n<div class=\"gb-grid-column gb-grid-column-bcae065b\"><div class=\"gb-container gb-container-bcae065b\">\n\n<p>La trituradora de mand\u00edbula peque\u00f1a est\u00e1 dise\u00f1ada para triturar r\u00e1pidamente \u00e1ridos, minerales, carb\u00f3n, coque, productos qu\u00edmicos y otros materiales similares. Existen dos tipos: trituradora de mand\u00edbula peque\u00f1a fija y port\u00e1til, con motor el\u00e9ctrico o di\u00e9sel. La trituradora de mand\u00edbula tambi\u00e9n puede ser m\u00f3vil y accionada por motor di\u00e9sel si el espacio de trabajo es limitado.<\/p>\n\n\n<div class=\"gb-container gb-container-256e15f1\">\n\n<a class=\"gb-button gb-button-e8b73d89 gb-button-text\" href=\"#popmake-622\">Obtener presupuesto gratuito<\/a>\n\n<\/div>\n<\/div><\/div>\n<\/div>\n<\/div>\n<\/div>\n\n<div class=\"gb-container gb-container-3a930c38\">\n<div class=\"gb-container gb-container-8a36e90a\">\n\n<h2 class=\"gb-headline gb-headline-a5d3273c gb-headline-text\">Aplicaci\u00f3n de la trituradora de mand\u00edbula peque\u00f1a<\/h2>\n\n\n\n<figure class=\"gb-block-image gb-block-image-1c359176\"><img decoding=\"async\" width=\"800\" height=\"500\" class=\"gb-image gb-image-1c359176\" src=\"https:\/\/hengxingmachinery.com\/wp-content\/uploads\/2025\/03\/small-jaw-crusher-working.jpg\" alt=\"\" title=\"trituradora-de-mand\u00edbula-peque\u00f1a-funcionando\" srcset=\"https:\/\/hengxingmachinery.com\/wp-content\/uploads\/2025\/03\/small-jaw-crusher-working.jpg 800w, https:\/\/hengxingmachinery.com\/wp-content\/uploads\/2025\/03\/small-jaw-crusher-working-300x188.jpg 300w, https:\/\/hengxingmachinery.com\/wp-content\/uploads\/2025\/03\/small-jaw-crusher-working-768x480.jpg 768w, https:\/\/hengxingmachinery.com\/wp-content\/uploads\/2025\/03\/small-jaw-crusher-working-18x12.jpg 18w\" sizes=\"(max-width: 800px) 100vw, 800px\" \/><\/figure>\n\n\n\n<p>Las trituradoras de mand\u00edbula peque\u00f1as se utilizan principalmente para triturar diversos tipos de piedras y materiales en bloque, convirti\u00e9ndolos en grava de grano medio. Los materiales a triturar pueden ser minerales duros, semiduros y blandos, cuya resistencia a la compresi\u00f3n no debe superar los 320 MPa.<\/p>\n\n\n<div class=\"gb-container gb-container-96208927\">\n\n<a class=\"gb-button gb-button-429870c5 gb-button-text\" href=\"#popmake-622\">Obtener presupuesto gratuito<\/a>\n\n<\/div>\n<\/div>\n<\/div>\n\n<div class=\"gb-container gb-container-5a2b8dfb\">\n<div class=\"gb-container gb-container-feab7c90\">\n\n<h2 class=\"gb-headline gb-headline-c7601e0a gb-headline-text\">Principio de funcionamiento de la trituradora de mand\u00edbula peque\u00f1a<\/h2>\n\n\n\n<p>Esta m\u00e1quina utiliza un motor como fuente de energ\u00eda. A trav\u00e9s de las poleas del motor, el eje exc\u00e9ntrico es accionado por la correa triangular y la rueda ranurada para que la placa de mand\u00edbula m\u00f3vil se desplace por una trayectoria regulada. Por lo tanto, los materiales en la c\u00e1mara de trituraci\u00f3n, compuesta por la placa de mand\u00edbula fija, la placa de mand\u00edbula m\u00f3vil y la placa lateral, se trituran y se descargan a trav\u00e9s de la abertura de descarga.<\/p>\n\n\n<div class=\"gb-container gb-container-2eb6f9a4\">\n\n<a class=\"gb-button gb-button-af7fb88d gb-button-text\" href=\"#popmake-622\">Obtener presupuesto gratuito<\/a>\n\n<\/div>\n<\/div>\n<\/div>\n\n<div class=\"gb-container gb-container-435ad261\">\n<div class=\"gb-container gb-container-7dc79cc4\">\n\n<h2 class=\"gb-headline gb-headline-6fe5dee2 gb-headline-text\">Especificaciones de la trituradora de mand\u00edbula peque\u00f1a<\/h2>\n\n\n\n<figure class=\"wp-block-table\"><table class=\"has-fixed-layout\"><tbody><tr><td>Modelo<\/td><td>Abertura de alimentaci\u00f3n&nbsp;<br>(mm)<\/td><td>Rango de ajuste de la abertura de descarga\u00a0<br>(mm)<\/td><td>Velocidad de rotaci\u00f3n del eje exc\u00e9ntrico\u00a0<br>(rpm)<\/td><td>Capacidad de procesamiento&nbsp;<br>(t\/h)<\/td><td>Velocidad de rotaci\u00f3n del eje exc\u00e9ntrico&nbsp;<br>(rpm)<\/td><td>Rango de ajuste de la abertura de descarga\u00a0<br>(mm)<\/td><td>Peso total&nbsp;<br>(t)<\/td><td>Dimensiones<br>(L\u00d7A\u00d7H)<br>(mm)<\/td><\/tr><tr><td>PE-150\u00d7250<\/td><td>150\u00d7250<\/td><td>125<\/td><td>10-40<\/td><td>1-3<\/td><td>250<\/td><td>5.5<\/td><td>0.8<\/td><td>720\u00d7660\u00d7850<\/td><\/tr><tr><td>PE-200\u00d7300<\/td><td>200\u00d7300<\/td><td>180<\/td><td>15-50<\/td><td>2-6<\/td><td>260<\/td><td>7.5<\/td><td>1.2<\/td><td>910\u00d7750\u00d7990<\/td><\/tr><tr><td>PE-250\u00d7400<\/td><td>250\u00d7400<\/td><td>210<\/td><td>20-60<\/td><td>5-20<\/td><td>300<\/td><td>15<\/td><td>2.8<\/td><td>1300\u00d71090\u00d71270<\/td><\/tr><tr><td>PE-400\u00d7600<\/td><td>400\u00d7600<\/td><td>340<\/td><td>40-100<\/td><td>16-60<\/td><td>275<\/td><td>30<\/td><td>7<\/td><td>1730\u00d71730\u00d71630<\/td><\/tr><tr><td>PE-500\u00d7750<\/td><td>500\u00d7750<\/td><td>425<\/td><td>50-100<\/td><td>40-110<\/td><td>275<\/td><td>55<\/td><td>12<\/td><td>1980\u00d72080\u00d71870<\/td><\/tr><tr><td>PEX-150\u00d7750<\/td><td>150\u00d7750<\/td><td>125<\/td><td>18-48<\/td><td>8-25<\/td><td>320<\/td><td>15<\/td><td>3.8<\/td><td>1200\u00d71530\u00d71060<\/td><\/tr><tr><td>PEX-250\u00d7750<\/td><td>250\u00d7750<\/td><td>210<\/td><td>25-60<\/td><td>13-35<\/td><td>330<\/td><td>30<\/td><td>5.5<\/td><td>1380\u00d71750\u00d71540<\/td><\/tr><tr><td>PEX-250\u00d71000<\/td><td>250\u00d71000<\/td><td>210<\/td><td>25-60<\/td><td>16-52<\/td><td>330<\/td><td>30<\/td><td>7<\/td><td>1560\u00d71950\u00d71390<\/td><\/tr><tr><td>PEX-250\u00d71200<\/td><td>250\u00d71200<\/td><td>210<\/td><td>25-60<\/td><td>20-61<\/td><td>330<\/td><td>37<\/td><td>9.7<\/td><td>2140\u00d71660\u00d71500<\/td><\/tr><\/tbody><\/table><\/figure>\n\n\n<div class=\"gb-container gb-container-263d9700\">\n\n<a class=\"gb-button gb-button-a4cbb7be gb-button-text\" href=\"#popmake-622\">Obtener presupuesto gratuito<\/a>\n\n<\/div>\n<\/div>\n<\/div>","protected":false},"excerpt":{"rendered":"<p>Small jaw crushers Small jaw crusher application Small Jaw crusher are primarily used for crushing various kinds of stones and lump materials into medium-grained gravel. The materials to be crushed can be hard, medium-hard and soft minerals whose compressive strength should be not more than 320 MPa. Small jaw crusher working principle This machine uses &#8230; <\/p>\n<p class=\"read-more-container\"><a title=\"1-1. Trituradora de mand\u00edbula peque\u00f1a\" class=\"read-more button\" href=\"https:\/\/hengxingmachinery.com\/es\/small-jaw-crushers\/#more-2436\" aria-label=\"Leer m\u00e1s sobre 1-1. Small jaw crusher\">Leer m\u00e1s<\/a><\/p>","protected":false},"author":1,"featured_media":0,"parent":0,"menu_order":0,"comment_status":"closed","ping_status":"closed","template":"","meta":{"footnotes":""},"class_list":["post-2436","page","type-page","status-publish"],"yoast_head":"<!-- This site is optimized with the Yoast SEO plugin v27.4 - https:\/\/yoast.com\/product\/yoast-seo-wordpress\/ -->\n<title>1-1. Small jaw crusher - Hengxing Machinery<\/title>\n<meta name=\"robots\" content=\"index, follow, max-snippet:-1, max-image-preview:large, max-video-preview:-1\" \/>\n<link rel=\"canonical\" href=\"https:\/\/hengxingmachinery.com\/es\/small-jaw-crushers\/\" \/>\n<meta property=\"og:locale\" content=\"es_ES\" \/>\n<meta property=\"og:type\" content=\"article\" \/>\n<meta property=\"og:title\" content=\"1-1. Small jaw crusher - Hengxing Machinery\" \/>\n<meta property=\"og:description\" content=\"Small jaw crushers Small jaw crusher application Small Jaw crusher are primarily used for crushing various kinds of stones and lump materials into medium-grained gravel. The materials to be crushed can be hard, medium-hard and soft minerals whose compressive strength should be not more than 320 MPa. Small jaw crusher working principle This machine uses ... Leer m\u00e1s\" \/>\n<meta property=\"og:url\" content=\"https:\/\/hengxingmachinery.com\/es\/small-jaw-crushers\/\" \/>\n<meta property=\"og:site_name\" content=\"Hengxing Machinery\" \/>\n<meta property=\"article:modified_time\" content=\"2025-03-21T09:05:13+00:00\" \/>\n<meta property=\"og:image\" content=\"https:\/\/hengxingmachinery.com\/wp-content\/uploads\/2025\/03\/small-jaw-crusher-for-sale.jpg\" \/>\n<meta name=\"twitter:card\" content=\"summary_large_image\" \/>\n<meta name=\"twitter:label1\" content=\"Tiempo de lectura\" \/>\n\t<meta name=\"twitter:data1\" content=\"2 minutos\" \/>\n<script type=\"application\/ld+json\" class=\"yoast-schema-graph\">{\"@context\":\"https:\\\/\\\/schema.org\",\"@graph\":[{\"@type\":\"WebPage\",\"@id\":\"https:\\\/\\\/hengxingmachinery.com\\\/small-jaw-crushers\\\/\",\"url\":\"https:\\\/\\\/hengxingmachinery.com\\\/small-jaw-crushers\\\/\",\"name\":\"1-1. Small jaw crusher - Hengxing Machinery\",\"isPartOf\":{\"@id\":\"https:\\\/\\\/hengxingmachinery.com\\\/#website\"},\"primaryImageOfPage\":{\"@id\":\"https:\\\/\\\/hengxingmachinery.com\\\/small-jaw-crushers\\\/#primaryimage\"},\"image\":{\"@id\":\"https:\\\/\\\/hengxingmachinery.com\\\/small-jaw-crushers\\\/#primaryimage\"},\"thumbnailUrl\":\"https:\\\/\\\/hengxingmachinery.com\\\/wp-content\\\/uploads\\\/2025\\\/03\\\/small-jaw-crusher-for-sale.jpg\",\"datePublished\":\"2025-03-21T09:04:37+00:00\",\"dateModified\":\"2025-03-21T09:05:13+00:00\",\"breadcrumb\":{\"@id\":\"https:\\\/\\\/hengxingmachinery.com\\\/small-jaw-crushers\\\/#breadcrumb\"},\"inLanguage\":\"es\",\"potentialAction\":[{\"@type\":\"ReadAction\",\"target\":[\"https:\\\/\\\/hengxingmachinery.com\\\/small-jaw-crushers\\\/\"]}]},{\"@type\":\"ImageObject\",\"inLanguage\":\"es\",\"@id\":\"https:\\\/\\\/hengxingmachinery.com\\\/small-jaw-crushers\\\/#primaryimage\",\"url\":\"https:\\\/\\\/hengxingmachinery.com\\\/wp-content\\\/uploads\\\/2025\\\/03\\\/small-jaw-crusher-for-sale.jpg\",\"contentUrl\":\"https:\\\/\\\/hengxingmachinery.com\\\/wp-content\\\/uploads\\\/2025\\\/03\\\/small-jaw-crusher-for-sale.jpg\"},{\"@type\":\"BreadcrumbList\",\"@id\":\"https:\\\/\\\/hengxingmachinery.com\\\/small-jaw-crushers\\\/#breadcrumb\",\"itemListElement\":[{\"@type\":\"ListItem\",\"position\":1,\"name\":\"Home\",\"item\":\"https:\\\/\\\/hengxingmachinery.com\\\/\"},{\"@type\":\"ListItem\",\"position\":2,\"name\":\"1-1. Small jaw crusher\"}]},{\"@type\":\"WebSite\",\"@id\":\"https:\\\/\\\/hengxingmachinery.com\\\/#website\",\"url\":\"https:\\\/\\\/hengxingmachinery.com\\\/\",\"name\":\"Hengxing Machinery\",\"description\":\"Leading Manufacturer of All Sorts of Mining Machinery\",\"publisher\":{\"@id\":\"https:\\\/\\\/hengxingmachinery.com\\\/#organization\"},\"potentialAction\":[{\"@type\":\"SearchAction\",\"target\":{\"@type\":\"EntryPoint\",\"urlTemplate\":\"https:\\\/\\\/hengxingmachinery.com\\\/?s={search_term_string}\"},\"query-input\":{\"@type\":\"PropertyValueSpecification\",\"valueRequired\":true,\"valueName\":\"search_term_string\"}}],\"inLanguage\":\"es\"},{\"@type\":\"Organization\",\"@id\":\"https:\\\/\\\/hengxingmachinery.com\\\/#organization\",\"name\":\"Hengxing Machinery\",\"url\":\"https:\\\/\\\/hengxingmachinery.com\\\/\",\"logo\":{\"@type\":\"ImageObject\",\"inLanguage\":\"es\",\"@id\":\"https:\\\/\\\/hengxingmachinery.com\\\/#\\\/schema\\\/logo\\\/image\\\/\",\"url\":\"https:\\\/\\\/hengxingmachinery.com\\\/wp-content\\\/uploads\\\/2024\\\/12\\\/logo.png\",\"contentUrl\":\"https:\\\/\\\/hengxingmachinery.com\\\/wp-content\\\/uploads\\\/2024\\\/12\\\/logo.png\",\"width\":400,\"height\":260,\"caption\":\"Hengxing Machinery\"},\"image\":{\"@id\":\"https:\\\/\\\/hengxingmachinery.com\\\/#\\\/schema\\\/logo\\\/image\\\/\"}}]}<\/script>\n<!-- \/ Yoast SEO plugin. -->","yoast_head_json":{"title":"1-1. Trituradora de mand\u00edbula peque\u00f1a - Maquinaria Hengxing","robots":{"index":"index","follow":"follow","max-snippet":"max-snippet:-1","max-image-preview":"max-image-preview:large","max-video-preview":"max-video-preview:-1"},"canonical":"https:\/\/hengxingmachinery.com\/es\/small-jaw-crushers\/","og_locale":"es_ES","og_type":"article","og_title":"1-1. Small jaw crusher - Hengxing Machinery","og_description":"Small jaw crushers Small jaw crusher application Small Jaw crusher are primarily used for crushing various kinds of stones and lump materials into medium-grained gravel. The materials to be crushed can be hard, medium-hard and soft minerals whose compressive strength should be not more than 320 MPa. Small jaw crusher working principle This machine uses ... Leer m\u00e1s","og_url":"https:\/\/hengxingmachinery.com\/es\/small-jaw-crushers\/","og_site_name":"Hengxing Machinery","article_modified_time":"2025-03-21T09:05:13+00:00","og_image":[{"url":"https:\/\/hengxingmachinery.com\/wp-content\/uploads\/2025\/03\/small-jaw-crusher-for-sale.jpg","type":"","width":"","height":""}],"twitter_card":"summary_large_image","twitter_misc":{"Tiempo de lectura":"2 minutos"},"schema":{"@context":"https:\/\/schema.org","@graph":[{"@type":"WebPage","@id":"https:\/\/hengxingmachinery.com\/small-jaw-crushers\/","url":"https:\/\/hengxingmachinery.com\/small-jaw-crushers\/","name":"1-1. Trituradora de mand\u00edbula peque\u00f1a - Maquinaria Hengxing","isPartOf":{"@id":"https:\/\/hengxingmachinery.com\/#website"},"primaryImageOfPage":{"@id":"https:\/\/hengxingmachinery.com\/small-jaw-crushers\/#primaryimage"},"image":{"@id":"https:\/\/hengxingmachinery.com\/small-jaw-crushers\/#primaryimage"},"thumbnailUrl":"https:\/\/hengxingmachinery.com\/wp-content\/uploads\/2025\/03\/small-jaw-crusher-for-sale.jpg","datePublished":"2025-03-21T09:04:37+00:00","dateModified":"2025-03-21T09:05:13+00:00","breadcrumb":{"@id":"https:\/\/hengxingmachinery.com\/small-jaw-crushers\/#breadcrumb"},"inLanguage":"es","potentialAction":[{"@type":"ReadAction","target":["https:\/\/hengxingmachinery.com\/small-jaw-crushers\/"]}]},{"@type":"ImageObject","inLanguage":"es","@id":"https:\/\/hengxingmachinery.com\/small-jaw-crushers\/#primaryimage","url":"https:\/\/hengxingmachinery.com\/wp-content\/uploads\/2025\/03\/small-jaw-crusher-for-sale.jpg","contentUrl":"https:\/\/hengxingmachinery.com\/wp-content\/uploads\/2025\/03\/small-jaw-crusher-for-sale.jpg"},{"@type":"BreadcrumbList","@id":"https:\/\/hengxingmachinery.com\/small-jaw-crushers\/#breadcrumb","itemListElement":[{"@type":"ListItem","position":1,"name":"Home","item":"https:\/\/hengxingmachinery.com\/"},{"@type":"ListItem","position":2,"name":"1-1. Small jaw crusher"}]},{"@type":"WebSite","@id":"https:\/\/hengxingmachinery.com\/#website","url":"https:\/\/hengxingmachinery.com\/","name":"Maquinaria Hengxing","description":"Fabricante l\u00edder de todo tipo de maquinaria minera","publisher":{"@id":"https:\/\/hengxingmachinery.com\/#organization"},"potentialAction":[{"@type":"SearchAction","target":{"@type":"EntryPoint","urlTemplate":"https:\/\/hengxingmachinery.com\/?s={search_term_string}"},"query-input":{"@type":"PropertyValueSpecification","valueRequired":true,"valueName":"search_term_string"}}],"inLanguage":"es"},{"@type":"Organization","@id":"https:\/\/hengxingmachinery.com\/#organization","name":"Maquinaria Hengxing","url":"https:\/\/hengxingmachinery.com\/","logo":{"@type":"ImageObject","inLanguage":"es","@id":"https:\/\/hengxingmachinery.com\/#\/schema\/logo\/image\/","url":"https:\/\/hengxingmachinery.com\/wp-content\/uploads\/2024\/12\/logo.png","contentUrl":"https:\/\/hengxingmachinery.com\/wp-content\/uploads\/2024\/12\/logo.png","width":400,"height":260,"caption":"Hengxing Machinery"},"image":{"@id":"https:\/\/hengxingmachinery.com\/#\/schema\/logo\/image\/"}}]}},"_links":{"self":[{"href":"https:\/\/hengxingmachinery.com\/es\/wp-json\/wp\/v2\/pages\/2436","targetHints":{"allow":["GET"]}}],"collection":[{"href":"https:\/\/hengxingmachinery.com\/es\/wp-json\/wp\/v2\/pages"}],"about":[{"href":"https:\/\/hengxingmachinery.com\/es\/wp-json\/wp\/v2\/types\/page"}],"author":[{"embeddable":true,"href":"https:\/\/hengxingmachinery.com\/es\/wp-json\/wp\/v2\/users\/1"}],"replies":[{"embeddable":true,"href":"https:\/\/hengxingmachinery.com\/es\/wp-json\/wp\/v2\/comments?post=2436"}],"version-history":[{"count":3,"href":"https:\/\/hengxingmachinery.com\/es\/wp-json\/wp\/v2\/pages\/2436\/revisions"}],"predecessor-version":[{"id":2594,"href":"https:\/\/hengxingmachinery.com\/es\/wp-json\/wp\/v2\/pages\/2436\/revisions\/2594"}],"wp:attachment":[{"href":"https:\/\/hengxingmachinery.com\/es\/wp-json\/wp\/v2\/media?parent=2436"}],"curies":[{"name":"wp","href":"https:\/\/api.w.org\/{rel}","templated":true}]}}