{"id":2438,"date":"2025-03-21T09:18:38","date_gmt":"2025-03-21T09:18:38","guid":{"rendered":"https:\/\/hengxingmachinery.com\/?page_id=2438"},"modified":"2025-03-21T09:19:10","modified_gmt":"2025-03-21T09:19:10","slug":"high-efficient-impact-fine-crusher","status":"publish","type":"page","link":"https:\/\/hengxingmachinery.com\/es\/high-efficient-impact-fine-crusher\/","title":{"rendered":"1-1. Trituradora fina de impacto de alta eficiencia"},"content":{"rendered":"<div class=\"gb-container gb-container-45165f5a\">\n<div class=\"gb-container gb-container-c2652eb4\">\n\n<h1 class=\"gb-headline gb-headline-62a8b2cc gb-headline-text\">Trituradora fina de impacto de alta eficiencia<\/h1>\n\n<\/div>\n<\/div>\n\n<div class=\"gb-container gb-container-519cf624\">\n<div class=\"gb-container gb-container-71ca071e\">\n<div class=\"gb-grid-wrapper gb-grid-wrapper-8a5f0688\">\n<div class=\"gb-grid-column gb-grid-column-1e99b1c2\"><div class=\"gb-container gb-container-1e99b1c2\">\n\n<figure class=\"gb-block-image gb-block-image-e4eaba54\"><img decoding=\"async\" width=\"665\" height=\"545\" class=\"gb-image gb-image-e4eaba54\" src=\"https:\/\/hengxingmachinery.com\/wp-content\/uploads\/2025\/03\/impact-fine-crusher-sale.jpg\" alt=\"\" title=\"venta-de-triturador-fino-de-impacto\" srcset=\"https:\/\/hengxingmachinery.com\/wp-content\/uploads\/2025\/03\/impact-fine-crusher-sale.jpg 665w, https:\/\/hengxingmachinery.com\/wp-content\/uploads\/2025\/03\/impact-fine-crusher-sale-300x246.jpg 300w, https:\/\/hengxingmachinery.com\/wp-content\/uploads\/2025\/03\/impact-fine-crusher-sale-15x12.jpg 15w\" sizes=\"(max-width: 665px) 100vw, 665px\" \/><\/figure>\n\n<\/div><\/div>\n\n<div class=\"gb-grid-column gb-grid-column-bcae065b\"><div class=\"gb-container gb-container-bcae065b\">\n\n<p><strong><mark style=\"background-color:rgba(0, 0, 0, 0)\" class=\"has-inline-color has-global-color-8-color\">Tama\u00f1o de alimentaci\u00f3n del triturador fino: <\/mark><\/strong>&lt;190 mm<\/p>\n\n\n\n<p><strong><mark style=\"background-color:rgba(0, 0, 0, 0)\" class=\"has-inline-color has-global-color-8-color\">Materiales aplicables: <\/mark><\/strong>granito, basalto, piedra caliza, canto rodado, cl\u00ednker de cemento, cuarzo, mineral de hierro, bauxita y otros minerales.<\/p>\n\n\n<div class=\"gb-container gb-container-256e15f1\">\n\n<a class=\"gb-button gb-button-e8b73d89 gb-button-text\" href=\"#popmake-622\">Obtener presupuesto gratuito<\/a>\n\n<\/div>\n<\/div><\/div>\n<\/div>\n<\/div>\n<\/div>\n\n<div class=\"gb-container gb-container-3a930c38\">\n<div class=\"gb-container gb-container-8a36e90a\">\n\n<h2 class=\"gb-headline gb-headline-a5d3273c gb-headline-text\">Caracter\u00edsticas del triturador fino de impacto de alta eficiencia<\/h2>\n\n\n\n<figure class=\"gb-block-image gb-block-image-1c359176\"><img decoding=\"async\" width=\"800\" height=\"500\" class=\"gb-image gb-image-1c359176\" src=\"https:\/\/hengxingmachinery.com\/wp-content\/uploads\/2025\/03\/impact-fine-crusher-working.jpg\" alt=\"\" title=\"funcionamiento-del-triturador-fino-de-impacto\" srcset=\"https:\/\/hengxingmachinery.com\/wp-content\/uploads\/2025\/03\/impact-fine-crusher-working.jpg 800w, https:\/\/hengxingmachinery.com\/wp-content\/uploads\/2025\/03\/impact-fine-crusher-working-300x188.jpg 300w, https:\/\/hengxingmachinery.com\/wp-content\/uploads\/2025\/03\/impact-fine-crusher-working-768x480.jpg 768w, https:\/\/hengxingmachinery.com\/wp-content\/uploads\/2025\/03\/impact-fine-crusher-working-18x12.jpg 18w\" sizes=\"(max-width: 800px) 100vw, 800px\" \/><\/figure>\n\n\n\n<p>1. Tama\u00f1o de alimentaci\u00f3n: 120 mm - 200 mm<\/p>\n\n\n\n<p>2. M\u00e1s de 85% de producci\u00f3n por debajo de 5 mm<\/p>\n\n\n\n<p>Tama\u00f1o de part\u00edcula uniforme y peque\u00f1o, mayor producci\u00f3n, martillo de placa m\u00e1s duradero<\/p>\n\n\n\n<p>4. Menor potencia del motor, no requiere trituraci\u00f3n terciaria<\/p>\n\n\n\n<p>5. Estructura simple, f\u00e1cil mantenimiento y funcionamiento estable<\/p>\n\n\n<div class=\"gb-container gb-container-96208927\">\n\n<a class=\"gb-button gb-button-429870c5 gb-button-text\" href=\"#popmake-622\">Obtener presupuesto gratuito<\/a>\n\n<\/div>\n<\/div>\n<\/div>\n\n<div class=\"gb-container gb-container-78db683c\">\n<div class=\"gb-container gb-container-f06c7281\">\n\n<h2 class=\"gb-headline gb-headline-1c16f71a gb-headline-text\">Principio de funcionamiento del triturador fino de impacto de alta eficiencia<\/h2>\n\n\n\n<figure class=\"gb-block-image gb-block-image-63e36c19\"><img decoding=\"async\" width=\"800\" height=\"500\" class=\"gb-image gb-image-63e36c19\" src=\"https:\/\/hengxingmachinery.com\/wp-content\/uploads\/2025\/03\/fine-crusher-features.jpg\" alt=\"\" title=\"caracter\u00edsticas-del-triturador-fino\" srcset=\"https:\/\/hengxingmachinery.com\/wp-content\/uploads\/2025\/03\/fine-crusher-features.jpg 800w, https:\/\/hengxingmachinery.com\/wp-content\/uploads\/2025\/03\/fine-crusher-features-300x188.jpg 300w, https:\/\/hengxingmachinery.com\/wp-content\/uploads\/2025\/03\/fine-crusher-features-768x480.jpg 768w, https:\/\/hengxingmachinery.com\/wp-content\/uploads\/2025\/03\/fine-crusher-features-18x12.jpg 18w\" sizes=\"(max-width: 800px) 100vw, 800px\" \/><\/figure>\n\n\n\n<p>Cuando el triturador fino est\u00e1 en funcionamiento, los materiales se trituran principalmente en la primera c\u00e1mara de trituraci\u00f3n por el rotor de alta velocidad contra el martillo, y luego entran en la c\u00e1mara secundaria para una trituraci\u00f3n fina; finalmente, se descargan los materiales terminados.<\/p>\n\n\n<div class=\"gb-container gb-container-31c4f7e2\">\n\n<a class=\"gb-button gb-button-df5c4410 gb-button-text\" href=\"#popmake-622\">Obtener presupuesto gratuito<\/a>\n\n<\/div>\n<\/div>\n<\/div>\n\n<div class=\"gb-container gb-container-435ad261\">\n<div class=\"gb-container gb-container-7dc79cc4\">\n\n<h2 class=\"gb-headline gb-headline-6fe5dee2 gb-headline-text\">Especificaciones del triturador fino de impacto de alta eficiencia<\/h2>\n\n\n\n<figure class=\"wp-block-table\"><table class=\"has-fixed-layout\"><tbody><tr><td>Triturador fino PXJ<\/td><td colspan=\"8\">Di\u00e1metro del rotor \u00f8 \u00d7 ancho (mm)<\/td><\/tr><tr><td>Modelo<\/td><td>800 \u00d7 400<\/td><td>800\u00d7600<\/td><td>800 \u00d7 800<\/td><td>1010 \u00d7 1010<\/td><td>1200<br>\u00d7 1200<\/td><td>1400<br>\u00d7 1400<\/td><td>1600<br>\u00d7 1600<\/td><td>1800<br>\u00d7 1800<\/td><\/tr><tr><td>&nbsp;<\/td><td>400 \u00d7 185<\/td><td>500 \u00d7 250<\/td><td>550 \u00d7 300<\/td><td>1000 \u00d7 350<\/td><td>1200<br>\u00d7 450<\/td><td>1500<br>\u00d7 500<\/td><td>1600<br>\u00d7 550<\/td><td>1800<br>\u00d7 800<\/td><\/tr><tr><td>Tama\u00f1o de alimentaci\u00f3n (mm)<\/td><td>&lt; 120<\/td><td>&lt; 180<\/td><td>&lt; 180<\/td><td>&lt; 180<\/td><td>&lt; 180<\/td><td>&lt; 190<\/td><td>&lt; 190<\/td><td>&lt; 190<\/td><\/tr><tr><td>Tama\u00f1o de salida (mm)<\/td><td>0-10<\/td><td>0-10<\/td><td>0-10<\/td><td>0-10<\/td><td>0-10<\/td><td>0-10<\/td><td>0-10<\/td><td>0-10<\/td><\/tr><tr><td>Tama\u00f1o ajustable de la luz de la rejilla de salida (mm)<\/td><td>5-50<\/td><td>5-50<\/td><td>5-50<\/td><td>5-50<\/td><td>5-50<\/td><td>5-50<\/td><td>5-50<\/td><td>5-50<\/td><\/tr><tr><td>Cl\u00ednker de cemento (t\/h)<\/td><td>10-30<\/td><td>10-40<\/td><td>20-45<\/td><td>25-55<\/td><td>35-90<\/td><td>50-150<\/td><td>85-210<\/td><td>125-270<\/td><\/tr><tr><td>Piedra caliza (t\/h)<\/td><td>18-45<\/td><td>23-55<\/td><td>28-65<\/td><td>35-75<\/td><td>45-110<\/td><td>50-150<\/td><td>95-260<\/td><td>140-310<\/td><\/tr><tr><td>Potencia (kW)<\/td><td>4P 37 kW<\/td><td>4P 45 kW<\/td><td>4P 45 kW<\/td><td>4P 55 kW<\/td><td>6P 110 kW<\/td><td>6P 160 kW<\/td><td>4P 250 kW<\/td><td>4P 315 kW<\/td><\/tr><tr><td>Peso<\/td><td>3.9<\/td><td>4.5<\/td><td>6<\/td><td>10.5<\/td><td>14.4<\/td><td>22<\/td><td>35<\/td><td>49.7<\/td><\/tr><\/tbody><\/table><\/figure>\n\n\n<div class=\"gb-container gb-container-263d9700\">\n\n<a class=\"gb-button gb-button-a4cbb7be gb-button-text\" href=\"#popmake-622\">Obtener presupuesto gratuito<\/a>\n\n<\/div>\n<\/div>\n<\/div>","protected":false},"excerpt":{"rendered":"<p>High efficient impact fine crusher High efficient impact fine crusher features 1. Feeding size: 120mm-200mm 2. More than 85% of output below 5mm Even particle size small, higher output, more durable plate hammer 4. lower motor power, don\u2019t need thirdly crushing 5. Simple structure, easy maintenance and stable running High efficient impact fine crusher working &#8230; <\/p>\n<p class=\"read-more-container\"><a title=\"1-1. Trituradora fina de impacto de alta eficiencia\" class=\"read-more button\" href=\"https:\/\/hengxingmachinery.com\/es\/high-efficient-impact-fine-crusher\/#more-2438\" aria-label=\"Leer m\u00e1s sobre 1-1. High efficient impact fine crusher\">Leer m\u00e1s<\/a><\/p>","protected":false},"author":1,"featured_media":0,"parent":0,"menu_order":0,"comment_status":"closed","ping_status":"closed","template":"","meta":{"footnotes":""},"class_list":["post-2438","page","type-page","status-publish"],"yoast_head":"<!-- This site is optimized with the Yoast SEO plugin v27.4 - https:\/\/yoast.com\/product\/yoast-seo-wordpress\/ -->\n<title>1-1. High efficient impact fine crusher - Hengxing Machinery<\/title>\n<meta name=\"robots\" content=\"index, follow, max-snippet:-1, max-image-preview:large, max-video-preview:-1\" \/>\n<link rel=\"canonical\" href=\"https:\/\/hengxingmachinery.com\/es\/high-efficient-impact-fine-crusher\/\" \/>\n<meta property=\"og:locale\" content=\"es_ES\" \/>\n<meta property=\"og:type\" content=\"article\" \/>\n<meta property=\"og:title\" content=\"1-1. High efficient impact fine crusher - Hengxing Machinery\" \/>\n<meta property=\"og:description\" content=\"High efficient impact fine crusher High efficient impact fine crusher features 1. Feeding size: 120mm-200mm 2. More than 85% of output below 5mm Even particle size small, higher output, more durable plate hammer 4. lower motor power, don\u2019t need thirdly crushing 5. Simple structure, easy maintenance and stable running High efficient impact fine crusher working ... Leer m\u00e1s\" \/>\n<meta property=\"og:url\" content=\"https:\/\/hengxingmachinery.com\/es\/high-efficient-impact-fine-crusher\/\" \/>\n<meta property=\"og:site_name\" content=\"Hengxing Machinery\" \/>\n<meta property=\"article:modified_time\" content=\"2025-03-21T09:19:10+00:00\" \/>\n<meta property=\"og:image\" content=\"https:\/\/hengxingmachinery.com\/wp-content\/uploads\/2025\/03\/impact-fine-crusher-sale.jpg\" \/>\n<meta name=\"twitter:card\" content=\"summary_large_image\" \/>\n<meta name=\"twitter:label1\" content=\"Tiempo de lectura\" \/>\n\t<meta name=\"twitter:data1\" content=\"2 minutos\" \/>\n<script type=\"application\/ld+json\" class=\"yoast-schema-graph\">{\"@context\":\"https:\\\/\\\/schema.org\",\"@graph\":[{\"@type\":\"WebPage\",\"@id\":\"https:\\\/\\\/hengxingmachinery.com\\\/high-efficient-impact-fine-crusher\\\/\",\"url\":\"https:\\\/\\\/hengxingmachinery.com\\\/high-efficient-impact-fine-crusher\\\/\",\"name\":\"1-1. High efficient impact fine crusher - Hengxing Machinery\",\"isPartOf\":{\"@id\":\"https:\\\/\\\/hengxingmachinery.com\\\/#website\"},\"primaryImageOfPage\":{\"@id\":\"https:\\\/\\\/hengxingmachinery.com\\\/high-efficient-impact-fine-crusher\\\/#primaryimage\"},\"image\":{\"@id\":\"https:\\\/\\\/hengxingmachinery.com\\\/high-efficient-impact-fine-crusher\\\/#primaryimage\"},\"thumbnailUrl\":\"https:\\\/\\\/hengxingmachinery.com\\\/wp-content\\\/uploads\\\/2025\\\/03\\\/impact-fine-crusher-sale.jpg\",\"datePublished\":\"2025-03-21T09:18:38+00:00\",\"dateModified\":\"2025-03-21T09:19:10+00:00\",\"breadcrumb\":{\"@id\":\"https:\\\/\\\/hengxingmachinery.com\\\/high-efficient-impact-fine-crusher\\\/#breadcrumb\"},\"inLanguage\":\"es\",\"potentialAction\":[{\"@type\":\"ReadAction\",\"target\":[\"https:\\\/\\\/hengxingmachinery.com\\\/high-efficient-impact-fine-crusher\\\/\"]}]},{\"@type\":\"ImageObject\",\"inLanguage\":\"es\",\"@id\":\"https:\\\/\\\/hengxingmachinery.com\\\/high-efficient-impact-fine-crusher\\\/#primaryimage\",\"url\":\"https:\\\/\\\/hengxingmachinery.com\\\/wp-content\\\/uploads\\\/2025\\\/03\\\/impact-fine-crusher-sale.jpg\",\"contentUrl\":\"https:\\\/\\\/hengxingmachinery.com\\\/wp-content\\\/uploads\\\/2025\\\/03\\\/impact-fine-crusher-sale.jpg\"},{\"@type\":\"BreadcrumbList\",\"@id\":\"https:\\\/\\\/hengxingmachinery.com\\\/high-efficient-impact-fine-crusher\\\/#breadcrumb\",\"itemListElement\":[{\"@type\":\"ListItem\",\"position\":1,\"name\":\"Home\",\"item\":\"https:\\\/\\\/hengxingmachinery.com\\\/\"},{\"@type\":\"ListItem\",\"position\":2,\"name\":\"1-1. High efficient impact fine crusher\"}]},{\"@type\":\"WebSite\",\"@id\":\"https:\\\/\\\/hengxingmachinery.com\\\/#website\",\"url\":\"https:\\\/\\\/hengxingmachinery.com\\\/\",\"name\":\"Hengxing Machinery\",\"description\":\"Leading Manufacturer of All Sorts of Mining Machinery\",\"publisher\":{\"@id\":\"https:\\\/\\\/hengxingmachinery.com\\\/#organization\"},\"potentialAction\":[{\"@type\":\"SearchAction\",\"target\":{\"@type\":\"EntryPoint\",\"urlTemplate\":\"https:\\\/\\\/hengxingmachinery.com\\\/?s={search_term_string}\"},\"query-input\":{\"@type\":\"PropertyValueSpecification\",\"valueRequired\":true,\"valueName\":\"search_term_string\"}}],\"inLanguage\":\"es\"},{\"@type\":\"Organization\",\"@id\":\"https:\\\/\\\/hengxingmachinery.com\\\/#organization\",\"name\":\"Hengxing Machinery\",\"url\":\"https:\\\/\\\/hengxingmachinery.com\\\/\",\"logo\":{\"@type\":\"ImageObject\",\"inLanguage\":\"es\",\"@id\":\"https:\\\/\\\/hengxingmachinery.com\\\/#\\\/schema\\\/logo\\\/image\\\/\",\"url\":\"https:\\\/\\\/hengxingmachinery.com\\\/wp-content\\\/uploads\\\/2024\\\/12\\\/logo.png\",\"contentUrl\":\"https:\\\/\\\/hengxingmachinery.com\\\/wp-content\\\/uploads\\\/2024\\\/12\\\/logo.png\",\"width\":400,\"height\":260,\"caption\":\"Hengxing Machinery\"},\"image\":{\"@id\":\"https:\\\/\\\/hengxingmachinery.com\\\/#\\\/schema\\\/logo\\\/image\\\/\"}}]}<\/script>\n<!-- \/ Yoast SEO plugin. -->","yoast_head_json":{"title":"1-1. Trituradora de impacto de alta eficiencia para finos - Maquinaria Hengxing","robots":{"index":"index","follow":"follow","max-snippet":"max-snippet:-1","max-image-preview":"max-image-preview:large","max-video-preview":"max-video-preview:-1"},"canonical":"https:\/\/hengxingmachinery.com\/es\/high-efficient-impact-fine-crusher\/","og_locale":"es_ES","og_type":"article","og_title":"1-1. High efficient impact fine crusher - Hengxing Machinery","og_description":"High efficient impact fine crusher High efficient impact fine crusher features 1. Feeding size: 120mm-200mm 2. More than 85% of output below 5mm Even particle size small, higher output, more durable plate hammer 4. lower motor power, don\u2019t need thirdly crushing 5. Simple structure, easy maintenance and stable running High efficient impact fine crusher working ... Leer m\u00e1s","og_url":"https:\/\/hengxingmachinery.com\/es\/high-efficient-impact-fine-crusher\/","og_site_name":"Hengxing Machinery","article_modified_time":"2025-03-21T09:19:10+00:00","og_image":[{"url":"https:\/\/hengxingmachinery.com\/wp-content\/uploads\/2025\/03\/impact-fine-crusher-sale.jpg","type":"","width":"","height":""}],"twitter_card":"summary_large_image","twitter_misc":{"Tiempo de lectura":"2 minutos"},"schema":{"@context":"https:\/\/schema.org","@graph":[{"@type":"WebPage","@id":"https:\/\/hengxingmachinery.com\/high-efficient-impact-fine-crusher\/","url":"https:\/\/hengxingmachinery.com\/high-efficient-impact-fine-crusher\/","name":"1-1. Trituradora de impacto de alta eficiencia para finos - Maquinaria Hengxing","isPartOf":{"@id":"https:\/\/hengxingmachinery.com\/#website"},"primaryImageOfPage":{"@id":"https:\/\/hengxingmachinery.com\/high-efficient-impact-fine-crusher\/#primaryimage"},"image":{"@id":"https:\/\/hengxingmachinery.com\/high-efficient-impact-fine-crusher\/#primaryimage"},"thumbnailUrl":"https:\/\/hengxingmachinery.com\/wp-content\/uploads\/2025\/03\/impact-fine-crusher-sale.jpg","datePublished":"2025-03-21T09:18:38+00:00","dateModified":"2025-03-21T09:19:10+00:00","breadcrumb":{"@id":"https:\/\/hengxingmachinery.com\/high-efficient-impact-fine-crusher\/#breadcrumb"},"inLanguage":"es","potentialAction":[{"@type":"ReadAction","target":["https:\/\/hengxingmachinery.com\/high-efficient-impact-fine-crusher\/"]}]},{"@type":"ImageObject","inLanguage":"es","@id":"https:\/\/hengxingmachinery.com\/high-efficient-impact-fine-crusher\/#primaryimage","url":"https:\/\/hengxingmachinery.com\/wp-content\/uploads\/2025\/03\/impact-fine-crusher-sale.jpg","contentUrl":"https:\/\/hengxingmachinery.com\/wp-content\/uploads\/2025\/03\/impact-fine-crusher-sale.jpg"},{"@type":"BreadcrumbList","@id":"https:\/\/hengxingmachinery.com\/high-efficient-impact-fine-crusher\/#breadcrumb","itemListElement":[{"@type":"ListItem","position":1,"name":"Home","item":"https:\/\/hengxingmachinery.com\/"},{"@type":"ListItem","position":2,"name":"1-1. High efficient impact fine crusher"}]},{"@type":"WebSite","@id":"https:\/\/hengxingmachinery.com\/#website","url":"https:\/\/hengxingmachinery.com\/","name":"Maquinaria Hengxing","description":"Fabricante l\u00edder de todo tipo de maquinaria minera","publisher":{"@id":"https:\/\/hengxingmachinery.com\/#organization"},"potentialAction":[{"@type":"SearchAction","target":{"@type":"EntryPoint","urlTemplate":"https:\/\/hengxingmachinery.com\/?s={search_term_string}"},"query-input":{"@type":"PropertyValueSpecification","valueRequired":true,"valueName":"search_term_string"}}],"inLanguage":"es"},{"@type":"Organization","@id":"https:\/\/hengxingmachinery.com\/#organization","name":"Maquinaria Hengxing","url":"https:\/\/hengxingmachinery.com\/","logo":{"@type":"ImageObject","inLanguage":"es","@id":"https:\/\/hengxingmachinery.com\/#\/schema\/logo\/image\/","url":"https:\/\/hengxingmachinery.com\/wp-content\/uploads\/2024\/12\/logo.png","contentUrl":"https:\/\/hengxingmachinery.com\/wp-content\/uploads\/2024\/12\/logo.png","width":400,"height":260,"caption":"Hengxing Machinery"},"image":{"@id":"https:\/\/hengxingmachinery.com\/#\/schema\/logo\/image\/"}}]}},"_links":{"self":[{"href":"https:\/\/hengxingmachinery.com\/es\/wp-json\/wp\/v2\/pages\/2438","targetHints":{"allow":["GET"]}}],"collection":[{"href":"https:\/\/hengxingmachinery.com\/es\/wp-json\/wp\/v2\/pages"}],"about":[{"href":"https:\/\/hengxingmachinery.com\/es\/wp-json\/wp\/v2\/types\/page"}],"author":[{"embeddable":true,"href":"https:\/\/hengxingmachinery.com\/es\/wp-json\/wp\/v2\/users\/1"}],"replies":[{"embeddable":true,"href":"https:\/\/hengxingmachinery.com\/es\/wp-json\/wp\/v2\/comments?post=2438"}],"version-history":[{"count":3,"href":"https:\/\/hengxingmachinery.com\/es\/wp-json\/wp\/v2\/pages\/2438\/revisions"}],"predecessor-version":[{"id":2602,"href":"https:\/\/hengxingmachinery.com\/es\/wp-json\/wp\/v2\/pages\/2438\/revisions\/2602"}],"wp:attachment":[{"href":"https:\/\/hengxingmachinery.com\/es\/wp-json\/wp\/v2\/media?parent=2438"}],"curies":[{"name":"wp","href":"https:\/\/api.w.org\/{rel}","templated":true}]}}