{"id":2439,"date":"2025-03-21T09:29:33","date_gmt":"2025-03-21T09:29:33","guid":{"rendered":"https:\/\/hengxingmachinery.com\/?page_id=2439"},"modified":"2025-03-21T09:30:18","modified_gmt":"2025-03-21T09:30:18","slug":"heavy-hammer-crushers","status":"publish","type":"page","link":"https:\/\/hengxingmachinery.com\/es\/heavy-hammer-crushers\/","title":{"rendered":"1-1. Trituradora de martillo pesado"},"content":{"rendered":"<div class=\"gb-container gb-container-45165f5a\">\n<div class=\"gb-container gb-container-c2652eb4\">\n\n<h1 class=\"gb-headline gb-headline-62a8b2cc gb-headline-text\">Trituradora de martillos pesada<\/h1>\n\n<\/div>\n<\/div>\n\n<div class=\"gb-container gb-container-519cf624\">\n<div class=\"gb-container gb-container-71ca071e\">\n<div class=\"gb-grid-wrapper gb-grid-wrapper-8a5f0688\">\n<div class=\"gb-grid-column gb-grid-column-1e99b1c2\"><div class=\"gb-container gb-container-1e99b1c2\">\n\n<figure class=\"gb-block-image gb-block-image-e4eaba54\"><img decoding=\"async\" width=\"665\" height=\"545\" class=\"gb-image gb-image-e4eaba54\" src=\"https:\/\/hengxingmachinery.com\/wp-content\/uploads\/2025\/03\/heavy-hammer-crusher-major-sale.jpg\" alt=\"\" title=\"trituradora-de-martillo-pesado-venta-principal\" srcset=\"https:\/\/hengxingmachinery.com\/wp-content\/uploads\/2025\/03\/heavy-hammer-crusher-major-sale.jpg 665w, https:\/\/hengxingmachinery.com\/wp-content\/uploads\/2025\/03\/heavy-hammer-crusher-major-sale-300x246.jpg 300w, https:\/\/hengxingmachinery.com\/wp-content\/uploads\/2025\/03\/heavy-hammer-crusher-major-sale-15x12.jpg 15w\" sizes=\"(max-width: 665px) 100vw, 665px\" \/><\/figure>\n\n<\/div><\/div>\n\n<div class=\"gb-grid-column gb-grid-column-bcae065b\"><div class=\"gb-container gb-container-bcae065b\">\n\n<p>La trituradora de martillo pesado puede triturar directamente materiales de hasta 1800 mm a un tama\u00f1o inferior a 35 mm. Se puede formar en una sola etapa sin necesidad de trituraci\u00f3n en dos fases, lo que puede reducir el costo en aproximadamente un 40%. <\/p>\n\n\n\n<p>Es especialmente adecuada para triturar piedra caliza y piedras de dureza media con una resistencia a la compresi\u00f3n inferior a 200 MPa.<\/p>\n\n\n<div class=\"gb-container gb-container-256e15f1\">\n\n<a class=\"gb-button gb-button-e8b73d89 gb-button-text\" href=\"#popmake-622\">Obtener presupuesto gratuito<\/a>\n\n<\/div>\n<\/div><\/div>\n<\/div>\n<\/div>\n<\/div>\n\n<div class=\"gb-container gb-container-3a930c38\">\n<div class=\"gb-container gb-container-8a36e90a\">\n\n<h2 class=\"gb-headline gb-headline-a5d3273c gb-headline-text\">Caracter\u00edsticas de la trituradora de martillo pesado<\/h2>\n\n\n\n<figure class=\"gb-block-image gb-block-image-1c359176\"><img decoding=\"async\" width=\"800\" height=\"500\" class=\"gb-image gb-image-1c359176\" src=\"https:\/\/hengxingmachinery.com\/wp-content\/uploads\/2025\/03\/heavy-hammer-crushing-features.jpg\" alt=\"\" title=\"caracteristicas-de-trituracion-de-martillo-pesado\" srcset=\"https:\/\/hengxingmachinery.com\/wp-content\/uploads\/2025\/03\/heavy-hammer-crushing-features.jpg 800w, https:\/\/hengxingmachinery.com\/wp-content\/uploads\/2025\/03\/heavy-hammer-crushing-features-300x188.jpg 300w, https:\/\/hengxingmachinery.com\/wp-content\/uploads\/2025\/03\/heavy-hammer-crushing-features-768x480.jpg 768w, https:\/\/hengxingmachinery.com\/wp-content\/uploads\/2025\/03\/heavy-hammer-crushing-features-18x12.jpg 18w\" sizes=\"(max-width: 800px) 100vw, 800px\" \/><\/figure>\n\n\n\n<p>Las trituradoras de martillo pesado son uno de los equipos principales en los sectores industriales de metalurgia, materiales de construcci\u00f3n, industria qu\u00edmica, energ\u00eda hidroel\u00e9ctrica, etc., para materiales fr\u00e1giles de dureza media como piedra caliza fina o carb\u00f3n, y presentan caracter\u00edsticas como formaci\u00f3n en una etapa, alta relaci\u00f3n de trituraci\u00f3n, gran capacidad de producci\u00f3n y uniformidad en el tama\u00f1o de part\u00edcula del producto.<\/p>\n\n\n<div class=\"gb-container gb-container-96208927\">\n\n<a class=\"gb-button gb-button-429870c5 gb-button-text\" href=\"#popmake-622\">Obtener presupuesto gratuito<\/a>\n\n<\/div>\n<\/div>\n<\/div>\n\n<div class=\"gb-container gb-container-8fc765e5\">\n<div class=\"gb-container gb-container-085bc11b\">\n\n<h2 class=\"gb-headline gb-headline-8ed81c68 gb-headline-text\">Aplicaci\u00f3n de la trituradora de martillo pesado<\/h2>\n\n\n\n<p>La serie PCZ de trituradora de martillo pesado es uno de los equipos de trituraci\u00f3n avanzados; se utiliza para triturar piedras hasta obtener productos finales en una sola pasada. Sin embargo, la trituradora de martillo pesado no es adecuada para todo tipo de piedras; solo se puede aplicar a piedra caliza, dolomita, piedra azul, carb\u00f3n, ganga y otras piedras cuya dureza sea inferior a 200 MPa.<\/p>\n\n\n<div class=\"gb-container gb-container-37f281ab\">\n\n<a class=\"gb-button gb-button-ddf2d51c gb-button-text\" href=\"#popmake-622\">Obtener presupuesto gratuito<\/a>\n\n<\/div>\n<\/div>\n<\/div>\n\n<div class=\"gb-container gb-container-37e1faa1\">\n<div class=\"gb-container gb-container-9029d5a9\">\n\n<h2 class=\"gb-headline gb-headline-a48f5b5c gb-headline-text\">Principio de funcionamiento de la trituradora de martillo pesado<\/h2>\n\n\n\n<figure class=\"gb-block-image gb-block-image-bf819403\"><img decoding=\"async\" width=\"665\" height=\"545\" class=\"gb-image gb-image-bf819403\" src=\"https:\/\/hengxingmachinery.com\/wp-content\/uploads\/2025\/03\/heavy-hammer-crusher-working.jpg\" alt=\"\" title=\"funcionamiento-de-trituradora-de-martillo-pesado\" srcset=\"https:\/\/hengxingmachinery.com\/wp-content\/uploads\/2025\/03\/heavy-hammer-crusher-working.jpg 665w, https:\/\/hengxingmachinery.com\/wp-content\/uploads\/2025\/03\/heavy-hammer-crusher-working-300x246.jpg 300w, https:\/\/hengxingmachinery.com\/wp-content\/uploads\/2025\/03\/heavy-hammer-crusher-working-15x12.jpg 15w\" sizes=\"(max-width: 665px) 100vw, 665px\" \/><\/figure>\n\n\n\n<p>La parte principal de trabajo de la trituradora de martillo pesado PCZ es el rotor con martillos (tambi\u00e9n llamados cabezales de martillo). El rotor consta de un eje principal, discos, pasadores y martillos. El motor impulsa al rotor para que gire a alta velocidad en la c\u00e1mara de trituraci\u00f3n. <\/p>\n\n\n\n<p>Los materiales ingresan a la m\u00e1quina desde la boca de alimentaci\u00f3n superior y son triturados por la acci\u00f3n de golpe, impacto, cizallamiento y molienda de los martillos en movimiento a alta velocidad. En la parte inferior del rotor hay una placa tamiz, y las part\u00edculas m\u00e1s peque\u00f1as que el tama\u00f1o de los orificios del tamiz en el material triturado se descargan a trav\u00e9s de esta placa. <\/p>\n\n\n\n<p>Las part\u00edculas gruesas m\u00e1s grandes que el tama\u00f1o de los orificios del tamiz se retienen en la placa tamiz para ser golpeadas y molidas por los martillos, y luego se descargan a trav\u00e9s de la placa tamiz.<\/p>\n\n\n<div class=\"gb-container gb-container-3bf05e01\">\n\n<a class=\"gb-button gb-button-746e364a gb-button-text\" href=\"#popmake-622\">Obtener presupuesto gratuito<\/a>\n\n<\/div>\n<\/div>\n<\/div>\n\n<div class=\"gb-container gb-container-435ad261\">\n<div class=\"gb-container gb-container-7dc79cc4\">\n\n<h2 class=\"gb-headline gb-headline-6fe5dee2 gb-headline-text\">Especificaciones de la trituradora de martillo pesado<\/h2>\n\n\n\n<figure class=\"wp-block-table\"><table class=\"has-fixed-layout\"><tbody><tr><td>Modelo<\/td><td>Tama\u00f1o de entrada (Ancho \u00d7 Largo) (mm)<\/td><td>Di\u00e1metro \u00d7 Longitud del rotor (mm)<\/td><td>Potencia del motor (kW)<\/td><td>Tama\u00f1o de salida (mm)<\/td><td>Capacidad (t\/h)<\/td><td>Peso (t)<\/td><td>Dimensiones totales (mm)<\/td><\/tr><tr><td>PCZ-1308<\/td><td>850\u00d7800<\/td><td>1310\u00d7790<\/td><td>132<\/td><td>&lt;30<\/td><td>100-160<\/td><td>15.6<\/td><td>2818\u00d72100\u00d72390<\/td><\/tr><tr><td>PCZ-1510<\/td><td>1000\u00d7850<\/td><td>1500\u00d7950<\/td><td>132\u00d72<\/td><td>&lt;30<\/td><td>160-210<\/td><td>17.1<\/td><td>3260\u00d72370\u00d72750<\/td><\/tr><tr><td>PCZ-1512<\/td><td>1210\u00d7900<\/td><td>1500\u00d71160<\/td><td>160\u00d72<\/td><td>&lt;30<\/td><td>220-270<\/td><td>18.9<\/td><td>3260\u00d72580\u00d72750<\/td><\/tr><tr><td>PCZ-1615<\/td><td>1500\u00d71200<\/td><td>1650\u00d71452<\/td><td>200\u00d72<\/td><td>&lt;30<\/td><td>360-420<\/td><td>28<\/td><td>3456\u00d72915\u00d73185<\/td><\/tr><tr><td>PCZ-2015<\/td><td>1500\u00d71400<\/td><td>2000\u00d71500<\/td><td>250\u00d72<\/td><td>&lt;30<\/td><td>450-500<\/td><td>56<\/td><td>3880\u00d72990\u00d73560<\/td><\/tr><\/tbody><\/table><\/figure>\n\n\n<div class=\"gb-container gb-container-263d9700\">\n\n<a class=\"gb-button gb-button-a4cbb7be gb-button-text\" href=\"#popmake-622\">Obtener presupuesto gratuito<\/a>\n\n<\/div>\n<\/div>\n<\/div>","protected":false},"excerpt":{"rendered":"<p>Heavy hammer crusher Heavy hammer crusher features Heavy hammer crushers are metallurgy, building materials, chemical industry, hydropower and other industrial sectors of fine limestone, coal or other medium hardness under the brittle material of one of the main equipment, with a forming, crushing ratio, high production capacity, product particle size uniformity and other characteristics. Heavy &#8230; <\/p>\n<p class=\"read-more-container\"><a title=\"1-1. Trituradora de martillo pesado\" class=\"read-more button\" href=\"https:\/\/hengxingmachinery.com\/es\/heavy-hammer-crushers\/#more-2439\" aria-label=\"Leer m\u00e1s sobre 1-1. Heavy hammer crusher\">Leer m\u00e1s<\/a><\/p>","protected":false},"author":1,"featured_media":0,"parent":0,"menu_order":0,"comment_status":"closed","ping_status":"closed","template":"","meta":{"footnotes":""},"class_list":["post-2439","page","type-page","status-publish"],"yoast_head":"<!-- This site is optimized with the Yoast SEO plugin v27.4 - https:\/\/yoast.com\/product\/yoast-seo-wordpress\/ -->\n<title>1-1. Heavy hammer crusher - Hengxing Machinery<\/title>\n<meta name=\"robots\" content=\"index, follow, max-snippet:-1, max-image-preview:large, max-video-preview:-1\" \/>\n<link rel=\"canonical\" href=\"https:\/\/hengxingmachinery.com\/es\/heavy-hammer-crushers\/\" \/>\n<meta property=\"og:locale\" content=\"es_ES\" \/>\n<meta property=\"og:type\" content=\"article\" \/>\n<meta property=\"og:title\" content=\"1-1. Heavy hammer crusher - Hengxing Machinery\" \/>\n<meta property=\"og:description\" content=\"Heavy hammer crusher Heavy hammer crusher features Heavy hammer crushers are metallurgy, building materials, chemical industry, hydropower and other industrial sectors of fine limestone, coal or other medium hardness under the brittle material of one of the main equipment, with a forming, crushing ratio, high production capacity, product particle size uniformity and other characteristics. Heavy ... Leer m\u00e1s\" \/>\n<meta property=\"og:url\" content=\"https:\/\/hengxingmachinery.com\/es\/heavy-hammer-crushers\/\" \/>\n<meta property=\"og:site_name\" content=\"Hengxing Machinery\" \/>\n<meta property=\"article:modified_time\" content=\"2025-03-21T09:30:18+00:00\" \/>\n<meta property=\"og:image\" content=\"https:\/\/hengxingmachinery.com\/wp-content\/uploads\/2025\/03\/heavy-hammer-crusher-major-sale.jpg\" \/>\n<meta name=\"twitter:card\" content=\"summary_large_image\" \/>\n<meta name=\"twitter:label1\" content=\"Tiempo de lectura\" \/>\n\t<meta name=\"twitter:data1\" content=\"3 minutos\" \/>\n<script type=\"application\/ld+json\" class=\"yoast-schema-graph\">{\"@context\":\"https:\\\/\\\/schema.org\",\"@graph\":[{\"@type\":\"WebPage\",\"@id\":\"https:\\\/\\\/hengxingmachinery.com\\\/heavy-hammer-crushers\\\/\",\"url\":\"https:\\\/\\\/hengxingmachinery.com\\\/heavy-hammer-crushers\\\/\",\"name\":\"1-1. Heavy hammer crusher - Hengxing Machinery\",\"isPartOf\":{\"@id\":\"https:\\\/\\\/hengxingmachinery.com\\\/#website\"},\"primaryImageOfPage\":{\"@id\":\"https:\\\/\\\/hengxingmachinery.com\\\/heavy-hammer-crushers\\\/#primaryimage\"},\"image\":{\"@id\":\"https:\\\/\\\/hengxingmachinery.com\\\/heavy-hammer-crushers\\\/#primaryimage\"},\"thumbnailUrl\":\"https:\\\/\\\/hengxingmachinery.com\\\/wp-content\\\/uploads\\\/2025\\\/03\\\/heavy-hammer-crusher-major-sale.jpg\",\"datePublished\":\"2025-03-21T09:29:33+00:00\",\"dateModified\":\"2025-03-21T09:30:18+00:00\",\"breadcrumb\":{\"@id\":\"https:\\\/\\\/hengxingmachinery.com\\\/heavy-hammer-crushers\\\/#breadcrumb\"},\"inLanguage\":\"es\",\"potentialAction\":[{\"@type\":\"ReadAction\",\"target\":[\"https:\\\/\\\/hengxingmachinery.com\\\/heavy-hammer-crushers\\\/\"]}]},{\"@type\":\"ImageObject\",\"inLanguage\":\"es\",\"@id\":\"https:\\\/\\\/hengxingmachinery.com\\\/heavy-hammer-crushers\\\/#primaryimage\",\"url\":\"https:\\\/\\\/hengxingmachinery.com\\\/wp-content\\\/uploads\\\/2025\\\/03\\\/heavy-hammer-crusher-major-sale.jpg\",\"contentUrl\":\"https:\\\/\\\/hengxingmachinery.com\\\/wp-content\\\/uploads\\\/2025\\\/03\\\/heavy-hammer-crusher-major-sale.jpg\"},{\"@type\":\"BreadcrumbList\",\"@id\":\"https:\\\/\\\/hengxingmachinery.com\\\/heavy-hammer-crushers\\\/#breadcrumb\",\"itemListElement\":[{\"@type\":\"ListItem\",\"position\":1,\"name\":\"Home\",\"item\":\"https:\\\/\\\/hengxingmachinery.com\\\/\"},{\"@type\":\"ListItem\",\"position\":2,\"name\":\"1-1. Heavy hammer crusher\"}]},{\"@type\":\"WebSite\",\"@id\":\"https:\\\/\\\/hengxingmachinery.com\\\/#website\",\"url\":\"https:\\\/\\\/hengxingmachinery.com\\\/\",\"name\":\"Hengxing Machinery\",\"description\":\"Leading Manufacturer of All Sorts of Mining Machinery\",\"publisher\":{\"@id\":\"https:\\\/\\\/hengxingmachinery.com\\\/#organization\"},\"potentialAction\":[{\"@type\":\"SearchAction\",\"target\":{\"@type\":\"EntryPoint\",\"urlTemplate\":\"https:\\\/\\\/hengxingmachinery.com\\\/?s={search_term_string}\"},\"query-input\":{\"@type\":\"PropertyValueSpecification\",\"valueRequired\":true,\"valueName\":\"search_term_string\"}}],\"inLanguage\":\"es\"},{\"@type\":\"Organization\",\"@id\":\"https:\\\/\\\/hengxingmachinery.com\\\/#organization\",\"name\":\"Hengxing Machinery\",\"url\":\"https:\\\/\\\/hengxingmachinery.com\\\/\",\"logo\":{\"@type\":\"ImageObject\",\"inLanguage\":\"es\",\"@id\":\"https:\\\/\\\/hengxingmachinery.com\\\/#\\\/schema\\\/logo\\\/image\\\/\",\"url\":\"https:\\\/\\\/hengxingmachinery.com\\\/wp-content\\\/uploads\\\/2024\\\/12\\\/logo.png\",\"contentUrl\":\"https:\\\/\\\/hengxingmachinery.com\\\/wp-content\\\/uploads\\\/2024\\\/12\\\/logo.png\",\"width\":400,\"height\":260,\"caption\":\"Hengxing Machinery\"},\"image\":{\"@id\":\"https:\\\/\\\/hengxingmachinery.com\\\/#\\\/schema\\\/logo\\\/image\\\/\"}}]}<\/script>\n<!-- \/ Yoast SEO plugin. -->","yoast_head_json":{"title":"1-1. Trituradora de martillo pesado - Maquinaria Hengxing","robots":{"index":"index","follow":"follow","max-snippet":"max-snippet:-1","max-image-preview":"max-image-preview:large","max-video-preview":"max-video-preview:-1"},"canonical":"https:\/\/hengxingmachinery.com\/es\/heavy-hammer-crushers\/","og_locale":"es_ES","og_type":"article","og_title":"1-1. Heavy hammer crusher - Hengxing Machinery","og_description":"Heavy hammer crusher Heavy hammer crusher features Heavy hammer crushers are metallurgy, building materials, chemical industry, hydropower and other industrial sectors of fine limestone, coal or other medium hardness under the brittle material of one of the main equipment, with a forming, crushing ratio, high production capacity, product particle size uniformity and other characteristics. Heavy ... Leer m\u00e1s","og_url":"https:\/\/hengxingmachinery.com\/es\/heavy-hammer-crushers\/","og_site_name":"Hengxing Machinery","article_modified_time":"2025-03-21T09:30:18+00:00","og_image":[{"url":"https:\/\/hengxingmachinery.com\/wp-content\/uploads\/2025\/03\/heavy-hammer-crusher-major-sale.jpg","type":"","width":"","height":""}],"twitter_card":"summary_large_image","twitter_misc":{"Tiempo de lectura":"3 minutos"},"schema":{"@context":"https:\/\/schema.org","@graph":[{"@type":"WebPage","@id":"https:\/\/hengxingmachinery.com\/heavy-hammer-crushers\/","url":"https:\/\/hengxingmachinery.com\/heavy-hammer-crushers\/","name":"1-1. Trituradora de martillo pesado - Maquinaria Hengxing","isPartOf":{"@id":"https:\/\/hengxingmachinery.com\/#website"},"primaryImageOfPage":{"@id":"https:\/\/hengxingmachinery.com\/heavy-hammer-crushers\/#primaryimage"},"image":{"@id":"https:\/\/hengxingmachinery.com\/heavy-hammer-crushers\/#primaryimage"},"thumbnailUrl":"https:\/\/hengxingmachinery.com\/wp-content\/uploads\/2025\/03\/heavy-hammer-crusher-major-sale.jpg","datePublished":"2025-03-21T09:29:33+00:00","dateModified":"2025-03-21T09:30:18+00:00","breadcrumb":{"@id":"https:\/\/hengxingmachinery.com\/heavy-hammer-crushers\/#breadcrumb"},"inLanguage":"es","potentialAction":[{"@type":"ReadAction","target":["https:\/\/hengxingmachinery.com\/heavy-hammer-crushers\/"]}]},{"@type":"ImageObject","inLanguage":"es","@id":"https:\/\/hengxingmachinery.com\/heavy-hammer-crushers\/#primaryimage","url":"https:\/\/hengxingmachinery.com\/wp-content\/uploads\/2025\/03\/heavy-hammer-crusher-major-sale.jpg","contentUrl":"https:\/\/hengxingmachinery.com\/wp-content\/uploads\/2025\/03\/heavy-hammer-crusher-major-sale.jpg"},{"@type":"BreadcrumbList","@id":"https:\/\/hengxingmachinery.com\/heavy-hammer-crushers\/#breadcrumb","itemListElement":[{"@type":"ListItem","position":1,"name":"Home","item":"https:\/\/hengxingmachinery.com\/"},{"@type":"ListItem","position":2,"name":"1-1. Heavy hammer crusher"}]},{"@type":"WebSite","@id":"https:\/\/hengxingmachinery.com\/#website","url":"https:\/\/hengxingmachinery.com\/","name":"Maquinaria Hengxing","description":"Fabricante l\u00edder de todo tipo de maquinaria minera","publisher":{"@id":"https:\/\/hengxingmachinery.com\/#organization"},"potentialAction":[{"@type":"SearchAction","target":{"@type":"EntryPoint","urlTemplate":"https:\/\/hengxingmachinery.com\/?s={search_term_string}"},"query-input":{"@type":"PropertyValueSpecification","valueRequired":true,"valueName":"search_term_string"}}],"inLanguage":"es"},{"@type":"Organization","@id":"https:\/\/hengxingmachinery.com\/#organization","name":"Maquinaria Hengxing","url":"https:\/\/hengxingmachinery.com\/","logo":{"@type":"ImageObject","inLanguage":"es","@id":"https:\/\/hengxingmachinery.com\/#\/schema\/logo\/image\/","url":"https:\/\/hengxingmachinery.com\/wp-content\/uploads\/2024\/12\/logo.png","contentUrl":"https:\/\/hengxingmachinery.com\/wp-content\/uploads\/2024\/12\/logo.png","width":400,"height":260,"caption":"Hengxing Machinery"},"image":{"@id":"https:\/\/hengxingmachinery.com\/#\/schema\/logo\/image\/"}}]}},"_links":{"self":[{"href":"https:\/\/hengxingmachinery.com\/es\/wp-json\/wp\/v2\/pages\/2439","targetHints":{"allow":["GET"]}}],"collection":[{"href":"https:\/\/hengxingmachinery.com\/es\/wp-json\/wp\/v2\/pages"}],"about":[{"href":"https:\/\/hengxingmachinery.com\/es\/wp-json\/wp\/v2\/types\/page"}],"author":[{"embeddable":true,"href":"https:\/\/hengxingmachinery.com\/es\/wp-json\/wp\/v2\/users\/1"}],"replies":[{"embeddable":true,"href":"https:\/\/hengxingmachinery.com\/es\/wp-json\/wp\/v2\/comments?post=2439"}],"version-history":[{"count":3,"href":"https:\/\/hengxingmachinery.com\/es\/wp-json\/wp\/v2\/pages\/2439\/revisions"}],"predecessor-version":[{"id":2610,"href":"https:\/\/hengxingmachinery.com\/es\/wp-json\/wp\/v2\/pages\/2439\/revisions\/2610"}],"wp:attachment":[{"href":"https:\/\/hengxingmachinery.com\/es\/wp-json\/wp\/v2\/media?parent=2439"}],"curies":[{"name":"wp","href":"https:\/\/api.w.org\/{rel}","templated":true}]}}