{"id":2441,"date":"2025-03-21T09:49:30","date_gmt":"2025-03-21T09:49:30","guid":{"rendered":"https:\/\/hengxingmachinery.com\/?page_id=2441"},"modified":"2025-03-21T09:49:32","modified_gmt":"2025-03-21T09:49:32","slug":"vertical-shaft-impact-crushers","status":"publish","type":"page","link":"https:\/\/hengxingmachinery.com\/es\/vertical-shaft-impact-crushers\/","title":{"rendered":"1-1. Trituradora de impacto de eje vertical"},"content":{"rendered":"<div class=\"gb-container gb-container-45165f5a\">\n<div class=\"gb-container gb-container-c2652eb4\">\n\n<h1 class=\"gb-headline gb-headline-62a8b2cc gb-headline-text\">Trituradora de impacto de eje vertical<\/h1>\n\n<\/div>\n<\/div>\n\n<div class=\"gb-container gb-container-519cf624\">\n<div class=\"gb-container gb-container-71ca071e\">\n<div class=\"gb-grid-wrapper gb-grid-wrapper-8a5f0688\">\n<div class=\"gb-grid-column gb-grid-column-1e99b1c2\"><div class=\"gb-container gb-container-1e99b1c2\">\n\n<figure class=\"gb-block-image gb-block-image-e4eaba54\"><img decoding=\"async\" width=\"665\" height=\"545\" class=\"gb-image gb-image-e4eaba54\" src=\"https:\/\/hengxingmachinery.com\/wp-content\/uploads\/2025\/03\/vsi-crusher-major-sale.jpg\" alt=\"\" title=\"trituradora-vsi-venta-principal\" srcset=\"https:\/\/hengxingmachinery.com\/wp-content\/uploads\/2025\/03\/vsi-crusher-major-sale.jpg 665w, https:\/\/hengxingmachinery.com\/wp-content\/uploads\/2025\/03\/vsi-crusher-major-sale-300x246.jpg 300w, https:\/\/hengxingmachinery.com\/wp-content\/uploads\/2025\/03\/vsi-crusher-major-sale-15x12.jpg 15w\" sizes=\"(max-width: 665px) 100vw, 665px\" \/><\/figure>\n\n<\/div><\/div>\n\n<div class=\"gb-grid-column gb-grid-column-bcae065b\"><div class=\"gb-container gb-container-bcae065b\">\n\n<p>La trituradora de impacto vertical produce arena y agregados de grava para carreteras, ferrocarriles de alta velocidad, edificios de gran altura, ingenier\u00eda municipal, construcci\u00f3n de presas hidroel\u00e9ctricas y estaciones de mezcla de concreto. Es un equipo en el campo de la fabricaci\u00f3n de arena artificial y la conformaci\u00f3n de piedras.<\/p>\n\n\n\n<p><strong><mark style=\"background-color:rgba(0, 0, 0, 0)\" class=\"has-inline-color has-global-color-8-color\">Capacidad de producci\u00f3n:<\/mark><\/strong> 12-360 t\/h<\/p>\n\n\n\n<p><strong><mark style=\"background-color:rgba(0, 0, 0, 0)\" class=\"has-inline-color has-global-color-8-color\">Tama\u00f1o del pienso:<\/mark><\/strong> \u226435-\u226460 mm<\/p>\n\n\n\n<p><strong><mark style=\"background-color:rgba(0, 0, 0, 0)\" class=\"has-inline-color has-global-color-8-color\">Rango de aplicaci\u00f3n:<\/mark><\/strong> Ampliamente utilizado en diversos minerales, cemento, materiales refractarios, abrasivos, granito, m\u00e1rmol, piedra caliza, feldespato, etc.<\/p>\n\n\n<div class=\"gb-container gb-container-256e15f1\">\n\n<a class=\"gb-button gb-button-e8b73d89 gb-button-text\" href=\"#popmake-622\">Obtener presupuesto gratuito<\/a>\n\n<\/div>\n<\/div><\/div>\n<\/div>\n<\/div>\n<\/div>\n\n<div class=\"gb-container gb-container-3a930c38\">\n<div class=\"gb-container gb-container-8a36e90a\">\n\n<h2 class=\"gb-headline gb-headline-a5d3273c gb-headline-text\">Aplicaci\u00f3n de la trituradora de impacto de eje vertical<\/h2>\n\n\n\n<p>La trituradora de impacto vertical es el equipo principal de producci\u00f3n de la l\u00ednea de producci\u00f3n de arena, tambi\u00e9n conocida como m\u00e1quina para fabricar arena. <\/p>\n\n\n\n<p>Las trituradoras de impacto de eje vertical se utilizan ampliamente para la trituraci\u00f3n media y fina (fabricaci\u00f3n de arena) de diversos materiales duros y fr\u00e1giles, como rocas, abrasivos, materiales refractarios, cl\u00ednker de cemento, piedra de cuarzo, mineral de hierro, agregados de concreto, etc. Es especialmente adecuada para arena de construcci\u00f3n y arena y grava para la construcci\u00f3n de carreteras.<\/p>\n\n\n<div class=\"gb-container gb-container-96208927\">\n\n<a class=\"gb-button gb-button-429870c5 gb-button-text\" href=\"#popmake-622\">Obtener presupuesto gratuito<\/a>\n\n<\/div>\n<\/div>\n<\/div>\n\n<div class=\"gb-container gb-container-34fb53ef\">\n<div class=\"gb-container gb-container-23620b37\">\n\n<h2 class=\"gb-headline gb-headline-2e1f1f31 gb-headline-text\">Ventajas de la trituradora de impacto de eje vertical<\/h2>\n\n\n\n<figure class=\"gb-block-image gb-block-image-f62cd9d6\"><img decoding=\"async\" width=\"800\" height=\"500\" class=\"gb-image gb-image-f62cd9d6\" src=\"https:\/\/hengxingmachinery.com\/wp-content\/uploads\/2025\/03\/vsi-crusher-features.jpg\" alt=\"\" title=\"caracter\u00edsticas-de-la-trituradora-vsi\" srcset=\"https:\/\/hengxingmachinery.com\/wp-content\/uploads\/2025\/03\/vsi-crusher-features.jpg 800w, https:\/\/hengxingmachinery.com\/wp-content\/uploads\/2025\/03\/vsi-crusher-features-300x188.jpg 300w, https:\/\/hengxingmachinery.com\/wp-content\/uploads\/2025\/03\/vsi-crusher-features-768x480.jpg 768w, https:\/\/hengxingmachinery.com\/wp-content\/uploads\/2025\/03\/vsi-crusher-features-18x12.jpg 18w\" sizes=\"(max-width: 800px) 100vw, 800px\" \/><\/figure>\n\n\n\n<p><strong>1. Buen efecto de fabricaci\u00f3n de arena<\/strong><\/p>\n\n\n\n<p>Adopta el principio de \u201cpiedra contra piedra\u201d y \u201cpiedra contra hierro\u201d, tiene las funciones de fabricaci\u00f3n de arena y conformaci\u00f3n, con part\u00edculas uniformes.<\/p>\n\n\n\n<p><strong>2. Protecci\u00f3n ambiental<\/strong><\/p>\n\n\n\n<p>La m\u00e1quina para fabricar arena de guijarros adopta una estructura de impulsor de cavidad profunda, que tiene un gran rendimiento de material y alta producci\u00f3n, y est\u00e1 equipada con una circulaci\u00f3n interna del flujo de aire en la cavidad del v\u00f3rtice, lo que genera bajo ruido y polvo durante el trabajo.<\/p>\n\n\n\n<p><strong>3. Mantenimiento conveniente<\/strong><\/p>\n\n\n\n<p>La m\u00e1quina para fabricar arena de guijarros adopta una cabeza de lanzamiento combinada, solo necesita reemplazar las piezas muy desgastadas, y la cubierta hidr\u00e1ulica se puede abrir, lo que es conveniente para que los clientes verifiquen, facilita el mantenimiento y tiene un costo bajo.<\/p>\n\n\n<div class=\"gb-container gb-container-78b3fff4\">\n\n<a class=\"gb-button gb-button-fb2cbf2c gb-button-text\" href=\"#popmake-622\">Obtener presupuesto gratuito<\/a>\n\n<\/div>\n<\/div>\n<\/div>\n\n<div class=\"gb-container gb-container-baa18b16\">\n<div class=\"gb-container gb-container-a306c147\">\n\n<h2 class=\"gb-headline gb-headline-779b50bd gb-headline-text\">Principio de funcionamiento de la trituradora de impacto de eje vertical<\/h2>\n\n\n\n<figure class=\"gb-block-image gb-block-image-c8885d26\"><img decoding=\"async\" width=\"800\" height=\"500\" class=\"gb-image gb-image-c8885d26\" src=\"https:\/\/hengxingmachinery.com\/wp-content\/uploads\/2025\/03\/vsi-crusher-working.jpg\" alt=\"\" title=\"funcionamiento-de-la-trituradora-vsi\" srcset=\"https:\/\/hengxingmachinery.com\/wp-content\/uploads\/2025\/03\/vsi-crusher-working.jpg 800w, https:\/\/hengxingmachinery.com\/wp-content\/uploads\/2025\/03\/vsi-crusher-working-300x188.jpg 300w, https:\/\/hengxingmachinery.com\/wp-content\/uploads\/2025\/03\/vsi-crusher-working-768x480.jpg 768w, https:\/\/hengxingmachinery.com\/wp-content\/uploads\/2025\/03\/vsi-crusher-working-18x12.jpg 18w\" sizes=\"(max-width: 800px) 100vw, 800px\" \/><\/figure>\n\n\n\n<p>El principio de funcionamiento de la trituradora de impacto vertical adopta el principio de \u201cpiedra contra piedra\u201d. Deja que las piedras colisionen con las piedras aceleradas por el impulsor en el proceso de ca\u00edda natural, para lograr el prop\u00f3sito de trituraci\u00f3n. <\/p>\n\n\n\n<p>Cuando la piedra acelerada colisiona con la piedra que cae naturalmente, se forma un v\u00f3rtice, y se rompe dos veces durante el proceso de retorno, por lo que el desgaste de la placa de contraataque de la m\u00e1quina es muy peque\u00f1o durante la operaci\u00f3n.<\/p>\n\n\n\n<p>La piedra cae directamente en el plato giratorio de alta velocidad desde la parte superior de la m\u00e1quina. Bajo la acci\u00f3n de la fuerza centr\u00edfuga de alta velocidad, se divide con otra parte de la piedra objetivo alrededor del plato giratorio en forma de paraguas para producir un impacto de alta velocidad y una trituraci\u00f3n de alta densidad. <\/p>\n\n\n\n<p>Despu\u00e9s de que las piedras chocan entre s\u00ed, tambi\u00e9n se forma un movimiento de v\u00f3rtice entre el plato giratorio y la carcasa, causando m\u00faltiples golpes, fricciones y aplastamientos, que se descargan directamente desde la parte inferior. Forma un circuito cerrado para m\u00faltiples ciclos y es controlado por el equipo de cribado para lograr el tama\u00f1o de part\u00edcula requerido.<\/p>\n\n\n<div class=\"gb-container gb-container-7cd8f807\">\n\n<a class=\"gb-button gb-button-5a69b89c gb-button-text\" href=\"#popmake-622\">Obtener presupuesto gratuito<\/a>\n\n<\/div>\n<\/div>\n<\/div>\n\n<div class=\"gb-container gb-container-435ad261\">\n<div class=\"gb-container gb-container-7dc79cc4\">\n\n<h2 class=\"gb-headline gb-headline-6fe5dee2 gb-headline-text\">Especificaciones de la trituradora de impacto de eje vertical<\/h2>\n\n\n\n<figure class=\"wp-block-table\"><table class=\"has-fixed-layout\"><tbody><tr><td colspan=\"2\">Modelo<\/td><td>VSI7611<\/td><td>VSI8518<\/td><td>VSI9526<\/td><td>VSI1140<\/td><td>VSI1145<\/td><\/tr><tr><td rowspan=\"2\">Capacidad (T\/H)<\/td><td>Alimentaci\u00f3n central y por anillo<\/td><td>120-180<\/td><td>200-260<\/td><td>300-380<\/td><td>450-520<\/td><td>500-640<\/td><\/tr><tr><td>Alimentaci\u00f3n central<\/td><td>60-90<\/td><td>100-130<\/td><td>150-190<\/td><td>225-260<\/td><td>250-360<\/td><\/tr><tr><td rowspan=\"2\">Tama\u00f1o \u00f3ptimo de alimentaci\u00f3n (MM)<\/td><td>Material blando<\/td><td>35<\/td><td>40<\/td><td>45<\/td><td>50<\/td><td>50<\/td><\/tr><tr><td>Material duro<\/td><td>30<\/td><td>35<\/td><td>40<\/td><td>45<\/td><td>45<\/td><\/tr><tr><td colspan=\"2\">Velocidad de rotaci\u00f3n (R\/MIN)<\/td><td>1700-1890<\/td><td>1520-1690<\/td><td>1360-1510<\/td><td>1180-1310<\/td><td>1200-1390<\/td><\/tr><tr><td colspan=\"2\">Potencia para motor doble (KW)<\/td><td>110<\/td><td>180<\/td><td>264<\/td><td>400<\/td><td>440<\/td><\/tr><tr><td colspan=\"2\">Dimensi\u00f3n L\u00d7A\u00d7H (MM)<\/td><td>3700\u00d72150\u00d72100<\/td><td>4140\u00d72280\u00d72425<\/td><td>4560\u00d72447\u00d72778<\/td><td>5000\u00d72700\u00d73300<\/td><td>5100\u00d72790\u00d73320<\/td><\/tr><tr><td colspan=\"2\">Peso (t)<\/td><td>11.8<\/td><td>14.5<\/td><td>17.8<\/td><td>25.6<\/td><td>26<\/td><\/tr><tr><td colspan=\"2\">Suministro de energ\u00eda<\/td><td colspan=\"5\">380V 50Hz<\/td><\/tr><tr><td colspan=\"2\">Sensor de vibraci\u00f3n<\/td><td colspan=\"5\">Rango de monitoreo: 0.1-20 MM\/S ajustable continuamente<\/td><\/tr><tr><td rowspan=\"4\">Estaci\u00f3n hidr\u00e1ulica de lubricaci\u00f3n<\/td><td>Potencia del motor de doble bomba de aceite<\/td><td colspan=\"5\">2\u00d70.25 kW<\/td><\/tr><tr><td>Protecci\u00f3n de seguridad<\/td><td colspan=\"5\">Doble bomba de aceite garantiza el suministro normal de aceite; apagado autom\u00e1tico si no hay presi\u00f3n de aceite; enfriamiento por agua; precalentamiento del motor en invierno.<\/td><\/tr><tr><td>Sobre dimensi\u00f3n L\u00d7A\u00d7H (mm)<\/td><td colspan=\"5\">820\u00d7520\u00d71270<\/td><\/tr><tr><td>Potencia de calentamiento del tanque de aceite<\/td><td colspan=\"5\">2KW<\/td><\/tr><\/tbody><\/table><\/figure>\n\n\n<div class=\"gb-container gb-container-263d9700\">\n\n<a class=\"gb-button gb-button-a4cbb7be gb-button-text\" href=\"#popmake-622\">Obtener presupuesto gratuito<\/a>\n\n<\/div>\n<\/div>\n<\/div>","protected":false},"excerpt":{"rendered":"<p>Vertical shaft impact crusher Vertical shaft impact crusher application Vertical Impact crusher is the main production equipment of sand making production line, also known as sand making machine. Vertical shaft impact crushers are widely used for medium and fine crushing (sand making) of various hard and brittle materials such as various rocks, abrasives, refractory materials, &#8230; <\/p>\n<p class=\"read-more-container\"><a title=\"1-1. Trituradora de impacto de eje vertical\" class=\"read-more button\" href=\"https:\/\/hengxingmachinery.com\/es\/vertical-shaft-impact-crushers\/#more-2441\" aria-label=\"Leer m\u00e1s sobre 1-1. Vertical shaft impact crusher\">Leer m\u00e1s<\/a><\/p>","protected":false},"author":1,"featured_media":0,"parent":0,"menu_order":0,"comment_status":"closed","ping_status":"closed","template":"","meta":{"footnotes":""},"class_list":["post-2441","page","type-page","status-publish"],"yoast_head":"<!-- This site is optimized with the Yoast SEO plugin v27.4 - https:\/\/yoast.com\/product\/yoast-seo-wordpress\/ -->\n<title>1-1. Vertical shaft impact crusher - Hengxing Machinery<\/title>\n<meta name=\"robots\" content=\"index, follow, max-snippet:-1, max-image-preview:large, max-video-preview:-1\" \/>\n<link rel=\"canonical\" href=\"https:\/\/hengxingmachinery.com\/es\/vertical-shaft-impact-crushers\/\" \/>\n<meta property=\"og:locale\" content=\"es_ES\" \/>\n<meta property=\"og:type\" content=\"article\" \/>\n<meta property=\"og:title\" content=\"1-1. Vertical shaft impact crusher - Hengxing Machinery\" \/>\n<meta property=\"og:description\" content=\"Vertical shaft impact crusher Vertical shaft impact crusher application Vertical Impact crusher is the main production equipment of sand making production line, also known as sand making machine. Vertical shaft impact crushers are widely used for medium and fine crushing (sand making) of various hard and brittle materials such as various rocks, abrasives, refractory materials, ... Leer m\u00e1s\" \/>\n<meta property=\"og:url\" content=\"https:\/\/hengxingmachinery.com\/es\/vertical-shaft-impact-crushers\/\" \/>\n<meta property=\"og:site_name\" content=\"Hengxing Machinery\" \/>\n<meta property=\"article:modified_time\" content=\"2025-03-21T09:49:32+00:00\" \/>\n<meta property=\"og:image\" content=\"https:\/\/hengxingmachinery.com\/wp-content\/uploads\/2025\/03\/vsi-crusher-major-sale.jpg\" \/>\n<meta name=\"twitter:card\" content=\"summary_large_image\" \/>\n<meta name=\"twitter:label1\" content=\"Tiempo de lectura\" \/>\n\t<meta name=\"twitter:data1\" content=\"4 minutos\" \/>\n<script type=\"application\/ld+json\" class=\"yoast-schema-graph\">{\"@context\":\"https:\\\/\\\/schema.org\",\"@graph\":[{\"@type\":\"WebPage\",\"@id\":\"https:\\\/\\\/hengxingmachinery.com\\\/vertical-shaft-impact-crushers\\\/\",\"url\":\"https:\\\/\\\/hengxingmachinery.com\\\/vertical-shaft-impact-crushers\\\/\",\"name\":\"1-1. Vertical shaft impact crusher - Hengxing Machinery\",\"isPartOf\":{\"@id\":\"https:\\\/\\\/hengxingmachinery.com\\\/#website\"},\"primaryImageOfPage\":{\"@id\":\"https:\\\/\\\/hengxingmachinery.com\\\/vertical-shaft-impact-crushers\\\/#primaryimage\"},\"image\":{\"@id\":\"https:\\\/\\\/hengxingmachinery.com\\\/vertical-shaft-impact-crushers\\\/#primaryimage\"},\"thumbnailUrl\":\"https:\\\/\\\/hengxingmachinery.com\\\/wp-content\\\/uploads\\\/2025\\\/03\\\/vsi-crusher-major-sale.jpg\",\"datePublished\":\"2025-03-21T09:49:30+00:00\",\"dateModified\":\"2025-03-21T09:49:32+00:00\",\"breadcrumb\":{\"@id\":\"https:\\\/\\\/hengxingmachinery.com\\\/vertical-shaft-impact-crushers\\\/#breadcrumb\"},\"inLanguage\":\"es\",\"potentialAction\":[{\"@type\":\"ReadAction\",\"target\":[\"https:\\\/\\\/hengxingmachinery.com\\\/vertical-shaft-impact-crushers\\\/\"]}]},{\"@type\":\"ImageObject\",\"inLanguage\":\"es\",\"@id\":\"https:\\\/\\\/hengxingmachinery.com\\\/vertical-shaft-impact-crushers\\\/#primaryimage\",\"url\":\"https:\\\/\\\/hengxingmachinery.com\\\/wp-content\\\/uploads\\\/2025\\\/03\\\/vsi-crusher-major-sale.jpg\",\"contentUrl\":\"https:\\\/\\\/hengxingmachinery.com\\\/wp-content\\\/uploads\\\/2025\\\/03\\\/vsi-crusher-major-sale.jpg\"},{\"@type\":\"BreadcrumbList\",\"@id\":\"https:\\\/\\\/hengxingmachinery.com\\\/vertical-shaft-impact-crushers\\\/#breadcrumb\",\"itemListElement\":[{\"@type\":\"ListItem\",\"position\":1,\"name\":\"Home\",\"item\":\"https:\\\/\\\/hengxingmachinery.com\\\/\"},{\"@type\":\"ListItem\",\"position\":2,\"name\":\"1-1. Vertical shaft impact crusher\"}]},{\"@type\":\"WebSite\",\"@id\":\"https:\\\/\\\/hengxingmachinery.com\\\/#website\",\"url\":\"https:\\\/\\\/hengxingmachinery.com\\\/\",\"name\":\"Hengxing Machinery\",\"description\":\"Leading Manufacturer of All Sorts of Mining Machinery\",\"publisher\":{\"@id\":\"https:\\\/\\\/hengxingmachinery.com\\\/#organization\"},\"potentialAction\":[{\"@type\":\"SearchAction\",\"target\":{\"@type\":\"EntryPoint\",\"urlTemplate\":\"https:\\\/\\\/hengxingmachinery.com\\\/?s={search_term_string}\"},\"query-input\":{\"@type\":\"PropertyValueSpecification\",\"valueRequired\":true,\"valueName\":\"search_term_string\"}}],\"inLanguage\":\"es\"},{\"@type\":\"Organization\",\"@id\":\"https:\\\/\\\/hengxingmachinery.com\\\/#organization\",\"name\":\"Hengxing Machinery\",\"url\":\"https:\\\/\\\/hengxingmachinery.com\\\/\",\"logo\":{\"@type\":\"ImageObject\",\"inLanguage\":\"es\",\"@id\":\"https:\\\/\\\/hengxingmachinery.com\\\/#\\\/schema\\\/logo\\\/image\\\/\",\"url\":\"https:\\\/\\\/hengxingmachinery.com\\\/wp-content\\\/uploads\\\/2024\\\/12\\\/logo.png\",\"contentUrl\":\"https:\\\/\\\/hengxingmachinery.com\\\/wp-content\\\/uploads\\\/2024\\\/12\\\/logo.png\",\"width\":400,\"height\":260,\"caption\":\"Hengxing Machinery\"},\"image\":{\"@id\":\"https:\\\/\\\/hengxingmachinery.com\\\/#\\\/schema\\\/logo\\\/image\\\/\"}}]}<\/script>\n<!-- \/ Yoast SEO plugin. -->","yoast_head_json":{"title":"1-1. Trituradora de impacto de eje vertical - Maquinaria Hengxing","robots":{"index":"index","follow":"follow","max-snippet":"max-snippet:-1","max-image-preview":"max-image-preview:large","max-video-preview":"max-video-preview:-1"},"canonical":"https:\/\/hengxingmachinery.com\/es\/vertical-shaft-impact-crushers\/","og_locale":"es_ES","og_type":"article","og_title":"1-1. Vertical shaft impact crusher - Hengxing Machinery","og_description":"Vertical shaft impact crusher Vertical shaft impact crusher application Vertical Impact crusher is the main production equipment of sand making production line, also known as sand making machine. Vertical shaft impact crushers are widely used for medium and fine crushing (sand making) of various hard and brittle materials such as various rocks, abrasives, refractory materials, ... Leer m\u00e1s","og_url":"https:\/\/hengxingmachinery.com\/es\/vertical-shaft-impact-crushers\/","og_site_name":"Hengxing Machinery","article_modified_time":"2025-03-21T09:49:32+00:00","og_image":[{"url":"https:\/\/hengxingmachinery.com\/wp-content\/uploads\/2025\/03\/vsi-crusher-major-sale.jpg","type":"","width":"","height":""}],"twitter_card":"summary_large_image","twitter_misc":{"Tiempo de lectura":"4 minutos"},"schema":{"@context":"https:\/\/schema.org","@graph":[{"@type":"WebPage","@id":"https:\/\/hengxingmachinery.com\/vertical-shaft-impact-crushers\/","url":"https:\/\/hengxingmachinery.com\/vertical-shaft-impact-crushers\/","name":"1-1. Trituradora de impacto de eje vertical - Maquinaria Hengxing","isPartOf":{"@id":"https:\/\/hengxingmachinery.com\/#website"},"primaryImageOfPage":{"@id":"https:\/\/hengxingmachinery.com\/vertical-shaft-impact-crushers\/#primaryimage"},"image":{"@id":"https:\/\/hengxingmachinery.com\/vertical-shaft-impact-crushers\/#primaryimage"},"thumbnailUrl":"https:\/\/hengxingmachinery.com\/wp-content\/uploads\/2025\/03\/vsi-crusher-major-sale.jpg","datePublished":"2025-03-21T09:49:30+00:00","dateModified":"2025-03-21T09:49:32+00:00","breadcrumb":{"@id":"https:\/\/hengxingmachinery.com\/vertical-shaft-impact-crushers\/#breadcrumb"},"inLanguage":"es","potentialAction":[{"@type":"ReadAction","target":["https:\/\/hengxingmachinery.com\/vertical-shaft-impact-crushers\/"]}]},{"@type":"ImageObject","inLanguage":"es","@id":"https:\/\/hengxingmachinery.com\/vertical-shaft-impact-crushers\/#primaryimage","url":"https:\/\/hengxingmachinery.com\/wp-content\/uploads\/2025\/03\/vsi-crusher-major-sale.jpg","contentUrl":"https:\/\/hengxingmachinery.com\/wp-content\/uploads\/2025\/03\/vsi-crusher-major-sale.jpg"},{"@type":"BreadcrumbList","@id":"https:\/\/hengxingmachinery.com\/vertical-shaft-impact-crushers\/#breadcrumb","itemListElement":[{"@type":"ListItem","position":1,"name":"Home","item":"https:\/\/hengxingmachinery.com\/"},{"@type":"ListItem","position":2,"name":"1-1. Vertical shaft impact crusher"}]},{"@type":"WebSite","@id":"https:\/\/hengxingmachinery.com\/#website","url":"https:\/\/hengxingmachinery.com\/","name":"Maquinaria Hengxing","description":"Fabricante l\u00edder de todo tipo de maquinaria minera","publisher":{"@id":"https:\/\/hengxingmachinery.com\/#organization"},"potentialAction":[{"@type":"SearchAction","target":{"@type":"EntryPoint","urlTemplate":"https:\/\/hengxingmachinery.com\/?s={search_term_string}"},"query-input":{"@type":"PropertyValueSpecification","valueRequired":true,"valueName":"search_term_string"}}],"inLanguage":"es"},{"@type":"Organization","@id":"https:\/\/hengxingmachinery.com\/#organization","name":"Maquinaria Hengxing","url":"https:\/\/hengxingmachinery.com\/","logo":{"@type":"ImageObject","inLanguage":"es","@id":"https:\/\/hengxingmachinery.com\/#\/schema\/logo\/image\/","url":"https:\/\/hengxingmachinery.com\/wp-content\/uploads\/2024\/12\/logo.png","contentUrl":"https:\/\/hengxingmachinery.com\/wp-content\/uploads\/2024\/12\/logo.png","width":400,"height":260,"caption":"Hengxing Machinery"},"image":{"@id":"https:\/\/hengxingmachinery.com\/#\/schema\/logo\/image\/"}}]}},"_links":{"self":[{"href":"https:\/\/hengxingmachinery.com\/es\/wp-json\/wp\/v2\/pages\/2441","targetHints":{"allow":["GET"]}}],"collection":[{"href":"https:\/\/hengxingmachinery.com\/es\/wp-json\/wp\/v2\/pages"}],"about":[{"href":"https:\/\/hengxingmachinery.com\/es\/wp-json\/wp\/v2\/types\/page"}],"author":[{"embeddable":true,"href":"https:\/\/hengxingmachinery.com\/es\/wp-json\/wp\/v2\/users\/1"}],"replies":[{"embeddable":true,"href":"https:\/\/hengxingmachinery.com\/es\/wp-json\/wp\/v2\/comments?post=2441"}],"version-history":[{"count":2,"href":"https:\/\/hengxingmachinery.com\/es\/wp-json\/wp\/v2\/pages\/2441\/revisions"}],"predecessor-version":[{"id":2630,"href":"https:\/\/hengxingmachinery.com\/es\/wp-json\/wp\/v2\/pages\/2441\/revisions\/2630"}],"wp:attachment":[{"href":"https:\/\/hengxingmachinery.com\/es\/wp-json\/wp\/v2\/media?parent=2441"}],"curies":[{"name":"wp","href":"https:\/\/api.w.org\/{rel}","templated":true}]}}