{"id":2442,"date":"2025-03-21T09:55:30","date_gmt":"2025-03-21T09:55:30","guid":{"rendered":"https:\/\/hengxingmachinery.com\/?page_id=2442"},"modified":"2025-03-21T09:55:31","modified_gmt":"2025-03-21T09:55:31","slug":"double-teeth-roller-crushers","status":"publish","type":"page","link":"https:\/\/hengxingmachinery.com\/es\/double-teeth-roller-crushers\/","title":{"rendered":"1-1. Trituradora de rodillos de doble diente"},"content":{"rendered":"<div class=\"gb-container gb-container-45165f5a\">\n<div class=\"gb-container gb-container-c2652eb4\">\n\n<h1 class=\"gb-headline gb-headline-62a8b2cc gb-headline-text\">Trituradora de rodillos de doble diente<\/h1>\n\n<\/div>\n<\/div>\n\n<div class=\"gb-container gb-container-519cf624\">\n<div class=\"gb-container gb-container-71ca071e\">\n<div class=\"gb-grid-wrapper gb-grid-wrapper-8a5f0688\">\n<div class=\"gb-grid-column gb-grid-column-1e99b1c2\"><div class=\"gb-container gb-container-1e99b1c2\">\n\n<figure class=\"gb-block-image gb-block-image-e4eaba54\"><img decoding=\"async\" width=\"665\" height=\"545\" class=\"gb-image gb-image-e4eaba54\" src=\"https:\/\/hengxingmachinery.com\/wp-content\/uploads\/2025\/03\/double-teeth-roller-crusher-sale.jpg\" alt=\"\" title=\"venta-de-trituradora-de-rodillos-de-doble-diente\" srcset=\"https:\/\/hengxingmachinery.com\/wp-content\/uploads\/2025\/03\/double-teeth-roller-crusher-sale.jpg 665w, https:\/\/hengxingmachinery.com\/wp-content\/uploads\/2025\/03\/double-teeth-roller-crusher-sale-300x246.jpg 300w, https:\/\/hengxingmachinery.com\/wp-content\/uploads\/2025\/03\/double-teeth-roller-crusher-sale-15x12.jpg 15w\" sizes=\"(max-width: 665px) 100vw, 665px\" \/><\/figure>\n\n<\/div><\/div>\n\n<div class=\"gb-grid-column gb-grid-column-bcae065b\"><div class=\"gb-container gb-container-bcae065b\">\n\n<p><strong><mark style=\"background-color:rgba(0, 0, 0, 0)\" class=\"has-inline-color has-global-color-8-color\">Tama\u00f1o de la alimentaci\u00f3n:<\/mark><\/strong> 200-1150 mm<\/p>\n\n\n\n<p><strong><mark style=\"background-color:rgba(0, 0, 0, 0)\" class=\"has-inline-color has-global-color-8-color\">Capacidad de producci\u00f3n:<\/mark><\/strong> 30-300 t\/h<\/p>\n\n\n\n<p><strong><mark style=\"background-color:rgba(0, 0, 0, 0)\" class=\"has-inline-color has-global-color-8-color\">Tama\u00f1o de descarga:<\/mark><\/strong> 15-200 mm<\/p>\n\n\n\n<p><strong><mark style=\"background-color:rgba(0, 0, 0, 0)\" class=\"has-inline-color has-global-color-8-color\">Materiales aplicables:<\/mark><\/strong> carb\u00f3n, hulla, antracita, lignito, sinterizado, coque, escoria, esquisto bituminoso, ganga de carb\u00f3n, ganga, piedra caliza, etc.<\/p>\n\n\n\n<p><strong><mark style=\"background-color:rgba(0, 0, 0, 0)\" class=\"has-inline-color has-global-color-8-color\">Rango de aplicaci\u00f3n:<\/mark><\/strong> adecuado para las industrias del carb\u00f3n, metalurgia, miner\u00eda, qu\u00edmica, materiales de construcci\u00f3n y otras, y m\u00e1s adecuado para la trituraci\u00f3n de carb\u00f3n bruto (incluida la ganga) en minas de carb\u00f3n a gran escala o plantas de preparaci\u00f3n de carb\u00f3n.<\/p>\n\n\n<div class=\"gb-container gb-container-256e15f1\">\n\n<a class=\"gb-button gb-button-e8b73d89 gb-button-text\" href=\"#popmake-622\">Obtener presupuesto gratuito<\/a>\n\n<\/div>\n<\/div><\/div>\n<\/div>\n<\/div>\n<\/div>\n\n<div class=\"gb-container gb-container-3a930c38\">\n<div class=\"gb-container gb-container-8a36e90a\">\n\n<h2 class=\"gb-headline gb-headline-a5d3273c gb-headline-text\">Aplicaci\u00f3n de la trituradora de rodillos de doble diente<\/h2>\n\n\n\n<p>La trituradora de rodillos de doble diente tiene amplias aplicaciones en las industrias de miner\u00eda, materiales de construcci\u00f3n, industria qu\u00edmica, metalurgia, etc. La trituradora de rodillos puede realizar trituraci\u00f3n secundaria y fina de materiales con dureza media o media-baja, como minerales, rocas, coque, carb\u00f3n, escoria, etc. Seg\u00fan los requisitos, los rodillos pueden ser lisos o dentados.<\/p>\n\n\n<div class=\"gb-container gb-container-96208927\">\n\n<a class=\"gb-button gb-button-429870c5 gb-button-text\" href=\"#popmake-622\">Obtener presupuesto gratuito<\/a>\n\n<\/div>\n<\/div>\n<\/div>\n\n<div class=\"gb-container gb-container-a7cff402\">\n<div class=\"gb-container gb-container-55200cb7\">\n\n<h2 class=\"gb-headline gb-headline-db95bb1f gb-headline-text\">Principio de funcionamiento de la trituradora de rodillos de doble diente<\/h2>\n\n\n\n<figure class=\"gb-block-image gb-block-image-4f30f5c4\"><img decoding=\"async\" width=\"665\" height=\"545\" class=\"gb-image gb-image-4f30f5c4\" src=\"https:\/\/hengxingmachinery.com\/wp-content\/uploads\/2025\/03\/double-teeth-roller-working.jpg\" alt=\"\" title=\"funcionamiento-del-rodillo-de-doble-diente\" srcset=\"https:\/\/hengxingmachinery.com\/wp-content\/uploads\/2025\/03\/double-teeth-roller-working.jpg 665w, https:\/\/hengxingmachinery.com\/wp-content\/uploads\/2025\/03\/double-teeth-roller-working-300x246.jpg 300w, https:\/\/hengxingmachinery.com\/wp-content\/uploads\/2025\/03\/double-teeth-roller-working-15x12.jpg 15w\" sizes=\"(max-width: 665px) 100vw, 665px\" \/><\/figure>\n\n\n\n<p>Las part\u00edculas son arrastradas al espacio entre los rodillos por su movimiento giratorio y se forma un \u00e1ngulo de fricci\u00f3n entre los rodillos y la part\u00edcula, llamado \u00e1ngulo de presi\u00f3n. Los dos rodillos fuerzan a la part\u00edcula entre sus superficies giratorias hacia el \u00e1rea de espacio cada vez m\u00e1s peque\u00f1a, y esta se fractura debido a las fuerzas de compresi\u00f3n ejercidas por los rodillos giratorios.<\/p>\n\n\n<div class=\"gb-container gb-container-06064b35\">\n\n<a class=\"gb-button gb-button-a30441ca gb-button-text\" href=\"#popmake-622\">Obtener presupuesto gratuito<\/a>\n\n<\/div>\n<\/div>\n<\/div>\n\n<div class=\"gb-container gb-container-4a0cf1f0\">\n<div class=\"gb-container gb-container-c65cee30\">\n\n<h2 class=\"gb-headline gb-headline-5876c5d4 gb-headline-text\">Caracter\u00edsticas principales de la trituradora de rodillos de doble diente<\/h2>\n\n\n\n<figure class=\"gb-block-image gb-block-image-8be78fc4\"><img decoding=\"async\" width=\"800\" height=\"500\" class=\"gb-image gb-image-8be78fc4\" src=\"https:\/\/hengxingmachinery.com\/wp-content\/uploads\/2025\/03\/double-teeth-roller-feature.jpg\" alt=\"\" title=\"caracter\u00edstica-del-rodillo-de-doble-diente\" srcset=\"https:\/\/hengxingmachinery.com\/wp-content\/uploads\/2025\/03\/double-teeth-roller-feature.jpg 800w, https:\/\/hengxingmachinery.com\/wp-content\/uploads\/2025\/03\/double-teeth-roller-feature-300x188.jpg 300w, https:\/\/hengxingmachinery.com\/wp-content\/uploads\/2025\/03\/double-teeth-roller-feature-768x480.jpg 768w, https:\/\/hengxingmachinery.com\/wp-content\/uploads\/2025\/03\/double-teeth-roller-feature-18x12.jpg 18w\" sizes=\"(max-width: 800px) 100vw, 800px\" \/><\/figure>\n\n\n\n<p>1. Estructura compacta, rendimiento confiable<\/p>\n\n\n\n<p>2. Bajo nivel de ruido y alta eficiencia<\/p>\n\n\n\n<p>3. F\u00e1cil de instalar y solo requiere una cimentaci\u00f3n simple<\/p>\n\n\n\n<p>4. Puede ajustar f\u00e1cilmente la presi\u00f3n y el tama\u00f1o, y puede fabricarse para cumplir con la solicitud del cliente<\/p>\n\n\n\n<p>5. Autoprotecci\u00f3n, las piezas no pueden da\u00f1arse cuando materiales duros como metales ingresan a la c\u00e1mara de trituraci\u00f3n<\/p>\n\n\n\n<p>6. Baja tasa de desgaste y f\u00e1cil mantenimiento<\/p>\n\n\n<div class=\"gb-container gb-container-537619be\">\n\n<a class=\"gb-button gb-button-214e6771 gb-button-text\" href=\"#popmake-622\">Obtener presupuesto gratuito<\/a>\n\n<\/div>\n<\/div>\n<\/div>\n\n<div class=\"gb-container gb-container-435ad261\">\n<div class=\"gb-container gb-container-7dc79cc4\">\n\n<h2 class=\"gb-headline gb-headline-6fe5dee2 gb-headline-text\">Especificaciones de la trituradora de rodillos de doble diente<\/h2>\n\n\n\n<figure class=\"wp-block-table\"><table class=\"has-fixed-layout\"><tbody><tr><td>Modelo<\/td><td>Di\u00e1metro del rodillo (mm)<\/td><td>Longitud del rodillo (mm)<\/td><td>Tama\u00f1o m\u00e1ximo de alimentaci\u00f3n (mm)<\/td><td>Tama\u00f1o de salida (mm)<\/td><td>Capacidad (t\/h)<\/td><td>Potencia del motor (kW)<\/td><td>Peso total (t)<\/td><td>Dimensiones generales (L\u00d7A\u00d7H) (mm)<\/td><\/tr><tr><td>2PGC600\u00d7500<\/td><td>600<\/td><td>500<\/td><td>200-450<\/td><td>15-100<\/td><td>30-60<\/td><td>4P 11\u00d72<\/td><td>3800<\/td><td>2450\u00d71800\u00d7950<\/td><\/tr><tr><td>2PGC600\u00d7800<\/td><td>600<\/td><td>750<\/td><td>300-600<\/td><td>20-120<\/td><td>60-100<\/td><td>4P 18.5\u00d72<\/td><td>7200<\/td><td>4500\u00d71900\u00d71350<\/td><\/tr><tr><td>2PGC800\u00d71000<\/td><td>800<\/td><td>1000<\/td><td>500-800<\/td><td>30-150<\/td><td>100-160<\/td><td>4P 22\u00d72<\/td><td>12600<\/td><td>2550\u00d72050\u00d71100<\/td><\/tr><tr><td>2PGC1000\u00d71000<\/td><td>1000<\/td><td>1000<\/td><td>700-950<\/td><td>30-200<\/td><td>150-200<\/td><td>6P 45\u00d72<\/td><td>18800<\/td><td>2780\u00d74100\u00d71550<\/td><\/tr><tr><td>2PGC1200\u00d71200<\/td><td>1200<\/td><td>1200<\/td><td>800-1050<\/td><td>30-200<\/td><td>180-250<\/td><td>6P 55\u00d72<\/td><td>29500<\/td><td>2780\u00d73200\u00d71980<\/td><\/tr><tr><td>2PGC1500\u00d71200<\/td><td>1500<\/td><td>1200<\/td><td>1000-1150<\/td><td>30-200<\/td><td>200-300<\/td><td>6P 75\u00d72<\/td><td>38600<\/td><td>8010\u00d74500\u00d72050<\/td><\/tr><\/tbody><\/table><\/figure>\n\n\n<div class=\"gb-container gb-container-263d9700\">\n\n<a class=\"gb-button gb-button-a4cbb7be gb-button-text\" href=\"#popmake-622\">Obtener presupuesto gratuito<\/a>\n\n<\/div>\n<\/div>\n<\/div>","protected":false},"excerpt":{"rendered":"<p>Double teeth roller crusher Double teeth roller crusher application The double-teeth roller crusher has wide applications in the industries of mining, building materials, chemical industry, metallurgy, etc. The roller crusher can do secondary and fine crushing of materials with middle hardness or middle minus hardness, such as minerals, rocks, coke, coal, slag, etc. Depending on &#8230; <\/p>\n<p class=\"read-more-container\"><a title=\"1-1. Trituradora de rodillos de doble diente\" class=\"read-more button\" href=\"https:\/\/hengxingmachinery.com\/es\/double-teeth-roller-crushers\/#more-2442\" aria-label=\"Leer m\u00e1s sobre 1-1. Double teeth roller crusher\">Leer m\u00e1s<\/a><\/p>","protected":false},"author":1,"featured_media":0,"parent":0,"menu_order":0,"comment_status":"closed","ping_status":"closed","template":"","meta":{"footnotes":""},"class_list":["post-2442","page","type-page","status-publish"],"yoast_head":"<!-- This site is optimized with the Yoast SEO plugin v27.4 - https:\/\/yoast.com\/product\/yoast-seo-wordpress\/ -->\n<title>1-1. Double teeth roller crusher - Hengxing Machinery<\/title>\n<meta name=\"robots\" content=\"index, follow, max-snippet:-1, max-image-preview:large, max-video-preview:-1\" \/>\n<link rel=\"canonical\" href=\"https:\/\/hengxingmachinery.com\/es\/double-teeth-roller-crushers\/\" \/>\n<meta property=\"og:locale\" content=\"es_ES\" \/>\n<meta property=\"og:type\" content=\"article\" \/>\n<meta property=\"og:title\" content=\"1-1. Double teeth roller crusher - Hengxing Machinery\" \/>\n<meta property=\"og:description\" content=\"Double teeth roller crusher Double teeth roller crusher application The double-teeth roller crusher has wide applications in the industries of mining, building materials, chemical industry, metallurgy, etc. The roller crusher can do secondary and fine crushing of materials with middle hardness or middle minus hardness, such as minerals, rocks, coke, coal, slag, etc. Depending on ... Leer m\u00e1s\" \/>\n<meta property=\"og:url\" content=\"https:\/\/hengxingmachinery.com\/es\/double-teeth-roller-crushers\/\" \/>\n<meta property=\"og:site_name\" content=\"Hengxing Machinery\" \/>\n<meta property=\"article:modified_time\" content=\"2025-03-21T09:55:31+00:00\" \/>\n<meta property=\"og:image\" content=\"https:\/\/hengxingmachinery.com\/wp-content\/uploads\/2025\/03\/double-teeth-roller-crusher-sale.jpg\" \/>\n<meta name=\"twitter:card\" content=\"summary_large_image\" \/>\n<meta name=\"twitter:label1\" content=\"Tiempo de lectura\" \/>\n\t<meta name=\"twitter:data1\" content=\"3 minutos\" \/>\n<script type=\"application\/ld+json\" class=\"yoast-schema-graph\">{\"@context\":\"https:\\\/\\\/schema.org\",\"@graph\":[{\"@type\":\"WebPage\",\"@id\":\"https:\\\/\\\/hengxingmachinery.com\\\/double-teeth-roller-crushers\\\/\",\"url\":\"https:\\\/\\\/hengxingmachinery.com\\\/double-teeth-roller-crushers\\\/\",\"name\":\"1-1. Double teeth roller crusher - Hengxing Machinery\",\"isPartOf\":{\"@id\":\"https:\\\/\\\/hengxingmachinery.com\\\/#website\"},\"primaryImageOfPage\":{\"@id\":\"https:\\\/\\\/hengxingmachinery.com\\\/double-teeth-roller-crushers\\\/#primaryimage\"},\"image\":{\"@id\":\"https:\\\/\\\/hengxingmachinery.com\\\/double-teeth-roller-crushers\\\/#primaryimage\"},\"thumbnailUrl\":\"https:\\\/\\\/hengxingmachinery.com\\\/wp-content\\\/uploads\\\/2025\\\/03\\\/double-teeth-roller-crusher-sale.jpg\",\"datePublished\":\"2025-03-21T09:55:30+00:00\",\"dateModified\":\"2025-03-21T09:55:31+00:00\",\"breadcrumb\":{\"@id\":\"https:\\\/\\\/hengxingmachinery.com\\\/double-teeth-roller-crushers\\\/#breadcrumb\"},\"inLanguage\":\"es\",\"potentialAction\":[{\"@type\":\"ReadAction\",\"target\":[\"https:\\\/\\\/hengxingmachinery.com\\\/double-teeth-roller-crushers\\\/\"]}]},{\"@type\":\"ImageObject\",\"inLanguage\":\"es\",\"@id\":\"https:\\\/\\\/hengxingmachinery.com\\\/double-teeth-roller-crushers\\\/#primaryimage\",\"url\":\"https:\\\/\\\/hengxingmachinery.com\\\/wp-content\\\/uploads\\\/2025\\\/03\\\/double-teeth-roller-crusher-sale.jpg\",\"contentUrl\":\"https:\\\/\\\/hengxingmachinery.com\\\/wp-content\\\/uploads\\\/2025\\\/03\\\/double-teeth-roller-crusher-sale.jpg\"},{\"@type\":\"BreadcrumbList\",\"@id\":\"https:\\\/\\\/hengxingmachinery.com\\\/double-teeth-roller-crushers\\\/#breadcrumb\",\"itemListElement\":[{\"@type\":\"ListItem\",\"position\":1,\"name\":\"Home\",\"item\":\"https:\\\/\\\/hengxingmachinery.com\\\/\"},{\"@type\":\"ListItem\",\"position\":2,\"name\":\"1-1. Double teeth roller crusher\"}]},{\"@type\":\"WebSite\",\"@id\":\"https:\\\/\\\/hengxingmachinery.com\\\/#website\",\"url\":\"https:\\\/\\\/hengxingmachinery.com\\\/\",\"name\":\"Hengxing Machinery\",\"description\":\"Leading Manufacturer of All Sorts of Mining Machinery\",\"publisher\":{\"@id\":\"https:\\\/\\\/hengxingmachinery.com\\\/#organization\"},\"potentialAction\":[{\"@type\":\"SearchAction\",\"target\":{\"@type\":\"EntryPoint\",\"urlTemplate\":\"https:\\\/\\\/hengxingmachinery.com\\\/?s={search_term_string}\"},\"query-input\":{\"@type\":\"PropertyValueSpecification\",\"valueRequired\":true,\"valueName\":\"search_term_string\"}}],\"inLanguage\":\"es\"},{\"@type\":\"Organization\",\"@id\":\"https:\\\/\\\/hengxingmachinery.com\\\/#organization\",\"name\":\"Hengxing Machinery\",\"url\":\"https:\\\/\\\/hengxingmachinery.com\\\/\",\"logo\":{\"@type\":\"ImageObject\",\"inLanguage\":\"es\",\"@id\":\"https:\\\/\\\/hengxingmachinery.com\\\/#\\\/schema\\\/logo\\\/image\\\/\",\"url\":\"https:\\\/\\\/hengxingmachinery.com\\\/wp-content\\\/uploads\\\/2024\\\/12\\\/logo.png\",\"contentUrl\":\"https:\\\/\\\/hengxingmachinery.com\\\/wp-content\\\/uploads\\\/2024\\\/12\\\/logo.png\",\"width\":400,\"height\":260,\"caption\":\"Hengxing Machinery\"},\"image\":{\"@id\":\"https:\\\/\\\/hengxingmachinery.com\\\/#\\\/schema\\\/logo\\\/image\\\/\"}}]}<\/script>\n<!-- \/ Yoast SEO plugin. -->","yoast_head_json":{"title":"1-1. Trituradora de rodillos de doble diente - Maquinaria Hengxing","robots":{"index":"index","follow":"follow","max-snippet":"max-snippet:-1","max-image-preview":"max-image-preview:large","max-video-preview":"max-video-preview:-1"},"canonical":"https:\/\/hengxingmachinery.com\/es\/double-teeth-roller-crushers\/","og_locale":"es_ES","og_type":"article","og_title":"1-1. Double teeth roller crusher - Hengxing Machinery","og_description":"Double teeth roller crusher Double teeth roller crusher application The double-teeth roller crusher has wide applications in the industries of mining, building materials, chemical industry, metallurgy, etc. The roller crusher can do secondary and fine crushing of materials with middle hardness or middle minus hardness, such as minerals, rocks, coke, coal, slag, etc. Depending on ... Leer m\u00e1s","og_url":"https:\/\/hengxingmachinery.com\/es\/double-teeth-roller-crushers\/","og_site_name":"Hengxing Machinery","article_modified_time":"2025-03-21T09:55:31+00:00","og_image":[{"url":"https:\/\/hengxingmachinery.com\/wp-content\/uploads\/2025\/03\/double-teeth-roller-crusher-sale.jpg","type":"","width":"","height":""}],"twitter_card":"summary_large_image","twitter_misc":{"Tiempo de lectura":"3 minutos"},"schema":{"@context":"https:\/\/schema.org","@graph":[{"@type":"WebPage","@id":"https:\/\/hengxingmachinery.com\/double-teeth-roller-crushers\/","url":"https:\/\/hengxingmachinery.com\/double-teeth-roller-crushers\/","name":"1-1. Trituradora de rodillos de doble diente - Maquinaria Hengxing","isPartOf":{"@id":"https:\/\/hengxingmachinery.com\/#website"},"primaryImageOfPage":{"@id":"https:\/\/hengxingmachinery.com\/double-teeth-roller-crushers\/#primaryimage"},"image":{"@id":"https:\/\/hengxingmachinery.com\/double-teeth-roller-crushers\/#primaryimage"},"thumbnailUrl":"https:\/\/hengxingmachinery.com\/wp-content\/uploads\/2025\/03\/double-teeth-roller-crusher-sale.jpg","datePublished":"2025-03-21T09:55:30+00:00","dateModified":"2025-03-21T09:55:31+00:00","breadcrumb":{"@id":"https:\/\/hengxingmachinery.com\/double-teeth-roller-crushers\/#breadcrumb"},"inLanguage":"es","potentialAction":[{"@type":"ReadAction","target":["https:\/\/hengxingmachinery.com\/double-teeth-roller-crushers\/"]}]},{"@type":"ImageObject","inLanguage":"es","@id":"https:\/\/hengxingmachinery.com\/double-teeth-roller-crushers\/#primaryimage","url":"https:\/\/hengxingmachinery.com\/wp-content\/uploads\/2025\/03\/double-teeth-roller-crusher-sale.jpg","contentUrl":"https:\/\/hengxingmachinery.com\/wp-content\/uploads\/2025\/03\/double-teeth-roller-crusher-sale.jpg"},{"@type":"BreadcrumbList","@id":"https:\/\/hengxingmachinery.com\/double-teeth-roller-crushers\/#breadcrumb","itemListElement":[{"@type":"ListItem","position":1,"name":"Home","item":"https:\/\/hengxingmachinery.com\/"},{"@type":"ListItem","position":2,"name":"1-1. Double teeth roller crusher"}]},{"@type":"WebSite","@id":"https:\/\/hengxingmachinery.com\/#website","url":"https:\/\/hengxingmachinery.com\/","name":"Maquinaria Hengxing","description":"Fabricante l\u00edder de todo tipo de maquinaria minera","publisher":{"@id":"https:\/\/hengxingmachinery.com\/#organization"},"potentialAction":[{"@type":"SearchAction","target":{"@type":"EntryPoint","urlTemplate":"https:\/\/hengxingmachinery.com\/?s={search_term_string}"},"query-input":{"@type":"PropertyValueSpecification","valueRequired":true,"valueName":"search_term_string"}}],"inLanguage":"es"},{"@type":"Organization","@id":"https:\/\/hengxingmachinery.com\/#organization","name":"Maquinaria Hengxing","url":"https:\/\/hengxingmachinery.com\/","logo":{"@type":"ImageObject","inLanguage":"es","@id":"https:\/\/hengxingmachinery.com\/#\/schema\/logo\/image\/","url":"https:\/\/hengxingmachinery.com\/wp-content\/uploads\/2024\/12\/logo.png","contentUrl":"https:\/\/hengxingmachinery.com\/wp-content\/uploads\/2024\/12\/logo.png","width":400,"height":260,"caption":"Hengxing Machinery"},"image":{"@id":"https:\/\/hengxingmachinery.com\/#\/schema\/logo\/image\/"}}]}},"_links":{"self":[{"href":"https:\/\/hengxingmachinery.com\/es\/wp-json\/wp\/v2\/pages\/2442","targetHints":{"allow":["GET"]}}],"collection":[{"href":"https:\/\/hengxingmachinery.com\/es\/wp-json\/wp\/v2\/pages"}],"about":[{"href":"https:\/\/hengxingmachinery.com\/es\/wp-json\/wp\/v2\/types\/page"}],"author":[{"embeddable":true,"href":"https:\/\/hengxingmachinery.com\/es\/wp-json\/wp\/v2\/users\/1"}],"replies":[{"embeddable":true,"href":"https:\/\/hengxingmachinery.com\/es\/wp-json\/wp\/v2\/comments?post=2442"}],"version-history":[{"count":4,"href":"https:\/\/hengxingmachinery.com\/es\/wp-json\/wp\/v2\/pages\/2442\/revisions"}],"predecessor-version":[{"id":2636,"href":"https:\/\/hengxingmachinery.com\/es\/wp-json\/wp\/v2\/pages\/2442\/revisions\/2636"}],"wp:attachment":[{"href":"https:\/\/hengxingmachinery.com\/es\/wp-json\/wp\/v2\/media?parent=2442"}],"curies":[{"name":"wp","href":"https:\/\/api.w.org\/{rel}","templated":true}]}}