{"id":2443,"date":"2025-03-21T09:58:21","date_gmt":"2025-03-21T09:58:21","guid":{"rendered":"https:\/\/hengxingmachinery.com\/?page_id=2443"},"modified":"2025-03-21T09:58:38","modified_gmt":"2025-03-21T09:58:38","slug":"double-roller-crushers","status":"publish","type":"page","link":"https:\/\/hengxingmachinery.com\/es\/double-roller-crushers\/","title":{"rendered":"1-1. Trituradora de doble rodillo"},"content":{"rendered":"<div class=\"gb-container gb-container-45165f5a\">\n<div class=\"gb-container gb-container-c2652eb4\">\n\n<h1 class=\"gb-headline gb-headline-62a8b2cc gb-headline-text\">Trituradoras de doble rodillo<\/h1>\n\n<\/div>\n<\/div>\n\n<div class=\"gb-container gb-container-519cf624\">\n<div class=\"gb-container gb-container-71ca071e\">\n<div class=\"gb-grid-wrapper gb-grid-wrapper-8a5f0688\">\n<div class=\"gb-grid-column gb-grid-column-1e99b1c2\"><div class=\"gb-container gb-container-1e99b1c2\">\n\n<figure class=\"gb-block-image gb-block-image-e4eaba54\"><img decoding=\"async\" width=\"665\" height=\"545\" class=\"gb-image gb-image-e4eaba54\" src=\"https:\/\/hengxingmachinery.com\/wp-content\/uploads\/2025\/03\/double-roller-crusher-major-sale.jpg\" alt=\"\" title=\"trituradora-doble-rodillo-venta-principal\" srcset=\"https:\/\/hengxingmachinery.com\/wp-content\/uploads\/2025\/03\/double-roller-crusher-major-sale.jpg 665w, https:\/\/hengxingmachinery.com\/wp-content\/uploads\/2025\/03\/double-roller-crusher-major-sale-300x246.jpg 300w, https:\/\/hengxingmachinery.com\/wp-content\/uploads\/2025\/03\/double-roller-crusher-major-sale-15x12.jpg 15w\" sizes=\"(max-width: 665px) 100vw, 665px\" \/><\/figure>\n\n<\/div><\/div>\n\n<div class=\"gb-grid-column gb-grid-column-bcae065b\"><div class=\"gb-container gb-container-bcae065b\">\n\n<p><strong><mark style=\"background-color:rgba(0, 0, 0, 0)\" class=\"has-inline-color has-global-color-8-color\">Capacidad de producci\u00f3n:<\/mark><\/strong> 5-100 t\/h<\/p>\n\n\n\n<p><strong><mark style=\"background-color:rgba(0, 0, 0, 0)\" class=\"has-inline-color has-global-color-8-color\">Tama\u00f1o del pienso:<\/mark><\/strong> \u226425-\u2264100 mm<\/p>\n\n\n\n<p><strong><mark style=\"background-color:rgba(0, 0, 0, 0)\" class=\"has-inline-color has-global-color-8-color\">Rango de aplicaci\u00f3n:<\/mark><\/strong> Ampliamente utilizado en diversos minerales, como granito, m\u00e1rmol, piedra caliza, feldespato, piedra de travertino, etc. Tambi\u00e9n puede utilizarse para operaciones de trituraci\u00f3n fina de carb\u00f3n.<\/p>\n\n\n\n<p><strong><mark style=\"background-color:rgba(0, 0, 0, 0)\" class=\"has-inline-color has-global-color-8-color\">Materiales aplicables:<\/mark><\/strong> Piedra caliza, carb\u00f3n, coque, cl\u00ednker, granito, basalto, cemento, ladrillo, teja, material de construcci\u00f3n, etc.<\/p>\n\n\n<div class=\"gb-container gb-container-256e15f1\">\n\n<a class=\"gb-button gb-button-e8b73d89 gb-button-text\" href=\"#popmake-622\">Obtener presupuesto gratuito<\/a>\n\n<\/div>\n<\/div><\/div>\n<\/div>\n<\/div>\n<\/div>\n\n<div class=\"gb-container gb-container-3a930c38\">\n<div class=\"gb-container gb-container-8a36e90a\">\n\n<h2 class=\"gb-headline gb-headline-a5d3273c gb-headline-text\">Aplicaci\u00f3n de la trituradora de doble rodillo<\/h2>\n\n\n\n<p>La trituradora de doble rodillo es adecuada para la trituraci\u00f3n gruesa e intermedia de materiales fr\u00e1giles en industrias como la del cemento, qu\u00edmica, energ\u00eda el\u00e9ctrica, miner\u00eda, materiales de construcci\u00f3n y metalurgia. El tama\u00f1o de grano del material de entrada es grande, el tama\u00f1o de part\u00edcula del producto de salida se puede controlar, y es posible destruir eficazmente materiales cuya resistencia a la compresi\u00f3n sea inferior a 160 MPa.<\/p>\n\n\n\n<p>La trituradora de doble rodillo se utiliza principalmente para la trituraci\u00f3n secundaria y fina de materiales con dureza blanda o media, como carb\u00f3n, coque, piedra caliza, etc.<\/p>\n\n\n<div class=\"gb-container gb-container-96208927\">\n\n<a class=\"gb-button gb-button-429870c5 gb-button-text\" href=\"#popmake-622\">Obtener presupuesto gratuito<\/a>\n\n<\/div>\n<\/div>\n<\/div>\n\n<div class=\"gb-container gb-container-aa4e8293\">\n<div class=\"gb-container gb-container-d731c8a8\">\n\n<h2 class=\"gb-headline gb-headline-b1b3d445 gb-headline-text\">Caracter\u00edsticas de la trituradora de doble rodillo<\/h2>\n\n\n\n<figure class=\"gb-block-image gb-block-image-3ac1bf7d\"><img decoding=\"async\" width=\"800\" height=\"500\" class=\"gb-image gb-image-3ac1bf7d\" src=\"https:\/\/hengxingmachinery.com\/wp-content\/uploads\/2025\/03\/double-roller-feature.jpg\" alt=\"\" title=\"caracter\u00edstica-doble-rodillo\" srcset=\"https:\/\/hengxingmachinery.com\/wp-content\/uploads\/2025\/03\/double-roller-feature.jpg 800w, https:\/\/hengxingmachinery.com\/wp-content\/uploads\/2025\/03\/double-roller-feature-300x188.jpg 300w, https:\/\/hengxingmachinery.com\/wp-content\/uploads\/2025\/03\/double-roller-feature-768x480.jpg 768w, https:\/\/hengxingmachinery.com\/wp-content\/uploads\/2025\/03\/double-roller-feature-18x12.jpg 18w\" sizes=\"(max-width: 800px) 100vw, 800px\" \/><\/figure>\n\n\n\n<p>1. Estructura compacta, bajo nivel de ruido y alta eficiencia;<\/p>\n\n\n\n<p>2. F\u00e1cil de instalar y solo requiere una cimentaci\u00f3n simple;<\/p>\n\n\n\n<p>3. Permite ajustar f\u00e1cilmente la presi\u00f3n y el tama\u00f1o.<\/p>\n\n\n\n<p>4. Autoprotecci\u00f3n: las piezas no se da\u00f1an cuando materiales duros como metales entran en la c\u00e1mara de trituraci\u00f3n;<\/p>\n\n\n\n<p>5. Mantenimiento de bajo costo y f\u00e1cil de realizar.<\/p>\n\n\n<div class=\"gb-container gb-container-4a6c515d\">\n\n<a class=\"gb-button gb-button-9036eb8c gb-button-text\" href=\"#popmake-622\">Obtener presupuesto gratuito<\/a>\n\n<\/div>\n<\/div>\n\n<div class=\"gb-container gb-container-7cdb7ff3\">\n\n<h2 class=\"gb-headline gb-headline-83524595 gb-headline-text\">Principio de funcionamiento de la trituradora de doble rodillo<\/h2>\n\n\n\n<figure class=\"gb-block-image gb-block-image-aa17454b\"><img decoding=\"async\" width=\"800\" height=\"500\" class=\"gb-image gb-image-aa17454b\" src=\"https:\/\/hengxingmachinery.com\/wp-content\/uploads\/2025\/03\/double-roller-working.jpg\" alt=\"\" title=\"funcionamiento-doble-rodillo\" srcset=\"https:\/\/hengxingmachinery.com\/wp-content\/uploads\/2025\/03\/double-roller-working.jpg 800w, https:\/\/hengxingmachinery.com\/wp-content\/uploads\/2025\/03\/double-roller-working-300x188.jpg 300w, https:\/\/hengxingmachinery.com\/wp-content\/uploads\/2025\/03\/double-roller-working-768x480.jpg 768w, https:\/\/hengxingmachinery.com\/wp-content\/uploads\/2025\/03\/double-roller-working-18x12.jpg 18w\" sizes=\"(max-width: 800px) 100vw, 800px\" \/><\/figure>\n\n\n\n<p>Los materiales a triturar caen desde la boca de alimentaci\u00f3n al espacio entre los dos rodillos. Despu\u00e9s de ser comprimidos y triturados, los productos finales caen de forma natural. <\/p>\n\n\n\n<p>Cuando hay materiales demasiado duros o materiales que no se pueden triturar, los rodillos de la trituradora se retraen autom\u00e1ticamente bajo el efecto de un cilindro hidr\u00e1ulico o un resorte, aumentando la separaci\u00f3n entre ellos, y los materiales demasiado duros o que no se pueden triturar caen. De este modo, se protege la m\u00e1quina de da\u00f1os. <\/p>\n\n\n\n<p>Existe un cierto espacio entre los dos rodillos que giran en direcciones opuestas, y el tama\u00f1o m\u00e1ximo de descarga de los productos finales se puede controlar modificando este espacio. <\/p>\n\n\n\n<p>La trituradora de doble rodillo tritura los materiales mediante dos rodillos redondos que giran en direcciones opuestas, y la trituradora de cuatro rodillos lo hace mediante dos pares de rodillos redondos que giran en direcciones opuestas.<\/p>\n\n\n<div class=\"gb-container gb-container-c18fb3b0\">\n\n<a class=\"gb-button gb-button-3b66cbf0 gb-button-text\" href=\"#popmake-622\">Obtener presupuesto gratuito<\/a>\n\n<\/div>\n<\/div>\n<\/div>\n\n<div class=\"gb-container gb-container-435ad261\">\n<div class=\"gb-container gb-container-7dc79cc4\">\n\n<h2 class=\"gb-headline gb-headline-6fe5dee2 gb-headline-text\">Especificaciones de la trituradora de doble rodillo<\/h2>\n\n\n\n<figure class=\"wp-block-table\"><table class=\"has-fixed-layout\"><tbody><tr><td>Modelo<\/td><td>Tama\u00f1o de alimentaci\u00f3n (mm)<\/td><td>Tama\u00f1o de salida (mm)<\/td><td>Capacidad (t\/h)<\/td><td>Potencia del motor (kW)<\/td><td>Peso (t)<\/td><td>Dimensiones totales (mm)<\/td><\/tr><tr><td>2PG400*250<\/td><td>&lt;35<\/td><td>&lt;2-8<\/td><td>2-10<\/td><td>2*5.5<\/td><td>1.5<\/td><td>2110*870*810<\/td><\/tr><tr><td>2PG610*400<\/td><td>&lt;65<\/td><td>&lt;2-20<\/td><td>5-20<\/td><td>2*15<\/td><td>3.9<\/td><td>3510*1420*1030<\/td><\/tr><tr><td>2PG750*500<\/td><td>&lt;75<\/td><td>&lt;2-25<\/td><td>10-40<\/td><td>2*18.5<\/td><td>9.5<\/td><td>4210*1630*1260<\/td><\/tr><tr><td>2PG800*600<\/td><td>&lt;80<\/td><td>&lt;2-25<\/td><td>12-45<\/td><td>2*22<\/td><td>10.8<\/td><td>4505-1780*1320<\/td><\/tr><tr><td>2PG1000*700<\/td><td>&lt;100<\/td><td>&lt;3-30<\/td><td>20-65<\/td><td>2*30<\/td><td>14.9<\/td><td>5310*2175*1595<\/td><\/tr><tr><td>2PG1200*800<\/td><td>&lt;120<\/td><td>&lt;3-35<\/td><td>35-80<\/td><td>2*37<\/td><td>25.5<\/td><td>6290*2270*1870<\/td><\/tr><tr><td>2PG1500*800<\/td><td>&lt;130<\/td><td>&lt;3-45<\/td><td>50-120<\/td><td>2*75<\/td><td>33.7<\/td><td>7460*2410*2290<\/td><\/tr><tr><td>2PG1600*1000<\/td><td>&lt;150<\/td><td>&lt;3-50<\/td><td>60-140<\/td><td>2*90<\/td><td>42<\/td><td>8220*2680*2475<\/td><\/tr><\/tbody><\/table><\/figure>\n\n\n<div class=\"gb-container gb-container-263d9700\">\n\n<a class=\"gb-button gb-button-a4cbb7be gb-button-text\" href=\"#popmake-622\">Obtener presupuesto gratuito<\/a>\n\n<\/div>\n<\/div>\n<\/div>","protected":false},"excerpt":{"rendered":"<p>Double roller crushers Double roller crusher application Double roller crusher is suitable for rough and intermediate crushing of brittle materials in such industries as cement, chemical industry, electric power, mine, building materials and metallurgy. The grain size of the input material is large, the particle size of the output product can be controlled, and it &#8230; <\/p>\n<p class=\"read-more-container\"><a title=\"1-1. Trituradora de doble rodillo\" class=\"read-more button\" href=\"https:\/\/hengxingmachinery.com\/es\/double-roller-crushers\/#more-2443\" aria-label=\"Leer m\u00e1s sobre 1-1. Double roller crusher\">Leer m\u00e1s<\/a><\/p>","protected":false},"author":1,"featured_media":0,"parent":0,"menu_order":0,"comment_status":"closed","ping_status":"closed","template":"","meta":{"footnotes":""},"class_list":["post-2443","page","type-page","status-publish"],"yoast_head":"<!-- This site is optimized with the Yoast SEO plugin v27.4 - https:\/\/yoast.com\/product\/yoast-seo-wordpress\/ -->\n<title>1-1. Double roller crusher - Hengxing Machinery<\/title>\n<meta name=\"robots\" content=\"index, follow, max-snippet:-1, max-image-preview:large, max-video-preview:-1\" \/>\n<link rel=\"canonical\" href=\"https:\/\/hengxingmachinery.com\/es\/double-roller-crushers\/\" \/>\n<meta property=\"og:locale\" content=\"es_ES\" \/>\n<meta property=\"og:type\" content=\"article\" \/>\n<meta property=\"og:title\" content=\"1-1. Double roller crusher - Hengxing Machinery\" \/>\n<meta property=\"og:description\" content=\"Double roller crushers Double roller crusher application Double roller crusher is suitable for rough and intermediate crushing of brittle materials in such industries as cement, chemical industry, electric power, mine, building materials and metallurgy. The grain size of the input material is large, the particle size of the output product can be controlled, and it ... Leer m\u00e1s\" \/>\n<meta property=\"og:url\" content=\"https:\/\/hengxingmachinery.com\/es\/double-roller-crushers\/\" \/>\n<meta property=\"og:site_name\" content=\"Hengxing Machinery\" \/>\n<meta property=\"article:modified_time\" content=\"2025-03-21T09:58:38+00:00\" \/>\n<meta property=\"og:image\" content=\"https:\/\/hengxingmachinery.com\/wp-content\/uploads\/2025\/03\/double-roller-crusher-major-sale.jpg\" \/>\n<meta name=\"twitter:card\" content=\"summary_large_image\" \/>\n<meta name=\"twitter:label1\" content=\"Tiempo de lectura\" \/>\n\t<meta name=\"twitter:data1\" content=\"3 minutos\" \/>\n<script type=\"application\/ld+json\" class=\"yoast-schema-graph\">{\"@context\":\"https:\\\/\\\/schema.org\",\"@graph\":[{\"@type\":\"WebPage\",\"@id\":\"https:\\\/\\\/hengxingmachinery.com\\\/double-roller-crushers\\\/\",\"url\":\"https:\\\/\\\/hengxingmachinery.com\\\/double-roller-crushers\\\/\",\"name\":\"1-1. Double roller crusher - Hengxing Machinery\",\"isPartOf\":{\"@id\":\"https:\\\/\\\/hengxingmachinery.com\\\/#website\"},\"primaryImageOfPage\":{\"@id\":\"https:\\\/\\\/hengxingmachinery.com\\\/double-roller-crushers\\\/#primaryimage\"},\"image\":{\"@id\":\"https:\\\/\\\/hengxingmachinery.com\\\/double-roller-crushers\\\/#primaryimage\"},\"thumbnailUrl\":\"https:\\\/\\\/hengxingmachinery.com\\\/wp-content\\\/uploads\\\/2025\\\/03\\\/double-roller-crusher-major-sale.jpg\",\"datePublished\":\"2025-03-21T09:58:21+00:00\",\"dateModified\":\"2025-03-21T09:58:38+00:00\",\"breadcrumb\":{\"@id\":\"https:\\\/\\\/hengxingmachinery.com\\\/double-roller-crushers\\\/#breadcrumb\"},\"inLanguage\":\"es\",\"potentialAction\":[{\"@type\":\"ReadAction\",\"target\":[\"https:\\\/\\\/hengxingmachinery.com\\\/double-roller-crushers\\\/\"]}]},{\"@type\":\"ImageObject\",\"inLanguage\":\"es\",\"@id\":\"https:\\\/\\\/hengxingmachinery.com\\\/double-roller-crushers\\\/#primaryimage\",\"url\":\"https:\\\/\\\/hengxingmachinery.com\\\/wp-content\\\/uploads\\\/2025\\\/03\\\/double-roller-crusher-major-sale.jpg\",\"contentUrl\":\"https:\\\/\\\/hengxingmachinery.com\\\/wp-content\\\/uploads\\\/2025\\\/03\\\/double-roller-crusher-major-sale.jpg\"},{\"@type\":\"BreadcrumbList\",\"@id\":\"https:\\\/\\\/hengxingmachinery.com\\\/double-roller-crushers\\\/#breadcrumb\",\"itemListElement\":[{\"@type\":\"ListItem\",\"position\":1,\"name\":\"Home\",\"item\":\"https:\\\/\\\/hengxingmachinery.com\\\/\"},{\"@type\":\"ListItem\",\"position\":2,\"name\":\"1-1. Double roller crusher\"}]},{\"@type\":\"WebSite\",\"@id\":\"https:\\\/\\\/hengxingmachinery.com\\\/#website\",\"url\":\"https:\\\/\\\/hengxingmachinery.com\\\/\",\"name\":\"Hengxing Machinery\",\"description\":\"Leading Manufacturer of All Sorts of Mining Machinery\",\"publisher\":{\"@id\":\"https:\\\/\\\/hengxingmachinery.com\\\/#organization\"},\"potentialAction\":[{\"@type\":\"SearchAction\",\"target\":{\"@type\":\"EntryPoint\",\"urlTemplate\":\"https:\\\/\\\/hengxingmachinery.com\\\/?s={search_term_string}\"},\"query-input\":{\"@type\":\"PropertyValueSpecification\",\"valueRequired\":true,\"valueName\":\"search_term_string\"}}],\"inLanguage\":\"es\"},{\"@type\":\"Organization\",\"@id\":\"https:\\\/\\\/hengxingmachinery.com\\\/#organization\",\"name\":\"Hengxing Machinery\",\"url\":\"https:\\\/\\\/hengxingmachinery.com\\\/\",\"logo\":{\"@type\":\"ImageObject\",\"inLanguage\":\"es\",\"@id\":\"https:\\\/\\\/hengxingmachinery.com\\\/#\\\/schema\\\/logo\\\/image\\\/\",\"url\":\"https:\\\/\\\/hengxingmachinery.com\\\/wp-content\\\/uploads\\\/2024\\\/12\\\/logo.png\",\"contentUrl\":\"https:\\\/\\\/hengxingmachinery.com\\\/wp-content\\\/uploads\\\/2024\\\/12\\\/logo.png\",\"width\":400,\"height\":260,\"caption\":\"Hengxing Machinery\"},\"image\":{\"@id\":\"https:\\\/\\\/hengxingmachinery.com\\\/#\\\/schema\\\/logo\\\/image\\\/\"}}]}<\/script>\n<!-- \/ Yoast SEO plugin. -->","yoast_head_json":{"title":"1-1. Trituradora de doble rodillo - Maquinaria Hengxing","robots":{"index":"index","follow":"follow","max-snippet":"max-snippet:-1","max-image-preview":"max-image-preview:large","max-video-preview":"max-video-preview:-1"},"canonical":"https:\/\/hengxingmachinery.com\/es\/double-roller-crushers\/","og_locale":"es_ES","og_type":"article","og_title":"1-1. Double roller crusher - Hengxing Machinery","og_description":"Double roller crushers Double roller crusher application Double roller crusher is suitable for rough and intermediate crushing of brittle materials in such industries as cement, chemical industry, electric power, mine, building materials and metallurgy. The grain size of the input material is large, the particle size of the output product can be controlled, and it ... Leer m\u00e1s","og_url":"https:\/\/hengxingmachinery.com\/es\/double-roller-crushers\/","og_site_name":"Hengxing Machinery","article_modified_time":"2025-03-21T09:58:38+00:00","og_image":[{"url":"https:\/\/hengxingmachinery.com\/wp-content\/uploads\/2025\/03\/double-roller-crusher-major-sale.jpg","type":"","width":"","height":""}],"twitter_card":"summary_large_image","twitter_misc":{"Tiempo de lectura":"3 minutos"},"schema":{"@context":"https:\/\/schema.org","@graph":[{"@type":"WebPage","@id":"https:\/\/hengxingmachinery.com\/double-roller-crushers\/","url":"https:\/\/hengxingmachinery.com\/double-roller-crushers\/","name":"1-1. Trituradora de doble rodillo - Maquinaria Hengxing","isPartOf":{"@id":"https:\/\/hengxingmachinery.com\/#website"},"primaryImageOfPage":{"@id":"https:\/\/hengxingmachinery.com\/double-roller-crushers\/#primaryimage"},"image":{"@id":"https:\/\/hengxingmachinery.com\/double-roller-crushers\/#primaryimage"},"thumbnailUrl":"https:\/\/hengxingmachinery.com\/wp-content\/uploads\/2025\/03\/double-roller-crusher-major-sale.jpg","datePublished":"2025-03-21T09:58:21+00:00","dateModified":"2025-03-21T09:58:38+00:00","breadcrumb":{"@id":"https:\/\/hengxingmachinery.com\/double-roller-crushers\/#breadcrumb"},"inLanguage":"es","potentialAction":[{"@type":"ReadAction","target":["https:\/\/hengxingmachinery.com\/double-roller-crushers\/"]}]},{"@type":"ImageObject","inLanguage":"es","@id":"https:\/\/hengxingmachinery.com\/double-roller-crushers\/#primaryimage","url":"https:\/\/hengxingmachinery.com\/wp-content\/uploads\/2025\/03\/double-roller-crusher-major-sale.jpg","contentUrl":"https:\/\/hengxingmachinery.com\/wp-content\/uploads\/2025\/03\/double-roller-crusher-major-sale.jpg"},{"@type":"BreadcrumbList","@id":"https:\/\/hengxingmachinery.com\/double-roller-crushers\/#breadcrumb","itemListElement":[{"@type":"ListItem","position":1,"name":"Home","item":"https:\/\/hengxingmachinery.com\/"},{"@type":"ListItem","position":2,"name":"1-1. Double roller crusher"}]},{"@type":"WebSite","@id":"https:\/\/hengxingmachinery.com\/#website","url":"https:\/\/hengxingmachinery.com\/","name":"Maquinaria Hengxing","description":"Fabricante l\u00edder de todo tipo de maquinaria minera","publisher":{"@id":"https:\/\/hengxingmachinery.com\/#organization"},"potentialAction":[{"@type":"SearchAction","target":{"@type":"EntryPoint","urlTemplate":"https:\/\/hengxingmachinery.com\/?s={search_term_string}"},"query-input":{"@type":"PropertyValueSpecification","valueRequired":true,"valueName":"search_term_string"}}],"inLanguage":"es"},{"@type":"Organization","@id":"https:\/\/hengxingmachinery.com\/#organization","name":"Maquinaria Hengxing","url":"https:\/\/hengxingmachinery.com\/","logo":{"@type":"ImageObject","inLanguage":"es","@id":"https:\/\/hengxingmachinery.com\/#\/schema\/logo\/image\/","url":"https:\/\/hengxingmachinery.com\/wp-content\/uploads\/2024\/12\/logo.png","contentUrl":"https:\/\/hengxingmachinery.com\/wp-content\/uploads\/2024\/12\/logo.png","width":400,"height":260,"caption":"Hengxing Machinery"},"image":{"@id":"https:\/\/hengxingmachinery.com\/#\/schema\/logo\/image\/"}}]}},"_links":{"self":[{"href":"https:\/\/hengxingmachinery.com\/es\/wp-json\/wp\/v2\/pages\/2443","targetHints":{"allow":["GET"]}}],"collection":[{"href":"https:\/\/hengxingmachinery.com\/es\/wp-json\/wp\/v2\/pages"}],"about":[{"href":"https:\/\/hengxingmachinery.com\/es\/wp-json\/wp\/v2\/types\/page"}],"author":[{"embeddable":true,"href":"https:\/\/hengxingmachinery.com\/es\/wp-json\/wp\/v2\/users\/1"}],"replies":[{"embeddable":true,"href":"https:\/\/hengxingmachinery.com\/es\/wp-json\/wp\/v2\/comments?post=2443"}],"version-history":[{"count":4,"href":"https:\/\/hengxingmachinery.com\/es\/wp-json\/wp\/v2\/pages\/2443\/revisions"}],"predecessor-version":[{"id":2652,"href":"https:\/\/hengxingmachinery.com\/es\/wp-json\/wp\/v2\/pages\/2443\/revisions\/2652"}],"wp:attachment":[{"href":"https:\/\/hengxingmachinery.com\/es\/wp-json\/wp\/v2\/media?parent=2443"}],"curies":[{"name":"wp","href":"https:\/\/api.w.org\/{rel}","templated":true}]}}