{"id":2445,"date":"2025-03-21T10:03:38","date_gmt":"2025-03-21T10:03:38","guid":{"rendered":"https:\/\/hengxingmachinery.com\/?page_id=2445"},"modified":"2025-03-21T10:03:39","modified_gmt":"2025-03-21T10:03:39","slug":"vertical-compound-crushers","status":"publish","type":"page","link":"https:\/\/hengxingmachinery.com\/es\/vertical-compound-crushers\/","title":{"rendered":"1-1. Trituradora compuesta vertical"},"content":{"rendered":"<div class=\"gb-container gb-container-45165f5a\">\n<div class=\"gb-container gb-container-c2652eb4\">\n\n<h1 class=\"gb-headline gb-headline-62a8b2cc gb-headline-text\">Trituradora compuesta vertical<\/h1>\n\n<\/div>\n<\/div>\n\n<div class=\"gb-container gb-container-519cf624\">\n<div class=\"gb-container gb-container-71ca071e\">\n<div class=\"gb-grid-wrapper gb-grid-wrapper-8a5f0688\">\n<div class=\"gb-grid-column gb-grid-column-1e99b1c2\"><div class=\"gb-container gb-container-1e99b1c2\">\n\n<figure class=\"gb-block-image gb-block-image-e4eaba54\"><img decoding=\"async\" width=\"665\" height=\"545\" class=\"gb-image gb-image-e4eaba54\" src=\"https:\/\/hengxingmachinery.com\/wp-content\/uploads\/2025\/03\/vertical-compound-crusher-major-sale.jpg\" alt=\"\" title=\"trituradora-compuesta-vertical-venta-principal\" srcset=\"https:\/\/hengxingmachinery.com\/wp-content\/uploads\/2025\/03\/vertical-compound-crusher-major-sale.jpg 665w, https:\/\/hengxingmachinery.com\/wp-content\/uploads\/2025\/03\/vertical-compound-crusher-major-sale-300x246.jpg 300w, https:\/\/hengxingmachinery.com\/wp-content\/uploads\/2025\/03\/vertical-compound-crusher-major-sale-15x12.jpg 15w\" sizes=\"(max-width: 665px) 100vw, 665px\" \/><\/figure>\n\n<\/div><\/div>\n\n<div class=\"gb-grid-column gb-grid-column-bcae065b\"><div class=\"gb-container gb-container-bcae065b\">\n\n<p><strong><mark style=\"background-color:rgba(0, 0, 0, 0)\" class=\"has-inline-color has-global-color-8-color\">Tama\u00f1o del pienso:<\/mark><\/strong> 50-100 mm<\/p>\n\n\n\n<p><strong><mark style=\"background-color:rgba(0, 0, 0, 0)\" class=\"has-inline-color has-global-color-8-color\">Capacidad de producci\u00f3n:<\/mark><\/strong> 5-100t\/h<\/p>\n\n\n\n<p><strong><mark style=\"background-color:rgba(0, 0, 0, 0)\" class=\"has-inline-color has-global-color-8-color\">Tama\u00f1o de descarga:<\/mark><\/strong> 0-5 mm<\/p>\n\n\n\n<p><strong><mark style=\"background-color:rgba(0, 0, 0, 0)\" class=\"has-inline-color has-global-color-8-color\">Materiales aplicables:<\/mark><\/strong> Canto rodado, granito, basalto, mineral de hierro, piedra caliza, cuarzo, residuos de construcci\u00f3n, etc.<\/p>\n\n\n\n<p><strong><mark style=\"background-color:rgba(0, 0, 0, 0)\" class=\"has-inline-color has-global-color-8-color\">Rango de aplicaci\u00f3n:<\/mark><\/strong> Ampliamente utilizado en las industrias de procesamiento de minerales, carb\u00f3n, materiales de construcci\u00f3n, productos qu\u00edmicos, materiales refractarios, metalurgia, cemento, vidrio, cer\u00e1mica, energ\u00eda el\u00e9ctrica y otros.<\/p>\n\n\n<div class=\"gb-container gb-container-256e15f1\">\n\n<a class=\"gb-button gb-button-e8b73d89 gb-button-text\" href=\"#popmake-622\">Obtener presupuesto gratuito<\/a>\n\n<\/div>\n<\/div><\/div>\n<\/div>\n<\/div>\n<\/div>\n\n<div class=\"gb-container gb-container-3a930c38\">\n<div class=\"gb-container gb-container-8a36e90a\">\n\n<h2 class=\"gb-headline gb-headline-a5d3273c gb-headline-text\">Aplicaci\u00f3n de la trituradora compuesta vertical<\/h2>\n\n\n\n<p>Esta trituradora compuesta vertical se utiliza ampliamente en todo tipo de minerales, cemento, refractarios, cl\u00ednker de al\u00famina, materias primas para vidrio y materiales duros y de alta dureza, en el campo de la trituraci\u00f3n fina. En la fabricaci\u00f3n de arena artificial, trituraci\u00f3n de piedra y escoria metal\u00fargica su uso es m\u00e1s extendido, en comparaci\u00f3n con otros tipos de trituradoras, presenta una alta eficiencia productiva.<\/p>\n\n\n<div class=\"gb-container gb-container-96208927\">\n\n<a class=\"gb-button gb-button-429870c5 gb-button-text\" href=\"#popmake-622\">Obtener presupuesto gratuito<\/a>\n\n<\/div>\n<\/div>\n\n<div class=\"gb-container gb-container-29b1d348\">\n\n<h2 class=\"gb-headline gb-headline-76542ccb gb-headline-text\">Ventajas de la trituradora compuesta vertical<\/h2>\n\n\n\n<figure class=\"gb-block-image gb-block-image-d6cef4a0\"><img decoding=\"async\" width=\"800\" height=\"500\" class=\"gb-image gb-image-d6cef4a0\" src=\"https:\/\/hengxingmachinery.com\/wp-content\/uploads\/2025\/03\/vertical-compound-crusher-feature.jpg\" alt=\"\" title=\"trituradora-compuesta-vertical-caracteristica\" srcset=\"https:\/\/hengxingmachinery.com\/wp-content\/uploads\/2025\/03\/vertical-compound-crusher-feature.jpg 800w, https:\/\/hengxingmachinery.com\/wp-content\/uploads\/2025\/03\/vertical-compound-crusher-feature-300x188.jpg 300w, https:\/\/hengxingmachinery.com\/wp-content\/uploads\/2025\/03\/vertical-compound-crusher-feature-768x480.jpg 768w, https:\/\/hengxingmachinery.com\/wp-content\/uploads\/2025\/03\/vertical-compound-crusher-feature-18x12.jpg 18w\" sizes=\"(max-width: 800px) 100vw, 800px\" \/><\/figure>\n\n\n\n<p>Los materiales caen en el impulsor de alta velocidad desde la parte superior de la m\u00e1quina; bajo la acci\u00f3n de la fuerza centr\u00edfuga de alta velocidad, impactan a gran velocidad con otros materiales en forma de paraguas que fluyen alrededor del impulsor. Despu\u00e9s de chocar entre s\u00ed, se descargan desde la parte inferior, formando un circuito cerrado con m\u00faltiples ciclos de circulaci\u00f3n. Se puede lograr el tama\u00f1o de producto requerido mediante el control del equipo de cribado.<\/p>\n\n\n<div class=\"gb-container gb-container-f8e635c1\">\n\n<a class=\"gb-button gb-button-3f3a8585 gb-button-text\" href=\"#popmake-622\">Obtener presupuesto gratuito<\/a>\n\n<\/div>\n<\/div>\n\n<div class=\"gb-container gb-container-90491455\">\n\n<h2 class=\"gb-headline gb-headline-c2d1e9f2 gb-headline-text\">Principio de funcionamiento de la trituradora compuesta vertical<\/h2>\n\n\n\n<figure class=\"gb-block-image gb-block-image-c38aeceb\"><img decoding=\"async\" width=\"800\" height=\"500\" class=\"gb-image gb-image-c38aeceb\" src=\"https:\/\/hengxingmachinery.com\/wp-content\/uploads\/2025\/03\/vertical-compound-crusher-working.jpg\" alt=\"\" title=\"trituradora-compuesta-vertical-funcionamiento\" srcset=\"https:\/\/hengxingmachinery.com\/wp-content\/uploads\/2025\/03\/vertical-compound-crusher-working.jpg 800w, https:\/\/hengxingmachinery.com\/wp-content\/uploads\/2025\/03\/vertical-compound-crusher-working-300x188.jpg 300w, https:\/\/hengxingmachinery.com\/wp-content\/uploads\/2025\/03\/vertical-compound-crusher-working-768x480.jpg 768w, https:\/\/hengxingmachinery.com\/wp-content\/uploads\/2025\/03\/vertical-compound-crusher-working-18x12.jpg 18w\" sizes=\"(max-width: 800px) 100vw, 800px\" \/><\/figure>\n\n\n\n<p class=\"gb-headline gb-headline-6d9ee796 gb-headline-text\">1. Estructura simple y razonable, menores costos de operaci\u00f3n y desgaste reducido.<\/p>\n\n\n\n<p class=\"gb-headline gb-headline-0eb138cc gb-headline-text\">2. Alta tasa de trituraci\u00f3n y ahorro de energ\u00eda.<\/p>\n\n\n\n<p class=\"gb-headline gb-headline-bb1b30a7 gb-headline-text\">3. Posee funciones de trituraci\u00f3n fina y molienda gruesa.<\/p>\n\n\n\n<p class=\"gb-headline gb-headline-9318951e gb-headline-text\">4. El impacto del contenido de humedad de los materiales es peque\u00f1o, hasta aproximadamente un 8%.<\/p>\n\n\n\n<p class=\"gb-headline gb-headline-450e9d89 gb-headline-text\">5. Nivel de ruido en operaci\u00f3n inferior a 75 decibelios (nivel dB), menor contaminaci\u00f3n por polvo.<\/p>\n\n\n\n<p class=\"gb-headline gb-headline-a0561435 gb-headline-text\">6. Adecuada para triturar materiales duros y semi-duros.<\/p>\n\n\n\n<p class=\"gb-headline gb-headline-aff65ce0 gb-headline-text\">7. Productos con forma c\u00fabica, mayor densidad de empaquetado y menor contaminaci\u00f3n por hierro.<\/p>\n\n\n\n<p class=\"gb-headline gb-headline-383abfb5 gb-headline-text\">8. El desgaste del revestimiento del impulsor es peque\u00f1o y su reparaci\u00f3n es sencilla.<\/p>\n\n\n<div class=\"gb-container gb-container-b75941b1\">\n\n<a class=\"gb-button gb-button-89dee1b9 gb-button-text\" href=\"#popmake-622\">Obtener presupuesto gratuito<\/a>\n\n<\/div>\n<\/div>\n<\/div>\n\n<div class=\"gb-container gb-container-435ad261\">\n<div class=\"gb-container gb-container-7dc79cc4\">\n\n<h2 class=\"gb-headline gb-headline-6fe5dee2 gb-headline-text\">Especificaciones de la trituradora compuesta vertical<\/h2>\n\n\n\n<figure class=\"wp-block-table\"><table class=\"has-fixed-layout\"><tbody><tr><td>Modelo<\/td><td>Di\u00e1metro del rotor (mm)<\/td><td>Altura del cilindro (mm)<\/td><td>Velocidad de rotaci\u00f3n del eje principal (r\/min)<\/td><td>Tama\u00f1o de alimentaci\u00f3n (mm)<\/td><td>Tama\u00f1o de descarga (mm)<\/td><td>Capacidad (t\/h)<\/td><td>Potencia del motor (kW)<\/td><td>Dimensiones (LxAxH mm)<\/td><td>Peso (t)<\/td><\/tr><tr><td>800<\/td><td>650<\/td><td>800<\/td><td>1350<\/td><td>50<\/td><td>0-5<\/td><td>5-15<\/td><td>30<\/td><td>2200*860*1980<\/td><td>2.3<\/td><\/tr><tr><td>1000<\/td><td>800<\/td><td>850<\/td><td>970<\/td><td>70<\/td><td>0-5<\/td><td>10-30<\/td><td>55<\/td><td>2700*1160*2000<\/td><td>4.5<\/td><\/tr><tr><td>1250<\/td><td>1000<\/td><td>850<\/td><td>740<\/td><td>100<\/td><td>0-5<\/td><td>20-60<\/td><td>75<\/td><td>2800*1400*2730<\/td><td>9.7<\/td><\/tr><tr><td>1500<\/td><td>1250<\/td><td>1000<\/td><td>650<\/td><td>100<\/td><td>0-5<\/td><td>30-80<\/td><td>110<\/td><td>3350*2100*2800<\/td><td>18.1<\/td><\/tr><tr><td>1750<\/td><td>1560<\/td><td>1410<\/td><td>600<\/td><td>100<\/td><td>0-5<\/td><td>40-100<\/td><td>132<\/td><td>3100*1900*2300<\/td><td>26.6<\/td><\/tr><\/tbody><\/table><\/figure>\n\n\n<div class=\"gb-container gb-container-263d9700\">\n\n<a class=\"gb-button gb-button-a4cbb7be gb-button-text\" href=\"#popmake-622\">Obtener presupuesto gratuito<\/a>\n\n<\/div>\n<\/div>\n<\/div>","protected":false},"excerpt":{"rendered":"<p>Vertical compound crusher Vertical compound crusher application This vertical compound crusher is widely used in all kinds of ores, cement, refractories, alumina clinker, glass raw materials and high hard, hard materials, fine in the field. In the mechanism building sand, stone and breaking of metallurgical slag is more widespread use, compared with other types of &#8230; <\/p>\n<p class=\"read-more-container\"><a title=\"1-1. Trituradora compuesta vertical\" class=\"read-more button\" href=\"https:\/\/hengxingmachinery.com\/es\/vertical-compound-crushers\/#more-2445\" aria-label=\"Leer m\u00e1s sobre 1-1. Vertical compound crusher\">Leer m\u00e1s<\/a><\/p>","protected":false},"author":1,"featured_media":0,"parent":0,"menu_order":0,"comment_status":"closed","ping_status":"closed","template":"","meta":{"footnotes":""},"class_list":["post-2445","page","type-page","status-publish"],"yoast_head":"<!-- This site is optimized with the Yoast SEO plugin v27.4 - https:\/\/yoast.com\/product\/yoast-seo-wordpress\/ -->\n<title>1-1. Vertical compound crusher - Hengxing Machinery<\/title>\n<meta name=\"robots\" content=\"index, follow, max-snippet:-1, max-image-preview:large, max-video-preview:-1\" \/>\n<link rel=\"canonical\" href=\"https:\/\/hengxingmachinery.com\/es\/vertical-compound-crushers\/\" \/>\n<meta property=\"og:locale\" content=\"es_ES\" \/>\n<meta property=\"og:type\" content=\"article\" \/>\n<meta property=\"og:title\" content=\"1-1. Vertical compound crusher - Hengxing Machinery\" \/>\n<meta property=\"og:description\" content=\"Vertical compound crusher Vertical compound crusher application This vertical compound crusher is widely used in all kinds of ores, cement, refractories, alumina clinker, glass raw materials and high hard, hard materials, fine in the field. In the mechanism building sand, stone and breaking of metallurgical slag is more widespread use, compared with other types of ... Leer m\u00e1s\" \/>\n<meta property=\"og:url\" content=\"https:\/\/hengxingmachinery.com\/es\/vertical-compound-crushers\/\" \/>\n<meta property=\"og:site_name\" content=\"Hengxing Machinery\" \/>\n<meta property=\"article:modified_time\" content=\"2025-03-21T10:03:39+00:00\" \/>\n<meta property=\"og:image\" content=\"https:\/\/hengxingmachinery.com\/wp-content\/uploads\/2025\/03\/vertical-compound-crusher-major-sale.jpg\" \/>\n<meta name=\"twitter:card\" content=\"summary_large_image\" \/>\n<meta name=\"twitter:label1\" content=\"Tiempo de lectura\" \/>\n\t<meta name=\"twitter:data1\" content=\"3 minutos\" \/>\n<script type=\"application\/ld+json\" class=\"yoast-schema-graph\">{\"@context\":\"https:\\\/\\\/schema.org\",\"@graph\":[{\"@type\":\"WebPage\",\"@id\":\"https:\\\/\\\/hengxingmachinery.com\\\/vertical-compound-crushers\\\/\",\"url\":\"https:\\\/\\\/hengxingmachinery.com\\\/vertical-compound-crushers\\\/\",\"name\":\"1-1. Vertical compound crusher - Hengxing Machinery\",\"isPartOf\":{\"@id\":\"https:\\\/\\\/hengxingmachinery.com\\\/#website\"},\"primaryImageOfPage\":{\"@id\":\"https:\\\/\\\/hengxingmachinery.com\\\/vertical-compound-crushers\\\/#primaryimage\"},\"image\":{\"@id\":\"https:\\\/\\\/hengxingmachinery.com\\\/vertical-compound-crushers\\\/#primaryimage\"},\"thumbnailUrl\":\"https:\\\/\\\/hengxingmachinery.com\\\/wp-content\\\/uploads\\\/2025\\\/03\\\/vertical-compound-crusher-major-sale.jpg\",\"datePublished\":\"2025-03-21T10:03:38+00:00\",\"dateModified\":\"2025-03-21T10:03:39+00:00\",\"breadcrumb\":{\"@id\":\"https:\\\/\\\/hengxingmachinery.com\\\/vertical-compound-crushers\\\/#breadcrumb\"},\"inLanguage\":\"es\",\"potentialAction\":[{\"@type\":\"ReadAction\",\"target\":[\"https:\\\/\\\/hengxingmachinery.com\\\/vertical-compound-crushers\\\/\"]}]},{\"@type\":\"ImageObject\",\"inLanguage\":\"es\",\"@id\":\"https:\\\/\\\/hengxingmachinery.com\\\/vertical-compound-crushers\\\/#primaryimage\",\"url\":\"https:\\\/\\\/hengxingmachinery.com\\\/wp-content\\\/uploads\\\/2025\\\/03\\\/vertical-compound-crusher-major-sale.jpg\",\"contentUrl\":\"https:\\\/\\\/hengxingmachinery.com\\\/wp-content\\\/uploads\\\/2025\\\/03\\\/vertical-compound-crusher-major-sale.jpg\"},{\"@type\":\"BreadcrumbList\",\"@id\":\"https:\\\/\\\/hengxingmachinery.com\\\/vertical-compound-crushers\\\/#breadcrumb\",\"itemListElement\":[{\"@type\":\"ListItem\",\"position\":1,\"name\":\"Home\",\"item\":\"https:\\\/\\\/hengxingmachinery.com\\\/\"},{\"@type\":\"ListItem\",\"position\":2,\"name\":\"1-1. Vertical compound crusher\"}]},{\"@type\":\"WebSite\",\"@id\":\"https:\\\/\\\/hengxingmachinery.com\\\/#website\",\"url\":\"https:\\\/\\\/hengxingmachinery.com\\\/\",\"name\":\"Hengxing Machinery\",\"description\":\"Leading Manufacturer of All Sorts of Mining Machinery\",\"publisher\":{\"@id\":\"https:\\\/\\\/hengxingmachinery.com\\\/#organization\"},\"potentialAction\":[{\"@type\":\"SearchAction\",\"target\":{\"@type\":\"EntryPoint\",\"urlTemplate\":\"https:\\\/\\\/hengxingmachinery.com\\\/?s={search_term_string}\"},\"query-input\":{\"@type\":\"PropertyValueSpecification\",\"valueRequired\":true,\"valueName\":\"search_term_string\"}}],\"inLanguage\":\"es\"},{\"@type\":\"Organization\",\"@id\":\"https:\\\/\\\/hengxingmachinery.com\\\/#organization\",\"name\":\"Hengxing Machinery\",\"url\":\"https:\\\/\\\/hengxingmachinery.com\\\/\",\"logo\":{\"@type\":\"ImageObject\",\"inLanguage\":\"es\",\"@id\":\"https:\\\/\\\/hengxingmachinery.com\\\/#\\\/schema\\\/logo\\\/image\\\/\",\"url\":\"https:\\\/\\\/hengxingmachinery.com\\\/wp-content\\\/uploads\\\/2024\\\/12\\\/logo.png\",\"contentUrl\":\"https:\\\/\\\/hengxingmachinery.com\\\/wp-content\\\/uploads\\\/2024\\\/12\\\/logo.png\",\"width\":400,\"height\":260,\"caption\":\"Hengxing Machinery\"},\"image\":{\"@id\":\"https:\\\/\\\/hengxingmachinery.com\\\/#\\\/schema\\\/logo\\\/image\\\/\"}}]}<\/script>\n<!-- \/ Yoast SEO plugin. -->","yoast_head_json":{"title":"1-1. Trituradora compuesta vertical - Maquinaria Hengxing","robots":{"index":"index","follow":"follow","max-snippet":"max-snippet:-1","max-image-preview":"max-image-preview:large","max-video-preview":"max-video-preview:-1"},"canonical":"https:\/\/hengxingmachinery.com\/es\/vertical-compound-crushers\/","og_locale":"es_ES","og_type":"article","og_title":"1-1. Vertical compound crusher - Hengxing Machinery","og_description":"Vertical compound crusher Vertical compound crusher application This vertical compound crusher is widely used in all kinds of ores, cement, refractories, alumina clinker, glass raw materials and high hard, hard materials, fine in the field. In the mechanism building sand, stone and breaking of metallurgical slag is more widespread use, compared with other types of ... Leer m\u00e1s","og_url":"https:\/\/hengxingmachinery.com\/es\/vertical-compound-crushers\/","og_site_name":"Hengxing Machinery","article_modified_time":"2025-03-21T10:03:39+00:00","og_image":[{"url":"https:\/\/hengxingmachinery.com\/wp-content\/uploads\/2025\/03\/vertical-compound-crusher-major-sale.jpg","type":"","width":"","height":""}],"twitter_card":"summary_large_image","twitter_misc":{"Tiempo de lectura":"3 minutos"},"schema":{"@context":"https:\/\/schema.org","@graph":[{"@type":"WebPage","@id":"https:\/\/hengxingmachinery.com\/vertical-compound-crushers\/","url":"https:\/\/hengxingmachinery.com\/vertical-compound-crushers\/","name":"1-1. Trituradora compuesta vertical - Maquinaria Hengxing","isPartOf":{"@id":"https:\/\/hengxingmachinery.com\/#website"},"primaryImageOfPage":{"@id":"https:\/\/hengxingmachinery.com\/vertical-compound-crushers\/#primaryimage"},"image":{"@id":"https:\/\/hengxingmachinery.com\/vertical-compound-crushers\/#primaryimage"},"thumbnailUrl":"https:\/\/hengxingmachinery.com\/wp-content\/uploads\/2025\/03\/vertical-compound-crusher-major-sale.jpg","datePublished":"2025-03-21T10:03:38+00:00","dateModified":"2025-03-21T10:03:39+00:00","breadcrumb":{"@id":"https:\/\/hengxingmachinery.com\/vertical-compound-crushers\/#breadcrumb"},"inLanguage":"es","potentialAction":[{"@type":"ReadAction","target":["https:\/\/hengxingmachinery.com\/vertical-compound-crushers\/"]}]},{"@type":"ImageObject","inLanguage":"es","@id":"https:\/\/hengxingmachinery.com\/vertical-compound-crushers\/#primaryimage","url":"https:\/\/hengxingmachinery.com\/wp-content\/uploads\/2025\/03\/vertical-compound-crusher-major-sale.jpg","contentUrl":"https:\/\/hengxingmachinery.com\/wp-content\/uploads\/2025\/03\/vertical-compound-crusher-major-sale.jpg"},{"@type":"BreadcrumbList","@id":"https:\/\/hengxingmachinery.com\/vertical-compound-crushers\/#breadcrumb","itemListElement":[{"@type":"ListItem","position":1,"name":"Home","item":"https:\/\/hengxingmachinery.com\/"},{"@type":"ListItem","position":2,"name":"1-1. Vertical compound crusher"}]},{"@type":"WebSite","@id":"https:\/\/hengxingmachinery.com\/#website","url":"https:\/\/hengxingmachinery.com\/","name":"Maquinaria Hengxing","description":"Fabricante l\u00edder de todo tipo de maquinaria minera","publisher":{"@id":"https:\/\/hengxingmachinery.com\/#organization"},"potentialAction":[{"@type":"SearchAction","target":{"@type":"EntryPoint","urlTemplate":"https:\/\/hengxingmachinery.com\/?s={search_term_string}"},"query-input":{"@type":"PropertyValueSpecification","valueRequired":true,"valueName":"search_term_string"}}],"inLanguage":"es"},{"@type":"Organization","@id":"https:\/\/hengxingmachinery.com\/#organization","name":"Maquinaria Hengxing","url":"https:\/\/hengxingmachinery.com\/","logo":{"@type":"ImageObject","inLanguage":"es","@id":"https:\/\/hengxingmachinery.com\/#\/schema\/logo\/image\/","url":"https:\/\/hengxingmachinery.com\/wp-content\/uploads\/2024\/12\/logo.png","contentUrl":"https:\/\/hengxingmachinery.com\/wp-content\/uploads\/2024\/12\/logo.png","width":400,"height":260,"caption":"Hengxing Machinery"},"image":{"@id":"https:\/\/hengxingmachinery.com\/#\/schema\/logo\/image\/"}}]}},"_links":{"self":[{"href":"https:\/\/hengxingmachinery.com\/es\/wp-json\/wp\/v2\/pages\/2445","targetHints":{"allow":["GET"]}}],"collection":[{"href":"https:\/\/hengxingmachinery.com\/es\/wp-json\/wp\/v2\/pages"}],"about":[{"href":"https:\/\/hengxingmachinery.com\/es\/wp-json\/wp\/v2\/types\/page"}],"author":[{"embeddable":true,"href":"https:\/\/hengxingmachinery.com\/es\/wp-json\/wp\/v2\/users\/1"}],"replies":[{"embeddable":true,"href":"https:\/\/hengxingmachinery.com\/es\/wp-json\/wp\/v2\/comments?post=2445"}],"version-history":[{"count":2,"href":"https:\/\/hengxingmachinery.com\/es\/wp-json\/wp\/v2\/pages\/2445\/revisions"}],"predecessor-version":[{"id":2663,"href":"https:\/\/hengxingmachinery.com\/es\/wp-json\/wp\/v2\/pages\/2445\/revisions\/2663"}],"wp:attachment":[{"href":"https:\/\/hengxingmachinery.com\/es\/wp-json\/wp\/v2\/media?parent=2445"}],"curies":[{"name":"wp","href":"https:\/\/api.w.org\/{rel}","templated":true}]}}