{"id":2446,"date":"2025-03-21T10:06:31","date_gmt":"2025-03-21T10:06:31","guid":{"rendered":"https:\/\/hengxingmachinery.com\/?page_id=2446"},"modified":"2025-03-21T10:06:32","modified_gmt":"2025-03-21T10:06:32","slug":"vertical-plate-hammer-combination-crushers","status":"publish","type":"page","link":"https:\/\/hengxingmachinery.com\/es\/vertical-plate-hammer-combination-crushers\/","title":{"rendered":"1-1. Trituradora combinada de martillos de placa vertical"},"content":{"rendered":"<div class=\"gb-container gb-container-45165f5a\">\n<div class=\"gb-container gb-container-c2652eb4\">\n\n<h1 class=\"gb-headline gb-headline-62a8b2cc gb-headline-text\">Trituradora combinada de martillos de placa vertical<\/h1>\n\n<\/div>\n<\/div>\n\n<div class=\"gb-container gb-container-519cf624\">\n<div class=\"gb-container gb-container-71ca071e\">\n<div class=\"gb-grid-wrapper gb-grid-wrapper-8a5f0688\">\n<div class=\"gb-grid-column gb-grid-column-1e99b1c2\"><div class=\"gb-container gb-container-1e99b1c2\">\n\n<figure class=\"gb-block-image gb-block-image-e4eaba54\"><img decoding=\"async\" width=\"665\" height=\"545\" class=\"gb-image gb-image-e4eaba54\" src=\"https:\/\/hengxingmachinery.com\/wp-content\/uploads\/2025\/03\/vertical-plate-hammer-crusher-feature.jpg\" alt=\"\" title=\"caracteristica-del-triturador-de-martillos-de-placa-vertical\" srcset=\"https:\/\/hengxingmachinery.com\/wp-content\/uploads\/2025\/03\/vertical-plate-hammer-crusher-feature.jpg 665w, https:\/\/hengxingmachinery.com\/wp-content\/uploads\/2025\/03\/vertical-plate-hammer-crusher-feature-300x246.jpg 300w, https:\/\/hengxingmachinery.com\/wp-content\/uploads\/2025\/03\/vertical-plate-hammer-crusher-feature-15x12.jpg 15w\" sizes=\"(max-width: 665px) 100vw, 665px\" \/><\/figure>\n\n<\/div><\/div>\n\n<div class=\"gb-grid-column gb-grid-column-bcae065b\"><div class=\"gb-container gb-container-bcae065b\">\n\n<p>El triturador combinado de martillos de placa de eje vertical es un nuevo producto de trituraci\u00f3n fina y un tipo de equipo para fabricaci\u00f3n de arena de tipo martillo.<\/p>\n\n\n\n<p><strong>El triturador combinado de martillos de placa vertical de servicio pesado, tambi\u00e9n llamado m\u00e1quina de fabricaci\u00f3n de arena de eje vertical, se utiliza para triturar diversos minerales de dureza media y puede emplearse en las industrias minera, metal\u00fargica, de refractarios, cementera, del carb\u00f3n, del vidrio, cer\u00e1mica, energ\u00e9tica y otras. <\/strong><\/p>\n\n\n\n<p>El triturador combinado de martillos de placa vertical de servicio pesado tiene las caracter\u00edsticas de una gran relaci\u00f3n de trituraci\u00f3n, el tama\u00f1o de part\u00edcula de descarga se puede ajustar arbitrariamente, no se ve afectado por el desgaste del martillo de placa y el revestimiento, no tiene configuraci\u00f3n de barras de tamiz, y triturar materiales con alto contenido de humedad y gran contenido de lodo no es propenso a obstrucciones.<\/p>\n\n\n<div class=\"gb-container gb-container-256e15f1\">\n\n<a class=\"gb-button gb-button-e8b73d89 gb-button-text\" href=\"#popmake-622\">Obtener presupuesto gratuito<\/a>\n\n<\/div>\n<\/div><\/div>\n<\/div>\n<\/div>\n<\/div>\n\n<div class=\"gb-container gb-container-3a930c38\">\n<div class=\"gb-container gb-container-8a36e90a\">\n\n<h2 class=\"gb-headline gb-headline-a5d3273c gb-headline-text\">Caracter\u00edsticas del triturador combinado de martillos de placa vertical<\/h2>\n\n\n\n<figure class=\"gb-block-image gb-block-image-1c359176\"><img decoding=\"async\" width=\"800\" height=\"500\" class=\"gb-image gb-image-1c359176\" src=\"https:\/\/hengxingmachinery.com\/wp-content\/uploads\/2025\/03\/vertical-plate-hammer-crusher-design.jpg\" alt=\"\" title=\"dise\u00f1o-del-triturador-de-martillos-de-placa-vertical\" srcset=\"https:\/\/hengxingmachinery.com\/wp-content\/uploads\/2025\/03\/vertical-plate-hammer-crusher-design.jpg 800w, https:\/\/hengxingmachinery.com\/wp-content\/uploads\/2025\/03\/vertical-plate-hammer-crusher-design-300x188.jpg 300w, https:\/\/hengxingmachinery.com\/wp-content\/uploads\/2025\/03\/vertical-plate-hammer-crusher-design-768x480.jpg 768w, https:\/\/hengxingmachinery.com\/wp-content\/uploads\/2025\/03\/vertical-plate-hammer-crusher-design-18x12.jpg 18w\" sizes=\"(max-width: 800px) 100vw, 800px\" \/><\/figure>\n\n\n\n<p>El triturador combinado de martillos de placa de eje vertical tiene una gran relaci\u00f3n de trituraci\u00f3n, lo que lo hace ideal para procesar materiales con alto contenido de humedad.<\/p>\n\n\n\n<p>El tama\u00f1o de part\u00edcula de descarga se puede ajustar arbitrariamente y no hay configuraci\u00f3n de barras de tamiz. El material con una gran cantidad de sedimentos no se bloquear\u00e1.<\/p>\n\n\n\n<p>Tiene las caracter\u00edsticas de alta eficiencia de producci\u00f3n, estructura \u00fanica, operaci\u00f3n estable, bajo nivel de ruido y mantenimiento conveniente.<\/p>\n\n\n<div class=\"gb-container gb-container-96208927\">\n\n<a class=\"gb-button gb-button-429870c5 gb-button-text\" href=\"#popmake-622\">Obtener presupuesto gratuito<\/a>\n\n<\/div>\n<\/div>\n\n<div class=\"gb-container gb-container-0cef0bb9\">\n\n<h2 class=\"gb-headline gb-headline-5cd8e335 gb-headline-text\">Principio de funcionamiento del triturador combinado de martillos de placa vertical<\/h2>\n\n\n\n<figure class=\"gb-block-image gb-block-image-e98a3ecc\"><img decoding=\"async\" width=\"665\" height=\"545\" class=\"gb-image gb-image-e98a3ecc\" src=\"https:\/\/hengxingmachinery.com\/wp-content\/uploads\/2025\/03\/vertical-plate-hammer-crusher-working.jpg\" alt=\"\" title=\"funcionamiento-del-triturador-de-martillos-de-placa-vertical\" srcset=\"https:\/\/hengxingmachinery.com\/wp-content\/uploads\/2025\/03\/vertical-plate-hammer-crusher-working.jpg 665w, https:\/\/hengxingmachinery.com\/wp-content\/uploads\/2025\/03\/vertical-plate-hammer-crusher-working-300x246.jpg 300w, https:\/\/hengxingmachinery.com\/wp-content\/uploads\/2025\/03\/vertical-plate-hammer-crusher-working-15x12.jpg 15w\" sizes=\"(max-width: 665px) 100vw, 665px\" \/><\/figure>\n\n\n\n<p>El triturador combinado de martillos de placa vertical est\u00e1 compuesto por un dispositivo de transmisi\u00f3n, eje principal, cilindro, tapa superior y base. El motor impulsa el eje principal para que gire a trav\u00e9s de la correa trapezoidal triangular. El eje principal est\u00e1 equipado con un martillo. <\/p>\n\n\n\n<p>El material ingresa a la m\u00e1quina desde la boca de alimentaci\u00f3n superior y cae por gravedad; el material es triturado continuamente por una serie de impactos del martillo de rotaci\u00f3n r\u00e1pida y luego se descarga por la boca de descarga inferior.<\/p>\n\n\n<div class=\"gb-container gb-container-1a038443\">\n\n<a class=\"gb-button gb-button-90576b37 gb-button-text\" href=\"#popmake-622\">Obtener presupuesto gratuito<\/a>\n\n<\/div>\n<\/div>\n<\/div>\n\n<div class=\"gb-container gb-container-435ad261\">\n<div class=\"gb-container gb-container-7dc79cc4\">\n\n<h2 class=\"gb-headline gb-headline-6fe5dee2 gb-headline-text\">Especificaciones del triturador combinado de martillos de placa vertical<\/h2>\n\n\n\n<figure class=\"wp-block-table\"><table class=\"has-fixed-layout\"><tbody><tr><td>Modelo<\/td><td>Di\u00e1metro de la carcasa<br>(mm)<\/td><td>Capacidad<br>(t\/h)<\/td><td>Tama\u00f1o de alimentaci\u00f3n<br>(mm)<\/td><td>Tama\u00f1o de salida<br>(mm)<\/td><td>Fuerza<br>(kw)<\/td><td>Dimensiones generales<br>(L\u00d7A\u00d7H)<br>(mm)<\/td><\/tr><tr><td>PFL-750<\/td><td>\u03a6750<\/td><td>20<\/td><td>&lt;100<\/td><td>&lt;3-560-95%<\/td><td>30-37<\/td><td>2100\u00d71200\u00d71700<\/td><\/tr><tr><td>PFL-1000<\/td><td>\u03a61000<\/td><td>40<\/td><td>&lt; 120<\/td><td>&lt;3-560-95%<\/td><td>45-55<\/td><td>2600\u00d71400\u00d71900<\/td><\/tr><tr><td>PFL-1250<\/td><td>\u03a61250<\/td><td>70<\/td><td>&lt;150<\/td><td>&lt;3-560-95%<\/td><td>75-90<\/td><td>2800\u00d71600\u00d72100<\/td><\/tr><tr><td>PFL-1500<\/td><td>\u03a61500<\/td><td>100<\/td><td>&lt; 180<\/td><td>&lt;3-560-95%<\/td><td>110-132<\/td><td>3100\u00d71900\u00d72200<\/td><\/tr><tr><td>PFL-1750<\/td><td>\u03a61750<\/td><td>130<\/td><td>&lt;200<\/td><td>&lt;3-560-95%<\/td><td>160<\/td><td>3710\u00d72360\u00d72390<\/td><\/tr><tr><td>PFL-2000<\/td><td>\u03a62000<\/td><td>160<\/td><td>&lt;220<\/td><td>&lt;3-560-95%<\/td><td>185<\/td><td>4100\u00d72660\u00d72620<\/td><\/tr><\/tbody><\/table><\/figure>\n\n\n<div class=\"gb-container gb-container-263d9700\">\n\n<a class=\"gb-button gb-button-a4cbb7be gb-button-text\" href=\"#popmake-622\">Obtener presupuesto gratuito<\/a>\n\n<\/div>\n<\/div>\n<\/div>","protected":false},"excerpt":{"rendered":"<p>Vertical plate hammer combination crusher Vertical plate hammer combination crusher features The vertical shaft Plate Hammer Combination crusher has a large crushing ratio, which is ideal for processing materials with high moisture content. The discharging particle size can be adjusted arbitrarily, and there is no screen bar setting. The material with a large amount of &#8230; <\/p>\n<p class=\"read-more-container\"><a title=\"1-1. Trituradora combinada de martillos de placa vertical\" class=\"read-more button\" href=\"https:\/\/hengxingmachinery.com\/es\/vertical-plate-hammer-combination-crushers\/#more-2446\" aria-label=\"Leer m\u00e1s sobre 1-1. Vertical plate hammer combination crusher\">Leer m\u00e1s<\/a><\/p>","protected":false},"author":1,"featured_media":0,"parent":0,"menu_order":0,"comment_status":"closed","ping_status":"closed","template":"","meta":{"footnotes":""},"class_list":["post-2446","page","type-page","status-publish"],"yoast_head":"<!-- This site is optimized with the Yoast SEO plugin v27.4 - https:\/\/yoast.com\/product\/yoast-seo-wordpress\/ -->\n<title>1-1. Vertical plate hammer combination crusher - Hengxing Machinery<\/title>\n<meta name=\"robots\" content=\"index, follow, max-snippet:-1, max-image-preview:large, max-video-preview:-1\" \/>\n<link rel=\"canonical\" href=\"https:\/\/hengxingmachinery.com\/es\/vertical-plate-hammer-combination-crushers\/\" \/>\n<meta property=\"og:locale\" content=\"es_ES\" \/>\n<meta property=\"og:type\" content=\"article\" \/>\n<meta property=\"og:title\" content=\"1-1. Vertical plate hammer combination crusher - Hengxing Machinery\" \/>\n<meta property=\"og:description\" content=\"Vertical plate hammer combination crusher Vertical plate hammer combination crusher features The vertical shaft Plate Hammer Combination crusher has a large crushing ratio, which is ideal for processing materials with high moisture content. The discharging particle size can be adjusted arbitrarily, and there is no screen bar setting. The material with a large amount of ... Leer m\u00e1s\" \/>\n<meta property=\"og:url\" content=\"https:\/\/hengxingmachinery.com\/es\/vertical-plate-hammer-combination-crushers\/\" \/>\n<meta property=\"og:site_name\" content=\"Hengxing Machinery\" \/>\n<meta property=\"article:modified_time\" content=\"2025-03-21T10:06:32+00:00\" \/>\n<meta property=\"og:image\" content=\"https:\/\/hengxingmachinery.com\/wp-content\/uploads\/2025\/03\/vertical-plate-hammer-crusher-feature.jpg\" \/>\n<meta name=\"twitter:card\" content=\"summary_large_image\" \/>\n<meta name=\"twitter:label1\" content=\"Tiempo de lectura\" \/>\n\t<meta name=\"twitter:data1\" content=\"3 minutos\" \/>\n<script type=\"application\/ld+json\" class=\"yoast-schema-graph\">{\"@context\":\"https:\\\/\\\/schema.org\",\"@graph\":[{\"@type\":\"WebPage\",\"@id\":\"https:\\\/\\\/hengxingmachinery.com\\\/vertical-plate-hammer-combination-crushers\\\/\",\"url\":\"https:\\\/\\\/hengxingmachinery.com\\\/vertical-plate-hammer-combination-crushers\\\/\",\"name\":\"1-1. Vertical plate hammer combination crusher - Hengxing Machinery\",\"isPartOf\":{\"@id\":\"https:\\\/\\\/hengxingmachinery.com\\\/#website\"},\"primaryImageOfPage\":{\"@id\":\"https:\\\/\\\/hengxingmachinery.com\\\/vertical-plate-hammer-combination-crushers\\\/#primaryimage\"},\"image\":{\"@id\":\"https:\\\/\\\/hengxingmachinery.com\\\/vertical-plate-hammer-combination-crushers\\\/#primaryimage\"},\"thumbnailUrl\":\"https:\\\/\\\/hengxingmachinery.com\\\/wp-content\\\/uploads\\\/2025\\\/03\\\/vertical-plate-hammer-crusher-feature.jpg\",\"datePublished\":\"2025-03-21T10:06:31+00:00\",\"dateModified\":\"2025-03-21T10:06:32+00:00\",\"breadcrumb\":{\"@id\":\"https:\\\/\\\/hengxingmachinery.com\\\/vertical-plate-hammer-combination-crushers\\\/#breadcrumb\"},\"inLanguage\":\"es\",\"potentialAction\":[{\"@type\":\"ReadAction\",\"target\":[\"https:\\\/\\\/hengxingmachinery.com\\\/vertical-plate-hammer-combination-crushers\\\/\"]}]},{\"@type\":\"ImageObject\",\"inLanguage\":\"es\",\"@id\":\"https:\\\/\\\/hengxingmachinery.com\\\/vertical-plate-hammer-combination-crushers\\\/#primaryimage\",\"url\":\"https:\\\/\\\/hengxingmachinery.com\\\/wp-content\\\/uploads\\\/2025\\\/03\\\/vertical-plate-hammer-crusher-feature.jpg\",\"contentUrl\":\"https:\\\/\\\/hengxingmachinery.com\\\/wp-content\\\/uploads\\\/2025\\\/03\\\/vertical-plate-hammer-crusher-feature.jpg\"},{\"@type\":\"BreadcrumbList\",\"@id\":\"https:\\\/\\\/hengxingmachinery.com\\\/vertical-plate-hammer-combination-crushers\\\/#breadcrumb\",\"itemListElement\":[{\"@type\":\"ListItem\",\"position\":1,\"name\":\"Home\",\"item\":\"https:\\\/\\\/hengxingmachinery.com\\\/\"},{\"@type\":\"ListItem\",\"position\":2,\"name\":\"1-1. Vertical plate hammer combination crusher\"}]},{\"@type\":\"WebSite\",\"@id\":\"https:\\\/\\\/hengxingmachinery.com\\\/#website\",\"url\":\"https:\\\/\\\/hengxingmachinery.com\\\/\",\"name\":\"Hengxing Machinery\",\"description\":\"Leading Manufacturer of All Sorts of Mining Machinery\",\"publisher\":{\"@id\":\"https:\\\/\\\/hengxingmachinery.com\\\/#organization\"},\"potentialAction\":[{\"@type\":\"SearchAction\",\"target\":{\"@type\":\"EntryPoint\",\"urlTemplate\":\"https:\\\/\\\/hengxingmachinery.com\\\/?s={search_term_string}\"},\"query-input\":{\"@type\":\"PropertyValueSpecification\",\"valueRequired\":true,\"valueName\":\"search_term_string\"}}],\"inLanguage\":\"es\"},{\"@type\":\"Organization\",\"@id\":\"https:\\\/\\\/hengxingmachinery.com\\\/#organization\",\"name\":\"Hengxing Machinery\",\"url\":\"https:\\\/\\\/hengxingmachinery.com\\\/\",\"logo\":{\"@type\":\"ImageObject\",\"inLanguage\":\"es\",\"@id\":\"https:\\\/\\\/hengxingmachinery.com\\\/#\\\/schema\\\/logo\\\/image\\\/\",\"url\":\"https:\\\/\\\/hengxingmachinery.com\\\/wp-content\\\/uploads\\\/2024\\\/12\\\/logo.png\",\"contentUrl\":\"https:\\\/\\\/hengxingmachinery.com\\\/wp-content\\\/uploads\\\/2024\\\/12\\\/logo.png\",\"width\":400,\"height\":260,\"caption\":\"Hengxing Machinery\"},\"image\":{\"@id\":\"https:\\\/\\\/hengxingmachinery.com\\\/#\\\/schema\\\/logo\\\/image\\\/\"}}]}<\/script>\n<!-- \/ Yoast SEO plugin. -->","yoast_head_json":{"title":"1-1. Trituradora combinada de martillo de placa vertical - Hengxing Machinery","robots":{"index":"index","follow":"follow","max-snippet":"max-snippet:-1","max-image-preview":"max-image-preview:large","max-video-preview":"max-video-preview:-1"},"canonical":"https:\/\/hengxingmachinery.com\/es\/vertical-plate-hammer-combination-crushers\/","og_locale":"es_ES","og_type":"article","og_title":"1-1. Vertical plate hammer combination crusher - Hengxing Machinery","og_description":"Vertical plate hammer combination crusher Vertical plate hammer combination crusher features The vertical shaft Plate Hammer Combination crusher has a large crushing ratio, which is ideal for processing materials with high moisture content. The discharging particle size can be adjusted arbitrarily, and there is no screen bar setting. The material with a large amount of ... Leer m\u00e1s","og_url":"https:\/\/hengxingmachinery.com\/es\/vertical-plate-hammer-combination-crushers\/","og_site_name":"Hengxing Machinery","article_modified_time":"2025-03-21T10:06:32+00:00","og_image":[{"url":"https:\/\/hengxingmachinery.com\/wp-content\/uploads\/2025\/03\/vertical-plate-hammer-crusher-feature.jpg","type":"","width":"","height":""}],"twitter_card":"summary_large_image","twitter_misc":{"Tiempo de lectura":"3 minutos"},"schema":{"@context":"https:\/\/schema.org","@graph":[{"@type":"WebPage","@id":"https:\/\/hengxingmachinery.com\/vertical-plate-hammer-combination-crushers\/","url":"https:\/\/hengxingmachinery.com\/vertical-plate-hammer-combination-crushers\/","name":"1-1. Trituradora combinada de martillo de placa vertical - Hengxing Machinery","isPartOf":{"@id":"https:\/\/hengxingmachinery.com\/#website"},"primaryImageOfPage":{"@id":"https:\/\/hengxingmachinery.com\/vertical-plate-hammer-combination-crushers\/#primaryimage"},"image":{"@id":"https:\/\/hengxingmachinery.com\/vertical-plate-hammer-combination-crushers\/#primaryimage"},"thumbnailUrl":"https:\/\/hengxingmachinery.com\/wp-content\/uploads\/2025\/03\/vertical-plate-hammer-crusher-feature.jpg","datePublished":"2025-03-21T10:06:31+00:00","dateModified":"2025-03-21T10:06:32+00:00","breadcrumb":{"@id":"https:\/\/hengxingmachinery.com\/vertical-plate-hammer-combination-crushers\/#breadcrumb"},"inLanguage":"es","potentialAction":[{"@type":"ReadAction","target":["https:\/\/hengxingmachinery.com\/vertical-plate-hammer-combination-crushers\/"]}]},{"@type":"ImageObject","inLanguage":"es","@id":"https:\/\/hengxingmachinery.com\/vertical-plate-hammer-combination-crushers\/#primaryimage","url":"https:\/\/hengxingmachinery.com\/wp-content\/uploads\/2025\/03\/vertical-plate-hammer-crusher-feature.jpg","contentUrl":"https:\/\/hengxingmachinery.com\/wp-content\/uploads\/2025\/03\/vertical-plate-hammer-crusher-feature.jpg"},{"@type":"BreadcrumbList","@id":"https:\/\/hengxingmachinery.com\/vertical-plate-hammer-combination-crushers\/#breadcrumb","itemListElement":[{"@type":"ListItem","position":1,"name":"Home","item":"https:\/\/hengxingmachinery.com\/"},{"@type":"ListItem","position":2,"name":"1-1. Vertical plate hammer combination crusher"}]},{"@type":"WebSite","@id":"https:\/\/hengxingmachinery.com\/#website","url":"https:\/\/hengxingmachinery.com\/","name":"Maquinaria Hengxing","description":"Fabricante l\u00edder de todo tipo de maquinaria minera","publisher":{"@id":"https:\/\/hengxingmachinery.com\/#organization"},"potentialAction":[{"@type":"SearchAction","target":{"@type":"EntryPoint","urlTemplate":"https:\/\/hengxingmachinery.com\/?s={search_term_string}"},"query-input":{"@type":"PropertyValueSpecification","valueRequired":true,"valueName":"search_term_string"}}],"inLanguage":"es"},{"@type":"Organization","@id":"https:\/\/hengxingmachinery.com\/#organization","name":"Maquinaria Hengxing","url":"https:\/\/hengxingmachinery.com\/","logo":{"@type":"ImageObject","inLanguage":"es","@id":"https:\/\/hengxingmachinery.com\/#\/schema\/logo\/image\/","url":"https:\/\/hengxingmachinery.com\/wp-content\/uploads\/2024\/12\/logo.png","contentUrl":"https:\/\/hengxingmachinery.com\/wp-content\/uploads\/2024\/12\/logo.png","width":400,"height":260,"caption":"Hengxing Machinery"},"image":{"@id":"https:\/\/hengxingmachinery.com\/#\/schema\/logo\/image\/"}}]}},"_links":{"self":[{"href":"https:\/\/hengxingmachinery.com\/es\/wp-json\/wp\/v2\/pages\/2446","targetHints":{"allow":["GET"]}}],"collection":[{"href":"https:\/\/hengxingmachinery.com\/es\/wp-json\/wp\/v2\/pages"}],"about":[{"href":"https:\/\/hengxingmachinery.com\/es\/wp-json\/wp\/v2\/types\/page"}],"author":[{"embeddable":true,"href":"https:\/\/hengxingmachinery.com\/es\/wp-json\/wp\/v2\/users\/1"}],"replies":[{"embeddable":true,"href":"https:\/\/hengxingmachinery.com\/es\/wp-json\/wp\/v2\/comments?post=2446"}],"version-history":[{"count":2,"href":"https:\/\/hengxingmachinery.com\/es\/wp-json\/wp\/v2\/pages\/2446\/revisions"}],"predecessor-version":[{"id":2667,"href":"https:\/\/hengxingmachinery.com\/es\/wp-json\/wp\/v2\/pages\/2446\/revisions\/2667"}],"wp:attachment":[{"href":"https:\/\/hengxingmachinery.com\/es\/wp-json\/wp\/v2\/media?parent=2446"}],"curies":[{"name":"wp","href":"https:\/\/api.w.org\/{rel}","templated":true}]}}