{"id":2447,"date":"2025-03-21T10:09:28","date_gmt":"2025-03-21T10:09:28","guid":{"rendered":"https:\/\/hengxingmachinery.com\/?page_id=2447"},"modified":"2025-03-21T10:09:29","modified_gmt":"2025-03-21T10:09:29","slug":"spring-cone-crushers","status":"publish","type":"page","link":"https:\/\/hengxingmachinery.com\/es\/spring-cone-crushers\/","title":{"rendered":"1-1. Trituradora de cono de resorte"},"content":{"rendered":"<div class=\"gb-container gb-container-45165f5a\">\n<div class=\"gb-container gb-container-c2652eb4\">\n\n<h1 class=\"gb-headline gb-headline-62a8b2cc gb-headline-text\">Trituradora de cono de resorte<\/h1>\n\n<\/div>\n<\/div>\n\n<div class=\"gb-container gb-container-519cf624\">\n<div class=\"gb-container gb-container-71ca071e\">\n<div class=\"gb-grid-wrapper gb-grid-wrapper-8a5f0688\">\n<div class=\"gb-grid-column gb-grid-column-1e99b1c2\"><div class=\"gb-container gb-container-1e99b1c2\">\n\n<figure class=\"gb-block-image gb-block-image-e4eaba54\"><img decoding=\"async\" width=\"665\" height=\"545\" class=\"gb-image gb-image-e4eaba54\" src=\"https:\/\/hengxingmachinery.com\/wp-content\/uploads\/2025\/03\/spring-cone-crusher-major-sale.jpg\" alt=\"\" title=\"trituradora-de-cono-de-resorte-venta-principal\" srcset=\"https:\/\/hengxingmachinery.com\/wp-content\/uploads\/2025\/03\/spring-cone-crusher-major-sale.jpg 665w, https:\/\/hengxingmachinery.com\/wp-content\/uploads\/2025\/03\/spring-cone-crusher-major-sale-300x246.jpg 300w, https:\/\/hengxingmachinery.com\/wp-content\/uploads\/2025\/03\/spring-cone-crusher-major-sale-15x12.jpg 15w\" sizes=\"(max-width: 665px) 100vw, 665px\" \/><\/figure>\n\n<\/div><\/div>\n\n<div class=\"gb-grid-column gb-grid-column-bcae065b\"><div class=\"gb-container gb-container-bcae065b\">\n\n<p><strong><mark style=\"background-color:rgba(0, 0, 0, 0)\" class=\"has-inline-color has-global-color-8-color\">Tama\u00f1o del pienso:<\/mark><\/strong> 40-300 mm<\/p>\n\n\n\n<p><strong><mark style=\"background-color:rgba(0, 0, 0, 0)\" class=\"has-inline-color has-global-color-8-color\">Capacidad de producci\u00f3n:<\/mark><\/strong> 12-1000 t\/h<\/p>\n\n\n\n<p><strong><mark style=\"background-color:rgba(0, 0, 0, 0)\" class=\"has-inline-color has-global-color-8-color\">Rango de aplicaci\u00f3n:<\/mark><\/strong> Ampliamente utilizado en la industria metal\u00fargica, industria de materiales de construcci\u00f3n, industria de construcci\u00f3n de carreteras, industria qu\u00edmica e industria de silicatos. La trituradora de cono es adecuada para triturar diversos minerales y rocas con dureza media y superior a media.<\/p>\n\n\n<div class=\"gb-container gb-container-256e15f1\">\n\n<a class=\"gb-button gb-button-e8b73d89 gb-button-text\" href=\"#popmake-622\">Obtener presupuesto gratuito<\/a>\n\n<\/div>\n<\/div><\/div>\n<\/div>\n<\/div>\n<\/div>\n\n<div class=\"gb-container gb-container-3a930c38\">\n<div class=\"gb-container gb-container-8a36e90a\">\n\n<h2 class=\"gb-headline gb-headline-a5d3273c gb-headline-text\">Aplicaci\u00f3n de la trituradora de cono de resorte<\/h2>\n\n\n\n<p>La trituradora de cono de resorte se utiliza ampliamente en las industrias de canteras y miner\u00eda, metal\u00fargica, construcci\u00f3n de v\u00edas, materiales de construcci\u00f3n, qu\u00edmica, silicatos, etc. Puede utilizarse como equipo de trituraci\u00f3n secundaria, terciaria o cuaternaria, y puede triturar materiales de dureza media y superior, como minerales de hierro, minerales de cobre, piedra caliza, cuarzo, granito, etc. <\/p>\n\n\n\n<p>El tipo est\u00e1ndar (PYB) se aplica a la trituraci\u00f3n secundaria; el tipo medio (PYZ) y el de cabeza corta (PYD) se aplican a la trituraci\u00f3n fina.<\/p>\n\n\n<div class=\"gb-container gb-container-96208927\">\n\n<a class=\"gb-button gb-button-429870c5 gb-button-text\" href=\"#popmake-622\">Obtener presupuesto gratuito<\/a>\n\n<\/div>\n<\/div>\n\n<div class=\"gb-container gb-container-5eefac9e\">\n\n<h2 class=\"gb-headline gb-headline-62c3d979 gb-headline-text\">Caracter\u00edsticas de la trituradora de cono de resorte<\/h2>\n\n\n\n<figure class=\"gb-block-image gb-block-image-9c080403\"><img decoding=\"async\" width=\"665\" height=\"545\" class=\"gb-image gb-image-9c080403\" src=\"https:\/\/hengxingmachinery.com\/wp-content\/uploads\/2025\/03\/spring-cone-crusher-working.jpg\" alt=\"\" title=\"trituradora-de-cono-de-resorte-funcionando\" srcset=\"https:\/\/hengxingmachinery.com\/wp-content\/uploads\/2025\/03\/spring-cone-crusher-working.jpg 665w, https:\/\/hengxingmachinery.com\/wp-content\/uploads\/2025\/03\/spring-cone-crusher-working-300x246.jpg 300w, https:\/\/hengxingmachinery.com\/wp-content\/uploads\/2025\/03\/spring-cone-crusher-working-15x12.jpg 15w\" sizes=\"(max-width: 665px) 100vw, 665px\" \/><\/figure>\n\n\n\n<p>1. Fuerza de trituraci\u00f3n potente; Alta eficiencia; Gran capacidad de trituraci\u00f3n;<\/p>\n\n\n\n<p>2. Bajo costo de operaci\u00f3n y mantenimiento, f\u00e1cil de ajustar;<\/p>\n\n\n\n<p>3. Dado que la selecci\u00f3n de piezas de repuesto y el dise\u00f1o estructural son razonables, la vida \u00fatil ser\u00e1 m\u00e1s larga;<\/p>\n\n\n\n<p>4. Reduce el tiempo de inactividad;<\/p>\n\n\n\n<p>5. Diferentes tipos de c\u00e1maras de trituraci\u00f3n para satisfacer los distintos requisitos de los clientes.<\/p>\n\n\n\n<p>6. Alta relaci\u00f3n de reducci\u00f3n, alto rendimiento, bajo consumo de energ\u00eda y productos de tama\u00f1o uniforme.<\/p>\n\n\n<div class=\"gb-container gb-container-852abc29\">\n\n<a class=\"gb-button gb-button-cd1fa2f3 gb-button-text\" href=\"#popmake-622\">Obtener presupuesto gratuito<\/a>\n\n<\/div>\n<\/div>\n\n<div class=\"gb-container gb-container-5be6e6e3\">\n\n<h2 class=\"gb-headline gb-headline-43338239 gb-headline-text\">Principio de funcionamiento de la trituradora de cono de resorte<\/h2>\n\n\n\n<figure class=\"gb-block-image gb-block-image-57f981e6\"><img decoding=\"async\" width=\"665\" height=\"545\" class=\"gb-image gb-image-57f981e6\" src=\"https:\/\/hengxingmachinery.com\/wp-content\/uploads\/2025\/03\/spring-cone-crusher-feature.jpg\" alt=\"\" title=\"trituradora-de-cono-de-resorte-caracteristica\" srcset=\"https:\/\/hengxingmachinery.com\/wp-content\/uploads\/2025\/03\/spring-cone-crusher-feature.jpg 665w, https:\/\/hengxingmachinery.com\/wp-content\/uploads\/2025\/03\/spring-cone-crusher-feature-300x246.jpg 300w, https:\/\/hengxingmachinery.com\/wp-content\/uploads\/2025\/03\/spring-cone-crusher-feature-15x12.jpg 15w\" sizes=\"(max-width: 665px) 100vw, 665px\" \/><\/figure>\n\n\n\n<p>Cuando la trituradora de cono de resorte est\u00e1 en funcionamiento, el motor acciona el manguito exc\u00e9ntrico para que gire a trav\u00e9s de la transmisi\u00f3n, y el cono m\u00f3vil gira y oscila bajo el movimiento forzado del eje exc\u00e9ntrico. <\/p>\n\n\n\n<p>El cono m\u00f3vil se acerca a la secci\u00f3n del cono fijo y forma la c\u00e1mara de trituraci\u00f3n. El material se rompe por la m\u00faltiple extrusi\u00f3n e impacto del cono m\u00f3vil y el cono fijo. <\/p>\n\n\n\n<p>Cuando el cono m\u00f3vil se aleja de la secci\u00f3n, el material ya ha sido triturado al tama\u00f1o requerido y cae por su propia gravedad, descarg\u00e1ndose desde la parte inferior del cono.<\/p>\n\n\n<div class=\"gb-container gb-container-d703eeb9\">\n\n<a class=\"gb-button gb-button-fabf1ece gb-button-text\" href=\"#popmake-622\">Obtener presupuesto gratuito<\/a>\n\n<\/div>\n<\/div>\n<\/div>\n\n<div class=\"gb-container gb-container-435ad261\">\n<div class=\"gb-container gb-container-7dc79cc4\">\n\n<h2 class=\"gb-headline gb-headline-6fe5dee2 gb-headline-text\">Especificaciones de la trituradora de cono de resorte<\/h2>\n\n\n\n<figure class=\"wp-block-table\"><table class=\"has-fixed-layout\"><tbody><tr><td>Modelo<\/td><td>Di\u00e1metro del cono triturador (mm)<\/td><td>Tama\u00f1o de alimentaci\u00f3n (mm)<\/td><td>Rango de ajuste de la abertura de descarga (mm)<\/td><td>Capacidad (t\/h)<\/td><td>Potencia (KW)<\/td><\/tr><tr><td>PYB600<\/td><td>\u03a6600<\/td><td>\u2264 75<\/td><td>12-25<\/td><td>15-25<\/td><td>30<\/td><\/tr><tr><td>PYD600<\/td><td>\u03a6600<\/td><td>\u2264 35<\/td><td>3-13<\/td><td>5-23<\/td><td>30<\/td><\/tr><tr><td>PYB900<\/td><td>\u03a6900<\/td><td>\u2264 115<\/td><td>15-50<\/td><td>50-90<\/td><td>55<\/td><\/tr><tr><td>PYZ900<\/td><td>\u03a6900<\/td><td>\u2264 60<\/td><td>5-20<\/td><td>20-65<\/td><td>55<\/td><\/tr><tr><td>PYD900<\/td><td>\u03a6900<\/td><td>\u2264 50<\/td><td>3-13<\/td><td>15-50<\/td><td>55<\/td><\/tr><tr><td>PYB1200<\/td><td>\u03a61200<\/td><td>\u2264 145<\/td><td>20-50<\/td><td>110-168<\/td><td>110<\/td><\/tr><tr><td>PYZ1200<\/td><td>\u03a61200<\/td><td>\u2264 100<\/td><td>8-25<\/td><td>42-135<\/td><td>110<\/td><\/tr><tr><td>PYD1200<\/td><td>\u03a61200<\/td><td>\u2264 50<\/td><td>3-15<\/td><td>18-105<\/td><td>110<\/td><\/tr><tr><td>PYB1750<\/td><td>\u03a61750<\/td><td>\u2264 215<\/td><td>25-50<\/td><td>280-480<\/td><td>160<\/td><\/tr><tr><td>PYZ1750<\/td><td>\u03a61750<\/td><td>\u2264 185<\/td><td>10-30<\/td><td>115-320<\/td><td>160<\/td><\/tr><tr><td>PYD1750<\/td><td>\u03a61750<\/td><td>\u2264 85<\/td><td>5-13<\/td><td>75-230<\/td><td>160<\/td><\/tr><tr><td>PYB2200<\/td><td>\u03a62200<\/td><td>\u2264 300<\/td><td>30-60<\/td><td>490-750<\/td><td>260-280<\/td><\/tr><tr><td>PYZ2200<\/td><td>\u03a62200<\/td><td>\u2264 230<\/td><td>10-30<\/td><td>200-580<\/td><td>260-280<\/td><\/tr><tr><td>PYD2200<\/td><td>\u03a62200<\/td><td>\u2264 100<\/td><td>5-15<\/td><td>120-340<\/td><td>260-280<\/td><\/tr><\/tbody><\/table><\/figure>\n\n\n<div class=\"gb-container gb-container-263d9700\">\n\n<a class=\"gb-button gb-button-a4cbb7be gb-button-text\" href=\"#popmake-622\">Obtener presupuesto gratuito<\/a>\n\n<\/div>\n<\/div>\n<\/div>","protected":false},"excerpt":{"rendered":"<p>Spring cone crusher Spring cone crusher application Spring cone crusher is widely used in the quarrying and mining industry, metallurgical, rod construction, building material, chemical industry, silicate industry etc. It can be used as secondary, tertiary or quaternary crushing equipment, and can crush materials of above medium hardness, such as iron ores, copper ores, limestone, &#8230; <\/p>\n<p class=\"read-more-container\"><a title=\"1-1. Trituradora de cono de resorte\" class=\"read-more button\" href=\"https:\/\/hengxingmachinery.com\/es\/spring-cone-crushers\/#more-2447\" aria-label=\"Leer m\u00e1s sobre 1-1. Spring cone crusher\">Leer m\u00e1s<\/a><\/p>","protected":false},"author":1,"featured_media":0,"parent":0,"menu_order":0,"comment_status":"closed","ping_status":"closed","template":"","meta":{"footnotes":""},"class_list":["post-2447","page","type-page","status-publish"],"yoast_head":"<!-- This site is optimized with the Yoast SEO plugin v27.4 - https:\/\/yoast.com\/product\/yoast-seo-wordpress\/ -->\n<title>1-1. Spring cone crusher - Hengxing Machinery<\/title>\n<meta name=\"robots\" content=\"index, follow, max-snippet:-1, max-image-preview:large, max-video-preview:-1\" \/>\n<link rel=\"canonical\" href=\"https:\/\/hengxingmachinery.com\/es\/spring-cone-crushers\/\" \/>\n<meta property=\"og:locale\" content=\"es_ES\" \/>\n<meta property=\"og:type\" content=\"article\" \/>\n<meta property=\"og:title\" content=\"1-1. Spring cone crusher - Hengxing Machinery\" \/>\n<meta property=\"og:description\" content=\"Spring cone crusher Spring cone crusher application Spring cone crusher is widely used in the quarrying and mining industry, metallurgical, rod construction, building material, chemical industry, silicate industry etc. It can be used as secondary, tertiary or quaternary crushing equipment, and can crush materials of above medium hardness, such as iron ores, copper ores, limestone, ... Leer m\u00e1s\" \/>\n<meta property=\"og:url\" content=\"https:\/\/hengxingmachinery.com\/es\/spring-cone-crushers\/\" \/>\n<meta property=\"og:site_name\" content=\"Hengxing Machinery\" \/>\n<meta property=\"article:modified_time\" content=\"2025-03-21T10:09:29+00:00\" \/>\n<meta property=\"og:image\" content=\"https:\/\/hengxingmachinery.com\/wp-content\/uploads\/2025\/03\/spring-cone-crusher-major-sale.jpg\" \/>\n<meta name=\"twitter:card\" content=\"summary_large_image\" \/>\n<meta name=\"twitter:label1\" content=\"Tiempo de lectura\" \/>\n\t<meta name=\"twitter:data1\" content=\"3 minutos\" \/>\n<script type=\"application\/ld+json\" class=\"yoast-schema-graph\">{\"@context\":\"https:\\\/\\\/schema.org\",\"@graph\":[{\"@type\":\"WebPage\",\"@id\":\"https:\\\/\\\/hengxingmachinery.com\\\/spring-cone-crushers\\\/\",\"url\":\"https:\\\/\\\/hengxingmachinery.com\\\/spring-cone-crushers\\\/\",\"name\":\"1-1. Spring cone crusher - Hengxing Machinery\",\"isPartOf\":{\"@id\":\"https:\\\/\\\/hengxingmachinery.com\\\/#website\"},\"primaryImageOfPage\":{\"@id\":\"https:\\\/\\\/hengxingmachinery.com\\\/spring-cone-crushers\\\/#primaryimage\"},\"image\":{\"@id\":\"https:\\\/\\\/hengxingmachinery.com\\\/spring-cone-crushers\\\/#primaryimage\"},\"thumbnailUrl\":\"https:\\\/\\\/hengxingmachinery.com\\\/wp-content\\\/uploads\\\/2025\\\/03\\\/spring-cone-crusher-major-sale.jpg\",\"datePublished\":\"2025-03-21T10:09:28+00:00\",\"dateModified\":\"2025-03-21T10:09:29+00:00\",\"breadcrumb\":{\"@id\":\"https:\\\/\\\/hengxingmachinery.com\\\/spring-cone-crushers\\\/#breadcrumb\"},\"inLanguage\":\"es\",\"potentialAction\":[{\"@type\":\"ReadAction\",\"target\":[\"https:\\\/\\\/hengxingmachinery.com\\\/spring-cone-crushers\\\/\"]}]},{\"@type\":\"ImageObject\",\"inLanguage\":\"es\",\"@id\":\"https:\\\/\\\/hengxingmachinery.com\\\/spring-cone-crushers\\\/#primaryimage\",\"url\":\"https:\\\/\\\/hengxingmachinery.com\\\/wp-content\\\/uploads\\\/2025\\\/03\\\/spring-cone-crusher-major-sale.jpg\",\"contentUrl\":\"https:\\\/\\\/hengxingmachinery.com\\\/wp-content\\\/uploads\\\/2025\\\/03\\\/spring-cone-crusher-major-sale.jpg\"},{\"@type\":\"BreadcrumbList\",\"@id\":\"https:\\\/\\\/hengxingmachinery.com\\\/spring-cone-crushers\\\/#breadcrumb\",\"itemListElement\":[{\"@type\":\"ListItem\",\"position\":1,\"name\":\"Home\",\"item\":\"https:\\\/\\\/hengxingmachinery.com\\\/\"},{\"@type\":\"ListItem\",\"position\":2,\"name\":\"1-1. Spring cone crusher\"}]},{\"@type\":\"WebSite\",\"@id\":\"https:\\\/\\\/hengxingmachinery.com\\\/#website\",\"url\":\"https:\\\/\\\/hengxingmachinery.com\\\/\",\"name\":\"Hengxing Machinery\",\"description\":\"Leading Manufacturer of All Sorts of Mining Machinery\",\"publisher\":{\"@id\":\"https:\\\/\\\/hengxingmachinery.com\\\/#organization\"},\"potentialAction\":[{\"@type\":\"SearchAction\",\"target\":{\"@type\":\"EntryPoint\",\"urlTemplate\":\"https:\\\/\\\/hengxingmachinery.com\\\/?s={search_term_string}\"},\"query-input\":{\"@type\":\"PropertyValueSpecification\",\"valueRequired\":true,\"valueName\":\"search_term_string\"}}],\"inLanguage\":\"es\"},{\"@type\":\"Organization\",\"@id\":\"https:\\\/\\\/hengxingmachinery.com\\\/#organization\",\"name\":\"Hengxing Machinery\",\"url\":\"https:\\\/\\\/hengxingmachinery.com\\\/\",\"logo\":{\"@type\":\"ImageObject\",\"inLanguage\":\"es\",\"@id\":\"https:\\\/\\\/hengxingmachinery.com\\\/#\\\/schema\\\/logo\\\/image\\\/\",\"url\":\"https:\\\/\\\/hengxingmachinery.com\\\/wp-content\\\/uploads\\\/2024\\\/12\\\/logo.png\",\"contentUrl\":\"https:\\\/\\\/hengxingmachinery.com\\\/wp-content\\\/uploads\\\/2024\\\/12\\\/logo.png\",\"width\":400,\"height\":260,\"caption\":\"Hengxing Machinery\"},\"image\":{\"@id\":\"https:\\\/\\\/hengxingmachinery.com\\\/#\\\/schema\\\/logo\\\/image\\\/\"}}]}<\/script>\n<!-- \/ Yoast SEO plugin. -->","yoast_head_json":{"title":"1-1. Trituradora de cono de resorte - Maquinaria Hengxing","robots":{"index":"index","follow":"follow","max-snippet":"max-snippet:-1","max-image-preview":"max-image-preview:large","max-video-preview":"max-video-preview:-1"},"canonical":"https:\/\/hengxingmachinery.com\/es\/spring-cone-crushers\/","og_locale":"es_ES","og_type":"article","og_title":"1-1. Spring cone crusher - Hengxing Machinery","og_description":"Spring cone crusher Spring cone crusher application Spring cone crusher is widely used in the quarrying and mining industry, metallurgical, rod construction, building material, chemical industry, silicate industry etc. It can be used as secondary, tertiary or quaternary crushing equipment, and can crush materials of above medium hardness, such as iron ores, copper ores, limestone, ... Leer m\u00e1s","og_url":"https:\/\/hengxingmachinery.com\/es\/spring-cone-crushers\/","og_site_name":"Hengxing Machinery","article_modified_time":"2025-03-21T10:09:29+00:00","og_image":[{"url":"https:\/\/hengxingmachinery.com\/wp-content\/uploads\/2025\/03\/spring-cone-crusher-major-sale.jpg","type":"","width":"","height":""}],"twitter_card":"summary_large_image","twitter_misc":{"Tiempo de lectura":"3 minutos"},"schema":{"@context":"https:\/\/schema.org","@graph":[{"@type":"WebPage","@id":"https:\/\/hengxingmachinery.com\/spring-cone-crushers\/","url":"https:\/\/hengxingmachinery.com\/spring-cone-crushers\/","name":"1-1. Trituradora de cono de resorte - Maquinaria Hengxing","isPartOf":{"@id":"https:\/\/hengxingmachinery.com\/#website"},"primaryImageOfPage":{"@id":"https:\/\/hengxingmachinery.com\/spring-cone-crushers\/#primaryimage"},"image":{"@id":"https:\/\/hengxingmachinery.com\/spring-cone-crushers\/#primaryimage"},"thumbnailUrl":"https:\/\/hengxingmachinery.com\/wp-content\/uploads\/2025\/03\/spring-cone-crusher-major-sale.jpg","datePublished":"2025-03-21T10:09:28+00:00","dateModified":"2025-03-21T10:09:29+00:00","breadcrumb":{"@id":"https:\/\/hengxingmachinery.com\/spring-cone-crushers\/#breadcrumb"},"inLanguage":"es","potentialAction":[{"@type":"ReadAction","target":["https:\/\/hengxingmachinery.com\/spring-cone-crushers\/"]}]},{"@type":"ImageObject","inLanguage":"es","@id":"https:\/\/hengxingmachinery.com\/spring-cone-crushers\/#primaryimage","url":"https:\/\/hengxingmachinery.com\/wp-content\/uploads\/2025\/03\/spring-cone-crusher-major-sale.jpg","contentUrl":"https:\/\/hengxingmachinery.com\/wp-content\/uploads\/2025\/03\/spring-cone-crusher-major-sale.jpg"},{"@type":"BreadcrumbList","@id":"https:\/\/hengxingmachinery.com\/spring-cone-crushers\/#breadcrumb","itemListElement":[{"@type":"ListItem","position":1,"name":"Home","item":"https:\/\/hengxingmachinery.com\/"},{"@type":"ListItem","position":2,"name":"1-1. Spring cone crusher"}]},{"@type":"WebSite","@id":"https:\/\/hengxingmachinery.com\/#website","url":"https:\/\/hengxingmachinery.com\/","name":"Maquinaria Hengxing","description":"Fabricante l\u00edder de todo tipo de maquinaria minera","publisher":{"@id":"https:\/\/hengxingmachinery.com\/#organization"},"potentialAction":[{"@type":"SearchAction","target":{"@type":"EntryPoint","urlTemplate":"https:\/\/hengxingmachinery.com\/?s={search_term_string}"},"query-input":{"@type":"PropertyValueSpecification","valueRequired":true,"valueName":"search_term_string"}}],"inLanguage":"es"},{"@type":"Organization","@id":"https:\/\/hengxingmachinery.com\/#organization","name":"Maquinaria Hengxing","url":"https:\/\/hengxingmachinery.com\/","logo":{"@type":"ImageObject","inLanguage":"es","@id":"https:\/\/hengxingmachinery.com\/#\/schema\/logo\/image\/","url":"https:\/\/hengxingmachinery.com\/wp-content\/uploads\/2024\/12\/logo.png","contentUrl":"https:\/\/hengxingmachinery.com\/wp-content\/uploads\/2024\/12\/logo.png","width":400,"height":260,"caption":"Hengxing Machinery"},"image":{"@id":"https:\/\/hengxingmachinery.com\/#\/schema\/logo\/image\/"}}]}},"_links":{"self":[{"href":"https:\/\/hengxingmachinery.com\/es\/wp-json\/wp\/v2\/pages\/2447","targetHints":{"allow":["GET"]}}],"collection":[{"href":"https:\/\/hengxingmachinery.com\/es\/wp-json\/wp\/v2\/pages"}],"about":[{"href":"https:\/\/hengxingmachinery.com\/es\/wp-json\/wp\/v2\/types\/page"}],"author":[{"embeddable":true,"href":"https:\/\/hengxingmachinery.com\/es\/wp-json\/wp\/v2\/users\/1"}],"replies":[{"embeddable":true,"href":"https:\/\/hengxingmachinery.com\/es\/wp-json\/wp\/v2\/comments?post=2447"}],"version-history":[{"count":2,"href":"https:\/\/hengxingmachinery.com\/es\/wp-json\/wp\/v2\/pages\/2447\/revisions"}],"predecessor-version":[{"id":2671,"href":"https:\/\/hengxingmachinery.com\/es\/wp-json\/wp\/v2\/pages\/2447\/revisions\/2671"}],"wp:attachment":[{"href":"https:\/\/hengxingmachinery.com\/es\/wp-json\/wp\/v2\/media?parent=2447"}],"curies":[{"name":"wp","href":"https:\/\/api.w.org\/{rel}","templated":true}]}}