{"id":2449,"date":"2025-03-21T10:14:57","date_gmt":"2025-03-21T10:14:57","guid":{"rendered":"https:\/\/hengxingmachinery.com\/?page_id=2449"},"modified":"2025-03-21T10:14:58","modified_gmt":"2025-03-21T10:14:58","slug":"double-stage-cone-crushers","status":"publish","type":"page","link":"https:\/\/hengxingmachinery.com\/es\/double-stage-cone-crushers\/","title":{"rendered":"1-1. Trituradora de cono de doble etapa"},"content":{"rendered":"<div class=\"gb-container gb-container-45165f5a\">\n<div class=\"gb-container gb-container-c2652eb4\">\n\n<h1 class=\"gb-headline gb-headline-62a8b2cc gb-headline-text\">Trituradora de cono de doble etapa<\/h1>\n\n<\/div>\n<\/div>\n\n<div class=\"gb-container gb-container-519cf624\">\n<div class=\"gb-container gb-container-71ca071e\">\n<div class=\"gb-grid-wrapper gb-grid-wrapper-8a5f0688\">\n<div class=\"gb-grid-column gb-grid-column-1e99b1c2\"><div class=\"gb-container gb-container-1e99b1c2\">\n\n<figure class=\"gb-block-image gb-block-image-e4eaba54\"><img decoding=\"async\" width=\"665\" height=\"545\" class=\"gb-image gb-image-e4eaba54\" src=\"https:\/\/hengxingmachinery.com\/wp-content\/uploads\/2025\/03\/double-stage-stone-crusher-sale.jpg\" alt=\"\" title=\"venta-de-trituradora-de-piedra-de-doble-etapa\" srcset=\"https:\/\/hengxingmachinery.com\/wp-content\/uploads\/2025\/03\/double-stage-stone-crusher-sale.jpg 665w, https:\/\/hengxingmachinery.com\/wp-content\/uploads\/2025\/03\/double-stage-stone-crusher-sale-300x246.jpg 300w, https:\/\/hengxingmachinery.com\/wp-content\/uploads\/2025\/03\/double-stage-stone-crusher-sale-15x12.jpg 15w\" sizes=\"(max-width: 665px) 100vw, 665px\" \/><\/figure>\n\n<\/div><\/div>\n\n<div class=\"gb-grid-column gb-grid-column-bcae065b\"><div class=\"gb-container gb-container-bcae065b\">\n\n<p><mark style=\"background-color:rgba(0, 0, 0, 0)\" class=\"has-inline-color has-global-color-8-color\"><strong>Capacidad de producci\u00f3n:<\/strong> <\/mark>20-180 t\/h<\/p>\n\n\n\n<p><strong><mark style=\"background-color:rgba(0, 0, 0, 0)\" class=\"has-inline-color has-global-color-8-color\">Tama\u00f1o del pienso:<\/mark> <\/strong>\u2264100-\u2264200 mm<\/p>\n\n\n\n<p><strong><mark style=\"background-color:rgba(0, 0, 0, 0)\" class=\"has-inline-color has-global-color-8-color\">Campo de aplicaci\u00f3n:<\/mark> <\/strong>Esta m\u00e1quina es adecuada para triturar materiales como calcita, caliza, ceniza, escoria, pizarra, ganga de carb\u00f3n, residuos de construcci\u00f3n, etc.<\/p>\n\n\n<div class=\"gb-container gb-container-256e15f1\">\n\n<a class=\"gb-button gb-button-e8b73d89 gb-button-text\" href=\"#popmake-622\">Obtener presupuesto gratuito<\/a>\n\n<\/div>\n<\/div><\/div>\n<\/div>\n<\/div>\n<\/div>\n\n<div class=\"gb-container gb-container-3a930c38\">\n<div class=\"gb-container gb-container-8a36e90a\">\n\n<h2 class=\"gb-headline gb-headline-a5d3273c gb-headline-text\">Aplicaci\u00f3n de la trituradora de martillo de doble etapa<\/h2>\n\n\n\n<figure class=\"gb-block-image gb-block-image-1c359176\"><img decoding=\"async\" width=\"800\" height=\"500\" class=\"gb-image gb-image-1c359176\" src=\"https:\/\/hengxingmachinery.com\/wp-content\/uploads\/2025\/03\/double-stage-stone-crusher-feature.jpg\" alt=\"\" title=\"caracter\u00edstica-de-trituradora-de-piedra-de-doble-etapa\" srcset=\"https:\/\/hengxingmachinery.com\/wp-content\/uploads\/2025\/03\/double-stage-stone-crusher-feature.jpg 800w, https:\/\/hengxingmachinery.com\/wp-content\/uploads\/2025\/03\/double-stage-stone-crusher-feature-300x188.jpg 300w, https:\/\/hengxingmachinery.com\/wp-content\/uploads\/2025\/03\/double-stage-stone-crusher-feature-768x480.jpg 768w, https:\/\/hengxingmachinery.com\/wp-content\/uploads\/2025\/03\/double-stage-stone-crusher-feature-18x12.jpg 18w\" sizes=\"(max-width: 800px) 100vw, 800px\" \/><\/figure>\n\n\n\n<p>La trituradora de martillo de doble etapa se utiliza ampliamente para triturar calcita, caliza, ladrillo de ceniza, escoria, pizarra, ganga, residuos de construcci\u00f3n, etc. Esto resolvi\u00f3 los problemas de usar ganga y ceniza como material de adici\u00f3n para ladrillos, como combustible, y usar roca est\u00e9ril y pizarra para producir ladrillos est\u00e1ndar y huecos, con la humedad del material para la trituraci\u00f3n.<\/p>\n\n\n\n<p>La trituradora de martillo de doble etapa tambi\u00e9n se llama trituradora de martillo ultra fina de doble rotor. Es un nuevo tipo de trituradora de piedra. Esta m\u00e1quina supera los defectos de que la parrilla inferior, debido al alto contenido de humedad de la materia prima, no permite una descarga f\u00e1cil. Tiene una alta eficiencia de producci\u00f3n y un buen efecto de trituraci\u00f3n.<\/p>\n\n\n<div class=\"gb-container gb-container-96208927\">\n\n<a class=\"gb-button gb-button-429870c5 gb-button-text\" href=\"#popmake-622\">Obtener presupuesto gratuito<\/a>\n\n<\/div>\n<\/div>\n<\/div>\n\n<div class=\"gb-container gb-container-0a1ec955\">\n<div class=\"gb-container gb-container-b5c0e892\">\n\n<h2 class=\"gb-headline gb-headline-9bfd1cd1 gb-headline-text\">Caracter\u00edsticas de la trituradora de martillo de doble etapa<\/h2>\n\n\n\n<figure class=\"gb-block-image gb-block-image-a0d25f3b\"><img decoding=\"async\" width=\"800\" height=\"500\" class=\"gb-image gb-image-a0d25f3b\" src=\"https:\/\/hengxingmachinery.com\/wp-content\/uploads\/2025\/03\/double-stage-stone-crusher-working.jpg\" alt=\"\" title=\"funcionamiento-de-trituradora-de-piedra-de-doble-etapa\" srcset=\"https:\/\/hengxingmachinery.com\/wp-content\/uploads\/2025\/03\/double-stage-stone-crusher-working.jpg 800w, https:\/\/hengxingmachinery.com\/wp-content\/uploads\/2025\/03\/double-stage-stone-crusher-working-300x188.jpg 300w, https:\/\/hengxingmachinery.com\/wp-content\/uploads\/2025\/03\/double-stage-stone-crusher-working-768x480.jpg 768w, https:\/\/hengxingmachinery.com\/wp-content\/uploads\/2025\/03\/double-stage-stone-crusher-working-18x12.jpg 18w\" sizes=\"(max-width: 800px) 100vw, 800px\" \/><\/figure>\n\n\n\n<p>1. Hay dos sistemas en la cavidad de la m\u00e1quina, trituraci\u00f3n doble superior e inferior de dos etapas, la trituraci\u00f3n media y fina se completan en una sola m\u00e1quina.<\/p>\n\n\n\n<p>2. El tama\u00f1o de part\u00edcula de descarga es inferior a 3 mm, y menos de 2 mm representa m\u00e1s del 90%, de los cuales aproximadamente el 60% es material pulverizado.<\/p>\n\n\n\n<p>3. Se utiliza en minas y plantas concentradoras, y el tama\u00f1o de part\u00edcula se puede ajustar, es especialmente adecuada para la separaci\u00f3n en seco y la preselecci\u00f3n, y la purificaci\u00f3n temprana de relaves; se selecciona concentrado grueso para la molienda, lo que puede aumentar la capacidad de producci\u00f3n del molino en m\u00e1s del 60%.<\/p>\n\n\n\n<p>4. Puede producir arena de construcci\u00f3n ideal.<\/p>\n\n\n\n<p>5. No tiene parrilla inferior en la pantalla, no consume potencia reactiva, no tiene desgaste ineficaz y no se obstruye con materiales h\u00famedos.<\/p>\n\n\n\n<p>6. Apertura y cierre hidr\u00e1ulico de la carcasa, es f\u00e1cil y r\u00e1pido reemplazar el martillo.<\/p>\n\n\n<div class=\"gb-container gb-container-0b694f49\">\n\n<a class=\"gb-button gb-button-d7c85532 gb-button-text\" href=\"#popmake-622\">Obtener presupuesto gratuito<\/a>\n\n<\/div>\n<\/div>\n<\/div>\n\n<div class=\"gb-container gb-container-435ad261\">\n<div class=\"gb-container gb-container-7dc79cc4\">\n\n<h2 class=\"gb-headline gb-headline-6fe5dee2 gb-headline-text\">Especificaciones de la trituradora de piedra de doble etapa<\/h2>\n\n\n\n<figure class=\"wp-block-table\"><table class=\"has-fixed-layout\"><tbody><tr><td>Modelo<\/td><td>SCP 600\u00d7400<\/td><td>SCP 600\u00d7600<\/td><td>SCP800\u00d7600<\/td><td>SCP 900\u00d7800<\/td><td>SCP 1000\u00d7800<\/td><\/tr><tr><td>(mm) Tama\u00f1o de alimentaci\u00f3n<\/td><td>\u2264100<\/td><td>\u2264150<\/td><td>\u2264200<\/td><td>\u2264260<\/td><td>\u2264400<\/td><\/tr><tr><td>&nbsp;Tama\u00f1o de salida (mm)<\/td><td>\u22643 (&lt;2mm por encima del 90%)<\/td><td>\u22643 (&lt;2mm por encima del 80%)<\/td><td>\u22643 (&lt;2mm por encima del 80%)<\/td><td>\u22643 (&lt;2mm por encima del 80%)<\/td><td>\u22643 (&lt;2mm por encima del 80%)<\/td><\/tr><tr><td>&nbsp;Capacidad (t\/h)<\/td><td>15-25<\/td><td>15-30<\/td><td>50-70<\/td><td>50-90<\/td><td>60-120<\/td><\/tr><tr><td>Potencia del motor (kW)<\/td><td>18.5+22<\/td><td>22+22<\/td><td>37+45<\/td><td>55+75<\/td><td>75+55<\/td><\/tr><\/tbody><\/table><\/figure>\n\n\n<div class=\"gb-container gb-container-263d9700\">\n\n<a class=\"gb-button gb-button-a4cbb7be gb-button-text\" href=\"#popmake-622\">Obtener presupuesto gratuito<\/a>\n\n<\/div>\n<\/div>\n<\/div>","protected":false},"excerpt":{"rendered":"<p>Double stage cone crusher Double-stage hammer crusher application The double stage hammer crusher is widely used for crushing calcite, limestone, cinder brick, slag, shale, gangue, construction waste and so on. This solved the problems of using gangue and cinder as brick adding material ,in fuel and using waste rock, shale to produce standard brick,hollow brick &#8230; <\/p>\n<p class=\"read-more-container\"><a title=\"1-1. Trituradora de cono de doble etapa\" class=\"read-more button\" href=\"https:\/\/hengxingmachinery.com\/es\/double-stage-cone-crushers\/#more-2449\" aria-label=\"Leer m\u00e1s sobre 1-1. Double stage cone crusher\">Leer m\u00e1s<\/a><\/p>","protected":false},"author":1,"featured_media":0,"parent":0,"menu_order":0,"comment_status":"closed","ping_status":"closed","template":"","meta":{"footnotes":""},"class_list":["post-2449","page","type-page","status-publish"],"yoast_head":"<!-- This site is optimized with the Yoast SEO plugin v27.4 - https:\/\/yoast.com\/product\/yoast-seo-wordpress\/ -->\n<title>1-1. Double stage cone crusher - Hengxing Machinery<\/title>\n<meta name=\"robots\" content=\"index, follow, max-snippet:-1, max-image-preview:large, max-video-preview:-1\" \/>\n<link rel=\"canonical\" href=\"https:\/\/hengxingmachinery.com\/es\/double-stage-cone-crushers\/\" \/>\n<meta property=\"og:locale\" content=\"es_ES\" \/>\n<meta property=\"og:type\" content=\"article\" \/>\n<meta property=\"og:title\" content=\"1-1. Double stage cone crusher - Hengxing Machinery\" \/>\n<meta property=\"og:description\" content=\"Double stage cone crusher Double-stage hammer crusher application The double stage hammer crusher is widely used for crushing calcite, limestone, cinder brick, slag, shale, gangue, construction waste and so on. This solved the problems of using gangue and cinder as brick adding material ,in fuel and using waste rock, shale to produce standard brick,hollow brick ... Leer m\u00e1s\" \/>\n<meta property=\"og:url\" content=\"https:\/\/hengxingmachinery.com\/es\/double-stage-cone-crushers\/\" \/>\n<meta property=\"og:site_name\" content=\"Hengxing Machinery\" \/>\n<meta property=\"article:modified_time\" content=\"2025-03-21T10:14:58+00:00\" \/>\n<meta property=\"og:image\" content=\"https:\/\/hengxingmachinery.com\/wp-content\/uploads\/2025\/03\/double-stage-stone-crusher-sale.jpg\" \/>\n<meta name=\"twitter:card\" content=\"summary_large_image\" \/>\n<meta name=\"twitter:label1\" content=\"Tiempo de lectura\" \/>\n\t<meta name=\"twitter:data1\" content=\"3 minutos\" \/>\n<script type=\"application\/ld+json\" class=\"yoast-schema-graph\">{\"@context\":\"https:\\\/\\\/schema.org\",\"@graph\":[{\"@type\":\"WebPage\",\"@id\":\"https:\\\/\\\/hengxingmachinery.com\\\/double-stage-cone-crushers\\\/\",\"url\":\"https:\\\/\\\/hengxingmachinery.com\\\/double-stage-cone-crushers\\\/\",\"name\":\"1-1. Double stage cone crusher - Hengxing Machinery\",\"isPartOf\":{\"@id\":\"https:\\\/\\\/hengxingmachinery.com\\\/#website\"},\"primaryImageOfPage\":{\"@id\":\"https:\\\/\\\/hengxingmachinery.com\\\/double-stage-cone-crushers\\\/#primaryimage\"},\"image\":{\"@id\":\"https:\\\/\\\/hengxingmachinery.com\\\/double-stage-cone-crushers\\\/#primaryimage\"},\"thumbnailUrl\":\"https:\\\/\\\/hengxingmachinery.com\\\/wp-content\\\/uploads\\\/2025\\\/03\\\/double-stage-stone-crusher-sale.jpg\",\"datePublished\":\"2025-03-21T10:14:57+00:00\",\"dateModified\":\"2025-03-21T10:14:58+00:00\",\"breadcrumb\":{\"@id\":\"https:\\\/\\\/hengxingmachinery.com\\\/double-stage-cone-crushers\\\/#breadcrumb\"},\"inLanguage\":\"es\",\"potentialAction\":[{\"@type\":\"ReadAction\",\"target\":[\"https:\\\/\\\/hengxingmachinery.com\\\/double-stage-cone-crushers\\\/\"]}]},{\"@type\":\"ImageObject\",\"inLanguage\":\"es\",\"@id\":\"https:\\\/\\\/hengxingmachinery.com\\\/double-stage-cone-crushers\\\/#primaryimage\",\"url\":\"https:\\\/\\\/hengxingmachinery.com\\\/wp-content\\\/uploads\\\/2025\\\/03\\\/double-stage-stone-crusher-sale.jpg\",\"contentUrl\":\"https:\\\/\\\/hengxingmachinery.com\\\/wp-content\\\/uploads\\\/2025\\\/03\\\/double-stage-stone-crusher-sale.jpg\"},{\"@type\":\"BreadcrumbList\",\"@id\":\"https:\\\/\\\/hengxingmachinery.com\\\/double-stage-cone-crushers\\\/#breadcrumb\",\"itemListElement\":[{\"@type\":\"ListItem\",\"position\":1,\"name\":\"Home\",\"item\":\"https:\\\/\\\/hengxingmachinery.com\\\/\"},{\"@type\":\"ListItem\",\"position\":2,\"name\":\"1-1. Double stage cone crusher\"}]},{\"@type\":\"WebSite\",\"@id\":\"https:\\\/\\\/hengxingmachinery.com\\\/#website\",\"url\":\"https:\\\/\\\/hengxingmachinery.com\\\/\",\"name\":\"Hengxing Machinery\",\"description\":\"Leading Manufacturer of All Sorts of Mining Machinery\",\"publisher\":{\"@id\":\"https:\\\/\\\/hengxingmachinery.com\\\/#organization\"},\"potentialAction\":[{\"@type\":\"SearchAction\",\"target\":{\"@type\":\"EntryPoint\",\"urlTemplate\":\"https:\\\/\\\/hengxingmachinery.com\\\/?s={search_term_string}\"},\"query-input\":{\"@type\":\"PropertyValueSpecification\",\"valueRequired\":true,\"valueName\":\"search_term_string\"}}],\"inLanguage\":\"es\"},{\"@type\":\"Organization\",\"@id\":\"https:\\\/\\\/hengxingmachinery.com\\\/#organization\",\"name\":\"Hengxing Machinery\",\"url\":\"https:\\\/\\\/hengxingmachinery.com\\\/\",\"logo\":{\"@type\":\"ImageObject\",\"inLanguage\":\"es\",\"@id\":\"https:\\\/\\\/hengxingmachinery.com\\\/#\\\/schema\\\/logo\\\/image\\\/\",\"url\":\"https:\\\/\\\/hengxingmachinery.com\\\/wp-content\\\/uploads\\\/2024\\\/12\\\/logo.png\",\"contentUrl\":\"https:\\\/\\\/hengxingmachinery.com\\\/wp-content\\\/uploads\\\/2024\\\/12\\\/logo.png\",\"width\":400,\"height\":260,\"caption\":\"Hengxing Machinery\"},\"image\":{\"@id\":\"https:\\\/\\\/hengxingmachinery.com\\\/#\\\/schema\\\/logo\\\/image\\\/\"}}]}<\/script>\n<!-- \/ Yoast SEO plugin. -->","yoast_head_json":{"title":"1-1. Trituradora de cono de doble etapa - Maquinaria Hengxing","robots":{"index":"index","follow":"follow","max-snippet":"max-snippet:-1","max-image-preview":"max-image-preview:large","max-video-preview":"max-video-preview:-1"},"canonical":"https:\/\/hengxingmachinery.com\/es\/double-stage-cone-crushers\/","og_locale":"es_ES","og_type":"article","og_title":"1-1. Double stage cone crusher - Hengxing Machinery","og_description":"Double stage cone crusher Double-stage hammer crusher application The double stage hammer crusher is widely used for crushing calcite, limestone, cinder brick, slag, shale, gangue, construction waste and so on. This solved the problems of using gangue and cinder as brick adding material ,in fuel and using waste rock, shale to produce standard brick,hollow brick ... Leer m\u00e1s","og_url":"https:\/\/hengxingmachinery.com\/es\/double-stage-cone-crushers\/","og_site_name":"Hengxing Machinery","article_modified_time":"2025-03-21T10:14:58+00:00","og_image":[{"url":"https:\/\/hengxingmachinery.com\/wp-content\/uploads\/2025\/03\/double-stage-stone-crusher-sale.jpg","type":"","width":"","height":""}],"twitter_card":"summary_large_image","twitter_misc":{"Tiempo de lectura":"3 minutos"},"schema":{"@context":"https:\/\/schema.org","@graph":[{"@type":"WebPage","@id":"https:\/\/hengxingmachinery.com\/double-stage-cone-crushers\/","url":"https:\/\/hengxingmachinery.com\/double-stage-cone-crushers\/","name":"1-1. Trituradora de cono de doble etapa - Maquinaria Hengxing","isPartOf":{"@id":"https:\/\/hengxingmachinery.com\/#website"},"primaryImageOfPage":{"@id":"https:\/\/hengxingmachinery.com\/double-stage-cone-crushers\/#primaryimage"},"image":{"@id":"https:\/\/hengxingmachinery.com\/double-stage-cone-crushers\/#primaryimage"},"thumbnailUrl":"https:\/\/hengxingmachinery.com\/wp-content\/uploads\/2025\/03\/double-stage-stone-crusher-sale.jpg","datePublished":"2025-03-21T10:14:57+00:00","dateModified":"2025-03-21T10:14:58+00:00","breadcrumb":{"@id":"https:\/\/hengxingmachinery.com\/double-stage-cone-crushers\/#breadcrumb"},"inLanguage":"es","potentialAction":[{"@type":"ReadAction","target":["https:\/\/hengxingmachinery.com\/double-stage-cone-crushers\/"]}]},{"@type":"ImageObject","inLanguage":"es","@id":"https:\/\/hengxingmachinery.com\/double-stage-cone-crushers\/#primaryimage","url":"https:\/\/hengxingmachinery.com\/wp-content\/uploads\/2025\/03\/double-stage-stone-crusher-sale.jpg","contentUrl":"https:\/\/hengxingmachinery.com\/wp-content\/uploads\/2025\/03\/double-stage-stone-crusher-sale.jpg"},{"@type":"BreadcrumbList","@id":"https:\/\/hengxingmachinery.com\/double-stage-cone-crushers\/#breadcrumb","itemListElement":[{"@type":"ListItem","position":1,"name":"Home","item":"https:\/\/hengxingmachinery.com\/"},{"@type":"ListItem","position":2,"name":"1-1. Double stage cone crusher"}]},{"@type":"WebSite","@id":"https:\/\/hengxingmachinery.com\/#website","url":"https:\/\/hengxingmachinery.com\/","name":"Maquinaria Hengxing","description":"Fabricante l\u00edder de todo tipo de maquinaria minera","publisher":{"@id":"https:\/\/hengxingmachinery.com\/#organization"},"potentialAction":[{"@type":"SearchAction","target":{"@type":"EntryPoint","urlTemplate":"https:\/\/hengxingmachinery.com\/?s={search_term_string}"},"query-input":{"@type":"PropertyValueSpecification","valueRequired":true,"valueName":"search_term_string"}}],"inLanguage":"es"},{"@type":"Organization","@id":"https:\/\/hengxingmachinery.com\/#organization","name":"Maquinaria Hengxing","url":"https:\/\/hengxingmachinery.com\/","logo":{"@type":"ImageObject","inLanguage":"es","@id":"https:\/\/hengxingmachinery.com\/#\/schema\/logo\/image\/","url":"https:\/\/hengxingmachinery.com\/wp-content\/uploads\/2024\/12\/logo.png","contentUrl":"https:\/\/hengxingmachinery.com\/wp-content\/uploads\/2024\/12\/logo.png","width":400,"height":260,"caption":"Hengxing Machinery"},"image":{"@id":"https:\/\/hengxingmachinery.com\/#\/schema\/logo\/image\/"}}]}},"_links":{"self":[{"href":"https:\/\/hengxingmachinery.com\/es\/wp-json\/wp\/v2\/pages\/2449","targetHints":{"allow":["GET"]}}],"collection":[{"href":"https:\/\/hengxingmachinery.com\/es\/wp-json\/wp\/v2\/pages"}],"about":[{"href":"https:\/\/hengxingmachinery.com\/es\/wp-json\/wp\/v2\/types\/page"}],"author":[{"embeddable":true,"href":"https:\/\/hengxingmachinery.com\/es\/wp-json\/wp\/v2\/users\/1"}],"replies":[{"embeddable":true,"href":"https:\/\/hengxingmachinery.com\/es\/wp-json\/wp\/v2\/comments?post=2449"}],"version-history":[{"count":2,"href":"https:\/\/hengxingmachinery.com\/es\/wp-json\/wp\/v2\/pages\/2449\/revisions"}],"predecessor-version":[{"id":2679,"href":"https:\/\/hengxingmachinery.com\/es\/wp-json\/wp\/v2\/pages\/2449\/revisions\/2679"}],"wp:attachment":[{"href":"https:\/\/hengxingmachinery.com\/es\/wp-json\/wp\/v2\/media?parent=2449"}],"curies":[{"name":"wp","href":"https:\/\/api.w.org\/{rel}","templated":true}]}}