{"id":2473,"date":"2025-03-21T07:34:37","date_gmt":"2025-03-21T07:34:37","guid":{"rendered":"https:\/\/hengxingmachinery.com\/?page_id=2473"},"modified":"2025-03-21T07:34:38","modified_gmt":"2025-03-21T07:34:38","slug":"high-frequency-screen","status":"publish","type":"page","link":"https:\/\/hengxingmachinery.com\/es\/high-frequency-screen\/","title":{"rendered":"4-1. Criba de alta frecuencia"},"content":{"rendered":"<div class=\"gb-container gb-container-45165f5a\">\n<div class=\"gb-container gb-container-c2652eb4\">\n\n<h1 class=\"gb-headline gb-headline-62a8b2cc gb-headline-text\">Pantalla de alta frecuencia<\/h1>\n\n<\/div>\n<\/div>\n\n<div class=\"gb-container gb-container-519cf624\">\n<div class=\"gb-container gb-container-71ca071e\">\n<div class=\"gb-grid-wrapper gb-grid-wrapper-8a5f0688\">\n<div class=\"gb-grid-column gb-grid-column-1e99b1c2\"><div class=\"gb-container gb-container-1e99b1c2\">\n\n<figure class=\"gb-block-image gb-block-image-e4eaba54\"><img decoding=\"async\" width=\"665\" height=\"545\" class=\"gb-image gb-image-e4eaba54\" src=\"https:\/\/hengxingmachinery.com\/wp-content\/uploads\/2025\/03\/high-frequency-screens.jpg\" alt=\"\" title=\"cribas de alta frecuencia\" srcset=\"https:\/\/hengxingmachinery.com\/wp-content\/uploads\/2025\/03\/high-frequency-screens.jpg 665w, https:\/\/hengxingmachinery.com\/wp-content\/uploads\/2025\/03\/high-frequency-screens-300x246.jpg 300w, https:\/\/hengxingmachinery.com\/wp-content\/uploads\/2025\/03\/high-frequency-screens-15x12.jpg 15w\" sizes=\"(max-width: 665px) 100vw, 665px\" \/><\/figure>\n\n<\/div><\/div>\n\n<div class=\"gb-grid-column gb-grid-column-bcae065b\"><div class=\"gb-container gb-container-bcae065b\">\n\n<p><strong><mark style=\"background-color:rgba(0, 0, 0, 0)\" class=\"has-inline-color has-global-color-8-color\">Rango de aplicaci\u00f3n: <\/mark><\/strong><\/p>\n\n\n\n<p>Las cribas de alta frecuencia son ampliamente utilizadas para el cribado en seco y h\u00famedo, clasificaci\u00f3n y deshidrataci\u00f3n de diversos materiales en industrias como procesamiento de minerales, preparaci\u00f3n de carb\u00f3n, industria qu\u00edmica, fabricaci\u00f3n de ladrillos, alimentos, productos farmac\u00e9uticos, producci\u00f3n de \u00e1lcalis, fertilizantes, papel y otras industrias.<\/p>\n\n\n\n<p><\/p>\n\n\n\n<p><strong><mark style=\"background-color:rgba(0, 0, 0, 0)\" class=\"has-inline-color has-global-color-8-color\">\u00c1rea de criba de alta frecuencia:<\/mark><\/strong> 4.5-8.1 m\u00b2<\/p>\n\n\n\n<p><strong><mark style=\"background-color:rgba(0, 0, 0, 0)\" class=\"has-inline-color has-global-color-8-color\">Capacidad de producci\u00f3n:<\/mark><\/strong> 15-48 t\/h<\/p>\n\n\n<div class=\"gb-container gb-container-256e15f1\">\n\n<a class=\"gb-button gb-button-e8b73d89 gb-button-text\" href=\"#popmake-622\">Obtener presupuesto gratuito<\/a>\n\n<\/div>\n<\/div><\/div>\n<\/div>\n<\/div>\n<\/div>\n\n<div class=\"gb-container gb-container-c0200787\">\n<div class=\"gb-container gb-container-1d97c93d\">\n\n<h2 class=\"gb-headline gb-headline-3d5fa577 gb-headline-text\">Introducci\u00f3n de la criba de alta frecuencia<\/h2>\n\n\n\n<figure class=\"gb-block-image gb-block-image-230c53d3\"><img decoding=\"async\" width=\"600\" height=\"500\" class=\"gb-image gb-image-230c53d3\" src=\"https:\/\/hengxingmachinery.com\/wp-content\/uploads\/2025\/03\/high-frequency-screen-for-sale-1.jpg\" alt=\"\" title=\"criba de alta frecuencia en venta\" srcset=\"https:\/\/hengxingmachinery.com\/wp-content\/uploads\/2025\/03\/high-frequency-screen-for-sale-1.jpg 600w, https:\/\/hengxingmachinery.com\/wp-content\/uploads\/2025\/03\/high-frequency-screen-for-sale-1-300x250.jpg 300w, https:\/\/hengxingmachinery.com\/wp-content\/uploads\/2025\/03\/high-frequency-screen-for-sale-1-14x12.jpg 14w\" sizes=\"(max-width: 600px) 100vw, 600px\" \/><\/figure>\n\n\n\n<p><\/p>\n\n\n\n<p>La criba de alta frecuencia tambi\u00e9n se denomina criba clasificadora. La m\u00e1quina de cribado est\u00e1 compuesta por un excitador de vibraci\u00f3n, un distribuidor de pulpa, un bastidor de la criba, una estructura de soporte, un resorte de suspensi\u00f3n y una malla de criba. La m\u00e1quina de cribado tiene alta eficiencia, peque\u00f1a amplitud y alta frecuencia de cribado. <\/p>\n\n\n\n<p>A diferencia del principio de los equipos de cribado ordinarios, debido a que la criba de alta frecuencia adopta alta frecuencia, por un lado, destruye la tensi\u00f3n superficial de la pulpa y la oscilaci\u00f3n de alta velocidad de los materiales de grano fino sobre la superficie de la criba, acelerando la segregaci\u00f3n y separaci\u00f3n de los minerales \u00fatiles de alta densidad (gravedad espec\u00edfica). <\/p>\n\n\n\n<p>Este efecto aumenta la probabilidad de que los materiales m\u00e1s peque\u00f1os que el tama\u00f1o de part\u00edcula de separaci\u00f3n entren en contacto con los orificios de la criba. Esto resulta en mejores condiciones de separaci\u00f3n, de modo que los materiales m\u00e1s peque\u00f1os que el tama\u00f1o de part\u00edcula de separaci\u00f3n, especialmente las part\u00edculas pesadas y la pulpa de mineral, pasan a trav\u00e9s de la criba y se convierten en el producto de bajo-tamiz.<\/p>\n\n\n<div class=\"gb-container gb-container-9eeb6cec\">\n\n<a class=\"gb-button gb-button-d1324b3c gb-button-text\" href=\"#popmake-622\">Obtener presupuesto gratuito<\/a>\n\n<\/div>\n<\/div>\n<\/div>\n\n<div class=\"gb-container gb-container-aee62d46\">\n<div class=\"gb-container gb-container-95f2b668\">\n\n<h2 class=\"gb-headline gb-headline-c2d9453e gb-headline-text\">Caracter\u00edsticas de la criba de alta frecuencia<\/h2>\n\n\n\n<figure class=\"gb-block-image gb-block-image-10dae308\"><img decoding=\"async\" width=\"694\" height=\"475\" class=\"gb-image gb-image-10dae308\" src=\"https:\/\/hengxingmachinery.com\/wp-content\/uploads\/2025\/03\/high-frequency-screen-1.jpg\" alt=\"\" title=\"Criba de alta frecuencia\" srcset=\"https:\/\/hengxingmachinery.com\/wp-content\/uploads\/2025\/03\/high-frequency-screen-1.jpg 694w, https:\/\/hengxingmachinery.com\/wp-content\/uploads\/2025\/03\/high-frequency-screen-1-300x205.jpg 300w, https:\/\/hengxingmachinery.com\/wp-content\/uploads\/2025\/03\/high-frequency-screen-1-18x12.jpg 18w\" sizes=\"(max-width: 694px) 100vw, 694px\" \/><\/figure>\n\n\n\n<p><\/p>\n\n\n\n<p>1. El uso de mallas laminadas aumenta la apertura de una sola capa, lo que no solo incrementa la vida \u00fatil de las mallas, sino que tambi\u00e9n tiene el efecto de prevenir obstrucciones y abrasi\u00f3n.<\/p>\n\n\n\n<p>2. El soporte de la criba con resortes de goma de la criba de alta frecuencia tiene el efecto de aislamiento de vibraciones, absorci\u00f3n ac\u00fastica y reducci\u00f3n de ruido, y la vibraci\u00f3n del equipo es peque\u00f1a.<\/p>\n\n\n\n<p>3. La alta frecuencia y baja amplitud son favorables para la separaci\u00f3n y estratificaci\u00f3n de materiales finos y pesados, acelerando el cribado del material.<\/p>\n\n\n\n<p>4. Gran capacidad de manejo de material y bajo consumo de energ\u00eda.<\/p>\n\n\n<div class=\"gb-container gb-container-6884c2cc\">\n\n<a class=\"gb-button gb-button-70583696 gb-button-text\" href=\"#popmake-622\">Obtener presupuesto gratuito<\/a>\n\n<\/div>\n<\/div>\n<\/div>\n\n<div class=\"gb-container gb-container-ebd718b6\">\n<div class=\"gb-container gb-container-5c75b960\">\n\n<h2 class=\"gb-headline gb-headline-98859344 gb-headline-text\">Principio de funcionamiento de la criba de alta frecuencia<\/h2>\n\n\n\n<p>La m\u00e1quina de cribado destruye la tensi\u00f3n superficial de la pulpa y hace que los materiales de grano fino oscilen a alta velocidad sobre la superficie de la criba, acelerando la separaci\u00f3n de minerales \u00fatiles con mayor gravedad espec\u00edfica. Y aumenta la probabilidad de que los materiales m\u00e1s peque\u00f1os que el tama\u00f1o de part\u00edcula de separaci\u00f3n entren en contacto con los orificios de la criba, de modo que las part\u00edculas m\u00e1s peque\u00f1as que el tama\u00f1o de part\u00edcula de separaci\u00f3n entren en contacto con la criba. <\/p>\n\n\n\n<p>El material, las part\u00edculas con alta gravedad espec\u00edfica y la pulpa de mineral pasan a trav\u00e9s de los orificios de la criba para convertirse en el producto de bajo-tamiz, logrando as\u00ed el cribado.<\/p>\n\n\n<div class=\"gb-container gb-container-d6bbf16a\">\n\n<a class=\"gb-button gb-button-caa3f2bc gb-button-text\" href=\"#popmake-622\">Obtener presupuesto gratuito<\/a>\n\n<\/div>\n<\/div>\n<\/div>\n\n<div class=\"gb-container gb-container-435ad261\">\n<div class=\"gb-container gb-container-7dc79cc4\">\n\n<h2 class=\"gb-headline gb-headline-6fe5dee2 gb-headline-text\">Especificaciones de la criba de alta frecuencia<\/h2>\n\n\n\n<figure class=\"wp-block-table is-style-stripes\"><table class=\"has-fixed-layout\"><tbody><tr><td><strong>Modelo<\/strong><\/td><td><strong>\u00c1rea de Criba (\u33a1)<\/strong><\/td><td><strong>Concentraci\u00f3n (%)<\/strong><\/td><td><strong>Capacidad (t\/h)<\/strong><\/td><td><strong>Potencia (kW)<\/strong><\/td><\/tr><tr><td>GPS-4<\/td><td>4.5<\/td><td>30-40<\/td><td>15-25<\/td><td>0.72<\/td><\/tr><tr><td>GPS-5<\/td><td>5.2<\/td><td>30-40<\/td><td>20-30<\/td><td>1.1<\/td><\/tr><tr><td>GPS-6<\/td><td>6<\/td><td>30-40<\/td><td>24-36<\/td><td>1.5<\/td><\/tr><tr><td>GPS-8<\/td><td>8.1<\/td><td>30-40<\/td><td>32-48<\/td><td>2.2<\/td><\/tr><\/tbody><\/table><\/figure>\n\n\n<div class=\"gb-container gb-container-263d9700\">\n\n<a class=\"gb-button gb-button-a4cbb7be gb-button-text\" href=\"#popmake-622\">Obtener presupuesto gratuito<\/a>\n\n<\/div>\n<\/div>\n<\/div>","protected":false},"excerpt":{"rendered":"<p>High frequency screen Introduction of high frequency screen The high-frequency screen is also called the grading screen. The screening machine is composed of a vibration exciter, slurry distributor, screen frame, frame, suspension spring and screen mesh. The screening machine has high efficiency, small amplitude and high screening frequency. Different from the principle of ordinary screening &#8230; <\/p>\n<p class=\"read-more-container\"><a title=\"4-1. Criba de alta frecuencia\" class=\"read-more button\" href=\"https:\/\/hengxingmachinery.com\/es\/high-frequency-screen\/#more-2473\" aria-label=\"Leer m\u00e1s sobre 4-1. High frequency screen\">Leer m\u00e1s<\/a><\/p>","protected":false},"author":1,"featured_media":0,"parent":0,"menu_order":0,"comment_status":"closed","ping_status":"closed","template":"","meta":{"footnotes":""},"class_list":["post-2473","page","type-page","status-publish"],"yoast_head":"<!-- This site is optimized with the Yoast SEO plugin v27.4 - https:\/\/yoast.com\/product\/yoast-seo-wordpress\/ -->\n<title>4-1. High frequency screen - Hengxing Machinery<\/title>\n<meta name=\"robots\" content=\"index, follow, max-snippet:-1, max-image-preview:large, max-video-preview:-1\" \/>\n<link rel=\"canonical\" href=\"https:\/\/hengxingmachinery.com\/es\/high-frequency-screen\/\" \/>\n<meta property=\"og:locale\" content=\"es_ES\" \/>\n<meta property=\"og:type\" content=\"article\" \/>\n<meta property=\"og:title\" content=\"4-1. High frequency screen - Hengxing Machinery\" \/>\n<meta property=\"og:description\" content=\"High frequency screen Introduction of high frequency screen The high-frequency screen is also called the grading screen. The screening machine is composed of a vibration exciter, slurry distributor, screen frame, frame, suspension spring and screen mesh. The screening machine has high efficiency, small amplitude and high screening frequency. Different from the principle of ordinary screening ... Leer m\u00e1s\" \/>\n<meta property=\"og:url\" content=\"https:\/\/hengxingmachinery.com\/es\/high-frequency-screen\/\" \/>\n<meta property=\"og:site_name\" content=\"Hengxing Machinery\" \/>\n<meta property=\"article:modified_time\" content=\"2025-03-21T07:34:38+00:00\" \/>\n<meta property=\"og:image\" content=\"https:\/\/hengxingmachinery.com\/wp-content\/uploads\/2025\/03\/high-frequency-screens.jpg\" \/>\n<meta name=\"twitter:card\" content=\"summary_large_image\" \/>\n<meta name=\"twitter:label1\" content=\"Tiempo de lectura\" \/>\n\t<meta name=\"twitter:data1\" content=\"3 minutos\" \/>\n<script type=\"application\/ld+json\" class=\"yoast-schema-graph\">{\"@context\":\"https:\\\/\\\/schema.org\",\"@graph\":[{\"@type\":\"WebPage\",\"@id\":\"https:\\\/\\\/hengxingmachinery.com\\\/high-frequency-screen\\\/\",\"url\":\"https:\\\/\\\/hengxingmachinery.com\\\/high-frequency-screen\\\/\",\"name\":\"4-1. High frequency screen - Hengxing Machinery\",\"isPartOf\":{\"@id\":\"https:\\\/\\\/hengxingmachinery.com\\\/#website\"},\"primaryImageOfPage\":{\"@id\":\"https:\\\/\\\/hengxingmachinery.com\\\/high-frequency-screen\\\/#primaryimage\"},\"image\":{\"@id\":\"https:\\\/\\\/hengxingmachinery.com\\\/high-frequency-screen\\\/#primaryimage\"},\"thumbnailUrl\":\"https:\\\/\\\/hengxingmachinery.com\\\/wp-content\\\/uploads\\\/2025\\\/03\\\/high-frequency-screens.jpg\",\"datePublished\":\"2025-03-21T07:34:37+00:00\",\"dateModified\":\"2025-03-21T07:34:38+00:00\",\"breadcrumb\":{\"@id\":\"https:\\\/\\\/hengxingmachinery.com\\\/high-frequency-screen\\\/#breadcrumb\"},\"inLanguage\":\"es\",\"potentialAction\":[{\"@type\":\"ReadAction\",\"target\":[\"https:\\\/\\\/hengxingmachinery.com\\\/high-frequency-screen\\\/\"]}]},{\"@type\":\"ImageObject\",\"inLanguage\":\"es\",\"@id\":\"https:\\\/\\\/hengxingmachinery.com\\\/high-frequency-screen\\\/#primaryimage\",\"url\":\"https:\\\/\\\/hengxingmachinery.com\\\/wp-content\\\/uploads\\\/2025\\\/03\\\/high-frequency-screens.jpg\",\"contentUrl\":\"https:\\\/\\\/hengxingmachinery.com\\\/wp-content\\\/uploads\\\/2025\\\/03\\\/high-frequency-screens.jpg\"},{\"@type\":\"BreadcrumbList\",\"@id\":\"https:\\\/\\\/hengxingmachinery.com\\\/high-frequency-screen\\\/#breadcrumb\",\"itemListElement\":[{\"@type\":\"ListItem\",\"position\":1,\"name\":\"Home\",\"item\":\"https:\\\/\\\/hengxingmachinery.com\\\/\"},{\"@type\":\"ListItem\",\"position\":2,\"name\":\"4-1. High frequency screen\"}]},{\"@type\":\"WebSite\",\"@id\":\"https:\\\/\\\/hengxingmachinery.com\\\/#website\",\"url\":\"https:\\\/\\\/hengxingmachinery.com\\\/\",\"name\":\"Hengxing Machinery\",\"description\":\"Leading Manufacturer of All Sorts of Mining Machinery\",\"publisher\":{\"@id\":\"https:\\\/\\\/hengxingmachinery.com\\\/#organization\"},\"potentialAction\":[{\"@type\":\"SearchAction\",\"target\":{\"@type\":\"EntryPoint\",\"urlTemplate\":\"https:\\\/\\\/hengxingmachinery.com\\\/?s={search_term_string}\"},\"query-input\":{\"@type\":\"PropertyValueSpecification\",\"valueRequired\":true,\"valueName\":\"search_term_string\"}}],\"inLanguage\":\"es\"},{\"@type\":\"Organization\",\"@id\":\"https:\\\/\\\/hengxingmachinery.com\\\/#organization\",\"name\":\"Hengxing Machinery\",\"url\":\"https:\\\/\\\/hengxingmachinery.com\\\/\",\"logo\":{\"@type\":\"ImageObject\",\"inLanguage\":\"es\",\"@id\":\"https:\\\/\\\/hengxingmachinery.com\\\/#\\\/schema\\\/logo\\\/image\\\/\",\"url\":\"https:\\\/\\\/hengxingmachinery.com\\\/wp-content\\\/uploads\\\/2024\\\/12\\\/logo.png\",\"contentUrl\":\"https:\\\/\\\/hengxingmachinery.com\\\/wp-content\\\/uploads\\\/2024\\\/12\\\/logo.png\",\"width\":400,\"height\":260,\"caption\":\"Hengxing Machinery\"},\"image\":{\"@id\":\"https:\\\/\\\/hengxingmachinery.com\\\/#\\\/schema\\\/logo\\\/image\\\/\"}}]}<\/script>\n<!-- \/ Yoast SEO plugin. -->","yoast_head_json":{"title":"4-1. Criba de alta frecuencia - Maquinaria Hengxing","robots":{"index":"index","follow":"follow","max-snippet":"max-snippet:-1","max-image-preview":"max-image-preview:large","max-video-preview":"max-video-preview:-1"},"canonical":"https:\/\/hengxingmachinery.com\/es\/high-frequency-screen\/","og_locale":"es_ES","og_type":"article","og_title":"4-1. High frequency screen - Hengxing Machinery","og_description":"High frequency screen Introduction of high frequency screen The high-frequency screen is also called the grading screen. The screening machine is composed of a vibration exciter, slurry distributor, screen frame, frame, suspension spring and screen mesh. The screening machine has high efficiency, small amplitude and high screening frequency. Different from the principle of ordinary screening ... Leer m\u00e1s","og_url":"https:\/\/hengxingmachinery.com\/es\/high-frequency-screen\/","og_site_name":"Hengxing Machinery","article_modified_time":"2025-03-21T07:34:38+00:00","og_image":[{"url":"https:\/\/hengxingmachinery.com\/wp-content\/uploads\/2025\/03\/high-frequency-screens.jpg","type":"","width":"","height":""}],"twitter_card":"summary_large_image","twitter_misc":{"Tiempo de lectura":"3 minutos"},"schema":{"@context":"https:\/\/schema.org","@graph":[{"@type":"WebPage","@id":"https:\/\/hengxingmachinery.com\/high-frequency-screen\/","url":"https:\/\/hengxingmachinery.com\/high-frequency-screen\/","name":"4-1. Criba de alta frecuencia - Maquinaria Hengxing","isPartOf":{"@id":"https:\/\/hengxingmachinery.com\/#website"},"primaryImageOfPage":{"@id":"https:\/\/hengxingmachinery.com\/high-frequency-screen\/#primaryimage"},"image":{"@id":"https:\/\/hengxingmachinery.com\/high-frequency-screen\/#primaryimage"},"thumbnailUrl":"https:\/\/hengxingmachinery.com\/wp-content\/uploads\/2025\/03\/high-frequency-screens.jpg","datePublished":"2025-03-21T07:34:37+00:00","dateModified":"2025-03-21T07:34:38+00:00","breadcrumb":{"@id":"https:\/\/hengxingmachinery.com\/high-frequency-screen\/#breadcrumb"},"inLanguage":"es","potentialAction":[{"@type":"ReadAction","target":["https:\/\/hengxingmachinery.com\/high-frequency-screen\/"]}]},{"@type":"ImageObject","inLanguage":"es","@id":"https:\/\/hengxingmachinery.com\/high-frequency-screen\/#primaryimage","url":"https:\/\/hengxingmachinery.com\/wp-content\/uploads\/2025\/03\/high-frequency-screens.jpg","contentUrl":"https:\/\/hengxingmachinery.com\/wp-content\/uploads\/2025\/03\/high-frequency-screens.jpg"},{"@type":"BreadcrumbList","@id":"https:\/\/hengxingmachinery.com\/high-frequency-screen\/#breadcrumb","itemListElement":[{"@type":"ListItem","position":1,"name":"Home","item":"https:\/\/hengxingmachinery.com\/"},{"@type":"ListItem","position":2,"name":"4-1. High frequency screen"}]},{"@type":"WebSite","@id":"https:\/\/hengxingmachinery.com\/#website","url":"https:\/\/hengxingmachinery.com\/","name":"Maquinaria Hengxing","description":"Fabricante l\u00edder de todo tipo de maquinaria minera","publisher":{"@id":"https:\/\/hengxingmachinery.com\/#organization"},"potentialAction":[{"@type":"SearchAction","target":{"@type":"EntryPoint","urlTemplate":"https:\/\/hengxingmachinery.com\/?s={search_term_string}"},"query-input":{"@type":"PropertyValueSpecification","valueRequired":true,"valueName":"search_term_string"}}],"inLanguage":"es"},{"@type":"Organization","@id":"https:\/\/hengxingmachinery.com\/#organization","name":"Maquinaria Hengxing","url":"https:\/\/hengxingmachinery.com\/","logo":{"@type":"ImageObject","inLanguage":"es","@id":"https:\/\/hengxingmachinery.com\/#\/schema\/logo\/image\/","url":"https:\/\/hengxingmachinery.com\/wp-content\/uploads\/2024\/12\/logo.png","contentUrl":"https:\/\/hengxingmachinery.com\/wp-content\/uploads\/2024\/12\/logo.png","width":400,"height":260,"caption":"Hengxing Machinery"},"image":{"@id":"https:\/\/hengxingmachinery.com\/#\/schema\/logo\/image\/"}}]}},"_links":{"self":[{"href":"https:\/\/hengxingmachinery.com\/es\/wp-json\/wp\/v2\/pages\/2473","targetHints":{"allow":["GET"]}}],"collection":[{"href":"https:\/\/hengxingmachinery.com\/es\/wp-json\/wp\/v2\/pages"}],"about":[{"href":"https:\/\/hengxingmachinery.com\/es\/wp-json\/wp\/v2\/types\/page"}],"author":[{"embeddable":true,"href":"https:\/\/hengxingmachinery.com\/es\/wp-json\/wp\/v2\/users\/1"}],"replies":[{"embeddable":true,"href":"https:\/\/hengxingmachinery.com\/es\/wp-json\/wp\/v2\/comments?post=2473"}],"version-history":[{"count":2,"href":"https:\/\/hengxingmachinery.com\/es\/wp-json\/wp\/v2\/pages\/2473\/revisions"}],"predecessor-version":[{"id":2523,"href":"https:\/\/hengxingmachinery.com\/es\/wp-json\/wp\/v2\/pages\/2473\/revisions\/2523"}],"wp:attachment":[{"href":"https:\/\/hengxingmachinery.com\/es\/wp-json\/wp\/v2\/media?parent=2473"}],"curies":[{"name":"wp","href":"https:\/\/api.w.org\/{rel}","templated":true}]}}