{"id":2532,"date":"2025-03-21T08:42:49","date_gmt":"2025-03-21T08:42:49","guid":{"rendered":"https:\/\/hengxingmachinery.com\/?page_id=2532"},"modified":"2025-03-21T08:45:14","modified_gmt":"2025-03-21T08:45:14","slug":"leaching-tank","status":"publish","type":"page","link":"https:\/\/hengxingmachinery.com\/es\/leaching-tank\/","title":{"rendered":"4-1. Tanque de lixiviaci\u00f3n"},"content":{"rendered":"<div class=\"gb-container gb-container-45165f5a\">\n<div class=\"gb-container gb-container-c2652eb4\">\n\n<h1 class=\"gb-headline gb-headline-62a8b2cc gb-headline-text\">Tanque de lixiviaci\u00f3n<\/h1>\n\n<\/div>\n<\/div>\n\n<div class=\"gb-container gb-container-519cf624\">\n<div class=\"gb-container gb-container-71ca071e\">\n<div class=\"gb-grid-wrapper gb-grid-wrapper-8a5f0688\">\n<div class=\"gb-grid-column gb-grid-column-1e99b1c2\"><div class=\"gb-container gb-container-1e99b1c2\">\n\n<figure class=\"gb-block-image gb-block-image-e4eaba54\"><img decoding=\"async\" width=\"665\" height=\"545\" class=\"gb-image gb-image-e4eaba54\" src=\"https:\/\/hengxingmachinery.com\/wp-content\/uploads\/2025\/03\/leaching-tank-for-sale.png\" alt=\"\" title=\"Tanque de lixiviaci\u00f3n en venta\" srcset=\"https:\/\/hengxingmachinery.com\/wp-content\/uploads\/2025\/03\/leaching-tank-for-sale.png 665w, https:\/\/hengxingmachinery.com\/wp-content\/uploads\/2025\/03\/leaching-tank-for-sale-300x246.png 300w, https:\/\/hengxingmachinery.com\/wp-content\/uploads\/2025\/03\/leaching-tank-for-sale-15x12.png 15w\" sizes=\"(max-width: 665px) 100vw, 665px\" \/><\/figure>\n\n<\/div><\/div>\n\n<div class=\"gb-grid-column gb-grid-column-bcae065b\"><div class=\"gb-container gb-container-bcae065b\">\n\n<p><strong><mark style=\"background-color:rgba(0, 0, 0, 0)\" class=\"has-inline-color has-global-color-8-color\">Capacidad de procesamiento: <\/mark><\/strong> 6-395 m\u00b3<\/p>\n\n\n\n<p><strong><mark style=\"background-color:rgba(0, 0, 0, 0)\" class=\"has-inline-color has-global-color-8-color\">Rango de aplicaci\u00f3n:<\/mark><\/strong> El tanque de lixiviaci\u00f3n de doble impulsor es adecuado para operaciones de mezcla como lixiviaci\u00f3n de oro, adsorci\u00f3n y otras, donde la gravedad espec\u00edfica es peque\u00f1a, la viscosidad es baja, la velocidad de sedimentaci\u00f3n es lenta, el tama\u00f1o de part\u00edcula del mineral de -200 mallas representa m\u00e1s del 90% y la concentraci\u00f3n de la pulpa es inferior al 45%.<\/p>\n\n\n\n<p><\/p>\n\n\n\n<p><strong><mark style=\"background-color:rgba(0, 0, 0, 0)\" class=\"has-inline-color has-global-color-8-color\">Mejora del producto:<\/mark><\/strong> Impulsor de doble capa, mezcla uniforme, bajo consumo energ\u00e9tico; impulsor encapsulado, larga vida \u00fatil; suministro de aire multipunto, aireaci\u00f3n uniforme.<\/p>\n\n\n<div class=\"gb-container gb-container-256e15f1\">\n\n<a class=\"gb-button gb-button-e8b73d89 gb-button-text\" href=\"#popmake-622\">Obtener presupuesto gratuito<\/a>\n\n<\/div>\n<\/div><\/div>\n<\/div>\n<\/div>\n<\/div>\n\n<div class=\"gb-container gb-container-aee62d46\">\n<div class=\"gb-container gb-container-95f2b668\">\n\n<h2 class=\"gb-headline gb-headline-c2d9453e gb-headline-text\">Caracter\u00edsticas del tanque de lixiviaci\u00f3n<\/h2>\n\n\n\n<figure class=\"gb-block-image gb-block-image-10dae308\"><img decoding=\"async\" width=\"800\" height=\"600\" class=\"gb-image gb-image-10dae308\" src=\"https:\/\/hengxingmachinery.com\/wp-content\/uploads\/2025\/03\/leaching-tank-supplier.jpg\" alt=\"\" title=\"Proveedor de tanques de lixiviaci\u00f3n\" srcset=\"https:\/\/hengxingmachinery.com\/wp-content\/uploads\/2025\/03\/leaching-tank-supplier.jpg 800w, https:\/\/hengxingmachinery.com\/wp-content\/uploads\/2025\/03\/leaching-tank-supplier-300x225.jpg 300w, https:\/\/hengxingmachinery.com\/wp-content\/uploads\/2025\/03\/leaching-tank-supplier-768x576.jpg 768w, https:\/\/hengxingmachinery.com\/wp-content\/uploads\/2025\/03\/leaching-tank-supplier-16x12.jpg 16w\" sizes=\"(max-width: 800px) 100vw, 800px\" \/><\/figure>\n\n\n\n<p><\/p>\n\n\n\n<p>El flujo de mineral se mueve suavemente, la pulpa mineral se mezcla uniformemente y el consumo de energ\u00eda es bajo.<\/p>\n\n\n\n<p>El aire ingresa al canal a trav\u00e9s del eje hueco de la transmisi\u00f3n y es agitado por las paletas, dispers\u00e1ndose de manera uniforme.<\/p>\n\n\n\n<p>Estructura compacta y mantenimiento conveniente.<\/p>\n\n\n\n<p>El eje hueco ventila hasta el extremo inferior, el aire ingresa al canal a trav\u00e9s de \u00e9l, se dispersa uniformemente y presenta burbujas peque\u00f1as.<\/p>\n\n\n\n<p>Se utilizan dos nuevos impulsores, el di\u00e1metro del impulsor del tanque de mezcla es grande, la velocidad de rotaci\u00f3n es baja y el consumo de energ\u00eda de mezcla es peque\u00f1o, lo que puede reducir el desgaste del carbono.<\/p>\n\n\n\n<p>La intensidad de mezcla es moderada, y la concentraci\u00f3n de pulpa y la distribuci\u00f3n de finos en el tanque son consistentes, lo que puede mejorar la tasa de lixiviaci\u00f3n de cianuro y la tasa de adsorci\u00f3n del carbono.<\/p>\n\n\n\n<p>El impulsor del tanque de lixiviaci\u00f3n est\u00e1 revestido con goma resistente al desgaste, tiene baja velocidad y una larga vida \u00fatil.<\/p>\n\n\n<div class=\"gb-container gb-container-6884c2cc\">\n\n<a class=\"gb-button gb-button-70583696 gb-button-text\" href=\"#popmake-622\">Obtener presupuesto gratuito<\/a>\n\n<\/div>\n<\/div>\n<\/div>\n\n<div class=\"gb-container gb-container-ebd718b6\">\n<div class=\"gb-container gb-container-5c75b960\">\n\n<h2 class=\"gb-headline gb-headline-98859344 gb-headline-text\">Principio de funcionamiento del tanque de lixiviaci\u00f3n<\/h2>\n\n\n\n<p>El tanque de lixiviaci\u00f3n es arrastrado y agitado por el doble impulsor, fluye de arriba hacia abajo en el centro, se difunde a trav\u00e9s de la placa amortiguadora circundante, y se alimenta aire en el extremo inferior del eje, mezcl\u00e1ndose con la pulpa y circulando hacia arriba para formar una mezcla de suspensi\u00f3n homog\u00e9nea.<\/p>\n\n\n<div class=\"gb-container gb-container-d6bbf16a\">\n\n<a class=\"gb-button gb-button-caa3f2bc gb-button-text\" href=\"#popmake-622\">Obtener presupuesto gratuito<\/a>\n\n<\/div>\n<\/div>\n<\/div>\n\n<div class=\"gb-container gb-container-435ad261\">\n<div class=\"gb-container gb-container-7dc79cc4\">\n\n<h2 class=\"gb-headline gb-headline-6fe5dee2 gb-headline-text\">Especificaciones del tanque de lixiviaci\u00f3n<\/h2>\n\n\n\n<figure class=\"wp-block-table is-style-stripes\"><table class=\"has-fixed-layout\"><tbody><tr><td><strong>Modelo<\/strong><\/td><td><strong>Especificaci\u00f3n del Tanque.<br>(D X H) (mm)<\/strong><\/td><td><strong>Volumen<br>Efectivo<br>(m3)<\/strong><\/td><td><strong>Velocidad de Rotaci\u00f3n del Impulsor (r\/min)<\/strong><\/td><td><strong>Di\u00e1metro del Impulsor (mm)<\/strong><\/td><td><strong>Motor<br>Modelo<\/strong><\/td><td><strong>Motor<br>Fuerza<br>(kW)<\/strong><\/td><td><strong>Modelo del Reductor<\/strong><\/td><td><strong>Tanque<br>Peso<br>(kg)<\/strong><\/td><td><strong>Total<br>Peso<br>(kg)<\/strong><\/td><\/tr><tr><td>SJ2.0X2.5<\/td><td>2000X2500<\/td><td>7.07<\/td><td>52<\/td><td>909<\/td><td>Y100L1-4<\/td><td>2.2<\/td><td>XLD2.2-4-29<\/td><td>1609<\/td><td>2144<\/td><\/tr><tr><td>SJ2.5X2.5<\/td><td>2500X2500<\/td><td>10.8<\/td><td>43<\/td><td>935<\/td><td>Y112M-4<\/td><td>4<\/td><td>XLD4-5-35<\/td><td>2159<\/td><td>2729<\/td><\/tr><tr><td>SJ2.5X3.15<\/td><td>2500X3150<\/td><td>13.92<\/td><td>52<\/td><td>935<\/td><td>Y100L1-4<\/td><td>2.2<\/td><td>XLD2.2-4-29<\/td><td>2398<\/td><td>3095<\/td><\/tr><tr><td>SJ3.0X3.0<\/td><td>3000X3000<\/td><td>19<\/td><td>43<\/td><td>1130<\/td><td>Y112M-4<\/td><td>4<\/td><td>XLD4-5-35<\/td><td>3480<\/td><td>4583<\/td><\/tr><tr><td>SJ3X3.15<\/td><td>3000X3150<\/td><td>20<\/td><td>43<\/td><td>1130<\/td><td>Y112M-4<\/td><td>4<\/td><td>XLD4-5-35<\/td><td>3480<\/td><td>4160.6<\/td><\/tr><tr><td>SJ3X3.5<\/td><td>3000X3500<\/td><td>22.97<\/td><td>43<\/td><td>1130<\/td><td>Y112M-4<\/td><td>4<\/td><td>XLD4-5-35<\/td><td>3211<\/td><td>4334.6<\/td><\/tr><tr><td>SJ3.15X3.55<\/td><td>3150X3550<\/td><td>25.73<\/td><td>43<\/td><td>1260<\/td><td>Y112M-4<\/td><td>4<\/td><td>XLD4-5-35<\/td><td>3433.5<\/td><td>4322.8<\/td><\/tr><tr><td>SJ3.5X3.5<\/td><td>3500X3500<\/td><td>31.3<\/td><td>52<\/td><td>1310<\/td><td>Y132S-4\/1310<\/td><td>5.5<\/td><td>XLD5.5-5-29<\/td><td>3480<\/td><td>5025<\/td><\/tr><tr><td>SJ3.5X4<\/td><td>3500X4000<\/td><td>35.6<\/td><td>52<\/td><td>1310<\/td><td>Y132S-4\/1310<\/td><td>5.5<\/td><td>XLD5.5-5-29<\/td><td>4230<\/td><td>5429<\/td><\/tr><tr><td>SJ3.55X4.0<\/td><td>3550X4000<\/td><td>36.8<\/td><td>43<\/td><td>1310<\/td><td>Y132S-4\/1310<\/td><td>4<\/td><td>XLD4-5-35<\/td><td>4260<\/td><td>5025<\/td><\/tr><tr><td>SJ3.7X4.2<\/td><td>3700X4200<\/td><td>42<\/td><td>42<\/td><td>1310<\/td><td>Y112M-4<\/td><td>4<\/td><td>XLD4-5-43<\/td><td>5266<\/td><td>6153<\/td><\/tr><tr><td>SJ4.0X4.5<\/td><td>4000 X4500<\/td><td>52.78<\/td><td>35<\/td><td>1750<\/td><td>Y132M-4<\/td><td>7.5<\/td><td>XLD7.5-7-43<\/td><td>6397<\/td><td>7569<\/td><\/tr><tr><td>SJ4.0X6<\/td><td>4000 X6000<\/td><td>71<\/td><td>33<\/td><td>1750<\/td><td>Y160M-4<\/td><td>11<\/td><td>GRF137-Y11-4P-44.65-M4<\/td><td>7681<\/td><td>9200<\/td><\/tr><tr><td>SJ4.5X5.0<\/td><td>4500 X5000<\/td><td>74.75<\/td><td>35<\/td><td>1750<\/td><td>Y132M-4<\/td><td>7.5<\/td><td>XLD7.5-7-43<\/td><td>8614<\/td><td>10864<\/td><\/tr><tr><td>SJ5.0X5.6<\/td><td>5000X5600<\/td><td>104.5<\/td><td>31<\/td><td>2046<\/td><td>Y160M-4<\/td><td>11<\/td><td>XLD11-8-47<\/td><td>8740<\/td><td>14291<\/td><\/tr><tr><td>SJ5.5X6.0<\/td><td>5500X6000<\/td><td>135.42<\/td><td>31<\/td><td>2100<\/td><td>Y160M-4<\/td><td>11<\/td><td>XLD11-8-47<\/td><td>12467<\/td><td>18745<\/td><\/tr><tr><td>SJ6.5X7.0<\/td><td>6500X7000<\/td><td>215<\/td><td>21<\/td><td>2400<\/td><td>Y180L-4<\/td><td>22<\/td><td>GRF147-Y22-4P-70.87<\/td><td>17890<\/td><td>25978<\/td><\/tr><tr><td>SJ7.0X7.5<\/td><td>7000 X7500<\/td><td>269<\/td><td>21<\/td><td>2400<\/td><td>Y200L2-6<\/td><td>22<\/td><td>XLD22-10-47<\/td><td>20505<\/td><td>29030<\/td><\/tr><tr><td>SJ7.5X8.0<\/td><td>7500 X8000<\/td><td>331<\/td><td>23<\/td><td>2900<\/td><td>Y200L2-6<\/td><td>22<\/td><td>BLD7-43-22L<\/td><td>22552<\/td><td>32796<\/td><\/tr><tr><td>SJ8.0X8.5<\/td><td>8000X8500<\/td><td>402<\/td><td>18.5<\/td><td>3300<\/td><td>Y250M-8<\/td><td>30<\/td><td>TPS315-3F<\/td><td>30559.5<\/td><td>42467.3<\/td><\/tr><tr><td>SJ8.5X9.0<\/td><td>8500X9000<\/td><td>480<\/td><td>18.5<\/td><td>3300<\/td><td>Y250M-8<\/td><td>30<\/td><td>TPS315-3F<\/td><td>34130<\/td><td>46623<\/td><\/tr><\/tbody><\/table><\/figure>\n\n\n<div class=\"gb-container gb-container-263d9700\">\n\n<a class=\"gb-button gb-button-a4cbb7be gb-button-text\" href=\"#popmake-622\">Obtener presupuesto gratuito<\/a>\n\n<\/div>\n<\/div>\n<\/div>","protected":false},"excerpt":{"rendered":"<p>Leaching tank Leaching tank features The ore flow moves smoothly, the ore slurry is evenly mixed, and the power consumption is low. The air enters the groove through the hollow shaft of the transmission and is agitated by the blades, and the air is evenly dispersed. Compact structure and convenient maintenance. The hollow shaft is &#8230; <\/p>\n<p class=\"read-more-container\"><a title=\"4-1. Tanque de lixiviaci\u00f3n\" class=\"read-more button\" href=\"https:\/\/hengxingmachinery.com\/es\/leaching-tank\/#more-2532\" aria-label=\"Leer m\u00e1s sobre 4-1. Leaching tank\">Leer m\u00e1s<\/a><\/p>","protected":false},"author":1,"featured_media":0,"parent":0,"menu_order":0,"comment_status":"closed","ping_status":"closed","template":"","meta":{"footnotes":""},"class_list":["post-2532","page","type-page","status-publish"],"yoast_head":"<!-- This site is optimized with the Yoast SEO plugin v27.4 - https:\/\/yoast.com\/product\/yoast-seo-wordpress\/ -->\n<title>4-1. Leaching tank - Hengxing Machinery<\/title>\n<meta name=\"robots\" content=\"index, follow, max-snippet:-1, max-image-preview:large, max-video-preview:-1\" \/>\n<link rel=\"canonical\" href=\"https:\/\/hengxingmachinery.com\/es\/leaching-tank\/\" \/>\n<meta property=\"og:locale\" content=\"es_ES\" \/>\n<meta property=\"og:type\" content=\"article\" \/>\n<meta property=\"og:title\" content=\"4-1. Leaching tank - Hengxing Machinery\" \/>\n<meta property=\"og:description\" content=\"Leaching tank Leaching tank features The ore flow moves smoothly, the ore slurry is evenly mixed, and the power consumption is low. The air enters the groove through the hollow shaft of the transmission and is agitated by the blades, and the air is evenly dispersed. Compact structure and convenient maintenance. The hollow shaft is ... Leer m\u00e1s\" \/>\n<meta property=\"og:url\" content=\"https:\/\/hengxingmachinery.com\/es\/leaching-tank\/\" \/>\n<meta property=\"og:site_name\" content=\"Hengxing Machinery\" \/>\n<meta property=\"article:modified_time\" content=\"2025-03-21T08:45:14+00:00\" \/>\n<meta property=\"og:image\" content=\"https:\/\/hengxingmachinery.com\/wp-content\/uploads\/2025\/03\/leaching-tank-for-sale.png\" \/>\n<meta name=\"twitter:card\" content=\"summary_large_image\" \/>\n<meta name=\"twitter:label1\" content=\"Tiempo de lectura\" \/>\n\t<meta name=\"twitter:data1\" content=\"3 minutos\" \/>\n<script type=\"application\/ld+json\" class=\"yoast-schema-graph\">{\"@context\":\"https:\\\/\\\/schema.org\",\"@graph\":[{\"@type\":\"WebPage\",\"@id\":\"https:\\\/\\\/hengxingmachinery.com\\\/leaching-tank\\\/\",\"url\":\"https:\\\/\\\/hengxingmachinery.com\\\/leaching-tank\\\/\",\"name\":\"4-1. Leaching tank - Hengxing Machinery\",\"isPartOf\":{\"@id\":\"https:\\\/\\\/hengxingmachinery.com\\\/#website\"},\"primaryImageOfPage\":{\"@id\":\"https:\\\/\\\/hengxingmachinery.com\\\/leaching-tank\\\/#primaryimage\"},\"image\":{\"@id\":\"https:\\\/\\\/hengxingmachinery.com\\\/leaching-tank\\\/#primaryimage\"},\"thumbnailUrl\":\"https:\\\/\\\/hengxingmachinery.com\\\/wp-content\\\/uploads\\\/2025\\\/03\\\/leaching-tank-for-sale.png\",\"datePublished\":\"2025-03-21T08:42:49+00:00\",\"dateModified\":\"2025-03-21T08:45:14+00:00\",\"breadcrumb\":{\"@id\":\"https:\\\/\\\/hengxingmachinery.com\\\/leaching-tank\\\/#breadcrumb\"},\"inLanguage\":\"es\",\"potentialAction\":[{\"@type\":\"ReadAction\",\"target\":[\"https:\\\/\\\/hengxingmachinery.com\\\/leaching-tank\\\/\"]}]},{\"@type\":\"ImageObject\",\"inLanguage\":\"es\",\"@id\":\"https:\\\/\\\/hengxingmachinery.com\\\/leaching-tank\\\/#primaryimage\",\"url\":\"https:\\\/\\\/hengxingmachinery.com\\\/wp-content\\\/uploads\\\/2025\\\/03\\\/leaching-tank-for-sale.png\",\"contentUrl\":\"https:\\\/\\\/hengxingmachinery.com\\\/wp-content\\\/uploads\\\/2025\\\/03\\\/leaching-tank-for-sale.png\"},{\"@type\":\"BreadcrumbList\",\"@id\":\"https:\\\/\\\/hengxingmachinery.com\\\/leaching-tank\\\/#breadcrumb\",\"itemListElement\":[{\"@type\":\"ListItem\",\"position\":1,\"name\":\"Home\",\"item\":\"https:\\\/\\\/hengxingmachinery.com\\\/\"},{\"@type\":\"ListItem\",\"position\":2,\"name\":\"4-1. Leaching tank\"}]},{\"@type\":\"WebSite\",\"@id\":\"https:\\\/\\\/hengxingmachinery.com\\\/#website\",\"url\":\"https:\\\/\\\/hengxingmachinery.com\\\/\",\"name\":\"Hengxing Machinery\",\"description\":\"Leading Manufacturer of All Sorts of Mining Machinery\",\"publisher\":{\"@id\":\"https:\\\/\\\/hengxingmachinery.com\\\/#organization\"},\"potentialAction\":[{\"@type\":\"SearchAction\",\"target\":{\"@type\":\"EntryPoint\",\"urlTemplate\":\"https:\\\/\\\/hengxingmachinery.com\\\/?s={search_term_string}\"},\"query-input\":{\"@type\":\"PropertyValueSpecification\",\"valueRequired\":true,\"valueName\":\"search_term_string\"}}],\"inLanguage\":\"es\"},{\"@type\":\"Organization\",\"@id\":\"https:\\\/\\\/hengxingmachinery.com\\\/#organization\",\"name\":\"Hengxing Machinery\",\"url\":\"https:\\\/\\\/hengxingmachinery.com\\\/\",\"logo\":{\"@type\":\"ImageObject\",\"inLanguage\":\"es\",\"@id\":\"https:\\\/\\\/hengxingmachinery.com\\\/#\\\/schema\\\/logo\\\/image\\\/\",\"url\":\"https:\\\/\\\/hengxingmachinery.com\\\/wp-content\\\/uploads\\\/2024\\\/12\\\/logo.png\",\"contentUrl\":\"https:\\\/\\\/hengxingmachinery.com\\\/wp-content\\\/uploads\\\/2024\\\/12\\\/logo.png\",\"width\":400,\"height\":260,\"caption\":\"Hengxing Machinery\"},\"image\":{\"@id\":\"https:\\\/\\\/hengxingmachinery.com\\\/#\\\/schema\\\/logo\\\/image\\\/\"}}]}<\/script>\n<!-- \/ Yoast SEO plugin. -->","yoast_head_json":{"title":"4-1. Tanque de lixiviaci\u00f3n - Maquinaria Hengxing","robots":{"index":"index","follow":"follow","max-snippet":"max-snippet:-1","max-image-preview":"max-image-preview:large","max-video-preview":"max-video-preview:-1"},"canonical":"https:\/\/hengxingmachinery.com\/es\/leaching-tank\/","og_locale":"es_ES","og_type":"article","og_title":"4-1. Leaching tank - Hengxing Machinery","og_description":"Leaching tank Leaching tank features The ore flow moves smoothly, the ore slurry is evenly mixed, and the power consumption is low. The air enters the groove through the hollow shaft of the transmission and is agitated by the blades, and the air is evenly dispersed. Compact structure and convenient maintenance. The hollow shaft is ... Leer m\u00e1s","og_url":"https:\/\/hengxingmachinery.com\/es\/leaching-tank\/","og_site_name":"Hengxing Machinery","article_modified_time":"2025-03-21T08:45:14+00:00","og_image":[{"url":"https:\/\/hengxingmachinery.com\/wp-content\/uploads\/2025\/03\/leaching-tank-for-sale.png","type":"","width":"","height":""}],"twitter_card":"summary_large_image","twitter_misc":{"Tiempo de lectura":"3 minutos"},"schema":{"@context":"https:\/\/schema.org","@graph":[{"@type":"WebPage","@id":"https:\/\/hengxingmachinery.com\/leaching-tank\/","url":"https:\/\/hengxingmachinery.com\/leaching-tank\/","name":"4-1. Tanque de lixiviaci\u00f3n - Maquinaria Hengxing","isPartOf":{"@id":"https:\/\/hengxingmachinery.com\/#website"},"primaryImageOfPage":{"@id":"https:\/\/hengxingmachinery.com\/leaching-tank\/#primaryimage"},"image":{"@id":"https:\/\/hengxingmachinery.com\/leaching-tank\/#primaryimage"},"thumbnailUrl":"https:\/\/hengxingmachinery.com\/wp-content\/uploads\/2025\/03\/leaching-tank-for-sale.png","datePublished":"2025-03-21T08:42:49+00:00","dateModified":"2025-03-21T08:45:14+00:00","breadcrumb":{"@id":"https:\/\/hengxingmachinery.com\/leaching-tank\/#breadcrumb"},"inLanguage":"es","potentialAction":[{"@type":"ReadAction","target":["https:\/\/hengxingmachinery.com\/leaching-tank\/"]}]},{"@type":"ImageObject","inLanguage":"es","@id":"https:\/\/hengxingmachinery.com\/leaching-tank\/#primaryimage","url":"https:\/\/hengxingmachinery.com\/wp-content\/uploads\/2025\/03\/leaching-tank-for-sale.png","contentUrl":"https:\/\/hengxingmachinery.com\/wp-content\/uploads\/2025\/03\/leaching-tank-for-sale.png"},{"@type":"BreadcrumbList","@id":"https:\/\/hengxingmachinery.com\/leaching-tank\/#breadcrumb","itemListElement":[{"@type":"ListItem","position":1,"name":"Home","item":"https:\/\/hengxingmachinery.com\/"},{"@type":"ListItem","position":2,"name":"4-1. Leaching tank"}]},{"@type":"WebSite","@id":"https:\/\/hengxingmachinery.com\/#website","url":"https:\/\/hengxingmachinery.com\/","name":"Maquinaria Hengxing","description":"Fabricante l\u00edder de todo tipo de maquinaria minera","publisher":{"@id":"https:\/\/hengxingmachinery.com\/#organization"},"potentialAction":[{"@type":"SearchAction","target":{"@type":"EntryPoint","urlTemplate":"https:\/\/hengxingmachinery.com\/?s={search_term_string}"},"query-input":{"@type":"PropertyValueSpecification","valueRequired":true,"valueName":"search_term_string"}}],"inLanguage":"es"},{"@type":"Organization","@id":"https:\/\/hengxingmachinery.com\/#organization","name":"Maquinaria Hengxing","url":"https:\/\/hengxingmachinery.com\/","logo":{"@type":"ImageObject","inLanguage":"es","@id":"https:\/\/hengxingmachinery.com\/#\/schema\/logo\/image\/","url":"https:\/\/hengxingmachinery.com\/wp-content\/uploads\/2024\/12\/logo.png","contentUrl":"https:\/\/hengxingmachinery.com\/wp-content\/uploads\/2024\/12\/logo.png","width":400,"height":260,"caption":"Hengxing Machinery"},"image":{"@id":"https:\/\/hengxingmachinery.com\/#\/schema\/logo\/image\/"}}]}},"_links":{"self":[{"href":"https:\/\/hengxingmachinery.com\/es\/wp-json\/wp\/v2\/pages\/2532","targetHints":{"allow":["GET"]}}],"collection":[{"href":"https:\/\/hengxingmachinery.com\/es\/wp-json\/wp\/v2\/pages"}],"about":[{"href":"https:\/\/hengxingmachinery.com\/es\/wp-json\/wp\/v2\/types\/page"}],"author":[{"embeddable":true,"href":"https:\/\/hengxingmachinery.com\/es\/wp-json\/wp\/v2\/users\/1"}],"replies":[{"embeddable":true,"href":"https:\/\/hengxingmachinery.com\/es\/wp-json\/wp\/v2\/comments?post=2532"}],"version-history":[{"count":3,"href":"https:\/\/hengxingmachinery.com\/es\/wp-json\/wp\/v2\/pages\/2532\/revisions"}],"predecessor-version":[{"id":2574,"href":"https:\/\/hengxingmachinery.com\/es\/wp-json\/wp\/v2\/pages\/2532\/revisions\/2574"}],"wp:attachment":[{"href":"https:\/\/hengxingmachinery.com\/es\/wp-json\/wp\/v2\/media?parent=2532"}],"curies":[{"name":"wp","href":"https:\/\/api.w.org\/{rel}","templated":true}]}}