{"id":2533,"date":"2025-03-21T08:44:55","date_gmt":"2025-03-21T08:44:55","guid":{"rendered":"https:\/\/hengxingmachinery.com\/?page_id=2533"},"modified":"2025-03-21T08:52:30","modified_gmt":"2025-03-21T08:52:30","slug":"agitation-tank","status":"publish","type":"page","link":"https:\/\/hengxingmachinery.com\/es\/agitation-tank\/","title":{"rendered":"4-1. Tanque de agitaci\u00f3n"},"content":{"rendered":"<div class=\"gb-container gb-container-45165f5a\">\n<div class=\"gb-container gb-container-c2652eb4\">\n\n<h1 class=\"gb-headline gb-headline-62a8b2cc gb-headline-text\">Tanque de agitaci\u00f3n<\/h1>\n\n<\/div>\n<\/div>\n\n<div class=\"gb-container gb-container-519cf624\">\n<div class=\"gb-container gb-container-71ca071e\">\n<div class=\"gb-grid-wrapper gb-grid-wrapper-8a5f0688\">\n<div class=\"gb-grid-column gb-grid-column-1e99b1c2\"><div class=\"gb-container gb-container-1e99b1c2\">\n\n<figure class=\"gb-block-image gb-block-image-e4eaba54\"><img decoding=\"async\" width=\"665\" height=\"545\" class=\"gb-image gb-image-e4eaba54\" src=\"https:\/\/hengxingmachinery.com\/wp-content\/uploads\/2025\/03\/agitation-tank-for-sale.jpg\" alt=\"\" title=\"tanque de agitaci\u00f3n en venta\" srcset=\"https:\/\/hengxingmachinery.com\/wp-content\/uploads\/2025\/03\/agitation-tank-for-sale.jpg 665w, https:\/\/hengxingmachinery.com\/wp-content\/uploads\/2025\/03\/agitation-tank-for-sale-300x246.jpg 300w, https:\/\/hengxingmachinery.com\/wp-content\/uploads\/2025\/03\/agitation-tank-for-sale-15x12.jpg 15w\" sizes=\"(max-width: 665px) 100vw, 665px\" \/><\/figure>\n\n<\/div><\/div>\n\n<div class=\"gb-grid-column gb-grid-column-bcae065b\"><div class=\"gb-container gb-container-bcae065b\">\n\n<p><\/p>\n\n\n\n<p><strong><mark style=\"background-color:rgba(0, 0, 0, 0)\" class=\"has-inline-color has-global-color-8-color\">Rango de Aplicaci\u00f3n: <\/mark><\/strong><\/p>\n\n\n\n<p>Se utiliza principalmente para mezclar la pulpa de mineral antes de la operaci\u00f3n de flotaci\u00f3n, de modo que el reactivo y la pulpa de mineral se mezclen completamente. Tambi\u00e9n puede utilizarse para la mezcla de pulpa en las industrias qu\u00edmica y de materiales de construcci\u00f3n, plantas de cianuraci\u00f3n, plantas de tratamiento de aguas residuales y otros sectores industriales.<\/p>\n\n\n\n<p><strong><mark style=\"background-color:rgba(0, 0, 0, 0)\" class=\"has-inline-color has-global-color-8-color\"><strong>Volumen Efectivo (m\u00b3)<\/strong>:<\/mark><\/strong> 0.58-38<\/p>\n\n\n\n<p><strong><mark style=\"background-color:rgba(0, 0, 0, 0)\" class=\"has-inline-color has-global-color-8-color\"><strong>Di\u00e1metro del Impulsor (mm)<\/strong>:<\/mark><\/strong> 255-1000<\/p>\n\n\n<div class=\"gb-container gb-container-256e15f1\">\n\n<a class=\"gb-button gb-button-e8b73d89 gb-button-text\" href=\"#popmake-622\">Obtener presupuesto gratuito<\/a>\n\n<\/div>\n<\/div><\/div>\n<\/div>\n<\/div>\n<\/div>\n\n<div class=\"gb-container gb-container-c0200787\">\n<div class=\"gb-container gb-container-1d97c93d\">\n\n<h2 class=\"gb-headline gb-headline-3d5fa577 gb-headline-text\">Introducci\u00f3n del tanque de agitaci\u00f3n<\/h2>\n\n\n\n<figure class=\"gb-block-image gb-block-image-230c53d3\"><img decoding=\"async\" width=\"800\" height=\"500\" class=\"gb-image gb-image-230c53d3\" src=\"https:\/\/hengxingmachinery.com\/wp-content\/uploads\/2025\/03\/agitation-tank-supplier.jpg\" alt=\"\" title=\"proveedor de tanques de agitaci\u00f3n\" srcset=\"https:\/\/hengxingmachinery.com\/wp-content\/uploads\/2025\/03\/agitation-tank-supplier.jpg 800w, https:\/\/hengxingmachinery.com\/wp-content\/uploads\/2025\/03\/agitation-tank-supplier-300x188.jpg 300w, https:\/\/hengxingmachinery.com\/wp-content\/uploads\/2025\/03\/agitation-tank-supplier-768x480.jpg 768w, https:\/\/hengxingmachinery.com\/wp-content\/uploads\/2025\/03\/agitation-tank-supplier-18x12.jpg 18w\" sizes=\"(max-width: 800px) 100vw, 800px\" \/><\/figure>\n\n\n\n<p><\/p>\n\n\n\n<p>La criba de alta frecuencia tambi\u00e9n se denomina criba clasificadora. La m\u00e1quina de cribado est\u00e1 compuesta por un excitador de vibraci\u00f3n, un distribuidor de pulpa, un bastidor de la criba, una estructura de soporte, un resorte de suspensi\u00f3n y una malla de criba. La m\u00e1quina de cribado tiene alta eficiencia, peque\u00f1a amplitud y alta frecuencia de cribado. <\/p>\n\n\n\n<p>A diferencia del principio de los equipos de cribado ordinarios, debido a que la criba de alta frecuencia adopta alta frecuencia, por un lado, destruye la tensi\u00f3n superficial de la pulpa y la oscilaci\u00f3n de alta velocidad de los materiales de grano fino sobre la superficie de la criba, acelerando la segregaci\u00f3n y separaci\u00f3n de los minerales \u00fatiles de alta densidad (gravedad espec\u00edfica). <\/p>\n\n\n\n<p>Este efecto aumenta la probabilidad de que los materiales m\u00e1s peque\u00f1os que el tama\u00f1o de part\u00edcula de separaci\u00f3n entren en contacto con los orificios de la criba. Esto resulta en mejores condiciones de separaci\u00f3n, de modo que los materiales m\u00e1s peque\u00f1os que el tama\u00f1o de part\u00edcula de separaci\u00f3n, especialmente las part\u00edculas pesadas y la pulpa de mineral, pasan a trav\u00e9s de la criba y se convierten en el producto de bajo-tamiz.<\/p>\n\n\n<div class=\"gb-container gb-container-9eeb6cec\">\n\n<a class=\"gb-button gb-button-d1324b3c gb-button-text\" href=\"#popmake-622\">Obtener presupuesto gratuito<\/a>\n\n<\/div>\n<\/div>\n<\/div>\n\n<div class=\"gb-container gb-container-aee62d46\">\n<div class=\"gb-container gb-container-95f2b668\">\n\n<h2 class=\"gb-headline gb-headline-c2d9453e gb-headline-text\">Caracter\u00edsticas del tanque de agitaci\u00f3n<\/h2>\n\n\n\n<p><\/p>\n\n\n\n<p><strong>1. Estructura razonable<\/strong><\/p>\n\n\n\n<p>El tanque de agitaci\u00f3n tiene una estructura compacta y buena estanqueidad, y se instala un deflector de cenizas en la entrada de alimentaci\u00f3n para evitar el retroceso de la neblina de agua.<\/p>\n\n\n\n<p><strong>2. Alto rendimiento del equipo<\/strong><\/p>\n\n\n\n<p>Durante el trabajo, la tasa de cenizas residuales es baja, y la configuraci\u00f3n de la divisoria de aguas en el fondo de la caja garantiza que no haya puntos muertos en el equipo.<\/p>\n\n\n\n<p><strong>3. Gran capacidad de producci\u00f3n<\/strong><\/p>\n\n\n\n<p>El tambor de mezcla minera tiene un equipo avanzado, calidad estable del producto terminado, mezcla uniforme y descarga r\u00e1pida.<\/p>\n\n\n<div class=\"gb-container gb-container-6884c2cc\">\n\n<a class=\"gb-button gb-button-70583696 gb-button-text\" href=\"#popmake-622\">Obtener presupuesto gratuito<\/a>\n\n<\/div>\n<\/div>\n<\/div>\n\n<div class=\"gb-container gb-container-ebd718b6\">\n<div class=\"gb-container gb-container-5c75b960\">\n\n<h2 class=\"gb-headline gb-headline-98859344 gb-headline-text\">Principio de funcionamiento del tanque de agitaci\u00f3n<\/h2>\n\n\n\n<figure class=\"gb-block-image gb-block-image-10dae308\"><img decoding=\"async\" width=\"900\" height=\"500\" class=\"gb-image gb-image-10dae308\" src=\"https:\/\/hengxingmachinery.com\/wp-content\/uploads\/2025\/03\/agitation-tank-working.jpg\" alt=\"\" title=\"funcionamiento del tanque de agitaci\u00f3n\" srcset=\"https:\/\/hengxingmachinery.com\/wp-content\/uploads\/2025\/03\/agitation-tank-working.jpg 900w, https:\/\/hengxingmachinery.com\/wp-content\/uploads\/2025\/03\/agitation-tank-working-300x167.jpg 300w, https:\/\/hengxingmachinery.com\/wp-content\/uploads\/2025\/03\/agitation-tank-working-768x427.jpg 768w, https:\/\/hengxingmachinery.com\/wp-content\/uploads\/2025\/03\/agitation-tank-working-18x10.jpg 18w\" sizes=\"(max-width: 900px) 100vw, 900px\" \/><\/figure>\n\n\n\n<p>El tanque de agitaci\u00f3n est\u00e1 compuesto por un motor, un impulsor, un estator, un cojinete y otros componentes, y se utiliza un impulsor espiral radiante de fondo plano y forma cil\u00edndrica para el m\u00e9todo de mezcla mec\u00e1nica. Cuando el tanque de agitaci\u00f3n est\u00e1 en funcionamiento, el motor acciona el dispositivo de transmisi\u00f3n por correa en V para impulsar la rotaci\u00f3n del impulsor. <\/p>\n\n\n\n<p>La pulpa y el reactivo se mezclan completamente bajo la acci\u00f3n de agitaci\u00f3n uniforme del impulsor, lo que aumenta el tiempo de reacci\u00f3n del reactivo sobre la pulpa, refuerza la calidad de la reacci\u00f3n del producto qu\u00edmico y se obtiene el material. Una agitaci\u00f3n y mezcla suficientes preparar\u00e1n las condiciones necesarias para la siguiente etapa de producci\u00f3n de la m\u00e1quina de flotaci\u00f3n.<\/p>\n\n\n<div class=\"gb-container gb-container-d6bbf16a\">\n\n<a class=\"gb-button gb-button-caa3f2bc gb-button-text\" href=\"#popmake-622\">Obtener presupuesto gratuito<\/a>\n\n<\/div>\n<\/div>\n<\/div>\n\n<div class=\"gb-container gb-container-435ad261\">\n<div class=\"gb-container gb-container-7dc79cc4\">\n\n<h2 class=\"gb-headline gb-headline-6fe5dee2 gb-headline-text\">Especificaciones del tanque de agitaci\u00f3n<\/h2>\n\n\n\n<figure class=\"wp-block-table is-style-stripes\"><table class=\"has-fixed-layout\"><tbody><tr><td><strong>Modelo\u00a0<\/strong><\/td><td><strong>Di\u00e1metro Interior del Tanque<\/strong><br><strong>(mm)<\/strong><\/td><td><strong>Altura Interior del Tanque<\/strong><br><strong>(mm)<\/strong><\/td><td><strong>Volumen Efectivo<\/strong><br><strong>(m3)<\/strong><\/td><td><strong>RPM del Impulsor<\/strong><br><strong>(rpm)<\/strong><\/td><td><strong>Di\u00e1metro del Impulsor<\/strong><br><strong>(mm)<\/strong><\/td><td><strong>Modelo del Motor<\/strong><\/td><td><strong>Potencia del Motor<\/strong><br><strong>(kW)<\/strong><\/td><td><strong>Dimensi\u00f3n (LxAxH) mm<\/strong><\/td><td><strong>Peso<\/strong><br><strong>(t)<\/strong><\/td><\/tr><tr><td>XB-1000<\/td><td>1000<\/td><td>1000<\/td><td>0.58<\/td><td>530<\/td><td>255<\/td><td>Y100L-6<\/td><td>1.5<\/td><td>1173x1138x1491<\/td><td>1.0<\/td><\/tr><tr><td>XB-1200<\/td><td>1200<\/td><td>1200<\/td><td>1.4<\/td><td>340<\/td><td>400<\/td><td>Y132S-6<\/td><td>2.2<\/td><td>1354x1310x1742<\/td><td>1.1<\/td><\/tr><tr><td>XB-1500<\/td><td>1500<\/td><td>1500<\/td><td>2.2<\/td><td>320<\/td><td>400<\/td><td>Y132S-6<\/td><td>3<\/td><td>1656x1572x2171<\/td><td>1.2<\/td><\/tr><tr><td>XB-2000<\/td><td>2000<\/td><td>2000<\/td><td>5.6<\/td><td>290<\/td><td>550<\/td><td>Y132M2-6<\/td><td>5.5<\/td><td>2380x2162x2850<\/td><td>2.3<\/td><\/tr><tr><td>XB-2500<\/td><td>2500<\/td><td>2500<\/td><td>11.2<\/td><td>280<\/td><td>650<\/td><td>Y180L-6<\/td><td>15<\/td><td>3036x2716x3543<\/td><td>3.4<\/td><\/tr><tr><td>XB-3000<\/td><td>3000<\/td><td>3000<\/td><td>19.1<\/td><td>210<\/td><td>700<\/td><td>Y255S-8<\/td><td>18.5<\/td><td>3604x3216x4250<\/td><td>4.9<\/td><\/tr><tr><td>XB-3550<\/td><td>3550<\/td><td>3550<\/td><td>30<\/td><td>230<\/td><td>850<\/td><td>Y225M-8<\/td><td>22<\/td><td>3940x3766x5386<\/td><td>7.3<\/td><\/tr><tr><td>XB-4500<\/td><td>4550<\/td><td>4500<\/td><td>38<\/td><td>122<\/td><td>1000<\/td><td>Y280M-8<\/td><td>45<\/td><td>4720x4800x6600<\/td><td>9.7<\/td><\/tr><\/tbody><\/table><\/figure>\n\n\n<div class=\"gb-container gb-container-263d9700\">\n\n<a class=\"gb-button gb-button-a4cbb7be gb-button-text\" href=\"#popmake-622\">Obtener presupuesto gratuito<\/a>\n\n<\/div>\n<\/div>\n<\/div>","protected":false},"excerpt":{"rendered":"<p>Agitation tank Introduction of agitation tank The high-frequency screen is also called the grading screen. The screening machine is composed of a vibration exciter, slurry distributor, screen frame, frame, suspension spring and screen mesh. The screening machine has high efficiency, small amplitude and high screening frequency. Different from the principle of ordinary screening equipment, because &#8230; <\/p>\n<p class=\"read-more-container\"><a title=\"4-1. Tanque de agitaci\u00f3n\" class=\"read-more button\" href=\"https:\/\/hengxingmachinery.com\/es\/agitation-tank\/#more-2533\" aria-label=\"Leer m\u00e1s sobre 4-1. Agitation tank\">Leer m\u00e1s<\/a><\/p>","protected":false},"author":1,"featured_media":0,"parent":0,"menu_order":0,"comment_status":"closed","ping_status":"closed","template":"","meta":{"footnotes":""},"class_list":["post-2533","page","type-page","status-publish"],"yoast_head":"<!-- This site is optimized with the Yoast SEO plugin v27.4 - https:\/\/yoast.com\/product\/yoast-seo-wordpress\/ -->\n<title>4-1. Agitation tank - Hengxing Machinery<\/title>\n<meta name=\"robots\" content=\"index, follow, max-snippet:-1, max-image-preview:large, max-video-preview:-1\" \/>\n<link rel=\"canonical\" href=\"https:\/\/hengxingmachinery.com\/es\/agitation-tank\/\" \/>\n<meta property=\"og:locale\" content=\"es_ES\" \/>\n<meta property=\"og:type\" content=\"article\" \/>\n<meta property=\"og:title\" content=\"4-1. Agitation tank - Hengxing Machinery\" \/>\n<meta property=\"og:description\" content=\"Agitation tank Introduction of agitation tank The high-frequency screen is also called the grading screen. The screening machine is composed of a vibration exciter, slurry distributor, screen frame, frame, suspension spring and screen mesh. The screening machine has high efficiency, small amplitude and high screening frequency. Different from the principle of ordinary screening equipment, because ... Leer m\u00e1s\" \/>\n<meta property=\"og:url\" content=\"https:\/\/hengxingmachinery.com\/es\/agitation-tank\/\" \/>\n<meta property=\"og:site_name\" content=\"Hengxing Machinery\" \/>\n<meta property=\"article:modified_time\" content=\"2025-03-21T08:52:30+00:00\" \/>\n<meta property=\"og:image\" content=\"https:\/\/hengxingmachinery.com\/wp-content\/uploads\/2025\/03\/agitation-tank-for-sale.jpg\" \/>\n<meta name=\"twitter:card\" content=\"summary_large_image\" \/>\n<meta name=\"twitter:label1\" content=\"Tiempo de lectura\" \/>\n\t<meta name=\"twitter:data1\" content=\"3 minutos\" \/>\n<script type=\"application\/ld+json\" class=\"yoast-schema-graph\">{\"@context\":\"https:\\\/\\\/schema.org\",\"@graph\":[{\"@type\":\"WebPage\",\"@id\":\"https:\\\/\\\/hengxingmachinery.com\\\/agitation-tank\\\/\",\"url\":\"https:\\\/\\\/hengxingmachinery.com\\\/agitation-tank\\\/\",\"name\":\"4-1. Agitation tank - Hengxing Machinery\",\"isPartOf\":{\"@id\":\"https:\\\/\\\/hengxingmachinery.com\\\/#website\"},\"primaryImageOfPage\":{\"@id\":\"https:\\\/\\\/hengxingmachinery.com\\\/agitation-tank\\\/#primaryimage\"},\"image\":{\"@id\":\"https:\\\/\\\/hengxingmachinery.com\\\/agitation-tank\\\/#primaryimage\"},\"thumbnailUrl\":\"https:\\\/\\\/hengxingmachinery.com\\\/wp-content\\\/uploads\\\/2025\\\/03\\\/agitation-tank-for-sale.jpg\",\"datePublished\":\"2025-03-21T08:44:55+00:00\",\"dateModified\":\"2025-03-21T08:52:30+00:00\",\"breadcrumb\":{\"@id\":\"https:\\\/\\\/hengxingmachinery.com\\\/agitation-tank\\\/#breadcrumb\"},\"inLanguage\":\"es\",\"potentialAction\":[{\"@type\":\"ReadAction\",\"target\":[\"https:\\\/\\\/hengxingmachinery.com\\\/agitation-tank\\\/\"]}]},{\"@type\":\"ImageObject\",\"inLanguage\":\"es\",\"@id\":\"https:\\\/\\\/hengxingmachinery.com\\\/agitation-tank\\\/#primaryimage\",\"url\":\"https:\\\/\\\/hengxingmachinery.com\\\/wp-content\\\/uploads\\\/2025\\\/03\\\/agitation-tank-for-sale.jpg\",\"contentUrl\":\"https:\\\/\\\/hengxingmachinery.com\\\/wp-content\\\/uploads\\\/2025\\\/03\\\/agitation-tank-for-sale.jpg\"},{\"@type\":\"BreadcrumbList\",\"@id\":\"https:\\\/\\\/hengxingmachinery.com\\\/agitation-tank\\\/#breadcrumb\",\"itemListElement\":[{\"@type\":\"ListItem\",\"position\":1,\"name\":\"Home\",\"item\":\"https:\\\/\\\/hengxingmachinery.com\\\/\"},{\"@type\":\"ListItem\",\"position\":2,\"name\":\"4-1. Agitation tank\"}]},{\"@type\":\"WebSite\",\"@id\":\"https:\\\/\\\/hengxingmachinery.com\\\/#website\",\"url\":\"https:\\\/\\\/hengxingmachinery.com\\\/\",\"name\":\"Hengxing Machinery\",\"description\":\"Leading Manufacturer of All Sorts of Mining Machinery\",\"publisher\":{\"@id\":\"https:\\\/\\\/hengxingmachinery.com\\\/#organization\"},\"potentialAction\":[{\"@type\":\"SearchAction\",\"target\":{\"@type\":\"EntryPoint\",\"urlTemplate\":\"https:\\\/\\\/hengxingmachinery.com\\\/?s={search_term_string}\"},\"query-input\":{\"@type\":\"PropertyValueSpecification\",\"valueRequired\":true,\"valueName\":\"search_term_string\"}}],\"inLanguage\":\"es\"},{\"@type\":\"Organization\",\"@id\":\"https:\\\/\\\/hengxingmachinery.com\\\/#organization\",\"name\":\"Hengxing Machinery\",\"url\":\"https:\\\/\\\/hengxingmachinery.com\\\/\",\"logo\":{\"@type\":\"ImageObject\",\"inLanguage\":\"es\",\"@id\":\"https:\\\/\\\/hengxingmachinery.com\\\/#\\\/schema\\\/logo\\\/image\\\/\",\"url\":\"https:\\\/\\\/hengxingmachinery.com\\\/wp-content\\\/uploads\\\/2024\\\/12\\\/logo.png\",\"contentUrl\":\"https:\\\/\\\/hengxingmachinery.com\\\/wp-content\\\/uploads\\\/2024\\\/12\\\/logo.png\",\"width\":400,\"height\":260,\"caption\":\"Hengxing Machinery\"},\"image\":{\"@id\":\"https:\\\/\\\/hengxingmachinery.com\\\/#\\\/schema\\\/logo\\\/image\\\/\"}}]}<\/script>\n<!-- \/ Yoast SEO plugin. -->","yoast_head_json":{"title":"4-1. Tanque de agitaci\u00f3n - Maquinaria Hengxing","robots":{"index":"index","follow":"follow","max-snippet":"max-snippet:-1","max-image-preview":"max-image-preview:large","max-video-preview":"max-video-preview:-1"},"canonical":"https:\/\/hengxingmachinery.com\/es\/agitation-tank\/","og_locale":"es_ES","og_type":"article","og_title":"4-1. Agitation tank - Hengxing Machinery","og_description":"Agitation tank Introduction of agitation tank The high-frequency screen is also called the grading screen. The screening machine is composed of a vibration exciter, slurry distributor, screen frame, frame, suspension spring and screen mesh. The screening machine has high efficiency, small amplitude and high screening frequency. Different from the principle of ordinary screening equipment, because ... Leer m\u00e1s","og_url":"https:\/\/hengxingmachinery.com\/es\/agitation-tank\/","og_site_name":"Hengxing Machinery","article_modified_time":"2025-03-21T08:52:30+00:00","og_image":[{"url":"https:\/\/hengxingmachinery.com\/wp-content\/uploads\/2025\/03\/agitation-tank-for-sale.jpg","type":"","width":"","height":""}],"twitter_card":"summary_large_image","twitter_misc":{"Tiempo de lectura":"3 minutos"},"schema":{"@context":"https:\/\/schema.org","@graph":[{"@type":"WebPage","@id":"https:\/\/hengxingmachinery.com\/agitation-tank\/","url":"https:\/\/hengxingmachinery.com\/agitation-tank\/","name":"4-1. Tanque de agitaci\u00f3n - Maquinaria Hengxing","isPartOf":{"@id":"https:\/\/hengxingmachinery.com\/#website"},"primaryImageOfPage":{"@id":"https:\/\/hengxingmachinery.com\/agitation-tank\/#primaryimage"},"image":{"@id":"https:\/\/hengxingmachinery.com\/agitation-tank\/#primaryimage"},"thumbnailUrl":"https:\/\/hengxingmachinery.com\/wp-content\/uploads\/2025\/03\/agitation-tank-for-sale.jpg","datePublished":"2025-03-21T08:44:55+00:00","dateModified":"2025-03-21T08:52:30+00:00","breadcrumb":{"@id":"https:\/\/hengxingmachinery.com\/agitation-tank\/#breadcrumb"},"inLanguage":"es","potentialAction":[{"@type":"ReadAction","target":["https:\/\/hengxingmachinery.com\/agitation-tank\/"]}]},{"@type":"ImageObject","inLanguage":"es","@id":"https:\/\/hengxingmachinery.com\/agitation-tank\/#primaryimage","url":"https:\/\/hengxingmachinery.com\/wp-content\/uploads\/2025\/03\/agitation-tank-for-sale.jpg","contentUrl":"https:\/\/hengxingmachinery.com\/wp-content\/uploads\/2025\/03\/agitation-tank-for-sale.jpg"},{"@type":"BreadcrumbList","@id":"https:\/\/hengxingmachinery.com\/agitation-tank\/#breadcrumb","itemListElement":[{"@type":"ListItem","position":1,"name":"Home","item":"https:\/\/hengxingmachinery.com\/"},{"@type":"ListItem","position":2,"name":"4-1. Agitation tank"}]},{"@type":"WebSite","@id":"https:\/\/hengxingmachinery.com\/#website","url":"https:\/\/hengxingmachinery.com\/","name":"Maquinaria Hengxing","description":"Fabricante l\u00edder de todo tipo de maquinaria minera","publisher":{"@id":"https:\/\/hengxingmachinery.com\/#organization"},"potentialAction":[{"@type":"SearchAction","target":{"@type":"EntryPoint","urlTemplate":"https:\/\/hengxingmachinery.com\/?s={search_term_string}"},"query-input":{"@type":"PropertyValueSpecification","valueRequired":true,"valueName":"search_term_string"}}],"inLanguage":"es"},{"@type":"Organization","@id":"https:\/\/hengxingmachinery.com\/#organization","name":"Maquinaria Hengxing","url":"https:\/\/hengxingmachinery.com\/","logo":{"@type":"ImageObject","inLanguage":"es","@id":"https:\/\/hengxingmachinery.com\/#\/schema\/logo\/image\/","url":"https:\/\/hengxingmachinery.com\/wp-content\/uploads\/2024\/12\/logo.png","contentUrl":"https:\/\/hengxingmachinery.com\/wp-content\/uploads\/2024\/12\/logo.png","width":400,"height":260,"caption":"Hengxing Machinery"},"image":{"@id":"https:\/\/hengxingmachinery.com\/#\/schema\/logo\/image\/"}}]}},"_links":{"self":[{"href":"https:\/\/hengxingmachinery.com\/es\/wp-json\/wp\/v2\/pages\/2533","targetHints":{"allow":["GET"]}}],"collection":[{"href":"https:\/\/hengxingmachinery.com\/es\/wp-json\/wp\/v2\/pages"}],"about":[{"href":"https:\/\/hengxingmachinery.com\/es\/wp-json\/wp\/v2\/types\/page"}],"author":[{"embeddable":true,"href":"https:\/\/hengxingmachinery.com\/es\/wp-json\/wp\/v2\/users\/1"}],"replies":[{"embeddable":true,"href":"https:\/\/hengxingmachinery.com\/es\/wp-json\/wp\/v2\/comments?post=2533"}],"version-history":[{"count":4,"href":"https:\/\/hengxingmachinery.com\/es\/wp-json\/wp\/v2\/pages\/2533\/revisions"}],"predecessor-version":[{"id":2583,"href":"https:\/\/hengxingmachinery.com\/es\/wp-json\/wp\/v2\/pages\/2533\/revisions\/2583"}],"wp:attachment":[{"href":"https:\/\/hengxingmachinery.com\/es\/wp-json\/wp\/v2\/media?parent=2533"}],"curies":[{"name":"wp","href":"https:\/\/api.w.org\/{rel}","templated":true}]}}