{"id":2534,"date":"2025-03-21T08:46:55","date_gmt":"2025-03-21T08:46:55","guid":{"rendered":"https:\/\/hengxingmachinery.com\/?page_id=2534"},"modified":"2025-03-21T08:46:56","modified_gmt":"2025-03-21T08:46:56","slug":"spiral-chute","status":"publish","type":"page","link":"https:\/\/hengxingmachinery.com\/es\/spiral-chute\/","title":{"rendered":"4-1. Canaleta en espiral"},"content":{"rendered":"<div class=\"gb-container gb-container-45165f5a\">\n<div class=\"gb-container gb-container-c2652eb4\">\n\n<h1 class=\"gb-headline gb-headline-62a8b2cc gb-headline-text\">Canal\u00f3n espiral<\/h1>\n\n<\/div>\n<\/div>\n\n<div class=\"gb-container gb-container-519cf624\">\n<div class=\"gb-container gb-container-71ca071e\">\n<div class=\"gb-grid-wrapper gb-grid-wrapper-8a5f0688\">\n<div class=\"gb-grid-column gb-grid-column-1e99b1c2\"><div class=\"gb-container gb-container-1e99b1c2\">\n\n<figure class=\"gb-block-image gb-block-image-e4eaba54\"><img decoding=\"async\" width=\"665\" height=\"545\" class=\"gb-image gb-image-e4eaba54\" src=\"https:\/\/hengxingmachinery.com\/wp-content\/uploads\/2025\/03\/spiral-chute-machine.jpg\" alt=\"\" title=\"m\u00e1quina de canal espiral\" srcset=\"https:\/\/hengxingmachinery.com\/wp-content\/uploads\/2025\/03\/spiral-chute-machine.jpg 665w, https:\/\/hengxingmachinery.com\/wp-content\/uploads\/2025\/03\/spiral-chute-machine-300x246.jpg 300w, https:\/\/hengxingmachinery.com\/wp-content\/uploads\/2025\/03\/spiral-chute-machine-15x12.jpg 15w\" sizes=\"(max-width: 665px) 100vw, 665px\" \/><\/figure>\n\n<\/div><\/div>\n\n<div class=\"gb-grid-column gb-grid-column-bcae065b\"><div class=\"gb-container gb-container-bcae065b\">\n\n<p>Un canal espiral es el mejor equipo de concentraci\u00f3n, especialmente para concentrar mineral de arena en la costa y riberas. Est\u00e1 fabricado en fibra de vidrio revestida con poliuretano resistente al desgaste y cubierta de corind\u00f3n. <\/p>\n\n\n\n<p>Sus ventajas son: ligero, impermeable, anti\u00f3xido, resistente a la corrosi\u00f3n y sin ruido, adecuado para diferentes tama\u00f1os de part\u00edcula y grados de alimentaci\u00f3n. La m\u00e1quina separadora es una m\u00e1quina de separaci\u00f3n por gravedad de tipo espiral. <\/p>\n\n\n\n<p>La pulpa genera fuerza centr\u00edfuga por inercia en el movimiento rotatorio y, con la ayuda de la gravedad al mismo tiempo, promueve la zonificaci\u00f3n de minerales ligeros y pesados en el canal espiral, y su descarga continua respectiva.<\/p>\n\n\n\n<p><strong><mark style=\"background-color:rgba(0, 0, 0, 0)\" class=\"has-inline-color has-global-color-8-color\"><strong>Tama\u00f1o de Alimentaci\u00f3n (mm)<\/strong>:<\/mark><\/strong> 0.02-0.4<\/p>\n\n\n\n<p><strong><mark style=\"background-color:rgba(0, 0, 0, 0)\" class=\"has-inline-color has-global-color-8-color\">Capacidad de producci\u00f3n:<\/mark><\/strong> 0.2-10 t\/h<\/p>\n\n\n<div class=\"gb-container gb-container-256e15f1\">\n\n<a class=\"gb-button gb-button-e8b73d89 gb-button-text\" href=\"#popmake-622\">Obtener presupuesto gratuito<\/a>\n\n<\/div>\n<\/div><\/div>\n<\/div>\n<\/div>\n<\/div>\n\n<div class=\"gb-container gb-container-aee62d46\">\n<div class=\"gb-container gb-container-95f2b668\">\n\n<h2 class=\"gb-headline gb-headline-c2d9453e gb-headline-text\">Caracter\u00edsticas del canal espiral<\/h2>\n\n\n\n<figure class=\"gb-block-image gb-block-image-10dae308\"><img decoding=\"async\" width=\"800\" height=\"500\" class=\"gb-image gb-image-10dae308\" src=\"https:\/\/hengxingmachinery.com\/wp-content\/uploads\/2025\/03\/spiral-chute-for-sale.jpg\" alt=\"\" title=\"canal espiral en venta\" srcset=\"https:\/\/hengxingmachinery.com\/wp-content\/uploads\/2025\/03\/spiral-chute-for-sale.jpg 800w, https:\/\/hengxingmachinery.com\/wp-content\/uploads\/2025\/03\/spiral-chute-for-sale-300x188.jpg 300w, https:\/\/hengxingmachinery.com\/wp-content\/uploads\/2025\/03\/spiral-chute-for-sale-768x480.jpg 768w, https:\/\/hengxingmachinery.com\/wp-content\/uploads\/2025\/03\/spiral-chute-for-sale-18x12.jpg 18w\" sizes=\"(max-width: 800px) 100vw, 800px\" \/><\/figure>\n\n\n\n<p><\/p>\n\n\n\n<p>1. Estructura razonable y peque\u00f1a \u00e1rea de ocupaci\u00f3n.<\/p>\n\n\n\n<p>2. Alta recuperaci\u00f3n, alta eficiencia y separaci\u00f3n precisa.<\/p>\n\n\n\n<p>3. No requiere energ\u00eda el\u00e9ctrica.<\/p>\n\n\n\n<p>4. Ligero, anticorrosivo, anti\u00f3xido y resistente al desgaste.<\/p>\n\n\n\n<p>5. Instalaci\u00f3n sencilla y requisitos de mantenimiento m\u00ednimos.<\/p>\n\n\n\n<p>6. Bajo costo operativo y larga vida \u00fatil.<\/p>\n\n\n\n<p>7. Funcionamiento confiable con m\u00ednima atenci\u00f3n del operador.<\/p>\n\n\n\n<p>8. Fuerte adaptabilidad a las fluctuaciones en la cantidad, densidad, tama\u00f1o y grado de alimentaci\u00f3n.<\/p>\n\n\n\n<p>9. La superficie de corind\u00f3n genera una fuerte fricci\u00f3n; el efecto de concentraci\u00f3n supera al de las superficies pl\u00e1sticas.<\/p>\n\n\n<div class=\"gb-container gb-container-6884c2cc\">\n\n<a class=\"gb-button gb-button-70583696 gb-button-text\" href=\"#popmake-622\">Obtener presupuesto gratuito<\/a>\n\n<\/div>\n<\/div>\n<\/div>\n\n<div class=\"gb-container gb-container-ebd718b6\">\n<div class=\"gb-container gb-container-5c75b960\">\n\n<h2 class=\"gb-headline gb-headline-98859344 gb-headline-text\">Principio de funcionamiento del canal espiral<\/h2>\n\n\n\n<p>Eleve el canal espiral y f\u00edjelo en la posici\u00f3n adecuada, la bomba de arena transporta el mineral a la entrada de alimentaci\u00f3n, a\u00f1adiendo agua para ajustar la concentraci\u00f3n de la pulpa. La pulpa gira naturalmente de alta a baja y genera una fuerza centr\u00edfuga inercial en el flujo rotatorio inclinado. El mineral se separa de la arena por la gravedad y la fuerza centr\u00edfuga del remolino, seg\u00fan la diferencia en gravedad espec\u00edfica, tama\u00f1o de grano y forma del mineral. El concentrado fluye al cubo de concentrado y se conecta mediante tuber\u00eda. La arena de cola fluye al cubo de arenas de relave y se conecta al dep\u00f3sito de arena mediante tuber\u00eda, para luego ser drenada por la bomba de arena, completando as\u00ed todo el proceso de beneficio.<\/p>\n\n\n<div class=\"gb-container gb-container-d6bbf16a\">\n\n<a class=\"gb-button gb-button-caa3f2bc gb-button-text\" href=\"#popmake-622\">Obtener presupuesto gratuito<\/a>\n\n<\/div>\n<\/div>\n<\/div>\n\n<div class=\"gb-container gb-container-435ad261\">\n<div class=\"gb-container gb-container-7dc79cc4\">\n\n<h2 class=\"gb-headline gb-headline-6fe5dee2 gb-headline-text\">Especificaciones del canal espiral<\/h2>\n\n\n\n<figure class=\"wp-block-table is-style-stripes\"><table class=\"has-fixed-layout\"><tbody><tr><td><strong>Modelo<\/strong><\/td><td><strong>5LL-400<\/strong><\/td><td><strong>5LL-600<\/strong><\/td><td><strong>5LL-900<\/strong><\/td><td><strong>5LL-1200<\/strong><\/td><td><strong>5LL-1500<\/strong><\/td><td><strong>5LL-2000<\/strong><\/td><td><\/td><\/tr><tr><td><strong>Di\u00e1metro del Espiral (mm)<\/strong><\/td><td>400<\/td><td>600<\/td><td>900<\/td><td>1200<\/td><td>1500<\/td><td>2000<\/td><td><\/td><\/tr><tr><td><strong>Paso del tornillo (mm)<\/strong><\/td><td>240\/180<\/td><td>450\/360<\/td><td>40405<\/td><td>720\/540<\/td><td>900<\/td><td>1200<\/td><td><\/td><\/tr><tr><td><strong>Tasa de Di\u00e1metro<\/strong><\/td><td>0.45<\/td><td>0.4<\/td><td>0.4\/0.6<\/td><td>0.6<\/td><td>0.6<\/td><td>0.6<\/td><td><\/td><\/tr><tr><td><strong>Gradiente (\u00b0)<\/strong><\/td><td>9<\/td><td>9<\/td><td>9<\/td><td>9<\/td><td>9<\/td><td>9<\/td><td><\/td><\/tr><tr><td><strong>N\u00fam. de Hilos<\/strong><\/td><td>1-2<\/td><td>1-2<\/td><td>2-3<\/td><td>2-4<\/td><td>2-4<\/td><td>2-4<\/td><td><\/td><\/tr><tr><td><strong>N\u00fam. de Vueltas<\/strong><\/td><td>5<\/td><td>5<\/td><td>5<\/td><td>5<\/td><td>5<\/td><td>4<\/td><td><\/td><\/tr><tr><td><strong>Tama\u00f1o de Alimentaci\u00f3n (mm)<\/strong><\/td><td>0.02-0.2<\/td><td>0.02-0.2<\/td><td>0.03-0.3<\/td><td>0.03-0.3<\/td><td>0.03-0.3<\/td><td>0.04-0.4<\/td><td><\/td><\/tr><tr><td><strong>Densidad de Alimentaci\u00f3n (%)<\/strong><\/td><td>25-55<\/td><td>25-55<\/td><td>25-55<\/td><td>25-55<\/td><td>25-55<\/td><td>30-35<\/td><td><\/td><\/tr><tr><td><strong>Capacidad (t\/h)<\/strong><\/td><td>0.2-0.5<\/td><td>0.8-1.2<\/td><td>2-3<\/td><td>4-6<\/td><td>6-8<\/td><td>7-10<\/td><td><\/td><\/tr><tr><td><strong>Tama\u00f1o de L\u00edmite<\/strong><strong>L*A*H (mm)<\/strong><strong><\/strong><\/td><td>460*460*1500<\/td><td>700*700*2600<\/td><td>1060*1060*4000<\/td><td>1360*1360*5230<\/td><td>1560*1560*5230<\/td><td>2120*2120*5230<\/td><td><\/td><\/tr><tr><td><strong>Peso (kg)<\/strong><\/td><td>50<\/td><td>150<\/td><td>400<\/td><td>600<\/td><td>800<\/td><td>900<\/td><\/tr><\/tbody><\/table><\/figure>\n\n\n<div class=\"gb-container gb-container-263d9700\">\n\n<a class=\"gb-button gb-button-a4cbb7be gb-button-text\" href=\"#popmake-622\">Obtener presupuesto gratuito<\/a>\n\n<\/div>\n<\/div>\n<\/div>","protected":false},"excerpt":{"rendered":"<p>Spiral chute Spiral chute features 1. Reasonable structure and small occupation area. 2. High recovery, high efficiency, and precise separation. 3. Non-required power. 4. Light in weight, anti-corrosion, rust and wear-resistant. 5. Simple installation and Minimal maintenance requirements. 6. Low operating cost and long working life. 7. Reliable running with minimal operator attention. 8. Strong &#8230; <\/p>\n<p class=\"read-more-container\"><a title=\"4-1. Canaleta en espiral\" class=\"read-more button\" href=\"https:\/\/hengxingmachinery.com\/es\/spiral-chute\/#more-2534\" aria-label=\"Leer m\u00e1s sobre 4-1. Spiral chute\">Leer m\u00e1s<\/a><\/p>","protected":false},"author":1,"featured_media":0,"parent":0,"menu_order":0,"comment_status":"closed","ping_status":"closed","template":"","meta":{"footnotes":""},"class_list":["post-2534","page","type-page","status-publish"],"yoast_head":"<!-- This site is optimized with the Yoast SEO plugin v27.4 - https:\/\/yoast.com\/product\/yoast-seo-wordpress\/ -->\n<title>4-1. Spiral chute - Hengxing Machinery<\/title>\n<meta name=\"robots\" content=\"index, follow, max-snippet:-1, max-image-preview:large, max-video-preview:-1\" \/>\n<link rel=\"canonical\" href=\"https:\/\/hengxingmachinery.com\/es\/spiral-chute\/\" \/>\n<meta property=\"og:locale\" content=\"es_ES\" \/>\n<meta property=\"og:type\" content=\"article\" \/>\n<meta property=\"og:title\" content=\"4-1. Spiral chute - Hengxing Machinery\" \/>\n<meta property=\"og:description\" content=\"Spiral chute Spiral chute features 1. Reasonable structure and small occupation area. 2. High recovery, high efficiency, and precise separation. 3. Non-required power. 4. Light in weight, anti-corrosion, rust and wear-resistant. 5. Simple installation and Minimal maintenance requirements. 6. Low operating cost and long working life. 7. Reliable running with minimal operator attention. 8. Strong ... Leer m\u00e1s\" \/>\n<meta property=\"og:url\" content=\"https:\/\/hengxingmachinery.com\/es\/spiral-chute\/\" \/>\n<meta property=\"og:site_name\" content=\"Hengxing Machinery\" \/>\n<meta property=\"article:modified_time\" content=\"2025-03-21T08:46:56+00:00\" \/>\n<meta property=\"og:image\" content=\"https:\/\/hengxingmachinery.com\/wp-content\/uploads\/2025\/03\/spiral-chute-machine.jpg\" \/>\n<meta name=\"twitter:card\" content=\"summary_large_image\" \/>\n<meta name=\"twitter:label1\" content=\"Tiempo de lectura\" \/>\n\t<meta name=\"twitter:data1\" content=\"3 minutos\" \/>\n<script type=\"application\/ld+json\" class=\"yoast-schema-graph\">{\"@context\":\"https:\\\/\\\/schema.org\",\"@graph\":[{\"@type\":\"WebPage\",\"@id\":\"https:\\\/\\\/hengxingmachinery.com\\\/spiral-chute\\\/\",\"url\":\"https:\\\/\\\/hengxingmachinery.com\\\/spiral-chute\\\/\",\"name\":\"4-1. Spiral chute - Hengxing Machinery\",\"isPartOf\":{\"@id\":\"https:\\\/\\\/hengxingmachinery.com\\\/#website\"},\"primaryImageOfPage\":{\"@id\":\"https:\\\/\\\/hengxingmachinery.com\\\/spiral-chute\\\/#primaryimage\"},\"image\":{\"@id\":\"https:\\\/\\\/hengxingmachinery.com\\\/spiral-chute\\\/#primaryimage\"},\"thumbnailUrl\":\"https:\\\/\\\/hengxingmachinery.com\\\/wp-content\\\/uploads\\\/2025\\\/03\\\/spiral-chute-machine.jpg\",\"datePublished\":\"2025-03-21T08:46:55+00:00\",\"dateModified\":\"2025-03-21T08:46:56+00:00\",\"breadcrumb\":{\"@id\":\"https:\\\/\\\/hengxingmachinery.com\\\/spiral-chute\\\/#breadcrumb\"},\"inLanguage\":\"es\",\"potentialAction\":[{\"@type\":\"ReadAction\",\"target\":[\"https:\\\/\\\/hengxingmachinery.com\\\/spiral-chute\\\/\"]}]},{\"@type\":\"ImageObject\",\"inLanguage\":\"es\",\"@id\":\"https:\\\/\\\/hengxingmachinery.com\\\/spiral-chute\\\/#primaryimage\",\"url\":\"https:\\\/\\\/hengxingmachinery.com\\\/wp-content\\\/uploads\\\/2025\\\/03\\\/spiral-chute-machine.jpg\",\"contentUrl\":\"https:\\\/\\\/hengxingmachinery.com\\\/wp-content\\\/uploads\\\/2025\\\/03\\\/spiral-chute-machine.jpg\"},{\"@type\":\"BreadcrumbList\",\"@id\":\"https:\\\/\\\/hengxingmachinery.com\\\/spiral-chute\\\/#breadcrumb\",\"itemListElement\":[{\"@type\":\"ListItem\",\"position\":1,\"name\":\"Home\",\"item\":\"https:\\\/\\\/hengxingmachinery.com\\\/\"},{\"@type\":\"ListItem\",\"position\":2,\"name\":\"4-1. Spiral chute\"}]},{\"@type\":\"WebSite\",\"@id\":\"https:\\\/\\\/hengxingmachinery.com\\\/#website\",\"url\":\"https:\\\/\\\/hengxingmachinery.com\\\/\",\"name\":\"Hengxing Machinery\",\"description\":\"Leading Manufacturer of All Sorts of Mining Machinery\",\"publisher\":{\"@id\":\"https:\\\/\\\/hengxingmachinery.com\\\/#organization\"},\"potentialAction\":[{\"@type\":\"SearchAction\",\"target\":{\"@type\":\"EntryPoint\",\"urlTemplate\":\"https:\\\/\\\/hengxingmachinery.com\\\/?s={search_term_string}\"},\"query-input\":{\"@type\":\"PropertyValueSpecification\",\"valueRequired\":true,\"valueName\":\"search_term_string\"}}],\"inLanguage\":\"es\"},{\"@type\":\"Organization\",\"@id\":\"https:\\\/\\\/hengxingmachinery.com\\\/#organization\",\"name\":\"Hengxing Machinery\",\"url\":\"https:\\\/\\\/hengxingmachinery.com\\\/\",\"logo\":{\"@type\":\"ImageObject\",\"inLanguage\":\"es\",\"@id\":\"https:\\\/\\\/hengxingmachinery.com\\\/#\\\/schema\\\/logo\\\/image\\\/\",\"url\":\"https:\\\/\\\/hengxingmachinery.com\\\/wp-content\\\/uploads\\\/2024\\\/12\\\/logo.png\",\"contentUrl\":\"https:\\\/\\\/hengxingmachinery.com\\\/wp-content\\\/uploads\\\/2024\\\/12\\\/logo.png\",\"width\":400,\"height\":260,\"caption\":\"Hengxing Machinery\"},\"image\":{\"@id\":\"https:\\\/\\\/hengxingmachinery.com\\\/#\\\/schema\\\/logo\\\/image\\\/\"}}]}<\/script>\n<!-- \/ Yoast SEO plugin. -->","yoast_head_json":{"title":"4-1. Canaleta espiral - Maquinaria Hengxing","robots":{"index":"index","follow":"follow","max-snippet":"max-snippet:-1","max-image-preview":"max-image-preview:large","max-video-preview":"max-video-preview:-1"},"canonical":"https:\/\/hengxingmachinery.com\/es\/spiral-chute\/","og_locale":"es_ES","og_type":"article","og_title":"4-1. Spiral chute - Hengxing Machinery","og_description":"Spiral chute Spiral chute features 1. Reasonable structure and small occupation area. 2. High recovery, high efficiency, and precise separation. 3. Non-required power. 4. Light in weight, anti-corrosion, rust and wear-resistant. 5. Simple installation and Minimal maintenance requirements. 6. Low operating cost and long working life. 7. Reliable running with minimal operator attention. 8. Strong ... Leer m\u00e1s","og_url":"https:\/\/hengxingmachinery.com\/es\/spiral-chute\/","og_site_name":"Hengxing Machinery","article_modified_time":"2025-03-21T08:46:56+00:00","og_image":[{"url":"https:\/\/hengxingmachinery.com\/wp-content\/uploads\/2025\/03\/spiral-chute-machine.jpg","type":"","width":"","height":""}],"twitter_card":"summary_large_image","twitter_misc":{"Tiempo de lectura":"3 minutos"},"schema":{"@context":"https:\/\/schema.org","@graph":[{"@type":"WebPage","@id":"https:\/\/hengxingmachinery.com\/spiral-chute\/","url":"https:\/\/hengxingmachinery.com\/spiral-chute\/","name":"4-1. Canaleta espiral - Maquinaria Hengxing","isPartOf":{"@id":"https:\/\/hengxingmachinery.com\/#website"},"primaryImageOfPage":{"@id":"https:\/\/hengxingmachinery.com\/spiral-chute\/#primaryimage"},"image":{"@id":"https:\/\/hengxingmachinery.com\/spiral-chute\/#primaryimage"},"thumbnailUrl":"https:\/\/hengxingmachinery.com\/wp-content\/uploads\/2025\/03\/spiral-chute-machine.jpg","datePublished":"2025-03-21T08:46:55+00:00","dateModified":"2025-03-21T08:46:56+00:00","breadcrumb":{"@id":"https:\/\/hengxingmachinery.com\/spiral-chute\/#breadcrumb"},"inLanguage":"es","potentialAction":[{"@type":"ReadAction","target":["https:\/\/hengxingmachinery.com\/spiral-chute\/"]}]},{"@type":"ImageObject","inLanguage":"es","@id":"https:\/\/hengxingmachinery.com\/spiral-chute\/#primaryimage","url":"https:\/\/hengxingmachinery.com\/wp-content\/uploads\/2025\/03\/spiral-chute-machine.jpg","contentUrl":"https:\/\/hengxingmachinery.com\/wp-content\/uploads\/2025\/03\/spiral-chute-machine.jpg"},{"@type":"BreadcrumbList","@id":"https:\/\/hengxingmachinery.com\/spiral-chute\/#breadcrumb","itemListElement":[{"@type":"ListItem","position":1,"name":"Home","item":"https:\/\/hengxingmachinery.com\/"},{"@type":"ListItem","position":2,"name":"4-1. Spiral chute"}]},{"@type":"WebSite","@id":"https:\/\/hengxingmachinery.com\/#website","url":"https:\/\/hengxingmachinery.com\/","name":"Maquinaria Hengxing","description":"Fabricante l\u00edder de todo tipo de maquinaria minera","publisher":{"@id":"https:\/\/hengxingmachinery.com\/#organization"},"potentialAction":[{"@type":"SearchAction","target":{"@type":"EntryPoint","urlTemplate":"https:\/\/hengxingmachinery.com\/?s={search_term_string}"},"query-input":{"@type":"PropertyValueSpecification","valueRequired":true,"valueName":"search_term_string"}}],"inLanguage":"es"},{"@type":"Organization","@id":"https:\/\/hengxingmachinery.com\/#organization","name":"Maquinaria Hengxing","url":"https:\/\/hengxingmachinery.com\/","logo":{"@type":"ImageObject","inLanguage":"es","@id":"https:\/\/hengxingmachinery.com\/#\/schema\/logo\/image\/","url":"https:\/\/hengxingmachinery.com\/wp-content\/uploads\/2024\/12\/logo.png","contentUrl":"https:\/\/hengxingmachinery.com\/wp-content\/uploads\/2024\/12\/logo.png","width":400,"height":260,"caption":"Hengxing Machinery"},"image":{"@id":"https:\/\/hengxingmachinery.com\/#\/schema\/logo\/image\/"}}]}},"_links":{"self":[{"href":"https:\/\/hengxingmachinery.com\/es\/wp-json\/wp\/v2\/pages\/2534","targetHints":{"allow":["GET"]}}],"collection":[{"href":"https:\/\/hengxingmachinery.com\/es\/wp-json\/wp\/v2\/pages"}],"about":[{"href":"https:\/\/hengxingmachinery.com\/es\/wp-json\/wp\/v2\/types\/page"}],"author":[{"embeddable":true,"href":"https:\/\/hengxingmachinery.com\/es\/wp-json\/wp\/v2\/users\/1"}],"replies":[{"embeddable":true,"href":"https:\/\/hengxingmachinery.com\/es\/wp-json\/wp\/v2\/comments?post=2534"}],"version-history":[{"count":5,"href":"https:\/\/hengxingmachinery.com\/es\/wp-json\/wp\/v2\/pages\/2534\/revisions"}],"predecessor-version":[{"id":2576,"href":"https:\/\/hengxingmachinery.com\/es\/wp-json\/wp\/v2\/pages\/2534\/revisions\/2576"}],"wp:attachment":[{"href":"https:\/\/hengxingmachinery.com\/es\/wp-json\/wp\/v2\/media?parent=2534"}],"curies":[{"name":"wp","href":"https:\/\/api.w.org\/{rel}","templated":true}]}}