{"id":2538,"date":"2025-03-21T08:50:19","date_gmt":"2025-03-21T08:50:19","guid":{"rendered":"https:\/\/hengxingmachinery.com\/?page_id=2538"},"modified":"2025-03-21T08:56:23","modified_gmt":"2025-03-21T08:56:23","slug":"shaking-tables","status":"publish","type":"page","link":"https:\/\/hengxingmachinery.com\/es\/shaking-tables\/","title":{"rendered":"4-1. Mesa vibratoria"},"content":{"rendered":"<div class=\"gb-container gb-container-45165f5a\">\n<div class=\"gb-container gb-container-c2652eb4\">\n\n<h1 class=\"gb-headline gb-headline-62a8b2cc gb-headline-text\">Mesa vibratoria<\/h1>\n\n<\/div>\n<\/div>\n\n<div class=\"gb-container gb-container-519cf624\">\n<div class=\"gb-container gb-container-71ca071e\">\n<div class=\"gb-grid-wrapper gb-grid-wrapper-8a5f0688\">\n<div class=\"gb-grid-column gb-grid-column-1e99b1c2\"><div class=\"gb-container gb-container-1e99b1c2\">\n\n<figure class=\"gb-block-image gb-block-image-e4eaba54\"><img decoding=\"async\" width=\"665\" height=\"545\" class=\"gb-image gb-image-e4eaba54\" src=\"https:\/\/hengxingmachinery.com\/wp-content\/uploads\/2025\/03\/shaking-table-for-sale.jpg\" alt=\"\" title=\"mesa vibratoria en venta\" srcset=\"https:\/\/hengxingmachinery.com\/wp-content\/uploads\/2025\/03\/shaking-table-for-sale.jpg 665w, https:\/\/hengxingmachinery.com\/wp-content\/uploads\/2025\/03\/shaking-table-for-sale-300x246.jpg 300w, https:\/\/hengxingmachinery.com\/wp-content\/uploads\/2025\/03\/shaking-table-for-sale-15x12.jpg 15w\" sizes=\"(max-width: 665px) 100vw, 665px\" \/><\/figure>\n\n<\/div><\/div>\n\n<div class=\"gb-grid-column gb-grid-column-bcae065b\"><div class=\"gb-container gb-container-bcae065b\">\n\n<p><\/p>\n\n\n\n<p>La mesa vibratoria es uno de los principales equipos de concentraci\u00f3n por gravedad. Se aplica ampliamente no solo para separar tungsteno, esta\u00f1o, tantalio-niobio y otros metales raros, sino tambi\u00e9n para minerales de metales preciosos. <\/p>\n\n\n\n<p>Tambi\u00e9n se utiliza ampliamente en la separaci\u00f3n de oro, plata, esta\u00f1o, columbio, tantalio, titanio, bario, tungsteno, hierro, cromo, manganeso, circonio, plomo, zinc, mercurio, cobre, aluminio, etc. El alcance efectivo de granulometr\u00eda recuperable de la mesa vibratoria es de 2 a 0,22 mil\u00edmetros.<\/p>\n\n\n<div class=\"gb-container gb-container-256e15f1\">\n\n<a class=\"gb-button gb-button-e8b73d89 gb-button-text\" href=\"#popmake-622\">Obtener presupuesto gratuito<\/a>\n\n<\/div>\n<\/div><\/div>\n<\/div>\n<\/div>\n<\/div>\n\n<div class=\"gb-container gb-container-c0200787\">\n<div class=\"gb-container gb-container-1d97c93d\">\n\n<h2 class=\"gb-headline gb-headline-3d5fa577 gb-headline-text\">Dise\u00f1os de mesa vibratoria<\/h2>\n\n\n\n<figure class=\"gb-block-image gb-block-image-230c53d3\"><img decoding=\"async\" width=\"800\" height=\"500\" class=\"gb-image gb-image-230c53d3\" src=\"https:\/\/hengxingmachinery.com\/wp-content\/uploads\/2025\/03\/shaking-table-supplier.jpg\" alt=\"\" title=\"proveedor de mesa vibratoria\" srcset=\"https:\/\/hengxingmachinery.com\/wp-content\/uploads\/2025\/03\/shaking-table-supplier.jpg 800w, https:\/\/hengxingmachinery.com\/wp-content\/uploads\/2025\/03\/shaking-table-supplier-300x188.jpg 300w, https:\/\/hengxingmachinery.com\/wp-content\/uploads\/2025\/03\/shaking-table-supplier-768x480.jpg 768w, https:\/\/hengxingmachinery.com\/wp-content\/uploads\/2025\/03\/shaking-table-supplier-18x12.jpg 18w\" sizes=\"(max-width: 800px) 100vw, 800px\" \/><\/figure>\n\n\n\n<p><\/p>\n\n\n\n<p><strong>La mesa vibratoria est\u00e1 disponible con tres dise\u00f1os diferentes de plataforma:<\/strong><\/p>\n\n\n\n<p>(1) La plataforma para mineral grueso est\u00e1 dise\u00f1ada para recuperar part\u00edculas de 0,5 mm a 2 mm;<\/p>\n\n\n\n<p>(2) La plataforma para arena fina est\u00e1 dise\u00f1ada para recuperar part\u00edculas finas en el rango de 0,074 mm a 0,5 mm;<\/p>\n\n\n\n<p>(3) La plataforma para lodos est\u00e1 dise\u00f1ada para recuperar part\u00edculas extremadamente finas en el rango de 0,05 mm a 0,074 mm.<\/p>\n\n\n<div class=\"gb-container gb-container-9eeb6cec\">\n\n<a class=\"gb-button gb-button-d1324b3c gb-button-text\" href=\"#popmake-622\">Obtener presupuesto gratuito<\/a>\n\n<\/div>\n<\/div>\n<\/div>\n\n<div class=\"gb-container gb-container-ebd718b6\">\n<div class=\"gb-container gb-container-5c75b960\">\n\n<h2 class=\"gb-headline gb-headline-98859344 gb-headline-text\">Principio de funcionamiento de la mesa vibratoria<\/h2>\n\n\n\n<p>El principio de funcionamiento de la mesa vibratoria consiste en utilizar la acci\u00f3n combinada de la diferencia de gravedad espec\u00edfica de los minerales clasificados, el movimiento alternativo de la superficie de la mesa, y el flujo de agua oblicuo transversal y las canaletas (o ranuras), para permitir la estratificaci\u00f3n suelta de los minerales en la superficie de la mesa y la zonificaci\u00f3n en forma de abanico. As\u00ed se pueden obtener diferentes productos.<\/p>\n\n\n<div class=\"gb-container gb-container-d6bbf16a\">\n\n<a class=\"gb-button gb-button-caa3f2bc gb-button-text\" href=\"#popmake-622\">Obtener presupuesto gratuito<\/a>\n\n<\/div>\n<\/div>\n<\/div>\n\n<div class=\"gb-container gb-container-435ad261\">\n<div class=\"gb-container gb-container-7dc79cc4\">\n\n<h2 class=\"gb-headline gb-headline-6fe5dee2 gb-headline-text\">Especificaciones de la mesa vibratoria<\/h2>\n\n\n\n<figure class=\"wp-block-table is-style-stripes\"><table class=\"has-fixed-layout\"><tbody><tr><td><strong>Modelo N\u00ba.<\/strong><\/td><td>6S<\/td><td>Tama\u00f1o de la mesa<\/td><td colspan=\"2\">4520*1850*156 mm<\/td><\/tr><tr><td><strong>Carrera<\/strong><\/td><td>8-36 mm<\/td><td>Potencia del Motor<\/td><td colspan=\"2\">1,1 kW<\/td><\/tr><tr><td><strong>Tiempo\/min<\/strong><\/td><td>240-380<\/td><td>Dimensi\u00f3n<\/td><td colspan=\"2\">5630*1850*900 mm<\/td><\/tr><tr><td><strong>Inclinaci\u00f3n lateral<\/strong><\/td><td>0-5\u00b0<\/td><td>Peso de la mesa<\/td><td colspan=\"2\">650 kg<\/td><\/tr><tr><td><strong>Material<\/strong><\/td><td>Tama\u00f1o de Alimentaci\u00f3n<\/td><td>Densidad del mineral<\/td><td>Agua de lavado<\/td><td>Capacidad (t\/h)<\/td><\/tr><tr><td><strong>Arena gruesa<\/strong><\/td><td>2-0,5 mm<\/td><td>10-30%<\/td><td>0,5-3,5 t\/h<\/td><td>1-2.5<\/td><\/tr><tr><td><strong>Arena fina<\/strong><\/td><td>0,5-0,074 mm<\/td><td>10-30%<\/td><td>0,5-3,5 t\/h<\/td><td>0.8-1.2<\/td><\/tr><tr><td><strong>Lodo mineral<\/strong><\/td><td>0,0774-0,037 mm<\/td><td>10-30%<\/td><td>0,5-3,5 t\/h<\/td><td>0.3-0.6<\/td><\/tr><\/tbody><\/table><\/figure>\n\n\n<div class=\"gb-container gb-container-263d9700\">\n\n<a class=\"gb-button gb-button-a4cbb7be gb-button-text\" href=\"#popmake-622\">Obtener presupuesto gratuito<\/a>\n\n<\/div>\n<\/div>\n<\/div>","protected":false},"excerpt":{"rendered":"<p>Mesa de sacudidas Dise\u00f1os de mesa de sacudidas La mesa de sacudidas cuenta con tres dise\u00f1os de plataforma diferentes disponibles: (1) La plataforma para mineral grueso est\u00e1 dise\u00f1ada para recuperar part\u00edculas de tama\u00f1o entre 0,5 mm y 2 mm; (2) La plataforma para arena fina est\u00e1 dise\u00f1ada para recuperar part\u00edculas finas en el rango de 0,074 mm a 0,5 mm; (3) La plataforma para lodos\u2026 <\/p>\n<p class=\"read-more-container\"><a title=\"4-1. Mesa vibratoria\" class=\"read-more button\" href=\"https:\/\/hengxingmachinery.com\/es\/shaking-tables\/#more-2538\" aria-label=\"Leer m\u00e1s sobre 4-1. Mesa de sacudidas\">Leer m\u00e1s<\/a><\/p>","protected":false},"author":1,"featured_media":0,"parent":0,"menu_order":0,"comment_status":"closed","ping_status":"closed","template":"","meta":{"footnotes":""},"class_list":["post-2538","page","type-page","status-publish"],"yoast_head":"<!-- This site is optimized with the Yoast SEO plugin v27.4 - https:\/\/yoast.com\/product\/yoast-seo-wordpress\/ -->\n<title>4-1. Shaking table - Hengxing Machinery<\/title>\n<meta name=\"robots\" content=\"index, follow, max-snippet:-1, max-image-preview:large, max-video-preview:-1\" \/>\n<link rel=\"canonical\" href=\"https:\/\/hengxingmachinery.com\/es\/shaking-tables\/\" \/>\n<meta property=\"og:locale\" content=\"es_ES\" \/>\n<meta property=\"og:type\" content=\"article\" \/>\n<meta property=\"og:title\" content=\"4-1. Shaking table - Hengxing Machinery\" \/>\n<meta property=\"og:description\" content=\"Shaking table Designs of shaking table Shaking table has three different deck designs available: (1) The course ore deck is designed for recovering particle sizes from 0.5 mm to 2 mm; (2) The fine sand deck is designed for recovering fine particles in the range of 0.074 mm to 0.5 mm; (3) The slime deck ... Leer m\u00e1s\" \/>\n<meta property=\"og:url\" content=\"https:\/\/hengxingmachinery.com\/es\/shaking-tables\/\" \/>\n<meta property=\"og:site_name\" content=\"Hengxing Machinery\" \/>\n<meta property=\"article:modified_time\" content=\"2025-03-21T08:56:23+00:00\" \/>\n<meta property=\"og:image\" content=\"https:\/\/hengxingmachinery.com\/wp-content\/uploads\/2025\/03\/shaking-table-for-sale.jpg\" \/>\n<meta name=\"twitter:card\" content=\"summary_large_image\" \/>\n<meta name=\"twitter:label1\" content=\"Tiempo de lectura\" \/>\n\t<meta name=\"twitter:data1\" content=\"2 minutos\" \/>\n<script type=\"application\/ld+json\" class=\"yoast-schema-graph\">{\"@context\":\"https:\\\/\\\/schema.org\",\"@graph\":[{\"@type\":\"WebPage\",\"@id\":\"https:\\\/\\\/hengxingmachinery.com\\\/shaking-tables\\\/\",\"url\":\"https:\\\/\\\/hengxingmachinery.com\\\/shaking-tables\\\/\",\"name\":\"4-1. Shaking table - Hengxing Machinery\",\"isPartOf\":{\"@id\":\"https:\\\/\\\/hengxingmachinery.com\\\/#website\"},\"primaryImageOfPage\":{\"@id\":\"https:\\\/\\\/hengxingmachinery.com\\\/shaking-tables\\\/#primaryimage\"},\"image\":{\"@id\":\"https:\\\/\\\/hengxingmachinery.com\\\/shaking-tables\\\/#primaryimage\"},\"thumbnailUrl\":\"https:\\\/\\\/hengxingmachinery.com\\\/wp-content\\\/uploads\\\/2025\\\/03\\\/shaking-table-for-sale.jpg\",\"datePublished\":\"2025-03-21T08:50:19+00:00\",\"dateModified\":\"2025-03-21T08:56:23+00:00\",\"breadcrumb\":{\"@id\":\"https:\\\/\\\/hengxingmachinery.com\\\/shaking-tables\\\/#breadcrumb\"},\"inLanguage\":\"es\",\"potentialAction\":[{\"@type\":\"ReadAction\",\"target\":[\"https:\\\/\\\/hengxingmachinery.com\\\/shaking-tables\\\/\"]}]},{\"@type\":\"ImageObject\",\"inLanguage\":\"es\",\"@id\":\"https:\\\/\\\/hengxingmachinery.com\\\/shaking-tables\\\/#primaryimage\",\"url\":\"https:\\\/\\\/hengxingmachinery.com\\\/wp-content\\\/uploads\\\/2025\\\/03\\\/shaking-table-for-sale.jpg\",\"contentUrl\":\"https:\\\/\\\/hengxingmachinery.com\\\/wp-content\\\/uploads\\\/2025\\\/03\\\/shaking-table-for-sale.jpg\"},{\"@type\":\"BreadcrumbList\",\"@id\":\"https:\\\/\\\/hengxingmachinery.com\\\/shaking-tables\\\/#breadcrumb\",\"itemListElement\":[{\"@type\":\"ListItem\",\"position\":1,\"name\":\"Home\",\"item\":\"https:\\\/\\\/hengxingmachinery.com\\\/\"},{\"@type\":\"ListItem\",\"position\":2,\"name\":\"4-1. Shaking table\"}]},{\"@type\":\"WebSite\",\"@id\":\"https:\\\/\\\/hengxingmachinery.com\\\/#website\",\"url\":\"https:\\\/\\\/hengxingmachinery.com\\\/\",\"name\":\"Hengxing Machinery\",\"description\":\"Leading Manufacturer of All Sorts of Mining Machinery\",\"publisher\":{\"@id\":\"https:\\\/\\\/hengxingmachinery.com\\\/#organization\"},\"potentialAction\":[{\"@type\":\"SearchAction\",\"target\":{\"@type\":\"EntryPoint\",\"urlTemplate\":\"https:\\\/\\\/hengxingmachinery.com\\\/?s={search_term_string}\"},\"query-input\":{\"@type\":\"PropertyValueSpecification\",\"valueRequired\":true,\"valueName\":\"search_term_string\"}}],\"inLanguage\":\"es\"},{\"@type\":\"Organization\",\"@id\":\"https:\\\/\\\/hengxingmachinery.com\\\/#organization\",\"name\":\"Hengxing Machinery\",\"url\":\"https:\\\/\\\/hengxingmachinery.com\\\/\",\"logo\":{\"@type\":\"ImageObject\",\"inLanguage\":\"es\",\"@id\":\"https:\\\/\\\/hengxingmachinery.com\\\/#\\\/schema\\\/logo\\\/image\\\/\",\"url\":\"https:\\\/\\\/hengxingmachinery.com\\\/wp-content\\\/uploads\\\/2024\\\/12\\\/logo.png\",\"contentUrl\":\"https:\\\/\\\/hengxingmachinery.com\\\/wp-content\\\/uploads\\\/2024\\\/12\\\/logo.png\",\"width\":400,\"height\":260,\"caption\":\"Hengxing Machinery\"},\"image\":{\"@id\":\"https:\\\/\\\/hengxingmachinery.com\\\/#\\\/schema\\\/logo\\\/image\\\/\"}}]}<\/script>\n<!-- \/ Yoast SEO plugin. -->","yoast_head_json":{"title":"4-1. Mesa vibratoria - Maquinaria Hengxing","robots":{"index":"index","follow":"follow","max-snippet":"max-snippet:-1","max-image-preview":"max-image-preview:large","max-video-preview":"max-video-preview:-1"},"canonical":"https:\/\/hengxingmachinery.com\/es\/shaking-tables\/","og_locale":"es_ES","og_type":"article","og_title":"4-1. Shaking table - Hengxing Machinery","og_description":"Shaking table Designs of shaking table Shaking table has three different deck designs available: (1) The course ore deck is designed for recovering particle sizes from 0.5 mm to 2 mm; (2) The fine sand deck is designed for recovering fine particles in the range of 0.074 mm to 0.5 mm; (3) The slime deck ... Leer m\u00e1s","og_url":"https:\/\/hengxingmachinery.com\/es\/shaking-tables\/","og_site_name":"Hengxing Machinery","article_modified_time":"2025-03-21T08:56:23+00:00","og_image":[{"url":"https:\/\/hengxingmachinery.com\/wp-content\/uploads\/2025\/03\/shaking-table-for-sale.jpg","type":"","width":"","height":""}],"twitter_card":"summary_large_image","twitter_misc":{"Tiempo de lectura":"2 minutos"},"schema":{"@context":"https:\/\/schema.org","@graph":[{"@type":"WebPage","@id":"https:\/\/hengxingmachinery.com\/shaking-tables\/","url":"https:\/\/hengxingmachinery.com\/shaking-tables\/","name":"4-1. Mesa vibratoria - Maquinaria Hengxing","isPartOf":{"@id":"https:\/\/hengxingmachinery.com\/#website"},"primaryImageOfPage":{"@id":"https:\/\/hengxingmachinery.com\/shaking-tables\/#primaryimage"},"image":{"@id":"https:\/\/hengxingmachinery.com\/shaking-tables\/#primaryimage"},"thumbnailUrl":"https:\/\/hengxingmachinery.com\/wp-content\/uploads\/2025\/03\/shaking-table-for-sale.jpg","datePublished":"2025-03-21T08:50:19+00:00","dateModified":"2025-03-21T08:56:23+00:00","breadcrumb":{"@id":"https:\/\/hengxingmachinery.com\/shaking-tables\/#breadcrumb"},"inLanguage":"es","potentialAction":[{"@type":"ReadAction","target":["https:\/\/hengxingmachinery.com\/shaking-tables\/"]}]},{"@type":"ImageObject","inLanguage":"es","@id":"https:\/\/hengxingmachinery.com\/shaking-tables\/#primaryimage","url":"https:\/\/hengxingmachinery.com\/wp-content\/uploads\/2025\/03\/shaking-table-for-sale.jpg","contentUrl":"https:\/\/hengxingmachinery.com\/wp-content\/uploads\/2025\/03\/shaking-table-for-sale.jpg"},{"@type":"BreadcrumbList","@id":"https:\/\/hengxingmachinery.com\/shaking-tables\/#breadcrumb","itemListElement":[{"@type":"ListItem","position":1,"name":"Home","item":"https:\/\/hengxingmachinery.com\/"},{"@type":"ListItem","position":2,"name":"4-1. Shaking table"}]},{"@type":"WebSite","@id":"https:\/\/hengxingmachinery.com\/#website","url":"https:\/\/hengxingmachinery.com\/","name":"Maquinaria Hengxing","description":"Fabricante l\u00edder de todo tipo de maquinaria minera","publisher":{"@id":"https:\/\/hengxingmachinery.com\/#organization"},"potentialAction":[{"@type":"SearchAction","target":{"@type":"EntryPoint","urlTemplate":"https:\/\/hengxingmachinery.com\/?s={search_term_string}"},"query-input":{"@type":"PropertyValueSpecification","valueRequired":true,"valueName":"search_term_string"}}],"inLanguage":"es"},{"@type":"Organization","@id":"https:\/\/hengxingmachinery.com\/#organization","name":"Maquinaria Hengxing","url":"https:\/\/hengxingmachinery.com\/","logo":{"@type":"ImageObject","inLanguage":"es","@id":"https:\/\/hengxingmachinery.com\/#\/schema\/logo\/image\/","url":"https:\/\/hengxingmachinery.com\/wp-content\/uploads\/2024\/12\/logo.png","contentUrl":"https:\/\/hengxingmachinery.com\/wp-content\/uploads\/2024\/12\/logo.png","width":400,"height":260,"caption":"Hengxing Machinery"},"image":{"@id":"https:\/\/hengxingmachinery.com\/#\/schema\/logo\/image\/"}}]}},"_links":{"self":[{"href":"https:\/\/hengxingmachinery.com\/es\/wp-json\/wp\/v2\/pages\/2538","targetHints":{"allow":["GET"]}}],"collection":[{"href":"https:\/\/hengxingmachinery.com\/es\/wp-json\/wp\/v2\/pages"}],"about":[{"href":"https:\/\/hengxingmachinery.com\/es\/wp-json\/wp\/v2\/types\/page"}],"author":[{"embeddable":true,"href":"https:\/\/hengxingmachinery.com\/es\/wp-json\/wp\/v2\/users\/1"}],"replies":[{"embeddable":true,"href":"https:\/\/hengxingmachinery.com\/es\/wp-json\/wp\/v2\/comments?post=2538"}],"version-history":[{"count":4,"href":"https:\/\/hengxingmachinery.com\/es\/wp-json\/wp\/v2\/pages\/2538\/revisions"}],"predecessor-version":[{"id":2585,"href":"https:\/\/hengxingmachinery.com\/es\/wp-json\/wp\/v2\/pages\/2538\/revisions\/2585"}],"wp:attachment":[{"href":"https:\/\/hengxingmachinery.com\/es\/wp-json\/wp\/v2\/media?parent=2538"}],"curies":[{"name":"wp","href":"https:\/\/api.w.org\/{rel}","templated":true}]}}