{"id":2544,"date":"2025-03-21T10:26:20","date_gmt":"2025-03-21T10:26:20","guid":{"rendered":"https:\/\/hengxingmachinery.com\/?page_id=2544"},"modified":"2025-03-21T10:26:21","modified_gmt":"2025-03-21T10:26:21","slug":"stone-crusher-plants","status":"publish","type":"page","link":"https:\/\/hengxingmachinery.com\/es\/stone-crusher-plants\/","title":{"rendered":"1-1. Planta trituradora de piedra"},"content":{"rendered":"<div class=\"gb-container gb-container-45165f5a\">\n<div class=\"gb-container gb-container-c2652eb4\">\n\n<h1 class=\"gb-headline gb-headline-62a8b2cc gb-headline-text\">Planta trituradora de piedra<\/h1>\n\n<\/div>\n<\/div>\n\n<div class=\"gb-container gb-container-519cf624\">\n<div class=\"gb-container gb-container-71ca071e\">\n<div class=\"gb-grid-wrapper gb-grid-wrapper-8a5f0688\">\n<div class=\"gb-grid-column gb-grid-column-1e99b1c2\"><div class=\"gb-container gb-container-1e99b1c2\">\n\n<figure class=\"gb-block-image gb-block-image-e4eaba54\"><img decoding=\"async\" width=\"665\" height=\"545\" class=\"gb-image gb-image-e4eaba54\" src=\"https:\/\/hengxingmachinery.com\/wp-content\/uploads\/2025\/03\/stone-crusher-plant-major-sale.jpg\" alt=\"\" title=\"planta-trituradora-de-piedra-venta-principal\" srcset=\"https:\/\/hengxingmachinery.com\/wp-content\/uploads\/2025\/03\/stone-crusher-plant-major-sale.jpg 665w, https:\/\/hengxingmachinery.com\/wp-content\/uploads\/2025\/03\/stone-crusher-plant-major-sale-300x246.jpg 300w, https:\/\/hengxingmachinery.com\/wp-content\/uploads\/2025\/03\/stone-crusher-plant-major-sale-15x12.jpg 15w\" sizes=\"(max-width: 665px) 100vw, 665px\" \/><\/figure>\n\n<\/div><\/div>\n\n<div class=\"gb-grid-column gb-grid-column-bcae065b\"><div class=\"gb-container gb-container-bcae065b\">\n\n<p>Podemos dise\u00f1ar plantas trituradoras de piedra de 10TPH, 30TPH, 50TPH, 100TPH, 200TPH, 300TPH, 500TPH, 800TPH, 1000TPH, plantas completas de trituraci\u00f3n de piedra para usted.<\/p>\n\n\n\n<p>Seg\u00fan el tama\u00f1o m\u00e1ximo de alimentaci\u00f3n, la trituradora puede manejar piedras de 130-1200mm, pero el tama\u00f1o de alimentaci\u00f3n est\u00e1 relacionado con la capacidad de producci\u00f3n y el costo; solo las trituradoras grandes tienen un tama\u00f1o de alimentaci\u00f3n grande, lo cual es costoso.<\/p>\n\n\n\n<p>Seg\u00fan el tama\u00f1o del producto final, nuestra m\u00e1quina puede producir 0-5mm, 5-10mm, 10-15mm, 15-20mm, 20-40mm, 40-80mm, o 3\/8\", 1\/2\", 1\/4\", 3\/4\", etc., dependiendo de sus necesidades.<\/p>\n\n\n\n<p>Seg\u00fan la dureza de la piedra, existen varios tipos de dise\u00f1o, por ejemplo: Trituradora de mand\u00edbula + trituradora de cono, Trituradora de mand\u00edbula + trituradora de impacto, Trituradora de mand\u00edbula + m\u00e1quina para fabricar arena, trituradora de mand\u00edbula + trituradora de martillo, trituradora de martillo + trituradora de impacto terciaria, etc.<\/p>\n\n\n<div class=\"gb-container gb-container-256e15f1\">\n\n<a class=\"gb-button gb-button-e8b73d89 gb-button-text\" href=\"#popmake-622\">Obtener presupuesto gratuito<\/a>\n\n<\/div>\n<\/div><\/div>\n<\/div>\n<\/div>\n<\/div>\n\n<div class=\"gb-container gb-container-3a930c38\">\n<div class=\"gb-container gb-container-8a36e90a\">\n\n<h2 class=\"gb-headline gb-headline-a5d3273c gb-headline-text\">Equipos principales de la planta trituradora de piedra:<\/h2>\n\n\n\n<figure class=\"gb-block-image gb-block-image-1c359176\"><img decoding=\"async\" width=\"800\" height=\"500\" class=\"gb-image gb-image-1c359176\" src=\"https:\/\/hengxingmachinery.com\/wp-content\/uploads\/2025\/03\/stone-crusher-plant-working.jpg\" alt=\"\" title=\"planta-trituradora-de-piedra-funcionamiento\" srcset=\"https:\/\/hengxingmachinery.com\/wp-content\/uploads\/2025\/03\/stone-crusher-plant-working.jpg 800w, https:\/\/hengxingmachinery.com\/wp-content\/uploads\/2025\/03\/stone-crusher-plant-working-300x188.jpg 300w, https:\/\/hengxingmachinery.com\/wp-content\/uploads\/2025\/03\/stone-crusher-plant-working-768x480.jpg 768w, https:\/\/hengxingmachinery.com\/wp-content\/uploads\/2025\/03\/stone-crusher-plant-working-18x12.jpg 18w\" sizes=\"(max-width: 800px) 100vw, 800px\" \/><\/figure>\n\n\n\n<p>1. Alimentador vibratorio: para alimentar la trituradora de mand\u00edbula de manera uniforme y suave.<\/p>\n\n\n\n<p>2. Trituradora de mand\u00edbula primaria, tritura piedras grandes en piedras m\u00e1s peque\u00f1as.<\/p>\n\n\n\n<p>3. Trituradora de impacto o trituradora de cono o trituradora de mand\u00edbula secundaria, para triturar las piedras de la trituradora primaria en gravas o arenas m\u00e1s peque\u00f1as.<\/p>\n\n\n\n<p>4. Criba vibratoria circular para clasificar las gravas en diferentes grupos.<\/p>\n\n\n\n<p>5. Transportadores de banda, para el transporte de materiales y conectar los equipos entre s\u00ed.<\/p>\n\n\n\n<p>6. Panel de control, para controlar los motores de los equipos.<\/p>\n\n\n\n<p>7. M\u00e1quina lavadora de arena, m\u00e1quina para fabricar arena y otras m\u00e1quinas pueden a\u00f1adirse a esta l\u00ednea para satisfacer los diversos requisitos de los clientes.<\/p>\n\n\n<div class=\"gb-container gb-container-96208927\">\n\n<a class=\"gb-button gb-button-429870c5 gb-button-text\" href=\"#popmake-622\">Obtener presupuesto gratuito<\/a>\n\n<\/div>\n<\/div>\n<\/div>","protected":false},"excerpt":{"rendered":"<p>Stone crusher plant Stone crusher plant main equipment : 1. Vibrating feeder: to feed the jaw crusher evenly and smoothly. 2. Primary jaw crusher, crush large stones to smaller one. 3. Impact crusher or cone crusher or secondary jaw crusher, to crush stones from primary crusher to smaller gravels or sand. 4. Circular Vibrating screen &#8230; <\/p>\n<p class=\"read-more-container\"><a title=\"1-1. Planta trituradora de piedra\" class=\"read-more button\" href=\"https:\/\/hengxingmachinery.com\/es\/stone-crusher-plants\/#more-2544\" aria-label=\"Leer m\u00e1s sobre 1-1. Stone crusher plant\">Leer m\u00e1s<\/a><\/p>","protected":false},"author":1,"featured_media":0,"parent":0,"menu_order":0,"comment_status":"closed","ping_status":"closed","template":"","meta":{"footnotes":""},"class_list":["post-2544","page","type-page","status-publish"],"yoast_head":"<!-- This site is optimized with the Yoast SEO plugin v27.4 - https:\/\/yoast.com\/product\/yoast-seo-wordpress\/ -->\n<title>1-1. Stone crusher plant - Hengxing Machinery<\/title>\n<meta name=\"robots\" content=\"index, follow, max-snippet:-1, max-image-preview:large, max-video-preview:-1\" \/>\n<link rel=\"canonical\" href=\"https:\/\/hengxingmachinery.com\/es\/stone-crusher-plants\/\" \/>\n<meta property=\"og:locale\" content=\"es_ES\" \/>\n<meta property=\"og:type\" content=\"article\" \/>\n<meta property=\"og:title\" content=\"1-1. Stone crusher plant - Hengxing Machinery\" \/>\n<meta property=\"og:description\" content=\"Stone crusher plant Stone crusher plant main equipment : 1. Vibrating feeder: to feed the jaw crusher evenly and smoothly. 2. Primary jaw crusher, crush large stones to smaller one. 3. Impact crusher or cone crusher or secondary jaw crusher, to crush stones from primary crusher to smaller gravels or sand. 4. Circular Vibrating screen ... Leer m\u00e1s\" \/>\n<meta property=\"og:url\" content=\"https:\/\/hengxingmachinery.com\/es\/stone-crusher-plants\/\" \/>\n<meta property=\"og:site_name\" content=\"Hengxing Machinery\" \/>\n<meta property=\"article:modified_time\" content=\"2025-03-21T10:26:21+00:00\" \/>\n<meta property=\"og:image\" content=\"https:\/\/hengxingmachinery.com\/wp-content\/uploads\/2025\/03\/stone-crusher-plant-major-sale.jpg\" \/>\n<meta name=\"twitter:card\" content=\"summary_large_image\" \/>\n<meta name=\"twitter:label1\" content=\"Tiempo de lectura\" \/>\n\t<meta name=\"twitter:data1\" content=\"2 minutos\" \/>\n<script type=\"application\/ld+json\" class=\"yoast-schema-graph\">{\"@context\":\"https:\\\/\\\/schema.org\",\"@graph\":[{\"@type\":\"WebPage\",\"@id\":\"https:\\\/\\\/hengxingmachinery.com\\\/stone-crusher-plants\\\/\",\"url\":\"https:\\\/\\\/hengxingmachinery.com\\\/stone-crusher-plants\\\/\",\"name\":\"1-1. Stone crusher plant - Hengxing Machinery\",\"isPartOf\":{\"@id\":\"https:\\\/\\\/hengxingmachinery.com\\\/#website\"},\"primaryImageOfPage\":{\"@id\":\"https:\\\/\\\/hengxingmachinery.com\\\/stone-crusher-plants\\\/#primaryimage\"},\"image\":{\"@id\":\"https:\\\/\\\/hengxingmachinery.com\\\/stone-crusher-plants\\\/#primaryimage\"},\"thumbnailUrl\":\"https:\\\/\\\/hengxingmachinery.com\\\/wp-content\\\/uploads\\\/2025\\\/03\\\/stone-crusher-plant-major-sale.jpg\",\"datePublished\":\"2025-03-21T10:26:20+00:00\",\"dateModified\":\"2025-03-21T10:26:21+00:00\",\"breadcrumb\":{\"@id\":\"https:\\\/\\\/hengxingmachinery.com\\\/stone-crusher-plants\\\/#breadcrumb\"},\"inLanguage\":\"es\",\"potentialAction\":[{\"@type\":\"ReadAction\",\"target\":[\"https:\\\/\\\/hengxingmachinery.com\\\/stone-crusher-plants\\\/\"]}]},{\"@type\":\"ImageObject\",\"inLanguage\":\"es\",\"@id\":\"https:\\\/\\\/hengxingmachinery.com\\\/stone-crusher-plants\\\/#primaryimage\",\"url\":\"https:\\\/\\\/hengxingmachinery.com\\\/wp-content\\\/uploads\\\/2025\\\/03\\\/stone-crusher-plant-major-sale.jpg\",\"contentUrl\":\"https:\\\/\\\/hengxingmachinery.com\\\/wp-content\\\/uploads\\\/2025\\\/03\\\/stone-crusher-plant-major-sale.jpg\"},{\"@type\":\"BreadcrumbList\",\"@id\":\"https:\\\/\\\/hengxingmachinery.com\\\/stone-crusher-plants\\\/#breadcrumb\",\"itemListElement\":[{\"@type\":\"ListItem\",\"position\":1,\"name\":\"Home\",\"item\":\"https:\\\/\\\/hengxingmachinery.com\\\/\"},{\"@type\":\"ListItem\",\"position\":2,\"name\":\"1-1. Stone crusher plant\"}]},{\"@type\":\"WebSite\",\"@id\":\"https:\\\/\\\/hengxingmachinery.com\\\/#website\",\"url\":\"https:\\\/\\\/hengxingmachinery.com\\\/\",\"name\":\"Hengxing Machinery\",\"description\":\"Leading Manufacturer of All Sorts of Mining Machinery\",\"publisher\":{\"@id\":\"https:\\\/\\\/hengxingmachinery.com\\\/#organization\"},\"potentialAction\":[{\"@type\":\"SearchAction\",\"target\":{\"@type\":\"EntryPoint\",\"urlTemplate\":\"https:\\\/\\\/hengxingmachinery.com\\\/?s={search_term_string}\"},\"query-input\":{\"@type\":\"PropertyValueSpecification\",\"valueRequired\":true,\"valueName\":\"search_term_string\"}}],\"inLanguage\":\"es\"},{\"@type\":\"Organization\",\"@id\":\"https:\\\/\\\/hengxingmachinery.com\\\/#organization\",\"name\":\"Hengxing Machinery\",\"url\":\"https:\\\/\\\/hengxingmachinery.com\\\/\",\"logo\":{\"@type\":\"ImageObject\",\"inLanguage\":\"es\",\"@id\":\"https:\\\/\\\/hengxingmachinery.com\\\/#\\\/schema\\\/logo\\\/image\\\/\",\"url\":\"https:\\\/\\\/hengxingmachinery.com\\\/wp-content\\\/uploads\\\/2024\\\/12\\\/logo.png\",\"contentUrl\":\"https:\\\/\\\/hengxingmachinery.com\\\/wp-content\\\/uploads\\\/2024\\\/12\\\/logo.png\",\"width\":400,\"height\":260,\"caption\":\"Hengxing Machinery\"},\"image\":{\"@id\":\"https:\\\/\\\/hengxingmachinery.com\\\/#\\\/schema\\\/logo\\\/image\\\/\"}}]}<\/script>\n<!-- \/ Yoast SEO plugin. -->","yoast_head_json":{"title":"1-1. Planta trituradora de piedra - Maquinaria Hengxing","robots":{"index":"index","follow":"follow","max-snippet":"max-snippet:-1","max-image-preview":"max-image-preview:large","max-video-preview":"max-video-preview:-1"},"canonical":"https:\/\/hengxingmachinery.com\/es\/stone-crusher-plants\/","og_locale":"es_ES","og_type":"article","og_title":"1-1. Stone crusher plant - Hengxing Machinery","og_description":"Stone crusher plant Stone crusher plant main equipment : 1. Vibrating feeder: to feed the jaw crusher evenly and smoothly. 2. Primary jaw crusher, crush large stones to smaller one. 3. Impact crusher or cone crusher or secondary jaw crusher, to crush stones from primary crusher to smaller gravels or sand. 4. Circular Vibrating screen ... Leer m\u00e1s","og_url":"https:\/\/hengxingmachinery.com\/es\/stone-crusher-plants\/","og_site_name":"Hengxing Machinery","article_modified_time":"2025-03-21T10:26:21+00:00","og_image":[{"url":"https:\/\/hengxingmachinery.com\/wp-content\/uploads\/2025\/03\/stone-crusher-plant-major-sale.jpg","type":"","width":"","height":""}],"twitter_card":"summary_large_image","twitter_misc":{"Tiempo de lectura":"2 minutos"},"schema":{"@context":"https:\/\/schema.org","@graph":[{"@type":"WebPage","@id":"https:\/\/hengxingmachinery.com\/stone-crusher-plants\/","url":"https:\/\/hengxingmachinery.com\/stone-crusher-plants\/","name":"1-1. Planta trituradora de piedra - Maquinaria Hengxing","isPartOf":{"@id":"https:\/\/hengxingmachinery.com\/#website"},"primaryImageOfPage":{"@id":"https:\/\/hengxingmachinery.com\/stone-crusher-plants\/#primaryimage"},"image":{"@id":"https:\/\/hengxingmachinery.com\/stone-crusher-plants\/#primaryimage"},"thumbnailUrl":"https:\/\/hengxingmachinery.com\/wp-content\/uploads\/2025\/03\/stone-crusher-plant-major-sale.jpg","datePublished":"2025-03-21T10:26:20+00:00","dateModified":"2025-03-21T10:26:21+00:00","breadcrumb":{"@id":"https:\/\/hengxingmachinery.com\/stone-crusher-plants\/#breadcrumb"},"inLanguage":"es","potentialAction":[{"@type":"ReadAction","target":["https:\/\/hengxingmachinery.com\/stone-crusher-plants\/"]}]},{"@type":"ImageObject","inLanguage":"es","@id":"https:\/\/hengxingmachinery.com\/stone-crusher-plants\/#primaryimage","url":"https:\/\/hengxingmachinery.com\/wp-content\/uploads\/2025\/03\/stone-crusher-plant-major-sale.jpg","contentUrl":"https:\/\/hengxingmachinery.com\/wp-content\/uploads\/2025\/03\/stone-crusher-plant-major-sale.jpg"},{"@type":"BreadcrumbList","@id":"https:\/\/hengxingmachinery.com\/stone-crusher-plants\/#breadcrumb","itemListElement":[{"@type":"ListItem","position":1,"name":"Home","item":"https:\/\/hengxingmachinery.com\/"},{"@type":"ListItem","position":2,"name":"1-1. Stone crusher plant"}]},{"@type":"WebSite","@id":"https:\/\/hengxingmachinery.com\/#website","url":"https:\/\/hengxingmachinery.com\/","name":"Maquinaria Hengxing","description":"Fabricante l\u00edder de todo tipo de maquinaria minera","publisher":{"@id":"https:\/\/hengxingmachinery.com\/#organization"},"potentialAction":[{"@type":"SearchAction","target":{"@type":"EntryPoint","urlTemplate":"https:\/\/hengxingmachinery.com\/?s={search_term_string}"},"query-input":{"@type":"PropertyValueSpecification","valueRequired":true,"valueName":"search_term_string"}}],"inLanguage":"es"},{"@type":"Organization","@id":"https:\/\/hengxingmachinery.com\/#organization","name":"Maquinaria Hengxing","url":"https:\/\/hengxingmachinery.com\/","logo":{"@type":"ImageObject","inLanguage":"es","@id":"https:\/\/hengxingmachinery.com\/#\/schema\/logo\/image\/","url":"https:\/\/hengxingmachinery.com\/wp-content\/uploads\/2024\/12\/logo.png","contentUrl":"https:\/\/hengxingmachinery.com\/wp-content\/uploads\/2024\/12\/logo.png","width":400,"height":260,"caption":"Hengxing Machinery"},"image":{"@id":"https:\/\/hengxingmachinery.com\/#\/schema\/logo\/image\/"}}]}},"_links":{"self":[{"href":"https:\/\/hengxingmachinery.com\/es\/wp-json\/wp\/v2\/pages\/2544","targetHints":{"allow":["GET"]}}],"collection":[{"href":"https:\/\/hengxingmachinery.com\/es\/wp-json\/wp\/v2\/pages"}],"about":[{"href":"https:\/\/hengxingmachinery.com\/es\/wp-json\/wp\/v2\/types\/page"}],"author":[{"embeddable":true,"href":"https:\/\/hengxingmachinery.com\/es\/wp-json\/wp\/v2\/users\/1"}],"replies":[{"embeddable":true,"href":"https:\/\/hengxingmachinery.com\/es\/wp-json\/wp\/v2\/comments?post=2544"}],"version-history":[{"count":2,"href":"https:\/\/hengxingmachinery.com\/es\/wp-json\/wp\/v2\/pages\/2544\/revisions"}],"predecessor-version":[{"id":2690,"href":"https:\/\/hengxingmachinery.com\/es\/wp-json\/wp\/v2\/pages\/2544\/revisions\/2690"}],"wp:attachment":[{"href":"https:\/\/hengxingmachinery.com\/es\/wp-json\/wp\/v2\/media?parent=2544"}],"curies":[{"name":"wp","href":"https:\/\/api.w.org\/{rel}","templated":true}]}}